{"id":4768,"date":"2022-02-20T15:46:58","date_gmt":"2022-02-20T15:46:58","guid":{"rendered":"https:\/\/medicinasinc.com\/cs\/?post_type=product&#038;p=4768"},"modified":"2022-03-14T12:51:31","modified_gmt":"2022-03-14T12:51:31","slug":"koupit-k2-kadidlo-sprej","status":"publish","type":"product","link":"https:\/\/medicinasinc.com\/cs\/product\/koupit-k2-kadidlo-sprej\/","title":{"rendered":"Kupte si vonn\u00fd sprej K2"},"content":{"rendered":"<p>Online n\u00e1kup vonn\u00e9ho spreje K2<\/p>\n<p>Krom\u011b toho prod\u00e1v\u00e1me pap\u00edr K2.<\/p>\n<p>K2 sprej lze zakoupit. Je bez z\u00e1pachu a barvy.<\/p>\n<p>25 ml vysta\u010d\u00ed na nast\u0159\u00edk\u00e1n\u00ed cel\u00e9ho listu pap\u00edru A4.<\/p>\n<p>P\u0159\u00edchu\u0165 a K2 jsou dva nejb\u011b\u017en\u011bj\u0161\u00ed n\u00e1zvy pro syntetickou marihuanu. Jsou vyrobeny ze su\u0161en\u00e9ho rostlinn\u00e9ho materi\u00e1lu, kter\u00fd byl napu\u0161t\u011bn um\u011bl\u00fdm kanabinoidem. Navr\u017een\u00e9 kanabinoidy jsou syntetick\u00e9 slou\u010deniny, kter\u00e9 p\u016fsob\u00ed na mozkov\u00e9 kanabinoidn\u00ed receptory stejn\u00fdm zp\u016fsobem jako Delta9-tetrahydrokanabinol (THC). Jedinci, kte\u0159\u00ed pou\u017e\u00edvaj\u00ed Spice, hl\u00e1s\u00ed, \u017ee za\u017e\u00edvaj\u00ed podobn\u00e9 pocity jako ty, kter\u00e9 jsou spojen\u00e9 s marihuanou. Marihuana je rostlina, kter\u00e1 obsahuje kanabinoidy, co\u017e jsou sm\u011bsi. P\u0159\u00edchu\u0165 a K2 jsou dva term\u00edny, kter\u00e9 odkazuj\u00ed na sb\u00edrku recept\u016f ozna\u010dovan\u00fdch jako navr\u017een\u00e9 (upraven\u00e9) kanabinoidy. Jsou vyrobeny ze su\u0161en\u00fdch rostlinn\u00fdch materi\u00e1l\u016f, kter\u00e9 byly post\u0159\u00edk\u00e1ny syntetick\u00fdmi chemik\u00e1liemi, kter\u00e9 m\u011bn\u00ed mysl. Analytici p\u016fvodn\u011b uspo\u0159\u00e1dali tyto vyroben\u00e9 l\u00e9ky, aby je mohli pou\u017e\u00edt p\u0159i zkoum\u00e1n\u00ed.<\/p>\n<p>K2 je nav\u00edc dostupn\u00fd v kapaln\u00e9 form\u011b, kter\u00e1 se v e-cigaret\u00e1ch rozkl\u00e1d\u00e1. Krom\u011b toho se ud\u00ed v d\u00fdmk\u00e1ch, jointech nebo se z n\u011bj vyr\u00e1b\u00ed \u010daj. K2 se pot\u00e9 nast\u0159\u00edk\u00e1 na rostliny, pap\u00edr a vl\u00e1kna v kapaln\u00e9m stavu. Zat\u00edmco \u00fa\u010dinky kou\u0159en\u00ed Spice mohou p\u0159ipom\u00ednat kou\u0159en\u00ed marihuany, hlavn\u00edm d\u016fvodem, pro\u010d lid\u00e9 kou\u0159\u00ed Spice, je to, \u017ee je skromn\u00e9 \u200b\u200ba vzhledem k tomu, jak je zn\u00e1mo, \u017ee je&#8230; Obvykle se tato l\u00e1tka prod\u00e1v\u00e1 jako rostlinn\u00e1 hmota. Bez ohledu na to, \u017ee prod\u00e1v\u00e1me v\u00fdjime\u010dnou p\u0159\u00edchu\u0165 k2, agreg\u00e1t na\u0161ich upraven\u00fdch sm\u011bs\u00ed spl\u0148uje v\u0161echny aktu\u00e1ln\u00ed p\u0159edpisy. Kupte si bylinn\u00e9 kadidlo online Rozbu\u010fte sv\u00e9 smysly siln\u00fdm bylinn\u00fdm kadidlem K2! Zat\u00edmco jin\u00ed prod\u00e1vaj\u00ed mrtv\u00e9 sm\u011bsi bez zosobn\u011bn\u00ed s\u00edly, kdy\u017e si od n\u00e1s koup\u00edte K2, na\u0161e kvalita mluv\u00ed sama za sebe! Prod\u00e1v\u00e1me v\u00fdjime\u010dn\u00e9 bylinn\u00e9 kadidlo a jsme mezi obchodn\u00edky s bylinkami jedine\u010dn\u00e9. Krom\u011b toho ozna\u010dovan\u00fd jako sprej K2, syntetick\u00e1 marihuana a syntetick\u00fd plevel, sprej k2 na prodej je um\u011ble vyroben\u00fd pouli\u010dn\u00ed uklid\u0148uj\u00edc\u00ed prost\u0159edek, kter\u00fd obsahuje um\u011bl\u00e9 l\u00e1tky nast\u0159\u00edkan\u00e9 na p\u0159\u00edchut\u011b. Na pap\u00ed\u0159e tekut\u00fd k2. Na webu si m\u016f\u017eete zakoupit K2 Spray a tekut\u00e9 kadidlo. Kupte si vysoce kvalitn\u00ed zingov\u00fd pap\u00edr K2 a nechte si ho doru\u010dit a\u017e k va\u0161im dve\u0159\u00edm. Jste na spr\u00e1vn\u00e9m m\u00edst\u011b, pokud hled\u00e1te nejlep\u0161\u00ed m\u00edstn\u00ed vonn\u00e9 kapaliny K2 a post\u0159iky E-Liquids na webu. V\u011bt\u0161inu K2 liquidu local angered prod\u00e1v\u00e1me za nejni\u017e\u0161\u00ed mo\u017en\u00e9 ceny, abychom vyhov\u011bli po\u017eadavk\u016fm v\u0161ech klient\u016f ve Spojen\u00fdch st\u00e1tech americk\u00fdch a po cel\u00e9m sv\u011bt\u011b. Dal\u0161\u00ed pozoruhodnou aplikac\u00ed je vytvo\u0159en\u00ed sprchy K2, kter\u00e1 bude obecn\u011b aplikov\u00e1na lok\u00e1ln\u011b. Je to naprosto nezbytn\u00e9. Vyr\u00e1b\u011bn\u00e9 kanabinoidy, b\u011b\u017en\u011b ozna\u010dovan\u00e9 jako \u201eFlavor\u201c nebo \u201eK2\u201c, se staly leg\u00e1ln\u00edmi ve Spojen\u00fdch st\u00e1tech na po\u010d\u00e1tku 21. stolet\u00ed. Origin\u00e1ln\u00ed ko\u0159en\u00edc\u00ed pap\u00edr K2. Prod\u00e1v\u00e1me nejlep\u0161\u00ed sm\u011bsov\u00fd pap\u00edr K2 dostupn\u00fd online. Koupit to okam\u017eit\u011b. Z \u010deho vznik\u00e1 marihuana (tak\u00e9 zn\u00e1m\u00e1 jako syntetick\u00e9 kanabinoidy, K2 nebo ko\u0159en\u00ed)? M\u00e1me nejlep\u0161\u00ed v\u00fdb\u011br m\u00edstn\u00edch vonn\u00fdch l\u00e1tek na webu.<\/p>\n","protected":false},"excerpt":{"rendered":"<div class=\"woocommerce-product-details__short-description\">\n<p>Kupte si vonn\u00fd sprej K2, vonn\u00fd sprej bez barvy a z\u00e1pachu. 25 ml sta\u010d\u00ed k nast\u0159\u00edk\u00e1n\u00ed cel\u00e9ho listu pap\u00edru A4. Krom\u011b toho prod\u00e1v\u00e1me pap\u00edr K2.<\/p>\n<p>K2 sprej na ko\u0159en\u00ed diablo amazon, sprej k2 velkoobchod, nejsiln\u011bj\u0161\u00ed sprej k2 na prodej, leg\u00e1ln\u00ed sprej s vysok\u00fdm k2 na prodej, sprej k2 na prodej online ve Velk\u00e9 Brit\u00e1nii, tekut\u00e9 kadidlo ve spreji, pap\u00edr k2 p\u0159\u00edsady, k2 list\u016f ko\u0159en\u00ed<\/p>\n<\/p><\/div>\n","protected":false},"featured_media":4783,"comment_status":"open","ping_status":"closed","template":"","meta":[],"product_brand":[],"product_cat":[690],"product_tag":[695,694,697,696,698,699,700,701],"class_list":{"0":"post-4768","1":"product","2":"type-product","3":"status-publish","4":"has-post-thumbnail","6":"product_cat-koupit-k2-papir","7":"product_tag-k2-koen-papr-listy","8":"product_tag-k2-papr-ingredience","9":"product_tag-k2-spray-for-sale-online-uk","10":"product_tag-k2-spice-spray-diablo-amazon","11":"product_tag-legal-high-spice-spray-for-sale","12":"product_tag-liquid-spray-incense","13":"product_tag-nejsilnj-k2-sprej-na-prodej","14":"product_tag-velkoobchod-k2-sprej","16":"first","17":"instock","18":"shipping-taxable","19":"purchasable","20":"product-type-variable","21":"has-default-attributes"},"yoast_head":"<!-- This site is optimized with the Yoast SEO plugin v27.3 - https:\/\/yoast.com\/product\/yoast-seo-wordpress\/ -->\n<title>Kupte si K2 vonn\u00fd sprej online \u2013 nejlep\u0161\u00ed nejlep\u0161\u00ed glob\u00e1ln\u00ed l\u00e9ky<\/title>\n<meta name=\"description\" content=\"Koupit K2 kadidlov\u00fd sprej, bez z\u00e1pachu a bezbarv\u00fd K2 sprej dostupn\u00fd na prodej. Na nast\u0159\u00edk\u00e1n\u00ed cel\u00e9ho listu pap\u00edru A4 pot\u0159ebujete 25 ml. Nab\u00edz\u00edme tak\u00e9 pap\u00edr K2 na prodej.\" \/>\n<meta name=\"robots\" content=\"index, follow, max-snippet:-1, max-image-preview:large, max-video-preview:-1\" \/>\n<link rel=\"canonical\" href=\"https:\/\/medicinasinc.com\/cs\/product\/koupit-k2-kadidlo-sprej\/\" \/>\n<meta property=\"og:locale\" content=\"en_US\" \/>\n<meta property=\"og:type\" content=\"article\" \/>\n<meta property=\"og:title\" content=\"Kupte si K2 vonn\u00fd sprej online \u2013 nejlep\u0161\u00ed nejlep\u0161\u00ed glob\u00e1ln\u00ed l\u00e9ky\" \/>\n<meta property=\"og:description\" content=\"Koupit K2 kadidlov\u00fd sprej, bez z\u00e1pachu a bezbarv\u00fd K2 sprej dostupn\u00fd na prodej. Na nast\u0159\u00edk\u00e1n\u00ed cel\u00e9ho listu pap\u00edru A4 pot\u0159ebujete 25 ml. Nab\u00edz\u00edme tak\u00e9 pap\u00edr K2 na prodej.\" \/>\n<meta property=\"og:url\" content=\"https:\/\/medicinasinc.com\/cs\/product\/koupit-k2-kadidlo-sprej\/\" \/>\n<meta property=\"og:site_name\" content=\"Medicinas Inc\" \/>\n<meta property=\"article:modified_time\" content=\"2022-03-14T12:51:31+00:00\" \/>\n<meta property=\"og:image\" content=\"https:\/\/medicinasinc.com\/cs\/wp-content\/uploads\/sites\/2\/2022\/02\/Buy-K2-Incense-Spray.png\" \/>\n\t<meta property=\"og:image:width\" content=\"873\" \/>\n\t<meta property=\"og:image:height\" content=\"433\" \/>\n\t<meta property=\"og:image:type\" content=\"image\/png\" \/>\n<meta name=\"twitter:card\" content=\"summary_large_image\" \/>\n<meta name=\"twitter:label1\" content=\"Est. reading time\" \/>\n\t<meta name=\"twitter:data1\" content=\"3 minutes\" \/>\n<script type=\"application\/ld+json\" class=\"yoast-schema-graph\">{\"@context\":\"https:\\\/\\\/schema.org\",\"@graph\":[{\"@type\":\"WebPage\",\"@id\":\"https:\\\/\\\/medicinasinc.com\\\/cs\\\/product\\\/koupit-k2-kadidlo-sprej\\\/\",\"url\":\"https:\\\/\\\/medicinasinc.com\\\/cs\\\/product\\\/koupit-k2-kadidlo-sprej\\\/\",\"name\":\"Kupte si K2 vonn\u00fd sprej online \u2013 nejlep\u0161\u00ed nejlep\u0161\u00ed glob\u00e1ln\u00ed l\u00e9ky\",\"isPartOf\":{\"@id\":\"https:\\\/\\\/medicinasinc.com\\\/cs\\\/#website\"},\"primaryImageOfPage\":{\"@id\":\"https:\\\/\\\/medicinasinc.com\\\/cs\\\/product\\\/koupit-k2-kadidlo-sprej\\\/#primaryimage\"},\"image\":{\"@id\":\"https:\\\/\\\/medicinasinc.com\\\/cs\\\/product\\\/koupit-k2-kadidlo-sprej\\\/#primaryimage\"},\"thumbnailUrl\":\"https:\\\/\\\/medicinasinc.com\\\/cs\\\/wp-content\\\/uploads\\\/sites\\\/2\\\/2022\\\/02\\\/Buy-K2-Incense-Spray.png\",\"datePublished\":\"2022-02-20T15:46:58+00:00\",\"dateModified\":\"2022-03-14T12:51:31+00:00\",\"description\":\"Koupit K2 kadidlov\u00fd sprej, bez z\u00e1pachu a bezbarv\u00fd K2 sprej dostupn\u00fd na prodej. Na nast\u0159\u00edk\u00e1n\u00ed cel\u00e9ho listu pap\u00edru A4 pot\u0159ebujete 25 ml. Nab\u00edz\u00edme tak\u00e9 pap\u00edr K2 na prodej.\",\"breadcrumb\":{\"@id\":\"https:\\\/\\\/medicinasinc.com\\\/cs\\\/product\\\/koupit-k2-kadidlo-sprej\\\/#breadcrumb\"},\"inLanguage\":\"en-US\",\"potentialAction\":[{\"@type\":\"ReadAction\",\"target\":[\"https:\\\/\\\/medicinasinc.com\\\/cs\\\/product\\\/koupit-k2-kadidlo-sprej\\\/\"]}]},{\"@type\":\"ImageObject\",\"inLanguage\":\"en-US\",\"@id\":\"https:\\\/\\\/medicinasinc.com\\\/cs\\\/product\\\/koupit-k2-kadidlo-sprej\\\/#primaryimage\",\"url\":\"https:\\\/\\\/medicinasinc.com\\\/cs\\\/wp-content\\\/uploads\\\/sites\\\/2\\\/2022\\\/02\\\/Buy-K2-Incense-Spray.png\",\"contentUrl\":\"https:\\\/\\\/medicinasinc.com\\\/cs\\\/wp-content\\\/uploads\\\/sites\\\/2\\\/2022\\\/02\\\/Buy-K2-Incense-Spray.png\",\"width\":873,\"height\":433},{\"@type\":\"BreadcrumbList\",\"@id\":\"https:\\\/\\\/medicinasinc.com\\\/cs\\\/product\\\/koupit-k2-kadidlo-sprej\\\/#breadcrumb\",\"itemListElement\":[{\"@type\":\"ListItem\",\"position\":1,\"name\":\"Obchod\",\"item\":\"https:\\\/\\\/medicinasinc.com\\\/cs\\\/obchod\\\/\"},{\"@type\":\"ListItem\",\"position\":2,\"name\":\"Kupte si vonn\u00fd sprej K2\"}]},{\"@type\":\"WebSite\",\"@id\":\"https:\\\/\\\/medicinasinc.com\\\/cs\\\/#website\",\"url\":\"https:\\\/\\\/medicinasinc.com\\\/cs\\\/\",\"name\":\"Medicinas Inc\",\"description\":\"Health Medical Clinic\",\"potentialAction\":[{\"@type\":\"SearchAction\",\"target\":{\"@type\":\"EntryPoint\",\"urlTemplate\":\"https:\\\/\\\/medicinasinc.com\\\/cs\\\/?s={search_term_string}\"},\"query-input\":{\"@type\":\"PropertyValueSpecification\",\"valueRequired\":true,\"valueName\":\"search_term_string\"}}],\"inLanguage\":\"en-US\"}]}<\/script>\n<!-- \/ Yoast SEO plugin. -->","yoast_head_json":{"title":"Kupte si K2 vonn\u00fd sprej online \u2013 nejlep\u0161\u00ed nejlep\u0161\u00ed glob\u00e1ln\u00ed l\u00e9ky","description":"Koupit K2 kadidlov\u00fd sprej, bez z\u00e1pachu a bezbarv\u00fd K2 sprej dostupn\u00fd na prodej. Na nast\u0159\u00edk\u00e1n\u00ed cel\u00e9ho listu pap\u00edru A4 pot\u0159ebujete 25 ml. Nab\u00edz\u00edme tak\u00e9 pap\u00edr K2 na prodej.","robots":{"index":"index","follow":"follow","max-snippet":"max-snippet:-1","max-image-preview":"max-image-preview:large","max-video-preview":"max-video-preview:-1"},"canonical":"https:\/\/medicinasinc.com\/cs\/product\/koupit-k2-kadidlo-sprej\/","og_locale":"en_US","og_type":"article","og_title":"Kupte si K2 vonn\u00fd sprej online \u2013 nejlep\u0161\u00ed nejlep\u0161\u00ed glob\u00e1ln\u00ed l\u00e9ky","og_description":"Koupit K2 kadidlov\u00fd sprej, bez z\u00e1pachu a bezbarv\u00fd K2 sprej dostupn\u00fd na prodej. Na nast\u0159\u00edk\u00e1n\u00ed cel\u00e9ho listu pap\u00edru A4 pot\u0159ebujete 25 ml. Nab\u00edz\u00edme tak\u00e9 pap\u00edr K2 na prodej.","og_url":"https:\/\/medicinasinc.com\/cs\/product\/koupit-k2-kadidlo-sprej\/","og_site_name":"Medicinas Inc","article_modified_time":"2022-03-14T12:51:31+00:00","og_image":[{"width":873,"height":433,"url":"https:\/\/medicinasinc.com\/cs\/wp-content\/uploads\/sites\/2\/2022\/02\/Buy-K2-Incense-Spray.png","type":"image\/png"}],"twitter_card":"summary_large_image","twitter_misc":{"Est. reading time":"3 minutes"},"schema":{"@context":"https:\/\/schema.org","@graph":[{"@type":"WebPage","@id":"https:\/\/medicinasinc.com\/cs\/product\/koupit-k2-kadidlo-sprej\/","url":"https:\/\/medicinasinc.com\/cs\/product\/koupit-k2-kadidlo-sprej\/","name":"Kupte si K2 vonn\u00fd sprej online \u2013 nejlep\u0161\u00ed nejlep\u0161\u00ed glob\u00e1ln\u00ed l\u00e9ky","isPartOf":{"@id":"https:\/\/medicinasinc.com\/cs\/#website"},"primaryImageOfPage":{"@id":"https:\/\/medicinasinc.com\/cs\/product\/koupit-k2-kadidlo-sprej\/#primaryimage"},"image":{"@id":"https:\/\/medicinasinc.com\/cs\/product\/koupit-k2-kadidlo-sprej\/#primaryimage"},"thumbnailUrl":"https:\/\/medicinasinc.com\/cs\/wp-content\/uploads\/sites\/2\/2022\/02\/Buy-K2-Incense-Spray.png","datePublished":"2022-02-20T15:46:58+00:00","dateModified":"2022-03-14T12:51:31+00:00","description":"Koupit K2 kadidlov\u00fd sprej, bez z\u00e1pachu a bezbarv\u00fd K2 sprej dostupn\u00fd na prodej. Na nast\u0159\u00edk\u00e1n\u00ed cel\u00e9ho listu pap\u00edru A4 pot\u0159ebujete 25 ml. Nab\u00edz\u00edme tak\u00e9 pap\u00edr K2 na prodej.","breadcrumb":{"@id":"https:\/\/medicinasinc.com\/cs\/product\/koupit-k2-kadidlo-sprej\/#breadcrumb"},"inLanguage":"en-US","potentialAction":[{"@type":"ReadAction","target":["https:\/\/medicinasinc.com\/cs\/product\/koupit-k2-kadidlo-sprej\/"]}]},{"@type":"ImageObject","inLanguage":"en-US","@id":"https:\/\/medicinasinc.com\/cs\/product\/koupit-k2-kadidlo-sprej\/#primaryimage","url":"https:\/\/medicinasinc.com\/cs\/wp-content\/uploads\/sites\/2\/2022\/02\/Buy-K2-Incense-Spray.png","contentUrl":"https:\/\/medicinasinc.com\/cs\/wp-content\/uploads\/sites\/2\/2022\/02\/Buy-K2-Incense-Spray.png","width":873,"height":433},{"@type":"BreadcrumbList","@id":"https:\/\/medicinasinc.com\/cs\/product\/koupit-k2-kadidlo-sprej\/#breadcrumb","itemListElement":[{"@type":"ListItem","position":1,"name":"Obchod","item":"https:\/\/medicinasinc.com\/cs\/obchod\/"},{"@type":"ListItem","position":2,"name":"Kupte si vonn\u00fd sprej K2"}]},{"@type":"WebSite","@id":"https:\/\/medicinasinc.com\/cs\/#website","url":"https:\/\/medicinasinc.com\/cs\/","name":"Medicinas Inc","description":"Health Medical Clinic","potentialAction":[{"@type":"SearchAction","target":{"@type":"EntryPoint","urlTemplate":"https:\/\/medicinasinc.com\/cs\/?s={search_term_string}"},"query-input":{"@type":"PropertyValueSpecification","valueRequired":true,"valueName":"search_term_string"}}],"inLanguage":"en-US"}]}},"_links":{"self":[{"href":"https:\/\/medicinasinc.com\/cs\/wp-json\/wp\/v2\/product\/4768","targetHints":{"allow":["GET"]}}],"collection":[{"href":"https:\/\/medicinasinc.com\/cs\/wp-json\/wp\/v2\/product"}],"about":[{"href":"https:\/\/medicinasinc.com\/cs\/wp-json\/wp\/v2\/types\/product"}],"replies":[{"embeddable":true,"href":"https:\/\/medicinasinc.com\/cs\/wp-json\/wp\/v2\/comments?post=4768"}],"wp:featuredmedia":[{"embeddable":true,"href":"https:\/\/medicinasinc.com\/cs\/wp-json\/wp\/v2\/media\/4783"}],"wp:attachment":[{"href":"https:\/\/medicinasinc.com\/cs\/wp-json\/wp\/v2\/media?parent=4768"}],"wp:term":[{"taxonomy":"product_brand","embeddable":true,"href":"https:\/\/medicinasinc.com\/cs\/wp-json\/wp\/v2\/product_brand?post=4768"},{"taxonomy":"product_cat","embeddable":true,"href":"https:\/\/medicinasinc.com\/cs\/wp-json\/wp\/v2\/product_cat?post=4768"},{"taxonomy":"product_tag","embeddable":true,"href":"https:\/\/medicinasinc.com\/cs\/wp-json\/wp\/v2\/product_tag?post=4768"}],"curies":[{"name":"wp","href":"https:\/\/api.w.org\/{rel}","templated":true}]}}