{"id":4767,"date":"2022-02-20T15:46:01","date_gmt":"2022-02-20T15:46:01","guid":{"rendered":"https:\/\/medicinasinc.com\/cs\/?post_type=product&#038;p=4767"},"modified":"2022-03-14T12:51:47","modified_gmt":"2022-03-14T12:51:47","slug":"koupit-k2-papir","status":"publish","type":"product","link":"https:\/\/medicinasinc.com\/cs\/product\/koupit-k2-papir\/","title":{"rendered":"Kupte si pap\u00edr K2"},"content":{"rendered":"<p>Nechte si levn\u00e9 listy pap\u00edru K2 doru\u010dit p\u0159\u00edmo k va\u0161im dve\u0159\u00edm.<\/p>\n<p>Syntetick\u00e1 marihuana si rychle z\u00edsk\u00e1v\u00e1 oblibu mezi konzumenty marihuany. K2 infuzn\u00ed pap\u00edr je sm\u011bs\u00ed drcen\u00fdch rostlinn\u00fdch materi\u00e1l\u016f a syntetick\u00fdch chemik\u00e1li\u00ed s psychedelick\u00fdmi vlastnostmi. Podle v\u00fdzkumu se chemik\u00e1lie v\u00e1\u017eou na stejn\u00e9 receptory nervov\u00fdch bun\u011bk v mozku jako THC, \u010d\u00edm\u017e vyvol\u00e1vaj\u00ed pocity pohody, relaxace, zm\u011bn\u011bn\u00e9ho vn\u00edm\u00e1n\u00ed a psych\u00f3zy. Pokud hled\u00e1te renomovan\u00fd internetov\u00fd obchod pro n\u00e1kup kvalitn\u00edho produktu, nehledejte d\u00e1le ne\u017e n\u00e1\u0161 renomovan\u00fd internetov\u00fd obchod. Abychom zajistili bezpe\u010dnost na\u0161ich z\u00e1kazn\u00edk\u016f, odeb\u00edr\u00e1me na\u0161e z\u00e1soby od renomovan\u00fdch v\u00fdrobc\u016f. Vyzkou\u0161ejte n\u00e1s; garantujeme, \u017ee nebudete zklam\u00e1ni.<\/p>\n<p>Kanabinoidy jsou chemick\u00e9 slou\u010deniny p\u0159irozen\u011b se vyskytuj\u00edc\u00ed v rostlin\u00e1ch marihuany a slou\u017e\u00ed jako z\u00e1klad pro r\u016fzn\u00e9 syntetick\u00e9 drogy. Chemicky je syntetick\u00fd plevelov\u00fd pap\u00edr K2 p\u0159\u00edbuzn\u00fd aktivn\u00ed slo\u017ece marihuany. \u00da\u010dinky jsou intenzivn\u011bj\u0161\u00ed a na konci sezen\u00ed se \u010dlov\u011bk m\u016f\u017ee c\u00edtit uvoln\u011bn\u011b a povznesen\u011b. Jak si st\u00e1le v\u00edce lid\u00ed uv\u011bdomuje skute\u010dn\u00e9 v\u00fdhody marihuany, tento produkt se pou\u017e\u00edv\u00e1 jako bezpe\u010dn\u00e1 alternativa pro r\u016fzn\u00e9 l\u00e9ka\u0159sk\u00e9 a rekrea\u010dn\u00ed \u00fa\u010dely. M\u011bli byste v\u0161ak b\u00fdt opatrn\u00ed, proto\u017ee nadm\u011brn\u00e1 konzumace m\u016f\u017ee m\u00edt za n\u00e1sledek ne\u017e\u00e1douc\u00ed vedlej\u0161\u00ed \u00fa\u010dinky, jako je \u00fazkost, halucinace, hypertenze, bolest na hrudi, du\u0161nost, z\u00e1chvaty a zvracen\u00ed. N\u011bkter\u00e9 produkty ko\u0159en\u00ed K2 na trhu mohou tak\u00e9 obsahovat toxick\u00e9 p\u0159\u00edsady. V d\u016fsledku toho je d\u016fle\u017eit\u00e9 nakupovat od renomovan\u00e9ho prodejce.<\/p>\n<p>Chcete koupit bylinn\u00e9 produkty t\u00e9 nejvy\u0161\u0161\u00ed kvality? S glob\u00e1ln\u00ed z\u00e1kaznickou z\u00e1kladnou v\u00e1m poskytujeme vynikaj\u00edc\u00ed p\u0159\u00edle\u017eitost k n\u00e1kupu pap\u00edru K2 online za konkurenceschopn\u00e9 ceny. Spolu s nejv\u011bt\u0161\u00edm v\u00fdb\u011brem nab\u00edz\u00edme bezpe\u010dn\u00e9 zp\u016fsoby platby a diskr\u00e9tn\u00ed dopravu. Nemus\u00edte nav\u0161t\u011bvovat bl\u00edzk\u00e9 obchody nebo odpo\u010d\u00edvadla. C\u00edlem spole\u010dnosti je neust\u00e1le zlep\u0161ovat kvalitu produkt\u016f a z\u00e1kaznick\u00fdch slu\u017eeb, aby si udr\u017eela n\u00e1skok p\u0159ed konkurenc\u00ed. Na\u0161\u00ed prioritou je va\u0161e spokojenost a m\u00e1me k dispozici zku\u0161en\u00fd t\u00fdm, kter\u00fd si porad\u00ed s jak\u00fdmkoliv z\u00e1drhelem. Pokud m\u00e1te n\u011bjak\u00e9 dotazy nebo obavy, nev\u00e1hejte n\u00e1s kontaktovat.<\/p>\n","protected":false},"excerpt":{"rendered":"<div class=\"woocommerce-product-details__short-description\">\n<p>Ka\u017ed\u00fd list A4 je napu\u0161t\u011bn\u00a0<em><strong>25 ml=0,845351 tekut\u00e9ho oz<\/strong><\/em>\u00a0 tekut\u00e9ho K2. <strong>Bezbarv\u00fd a bez z\u00e1pachu<\/strong>\u00a0pap\u00edr K2 na prodej. <strong>M\u00e1me tak\u00e9 K2 Spray na prodej<\/strong><\/p>\n<\/p><\/div>\n","protected":false},"featured_media":4781,"comment_status":"open","ping_status":"closed","template":"","meta":[],"product_brand":[],"product_cat":[690],"product_tag":[691,692,693],"class_list":{"0":"post-4767","1":"product","2":"type-product","3":"status-publish","4":"has-post-thumbnail","6":"product_cat-koupit-k2-papir","7":"product_tag-buy-k2-paper-online-uk","8":"product_tag-buy-k2-paper","9":"product_tag-buy-k2-paper-sheet","11":"first","12":"instock","13":"shipping-taxable","14":"purchasable","15":"product-type-variable","16":"has-default-attributes"},"yoast_head":"<!-- This site is optimized with the Yoast SEO plugin v27.3 - https:\/\/yoast.com\/product\/yoast-seo-wordpress\/ -->\n<title>Koupit pap\u00edr K2 online \u2013 Nejlep\u0161\u00ed nejlep\u0161\u00ed glob\u00e1ln\u00ed l\u00e9ky<\/title>\n<meta name=\"description\" content=\"Kupte si pap\u00edr K2 online za n\u00edzk\u00e9 ceny Ka\u017ed\u00fd list A4 je napln\u011bn 25 ml = 0,845351 tekut\u00e9ho oz tekut\u00e9ho K2. Prod\u00e1m pap\u00edr K2 bez z\u00e1pachu a barvy. D\u00e1le m\u00e1me na prodej K2 Spray\" \/>\n<meta name=\"robots\" content=\"index, follow, max-snippet:-1, max-image-preview:large, max-video-preview:-1\" \/>\n<link rel=\"canonical\" href=\"https:\/\/medicinasinc.com\/cs\/product\/koupit-k2-papir\/\" \/>\n<meta property=\"og:locale\" content=\"en_US\" \/>\n<meta property=\"og:type\" content=\"article\" \/>\n<meta property=\"og:title\" content=\"Koupit pap\u00edr K2 online \u2013 Nejlep\u0161\u00ed nejlep\u0161\u00ed glob\u00e1ln\u00ed l\u00e9ky\" \/>\n<meta property=\"og:description\" content=\"Kupte si pap\u00edr K2 online za n\u00edzk\u00e9 ceny Ka\u017ed\u00fd list A4 je napln\u011bn 25 ml = 0,845351 tekut\u00e9ho oz tekut\u00e9ho K2. Prod\u00e1m pap\u00edr K2 bez z\u00e1pachu a barvy. D\u00e1le m\u00e1me na prodej K2 Spray\" \/>\n<meta property=\"og:url\" content=\"https:\/\/medicinasinc.com\/cs\/product\/koupit-k2-papir\/\" \/>\n<meta property=\"og:site_name\" content=\"Medicinas Inc\" \/>\n<meta property=\"article:modified_time\" content=\"2022-03-14T12:51:47+00:00\" \/>\n<meta property=\"og:image\" content=\"https:\/\/medicinasinc.com\/cs\/wp-content\/uploads\/sites\/2\/2022\/02\/Buy-K2-paper-online.jpg\" \/>\n\t<meta property=\"og:image:width\" content=\"600\" \/>\n\t<meta property=\"og:image:height\" content=\"600\" \/>\n\t<meta property=\"og:image:type\" content=\"image\/jpeg\" \/>\n<meta name=\"twitter:card\" content=\"summary_large_image\" \/>\n<meta name=\"twitter:label1\" content=\"Est. reading time\" \/>\n\t<meta name=\"twitter:data1\" content=\"2 minutes\" \/>\n<script type=\"application\/ld+json\" class=\"yoast-schema-graph\">{\"@context\":\"https:\\\/\\\/schema.org\",\"@graph\":[{\"@type\":\"WebPage\",\"@id\":\"https:\\\/\\\/medicinasinc.com\\\/cs\\\/product\\\/koupit-k2-papir\\\/\",\"url\":\"https:\\\/\\\/medicinasinc.com\\\/cs\\\/product\\\/koupit-k2-papir\\\/\",\"name\":\"Koupit pap\u00edr K2 online \u2013 Nejlep\u0161\u00ed nejlep\u0161\u00ed glob\u00e1ln\u00ed l\u00e9ky\",\"isPartOf\":{\"@id\":\"https:\\\/\\\/medicinasinc.com\\\/cs\\\/#website\"},\"primaryImageOfPage\":{\"@id\":\"https:\\\/\\\/medicinasinc.com\\\/cs\\\/product\\\/koupit-k2-papir\\\/#primaryimage\"},\"image\":{\"@id\":\"https:\\\/\\\/medicinasinc.com\\\/cs\\\/product\\\/koupit-k2-papir\\\/#primaryimage\"},\"thumbnailUrl\":\"https:\\\/\\\/medicinasinc.com\\\/cs\\\/wp-content\\\/uploads\\\/sites\\\/2\\\/2022\\\/02\\\/Buy-K2-paper-online.jpg\",\"datePublished\":\"2022-02-20T15:46:01+00:00\",\"dateModified\":\"2022-03-14T12:51:47+00:00\",\"description\":\"Kupte si pap\u00edr K2 online za n\u00edzk\u00e9 ceny Ka\u017ed\u00fd list A4 je napln\u011bn 25 ml = 0,845351 tekut\u00e9ho oz tekut\u00e9ho K2. Prod\u00e1m pap\u00edr K2 bez z\u00e1pachu a barvy. D\u00e1le m\u00e1me na prodej K2 Spray\",\"breadcrumb\":{\"@id\":\"https:\\\/\\\/medicinasinc.com\\\/cs\\\/product\\\/koupit-k2-papir\\\/#breadcrumb\"},\"inLanguage\":\"en-US\",\"potentialAction\":[{\"@type\":\"ReadAction\",\"target\":[\"https:\\\/\\\/medicinasinc.com\\\/cs\\\/product\\\/koupit-k2-papir\\\/\"]}]},{\"@type\":\"ImageObject\",\"inLanguage\":\"en-US\",\"@id\":\"https:\\\/\\\/medicinasinc.com\\\/cs\\\/product\\\/koupit-k2-papir\\\/#primaryimage\",\"url\":\"https:\\\/\\\/medicinasinc.com\\\/cs\\\/wp-content\\\/uploads\\\/sites\\\/2\\\/2022\\\/02\\\/Buy-K2-paper-online.jpg\",\"contentUrl\":\"https:\\\/\\\/medicinasinc.com\\\/cs\\\/wp-content\\\/uploads\\\/sites\\\/2\\\/2022\\\/02\\\/Buy-K2-paper-online.jpg\",\"width\":600,\"height\":600},{\"@type\":\"BreadcrumbList\",\"@id\":\"https:\\\/\\\/medicinasinc.com\\\/cs\\\/product\\\/koupit-k2-papir\\\/#breadcrumb\",\"itemListElement\":[{\"@type\":\"ListItem\",\"position\":1,\"name\":\"Obchod\",\"item\":\"https:\\\/\\\/medicinasinc.com\\\/cs\\\/obchod\\\/\"},{\"@type\":\"ListItem\",\"position\":2,\"name\":\"Kupte si pap\u00edr K2\"}]},{\"@type\":\"WebSite\",\"@id\":\"https:\\\/\\\/medicinasinc.com\\\/cs\\\/#website\",\"url\":\"https:\\\/\\\/medicinasinc.com\\\/cs\\\/\",\"name\":\"Medicinas Inc\",\"description\":\"Health Medical Clinic\",\"potentialAction\":[{\"@type\":\"SearchAction\",\"target\":{\"@type\":\"EntryPoint\",\"urlTemplate\":\"https:\\\/\\\/medicinasinc.com\\\/cs\\\/?s={search_term_string}\"},\"query-input\":{\"@type\":\"PropertyValueSpecification\",\"valueRequired\":true,\"valueName\":\"search_term_string\"}}],\"inLanguage\":\"en-US\"}]}<\/script>\n<!-- \/ Yoast SEO plugin. -->","yoast_head_json":{"title":"Koupit pap\u00edr K2 online \u2013 Nejlep\u0161\u00ed nejlep\u0161\u00ed glob\u00e1ln\u00ed l\u00e9ky","description":"Kupte si pap\u00edr K2 online za n\u00edzk\u00e9 ceny Ka\u017ed\u00fd list A4 je napln\u011bn 25 ml = 0,845351 tekut\u00e9ho oz tekut\u00e9ho K2. Prod\u00e1m pap\u00edr K2 bez z\u00e1pachu a barvy. D\u00e1le m\u00e1me na prodej K2 Spray","robots":{"index":"index","follow":"follow","max-snippet":"max-snippet:-1","max-image-preview":"max-image-preview:large","max-video-preview":"max-video-preview:-1"},"canonical":"https:\/\/medicinasinc.com\/cs\/product\/koupit-k2-papir\/","og_locale":"en_US","og_type":"article","og_title":"Koupit pap\u00edr K2 online \u2013 Nejlep\u0161\u00ed nejlep\u0161\u00ed glob\u00e1ln\u00ed l\u00e9ky","og_description":"Kupte si pap\u00edr K2 online za n\u00edzk\u00e9 ceny Ka\u017ed\u00fd list A4 je napln\u011bn 25 ml = 0,845351 tekut\u00e9ho oz tekut\u00e9ho K2. Prod\u00e1m pap\u00edr K2 bez z\u00e1pachu a barvy. D\u00e1le m\u00e1me na prodej K2 Spray","og_url":"https:\/\/medicinasinc.com\/cs\/product\/koupit-k2-papir\/","og_site_name":"Medicinas Inc","article_modified_time":"2022-03-14T12:51:47+00:00","og_image":[{"width":600,"height":600,"url":"https:\/\/medicinasinc.com\/cs\/wp-content\/uploads\/sites\/2\/2022\/02\/Buy-K2-paper-online.jpg","type":"image\/jpeg"}],"twitter_card":"summary_large_image","twitter_misc":{"Est. reading time":"2 minutes"},"schema":{"@context":"https:\/\/schema.org","@graph":[{"@type":"WebPage","@id":"https:\/\/medicinasinc.com\/cs\/product\/koupit-k2-papir\/","url":"https:\/\/medicinasinc.com\/cs\/product\/koupit-k2-papir\/","name":"Koupit pap\u00edr K2 online \u2013 Nejlep\u0161\u00ed nejlep\u0161\u00ed glob\u00e1ln\u00ed l\u00e9ky","isPartOf":{"@id":"https:\/\/medicinasinc.com\/cs\/#website"},"primaryImageOfPage":{"@id":"https:\/\/medicinasinc.com\/cs\/product\/koupit-k2-papir\/#primaryimage"},"image":{"@id":"https:\/\/medicinasinc.com\/cs\/product\/koupit-k2-papir\/#primaryimage"},"thumbnailUrl":"https:\/\/medicinasinc.com\/cs\/wp-content\/uploads\/sites\/2\/2022\/02\/Buy-K2-paper-online.jpg","datePublished":"2022-02-20T15:46:01+00:00","dateModified":"2022-03-14T12:51:47+00:00","description":"Kupte si pap\u00edr K2 online za n\u00edzk\u00e9 ceny Ka\u017ed\u00fd list A4 je napln\u011bn 25 ml = 0,845351 tekut\u00e9ho oz tekut\u00e9ho K2. Prod\u00e1m pap\u00edr K2 bez z\u00e1pachu a barvy. D\u00e1le m\u00e1me na prodej K2 Spray","breadcrumb":{"@id":"https:\/\/medicinasinc.com\/cs\/product\/koupit-k2-papir\/#breadcrumb"},"inLanguage":"en-US","potentialAction":[{"@type":"ReadAction","target":["https:\/\/medicinasinc.com\/cs\/product\/koupit-k2-papir\/"]}]},{"@type":"ImageObject","inLanguage":"en-US","@id":"https:\/\/medicinasinc.com\/cs\/product\/koupit-k2-papir\/#primaryimage","url":"https:\/\/medicinasinc.com\/cs\/wp-content\/uploads\/sites\/2\/2022\/02\/Buy-K2-paper-online.jpg","contentUrl":"https:\/\/medicinasinc.com\/cs\/wp-content\/uploads\/sites\/2\/2022\/02\/Buy-K2-paper-online.jpg","width":600,"height":600},{"@type":"BreadcrumbList","@id":"https:\/\/medicinasinc.com\/cs\/product\/koupit-k2-papir\/#breadcrumb","itemListElement":[{"@type":"ListItem","position":1,"name":"Obchod","item":"https:\/\/medicinasinc.com\/cs\/obchod\/"},{"@type":"ListItem","position":2,"name":"Kupte si pap\u00edr K2"}]},{"@type":"WebSite","@id":"https:\/\/medicinasinc.com\/cs\/#website","url":"https:\/\/medicinasinc.com\/cs\/","name":"Medicinas Inc","description":"Health Medical Clinic","potentialAction":[{"@type":"SearchAction","target":{"@type":"EntryPoint","urlTemplate":"https:\/\/medicinasinc.com\/cs\/?s={search_term_string}"},"query-input":{"@type":"PropertyValueSpecification","valueRequired":true,"valueName":"search_term_string"}}],"inLanguage":"en-US"}]}},"_links":{"self":[{"href":"https:\/\/medicinasinc.com\/cs\/wp-json\/wp\/v2\/product\/4767","targetHints":{"allow":["GET"]}}],"collection":[{"href":"https:\/\/medicinasinc.com\/cs\/wp-json\/wp\/v2\/product"}],"about":[{"href":"https:\/\/medicinasinc.com\/cs\/wp-json\/wp\/v2\/types\/product"}],"replies":[{"embeddable":true,"href":"https:\/\/medicinasinc.com\/cs\/wp-json\/wp\/v2\/comments?post=4767"}],"wp:featuredmedia":[{"embeddable":true,"href":"https:\/\/medicinasinc.com\/cs\/wp-json\/wp\/v2\/media\/4781"}],"wp:attachment":[{"href":"https:\/\/medicinasinc.com\/cs\/wp-json\/wp\/v2\/media?parent=4767"}],"wp:term":[{"taxonomy":"product_brand","embeddable":true,"href":"https:\/\/medicinasinc.com\/cs\/wp-json\/wp\/v2\/product_brand?post=4767"},{"taxonomy":"product_cat","embeddable":true,"href":"https:\/\/medicinasinc.com\/cs\/wp-json\/wp\/v2\/product_cat?post=4767"},{"taxonomy":"product_tag","embeddable":true,"href":"https:\/\/medicinasinc.com\/cs\/wp-json\/wp\/v2\/product_tag?post=4767"}],"curies":[{"name":"wp","href":"https:\/\/api.w.org\/{rel}","templated":true}]}}