{"id":4761,"date":"2022-02-20T15:41:01","date_gmt":"2022-02-20T15:41:01","guid":{"rendered":"https:\/\/medicinasinc.com\/cs\/?post_type=product&#038;p=4761"},"modified":"2022-08-09T03:29:10","modified_gmt":"2022-08-09T03:29:10","slug":"koupit-kysela-nafta-cbd-konopi-kvet-online","status":"publish","type":"product","link":"https:\/\/medicinasinc.com\/cs\/product\/koupit-kysela-nafta-cbd-konopi-kvet-online\/","title":{"rendered":"Kupte si konopn\u00fd kv\u011bt Sour Diesel CBD online"},"content":{"rendered":"<div class=\"woocommerce-tabs wc-tabs-wrapper\">\n<div id=\"tab-description\" class=\"woocommerce-Tabs-panel woocommerce-Tabs-panel--description panel entry-content wc-tab\" role=\"tabpanel\" aria-labelledby=\"tab-title-description\">\n<p>Sour Diesel je legend\u00e1rn\u00ed kultivar poch\u00e1zej\u00edc\u00ed ze dvou klasik\u016f. Kombinuje silnou ho\u0159kost benz\u00ednu s rty mlsaj\u00edc\u00edm n\u00e1dechem kysel\u00fdch citrus\u016f. Ikonick\u00e1 bylina produkovala nep\u0159ebern\u00e9 mno\u017estv\u00ed odr\u016fd d\u00edky sv\u00e9 vynikaj\u00edc\u00ed genetice a odli\u0161n\u00fdm \u00fa\u010dink\u016fm, kter\u00e9 ji \u010din\u00ed obl\u00edbenou mezi farm\u00e1\u0159i, kte\u0159\u00ed cht\u011bj\u00ed p\u011bstovat dal\u0161\u00ed velkou v\u011bc konopn\u00e9ho pr\u016fmyslu.<\/p>\n<p>Kmen Sour Diesel je rychle p\u016fsob\u00edc\u00ed a vysoce \u00fa\u010dinn\u00fd, p\u0159in\u00e1\u0161\u00ed \u00fa\u010dinky, kter\u00e9 mohou p\u0159emoci v\u00e1\u0161 syst\u00e9m podstatn\u00fdmi v\u00fdhodami kmene sativa. To znamen\u00e1 mo\u017enost prudk\u00e9ho, dechberouc\u00edho, t\u011blo zvedaj\u00edc\u00edho bd\u011bn\u00ed, kter\u00e9 m\u016f\u017ee podpo\u0159it energii, produktivitu, motivaci a kreativitu.<\/p>\n<p>&nbsp;<\/p>\n<p>Historie Sour Diesel<\/p>\n<p>Sour Diesel je \u010dasto pova\u017eov\u00e1n za jednu z nejd\u016fle\u017eit\u011bj\u0161\u00edch dostupn\u00fdch odr\u016fd konop\u00ed. Ka\u017ed\u00fd znalec konop\u00ed v\u00e1m potvrd\u00ed, \u017ee Sour Diesel mus\u00ed vyzkou\u0161et ka\u017ed\u00fd, kdo tvrd\u00ed, \u017ee si cen\u00ed v\u00fdhod t\u00e9to byliny. Popularita kmene z velk\u00e9 \u010d\u00e1sti pramen\u00ed z pov\u011bsti jeho rodi\u010d\u016f \u2013 Chemdog 91 a Super Skunk. Tyto legendy o konop\u00ed pozvedly reputaci kmene Sour Diesel do nov\u00fdch v\u00fd\u0161in a vybavily jej bezkonkuren\u010dn\u00ed genetikou, kter\u00e1 vedla k tomu, \u017ee se potomci kmene stali dne\u0161n\u00edm \u00fasp\u011bchem konop\u00ed.<\/p>\n<p>Chemdog 91 je z\u00e1hadn\u00fd kmen, o kter\u00e9m se v\u011b\u0159\u00ed debutovali na trhu v roce 1991. Neidentifikovan\u00fd kultivar vyza\u0159uje \u0161tiplav\u00e9, skunky aroma protkan\u00e9 drsn\u00fdmi t\u00f3ny benz\u00ednu. Tyto vlastnosti jsou v\u00fdrazn\u00e9 u byliny Sour Diesel, jej\u00ed\u017e chu\u0165ov\u00fd profil se velmi podob\u00e1 profilu Chemdog 91.<\/p>\n<p>Na druhou stranu, Super Skunk je kmen pojmenovan\u00fd ze z\u0159ejm\u00fdch d\u016fvod\u016f. Ultra-skunky kultivar produkuje v\u016fni (nebo v\u016fni, v z\u00e1vislosti na \u00farovni va\u0161\u00ed tolerance), kter\u00e1 vyraz\u00ed va\u0161e \u010dichov\u00e9 smysly z parku. Navzdory ur\u00e1\u017eliv\u00e9mu aroma odr\u016fdy poskytuje p\u0159\u00edjemn\u011b p\u0159ekvapivou jemnou sladkost, kter\u00e1 obaluje jazyk \u0161tiplavou medovou dobrotou.<\/p>\n<p>&nbsp;<\/p>\n<p>Estetika a aroma<\/p>\n<p>Va\u0161e po\u010d\u00e1te\u010dn\u00ed dojmy z kmene Sour Diesel mohou b\u00fdt ohromuj\u00edc\u00ed. Koneckonc\u016f, je to jen tro\u0161ka zelen\u011b, p\u0159i\u010dem\u017e dal\u0161\u00ed nazelenal\u00e9 odst\u00edny proch\u00e1zej\u00ed interi\u00e9rem a vytv\u00e1\u0159ej\u00ed monochromatickou paletu travnat\u00fdch odst\u00edn\u016f. Jahodov\u011b blon\u010fat\u00e9 chlupy zamot\u00e1vaj\u00ed listy na vn\u011bj\u0161\u00ed stran\u011b a vytv\u00e1\u0159ej\u00ed s\u00ed\u0165 \u017elut\u00fdch \u00faponk\u016f, kter\u00e9 jsou popr\u00e1\u0161eny mraziv\u00fdm povlakem sladk\u00fdch trichom\u016f. Krom\u011b toho je o kultivaru m\u00e1lo co jin\u00e9ho zm\u00ednit. Co v\u0161ak postr\u00e1d\u00e1 na barv\u011b, kompenzuje svou v\u016fn\u00ed.<\/p>\n<p>Vzhledem k tomu, \u017ee oba rodi\u010de vykazuj\u00ed extr\u00e9mn\u011b \u0161tiplav\u00e9 v\u016fn\u011b, nen\u00ed p\u0159ekvapiv\u00e9, \u017ee Sour Diesel m\u00e1 tak zvl\u00e1\u0161tn\u00ed aroma. Podivn\u011b von\u00edc\u00ed kmen \u00fato\u010d\u00ed na va\u0161e \u010dichov\u00e9 receptory jako skunk n\u00e1kladn\u00ed vlak. N\u011bkte\u0159\u00ed u\u017eivatel\u00e9 tvrd\u00ed, \u017ee jsou ur\u00e1\u017eliv\u00e9 a ohromuj\u00edc\u00ed, \u017ee detekuj\u00ed ostr\u00e9 s\u00fdrov\u00e9 t\u00f3ny, kter\u00e9 se m\u00eds\u00ed s benzinem na vrcholu skunky aroma a vytv\u00e1\u0159ej\u00ed konopn\u00fd z\u00e1\u017eitek, kter\u00fd si budete pamatovat.<\/p>\n<p>&nbsp;<\/p>\n<p>Zku\u0161enosti a d\u016fsledky<\/p>\n<p>Pro za\u010d\u00e1tek, Sour Diesel nen\u00ed vtip, pokud jde o chu\u0165. Kou\u0159 kmene obsahuje extr\u00e9mn\u011b silnou p\u0159\u00edchu\u0165, kter\u00e1 snadno p\u0159em\u016f\u017ee nov\u00e1\u010dky a u\u017eivatele s n\u00edzkou toleranc\u00ed. Pova\u017eujte to proto za spravedliv\u00e9 varov\u00e1n\u00ed \u2013 Sour Diesel v\u00e1m posere pr*e, po\u010d\u00ednaje t\u00edm, jak chutn\u00e1. Jednodu\u0161e \u0159e\u010deno, kmen produkuje chu\u0165, kter\u00e1 je t\u00e9m\u011b\u0159 identick\u00e1 s jeho v\u016fn\u00ed. To znamen\u00e1, \u017ee velk\u00e9 mno\u017estv\u00ed skunku v kombinaci se siln\u00fdmi \u00fadery benz\u00ednu.<\/p>\n<p>Mezi neodolateln\u00fdmi p\u0159\u00edlivov\u00fdmi vlnami \u0161tiplav\u00e9 chuti vlny kysel\u00fdch citrus\u016f rozb\u00edjej\u00ed skunk. Jemn\u00e9 t\u00f3ny dod\u00e1vaj\u00ed z\u00e1\u017eitku dostatek pot\u011b\u0161en\u00ed a prom\u011b\u0148uj\u00ed jej ve skute\u010dn\u011b dynamick\u00e9 a zaj\u00edmav\u00e9 chu\u0165ov\u00e9 setk\u00e1n\u00ed.<\/p>\n<p>Dal\u0161\u00edm aspektem, kter\u00fd p\u0159isp\u00edv\u00e1 k p\u0159ita\u017elivosti Sour Diesel, je jeho okam\u017eit\u00fd efekt. \u00da\u010dinky nastupuj\u00ed po n\u011bkolika minut\u00e1ch po vdechnut\u00ed a p\u0159in\u00e1\u0161\u00ed efekty nakl\u00e1n\u011bj\u00edc\u00ed se do sativy, kter\u00e9 stimuluj\u00ed smysly a znovu probudit svou s\u00edlu. V mnoha ohledech lze \u0159\u00edci, \u017ee kmen v\u00e1m pom\u016f\u017ee p\u0159ekonat va\u0161e z\u00e1brany, tak\u017ee se budete c\u00edtit odv\u00e1\u017en\u011bj\u0161\u00ed, odv\u00e1\u017en\u011bj\u0161\u00ed a sebev\u011bdom\u011bj\u0161\u00ed.<\/p>\n<p>Kmen Sour Diesel, kter\u00fd dok\u00e1\u017ee zm\u00edrnit fyzick\u00e9 a kognitivn\u00ed nepohodl\u00ed, napln\u00ed v\u00e1\u0161 syst\u00e9m dodate\u010dnou energii, kter\u00e1 v\u00e1m dod\u00e1 s\u00edlu a motivaci zvl\u00e1dnout celodenn\u00ed pr\u00e1ci a povinnosti. Pozor v\u0161ak \u2013 Sour Diesel nen\u00ed pro slab\u00e9 povahy. Ne\u017e si d\u00e1te toke tohoto monster kmene, ujist\u011bte se, \u017ee m\u00e1te toleranci pro siln\u00e9 sativa efekty a silnou chu\u0165.<\/p>\n<p>&nbsp;<\/p>\n<p>P\u011bstov\u00e1n\u00ed a zpracov\u00e1n\u00ed<\/p>\n<p> A\u010dkoli je kmen Sour Diesel pro za\u010d\u00ednaj\u00edc\u00ed p\u011bstitele st\u0159edn\u011b obt\u00ed\u017en\u00fd, jeho jedine\u010dn\u00e1 genetika z n\u011bj \u010din\u00ed vynikaj\u00edc\u00ed volbu pro ty, kte\u0159\u00ed hledaj\u00ed siln\u00e9 \u00fa\u010dinky s minim\u00e1ln\u00edm \u00fasil\u00edm. Kmeny se specializovan\u011bj\u0161\u00edmi po\u017eadavky na p\u011bstov\u00e1n\u00ed jsou obvykle mnohem vhodn\u011bj\u0161\u00ed pro extrakci a poskytuj\u00ed \u00fa\u010dinn\u011bj\u0161\u00ed koncentr\u00e1ty pln\u00e9ho spektra pro produkty z konop\u00ed vy\u0161\u0161\u00ed kvality. Navzdory sv\u00e9 st\u0159edn\u00ed obt\u00ed\u017enosti se tedy Sour Diesel vyplat\u00ed \u0161pi\u010dkov\u00fdm konop\u00edm, kter\u00e9 je ide\u00e1ln\u00ed pro r\u016fzn\u00e9 poskliz\u0148ov\u00e9 procesy.<\/p>\n<p>Asi za 11 t\u00fddn\u016f, dejte nebo vezm\u011bte t\u00fdden, Sour Diesel vykvete. M\u00edrn\u00fd v\u00fdnos je omezen na 3 unce na stopu v\u00fd\u0161ky rostliny. Va\u0161e bylinka dos\u00e1hne nanejv\u00fd\u0161 v\u00fd\u0161ky p\u0159es 7 stop, tak\u017ee bude o n\u011bco vy\u0161\u0161\u00ed ne\u017e v\u011bt\u0161ina ostatn\u00edch odr\u016fd.<\/p>\n<p>Vzhledem k prostorov\u00fdm n\u00e1rok\u016fm rostliny m\u016f\u017ee b\u00fdt ide\u00e1ln\u00ed p\u011bstovat ji venku, zvl\u00e1\u0161t\u011b pokud jste pracuje s omezen\u00fdm prostorem. Vnit\u0159n\u00ed podm\u00ednky v\u0161ak mohou b\u00fdt pro Sour Diesel p\u0159\u00edzniv\u00e9, pokud je zaji\u0161t\u011bno dostate\u010dn\u00e9 teplo, sv\u011btlo a n\u00edzk\u00e1 vlhkost. Dopln\u011bn\u00edm \u017eivin bohat\u00fdch na fosfor ke konci vegeta\u010dn\u00edho obdob\u00ed rostliny a ukon\u010den\u00edm zal\u00e9v\u00e1n\u00ed p\u0159ibli\u017en\u011b t\u0159i dny p\u0159ed sklizn\u00ed byste m\u011bli dos\u00e1hnout \u017ealude\u010dn\u00edho, \u0161tiplav\u00e9ho z\u00e1pachu a hust\u00e9 trichomov\u00e9 vrstvy pro vynikaj\u00edc\u00ed v\u00fdlet.<\/p>\n<p>&nbsp;<\/p>\n<p>Pro koho je ur\u010den?<\/p>\n<p>Vzhledem k intenzivn\u00ed chuti a monstr\u00f3zn\u00edm \u00fa\u010dink\u016fm Sour Diesel si ne ka\u017ed\u00fd bude u\u017e\u00edvat z\u00e1\u017eitek, kter\u00fd poskytuje. U\u017eivatel\u00e9 s n\u00edzkou toleranc\u00ed a za\u010d\u00e1te\u010dn\u00edci mohou b\u00fdt ohromeni nejen neuv\u011b\u0159itelnou chut\u00ed, ale tak\u00e9 ohromuj\u00edc\u00edmi \u00fa\u010dinky, kter\u00e9 mohou u n\u011bkter\u00fdch vyvol\u00e1vat \u00fazkost a neklid.<\/p>\n<p>Nicm\u00e9n\u011b Sour Diesel z\u016fst\u00e1v\u00e1 legend\u00e1rn\u00edm kmenem pro veter\u00e1ny a puristy. kte\u0159\u00ed oce\u0148uj\u00ed siln\u00e9 konop\u00ed. T\u011bm, kte\u0159\u00ed maj\u00ed v\u00edce zku\u0161enost\u00ed, m\u016f\u017ee duniv\u00fd pocit bezprecedentn\u00edho energetick\u00e9ho toku proud\u00edc\u00edho jejich syst\u00e9mem poskytnout s\u00edlu, motivaci a nastaven\u00ed mysli nezbytn\u00e9 ke spln\u011bn\u00ed celodenn\u00edch povinnost\u00ed \u2013 a dal\u0161\u00edch.<\/p>\n<\/p><\/div><\/div>\n<section class=\"related products\">\n<h2><\/h2>\n<\/section>\n<div class=\"product-next-previous\">\n<div class=\"product-prev\"><\/div><\/div>\n","protected":false},"excerpt":{"rendered":"<div class=\"woocommerce-product-details__short-description\">\n<p>Kupte si kv\u011btinu Sour Diesel CBD na prodej ve Spojen\u00e9m kr\u00e1lovstv\u00ed, Evropa je energizuj\u00edc\u00ed kmen s dominantn\u00ed sativou, kter\u00fd v\u00e1m pom\u016f\u017ee z\u016fstat soust\u0159ed\u011bn\u00fd, produktivn\u00ed a vyv\u00e1\u017een\u00fd po celou dobu den.<\/p>\n<\/div>\n","protected":false},"featured_media":4775,"comment_status":"open","ping_status":"closed","template":"","meta":[],"product_brand":[],"product_cat":[689],"product_tag":[],"class_list":{"0":"post-4761","1":"product","2":"type-product","3":"status-publish","4":"has-post-thumbnail","6":"product_cat-koupit-konopny-kvet","8":"first","9":"instock","10":"shipping-taxable","11":"purchasable","12":"product-type-variable","13":"has-default-attributes"},"yoast_head":"<!-- This site is optimized with the Yoast SEO plugin v27.3 - https:\/\/yoast.com\/product\/yoast-seo-wordpress\/ -->\n<title>Kupte si kyselou naftu CBD konopn\u00fd kv\u011bt online \u2013 nejlep\u0161\u00ed nejlep\u0161\u00ed glob\u00e1ln\u00ed l\u00e9ky<\/title>\n<meta name=\"description\" content=\"Koupit Sour Diesel CBD flower UK, Europe je energizuj\u00edc\u00ed kmen s dominantn\u00edm Sativa, kter\u00fd v\u00e1m pom\u016f\u017ee z\u016fstat soust\u0159ed\u011bn\u00fd, produktivn\u00ed a vyv\u00e1\u017een\u00fd po cel\u00fd den.\" \/>\n<meta name=\"robots\" content=\"index, follow, max-snippet:-1, max-image-preview:large, max-video-preview:-1\" \/>\n<link rel=\"canonical\" href=\"https:\/\/medicinasinc.com\/cs\/product\/koupit-kysela-nafta-cbd-konopi-kvet-online\/\" \/>\n<meta property=\"og:locale\" content=\"en_US\" \/>\n<meta property=\"og:type\" content=\"article\" \/>\n<meta property=\"og:title\" content=\"Kupte si kyselou naftu CBD konopn\u00fd kv\u011bt online \u2013 nejlep\u0161\u00ed nejlep\u0161\u00ed glob\u00e1ln\u00ed l\u00e9ky\" \/>\n<meta property=\"og:description\" content=\"Koupit Sour Diesel CBD flower UK, Europe je energizuj\u00edc\u00ed kmen s dominantn\u00edm Sativa, kter\u00fd v\u00e1m pom\u016f\u017ee z\u016fstat soust\u0159ed\u011bn\u00fd, produktivn\u00ed a vyv\u00e1\u017een\u00fd po cel\u00fd den.\" \/>\n<meta property=\"og:url\" content=\"https:\/\/medicinasinc.com\/cs\/product\/koupit-kysela-nafta-cbd-konopi-kvet-online\/\" \/>\n<meta property=\"og:site_name\" content=\"Medicinas Inc\" \/>\n<meta property=\"article:modified_time\" content=\"2022-08-09T03:29:10+00:00\" \/>\n<meta property=\"og:image\" content=\"https:\/\/medicinasinc.com\/cs\/wp-content\/uploads\/sites\/2\/2022\/02\/Buy-Sour-Diesel-CBD-Hemp-Flower-Online.jpg\" \/>\n\t<meta property=\"og:image:width\" content=\"600\" \/>\n\t<meta property=\"og:image:height\" content=\"600\" \/>\n\t<meta property=\"og:image:type\" content=\"image\/jpeg\" \/>\n<meta name=\"twitter:card\" content=\"summary_large_image\" \/>\n<meta name=\"twitter:label1\" content=\"Est. reading time\" \/>\n\t<meta name=\"twitter:data1\" content=\"5 minutes\" \/>\n<script type=\"application\/ld+json\" class=\"yoast-schema-graph\">{\"@context\":\"https:\\\/\\\/schema.org\",\"@graph\":[{\"@type\":\"WebPage\",\"@id\":\"https:\\\/\\\/medicinasinc.com\\\/cs\\\/product\\\/koupit-kysela-nafta-cbd-konopi-kvet-online\\\/\",\"url\":\"https:\\\/\\\/medicinasinc.com\\\/cs\\\/product\\\/koupit-kysela-nafta-cbd-konopi-kvet-online\\\/\",\"name\":\"Kupte si kyselou naftu CBD konopn\u00fd kv\u011bt online \u2013 nejlep\u0161\u00ed nejlep\u0161\u00ed glob\u00e1ln\u00ed l\u00e9ky\",\"isPartOf\":{\"@id\":\"https:\\\/\\\/medicinasinc.com\\\/cs\\\/#website\"},\"primaryImageOfPage\":{\"@id\":\"https:\\\/\\\/medicinasinc.com\\\/cs\\\/product\\\/koupit-kysela-nafta-cbd-konopi-kvet-online\\\/#primaryimage\"},\"image\":{\"@id\":\"https:\\\/\\\/medicinasinc.com\\\/cs\\\/product\\\/koupit-kysela-nafta-cbd-konopi-kvet-online\\\/#primaryimage\"},\"thumbnailUrl\":\"https:\\\/\\\/medicinasinc.com\\\/cs\\\/wp-content\\\/uploads\\\/sites\\\/2\\\/2022\\\/02\\\/Buy-Sour-Diesel-CBD-Hemp-Flower-Online.jpg\",\"datePublished\":\"2022-02-20T15:41:01+00:00\",\"dateModified\":\"2022-08-09T03:29:10+00:00\",\"description\":\"Koupit Sour Diesel CBD flower UK, Europe je energizuj\u00edc\u00ed kmen s dominantn\u00edm Sativa, kter\u00fd v\u00e1m pom\u016f\u017ee z\u016fstat soust\u0159ed\u011bn\u00fd, produktivn\u00ed a vyv\u00e1\u017een\u00fd po cel\u00fd den.\",\"breadcrumb\":{\"@id\":\"https:\\\/\\\/medicinasinc.com\\\/cs\\\/product\\\/koupit-kysela-nafta-cbd-konopi-kvet-online\\\/#breadcrumb\"},\"inLanguage\":\"en-US\",\"potentialAction\":[{\"@type\":\"ReadAction\",\"target\":[\"https:\\\/\\\/medicinasinc.com\\\/cs\\\/product\\\/koupit-kysela-nafta-cbd-konopi-kvet-online\\\/\"]}]},{\"@type\":\"ImageObject\",\"inLanguage\":\"en-US\",\"@id\":\"https:\\\/\\\/medicinasinc.com\\\/cs\\\/product\\\/koupit-kysela-nafta-cbd-konopi-kvet-online\\\/#primaryimage\",\"url\":\"https:\\\/\\\/medicinasinc.com\\\/cs\\\/wp-content\\\/uploads\\\/sites\\\/2\\\/2022\\\/02\\\/Buy-Sour-Diesel-CBD-Hemp-Flower-Online.jpg\",\"contentUrl\":\"https:\\\/\\\/medicinasinc.com\\\/cs\\\/wp-content\\\/uploads\\\/sites\\\/2\\\/2022\\\/02\\\/Buy-Sour-Diesel-CBD-Hemp-Flower-Online.jpg\",\"width\":600,\"height\":600},{\"@type\":\"BreadcrumbList\",\"@id\":\"https:\\\/\\\/medicinasinc.com\\\/cs\\\/product\\\/koupit-kysela-nafta-cbd-konopi-kvet-online\\\/#breadcrumb\",\"itemListElement\":[{\"@type\":\"ListItem\",\"position\":1,\"name\":\"Obchod\",\"item\":\"https:\\\/\\\/medicinasinc.com\\\/cs\\\/obchod\\\/\"},{\"@type\":\"ListItem\",\"position\":2,\"name\":\"Kupte si konopn\u00fd kv\u011bt Sour Diesel CBD online\"}]},{\"@type\":\"WebSite\",\"@id\":\"https:\\\/\\\/medicinasinc.com\\\/cs\\\/#website\",\"url\":\"https:\\\/\\\/medicinasinc.com\\\/cs\\\/\",\"name\":\"Medicinas Inc\",\"description\":\"Health Medical Clinic\",\"potentialAction\":[{\"@type\":\"SearchAction\",\"target\":{\"@type\":\"EntryPoint\",\"urlTemplate\":\"https:\\\/\\\/medicinasinc.com\\\/cs\\\/?s={search_term_string}\"},\"query-input\":{\"@type\":\"PropertyValueSpecification\",\"valueRequired\":true,\"valueName\":\"search_term_string\"}}],\"inLanguage\":\"en-US\"}]}<\/script>\n<!-- \/ Yoast SEO plugin. -->","yoast_head_json":{"title":"Kupte si kyselou naftu CBD konopn\u00fd kv\u011bt online \u2013 nejlep\u0161\u00ed nejlep\u0161\u00ed glob\u00e1ln\u00ed l\u00e9ky","description":"Koupit Sour Diesel CBD flower UK, Europe je energizuj\u00edc\u00ed kmen s dominantn\u00edm Sativa, kter\u00fd v\u00e1m pom\u016f\u017ee z\u016fstat soust\u0159ed\u011bn\u00fd, produktivn\u00ed a vyv\u00e1\u017een\u00fd po cel\u00fd den.","robots":{"index":"index","follow":"follow","max-snippet":"max-snippet:-1","max-image-preview":"max-image-preview:large","max-video-preview":"max-video-preview:-1"},"canonical":"https:\/\/medicinasinc.com\/cs\/product\/koupit-kysela-nafta-cbd-konopi-kvet-online\/","og_locale":"en_US","og_type":"article","og_title":"Kupte si kyselou naftu CBD konopn\u00fd kv\u011bt online \u2013 nejlep\u0161\u00ed nejlep\u0161\u00ed glob\u00e1ln\u00ed l\u00e9ky","og_description":"Koupit Sour Diesel CBD flower UK, Europe je energizuj\u00edc\u00ed kmen s dominantn\u00edm Sativa, kter\u00fd v\u00e1m pom\u016f\u017ee z\u016fstat soust\u0159ed\u011bn\u00fd, produktivn\u00ed a vyv\u00e1\u017een\u00fd po cel\u00fd den.","og_url":"https:\/\/medicinasinc.com\/cs\/product\/koupit-kysela-nafta-cbd-konopi-kvet-online\/","og_site_name":"Medicinas Inc","article_modified_time":"2022-08-09T03:29:10+00:00","og_image":[{"width":600,"height":600,"url":"https:\/\/medicinasinc.com\/cs\/wp-content\/uploads\/sites\/2\/2022\/02\/Buy-Sour-Diesel-CBD-Hemp-Flower-Online.jpg","type":"image\/jpeg"}],"twitter_card":"summary_large_image","twitter_misc":{"Est. reading time":"5 minutes"},"schema":{"@context":"https:\/\/schema.org","@graph":[{"@type":"WebPage","@id":"https:\/\/medicinasinc.com\/cs\/product\/koupit-kysela-nafta-cbd-konopi-kvet-online\/","url":"https:\/\/medicinasinc.com\/cs\/product\/koupit-kysela-nafta-cbd-konopi-kvet-online\/","name":"Kupte si kyselou naftu CBD konopn\u00fd kv\u011bt online \u2013 nejlep\u0161\u00ed nejlep\u0161\u00ed glob\u00e1ln\u00ed l\u00e9ky","isPartOf":{"@id":"https:\/\/medicinasinc.com\/cs\/#website"},"primaryImageOfPage":{"@id":"https:\/\/medicinasinc.com\/cs\/product\/koupit-kysela-nafta-cbd-konopi-kvet-online\/#primaryimage"},"image":{"@id":"https:\/\/medicinasinc.com\/cs\/product\/koupit-kysela-nafta-cbd-konopi-kvet-online\/#primaryimage"},"thumbnailUrl":"https:\/\/medicinasinc.com\/cs\/wp-content\/uploads\/sites\/2\/2022\/02\/Buy-Sour-Diesel-CBD-Hemp-Flower-Online.jpg","datePublished":"2022-02-20T15:41:01+00:00","dateModified":"2022-08-09T03:29:10+00:00","description":"Koupit Sour Diesel CBD flower UK, Europe je energizuj\u00edc\u00ed kmen s dominantn\u00edm Sativa, kter\u00fd v\u00e1m pom\u016f\u017ee z\u016fstat soust\u0159ed\u011bn\u00fd, produktivn\u00ed a vyv\u00e1\u017een\u00fd po cel\u00fd den.","breadcrumb":{"@id":"https:\/\/medicinasinc.com\/cs\/product\/koupit-kysela-nafta-cbd-konopi-kvet-online\/#breadcrumb"},"inLanguage":"en-US","potentialAction":[{"@type":"ReadAction","target":["https:\/\/medicinasinc.com\/cs\/product\/koupit-kysela-nafta-cbd-konopi-kvet-online\/"]}]},{"@type":"ImageObject","inLanguage":"en-US","@id":"https:\/\/medicinasinc.com\/cs\/product\/koupit-kysela-nafta-cbd-konopi-kvet-online\/#primaryimage","url":"https:\/\/medicinasinc.com\/cs\/wp-content\/uploads\/sites\/2\/2022\/02\/Buy-Sour-Diesel-CBD-Hemp-Flower-Online.jpg","contentUrl":"https:\/\/medicinasinc.com\/cs\/wp-content\/uploads\/sites\/2\/2022\/02\/Buy-Sour-Diesel-CBD-Hemp-Flower-Online.jpg","width":600,"height":600},{"@type":"BreadcrumbList","@id":"https:\/\/medicinasinc.com\/cs\/product\/koupit-kysela-nafta-cbd-konopi-kvet-online\/#breadcrumb","itemListElement":[{"@type":"ListItem","position":1,"name":"Obchod","item":"https:\/\/medicinasinc.com\/cs\/obchod\/"},{"@type":"ListItem","position":2,"name":"Kupte si konopn\u00fd kv\u011bt Sour Diesel CBD online"}]},{"@type":"WebSite","@id":"https:\/\/medicinasinc.com\/cs\/#website","url":"https:\/\/medicinasinc.com\/cs\/","name":"Medicinas Inc","description":"Health Medical Clinic","potentialAction":[{"@type":"SearchAction","target":{"@type":"EntryPoint","urlTemplate":"https:\/\/medicinasinc.com\/cs\/?s={search_term_string}"},"query-input":{"@type":"PropertyValueSpecification","valueRequired":true,"valueName":"search_term_string"}}],"inLanguage":"en-US"}]}},"_links":{"self":[{"href":"https:\/\/medicinasinc.com\/cs\/wp-json\/wp\/v2\/product\/4761","targetHints":{"allow":["GET"]}}],"collection":[{"href":"https:\/\/medicinasinc.com\/cs\/wp-json\/wp\/v2\/product"}],"about":[{"href":"https:\/\/medicinasinc.com\/cs\/wp-json\/wp\/v2\/types\/product"}],"replies":[{"embeddable":true,"href":"https:\/\/medicinasinc.com\/cs\/wp-json\/wp\/v2\/comments?post=4761"}],"wp:featuredmedia":[{"embeddable":true,"href":"https:\/\/medicinasinc.com\/cs\/wp-json\/wp\/v2\/media\/4775"}],"wp:attachment":[{"href":"https:\/\/medicinasinc.com\/cs\/wp-json\/wp\/v2\/media?parent=4761"}],"wp:term":[{"taxonomy":"product_brand","embeddable":true,"href":"https:\/\/medicinasinc.com\/cs\/wp-json\/wp\/v2\/product_brand?post=4761"},{"taxonomy":"product_cat","embeddable":true,"href":"https:\/\/medicinasinc.com\/cs\/wp-json\/wp\/v2\/product_cat?post=4761"},{"taxonomy":"product_tag","embeddable":true,"href":"https:\/\/medicinasinc.com\/cs\/wp-json\/wp\/v2\/product_tag?post=4761"}],"curies":[{"name":"wp","href":"https:\/\/api.w.org\/{rel}","templated":true}]}}