{"id":4759,"date":"2022-02-20T15:39:59","date_gmt":"2022-02-20T15:39:59","guid":{"rendered":"https:\/\/medicinasinc.com\/cs\/?post_type=product&#038;p=4759"},"modified":"2022-03-14T12:52:09","modified_gmt":"2022-03-14T12:52:09","slug":"koupit-suzy-q-cbd-konopny-kvet","status":"publish","type":"product","link":"https:\/\/medicinasinc.com\/cs\/product\/koupit-suzy-q-cbd-konopny-kvet\/","title":{"rendered":"Kupte si Suzy Q CBD Konopn\u00fd kv\u011bt"},"content":{"rendered":"<p>Suzy Q je st\u0159edn\u011b hust\u00fd, olivov\u011b zelen\u00fd kmen s tmav\u011b jantarov\u011b zbarven\u00fdmi chloupky. Doporu\u010duje se pro nad\u0161ence konop\u00ed, kte\u0159\u00ed hledaj\u00ed \u010dist\u00fd, povzn\u00e1\u0161ej\u00edc\u00ed \u00fa\u010dinek. Robustn\u00ed chu\u0165 t\u00e9to odr\u016fdy se vyzna\u010duje d\u0159evit\u00fdmi t\u00f3ny a n\u00e1dechem ko\u0159en\u00ed. Suzy Q je zn\u00e1m\u00e1 pro sv\u00e9 sladk\u00e9, zemit\u00e9 aroma a terpenov\u00fd profil borovicov\u00fdch, ko\u0159enit\u00fdch terpen\u016f.<\/p>\n<p>Rovnom\u011brn\u011b vyv\u00e1\u017een\u00fd hybrid obsahuje 50 % sativy (stimuluj\u00edc\u00ed odr\u016fda) a 50 % indiky (uvol\u0148uj\u00edc\u00ed kmen), co\u017e m\u00e1 za n\u00e1sledek synergick\u00fd efekt. Vzhledem k relativn\u011b vysok\u00e9mu obsahu CBD je vynikaj\u00edc\u00ed volbou pro ty, kte\u0159\u00ed hledaj\u00ed uklid\u0148uj\u00edc\u00ed z\u00e1\u017eitek. Je \u0161iroce pova\u017eov\u00e1na za jednu z nejv\u00edce uklid\u0148uj\u00edc\u00edch dostupn\u00fdch odr\u016fd.<\/p>\n<p>Suzy Q obsahuje vysokou koncentraci CBD a pouze stopov\u00e9 mno\u017estv\u00ed THC, tedy hluboko pod z\u00e1konn\u00fdm limitem pro konop\u00ed. Tento pom\u011br nazna\u010duje, \u017ee byste m\u011bli o\u010dek\u00e1vat m\u00edrn\u011b povzn\u00e1\u0161ej\u00edc\u00ed z\u00e1\u017eitek.<\/p>\n<p>Zaji\u0161t\u011bn\u00ed kvality konopn\u00fdch kv\u011bt\u016f z farmy a\u017e po prodej<\/p>\n<p>Konopn\u00e9 kv\u011bty Suzy Q se p\u011bstuj\u00ed na malebn\u00e9 100akrov\u00e9 farm\u011b v severn\u00ed Kalifornie. Idylick\u00e9 podneb\u00ed severn\u00ed Kalifornie vytv\u00e1\u0159\u00ed iluzi nekone\u010dn\u00e9ho l\u00e9ta a tyto such\u00e9, jasn\u00e9 dny vedou k \u00fa\u017easn\u00fdm \u00farod\u00e1m n\u00e1dhern\u00fdch kv\u011btin bez pl\u00edsn\u00ed a padl\u00ed.<\/p>\n<p>Na\u0161e farma je certifikov\u00e1na jako organick\u00e1, co\u017e znamen\u00e1, \u017ee neobsahuje \u017e\u00e1dn\u00e9 chemik\u00e1lie. pou\u017e\u00edvaj\u00ed se hnojiva nebo pesticidy. Velmi db\u00e1me na zaji\u0161t\u011bn\u00ed spr\u00e1vn\u00e9 permakultury \u2014 p\u011bstov\u00e1n\u00ed sob\u011bsta\u010dn\u00e9ho a sob\u011bsta\u010dn\u00e9ho zem\u011bd\u011blsk\u00e9ho ekosyst\u00e9mu. Jedn\u00edm ze zp\u016fsob\u016f, jak toho dos\u00e1hnout, je hnojen\u00ed, kter\u00e9 nut\u00ed ko\u0159eny tvrd\u011bji pracovat na podpo\u0159e zdrav\u00e9ho p\u016fdn\u00edho prost\u0159ed\u00ed p\u0159\u00edzniv\u00e9ho pro r\u016fst rostlin.<\/p>\n<p>Jakmile na\u0161e konopn\u00e9 rostliny dos\u00e1hnou sv\u00e9ho pln\u00e9ho potenci\u00e1lu, jsou zav\u011b\u0161eny vzh\u016fru nohama zaschnout, pot\u00e9 za sucha vytvrdit a ru\u010dn\u011b o\u0159\u00edznout. Konop\u00ed je extr\u00e9mn\u011b choulostiv\u00e1 rostlina. I drobn\u00e9 chyby p\u0159i p\u011bstov\u00e1n\u00ed nebo sklizni mohou rychle zhor\u0161it kvalitu pupen\u016f. Po\u017eadujeme naprostou transparentnost a kontrolu kvality&#8230;a vy byste m\u011bli tak\u00e9. Od konopn\u00fdch kv\u011bt\u016f se nevy\u017eaduje nic men\u0161\u00edho.<\/p>\n<p>N\u00e1\u0161 kv\u011bt konop\u00ed CBD pro\u0161el nez\u00e1visl\u00fdm testov\u00e1n\u00edm<\/p>\n<p>Ka\u017ed\u00e1 plodina je testov\u00e1na na \u010distotu a \u00fa\u010dinnost v DEA a akreditovan\u00e9m ISO 17025, AHCA -akreditovan\u00e1 a nez\u00e1visl\u00e1 laborato\u0159 akreditovan\u00e1 CLIA. Celopanelov\u00e9 testov\u00e1n\u00ed zkoum\u00e1 n\u00e1sleduj\u00edc\u00ed:<\/p>\n<p>\u00da\u010dinnost CBD, THC a dal\u0161\u00edch kanabinoid\u016f.<br \/> Lurdy kov\u016f (olovo, rtu\u0165, arsen, kadmium).<br \/> Bakterie jako nap\u0159. E. coli, stejn\u011b jako dal\u0161\u00ed patogeny<br \/> Kontaminanty, jako jsou mykotoxiny.<\/p>\n<p>Ka\u017ed\u00e1 objedn\u00e1vka je dod\u00e1v\u00e1na s certifik\u00e1tem anal\u00fdzy, kter\u00fd zaji\u0161\u0165uje, \u017ee v\u017edy p\u0159esn\u011b v\u00edte, co z\u00edsk\u00e1te, kdy\u017e si koup\u00edte Crescent Flower .<\/p>\n","protected":false},"excerpt":{"rendered":"<p>Suzy Q CBD Konopn\u00fd kv\u011bt Plnospektr\u00e1ln\u00ed konopn\u00fd kv\u011bt &#8211; Koupit Suzy Q CBD Konopn\u00fd kv\u011bt Plnospektr\u00e1ln\u00ed konopn\u00fd kv\u011bt. Suzy Q je kmen s vysok\u00fdm obsahem CBD a n\u00edzk\u00fdm obsahem THC s p\u0159\u00edchut\u00ed borovice, kter\u00fd pom\u00e1h\u00e1 p\u0159i l\u00e9\u010db\u011b p\u0159\u00edznak\u016f a z\u00e1rove\u0148 nevyvol\u00e1v\u00e1 \u017e\u00e1dnou a\u017e \u017e\u00e1dnou euforii.<\/p>\n<p>Suzy Q je kmen s vysok\u00fdm obsahem CBD a n\u00edzk\u00fdm obsahem THC s borovicov\u00e1 p\u0159\u00edchu\u0165, kter\u00e1 pom\u00e1h\u00e1 p\u0159i l\u00e9\u010db\u011b symptom\u016f s mal\u00fdm nebo \u017e\u00e1dn\u00fdm psychoaktivn\u00edm \u00fa\u010dinkem. Toto je vynikaj\u00edc\u00ed kmen, kter\u00fd lze p\u0159idat do rodiny CBD.<br \/> Cbd: 15 %\u201317 %<\/p>\n<p>0,2 procenta thc<\/p>\n","protected":false},"featured_media":4773,"comment_status":"open","ping_status":"closed","template":"","meta":[],"product_brand":[],"product_cat":[689],"product_tag":[],"class_list":{"0":"post-4759","1":"product","2":"type-product","3":"status-publish","4":"has-post-thumbnail","6":"product_cat-koupit-konopny-kvet","8":"first","9":"instock","10":"shipping-taxable","11":"purchasable","12":"product-type-variable","13":"has-default-attributes"},"yoast_head":"<!-- This site is optimized with the Yoast SEO plugin v27.3 - https:\/\/yoast.com\/product\/yoast-seo-wordpress\/ -->\n<title>Kupte si Suzy Q CBD Konopn\u00fd kv\u011bt \u2013 nejlep\u0161\u00ed nejlep\u0161\u00ed glob\u00e1ln\u00ed l\u00e9ky<\/title>\n<meta name=\"description\" content=\"Koupit Suzy Q CBD Konopn\u00fd kv\u011bt Plnospektr\u00e1ln\u00ed konopn\u00fd kv\u011bt. Suzy Q je kmen s vysok\u00fdm obsahem CBD a n\u00edzk\u00fdm obsahem THC s p\u0159\u00edchut\u00ed borovice, kter\u00fd pom\u00e1h\u00e1 l\u00e9\u010dit p\u0159\u00edznaky s malou nebo \u017e\u00e1dnou euforickou n\u00e1ladou.\" \/>\n<meta name=\"robots\" content=\"index, follow, max-snippet:-1, max-image-preview:large, max-video-preview:-1\" \/>\n<link rel=\"canonical\" href=\"https:\/\/medicinasinc.com\/cs\/product\/koupit-suzy-q-cbd-konopny-kvet\/\" \/>\n<meta property=\"og:locale\" content=\"en_US\" \/>\n<meta property=\"og:type\" content=\"article\" \/>\n<meta property=\"og:title\" content=\"Kupte si Suzy Q CBD Konopn\u00fd kv\u011bt \u2013 nejlep\u0161\u00ed nejlep\u0161\u00ed glob\u00e1ln\u00ed l\u00e9ky\" \/>\n<meta property=\"og:description\" content=\"Koupit Suzy Q CBD Konopn\u00fd kv\u011bt Plnospektr\u00e1ln\u00ed konopn\u00fd kv\u011bt. Suzy Q je kmen s vysok\u00fdm obsahem CBD a n\u00edzk\u00fdm obsahem THC s p\u0159\u00edchut\u00ed borovice, kter\u00fd pom\u00e1h\u00e1 l\u00e9\u010dit p\u0159\u00edznaky s malou nebo \u017e\u00e1dnou euforickou n\u00e1ladou.\" \/>\n<meta property=\"og:url\" content=\"https:\/\/medicinasinc.com\/cs\/product\/koupit-suzy-q-cbd-konopny-kvet\/\" \/>\n<meta property=\"og:site_name\" content=\"Medicinas Inc\" \/>\n<meta property=\"article:modified_time\" content=\"2022-03-14T12:52:09+00:00\" \/>\n<meta property=\"og:image\" content=\"https:\/\/medicinasinc.com\/cs\/wp-content\/uploads\/sites\/2\/2022\/02\/Buy-Suzy-Q-CBD-Hemp-Flower-Online.jpg\" \/>\n\t<meta property=\"og:image:width\" content=\"600\" \/>\n\t<meta property=\"og:image:height\" content=\"600\" \/>\n\t<meta property=\"og:image:type\" content=\"image\/jpeg\" \/>\n<meta name=\"twitter:card\" content=\"summary_large_image\" \/>\n<meta name=\"twitter:label1\" content=\"Est. reading time\" \/>\n\t<meta name=\"twitter:data1\" content=\"2 minutes\" \/>\n<script type=\"application\/ld+json\" class=\"yoast-schema-graph\">{\"@context\":\"https:\\\/\\\/schema.org\",\"@graph\":[{\"@type\":\"WebPage\",\"@id\":\"https:\\\/\\\/medicinasinc.com\\\/cs\\\/product\\\/koupit-suzy-q-cbd-konopny-kvet\\\/\",\"url\":\"https:\\\/\\\/medicinasinc.com\\\/cs\\\/product\\\/koupit-suzy-q-cbd-konopny-kvet\\\/\",\"name\":\"Kupte si Suzy Q CBD Konopn\u00fd kv\u011bt \u2013 nejlep\u0161\u00ed nejlep\u0161\u00ed glob\u00e1ln\u00ed l\u00e9ky\",\"isPartOf\":{\"@id\":\"https:\\\/\\\/medicinasinc.com\\\/cs\\\/#website\"},\"primaryImageOfPage\":{\"@id\":\"https:\\\/\\\/medicinasinc.com\\\/cs\\\/product\\\/koupit-suzy-q-cbd-konopny-kvet\\\/#primaryimage\"},\"image\":{\"@id\":\"https:\\\/\\\/medicinasinc.com\\\/cs\\\/product\\\/koupit-suzy-q-cbd-konopny-kvet\\\/#primaryimage\"},\"thumbnailUrl\":\"https:\\\/\\\/medicinasinc.com\\\/cs\\\/wp-content\\\/uploads\\\/sites\\\/2\\\/2022\\\/02\\\/Buy-Suzy-Q-CBD-Hemp-Flower-Online.jpg\",\"datePublished\":\"2022-02-20T15:39:59+00:00\",\"dateModified\":\"2022-03-14T12:52:09+00:00\",\"description\":\"Koupit Suzy Q CBD Konopn\u00fd kv\u011bt Plnospektr\u00e1ln\u00ed konopn\u00fd kv\u011bt. Suzy Q je kmen s vysok\u00fdm obsahem CBD a n\u00edzk\u00fdm obsahem THC s p\u0159\u00edchut\u00ed borovice, kter\u00fd pom\u00e1h\u00e1 l\u00e9\u010dit p\u0159\u00edznaky s malou nebo \u017e\u00e1dnou euforickou n\u00e1ladou.\",\"breadcrumb\":{\"@id\":\"https:\\\/\\\/medicinasinc.com\\\/cs\\\/product\\\/koupit-suzy-q-cbd-konopny-kvet\\\/#breadcrumb\"},\"inLanguage\":\"en-US\",\"potentialAction\":[{\"@type\":\"ReadAction\",\"target\":[\"https:\\\/\\\/medicinasinc.com\\\/cs\\\/product\\\/koupit-suzy-q-cbd-konopny-kvet\\\/\"]}]},{\"@type\":\"ImageObject\",\"inLanguage\":\"en-US\",\"@id\":\"https:\\\/\\\/medicinasinc.com\\\/cs\\\/product\\\/koupit-suzy-q-cbd-konopny-kvet\\\/#primaryimage\",\"url\":\"https:\\\/\\\/medicinasinc.com\\\/cs\\\/wp-content\\\/uploads\\\/sites\\\/2\\\/2022\\\/02\\\/Buy-Suzy-Q-CBD-Hemp-Flower-Online.jpg\",\"contentUrl\":\"https:\\\/\\\/medicinasinc.com\\\/cs\\\/wp-content\\\/uploads\\\/sites\\\/2\\\/2022\\\/02\\\/Buy-Suzy-Q-CBD-Hemp-Flower-Online.jpg\",\"width\":600,\"height\":600},{\"@type\":\"BreadcrumbList\",\"@id\":\"https:\\\/\\\/medicinasinc.com\\\/cs\\\/product\\\/koupit-suzy-q-cbd-konopny-kvet\\\/#breadcrumb\",\"itemListElement\":[{\"@type\":\"ListItem\",\"position\":1,\"name\":\"Obchod\",\"item\":\"https:\\\/\\\/medicinasinc.com\\\/cs\\\/obchod\\\/\"},{\"@type\":\"ListItem\",\"position\":2,\"name\":\"Kupte si Suzy Q CBD Konopn\u00fd kv\u011bt\"}]},{\"@type\":\"WebSite\",\"@id\":\"https:\\\/\\\/medicinasinc.com\\\/cs\\\/#website\",\"url\":\"https:\\\/\\\/medicinasinc.com\\\/cs\\\/\",\"name\":\"Medicinas Inc\",\"description\":\"Health Medical Clinic\",\"potentialAction\":[{\"@type\":\"SearchAction\",\"target\":{\"@type\":\"EntryPoint\",\"urlTemplate\":\"https:\\\/\\\/medicinasinc.com\\\/cs\\\/?s={search_term_string}\"},\"query-input\":{\"@type\":\"PropertyValueSpecification\",\"valueRequired\":true,\"valueName\":\"search_term_string\"}}],\"inLanguage\":\"en-US\"}]}<\/script>\n<!-- \/ Yoast SEO plugin. -->","yoast_head_json":{"title":"Kupte si Suzy Q CBD Konopn\u00fd kv\u011bt \u2013 nejlep\u0161\u00ed nejlep\u0161\u00ed glob\u00e1ln\u00ed l\u00e9ky","description":"Koupit Suzy Q CBD Konopn\u00fd kv\u011bt Plnospektr\u00e1ln\u00ed konopn\u00fd kv\u011bt. Suzy Q je kmen s vysok\u00fdm obsahem CBD a n\u00edzk\u00fdm obsahem THC s p\u0159\u00edchut\u00ed borovice, kter\u00fd pom\u00e1h\u00e1 l\u00e9\u010dit p\u0159\u00edznaky s malou nebo \u017e\u00e1dnou euforickou n\u00e1ladou.","robots":{"index":"index","follow":"follow","max-snippet":"max-snippet:-1","max-image-preview":"max-image-preview:large","max-video-preview":"max-video-preview:-1"},"canonical":"https:\/\/medicinasinc.com\/cs\/product\/koupit-suzy-q-cbd-konopny-kvet\/","og_locale":"en_US","og_type":"article","og_title":"Kupte si Suzy Q CBD Konopn\u00fd kv\u011bt \u2013 nejlep\u0161\u00ed nejlep\u0161\u00ed glob\u00e1ln\u00ed l\u00e9ky","og_description":"Koupit Suzy Q CBD Konopn\u00fd kv\u011bt Plnospektr\u00e1ln\u00ed konopn\u00fd kv\u011bt. Suzy Q je kmen s vysok\u00fdm obsahem CBD a n\u00edzk\u00fdm obsahem THC s p\u0159\u00edchut\u00ed borovice, kter\u00fd pom\u00e1h\u00e1 l\u00e9\u010dit p\u0159\u00edznaky s malou nebo \u017e\u00e1dnou euforickou n\u00e1ladou.","og_url":"https:\/\/medicinasinc.com\/cs\/product\/koupit-suzy-q-cbd-konopny-kvet\/","og_site_name":"Medicinas Inc","article_modified_time":"2022-03-14T12:52:09+00:00","og_image":[{"width":600,"height":600,"url":"https:\/\/medicinasinc.com\/cs\/wp-content\/uploads\/sites\/2\/2022\/02\/Buy-Suzy-Q-CBD-Hemp-Flower-Online.jpg","type":"image\/jpeg"}],"twitter_card":"summary_large_image","twitter_misc":{"Est. reading time":"2 minutes"},"schema":{"@context":"https:\/\/schema.org","@graph":[{"@type":"WebPage","@id":"https:\/\/medicinasinc.com\/cs\/product\/koupit-suzy-q-cbd-konopny-kvet\/","url":"https:\/\/medicinasinc.com\/cs\/product\/koupit-suzy-q-cbd-konopny-kvet\/","name":"Kupte si Suzy Q CBD Konopn\u00fd kv\u011bt \u2013 nejlep\u0161\u00ed nejlep\u0161\u00ed glob\u00e1ln\u00ed l\u00e9ky","isPartOf":{"@id":"https:\/\/medicinasinc.com\/cs\/#website"},"primaryImageOfPage":{"@id":"https:\/\/medicinasinc.com\/cs\/product\/koupit-suzy-q-cbd-konopny-kvet\/#primaryimage"},"image":{"@id":"https:\/\/medicinasinc.com\/cs\/product\/koupit-suzy-q-cbd-konopny-kvet\/#primaryimage"},"thumbnailUrl":"https:\/\/medicinasinc.com\/cs\/wp-content\/uploads\/sites\/2\/2022\/02\/Buy-Suzy-Q-CBD-Hemp-Flower-Online.jpg","datePublished":"2022-02-20T15:39:59+00:00","dateModified":"2022-03-14T12:52:09+00:00","description":"Koupit Suzy Q CBD Konopn\u00fd kv\u011bt Plnospektr\u00e1ln\u00ed konopn\u00fd kv\u011bt. Suzy Q je kmen s vysok\u00fdm obsahem CBD a n\u00edzk\u00fdm obsahem THC s p\u0159\u00edchut\u00ed borovice, kter\u00fd pom\u00e1h\u00e1 l\u00e9\u010dit p\u0159\u00edznaky s malou nebo \u017e\u00e1dnou euforickou n\u00e1ladou.","breadcrumb":{"@id":"https:\/\/medicinasinc.com\/cs\/product\/koupit-suzy-q-cbd-konopny-kvet\/#breadcrumb"},"inLanguage":"en-US","potentialAction":[{"@type":"ReadAction","target":["https:\/\/medicinasinc.com\/cs\/product\/koupit-suzy-q-cbd-konopny-kvet\/"]}]},{"@type":"ImageObject","inLanguage":"en-US","@id":"https:\/\/medicinasinc.com\/cs\/product\/koupit-suzy-q-cbd-konopny-kvet\/#primaryimage","url":"https:\/\/medicinasinc.com\/cs\/wp-content\/uploads\/sites\/2\/2022\/02\/Buy-Suzy-Q-CBD-Hemp-Flower-Online.jpg","contentUrl":"https:\/\/medicinasinc.com\/cs\/wp-content\/uploads\/sites\/2\/2022\/02\/Buy-Suzy-Q-CBD-Hemp-Flower-Online.jpg","width":600,"height":600},{"@type":"BreadcrumbList","@id":"https:\/\/medicinasinc.com\/cs\/product\/koupit-suzy-q-cbd-konopny-kvet\/#breadcrumb","itemListElement":[{"@type":"ListItem","position":1,"name":"Obchod","item":"https:\/\/medicinasinc.com\/cs\/obchod\/"},{"@type":"ListItem","position":2,"name":"Kupte si Suzy Q CBD Konopn\u00fd kv\u011bt"}]},{"@type":"WebSite","@id":"https:\/\/medicinasinc.com\/cs\/#website","url":"https:\/\/medicinasinc.com\/cs\/","name":"Medicinas Inc","description":"Health Medical Clinic","potentialAction":[{"@type":"SearchAction","target":{"@type":"EntryPoint","urlTemplate":"https:\/\/medicinasinc.com\/cs\/?s={search_term_string}"},"query-input":{"@type":"PropertyValueSpecification","valueRequired":true,"valueName":"search_term_string"}}],"inLanguage":"en-US"}]}},"_links":{"self":[{"href":"https:\/\/medicinasinc.com\/cs\/wp-json\/wp\/v2\/product\/4759","targetHints":{"allow":["GET"]}}],"collection":[{"href":"https:\/\/medicinasinc.com\/cs\/wp-json\/wp\/v2\/product"}],"about":[{"href":"https:\/\/medicinasinc.com\/cs\/wp-json\/wp\/v2\/types\/product"}],"replies":[{"embeddable":true,"href":"https:\/\/medicinasinc.com\/cs\/wp-json\/wp\/v2\/comments?post=4759"}],"wp:featuredmedia":[{"embeddable":true,"href":"https:\/\/medicinasinc.com\/cs\/wp-json\/wp\/v2\/media\/4773"}],"wp:attachment":[{"href":"https:\/\/medicinasinc.com\/cs\/wp-json\/wp\/v2\/media?parent=4759"}],"wp:term":[{"taxonomy":"product_brand","embeddable":true,"href":"https:\/\/medicinasinc.com\/cs\/wp-json\/wp\/v2\/product_brand?post=4759"},{"taxonomy":"product_cat","embeddable":true,"href":"https:\/\/medicinasinc.com\/cs\/wp-json\/wp\/v2\/product_cat?post=4759"},{"taxonomy":"product_tag","embeddable":true,"href":"https:\/\/medicinasinc.com\/cs\/wp-json\/wp\/v2\/product_tag?post=4759"}],"curies":[{"name":"wp","href":"https:\/\/api.w.org\/{rel}","templated":true}]}}