{"id":4748,"date":"2022-02-20T15:30:50","date_gmt":"2022-02-20T15:30:50","guid":{"rendered":"https:\/\/medicinasinc.com\/cs\/?post_type=product&#038;p=4748"},"modified":"2022-03-14T12:52:36","modified_gmt":"2022-03-14T12:52:36","slug":"koupit-havajska-borovice-konopny-kvet","status":"publish","type":"product","link":"https:\/\/medicinasinc.com\/cs\/product\/koupit-havajska-borovice-konopny-kvet\/","title":{"rendered":"Kupte si kv\u011bt havajsk\u00e9 borovice konop\u00ed"},"content":{"rendered":"<div class=\"woocommerce-tabs wc-tabs-wrapper\">\n<div id=\"tab-description\" class=\"woocommerce-Tabs-panel woocommerce-Tabs-panel--description panel entry-content wc-tab\" role=\"tabpanel\" aria-labelledby=\"tab-title-description\">\n<p>Konopn\u00fd kv\u011bt s havajskou borovic\u00ed CBD<\/p>\n<p>Kmen CBD konopn\u00fd kv\u011bt havajsk\u00e9 borovice obsahuje m\u00e9n\u011b ne\u017e 0,2 % Delta 9 THC, co\u017e je z\u00e1konn\u00fd limit THC, a pokud ho budete konzumovat um\u00edrn\u011bn\u011b, nezp\u016fsob\u00ed v\u00e1m ne\u00fasp\u011bch v testu na drogy, ale neposkytujeme \u017e\u00e1dn\u00e9 z\u00e1ruky.<\/p>\n<p>Ve spole\u010dnosti Bud Chasers klademe d\u016fraz na kvalitu a bezpe\u010dnost, a proto ka\u017ed\u00fd \u0161ar\u017ee kv\u011btu CBD je p\u0159ed distribuc\u00ed testov\u00e1na a schv\u00e1lena ministerstvem zem\u011bd\u011blstv\u00ed.<\/p>\n<p>L\u00e9ky bohat\u00e9 na CBD mohou pomoci p\u0159i z\u00e1n\u011btech a z\u00e1chvatech, ale maj\u00ed m\u00e1lo psychoaktivn\u00edch \u00fa\u010dink\u016f. Vzhledem k vysok\u00e9mu obsahu proof alkoholu jej doporu\u010dujeme um\u00edstit na stranu \u00fast (proti tv\u00e1\u0159i) a podr\u017eet po dobu 30-60 sekund. Tinktura m\u016f\u017ee b\u00fdt z\u0159ed\u011bna v d\u017eusu nebo \u010daji, ale jej\u00ed \u00fa\u010dinek bude trvat d\u00e9le.<\/p>\n<p>Nyn\u00ed je k dispozici CBD Konopn\u00fd kv\u011bt z havajsk\u00e9 borovice.<\/p>\n<p>Koupit havajsk\u00e1 borovice CBD konopn\u00fd kv\u011bt z konop\u00ed Online pr\u00e1v\u011b te\u010f; nav\u00edc zde m\u016f\u017eete zadat objedn\u00e1vku a prov\u00e9st okam\u017eit\u00fd n\u00e1kup.<\/p>\n<p>Kv\u011btina CBD z havajsk\u00e9 borovice<\/p>\n<\/p><\/div><\/div>\n","protected":false},"excerpt":{"rendered":"<div class=\"woocommerce-product-details__short-description\">\n<p>Kupte si konopn\u00fd kv\u011bt CBD z havajsk\u00e9 borovice online na bestglobalmeds.com. Nakupujte r\u016fzn\u00e9 produkty souvisej\u00edc\u00ed s marihuanou a dal\u0161\u00ed. Doru\u010den\u00ed je bezplatn\u00e9.<\/p>\n<p>Nab\u00edz\u00edme vynikaj\u00edc\u00ed kv\u011bt havajsk\u00e9 borovice CBD konop\u00ed pro l\u00e9\u010debn\u00e9 nebo rekrea\u010dn\u00ed \u00fa\u010dely.<\/p>\n<\/p><\/div>\n","protected":false},"featured_media":4760,"comment_status":"open","ping_status":"closed","template":"","meta":[],"product_brand":[],"product_cat":[689],"product_tag":[],"class_list":{"0":"post-4748","1":"product","2":"type-product","3":"status-publish","4":"has-post-thumbnail","6":"product_cat-koupit-konopny-kvet","8":"first","9":"instock","10":"shipping-taxable","11":"purchasable","12":"product-type-variable","13":"has-default-attributes"},"yoast_head":"<!-- This site is optimized with the Yoast SEO plugin v27.3 - https:\/\/yoast.com\/product\/yoast-seo-wordpress\/ -->\n<title>Kupte si kv\u011bt havajsk\u00e9 borovice konop\u00ed \u2013 nejlep\u0161\u00ed nejlep\u0161\u00ed glob\u00e1ln\u00ed l\u00e9ky<\/title>\n<meta name=\"description\" content=\"Kupte si kv\u011bt havajsk\u00e9 borovice CBD konop\u00ed (1 libra) online na bestglobalmeds.com. Nakupujte \u0161irok\u00fd v\u00fdb\u011br produkt\u016f z marihuany a dal\u0161\u00ed. Doprava zdarma.\" \/>\n<meta name=\"robots\" content=\"index, follow, max-snippet:-1, max-image-preview:large, max-video-preview:-1\" \/>\n<link rel=\"canonical\" href=\"https:\/\/medicinasinc.com\/cs\/product\/koupit-havajska-borovice-konopny-kvet\/\" \/>\n<meta property=\"og:locale\" content=\"en_US\" \/>\n<meta property=\"og:type\" content=\"article\" \/>\n<meta property=\"og:title\" content=\"Kupte si kv\u011bt havajsk\u00e9 borovice konop\u00ed \u2013 nejlep\u0161\u00ed nejlep\u0161\u00ed glob\u00e1ln\u00ed l\u00e9ky\" \/>\n<meta property=\"og:description\" content=\"Kupte si kv\u011bt havajsk\u00e9 borovice CBD konop\u00ed (1 libra) online na bestglobalmeds.com. Nakupujte \u0161irok\u00fd v\u00fdb\u011br produkt\u016f z marihuany a dal\u0161\u00ed. Doprava zdarma.\" \/>\n<meta property=\"og:url\" content=\"https:\/\/medicinasinc.com\/cs\/product\/koupit-havajska-borovice-konopny-kvet\/\" \/>\n<meta property=\"og:site_name\" content=\"Medicinas Inc\" \/>\n<meta property=\"article:modified_time\" content=\"2022-03-14T12:52:36+00:00\" \/>\n<meta property=\"og:image\" content=\"https:\/\/medicinasinc.com\/cs\/wp-content\/uploads\/sites\/2\/2022\/02\/Buy-Hawaiian-Pine-Hemp-Flower-Onlin.jpg\" \/>\n\t<meta property=\"og:image:width\" content=\"600\" \/>\n\t<meta property=\"og:image:height\" content=\"600\" \/>\n\t<meta property=\"og:image:type\" content=\"image\/jpeg\" \/>\n<meta name=\"twitter:card\" content=\"summary_large_image\" \/>\n<meta name=\"twitter:label1\" content=\"Est. reading time\" \/>\n\t<meta name=\"twitter:data1\" content=\"1 minute\" \/>\n<script type=\"application\/ld+json\" class=\"yoast-schema-graph\">{\"@context\":\"https:\\\/\\\/schema.org\",\"@graph\":[{\"@type\":\"WebPage\",\"@id\":\"https:\\\/\\\/medicinasinc.com\\\/cs\\\/product\\\/koupit-havajska-borovice-konopny-kvet\\\/\",\"url\":\"https:\\\/\\\/medicinasinc.com\\\/cs\\\/product\\\/koupit-havajska-borovice-konopny-kvet\\\/\",\"name\":\"Kupte si kv\u011bt havajsk\u00e9 borovice konop\u00ed \u2013 nejlep\u0161\u00ed nejlep\u0161\u00ed glob\u00e1ln\u00ed l\u00e9ky\",\"isPartOf\":{\"@id\":\"https:\\\/\\\/medicinasinc.com\\\/cs\\\/#website\"},\"primaryImageOfPage\":{\"@id\":\"https:\\\/\\\/medicinasinc.com\\\/cs\\\/product\\\/koupit-havajska-borovice-konopny-kvet\\\/#primaryimage\"},\"image\":{\"@id\":\"https:\\\/\\\/medicinasinc.com\\\/cs\\\/product\\\/koupit-havajska-borovice-konopny-kvet\\\/#primaryimage\"},\"thumbnailUrl\":\"https:\\\/\\\/medicinasinc.com\\\/cs\\\/wp-content\\\/uploads\\\/sites\\\/2\\\/2022\\\/02\\\/Buy-Hawaiian-Pine-Hemp-Flower-Onlin.jpg\",\"datePublished\":\"2022-02-20T15:30:50+00:00\",\"dateModified\":\"2022-03-14T12:52:36+00:00\",\"description\":\"Kupte si kv\u011bt havajsk\u00e9 borovice CBD konop\u00ed (1 libra) online na bestglobalmeds.com. Nakupujte \u0161irok\u00fd v\u00fdb\u011br produkt\u016f z marihuany a dal\u0161\u00ed. Doprava zdarma.\",\"breadcrumb\":{\"@id\":\"https:\\\/\\\/medicinasinc.com\\\/cs\\\/product\\\/koupit-havajska-borovice-konopny-kvet\\\/#breadcrumb\"},\"inLanguage\":\"en-US\",\"potentialAction\":[{\"@type\":\"ReadAction\",\"target\":[\"https:\\\/\\\/medicinasinc.com\\\/cs\\\/product\\\/koupit-havajska-borovice-konopny-kvet\\\/\"]}]},{\"@type\":\"ImageObject\",\"inLanguage\":\"en-US\",\"@id\":\"https:\\\/\\\/medicinasinc.com\\\/cs\\\/product\\\/koupit-havajska-borovice-konopny-kvet\\\/#primaryimage\",\"url\":\"https:\\\/\\\/medicinasinc.com\\\/cs\\\/wp-content\\\/uploads\\\/sites\\\/2\\\/2022\\\/02\\\/Buy-Hawaiian-Pine-Hemp-Flower-Onlin.jpg\",\"contentUrl\":\"https:\\\/\\\/medicinasinc.com\\\/cs\\\/wp-content\\\/uploads\\\/sites\\\/2\\\/2022\\\/02\\\/Buy-Hawaiian-Pine-Hemp-Flower-Onlin.jpg\",\"width\":600,\"height\":600},{\"@type\":\"BreadcrumbList\",\"@id\":\"https:\\\/\\\/medicinasinc.com\\\/cs\\\/product\\\/koupit-havajska-borovice-konopny-kvet\\\/#breadcrumb\",\"itemListElement\":[{\"@type\":\"ListItem\",\"position\":1,\"name\":\"Obchod\",\"item\":\"https:\\\/\\\/medicinasinc.com\\\/cs\\\/obchod\\\/\"},{\"@type\":\"ListItem\",\"position\":2,\"name\":\"Kupte si kv\u011bt havajsk\u00e9 borovice konop\u00ed\"}]},{\"@type\":\"WebSite\",\"@id\":\"https:\\\/\\\/medicinasinc.com\\\/cs\\\/#website\",\"url\":\"https:\\\/\\\/medicinasinc.com\\\/cs\\\/\",\"name\":\"Medicinas Inc\",\"description\":\"Health Medical Clinic\",\"potentialAction\":[{\"@type\":\"SearchAction\",\"target\":{\"@type\":\"EntryPoint\",\"urlTemplate\":\"https:\\\/\\\/medicinasinc.com\\\/cs\\\/?s={search_term_string}\"},\"query-input\":{\"@type\":\"PropertyValueSpecification\",\"valueRequired\":true,\"valueName\":\"search_term_string\"}}],\"inLanguage\":\"en-US\"}]}<\/script>\n<!-- \/ Yoast SEO plugin. -->","yoast_head_json":{"title":"Kupte si kv\u011bt havajsk\u00e9 borovice konop\u00ed \u2013 nejlep\u0161\u00ed nejlep\u0161\u00ed glob\u00e1ln\u00ed l\u00e9ky","description":"Kupte si kv\u011bt havajsk\u00e9 borovice CBD konop\u00ed (1 libra) online na bestglobalmeds.com. Nakupujte \u0161irok\u00fd v\u00fdb\u011br produkt\u016f z marihuany a dal\u0161\u00ed. Doprava zdarma.","robots":{"index":"index","follow":"follow","max-snippet":"max-snippet:-1","max-image-preview":"max-image-preview:large","max-video-preview":"max-video-preview:-1"},"canonical":"https:\/\/medicinasinc.com\/cs\/product\/koupit-havajska-borovice-konopny-kvet\/","og_locale":"en_US","og_type":"article","og_title":"Kupte si kv\u011bt havajsk\u00e9 borovice konop\u00ed \u2013 nejlep\u0161\u00ed nejlep\u0161\u00ed glob\u00e1ln\u00ed l\u00e9ky","og_description":"Kupte si kv\u011bt havajsk\u00e9 borovice CBD konop\u00ed (1 libra) online na bestglobalmeds.com. Nakupujte \u0161irok\u00fd v\u00fdb\u011br produkt\u016f z marihuany a dal\u0161\u00ed. Doprava zdarma.","og_url":"https:\/\/medicinasinc.com\/cs\/product\/koupit-havajska-borovice-konopny-kvet\/","og_site_name":"Medicinas Inc","article_modified_time":"2022-03-14T12:52:36+00:00","og_image":[{"width":600,"height":600,"url":"https:\/\/medicinasinc.com\/cs\/wp-content\/uploads\/sites\/2\/2022\/02\/Buy-Hawaiian-Pine-Hemp-Flower-Onlin.jpg","type":"image\/jpeg"}],"twitter_card":"summary_large_image","twitter_misc":{"Est. reading time":"1 minute"},"schema":{"@context":"https:\/\/schema.org","@graph":[{"@type":"WebPage","@id":"https:\/\/medicinasinc.com\/cs\/product\/koupit-havajska-borovice-konopny-kvet\/","url":"https:\/\/medicinasinc.com\/cs\/product\/koupit-havajska-borovice-konopny-kvet\/","name":"Kupte si kv\u011bt havajsk\u00e9 borovice konop\u00ed \u2013 nejlep\u0161\u00ed nejlep\u0161\u00ed glob\u00e1ln\u00ed l\u00e9ky","isPartOf":{"@id":"https:\/\/medicinasinc.com\/cs\/#website"},"primaryImageOfPage":{"@id":"https:\/\/medicinasinc.com\/cs\/product\/koupit-havajska-borovice-konopny-kvet\/#primaryimage"},"image":{"@id":"https:\/\/medicinasinc.com\/cs\/product\/koupit-havajska-borovice-konopny-kvet\/#primaryimage"},"thumbnailUrl":"https:\/\/medicinasinc.com\/cs\/wp-content\/uploads\/sites\/2\/2022\/02\/Buy-Hawaiian-Pine-Hemp-Flower-Onlin.jpg","datePublished":"2022-02-20T15:30:50+00:00","dateModified":"2022-03-14T12:52:36+00:00","description":"Kupte si kv\u011bt havajsk\u00e9 borovice CBD konop\u00ed (1 libra) online na bestglobalmeds.com. Nakupujte \u0161irok\u00fd v\u00fdb\u011br produkt\u016f z marihuany a dal\u0161\u00ed. Doprava zdarma.","breadcrumb":{"@id":"https:\/\/medicinasinc.com\/cs\/product\/koupit-havajska-borovice-konopny-kvet\/#breadcrumb"},"inLanguage":"en-US","potentialAction":[{"@type":"ReadAction","target":["https:\/\/medicinasinc.com\/cs\/product\/koupit-havajska-borovice-konopny-kvet\/"]}]},{"@type":"ImageObject","inLanguage":"en-US","@id":"https:\/\/medicinasinc.com\/cs\/product\/koupit-havajska-borovice-konopny-kvet\/#primaryimage","url":"https:\/\/medicinasinc.com\/cs\/wp-content\/uploads\/sites\/2\/2022\/02\/Buy-Hawaiian-Pine-Hemp-Flower-Onlin.jpg","contentUrl":"https:\/\/medicinasinc.com\/cs\/wp-content\/uploads\/sites\/2\/2022\/02\/Buy-Hawaiian-Pine-Hemp-Flower-Onlin.jpg","width":600,"height":600},{"@type":"BreadcrumbList","@id":"https:\/\/medicinasinc.com\/cs\/product\/koupit-havajska-borovice-konopny-kvet\/#breadcrumb","itemListElement":[{"@type":"ListItem","position":1,"name":"Obchod","item":"https:\/\/medicinasinc.com\/cs\/obchod\/"},{"@type":"ListItem","position":2,"name":"Kupte si kv\u011bt havajsk\u00e9 borovice konop\u00ed"}]},{"@type":"WebSite","@id":"https:\/\/medicinasinc.com\/cs\/#website","url":"https:\/\/medicinasinc.com\/cs\/","name":"Medicinas Inc","description":"Health Medical Clinic","potentialAction":[{"@type":"SearchAction","target":{"@type":"EntryPoint","urlTemplate":"https:\/\/medicinasinc.com\/cs\/?s={search_term_string}"},"query-input":{"@type":"PropertyValueSpecification","valueRequired":true,"valueName":"search_term_string"}}],"inLanguage":"en-US"}]}},"_links":{"self":[{"href":"https:\/\/medicinasinc.com\/cs\/wp-json\/wp\/v2\/product\/4748","targetHints":{"allow":["GET"]}}],"collection":[{"href":"https:\/\/medicinasinc.com\/cs\/wp-json\/wp\/v2\/product"}],"about":[{"href":"https:\/\/medicinasinc.com\/cs\/wp-json\/wp\/v2\/types\/product"}],"replies":[{"embeddable":true,"href":"https:\/\/medicinasinc.com\/cs\/wp-json\/wp\/v2\/comments?post=4748"}],"wp:featuredmedia":[{"embeddable":true,"href":"https:\/\/medicinasinc.com\/cs\/wp-json\/wp\/v2\/media\/4760"}],"wp:attachment":[{"href":"https:\/\/medicinasinc.com\/cs\/wp-json\/wp\/v2\/media?parent=4748"}],"wp:term":[{"taxonomy":"product_brand","embeddable":true,"href":"https:\/\/medicinasinc.com\/cs\/wp-json\/wp\/v2\/product_brand?post=4748"},{"taxonomy":"product_cat","embeddable":true,"href":"https:\/\/medicinasinc.com\/cs\/wp-json\/wp\/v2\/product_cat?post=4748"},{"taxonomy":"product_tag","embeddable":true,"href":"https:\/\/medicinasinc.com\/cs\/wp-json\/wp\/v2\/product_tag?post=4748"}],"curies":[{"name":"wp","href":"https:\/\/api.w.org\/{rel}","templated":true}]}}