{"id":4734,"date":"2022-02-20T15:19:28","date_gmt":"2022-02-20T15:19:28","guid":{"rendered":"https:\/\/medicinasinc.com\/cs\/?post_type=product&#038;p=4734"},"modified":"2022-03-14T12:52:46","modified_gmt":"2022-03-14T12:52:46","slug":"thc-live-diamonds-superior-extract","status":"publish","type":"product","link":"https:\/\/medicinasinc.com\/cs\/product\/thc-live-diamonds-superior-extract\/","title":{"rendered":"\u017div\u00e9 diamanty THC \u2013 vynikaj\u00edc\u00ed extrakt"},"content":{"rendered":"<p>THC Live Diamonds \u0161pi\u010dkov\u00e9 kvality<br \/> Superior THC Live Diamonds, \u010dasto ozna\u010dovan\u00e9 jako \u201enejsiln\u011bj\u0161\u00ed kous\u00ed\u010dky na sv\u011bt\u011b\u201c, jsou nov\u00fdm extraktem, kter\u00fd se rychle prosazuje v komunit\u011b konop\u00ed jako nej\u00fa\u010dinn\u011bj\u0161\u00ed koncentr\u00e1t na trhu. Tento krystalizovan\u00fd extrakt obsahuje v\u00edce ne\u017e 99 procent \u010dist\u00e9ho THC-A \u2013 kter\u00e9 p\u0159i konzumaci nevyvol\u00e1v\u00e1 psychoaktivn\u00ed \u00fa\u010dinek, ale vy\u017eaduje dekarboxylaci (spalov\u00e1n\u00ed), aby se p\u0159em\u011bnil na psychoaktivn\u00ed THC.<\/p>\n<p>Superior THC Live Diamonds jsou vyrobeny z \u017eiv\u00fdch prysky\u0159ice, kter\u00e1 pom\u00e1h\u00e1 zadr\u017eovat terpeny, co\u017e m\u00e1 za n\u00e1sledek chutn\u011bj\u0161\u00ed koncentr\u00e1t!<br \/> Zat\u00edmco je \u017eiv\u00e1 prysky\u0159ice visk\u00f3zn\u00ed, je uzav\u0159ena v tlakov\u00e9 n\u00e1dob\u011b a ponech\u00e1na vychladnout na pokojovou teplotu. V t\u00e9to sm\u011bsi se tvo\u0159\u00ed krystaly THCA, kter\u00e9 \u010dasem padaj\u00ed na dno n\u00e1doby. Zbytkov\u00e9 terpeny v \u017eiv\u00e9 prysky\u0159ici stoupaj\u00ed k povrchu a tvo\u0159\u00ed visk\u00f3zn\u00ed vrstvu. V\u00fdsledkem je, \u017ee vznikne koncentr\u00e1t obsahuj\u00edc\u00ed 97\u201399 procent THC spolu s p\u0159\u00edchut\u00ed a l\u00e9\u010div\u00fdmi vlastnostmi kmenov\u011b specifick\u00fdch terpen\u016f.<\/p>\n","protected":false},"excerpt":{"rendered":"<ul>\n<li>Koncentr\u00e1t slo\u017een\u00fd z 97-99% THC<\/li>\n<li>99% \u010dist\u00e9 THC-A<\/li>\n<li>Canada Post Xpresspost Doprava ZDARMA pro objedn\u00e1vky nad 99 $<\/li>\n<li>Pouze doprava po cel\u00e9 Kanad\u011b<\/li>\n<li>\u00dapln\u00fd popis produktu n\u00ed\u017ee<\/li>\n<\/ul>\n","protected":false},"featured_media":4747,"comment_status":"open","ping_status":"closed","template":"","meta":[],"product_brand":[],"product_cat":[610],"product_tag":[],"class_list":{"0":"post-4734","1":"product","2":"type-product","3":"status-publish","4":"has-post-thumbnail","6":"product_cat-koupit-hash-hashish","8":"first","9":"instock","10":"shipping-taxable","11":"purchasable","12":"product-type-variable","13":"has-default-attributes"},"yoast_head":"<!-- This site is optimized with the Yoast SEO plugin v27.3 - https:\/\/yoast.com\/product\/yoast-seo-wordpress\/ -->\n<title>\u017div\u00e9 diamanty THC \u2013 vynikaj\u00edc\u00ed extrakt \u2013 nejlep\u0161\u00ed nejlep\u0161\u00ed glob\u00e1ln\u00ed l\u00e9ky<\/title>\n<meta name=\"description\" content=\"Kupte si THC Live-Diamonds \u2013 vynikaj\u00edc\u00ed v\u00fdta\u017eky online s dopravou a doru\u010den\u00edm po cel\u00e9m sv\u011bt\u011b do v\u00e1mi preferovan\u00e9ho m\u00edsta. Zab\u00fdv\u00e1me se maloobchodn\u00edm a velkoobchodn\u00edm prodejem THC.\" \/>\n<meta name=\"robots\" content=\"index, follow, max-snippet:-1, max-image-preview:large, max-video-preview:-1\" \/>\n<link rel=\"canonical\" href=\"https:\/\/medicinasinc.com\/cs\/product\/thc-live-diamonds-superior-extract\/\" \/>\n<meta property=\"og:locale\" content=\"en_US\" \/>\n<meta property=\"og:type\" content=\"article\" \/>\n<meta property=\"og:title\" content=\"\u017div\u00e9 diamanty THC \u2013 vynikaj\u00edc\u00ed extrakt \u2013 nejlep\u0161\u00ed nejlep\u0161\u00ed glob\u00e1ln\u00ed l\u00e9ky\" \/>\n<meta property=\"og:description\" content=\"Kupte si THC Live-Diamonds \u2013 vynikaj\u00edc\u00ed v\u00fdta\u017eky online s dopravou a doru\u010den\u00edm po cel\u00e9m sv\u011bt\u011b do v\u00e1mi preferovan\u00e9ho m\u00edsta. Zab\u00fdv\u00e1me se maloobchodn\u00edm a velkoobchodn\u00edm prodejem THC.\" \/>\n<meta property=\"og:url\" content=\"https:\/\/medicinasinc.com\/cs\/product\/thc-live-diamonds-superior-extract\/\" \/>\n<meta property=\"og:site_name\" content=\"Medicinas Inc\" \/>\n<meta property=\"article:modified_time\" content=\"2022-03-14T12:52:46+00:00\" \/>\n<meta property=\"og:image\" content=\"https:\/\/medicinasinc.com\/cs\/wp-content\/uploads\/sites\/2\/2022\/02\/Buy-THC-Live-Diamonds-Superior-Extract.jpg\" \/>\n\t<meta property=\"og:image:width\" content=\"600\" \/>\n\t<meta property=\"og:image:height\" content=\"600\" \/>\n\t<meta property=\"og:image:type\" content=\"image\/jpeg\" \/>\n<meta name=\"twitter:card\" content=\"summary_large_image\" \/>\n<meta name=\"twitter:label1\" content=\"Est. reading time\" \/>\n\t<meta name=\"twitter:data1\" content=\"1 minute\" \/>\n<script type=\"application\/ld+json\" class=\"yoast-schema-graph\">{\"@context\":\"https:\\\/\\\/schema.org\",\"@graph\":[{\"@type\":\"WebPage\",\"@id\":\"https:\\\/\\\/medicinasinc.com\\\/cs\\\/product\\\/thc-live-diamonds-superior-extract\\\/\",\"url\":\"https:\\\/\\\/medicinasinc.com\\\/cs\\\/product\\\/thc-live-diamonds-superior-extract\\\/\",\"name\":\"\u017div\u00e9 diamanty THC \u2013 vynikaj\u00edc\u00ed extrakt \u2013 nejlep\u0161\u00ed nejlep\u0161\u00ed glob\u00e1ln\u00ed l\u00e9ky\",\"isPartOf\":{\"@id\":\"https:\\\/\\\/medicinasinc.com\\\/cs\\\/#website\"},\"primaryImageOfPage\":{\"@id\":\"https:\\\/\\\/medicinasinc.com\\\/cs\\\/product\\\/thc-live-diamonds-superior-extract\\\/#primaryimage\"},\"image\":{\"@id\":\"https:\\\/\\\/medicinasinc.com\\\/cs\\\/product\\\/thc-live-diamonds-superior-extract\\\/#primaryimage\"},\"thumbnailUrl\":\"https:\\\/\\\/medicinasinc.com\\\/cs\\\/wp-content\\\/uploads\\\/sites\\\/2\\\/2022\\\/02\\\/Buy-THC-Live-Diamonds-Superior-Extract.jpg\",\"datePublished\":\"2022-02-20T15:19:28+00:00\",\"dateModified\":\"2022-03-14T12:52:46+00:00\",\"description\":\"Kupte si THC Live-Diamonds \u2013 vynikaj\u00edc\u00ed v\u00fdta\u017eky online s dopravou a doru\u010den\u00edm po cel\u00e9m sv\u011bt\u011b do v\u00e1mi preferovan\u00e9ho m\u00edsta. Zab\u00fdv\u00e1me se maloobchodn\u00edm a velkoobchodn\u00edm prodejem THC.\",\"breadcrumb\":{\"@id\":\"https:\\\/\\\/medicinasinc.com\\\/cs\\\/product\\\/thc-live-diamonds-superior-extract\\\/#breadcrumb\"},\"inLanguage\":\"en-US\",\"potentialAction\":[{\"@type\":\"ReadAction\",\"target\":[\"https:\\\/\\\/medicinasinc.com\\\/cs\\\/product\\\/thc-live-diamonds-superior-extract\\\/\"]}]},{\"@type\":\"ImageObject\",\"inLanguage\":\"en-US\",\"@id\":\"https:\\\/\\\/medicinasinc.com\\\/cs\\\/product\\\/thc-live-diamonds-superior-extract\\\/#primaryimage\",\"url\":\"https:\\\/\\\/medicinasinc.com\\\/cs\\\/wp-content\\\/uploads\\\/sites\\\/2\\\/2022\\\/02\\\/Buy-THC-Live-Diamonds-Superior-Extract.jpg\",\"contentUrl\":\"https:\\\/\\\/medicinasinc.com\\\/cs\\\/wp-content\\\/uploads\\\/sites\\\/2\\\/2022\\\/02\\\/Buy-THC-Live-Diamonds-Superior-Extract.jpg\",\"width\":600,\"height\":600},{\"@type\":\"BreadcrumbList\",\"@id\":\"https:\\\/\\\/medicinasinc.com\\\/cs\\\/product\\\/thc-live-diamonds-superior-extract\\\/#breadcrumb\",\"itemListElement\":[{\"@type\":\"ListItem\",\"position\":1,\"name\":\"Obchod\",\"item\":\"https:\\\/\\\/medicinasinc.com\\\/cs\\\/obchod\\\/\"},{\"@type\":\"ListItem\",\"position\":2,\"name\":\"\u017div\u00e9 diamanty THC \u2013 vynikaj\u00edc\u00ed extrakt\"}]},{\"@type\":\"WebSite\",\"@id\":\"https:\\\/\\\/medicinasinc.com\\\/cs\\\/#website\",\"url\":\"https:\\\/\\\/medicinasinc.com\\\/cs\\\/\",\"name\":\"Medicinas Inc\",\"description\":\"Health Medical Clinic\",\"potentialAction\":[{\"@type\":\"SearchAction\",\"target\":{\"@type\":\"EntryPoint\",\"urlTemplate\":\"https:\\\/\\\/medicinasinc.com\\\/cs\\\/?s={search_term_string}\"},\"query-input\":{\"@type\":\"PropertyValueSpecification\",\"valueRequired\":true,\"valueName\":\"search_term_string\"}}],\"inLanguage\":\"en-US\"}]}<\/script>\n<!-- \/ Yoast SEO plugin. -->","yoast_head_json":{"title":"\u017div\u00e9 diamanty THC \u2013 vynikaj\u00edc\u00ed extrakt \u2013 nejlep\u0161\u00ed nejlep\u0161\u00ed glob\u00e1ln\u00ed l\u00e9ky","description":"Kupte si THC Live-Diamonds \u2013 vynikaj\u00edc\u00ed v\u00fdta\u017eky online s dopravou a doru\u010den\u00edm po cel\u00e9m sv\u011bt\u011b do v\u00e1mi preferovan\u00e9ho m\u00edsta. Zab\u00fdv\u00e1me se maloobchodn\u00edm a velkoobchodn\u00edm prodejem THC.","robots":{"index":"index","follow":"follow","max-snippet":"max-snippet:-1","max-image-preview":"max-image-preview:large","max-video-preview":"max-video-preview:-1"},"canonical":"https:\/\/medicinasinc.com\/cs\/product\/thc-live-diamonds-superior-extract\/","og_locale":"en_US","og_type":"article","og_title":"\u017div\u00e9 diamanty THC \u2013 vynikaj\u00edc\u00ed extrakt \u2013 nejlep\u0161\u00ed nejlep\u0161\u00ed glob\u00e1ln\u00ed l\u00e9ky","og_description":"Kupte si THC Live-Diamonds \u2013 vynikaj\u00edc\u00ed v\u00fdta\u017eky online s dopravou a doru\u010den\u00edm po cel\u00e9m sv\u011bt\u011b do v\u00e1mi preferovan\u00e9ho m\u00edsta. Zab\u00fdv\u00e1me se maloobchodn\u00edm a velkoobchodn\u00edm prodejem THC.","og_url":"https:\/\/medicinasinc.com\/cs\/product\/thc-live-diamonds-superior-extract\/","og_site_name":"Medicinas Inc","article_modified_time":"2022-03-14T12:52:46+00:00","og_image":[{"width":600,"height":600,"url":"https:\/\/medicinasinc.com\/cs\/wp-content\/uploads\/sites\/2\/2022\/02\/Buy-THC-Live-Diamonds-Superior-Extract.jpg","type":"image\/jpeg"}],"twitter_card":"summary_large_image","twitter_misc":{"Est. reading time":"1 minute"},"schema":{"@context":"https:\/\/schema.org","@graph":[{"@type":"WebPage","@id":"https:\/\/medicinasinc.com\/cs\/product\/thc-live-diamonds-superior-extract\/","url":"https:\/\/medicinasinc.com\/cs\/product\/thc-live-diamonds-superior-extract\/","name":"\u017div\u00e9 diamanty THC \u2013 vynikaj\u00edc\u00ed extrakt \u2013 nejlep\u0161\u00ed nejlep\u0161\u00ed glob\u00e1ln\u00ed l\u00e9ky","isPartOf":{"@id":"https:\/\/medicinasinc.com\/cs\/#website"},"primaryImageOfPage":{"@id":"https:\/\/medicinasinc.com\/cs\/product\/thc-live-diamonds-superior-extract\/#primaryimage"},"image":{"@id":"https:\/\/medicinasinc.com\/cs\/product\/thc-live-diamonds-superior-extract\/#primaryimage"},"thumbnailUrl":"https:\/\/medicinasinc.com\/cs\/wp-content\/uploads\/sites\/2\/2022\/02\/Buy-THC-Live-Diamonds-Superior-Extract.jpg","datePublished":"2022-02-20T15:19:28+00:00","dateModified":"2022-03-14T12:52:46+00:00","description":"Kupte si THC Live-Diamonds \u2013 vynikaj\u00edc\u00ed v\u00fdta\u017eky online s dopravou a doru\u010den\u00edm po cel\u00e9m sv\u011bt\u011b do v\u00e1mi preferovan\u00e9ho m\u00edsta. Zab\u00fdv\u00e1me se maloobchodn\u00edm a velkoobchodn\u00edm prodejem THC.","breadcrumb":{"@id":"https:\/\/medicinasinc.com\/cs\/product\/thc-live-diamonds-superior-extract\/#breadcrumb"},"inLanguage":"en-US","potentialAction":[{"@type":"ReadAction","target":["https:\/\/medicinasinc.com\/cs\/product\/thc-live-diamonds-superior-extract\/"]}]},{"@type":"ImageObject","inLanguage":"en-US","@id":"https:\/\/medicinasinc.com\/cs\/product\/thc-live-diamonds-superior-extract\/#primaryimage","url":"https:\/\/medicinasinc.com\/cs\/wp-content\/uploads\/sites\/2\/2022\/02\/Buy-THC-Live-Diamonds-Superior-Extract.jpg","contentUrl":"https:\/\/medicinasinc.com\/cs\/wp-content\/uploads\/sites\/2\/2022\/02\/Buy-THC-Live-Diamonds-Superior-Extract.jpg","width":600,"height":600},{"@type":"BreadcrumbList","@id":"https:\/\/medicinasinc.com\/cs\/product\/thc-live-diamonds-superior-extract\/#breadcrumb","itemListElement":[{"@type":"ListItem","position":1,"name":"Obchod","item":"https:\/\/medicinasinc.com\/cs\/obchod\/"},{"@type":"ListItem","position":2,"name":"\u017div\u00e9 diamanty THC \u2013 vynikaj\u00edc\u00ed extrakt"}]},{"@type":"WebSite","@id":"https:\/\/medicinasinc.com\/cs\/#website","url":"https:\/\/medicinasinc.com\/cs\/","name":"Medicinas Inc","description":"Health Medical Clinic","potentialAction":[{"@type":"SearchAction","target":{"@type":"EntryPoint","urlTemplate":"https:\/\/medicinasinc.com\/cs\/?s={search_term_string}"},"query-input":{"@type":"PropertyValueSpecification","valueRequired":true,"valueName":"search_term_string"}}],"inLanguage":"en-US"}]}},"_links":{"self":[{"href":"https:\/\/medicinasinc.com\/cs\/wp-json\/wp\/v2\/product\/4734","targetHints":{"allow":["GET"]}}],"collection":[{"href":"https:\/\/medicinasinc.com\/cs\/wp-json\/wp\/v2\/product"}],"about":[{"href":"https:\/\/medicinasinc.com\/cs\/wp-json\/wp\/v2\/types\/product"}],"replies":[{"embeddable":true,"href":"https:\/\/medicinasinc.com\/cs\/wp-json\/wp\/v2\/comments?post=4734"}],"wp:featuredmedia":[{"embeddable":true,"href":"https:\/\/medicinasinc.com\/cs\/wp-json\/wp\/v2\/media\/4747"}],"wp:attachment":[{"href":"https:\/\/medicinasinc.com\/cs\/wp-json\/wp\/v2\/media?parent=4734"}],"wp:term":[{"taxonomy":"product_brand","embeddable":true,"href":"https:\/\/medicinasinc.com\/cs\/wp-json\/wp\/v2\/product_brand?post=4734"},{"taxonomy":"product_cat","embeddable":true,"href":"https:\/\/medicinasinc.com\/cs\/wp-json\/wp\/v2\/product_cat?post=4734"},{"taxonomy":"product_tag","embeddable":true,"href":"https:\/\/medicinasinc.com\/cs\/wp-json\/wp\/v2\/product_tag?post=4734"}],"curies":[{"name":"wp","href":"https:\/\/api.w.org\/{rel}","templated":true}]}}