{"id":4733,"date":"2022-02-20T15:18:37","date_gmt":"2022-02-20T15:18:37","guid":{"rendered":"https:\/\/medicinasinc.com\/cs\/?post_type=product&#038;p=4733"},"modified":"2022-03-14T12:52:57","modified_gmt":"2022-03-14T12:52:57","slug":"koupit-ruzovy-kush-hash","status":"publish","type":"product","link":"https:\/\/medicinasinc.com\/cs\/product\/koupit-ruzovy-kush-hash\/","title":{"rendered":"Koupit Pink Kush Hash"},"content":{"rendered":"<p>Online n\u00e1kup Pink Kush Hash<\/p>\n<p>Ne\u017e si koup\u00edte leg\u00e1ln\u00ed hash online, je d\u016fle\u017eit\u00e9 porozum\u011bt tomu, co to je, jak souvis\u00ed s konop\u00edm a co ho odli\u0161uje od jin\u00fdch pleveln\u00fdch produkt\u016f. Hash, jin\u00fd v\u00fdraz pro \u201eha\u0161i\u0161\u201c, je konopn\u00fd koncentr\u00e1t p\u0159en\u00e1\u0161en\u00fd sm\u016flou z rostliny marihuany. Toho je dosa\u017eeno odd\u011blen\u00edm org\u00e1n\u016f m\u00edzy rostliny konop\u00ed, kter\u00e9 se souhrnn\u011b ozna\u010duj\u00ed jako trichomy, od jej\u00edch kv\u011bt\u016f. Je zn\u00e1mo, \u017ee tyto trichomy obsahuj\u00ed nejvy\u0161\u0161\u00ed koncentrace kanabinoid\u016f a terpen\u016f, co\u017e jsou chemick\u00e9 slou\u010deniny odpov\u011bdn\u00e9 za jedine\u010dn\u00e9 vlastnosti a vlastnosti Maryjane. D\u00edky vysok\u00e9 koncentraci kanabinoid\u016f a terpen\u016f v ha\u0161i m\u00e1 mimo\u0159\u00e1dnou schopnost vytv\u00e1\u0159et pro klienty s konop\u00edm ohromuj\u00edc\u00ed psychoaktivn\u00ed a l\u00e9\u010div\u00e1 setk\u00e1n\u00ed. Ha\u0161ov\u00fd olej je vysoce koncentrovan\u00e1 forma konop\u00ed, kterou lze kou\u0159it, odpa\u0159ovat, konzumovat nebo \u010distit na k\u016f\u017ei. Ob\u010das se o pou\u017eit\u00ed hashov\u00e9ho oleje mluv\u00ed jako o \u201edosahov\u00e1n\u00ed\u201c nebo \u201espot\u0159ebov\u00e1n\u00ed\u201c. Ha\u0161ov\u00fd olej poch\u00e1z\u00ed z rostlin konop\u00ed a obsahuje THC (delta-9-tetrahydrokanabinol), stejnou revolu\u010dn\u00ed slou\u010deninu, kter\u00e1 se nach\u00e1z\u00ed v jin\u00fdch produktech Maryjane.<\/p>\n<p>V ka\u017ed\u00e9m p\u0159\u00edpad\u011b je ha\u0161ov\u00fd olej \u00fa\u010dinn\u011bj\u0161\u00ed, obsahuje a\u017e 90 % \u010dist\u00e9 THC. Samoz\u0159ejm\u011b v jin\u00fdch \u010d\u00e1stech rostliny konop\u00ed se typick\u00e1 koncentrace THC pohybuje kolem 12 %. Trusted<\/p>\n<p>Extrakce CO2 je v sou\u010dasnosti nej\u00fa\u010dinn\u011bj\u0161\u00ed metodou t\u011b\u017eby THC oleje. Krom\u011b toho je to nejb\u011b\u017en\u011bj\u0161\u00ed a nejbezpe\u010dn\u011bj\u0161\u00ed zp\u016fsob v\u00fdroby konopn\u00e9ho oleje, destil\u00e1tu a \u017eiv\u00fdch \u017ev\u00fdka\u010dek. D\u016fvod, pro\u010d je v dne\u0161n\u00ed dob\u011b tak p\u0159evl\u00e1daj\u00edc\u00ed, je ten, \u017ee tento olej THC neobsahuje \u017e\u00e1dn\u00e1 dal\u0161\u00ed rozpou\u0161t\u011bdla, jako je louh nebo butan.<\/p>\n<p>V\u011bt\u0161ina olej\u016f THC obsahuje typ sni\u017euj\u00edc\u00ed se p\u0159ipravenosti. To je nezbytn\u00e9, aby si olej zachoval ide\u00e1ln\u00ed konzistenci pro vapov\u00e1n\u00ed. Nej\u00fa\u010dinn\u011bj\u0161\u00edmi reduk\u010dn\u00edmi \u010dinidly jsou rostlinn\u00fd glycerin a propylenglykol (VG a PG), kter\u00e9 se b\u011b\u017en\u011b vyskytuj\u00ed v b\u011b\u017en\u00fdch e-liquidech. N\u011bkolik z nich obsahuje r\u016fzn\u00e1 plniva, jako je PEG, a v\u00fdrazn\u011b nov\u011bji TEC Temper, co\u017e je dal\u0161\u00ed podm\u00ednka odvozen\u00e1 od konven\u010dn\u00edch terpen\u016f. Hash oil je mo\u017en\u00e9 zakoupit.<\/p>\n","protected":false},"excerpt":{"rendered":"<p>Koupit Pink Kush Hash na prodej ve Velk\u00e9 Brit\u00e1nii, Evrop\u011b online. Pink Kush, stejn\u011b vyhled\u00e1van\u00fd jako jeho p\u0159\u00edbuzn\u00fd OG Kush, je hybrid s dominantn\u00edm indikou se siln\u00fdmi \u00fa\u010dinky zam\u011b\u0159en\u00fdmi na t\u011blo. Objedn\u00e1vejte online HNED!<\/p>\n<ul>\n<li>Celosv\u011btov\u00e1 doprava<\/li>\n<li>Pro v\u011bt\u0161\u00ed objedn\u00e1vky n\u00e1s kontaktujte<\/li>\n<\/ul>\n","protected":false},"featured_media":4745,"comment_status":"open","ping_status":"closed","template":"","meta":[],"product_brand":[],"product_cat":[610],"product_tag":[],"class_list":{"0":"post-4733","1":"product","2":"type-product","3":"status-publish","4":"has-post-thumbnail","6":"product_cat-koupit-hash-hashish","8":"first","9":"instock","10":"shipping-taxable","11":"purchasable","12":"product-type-variable","13":"has-default-attributes"},"yoast_head":"<!-- This site is optimized with the Yoast SEO plugin v27.3 - https:\/\/yoast.com\/product\/yoast-seo-wordpress\/ -->\n<title>Kupte si Pink Kush Hash online \u2013 nejlep\u0161\u00ed nejlep\u0161\u00ed glob\u00e1ln\u00ed l\u00e9ky<\/title>\n<meta name=\"description\" content=\"Koupit Pink Kush Hash na prodej Spojen\u00e9 kr\u00e1lovstv\u00ed, Evropa online. Pink Kush, stejn\u011b vyhled\u00e1van\u00fd jako jeho p\u0159\u00edbuzn\u00fd OG Kush, je hybrid s dominantn\u00edm indikou se siln\u00fdmi \u00fa\u010dinky zam\u011b\u0159en\u00fdmi na t\u011blo. Objednejte online HNED!\" \/>\n<meta name=\"robots\" content=\"index, follow, max-snippet:-1, max-image-preview:large, max-video-preview:-1\" \/>\n<link rel=\"canonical\" href=\"https:\/\/medicinasinc.com\/cs\/product\/koupit-ruzovy-kush-hash\/\" \/>\n<meta property=\"og:locale\" content=\"en_US\" \/>\n<meta property=\"og:type\" content=\"article\" \/>\n<meta property=\"og:title\" content=\"Kupte si Pink Kush Hash online \u2013 nejlep\u0161\u00ed nejlep\u0161\u00ed glob\u00e1ln\u00ed l\u00e9ky\" \/>\n<meta property=\"og:description\" content=\"Koupit Pink Kush Hash na prodej Spojen\u00e9 kr\u00e1lovstv\u00ed, Evropa online. Pink Kush, stejn\u011b vyhled\u00e1van\u00fd jako jeho p\u0159\u00edbuzn\u00fd OG Kush, je hybrid s dominantn\u00edm indikou se siln\u00fdmi \u00fa\u010dinky zam\u011b\u0159en\u00fdmi na t\u011blo. Objednejte online HNED!\" \/>\n<meta property=\"og:url\" content=\"https:\/\/medicinasinc.com\/cs\/product\/koupit-ruzovy-kush-hash\/\" \/>\n<meta property=\"og:site_name\" content=\"Medicinas Inc\" \/>\n<meta property=\"article:modified_time\" content=\"2022-03-14T12:52:57+00:00\" \/>\n<meta property=\"og:image\" content=\"https:\/\/medicinasinc.com\/cs\/wp-content\/uploads\/sites\/2\/2022\/02\/buy-pink-kush-hash.jpg\" \/>\n\t<meta property=\"og:image:width\" content=\"600\" \/>\n\t<meta property=\"og:image:height\" content=\"600\" \/>\n\t<meta property=\"og:image:type\" content=\"image\/jpeg\" \/>\n<meta name=\"twitter:card\" content=\"summary_large_image\" \/>\n<meta name=\"twitter:label1\" content=\"Est. reading time\" \/>\n\t<meta name=\"twitter:data1\" content=\"2 minutes\" \/>\n<script type=\"application\/ld+json\" class=\"yoast-schema-graph\">{\"@context\":\"https:\\\/\\\/schema.org\",\"@graph\":[{\"@type\":\"WebPage\",\"@id\":\"https:\\\/\\\/medicinasinc.com\\\/cs\\\/product\\\/koupit-ruzovy-kush-hash\\\/\",\"url\":\"https:\\\/\\\/medicinasinc.com\\\/cs\\\/product\\\/koupit-ruzovy-kush-hash\\\/\",\"name\":\"Kupte si Pink Kush Hash online \u2013 nejlep\u0161\u00ed nejlep\u0161\u00ed glob\u00e1ln\u00ed l\u00e9ky\",\"isPartOf\":{\"@id\":\"https:\\\/\\\/medicinasinc.com\\\/cs\\\/#website\"},\"primaryImageOfPage\":{\"@id\":\"https:\\\/\\\/medicinasinc.com\\\/cs\\\/product\\\/koupit-ruzovy-kush-hash\\\/#primaryimage\"},\"image\":{\"@id\":\"https:\\\/\\\/medicinasinc.com\\\/cs\\\/product\\\/koupit-ruzovy-kush-hash\\\/#primaryimage\"},\"thumbnailUrl\":\"https:\\\/\\\/medicinasinc.com\\\/cs\\\/wp-content\\\/uploads\\\/sites\\\/2\\\/2022\\\/02\\\/buy-pink-kush-hash.jpg\",\"datePublished\":\"2022-02-20T15:18:37+00:00\",\"dateModified\":\"2022-03-14T12:52:57+00:00\",\"description\":\"Koupit Pink Kush Hash na prodej Spojen\u00e9 kr\u00e1lovstv\u00ed, Evropa online. Pink Kush, stejn\u011b vyhled\u00e1van\u00fd jako jeho p\u0159\u00edbuzn\u00fd OG Kush, je hybrid s dominantn\u00edm indikou se siln\u00fdmi \u00fa\u010dinky zam\u011b\u0159en\u00fdmi na t\u011blo. Objednejte online HNED!\",\"breadcrumb\":{\"@id\":\"https:\\\/\\\/medicinasinc.com\\\/cs\\\/product\\\/koupit-ruzovy-kush-hash\\\/#breadcrumb\"},\"inLanguage\":\"en-US\",\"potentialAction\":[{\"@type\":\"ReadAction\",\"target\":[\"https:\\\/\\\/medicinasinc.com\\\/cs\\\/product\\\/koupit-ruzovy-kush-hash\\\/\"]}]},{\"@type\":\"ImageObject\",\"inLanguage\":\"en-US\",\"@id\":\"https:\\\/\\\/medicinasinc.com\\\/cs\\\/product\\\/koupit-ruzovy-kush-hash\\\/#primaryimage\",\"url\":\"https:\\\/\\\/medicinasinc.com\\\/cs\\\/wp-content\\\/uploads\\\/sites\\\/2\\\/2022\\\/02\\\/buy-pink-kush-hash.jpg\",\"contentUrl\":\"https:\\\/\\\/medicinasinc.com\\\/cs\\\/wp-content\\\/uploads\\\/sites\\\/2\\\/2022\\\/02\\\/buy-pink-kush-hash.jpg\",\"width\":600,\"height\":600},{\"@type\":\"BreadcrumbList\",\"@id\":\"https:\\\/\\\/medicinasinc.com\\\/cs\\\/product\\\/koupit-ruzovy-kush-hash\\\/#breadcrumb\",\"itemListElement\":[{\"@type\":\"ListItem\",\"position\":1,\"name\":\"Obchod\",\"item\":\"https:\\\/\\\/medicinasinc.com\\\/cs\\\/obchod\\\/\"},{\"@type\":\"ListItem\",\"position\":2,\"name\":\"Koupit Pink Kush Hash\"}]},{\"@type\":\"WebSite\",\"@id\":\"https:\\\/\\\/medicinasinc.com\\\/cs\\\/#website\",\"url\":\"https:\\\/\\\/medicinasinc.com\\\/cs\\\/\",\"name\":\"Medicinas Inc\",\"description\":\"Health Medical Clinic\",\"potentialAction\":[{\"@type\":\"SearchAction\",\"target\":{\"@type\":\"EntryPoint\",\"urlTemplate\":\"https:\\\/\\\/medicinasinc.com\\\/cs\\\/?s={search_term_string}\"},\"query-input\":{\"@type\":\"PropertyValueSpecification\",\"valueRequired\":true,\"valueName\":\"search_term_string\"}}],\"inLanguage\":\"en-US\"}]}<\/script>\n<!-- \/ Yoast SEO plugin. -->","yoast_head_json":{"title":"Kupte si Pink Kush Hash online \u2013 nejlep\u0161\u00ed nejlep\u0161\u00ed glob\u00e1ln\u00ed l\u00e9ky","description":"Koupit Pink Kush Hash na prodej Spojen\u00e9 kr\u00e1lovstv\u00ed, Evropa online. Pink Kush, stejn\u011b vyhled\u00e1van\u00fd jako jeho p\u0159\u00edbuzn\u00fd OG Kush, je hybrid s dominantn\u00edm indikou se siln\u00fdmi \u00fa\u010dinky zam\u011b\u0159en\u00fdmi na t\u011blo. Objednejte online HNED!","robots":{"index":"index","follow":"follow","max-snippet":"max-snippet:-1","max-image-preview":"max-image-preview:large","max-video-preview":"max-video-preview:-1"},"canonical":"https:\/\/medicinasinc.com\/cs\/product\/koupit-ruzovy-kush-hash\/","og_locale":"en_US","og_type":"article","og_title":"Kupte si Pink Kush Hash online \u2013 nejlep\u0161\u00ed nejlep\u0161\u00ed glob\u00e1ln\u00ed l\u00e9ky","og_description":"Koupit Pink Kush Hash na prodej Spojen\u00e9 kr\u00e1lovstv\u00ed, Evropa online. Pink Kush, stejn\u011b vyhled\u00e1van\u00fd jako jeho p\u0159\u00edbuzn\u00fd OG Kush, je hybrid s dominantn\u00edm indikou se siln\u00fdmi \u00fa\u010dinky zam\u011b\u0159en\u00fdmi na t\u011blo. Objednejte online HNED!","og_url":"https:\/\/medicinasinc.com\/cs\/product\/koupit-ruzovy-kush-hash\/","og_site_name":"Medicinas Inc","article_modified_time":"2022-03-14T12:52:57+00:00","og_image":[{"width":600,"height":600,"url":"https:\/\/medicinasinc.com\/cs\/wp-content\/uploads\/sites\/2\/2022\/02\/buy-pink-kush-hash.jpg","type":"image\/jpeg"}],"twitter_card":"summary_large_image","twitter_misc":{"Est. reading time":"2 minutes"},"schema":{"@context":"https:\/\/schema.org","@graph":[{"@type":"WebPage","@id":"https:\/\/medicinasinc.com\/cs\/product\/koupit-ruzovy-kush-hash\/","url":"https:\/\/medicinasinc.com\/cs\/product\/koupit-ruzovy-kush-hash\/","name":"Kupte si Pink Kush Hash online \u2013 nejlep\u0161\u00ed nejlep\u0161\u00ed glob\u00e1ln\u00ed l\u00e9ky","isPartOf":{"@id":"https:\/\/medicinasinc.com\/cs\/#website"},"primaryImageOfPage":{"@id":"https:\/\/medicinasinc.com\/cs\/product\/koupit-ruzovy-kush-hash\/#primaryimage"},"image":{"@id":"https:\/\/medicinasinc.com\/cs\/product\/koupit-ruzovy-kush-hash\/#primaryimage"},"thumbnailUrl":"https:\/\/medicinasinc.com\/cs\/wp-content\/uploads\/sites\/2\/2022\/02\/buy-pink-kush-hash.jpg","datePublished":"2022-02-20T15:18:37+00:00","dateModified":"2022-03-14T12:52:57+00:00","description":"Koupit Pink Kush Hash na prodej Spojen\u00e9 kr\u00e1lovstv\u00ed, Evropa online. Pink Kush, stejn\u011b vyhled\u00e1van\u00fd jako jeho p\u0159\u00edbuzn\u00fd OG Kush, je hybrid s dominantn\u00edm indikou se siln\u00fdmi \u00fa\u010dinky zam\u011b\u0159en\u00fdmi na t\u011blo. Objednejte online HNED!","breadcrumb":{"@id":"https:\/\/medicinasinc.com\/cs\/product\/koupit-ruzovy-kush-hash\/#breadcrumb"},"inLanguage":"en-US","potentialAction":[{"@type":"ReadAction","target":["https:\/\/medicinasinc.com\/cs\/product\/koupit-ruzovy-kush-hash\/"]}]},{"@type":"ImageObject","inLanguage":"en-US","@id":"https:\/\/medicinasinc.com\/cs\/product\/koupit-ruzovy-kush-hash\/#primaryimage","url":"https:\/\/medicinasinc.com\/cs\/wp-content\/uploads\/sites\/2\/2022\/02\/buy-pink-kush-hash.jpg","contentUrl":"https:\/\/medicinasinc.com\/cs\/wp-content\/uploads\/sites\/2\/2022\/02\/buy-pink-kush-hash.jpg","width":600,"height":600},{"@type":"BreadcrumbList","@id":"https:\/\/medicinasinc.com\/cs\/product\/koupit-ruzovy-kush-hash\/#breadcrumb","itemListElement":[{"@type":"ListItem","position":1,"name":"Obchod","item":"https:\/\/medicinasinc.com\/cs\/obchod\/"},{"@type":"ListItem","position":2,"name":"Koupit Pink Kush Hash"}]},{"@type":"WebSite","@id":"https:\/\/medicinasinc.com\/cs\/#website","url":"https:\/\/medicinasinc.com\/cs\/","name":"Medicinas Inc","description":"Health Medical Clinic","potentialAction":[{"@type":"SearchAction","target":{"@type":"EntryPoint","urlTemplate":"https:\/\/medicinasinc.com\/cs\/?s={search_term_string}"},"query-input":{"@type":"PropertyValueSpecification","valueRequired":true,"valueName":"search_term_string"}}],"inLanguage":"en-US"}]}},"_links":{"self":[{"href":"https:\/\/medicinasinc.com\/cs\/wp-json\/wp\/v2\/product\/4733","targetHints":{"allow":["GET"]}}],"collection":[{"href":"https:\/\/medicinasinc.com\/cs\/wp-json\/wp\/v2\/product"}],"about":[{"href":"https:\/\/medicinasinc.com\/cs\/wp-json\/wp\/v2\/types\/product"}],"replies":[{"embeddable":true,"href":"https:\/\/medicinasinc.com\/cs\/wp-json\/wp\/v2\/comments?post=4733"}],"wp:featuredmedia":[{"embeddable":true,"href":"https:\/\/medicinasinc.com\/cs\/wp-json\/wp\/v2\/media\/4745"}],"wp:attachment":[{"href":"https:\/\/medicinasinc.com\/cs\/wp-json\/wp\/v2\/media?parent=4733"}],"wp:term":[{"taxonomy":"product_brand","embeddable":true,"href":"https:\/\/medicinasinc.com\/cs\/wp-json\/wp\/v2\/product_brand?post=4733"},{"taxonomy":"product_cat","embeddable":true,"href":"https:\/\/medicinasinc.com\/cs\/wp-json\/wp\/v2\/product_cat?post=4733"},{"taxonomy":"product_tag","embeddable":true,"href":"https:\/\/medicinasinc.com\/cs\/wp-json\/wp\/v2\/product_tag?post=4733"}],"curies":[{"name":"wp","href":"https:\/\/api.w.org\/{rel}","templated":true}]}}