{"id":4717,"date":"2022-02-20T15:05:15","date_gmt":"2022-02-20T15:05:15","guid":{"rendered":"https:\/\/medicinasinc.com\/cs\/?post_type=product&#038;p=4717"},"modified":"2022-03-14T12:53:07","modified_gmt":"2022-03-14T12:53:07","slug":"buy-nepalese-stick-hash","status":"publish","type":"product","link":"https:\/\/medicinasinc.com\/cs\/product\/buy-nepalese-stick-hash\/","title":{"rendered":"Koupit Nep\u00e1lsk\u00fd Stick Hash"},"content":{"rendered":"<p>Online n\u00e1kup Nepalese Stick Hash<\/p>\n<p>Nepalese Stick Hash se p\u0159ipravuje stejn\u00fdm zp\u016fsobem jako Temple Balls. Rostliny konop\u00ed je p\u011bstuj\u00ed. Nejprve se sb\u00edraj\u00ed a skl\u00edzej\u00ed poupata nebo kv\u011bty konop\u00ed. T\u0159ete tyto pupeny mezi rukama, abyste extrahovali prysky\u0159ice nebo trichomy. Temple Balls jsou vytvo\u0159eny ze z\u00edskan\u00fdch prysky\u0159ic. Sp\u00e1nkov\u00e9 koule jsou pot\u00e9 p\u0159itla\u010deny na silnou, tvrdou polici nebo desku.<\/p>\n<p>Nep\u00e1lsk\u00e1 ty\u010dinka hash je zven\u010d\u00ed \u010dern\u00e1 a uvnit\u0159 nahn\u011bdl\u00e1. Obsahuj\u00ed t\u00e9m\u011b\u0159 15-20% THC. Jsou vysoce koncentrovan\u00e9 a maj\u00ed ko\u0159en\u011bnou nebo p\u0159eslazenou chu\u0165.<\/p>\n<p>\u00da\u010dinky:<\/p>\n<p>\u00da\u010dinky Stick Hash jsou obvykle z\u00e1visl\u00e9 na koncentrac\u00edch THC a prysky\u0159ice. Maj\u00ed tendenci zvy\u0161ovat va\u0161i t\u011blesnou teplotu a zvedat v\u00e1s na nebezpe\u010dn\u011b vysokou \u00farove\u0148, a to i v mal\u00fdch mno\u017estv\u00edch. Jeho pou\u017eit\u00ed je obecn\u011b bezpe\u010dn\u00e9 a m\u00e1 polo\u010das rozpadu 6-7 hodin. Tyto hash sticks jsou ide\u00e1ln\u00ed pro ty, kte\u0159\u00ed pot\u0159ebuj\u00ed z\u016fstat vysoko po del\u0161\u00ed dobu.<\/p>\n<p>Jak vyu\u017e\u00edt:<\/p>\n<p>Nepalese Stick Hash je produktem Nep\u00e1lu. Lze je kou\u0159it, louhovat do d\u00fdmky, za\u010dle\u0148ovat do pokrm\u016f nebo vapovat. Kdy\u017e se Stick Hash pou\u017eije v po\u017eivatin\u00e1ch, trv\u00e1 p\u0159ibli\u017en\u011b 1\u20132 hodiny, ne\u017e se nastartuje a projev\u00ed se efekt.<\/p>\n<p>Kde si mohu koupit Nep\u00e1lsk\u00fd Stick Hash na internetu?<\/p>\n<p>M\u016f\u017eete si ho zakoupit \u010derstv\u011b p\u0159ipraven\u00fd nep\u00e1lsk\u00fd hash stick na na\u0161ich webov\u00fdch str\u00e1nk\u00e1ch, poskytujeme v\u00e1m vysoce kvalitn\u00ed a extr\u00e9mn\u011b \u00fa\u010dinn\u00e9 hash sticks. Ty jsou vyr\u00e1b\u011bny p\u0159\u00edrodn\u00ed cestou v Nep\u00e1lu. M\u016f\u017eete si je zakoupit za rozumnou cenu a z\u00edskat je rychle.<\/p>\n","protected":false},"excerpt":{"rendered":"<p>Koupit Nepalese Stick Hash Online Nep\u00e1l\u0161tina ozna\u010duje jak\u00fdkoli kmen, kter\u00fd naivn\u011b roste v oblasti Nep\u00e1lu. Objednejte si tr\u00e1vu online, tyto p\u016fvodn\u00ed odr\u016fdy.<\/p>\n","protected":false},"featured_media":4730,"comment_status":"open","ping_status":"closed","template":"","meta":[],"product_brand":[],"product_cat":[610],"product_tag":[],"class_list":{"0":"post-4717","1":"product","2":"type-product","3":"status-publish","4":"has-post-thumbnail","6":"product_cat-koupit-hash-hashish","8":"first","9":"instock","10":"shipping-taxable","11":"purchasable","12":"product-type-variable","13":"has-default-attributes"},"yoast_head":"<!-- This site is optimized with the Yoast SEO plugin v27.3 - https:\/\/yoast.com\/product\/yoast-seo-wordpress\/ -->\n<title>Kupte si Nep\u00e1lskou ty\u010dinku Hash \u2013 nejlep\u0161\u00ed nejlep\u0161\u00ed glob\u00e1ln\u00ed l\u00e9ky<\/title>\n<meta name=\"description\" content=\"Koupit Nepalese Stick Hash Online Nep\u00e1l\u0161tina ozna\u010duje jak\u00fdkoli kmen, kter\u00fd naivn\u011b roste v oblasti Nep\u00e1lu. Objednejte si tr\u00e1vu online, tyto p\u016fvodn\u00ed odr\u016fdy.\" \/>\n<meta name=\"robots\" content=\"index, follow, max-snippet:-1, max-image-preview:large, max-video-preview:-1\" \/>\n<link rel=\"canonical\" href=\"https:\/\/medicinasinc.com\/cs\/product\/buy-nepalese-stick-hash\/\" \/>\n<meta property=\"og:locale\" content=\"en_US\" \/>\n<meta property=\"og:type\" content=\"article\" \/>\n<meta property=\"og:title\" content=\"Kupte si Nep\u00e1lskou ty\u010dinku Hash \u2013 nejlep\u0161\u00ed nejlep\u0161\u00ed glob\u00e1ln\u00ed l\u00e9ky\" \/>\n<meta property=\"og:description\" content=\"Koupit Nepalese Stick Hash Online Nep\u00e1l\u0161tina ozna\u010duje jak\u00fdkoli kmen, kter\u00fd naivn\u011b roste v oblasti Nep\u00e1lu. Objednejte si tr\u00e1vu online, tyto p\u016fvodn\u00ed odr\u016fdy.\" \/>\n<meta property=\"og:url\" content=\"https:\/\/medicinasinc.com\/cs\/product\/buy-nepalese-stick-hash\/\" \/>\n<meta property=\"og:site_name\" content=\"Medicinas Inc\" \/>\n<meta property=\"article:modified_time\" content=\"2022-03-14T12:53:07+00:00\" \/>\n<meta property=\"og:image\" content=\"https:\/\/medicinasinc.com\/cs\/wp-content\/uploads\/sites\/2\/2022\/02\/Buy-Nepalese-Stick-Hash.jpg\" \/>\n\t<meta property=\"og:image:width\" content=\"600\" \/>\n\t<meta property=\"og:image:height\" content=\"600\" \/>\n\t<meta property=\"og:image:type\" content=\"image\/jpeg\" \/>\n<meta name=\"twitter:card\" content=\"summary_large_image\" \/>\n<meta name=\"twitter:label1\" content=\"Est. reading time\" \/>\n\t<meta name=\"twitter:data1\" content=\"2 minutes\" \/>\n<script type=\"application\/ld+json\" class=\"yoast-schema-graph\">{\"@context\":\"https:\\\/\\\/schema.org\",\"@graph\":[{\"@type\":\"WebPage\",\"@id\":\"https:\\\/\\\/medicinasinc.com\\\/cs\\\/product\\\/buy-nepalese-stick-hash\\\/\",\"url\":\"https:\\\/\\\/medicinasinc.com\\\/cs\\\/product\\\/buy-nepalese-stick-hash\\\/\",\"name\":\"Kupte si Nep\u00e1lskou ty\u010dinku Hash \u2013 nejlep\u0161\u00ed nejlep\u0161\u00ed glob\u00e1ln\u00ed l\u00e9ky\",\"isPartOf\":{\"@id\":\"https:\\\/\\\/medicinasinc.com\\\/cs\\\/#website\"},\"primaryImageOfPage\":{\"@id\":\"https:\\\/\\\/medicinasinc.com\\\/cs\\\/product\\\/buy-nepalese-stick-hash\\\/#primaryimage\"},\"image\":{\"@id\":\"https:\\\/\\\/medicinasinc.com\\\/cs\\\/product\\\/buy-nepalese-stick-hash\\\/#primaryimage\"},\"thumbnailUrl\":\"https:\\\/\\\/medicinasinc.com\\\/cs\\\/wp-content\\\/uploads\\\/sites\\\/2\\\/2022\\\/02\\\/Buy-Nepalese-Stick-Hash.jpg\",\"datePublished\":\"2022-02-20T15:05:15+00:00\",\"dateModified\":\"2022-03-14T12:53:07+00:00\",\"description\":\"Koupit Nepalese Stick Hash Online Nep\u00e1l\u0161tina ozna\u010duje jak\u00fdkoli kmen, kter\u00fd naivn\u011b roste v oblasti Nep\u00e1lu. Objednejte si tr\u00e1vu online, tyto p\u016fvodn\u00ed odr\u016fdy.\",\"breadcrumb\":{\"@id\":\"https:\\\/\\\/medicinasinc.com\\\/cs\\\/product\\\/buy-nepalese-stick-hash\\\/#breadcrumb\"},\"inLanguage\":\"en-US\",\"potentialAction\":[{\"@type\":\"ReadAction\",\"target\":[\"https:\\\/\\\/medicinasinc.com\\\/cs\\\/product\\\/buy-nepalese-stick-hash\\\/\"]}]},{\"@type\":\"ImageObject\",\"inLanguage\":\"en-US\",\"@id\":\"https:\\\/\\\/medicinasinc.com\\\/cs\\\/product\\\/buy-nepalese-stick-hash\\\/#primaryimage\",\"url\":\"https:\\\/\\\/medicinasinc.com\\\/cs\\\/wp-content\\\/uploads\\\/sites\\\/2\\\/2022\\\/02\\\/Buy-Nepalese-Stick-Hash.jpg\",\"contentUrl\":\"https:\\\/\\\/medicinasinc.com\\\/cs\\\/wp-content\\\/uploads\\\/sites\\\/2\\\/2022\\\/02\\\/Buy-Nepalese-Stick-Hash.jpg\",\"width\":600,\"height\":600},{\"@type\":\"BreadcrumbList\",\"@id\":\"https:\\\/\\\/medicinasinc.com\\\/cs\\\/product\\\/buy-nepalese-stick-hash\\\/#breadcrumb\",\"itemListElement\":[{\"@type\":\"ListItem\",\"position\":1,\"name\":\"Obchod\",\"item\":\"https:\\\/\\\/medicinasinc.com\\\/cs\\\/obchod\\\/\"},{\"@type\":\"ListItem\",\"position\":2,\"name\":\"Koupit Nep\u00e1lsk\u00fd Stick Hash\"}]},{\"@type\":\"WebSite\",\"@id\":\"https:\\\/\\\/medicinasinc.com\\\/cs\\\/#website\",\"url\":\"https:\\\/\\\/medicinasinc.com\\\/cs\\\/\",\"name\":\"Medicinas Inc\",\"description\":\"Health Medical Clinic\",\"potentialAction\":[{\"@type\":\"SearchAction\",\"target\":{\"@type\":\"EntryPoint\",\"urlTemplate\":\"https:\\\/\\\/medicinasinc.com\\\/cs\\\/?s={search_term_string}\"},\"query-input\":{\"@type\":\"PropertyValueSpecification\",\"valueRequired\":true,\"valueName\":\"search_term_string\"}}],\"inLanguage\":\"en-US\"}]}<\/script>\n<!-- \/ Yoast SEO plugin. -->","yoast_head_json":{"title":"Kupte si Nep\u00e1lskou ty\u010dinku Hash \u2013 nejlep\u0161\u00ed nejlep\u0161\u00ed glob\u00e1ln\u00ed l\u00e9ky","description":"Koupit Nepalese Stick Hash Online Nep\u00e1l\u0161tina ozna\u010duje jak\u00fdkoli kmen, kter\u00fd naivn\u011b roste v oblasti Nep\u00e1lu. Objednejte si tr\u00e1vu online, tyto p\u016fvodn\u00ed odr\u016fdy.","robots":{"index":"index","follow":"follow","max-snippet":"max-snippet:-1","max-image-preview":"max-image-preview:large","max-video-preview":"max-video-preview:-1"},"canonical":"https:\/\/medicinasinc.com\/cs\/product\/buy-nepalese-stick-hash\/","og_locale":"en_US","og_type":"article","og_title":"Kupte si Nep\u00e1lskou ty\u010dinku Hash \u2013 nejlep\u0161\u00ed nejlep\u0161\u00ed glob\u00e1ln\u00ed l\u00e9ky","og_description":"Koupit Nepalese Stick Hash Online Nep\u00e1l\u0161tina ozna\u010duje jak\u00fdkoli kmen, kter\u00fd naivn\u011b roste v oblasti Nep\u00e1lu. Objednejte si tr\u00e1vu online, tyto p\u016fvodn\u00ed odr\u016fdy.","og_url":"https:\/\/medicinasinc.com\/cs\/product\/buy-nepalese-stick-hash\/","og_site_name":"Medicinas Inc","article_modified_time":"2022-03-14T12:53:07+00:00","og_image":[{"width":600,"height":600,"url":"https:\/\/medicinasinc.com\/cs\/wp-content\/uploads\/sites\/2\/2022\/02\/Buy-Nepalese-Stick-Hash.jpg","type":"image\/jpeg"}],"twitter_card":"summary_large_image","twitter_misc":{"Est. reading time":"2 minutes"},"schema":{"@context":"https:\/\/schema.org","@graph":[{"@type":"WebPage","@id":"https:\/\/medicinasinc.com\/cs\/product\/buy-nepalese-stick-hash\/","url":"https:\/\/medicinasinc.com\/cs\/product\/buy-nepalese-stick-hash\/","name":"Kupte si Nep\u00e1lskou ty\u010dinku Hash \u2013 nejlep\u0161\u00ed nejlep\u0161\u00ed glob\u00e1ln\u00ed l\u00e9ky","isPartOf":{"@id":"https:\/\/medicinasinc.com\/cs\/#website"},"primaryImageOfPage":{"@id":"https:\/\/medicinasinc.com\/cs\/product\/buy-nepalese-stick-hash\/#primaryimage"},"image":{"@id":"https:\/\/medicinasinc.com\/cs\/product\/buy-nepalese-stick-hash\/#primaryimage"},"thumbnailUrl":"https:\/\/medicinasinc.com\/cs\/wp-content\/uploads\/sites\/2\/2022\/02\/Buy-Nepalese-Stick-Hash.jpg","datePublished":"2022-02-20T15:05:15+00:00","dateModified":"2022-03-14T12:53:07+00:00","description":"Koupit Nepalese Stick Hash Online Nep\u00e1l\u0161tina ozna\u010duje jak\u00fdkoli kmen, kter\u00fd naivn\u011b roste v oblasti Nep\u00e1lu. Objednejte si tr\u00e1vu online, tyto p\u016fvodn\u00ed odr\u016fdy.","breadcrumb":{"@id":"https:\/\/medicinasinc.com\/cs\/product\/buy-nepalese-stick-hash\/#breadcrumb"},"inLanguage":"en-US","potentialAction":[{"@type":"ReadAction","target":["https:\/\/medicinasinc.com\/cs\/product\/buy-nepalese-stick-hash\/"]}]},{"@type":"ImageObject","inLanguage":"en-US","@id":"https:\/\/medicinasinc.com\/cs\/product\/buy-nepalese-stick-hash\/#primaryimage","url":"https:\/\/medicinasinc.com\/cs\/wp-content\/uploads\/sites\/2\/2022\/02\/Buy-Nepalese-Stick-Hash.jpg","contentUrl":"https:\/\/medicinasinc.com\/cs\/wp-content\/uploads\/sites\/2\/2022\/02\/Buy-Nepalese-Stick-Hash.jpg","width":600,"height":600},{"@type":"BreadcrumbList","@id":"https:\/\/medicinasinc.com\/cs\/product\/buy-nepalese-stick-hash\/#breadcrumb","itemListElement":[{"@type":"ListItem","position":1,"name":"Obchod","item":"https:\/\/medicinasinc.com\/cs\/obchod\/"},{"@type":"ListItem","position":2,"name":"Koupit Nep\u00e1lsk\u00fd Stick Hash"}]},{"@type":"WebSite","@id":"https:\/\/medicinasinc.com\/cs\/#website","url":"https:\/\/medicinasinc.com\/cs\/","name":"Medicinas Inc","description":"Health Medical Clinic","potentialAction":[{"@type":"SearchAction","target":{"@type":"EntryPoint","urlTemplate":"https:\/\/medicinasinc.com\/cs\/?s={search_term_string}"},"query-input":{"@type":"PropertyValueSpecification","valueRequired":true,"valueName":"search_term_string"}}],"inLanguage":"en-US"}]}},"_links":{"self":[{"href":"https:\/\/medicinasinc.com\/cs\/wp-json\/wp\/v2\/product\/4717","targetHints":{"allow":["GET"]}}],"collection":[{"href":"https:\/\/medicinasinc.com\/cs\/wp-json\/wp\/v2\/product"}],"about":[{"href":"https:\/\/medicinasinc.com\/cs\/wp-json\/wp\/v2\/types\/product"}],"replies":[{"embeddable":true,"href":"https:\/\/medicinasinc.com\/cs\/wp-json\/wp\/v2\/comments?post=4717"}],"wp:featuredmedia":[{"embeddable":true,"href":"https:\/\/medicinasinc.com\/cs\/wp-json\/wp\/v2\/media\/4730"}],"wp:attachment":[{"href":"https:\/\/medicinasinc.com\/cs\/wp-json\/wp\/v2\/media?parent=4717"}],"wp:term":[{"taxonomy":"product_brand","embeddable":true,"href":"https:\/\/medicinasinc.com\/cs\/wp-json\/wp\/v2\/product_brand?post=4717"},{"taxonomy":"product_cat","embeddable":true,"href":"https:\/\/medicinasinc.com\/cs\/wp-json\/wp\/v2\/product_cat?post=4717"},{"taxonomy":"product_tag","embeddable":true,"href":"https:\/\/medicinasinc.com\/cs\/wp-json\/wp\/v2\/product_tag?post=4717"}],"curies":[{"name":"wp","href":"https:\/\/api.w.org\/{rel}","templated":true}]}}