{"id":4716,"date":"2022-02-20T15:05:01","date_gmt":"2022-02-20T15:05:01","guid":{"rendered":"https:\/\/medicinasinc.com\/cs\/?post_type=product&#038;p=4716"},"modified":"2022-03-14T12:53:23","modified_gmt":"2022-03-14T12:53:23","slug":"koupit-nederhash-hashish","status":"publish","type":"product","link":"https:\/\/medicinasinc.com\/cs\/product\/koupit-nederhash-hashish\/","title":{"rendered":"Koupit Nederhash Hashish"},"content":{"rendered":"<p>Online n\u00e1kup Nederhash Hashishe<\/p>\n<p>Co p\u0159esn\u011b je hash? Hash se z\u00edsk\u00e1v\u00e1 z rostlin konop\u00ed p\u011bstovan\u00fdch v Nizozemsku. Rostliny se obvykle p\u011bstuj\u00ed uvnit\u0159, ale existuje tak\u00e9 n\u011bkolik venkovn\u00edch a sklen\u00edkov\u00fdch projekt\u016f. Generace: Techniky mont\u00e1\u017ee se li\u0161\u00ed podle v\u00fdrobce. Zat\u00edmco v\u011bt\u0161ina hashe je dod\u00e1v\u00e1na prost\u0159ednictv\u00edm screeningu, jako je tomu v Maroku, mal\u00e9 mno\u017estv\u00ed ru\u010dn\u011b vy\u010di\u0161t\u011bn\u00e9ho hashe se vyr\u00e1b\u00ed tak\u00e9 pomoc\u00ed afgh\u00e1nsk\u00e9 strategie (kter\u00e1 je samoz\u0159ejm\u011b v\u00fdrazn\u011b vylep\u0161ena). V ka\u017ed\u00e9m p\u0159\u00edpad\u011b je v ha\u0161i\u0161i zm\u011bn\u011bno pouze stopov\u00e9 mno\u017estv\u00ed Plevele. St\u00ednov\u00e1n\u00ed: Obecn\u011b velmi zelen\u00e9, ale li\u0161\u00ed se podle typu pou\u017eit\u00e9ho plevele a podle v\u00fdrobce. V\u016fn\u011b: Typicky tr\u00e1vov\u00e1 nebo skunky, ale to z\u00e1vis\u00ed na typu plevele. Chu\u0165: Shodn\u00e1 s d\u0159\u00edve uvedenou. Konzistence: Velk\u00e1 \u010d\u00e1st nizozemsk\u00e9ho ha\u0161i\u0161e nen\u00ed vylisov\u00e1na p\u0159esn\u011b (toto je \u0159emesln\u00e9 zpracov\u00e1n\u00ed) a \u010denichy jsou obvykle odd\u011bleny p\u0159\u00edli\u0161 efektivn\u011b. V ka\u017ed\u00e9m p\u0159\u00edpad\u011b se konzistence v posledn\u00ed dob\u011b zlep\u0161ila a zd\u00e1 se, \u017ee se rychle p\u0159izp\u016fsob\u00ed. Je z\u0159ejm\u00e9, \u017ee p\u0159edchoz\u00ed se nevztahuje na ru\u010dn\u011b vy\u010di\u0161t\u011bn\u00fd hash, kter\u00fd je extr\u00e9mn\u011b jemn\u00fd, podobn\u00fd afgh\u00e1nsk\u00e9mu. Typicky se hash skl\u00e1d\u00e1 z \u017eensk\u00fdch hlav, kter\u00e9 byly rozbity a zm\u00e1\u010dknuty pod obrovsk\u00fdm zat\u00ed\u017een\u00edm, aby vytvo\u0159ily silnou nepravidelnost, kter\u00e1 se \u00fapln\u011b rozpr\u00e1\u0161\u00ed. Typ High se li\u0161\u00ed podle pou\u017eit\u00e9ho kmene Weed, ale v\u011bt\u0161inou je High velmi dynamick\u00fd a mozkov\u00fd. Intenzita: Od siln\u00e9ho po siln\u00fd, tento materi\u00e1l p\u0159ekon\u00e1v\u00e1 jak\u00fdkoli jin\u00fd typ hash dostupn\u00e9 pr\u016fm\u011brn\u00e9mu u\u017eivateli. Dokonce p\u0159ekon\u00e1v\u00e1 v\u011bt\u0161inu Nep\u00e1lc\u016f a t\u00e9m\u011b\u0159 ka\u017ed\u00e9ho benevolentn\u00edho Afgh\u00e1nce. (Obsahuje a\u017e 59 procent THC) Dostupnost: Mimo Nizozemsko a sousedn\u00ed zem\u011b extr\u00e9mn\u011b vz\u00e1cn\u00e9. P\u0159i \u010dek\u00e1n\u00ed, a\u017e se tohle objev\u00ed na britsk\u00e9m trhu, bych nezadr\u017eoval dech. Obecn\u011b se kvalita li\u0161\u00ed, ale cena je v\u017edy vysok\u00e1. Pro holandsk\u00fd hash neexistuje \u017e\u00e1dn\u00e1 standardn\u00ed klasifikace. Sensi-Hash je n\u00e1zev pro mimo\u0159\u00e1dn\u00fd pr\u00e1\u0161ek, kter\u00fd je v podstat\u011b velmi hust\u011b zabalen\u00fdmi drahokamy THC.<\/p>\n<p>Jak vznik\u00e1 hash?<\/p>\n<p>V\u011bt\u0161ina hashe se vyr\u00e1b\u00ed t\u0159en\u00edm su\u0161en\u00fdch rostlin. proti velmi jemn\u00e9 s\u00edti. Pot\u00e9 trichomy propadnou s\u00edtem a odd\u011bl\u00ed je od rostlinn\u00e9ho materi\u00e1lu. Prysky\u0159i\u010dn\u00e9 \u017el\u00e1zy se pot\u00e9 zah\u0159ej\u00ed a stla\u010d\u00ed, aby vytvo\u0159ily soudr\u017enou hmotu ha\u0161i\u0161e.<\/p>\n<p>Ha\u0161i\u0161 vs. marihuana?<\/p>\n<p>Za prv\u00e9, z\u0159ejm\u00e1 souvislost mezi marihuanou a ha\u0161i\u0161em je, \u017ee oba jsou odvozeny ze stejn\u00e9 rostliny konop\u00ed. Jak u\u017e asi v\u00edte, kv\u011btin\u00e1\u010d je kv\u011btn\u00ed poup\u011b sami\u010d\u00ed rostliny konop\u00ed. Hash weed se skl\u00e1d\u00e1 ze stejn\u00fdch pupen\u016f jako marihuana, ale zpracov\u00e1v\u00e1 se jinak. Zat\u00edmco rostlina konop\u00ed je v pln\u00e9m kv\u011btu, skl\u00edzej\u00ed se poupata a farm\u00e1\u0159 pot\u00e9 postupuje jedn\u00edm ze dvou sm\u011br\u016f. V p\u0159\u00edpad\u011b ha\u0161e budou kv\u011btiny zav\u011b\u0161eny na su\u0161en\u00ed. V\u00fdsledn\u00fdm produktem je rostlina, kterou v\u0161ichni zn\u00e1me, po odstran\u011bn\u00ed ka\u017ed\u00e9ho semene, jara a p\u0159ebyte\u010dn\u00e9ho listu. Je zcela na v\u00e1s, zda d\u00e1te p\u0159ednost marihuan\u011b nebo ha\u0161i\u0161i, ale jedin\u00fd zp\u016fsob, jak z\u00edskat p\u0159\u00edstup ke v\u0161em v\u00fdhod\u00e1m konop\u00ed, je osobn\u00ed vzd\u011bl\u00e1v\u00e1n\u00ed. P\u0159ed kou\u0159en\u00edm prove\u010fte pr\u016fzkum a jako v\u017edy se p\u0159ihlaste k odb\u011bru na\u0161eho newsletteru, kde z\u00edsk\u00e1te dal\u0161\u00ed tipy a triky!<\/p>\n<p>Co p\u0159esn\u011b je ha\u0161i\u0161?<\/p>\n<p>Co je ha\u0161i\u0161? Ha\u0161i\u0161, alternativn\u011b ozna\u010dovan\u00fd jako \u201ehash\u201c, je druh pupen\u016f marihuany vytvo\u0159en\u00fdch lisov\u00e1n\u00edm a zpracov\u00e1n\u00edm trichom\u016f rostliny konop\u00ed. Obvykle se kou\u0159\u00ed v d\u00fdmce, bongu, vaporiz\u00e9ru nebo jointu, ale lze jej konzumovat i or\u00e1ln\u011b. Jak se vyr\u00e1b\u00ed ha\u0161i\u0161? Online n\u00e1kup Nederhash Ha\u0161i\u0161, ha\u0161i\u0161 se vyr\u00e1b\u00ed odd\u011blen\u00edm t\u011bchto trichom\u016f od pupen\u016f, list\u016f a stonk\u016f rostliny a jejich zah\u0159\u00e1t\u00edm\/lisov\u00e1n\u00edm, aby se vytvo\u0159ila \u00fa\u010dinn\u00e1 l\u00e1tka.<\/p>\n<p>Jak srolovat joint s hashem?<\/p>\n<p> p&gt; <\/p>\n<p>Zkombinujte to s tr\u00e1vou a tab\u00e1kem v spliff. Pokud m\u00e1te such\u00fd blok, m\u016f\u017eete jej jednodu\u0161e rozdrtit nebo odlomit mal\u00e9 obl\u00e1zky a za\u010dlenit do spole\u010dn\u00e9ho v\u00e1len\u00ed. Kombinujte s tab\u00e1kem nebo marihuanou. Druh\u00e1 metoda znamen\u00e1 intenzivn\u011bj\u0161\u00ed high, kter\u00e9 pravd\u011bpodobn\u011b budete vyhled\u00e1vat pokud jste hleda\u010dem dobrodru\u017estv\u00ed. Nejlep\u0161\u00ed zp\u016fsob, jak spojit hash joint, je rozb\u00edt hash a spojit ho s plevelem. Toto je skute\u010dn\u011b nejlep\u0161\u00ed zp\u016fsob, jak kou\u0159it hash, proto\u017ee se snadno sd\u00edl\u00ed a chu\u0165 ha\u0161e zlep\u0161uje doobie. Je ha\u0161i\u0161 leg\u00e1ln\u00ed ve Spojen\u00fdch st\u00e1tech? A\u010dkoli byl prodej konop\u00ed zak\u00e1z\u00e1n v roce 1989, z\u00e1kony jsou z\u0159\u00eddka vynucov\u00e1ny a droga se otev\u0159en\u011b prod\u00e1v\u00e1 v mnoha \u010d\u00e1stech zem\u011b. Barbados, Legal pro duchovn\u00ed pou\u017eit\u00ed registrovan\u00fdmi n\u00e1bo\u017eensk\u00fdmi organizacemi<\/p>\n<p>Jak\u00e9 jsou \u00fa\u010dinky ha\u0161i\u0161e?<\/p>\n<p>V kr\u00e1tkodob\u00e9m horizontu m\u016f\u017ee u\u017e\u00edv\u00e1n\u00ed ha\u0161i\u0161e zp\u016fsobit pot\u00ed\u017ee s pam\u011bt\u00ed a u\u010den\u00edm; zkreslen\u00e9 vn\u00edm\u00e1n\u00ed (zraky, zvuky, \u010das, dotek); pot\u00ed\u017ee s my\u0161len\u00edm a \u0159e\u0161en\u00edm probl\u00e9m\u016f; ztr\u00e1ta koordinace; a zv\u00fd\u0161en\u00e1 srde\u010dn\u00ed frekvence, \u00fazkost a z\u00e1chvaty paniky. Vzhledem k vysok\u00e9 koncentraci THC v ha\u0161i a dal\u0161\u00edch koncentr\u00e1tech mohou b\u00fdt \u00fa\u010dinky intenzivn\u011bj\u0161\u00ed.<\/p>\n<p>Bubble hash je koncentr\u00e1t konop\u00ed slo\u017een\u00fd z tis\u00edc\u016f trichom\u016f neboli prysky\u0159i\u010dn\u00fdch \u017el\u00e1zek, kter\u00e9 byly extrahov\u00e1ny z rostlina pomoc\u00ed ledov\u00e9 vody, m\u00edch\u00e1n\u00ed a s\u00edta. Term\u00edn &#8220;bubble hash&#8221; odkazuje na zp\u016fsob, jak\u00fdm bublina p\u0159i vystaven\u00ed plameni. S\u00e1\u010dky pou\u017e\u00edvan\u00e9 k dom\u00e1c\u00ed v\u00fdrob\u011b se nav\u00edc ozna\u010duj\u00ed jako \u201ebublinov\u00e9 s\u00e1\u010dky.\u201c<\/p>\n<p>Hash Plant, klasika Sensi Seeds, z\u016fst\u00e1v\u00e1 kompaktn\u00ed po celou dobu sv\u00e9ho ultra kr\u00e1tk\u00e9ho obdob\u00ed kv\u011btu. Tento produkt z 90 % z Indie je v\u00fdsledkem pe\u010dliv\u00e9 genetick\u00e9 selekce, kter\u00e1 zahrnovala k\u0159\u00ed\u017een\u00ed z\u00e1hadn\u00e9 rostliny Hash ze Spojen\u00fdch st\u00e1t\u016f s Northern Lights.<\/p>\n","protected":false},"excerpt":{"rendered":"<p>Online n\u00e1kup Nederhash Hashishe,\u00a0 Koupit l\u00e9ka\u0159skou marihuanu v N\u011bmecku Kde mohu koupit neleg\u00e1ln\u00ed drogy online? Internetov\u00e9 l\u00e9k\u00e1rny v m\u00e9m okol\u00ed Prodej drog na tmav\u00e9m webu.<\/p>\n<p>&nbsp;<\/p>\n","protected":false},"featured_media":4728,"comment_status":"open","ping_status":"closed","template":"","meta":[],"product_brand":[],"product_cat":[610],"product_tag":[],"class_list":{"0":"post-4716","1":"product","2":"type-product","3":"status-publish","4":"has-post-thumbnail","6":"product_cat-koupit-hash-hashish","8":"first","9":"instock","10":"shipping-taxable","11":"purchasable","12":"product-type-variable","13":"has-default-attributes"},"yoast_head":"<!-- This site is optimized with the Yoast SEO plugin v27.3 - https:\/\/yoast.com\/product\/yoast-seo-wordpress\/ -->\n<title>Kupte si Nederhash Hashish \u2013 Nejlep\u0161\u00ed nejlep\u0161\u00ed glob\u00e1ln\u00ed l\u00e9ky<\/title>\n<meta name=\"description\" content=\"Koupit Nederhash Hashish Online Koupit Medical Weed V N\u011bmecku Kde koupit neleg\u00e1ln\u00ed drogy online Drogy na prodej online v m\u00e9m okol\u00ed Drogy z prodeje Dark webu.\" \/>\n<meta name=\"robots\" content=\"index, follow, max-snippet:-1, max-image-preview:large, max-video-preview:-1\" \/>\n<link rel=\"canonical\" href=\"https:\/\/medicinasinc.com\/cs\/product\/koupit-nederhash-hashish\/\" \/>\n<meta property=\"og:locale\" content=\"en_US\" \/>\n<meta property=\"og:type\" content=\"article\" \/>\n<meta property=\"og:title\" content=\"Kupte si Nederhash Hashish \u2013 Nejlep\u0161\u00ed nejlep\u0161\u00ed glob\u00e1ln\u00ed l\u00e9ky\" \/>\n<meta property=\"og:description\" content=\"Koupit Nederhash Hashish Online Koupit Medical Weed V N\u011bmecku Kde koupit neleg\u00e1ln\u00ed drogy online Drogy na prodej online v m\u00e9m okol\u00ed Drogy z prodeje Dark webu.\" \/>\n<meta property=\"og:url\" content=\"https:\/\/medicinasinc.com\/cs\/product\/koupit-nederhash-hashish\/\" \/>\n<meta property=\"og:site_name\" content=\"Medicinas Inc\" \/>\n<meta property=\"article:modified_time\" content=\"2022-03-14T12:53:23+00:00\" \/>\n<meta property=\"og:image\" content=\"https:\/\/medicinasinc.com\/cs\/wp-content\/uploads\/sites\/2\/2022\/02\/Buy-Nederhash-Hashish-Online.jpg\" \/>\n\t<meta property=\"og:image:width\" content=\"600\" \/>\n\t<meta property=\"og:image:height\" content=\"600\" \/>\n\t<meta property=\"og:image:type\" content=\"image\/jpeg\" \/>\n<meta name=\"twitter:card\" content=\"summary_large_image\" \/>\n<meta name=\"twitter:label1\" content=\"Est. reading time\" \/>\n\t<meta name=\"twitter:data1\" content=\"4 minutes\" \/>\n<script type=\"application\/ld+json\" class=\"yoast-schema-graph\">{\"@context\":\"https:\\\/\\\/schema.org\",\"@graph\":[{\"@type\":\"WebPage\",\"@id\":\"https:\\\/\\\/medicinasinc.com\\\/cs\\\/product\\\/koupit-nederhash-hashish\\\/\",\"url\":\"https:\\\/\\\/medicinasinc.com\\\/cs\\\/product\\\/koupit-nederhash-hashish\\\/\",\"name\":\"Kupte si Nederhash Hashish \u2013 Nejlep\u0161\u00ed nejlep\u0161\u00ed glob\u00e1ln\u00ed l\u00e9ky\",\"isPartOf\":{\"@id\":\"https:\\\/\\\/medicinasinc.com\\\/cs\\\/#website\"},\"primaryImageOfPage\":{\"@id\":\"https:\\\/\\\/medicinasinc.com\\\/cs\\\/product\\\/koupit-nederhash-hashish\\\/#primaryimage\"},\"image\":{\"@id\":\"https:\\\/\\\/medicinasinc.com\\\/cs\\\/product\\\/koupit-nederhash-hashish\\\/#primaryimage\"},\"thumbnailUrl\":\"https:\\\/\\\/medicinasinc.com\\\/cs\\\/wp-content\\\/uploads\\\/sites\\\/2\\\/2022\\\/02\\\/Buy-Nederhash-Hashish-Online.jpg\",\"datePublished\":\"2022-02-20T15:05:01+00:00\",\"dateModified\":\"2022-03-14T12:53:23+00:00\",\"description\":\"Koupit Nederhash Hashish Online Koupit Medical Weed V N\u011bmecku Kde koupit neleg\u00e1ln\u00ed drogy online Drogy na prodej online v m\u00e9m okol\u00ed Drogy z prodeje Dark webu.\",\"breadcrumb\":{\"@id\":\"https:\\\/\\\/medicinasinc.com\\\/cs\\\/product\\\/koupit-nederhash-hashish\\\/#breadcrumb\"},\"inLanguage\":\"en-US\",\"potentialAction\":[{\"@type\":\"ReadAction\",\"target\":[\"https:\\\/\\\/medicinasinc.com\\\/cs\\\/product\\\/koupit-nederhash-hashish\\\/\"]}]},{\"@type\":\"ImageObject\",\"inLanguage\":\"en-US\",\"@id\":\"https:\\\/\\\/medicinasinc.com\\\/cs\\\/product\\\/koupit-nederhash-hashish\\\/#primaryimage\",\"url\":\"https:\\\/\\\/medicinasinc.com\\\/cs\\\/wp-content\\\/uploads\\\/sites\\\/2\\\/2022\\\/02\\\/Buy-Nederhash-Hashish-Online.jpg\",\"contentUrl\":\"https:\\\/\\\/medicinasinc.com\\\/cs\\\/wp-content\\\/uploads\\\/sites\\\/2\\\/2022\\\/02\\\/Buy-Nederhash-Hashish-Online.jpg\",\"width\":600,\"height\":600},{\"@type\":\"BreadcrumbList\",\"@id\":\"https:\\\/\\\/medicinasinc.com\\\/cs\\\/product\\\/koupit-nederhash-hashish\\\/#breadcrumb\",\"itemListElement\":[{\"@type\":\"ListItem\",\"position\":1,\"name\":\"Obchod\",\"item\":\"https:\\\/\\\/medicinasinc.com\\\/cs\\\/obchod\\\/\"},{\"@type\":\"ListItem\",\"position\":2,\"name\":\"Koupit Nederhash Hashish\"}]},{\"@type\":\"WebSite\",\"@id\":\"https:\\\/\\\/medicinasinc.com\\\/cs\\\/#website\",\"url\":\"https:\\\/\\\/medicinasinc.com\\\/cs\\\/\",\"name\":\"Medicinas Inc\",\"description\":\"Health Medical Clinic\",\"potentialAction\":[{\"@type\":\"SearchAction\",\"target\":{\"@type\":\"EntryPoint\",\"urlTemplate\":\"https:\\\/\\\/medicinasinc.com\\\/cs\\\/?s={search_term_string}\"},\"query-input\":{\"@type\":\"PropertyValueSpecification\",\"valueRequired\":true,\"valueName\":\"search_term_string\"}}],\"inLanguage\":\"en-US\"}]}<\/script>\n<!-- \/ Yoast SEO plugin. -->","yoast_head_json":{"title":"Kupte si Nederhash Hashish \u2013 Nejlep\u0161\u00ed nejlep\u0161\u00ed glob\u00e1ln\u00ed l\u00e9ky","description":"Koupit Nederhash Hashish Online Koupit Medical Weed V N\u011bmecku Kde koupit neleg\u00e1ln\u00ed drogy online Drogy na prodej online v m\u00e9m okol\u00ed Drogy z prodeje Dark webu.","robots":{"index":"index","follow":"follow","max-snippet":"max-snippet:-1","max-image-preview":"max-image-preview:large","max-video-preview":"max-video-preview:-1"},"canonical":"https:\/\/medicinasinc.com\/cs\/product\/koupit-nederhash-hashish\/","og_locale":"en_US","og_type":"article","og_title":"Kupte si Nederhash Hashish \u2013 Nejlep\u0161\u00ed nejlep\u0161\u00ed glob\u00e1ln\u00ed l\u00e9ky","og_description":"Koupit Nederhash Hashish Online Koupit Medical Weed V N\u011bmecku Kde koupit neleg\u00e1ln\u00ed drogy online Drogy na prodej online v m\u00e9m okol\u00ed Drogy z prodeje Dark webu.","og_url":"https:\/\/medicinasinc.com\/cs\/product\/koupit-nederhash-hashish\/","og_site_name":"Medicinas Inc","article_modified_time":"2022-03-14T12:53:23+00:00","og_image":[{"width":600,"height":600,"url":"https:\/\/medicinasinc.com\/cs\/wp-content\/uploads\/sites\/2\/2022\/02\/Buy-Nederhash-Hashish-Online.jpg","type":"image\/jpeg"}],"twitter_card":"summary_large_image","twitter_misc":{"Est. reading time":"4 minutes"},"schema":{"@context":"https:\/\/schema.org","@graph":[{"@type":"WebPage","@id":"https:\/\/medicinasinc.com\/cs\/product\/koupit-nederhash-hashish\/","url":"https:\/\/medicinasinc.com\/cs\/product\/koupit-nederhash-hashish\/","name":"Kupte si Nederhash Hashish \u2013 Nejlep\u0161\u00ed nejlep\u0161\u00ed glob\u00e1ln\u00ed l\u00e9ky","isPartOf":{"@id":"https:\/\/medicinasinc.com\/cs\/#website"},"primaryImageOfPage":{"@id":"https:\/\/medicinasinc.com\/cs\/product\/koupit-nederhash-hashish\/#primaryimage"},"image":{"@id":"https:\/\/medicinasinc.com\/cs\/product\/koupit-nederhash-hashish\/#primaryimage"},"thumbnailUrl":"https:\/\/medicinasinc.com\/cs\/wp-content\/uploads\/sites\/2\/2022\/02\/Buy-Nederhash-Hashish-Online.jpg","datePublished":"2022-02-20T15:05:01+00:00","dateModified":"2022-03-14T12:53:23+00:00","description":"Koupit Nederhash Hashish Online Koupit Medical Weed V N\u011bmecku Kde koupit neleg\u00e1ln\u00ed drogy online Drogy na prodej online v m\u00e9m okol\u00ed Drogy z prodeje Dark webu.","breadcrumb":{"@id":"https:\/\/medicinasinc.com\/cs\/product\/koupit-nederhash-hashish\/#breadcrumb"},"inLanguage":"en-US","potentialAction":[{"@type":"ReadAction","target":["https:\/\/medicinasinc.com\/cs\/product\/koupit-nederhash-hashish\/"]}]},{"@type":"ImageObject","inLanguage":"en-US","@id":"https:\/\/medicinasinc.com\/cs\/product\/koupit-nederhash-hashish\/#primaryimage","url":"https:\/\/medicinasinc.com\/cs\/wp-content\/uploads\/sites\/2\/2022\/02\/Buy-Nederhash-Hashish-Online.jpg","contentUrl":"https:\/\/medicinasinc.com\/cs\/wp-content\/uploads\/sites\/2\/2022\/02\/Buy-Nederhash-Hashish-Online.jpg","width":600,"height":600},{"@type":"BreadcrumbList","@id":"https:\/\/medicinasinc.com\/cs\/product\/koupit-nederhash-hashish\/#breadcrumb","itemListElement":[{"@type":"ListItem","position":1,"name":"Obchod","item":"https:\/\/medicinasinc.com\/cs\/obchod\/"},{"@type":"ListItem","position":2,"name":"Koupit Nederhash Hashish"}]},{"@type":"WebSite","@id":"https:\/\/medicinasinc.com\/cs\/#website","url":"https:\/\/medicinasinc.com\/cs\/","name":"Medicinas Inc","description":"Health Medical Clinic","potentialAction":[{"@type":"SearchAction","target":{"@type":"EntryPoint","urlTemplate":"https:\/\/medicinasinc.com\/cs\/?s={search_term_string}"},"query-input":{"@type":"PropertyValueSpecification","valueRequired":true,"valueName":"search_term_string"}}],"inLanguage":"en-US"}]}},"_links":{"self":[{"href":"https:\/\/medicinasinc.com\/cs\/wp-json\/wp\/v2\/product\/4716","targetHints":{"allow":["GET"]}}],"collection":[{"href":"https:\/\/medicinasinc.com\/cs\/wp-json\/wp\/v2\/product"}],"about":[{"href":"https:\/\/medicinasinc.com\/cs\/wp-json\/wp\/v2\/types\/product"}],"replies":[{"embeddable":true,"href":"https:\/\/medicinasinc.com\/cs\/wp-json\/wp\/v2\/comments?post=4716"}],"wp:featuredmedia":[{"embeddable":true,"href":"https:\/\/medicinasinc.com\/cs\/wp-json\/wp\/v2\/media\/4728"}],"wp:attachment":[{"href":"https:\/\/medicinasinc.com\/cs\/wp-json\/wp\/v2\/media?parent=4716"}],"wp:term":[{"taxonomy":"product_brand","embeddable":true,"href":"https:\/\/medicinasinc.com\/cs\/wp-json\/wp\/v2\/product_brand?post=4716"},{"taxonomy":"product_cat","embeddable":true,"href":"https:\/\/medicinasinc.com\/cs\/wp-json\/wp\/v2\/product_cat?post=4716"},{"taxonomy":"product_tag","embeddable":true,"href":"https:\/\/medicinasinc.com\/cs\/wp-json\/wp\/v2\/product_tag?post=4716"}],"curies":[{"name":"wp","href":"https:\/\/api.w.org\/{rel}","templated":true}]}}