{"id":4701,"date":"2022-02-20T14:53:39","date_gmt":"2022-02-20T14:53:39","guid":{"rendered":"https:\/\/medicinasinc.com\/cs\/?post_type=product&#038;p=4701"},"modified":"2022-03-14T12:53:35","modified_gmt":"2022-03-14T12:53:35","slug":"koupit-marocky-karamello-hash","status":"publish","type":"product","link":"https:\/\/medicinasinc.com\/cs\/product\/koupit-marocky-karamello-hash\/","title":{"rendered":"Kupte si marock\u00fd Caramello Hash"},"content":{"rendered":"<p>Kupte si Caramello Hash z Maroka<\/p>\n<p>Kupte si Caramello Hash z Maroka. Marock\u00fd Caramello Hash je klon ha\u0161i\u0161e. Obecn\u011b je to leg\u00e1ln\u00ed a z\u016fstane leg\u00e1ln\u00ed a\u017e do konce \u010dasu. Je bez THC, um\u011bl\u00fdch kanabinoid\u016f a dal\u0161\u00edch syntetick\u00fdch kanabinoid\u016f v\u00fdzkumn\u00e9 kvality (jako JWH-018, JWH-073, JWH-250, AM-2209 atd.). Je to t\u00e9m\u011b\u0159 jist\u011b nejlep\u0161\u00ed dostupn\u00fd pr\u00e1vn\u00ed hash. Pou\u017e\u00edv\u00e1me pouze p\u0159\u00edrodn\u00ed materi\u00e1ly bohat\u00e9 na \u017eiviny. Zd\u00e1 se, \u017ee ha\u0161 vypad\u00e1 jako ha\u0161, je jako ha\u0161, von\u00ed jako konop\u00ed a m\u00e1 celkov\u011b vynikaj\u00edc\u00ed chu\u0165. Marock\u00fd ha\u0161i\u0161 Caramello Hash je jen o m\u00e1lo tmav\u0161\u00ed ne\u017e na\u0161e ostatn\u00ed produkty. Pokud jste zv\u011bdav\u00ed na na\u0161e produkty, doporu\u010dujeme nejprve zakoupit vzorov\u00fd bal\u00ed\u010dek. Nakupujte leg\u00e1ln\u00ed l\u00e9ky online.<\/p>\n","protected":false},"excerpt":{"rendered":"<div class=\"woocommerce-product-details__short-description\">\n<p>Maroccan Caramello Hash lze zakoupit online a obsahuje 5 g esenci\u00e1ln\u00edho konopn\u00e9ho oleje. Moroccan Caramello Hash je \u010dist\u011b p\u0159\u00edrodn\u00ed produkt z konop\u00ed.<\/p>\n<p>P\u0158IJ\u00cdM\u00c1ME POUZE PROST\u0158EDNICTV\u00cdM WESTERN UNION, MONEY GRAM NEBO BTC. Dodac\u00ed lh\u016fta je p\u0159ibli\u017en\u011b t\u0159i dny nebo dvacet \u010dty\u0159i hodin.<\/p>\n<\/p><\/div>\n","protected":false},"featured_media":4714,"comment_status":"open","ping_status":"closed","template":"","meta":[],"product_brand":[],"product_cat":[610],"product_tag":[],"class_list":{"0":"post-4701","1":"product","2":"type-product","3":"status-publish","4":"has-post-thumbnail","6":"product_cat-koupit-hash-hashish","8":"first","9":"instock","10":"shipping-taxable","11":"purchasable","12":"product-type-variable","13":"has-default-attributes"},"yoast_head":"<!-- This site is optimized with the Yoast SEO plugin v27.3 - https:\/\/yoast.com\/product\/yoast-seo-wordpress\/ -->\n<title>Koupit marock\u00fd karamello hash - nejlep\u0161\u00ed nejlep\u0161\u00ed glob\u00e1ln\u00ed l\u00e9ky<\/title>\n<meta name=\"description\" content=\"Kupte si Maroccan Caramello Hash Online, obsahuje 5g esenci\u00e1ln\u00edho konopn\u00e9ho oleje. Moroccan Caramello Hash je 100% p\u0159\u00edrodn\u00ed hash produkt.\" \/>\n<meta name=\"robots\" content=\"index, follow, max-snippet:-1, max-image-preview:large, max-video-preview:-1\" \/>\n<link rel=\"canonical\" href=\"https:\/\/medicinasinc.com\/cs\/product\/koupit-marocky-karamello-hash\/\" \/>\n<meta property=\"og:locale\" content=\"en_US\" \/>\n<meta property=\"og:type\" content=\"article\" \/>\n<meta property=\"og:title\" content=\"Koupit marock\u00fd karamello hash - nejlep\u0161\u00ed nejlep\u0161\u00ed glob\u00e1ln\u00ed l\u00e9ky\" \/>\n<meta property=\"og:description\" content=\"Kupte si Maroccan Caramello Hash Online, obsahuje 5g esenci\u00e1ln\u00edho konopn\u00e9ho oleje. Moroccan Caramello Hash je 100% p\u0159\u00edrodn\u00ed hash produkt.\" \/>\n<meta property=\"og:url\" content=\"https:\/\/medicinasinc.com\/cs\/product\/koupit-marocky-karamello-hash\/\" \/>\n<meta property=\"og:site_name\" content=\"Medicinas Inc\" \/>\n<meta property=\"article:modified_time\" content=\"2022-03-14T12:53:35+00:00\" \/>\n<meta property=\"og:image\" content=\"https:\/\/medicinasinc.com\/cs\/wp-content\/uploads\/sites\/2\/2022\/02\/Buy-Moroccan-Caramello-Hash.jpg\" \/>\n\t<meta property=\"og:image:width\" content=\"600\" \/>\n\t<meta property=\"og:image:height\" content=\"600\" \/>\n\t<meta property=\"og:image:type\" content=\"image\/jpeg\" \/>\n<meta name=\"twitter:card\" content=\"summary_large_image\" \/>\n<meta name=\"twitter:label1\" content=\"Est. reading time\" \/>\n\t<meta name=\"twitter:data1\" content=\"1 minute\" \/>\n<script type=\"application\/ld+json\" class=\"yoast-schema-graph\">{\"@context\":\"https:\\\/\\\/schema.org\",\"@graph\":[{\"@type\":\"WebPage\",\"@id\":\"https:\\\/\\\/medicinasinc.com\\\/cs\\\/product\\\/koupit-marocky-karamello-hash\\\/\",\"url\":\"https:\\\/\\\/medicinasinc.com\\\/cs\\\/product\\\/koupit-marocky-karamello-hash\\\/\",\"name\":\"Koupit marock\u00fd karamello hash - nejlep\u0161\u00ed nejlep\u0161\u00ed glob\u00e1ln\u00ed l\u00e9ky\",\"isPartOf\":{\"@id\":\"https:\\\/\\\/medicinasinc.com\\\/cs\\\/#website\"},\"primaryImageOfPage\":{\"@id\":\"https:\\\/\\\/medicinasinc.com\\\/cs\\\/product\\\/koupit-marocky-karamello-hash\\\/#primaryimage\"},\"image\":{\"@id\":\"https:\\\/\\\/medicinasinc.com\\\/cs\\\/product\\\/koupit-marocky-karamello-hash\\\/#primaryimage\"},\"thumbnailUrl\":\"https:\\\/\\\/medicinasinc.com\\\/cs\\\/wp-content\\\/uploads\\\/sites\\\/2\\\/2022\\\/02\\\/Buy-Moroccan-Caramello-Hash.jpg\",\"datePublished\":\"2022-02-20T14:53:39+00:00\",\"dateModified\":\"2022-03-14T12:53:35+00:00\",\"description\":\"Kupte si Maroccan Caramello Hash Online, obsahuje 5g esenci\u00e1ln\u00edho konopn\u00e9ho oleje. Moroccan Caramello Hash je 100% p\u0159\u00edrodn\u00ed hash produkt.\",\"breadcrumb\":{\"@id\":\"https:\\\/\\\/medicinasinc.com\\\/cs\\\/product\\\/koupit-marocky-karamello-hash\\\/#breadcrumb\"},\"inLanguage\":\"en-US\",\"potentialAction\":[{\"@type\":\"ReadAction\",\"target\":[\"https:\\\/\\\/medicinasinc.com\\\/cs\\\/product\\\/koupit-marocky-karamello-hash\\\/\"]}]},{\"@type\":\"ImageObject\",\"inLanguage\":\"en-US\",\"@id\":\"https:\\\/\\\/medicinasinc.com\\\/cs\\\/product\\\/koupit-marocky-karamello-hash\\\/#primaryimage\",\"url\":\"https:\\\/\\\/medicinasinc.com\\\/cs\\\/wp-content\\\/uploads\\\/sites\\\/2\\\/2022\\\/02\\\/Buy-Moroccan-Caramello-Hash.jpg\",\"contentUrl\":\"https:\\\/\\\/medicinasinc.com\\\/cs\\\/wp-content\\\/uploads\\\/sites\\\/2\\\/2022\\\/02\\\/Buy-Moroccan-Caramello-Hash.jpg\",\"width\":600,\"height\":600},{\"@type\":\"BreadcrumbList\",\"@id\":\"https:\\\/\\\/medicinasinc.com\\\/cs\\\/product\\\/koupit-marocky-karamello-hash\\\/#breadcrumb\",\"itemListElement\":[{\"@type\":\"ListItem\",\"position\":1,\"name\":\"Obchod\",\"item\":\"https:\\\/\\\/medicinasinc.com\\\/cs\\\/obchod\\\/\"},{\"@type\":\"ListItem\",\"position\":2,\"name\":\"Kupte si marock\u00fd Caramello Hash\"}]},{\"@type\":\"WebSite\",\"@id\":\"https:\\\/\\\/medicinasinc.com\\\/cs\\\/#website\",\"url\":\"https:\\\/\\\/medicinasinc.com\\\/cs\\\/\",\"name\":\"Medicinas Inc\",\"description\":\"Health Medical Clinic\",\"potentialAction\":[{\"@type\":\"SearchAction\",\"target\":{\"@type\":\"EntryPoint\",\"urlTemplate\":\"https:\\\/\\\/medicinasinc.com\\\/cs\\\/?s={search_term_string}\"},\"query-input\":{\"@type\":\"PropertyValueSpecification\",\"valueRequired\":true,\"valueName\":\"search_term_string\"}}],\"inLanguage\":\"en-US\"}]}<\/script>\n<!-- \/ Yoast SEO plugin. -->","yoast_head_json":{"title":"Koupit marock\u00fd karamello hash - nejlep\u0161\u00ed nejlep\u0161\u00ed glob\u00e1ln\u00ed l\u00e9ky","description":"Kupte si Maroccan Caramello Hash Online, obsahuje 5g esenci\u00e1ln\u00edho konopn\u00e9ho oleje. Moroccan Caramello Hash je 100% p\u0159\u00edrodn\u00ed hash produkt.","robots":{"index":"index","follow":"follow","max-snippet":"max-snippet:-1","max-image-preview":"max-image-preview:large","max-video-preview":"max-video-preview:-1"},"canonical":"https:\/\/medicinasinc.com\/cs\/product\/koupit-marocky-karamello-hash\/","og_locale":"en_US","og_type":"article","og_title":"Koupit marock\u00fd karamello hash - nejlep\u0161\u00ed nejlep\u0161\u00ed glob\u00e1ln\u00ed l\u00e9ky","og_description":"Kupte si Maroccan Caramello Hash Online, obsahuje 5g esenci\u00e1ln\u00edho konopn\u00e9ho oleje. Moroccan Caramello Hash je 100% p\u0159\u00edrodn\u00ed hash produkt.","og_url":"https:\/\/medicinasinc.com\/cs\/product\/koupit-marocky-karamello-hash\/","og_site_name":"Medicinas Inc","article_modified_time":"2022-03-14T12:53:35+00:00","og_image":[{"width":600,"height":600,"url":"https:\/\/medicinasinc.com\/cs\/wp-content\/uploads\/sites\/2\/2022\/02\/Buy-Moroccan-Caramello-Hash.jpg","type":"image\/jpeg"}],"twitter_card":"summary_large_image","twitter_misc":{"Est. reading time":"1 minute"},"schema":{"@context":"https:\/\/schema.org","@graph":[{"@type":"WebPage","@id":"https:\/\/medicinasinc.com\/cs\/product\/koupit-marocky-karamello-hash\/","url":"https:\/\/medicinasinc.com\/cs\/product\/koupit-marocky-karamello-hash\/","name":"Koupit marock\u00fd karamello hash - nejlep\u0161\u00ed nejlep\u0161\u00ed glob\u00e1ln\u00ed l\u00e9ky","isPartOf":{"@id":"https:\/\/medicinasinc.com\/cs\/#website"},"primaryImageOfPage":{"@id":"https:\/\/medicinasinc.com\/cs\/product\/koupit-marocky-karamello-hash\/#primaryimage"},"image":{"@id":"https:\/\/medicinasinc.com\/cs\/product\/koupit-marocky-karamello-hash\/#primaryimage"},"thumbnailUrl":"https:\/\/medicinasinc.com\/cs\/wp-content\/uploads\/sites\/2\/2022\/02\/Buy-Moroccan-Caramello-Hash.jpg","datePublished":"2022-02-20T14:53:39+00:00","dateModified":"2022-03-14T12:53:35+00:00","description":"Kupte si Maroccan Caramello Hash Online, obsahuje 5g esenci\u00e1ln\u00edho konopn\u00e9ho oleje. Moroccan Caramello Hash je 100% p\u0159\u00edrodn\u00ed hash produkt.","breadcrumb":{"@id":"https:\/\/medicinasinc.com\/cs\/product\/koupit-marocky-karamello-hash\/#breadcrumb"},"inLanguage":"en-US","potentialAction":[{"@type":"ReadAction","target":["https:\/\/medicinasinc.com\/cs\/product\/koupit-marocky-karamello-hash\/"]}]},{"@type":"ImageObject","inLanguage":"en-US","@id":"https:\/\/medicinasinc.com\/cs\/product\/koupit-marocky-karamello-hash\/#primaryimage","url":"https:\/\/medicinasinc.com\/cs\/wp-content\/uploads\/sites\/2\/2022\/02\/Buy-Moroccan-Caramello-Hash.jpg","contentUrl":"https:\/\/medicinasinc.com\/cs\/wp-content\/uploads\/sites\/2\/2022\/02\/Buy-Moroccan-Caramello-Hash.jpg","width":600,"height":600},{"@type":"BreadcrumbList","@id":"https:\/\/medicinasinc.com\/cs\/product\/koupit-marocky-karamello-hash\/#breadcrumb","itemListElement":[{"@type":"ListItem","position":1,"name":"Obchod","item":"https:\/\/medicinasinc.com\/cs\/obchod\/"},{"@type":"ListItem","position":2,"name":"Kupte si marock\u00fd Caramello Hash"}]},{"@type":"WebSite","@id":"https:\/\/medicinasinc.com\/cs\/#website","url":"https:\/\/medicinasinc.com\/cs\/","name":"Medicinas Inc","description":"Health Medical Clinic","potentialAction":[{"@type":"SearchAction","target":{"@type":"EntryPoint","urlTemplate":"https:\/\/medicinasinc.com\/cs\/?s={search_term_string}"},"query-input":{"@type":"PropertyValueSpecification","valueRequired":true,"valueName":"search_term_string"}}],"inLanguage":"en-US"}]}},"_links":{"self":[{"href":"https:\/\/medicinasinc.com\/cs\/wp-json\/wp\/v2\/product\/4701","targetHints":{"allow":["GET"]}}],"collection":[{"href":"https:\/\/medicinasinc.com\/cs\/wp-json\/wp\/v2\/product"}],"about":[{"href":"https:\/\/medicinasinc.com\/cs\/wp-json\/wp\/v2\/types\/product"}],"replies":[{"embeddable":true,"href":"https:\/\/medicinasinc.com\/cs\/wp-json\/wp\/v2\/comments?post=4701"}],"wp:featuredmedia":[{"embeddable":true,"href":"https:\/\/medicinasinc.com\/cs\/wp-json\/wp\/v2\/media\/4714"}],"wp:attachment":[{"href":"https:\/\/medicinasinc.com\/cs\/wp-json\/wp\/v2\/media?parent=4701"}],"wp:term":[{"taxonomy":"product_brand","embeddable":true,"href":"https:\/\/medicinasinc.com\/cs\/wp-json\/wp\/v2\/product_brand?post=4701"},{"taxonomy":"product_cat","embeddable":true,"href":"https:\/\/medicinasinc.com\/cs\/wp-json\/wp\/v2\/product_cat?post=4701"},{"taxonomy":"product_tag","embeddable":true,"href":"https:\/\/medicinasinc.com\/cs\/wp-json\/wp\/v2\/product_tag?post=4701"}],"curies":[{"name":"wp","href":"https:\/\/api.w.org\/{rel}","templated":true}]}}