{"id":4700,"date":"2022-02-20T14:53:18","date_gmt":"2022-02-20T14:53:18","guid":{"rendered":"https:\/\/medicinasinc.com\/cs\/?post_type=product&#038;p=4700"},"modified":"2022-08-03T12:19:53","modified_gmt":"2022-08-03T12:19:53","slug":"buy-maroccan-primero-hash","status":"publish","type":"product","link":"https:\/\/medicinasinc.com\/cs\/product\/buy-maroccan-primero-hash\/","title":{"rendered":"Kupte si marock\u00fd Primero Hash"},"content":{"rendered":"<p>Kupte si marock\u00fd Primo Hash<\/p>\n<p>Kupte si marock\u00fd Primo Hash. Marock\u00fd Primero Hash je \u00factyhodn\u00fd klon hashe. Obecn\u011b je to leg\u00e1ln\u00ed a z\u016fstane leg\u00e1ln\u00ed a\u017e do konce \u010dasu. Neobsahuje THC, syntetick\u00e9 kanabinoidy a dal\u0161\u00ed v\u00fdzkumn\u00e9 syntetick\u00e9 l\u00e1tky (jako JWH-018, JWH-073, JWH-250, AM-2209 atd.). Je to pravd\u011bpodobn\u011b nejlep\u0161\u00ed dostupn\u00fd leg\u00e1ln\u00ed klon ha\u0161i\u0161e. Pou\u017e\u00edv\u00e1me pouze p\u0159\u00edrodn\u00ed materi\u00e1ly bohat\u00e9 na \u017eiviny. Zd\u00e1 se, \u017ee ha\u0161 vypad\u00e1 jako ha\u0161, je jako ha\u0161, von\u00ed jako konop\u00ed a m\u00e1 \u00fa\u017easnou chu\u0165. Marock\u00fd ha\u0161i\u0161 Primero je jen o m\u00e1lo tmav\u0161\u00ed ne\u017e na\u0161e ostatn\u00ed produkty. Pokud jste zv\u011bdav\u00ed na na\u0161e produkty, doporu\u010dujeme nejprve zakoupit vzorov\u00fd bal\u00ed\u010dek. N\u00e1kupem v\u00edce na\u0161ich leg\u00e1ln\u00edch hash klon\u016f u\u0161et\u0159\u00edte pen\u00edze.<\/p>\n","protected":false},"excerpt":{"rendered":"<div class=\"woocommerce-product-details__short-description\">\n<p>kupte si marock\u00fd premiero hash online na medicinasinc.com s rychl\u00fdm celosv\u011btov\u00fdm doru\u010den\u00edm. Prod\u00e1m vysoce kvalitn\u00ed marock\u00fd hash. Nakupuj te\u010f.<\/p>\n<p>Nakupte marock\u00fd premi\u00e9rov\u00fd hash online na bestglobalmed s rychl\u00fdm celosv\u011btov\u00fdm doru\u010den\u00edm. Prod\u00e1m vysoce kvalitn\u00ed marock\u00fd hash. nakupujte nyn\u00ed.<\/p>\n<\/div>\n","protected":false},"featured_media":4712,"comment_status":"open","ping_status":"closed","template":"","meta":[],"product_brand":[],"product_cat":[610],"product_tag":[685,686,687,688,683,684],"class_list":{"0":"post-4700","1":"product","2":"type-product","3":"status-publish","4":"has-post-thumbnail","6":"product_cat-koupit-hash-hashish","7":"product_tag-buy-moroc-caramello-online","8":"product_tag-buy-nepalese-temple-balls","9":"product_tag-halls-strawberry-cough-drops","10":"product_tag-med-marock-blondna-hash","11":"product_tag-buy-buy-bubble-hash-online","12":"product_tag-koupit-konop-kokosov-olej","14":"first","15":"instock","16":"shipping-taxable","17":"purchasable","18":"product-type-variable","19":"has-default-attributes"},"yoast_head":"<!-- This site is optimized with the Yoast SEO plugin v27.3 - https:\/\/yoast.com\/product\/yoast-seo-wordpress\/ -->\n<title>Kupte si marock\u00fd Primero Hash \u2013 nejlep\u0161\u00ed nejlep\u0161\u00ed glob\u00e1ln\u00ed l\u00e9ky<\/title>\n<meta name=\"description\" content=\"kupte si marock\u00fd premiero hash online na medicinasinc.com s rychl\u00fdm celosv\u011btov\u00fdm doru\u010den\u00edm. Prod\u00e1m vysoce kvalitn\u00ed marock\u00fd hash. Nakupuj te\u010f.\" \/>\n<meta name=\"robots\" content=\"index, follow, max-snippet:-1, max-image-preview:large, max-video-preview:-1\" \/>\n<link rel=\"canonical\" href=\"https:\/\/medicinasinc.com\/cs\/product\/buy-maroccan-primero-hash\/\" \/>\n<meta property=\"og:locale\" content=\"en_US\" \/>\n<meta property=\"og:type\" content=\"article\" \/>\n<meta property=\"og:title\" content=\"Kupte si marock\u00fd Primero Hash \u2013 nejlep\u0161\u00ed nejlep\u0161\u00ed glob\u00e1ln\u00ed l\u00e9ky\" \/>\n<meta property=\"og:description\" content=\"kupte si marock\u00fd premiero hash online na medicinasinc.com s rychl\u00fdm celosv\u011btov\u00fdm doru\u010den\u00edm. Prod\u00e1m vysoce kvalitn\u00ed marock\u00fd hash. Nakupuj te\u010f.\" \/>\n<meta property=\"og:url\" content=\"https:\/\/medicinasinc.com\/cs\/product\/buy-maroccan-primero-hash\/\" \/>\n<meta property=\"og:site_name\" content=\"Medicinas Inc\" \/>\n<meta property=\"article:modified_time\" content=\"2022-08-03T12:19:53+00:00\" \/>\n<meta property=\"og:image\" content=\"https:\/\/medicinasinc.com\/cs\/wp-content\/uploads\/sites\/2\/2022\/02\/Buy-Moroccan-Primero-Hash.jpg\" \/>\n\t<meta property=\"og:image:width\" content=\"600\" \/>\n\t<meta property=\"og:image:height\" content=\"600\" \/>\n\t<meta property=\"og:image:type\" content=\"image\/jpeg\" \/>\n<meta name=\"twitter:card\" content=\"summary_large_image\" \/>\n<meta name=\"twitter:label1\" content=\"Est. reading time\" \/>\n\t<meta name=\"twitter:data1\" content=\"1 minute\" \/>\n<script type=\"application\/ld+json\" class=\"yoast-schema-graph\">{\"@context\":\"https:\\\/\\\/schema.org\",\"@graph\":[{\"@type\":\"WebPage\",\"@id\":\"https:\\\/\\\/medicinasinc.com\\\/cs\\\/product\\\/buy-maroccan-primero-hash\\\/\",\"url\":\"https:\\\/\\\/medicinasinc.com\\\/cs\\\/product\\\/buy-maroccan-primero-hash\\\/\",\"name\":\"Kupte si marock\u00fd Primero Hash \u2013 nejlep\u0161\u00ed nejlep\u0161\u00ed glob\u00e1ln\u00ed l\u00e9ky\",\"isPartOf\":{\"@id\":\"https:\\\/\\\/medicinasinc.com\\\/cs\\\/#website\"},\"primaryImageOfPage\":{\"@id\":\"https:\\\/\\\/medicinasinc.com\\\/cs\\\/product\\\/buy-maroccan-primero-hash\\\/#primaryimage\"},\"image\":{\"@id\":\"https:\\\/\\\/medicinasinc.com\\\/cs\\\/product\\\/buy-maroccan-primero-hash\\\/#primaryimage\"},\"thumbnailUrl\":\"https:\\\/\\\/medicinasinc.com\\\/cs\\\/wp-content\\\/uploads\\\/sites\\\/2\\\/2022\\\/02\\\/Buy-Moroccan-Primero-Hash.jpg\",\"datePublished\":\"2022-02-20T14:53:18+00:00\",\"dateModified\":\"2022-08-03T12:19:53+00:00\",\"description\":\"kupte si marock\u00fd premiero hash online na medicinasinc.com s rychl\u00fdm celosv\u011btov\u00fdm doru\u010den\u00edm. Prod\u00e1m vysoce kvalitn\u00ed marock\u00fd hash. Nakupuj te\u010f.\",\"breadcrumb\":{\"@id\":\"https:\\\/\\\/medicinasinc.com\\\/cs\\\/product\\\/buy-maroccan-primero-hash\\\/#breadcrumb\"},\"inLanguage\":\"en-US\",\"potentialAction\":[{\"@type\":\"ReadAction\",\"target\":[\"https:\\\/\\\/medicinasinc.com\\\/cs\\\/product\\\/buy-maroccan-primero-hash\\\/\"]}]},{\"@type\":\"ImageObject\",\"inLanguage\":\"en-US\",\"@id\":\"https:\\\/\\\/medicinasinc.com\\\/cs\\\/product\\\/buy-maroccan-primero-hash\\\/#primaryimage\",\"url\":\"https:\\\/\\\/medicinasinc.com\\\/cs\\\/wp-content\\\/uploads\\\/sites\\\/2\\\/2022\\\/02\\\/Buy-Moroccan-Primero-Hash.jpg\",\"contentUrl\":\"https:\\\/\\\/medicinasinc.com\\\/cs\\\/wp-content\\\/uploads\\\/sites\\\/2\\\/2022\\\/02\\\/Buy-Moroccan-Primero-Hash.jpg\",\"width\":600,\"height\":600},{\"@type\":\"BreadcrumbList\",\"@id\":\"https:\\\/\\\/medicinasinc.com\\\/cs\\\/product\\\/buy-maroccan-primero-hash\\\/#breadcrumb\",\"itemListElement\":[{\"@type\":\"ListItem\",\"position\":1,\"name\":\"Obchod\",\"item\":\"https:\\\/\\\/medicinasinc.com\\\/cs\\\/obchod\\\/\"},{\"@type\":\"ListItem\",\"position\":2,\"name\":\"Kupte si marock\u00fd Primero Hash\"}]},{\"@type\":\"WebSite\",\"@id\":\"https:\\\/\\\/medicinasinc.com\\\/cs\\\/#website\",\"url\":\"https:\\\/\\\/medicinasinc.com\\\/cs\\\/\",\"name\":\"Medicinas Inc\",\"description\":\"Health Medical Clinic\",\"potentialAction\":[{\"@type\":\"SearchAction\",\"target\":{\"@type\":\"EntryPoint\",\"urlTemplate\":\"https:\\\/\\\/medicinasinc.com\\\/cs\\\/?s={search_term_string}\"},\"query-input\":{\"@type\":\"PropertyValueSpecification\",\"valueRequired\":true,\"valueName\":\"search_term_string\"}}],\"inLanguage\":\"en-US\"}]}<\/script>\n<!-- \/ Yoast SEO plugin. -->","yoast_head_json":{"title":"Kupte si marock\u00fd Primero Hash \u2013 nejlep\u0161\u00ed nejlep\u0161\u00ed glob\u00e1ln\u00ed l\u00e9ky","description":"kupte si marock\u00fd premiero hash online na medicinasinc.com s rychl\u00fdm celosv\u011btov\u00fdm doru\u010den\u00edm. Prod\u00e1m vysoce kvalitn\u00ed marock\u00fd hash. Nakupuj te\u010f.","robots":{"index":"index","follow":"follow","max-snippet":"max-snippet:-1","max-image-preview":"max-image-preview:large","max-video-preview":"max-video-preview:-1"},"canonical":"https:\/\/medicinasinc.com\/cs\/product\/buy-maroccan-primero-hash\/","og_locale":"en_US","og_type":"article","og_title":"Kupte si marock\u00fd Primero Hash \u2013 nejlep\u0161\u00ed nejlep\u0161\u00ed glob\u00e1ln\u00ed l\u00e9ky","og_description":"kupte si marock\u00fd premiero hash online na medicinasinc.com s rychl\u00fdm celosv\u011btov\u00fdm doru\u010den\u00edm. Prod\u00e1m vysoce kvalitn\u00ed marock\u00fd hash. Nakupuj te\u010f.","og_url":"https:\/\/medicinasinc.com\/cs\/product\/buy-maroccan-primero-hash\/","og_site_name":"Medicinas Inc","article_modified_time":"2022-08-03T12:19:53+00:00","og_image":[{"width":600,"height":600,"url":"https:\/\/medicinasinc.com\/cs\/wp-content\/uploads\/sites\/2\/2022\/02\/Buy-Moroccan-Primero-Hash.jpg","type":"image\/jpeg"}],"twitter_card":"summary_large_image","twitter_misc":{"Est. reading time":"1 minute"},"schema":{"@context":"https:\/\/schema.org","@graph":[{"@type":"WebPage","@id":"https:\/\/medicinasinc.com\/cs\/product\/buy-maroccan-primero-hash\/","url":"https:\/\/medicinasinc.com\/cs\/product\/buy-maroccan-primero-hash\/","name":"Kupte si marock\u00fd Primero Hash \u2013 nejlep\u0161\u00ed nejlep\u0161\u00ed glob\u00e1ln\u00ed l\u00e9ky","isPartOf":{"@id":"https:\/\/medicinasinc.com\/cs\/#website"},"primaryImageOfPage":{"@id":"https:\/\/medicinasinc.com\/cs\/product\/buy-maroccan-primero-hash\/#primaryimage"},"image":{"@id":"https:\/\/medicinasinc.com\/cs\/product\/buy-maroccan-primero-hash\/#primaryimage"},"thumbnailUrl":"https:\/\/medicinasinc.com\/cs\/wp-content\/uploads\/sites\/2\/2022\/02\/Buy-Moroccan-Primero-Hash.jpg","datePublished":"2022-02-20T14:53:18+00:00","dateModified":"2022-08-03T12:19:53+00:00","description":"kupte si marock\u00fd premiero hash online na medicinasinc.com s rychl\u00fdm celosv\u011btov\u00fdm doru\u010den\u00edm. Prod\u00e1m vysoce kvalitn\u00ed marock\u00fd hash. Nakupuj te\u010f.","breadcrumb":{"@id":"https:\/\/medicinasinc.com\/cs\/product\/buy-maroccan-primero-hash\/#breadcrumb"},"inLanguage":"en-US","potentialAction":[{"@type":"ReadAction","target":["https:\/\/medicinasinc.com\/cs\/product\/buy-maroccan-primero-hash\/"]}]},{"@type":"ImageObject","inLanguage":"en-US","@id":"https:\/\/medicinasinc.com\/cs\/product\/buy-maroccan-primero-hash\/#primaryimage","url":"https:\/\/medicinasinc.com\/cs\/wp-content\/uploads\/sites\/2\/2022\/02\/Buy-Moroccan-Primero-Hash.jpg","contentUrl":"https:\/\/medicinasinc.com\/cs\/wp-content\/uploads\/sites\/2\/2022\/02\/Buy-Moroccan-Primero-Hash.jpg","width":600,"height":600},{"@type":"BreadcrumbList","@id":"https:\/\/medicinasinc.com\/cs\/product\/buy-maroccan-primero-hash\/#breadcrumb","itemListElement":[{"@type":"ListItem","position":1,"name":"Obchod","item":"https:\/\/medicinasinc.com\/cs\/obchod\/"},{"@type":"ListItem","position":2,"name":"Kupte si marock\u00fd Primero Hash"}]},{"@type":"WebSite","@id":"https:\/\/medicinasinc.com\/cs\/#website","url":"https:\/\/medicinasinc.com\/cs\/","name":"Medicinas Inc","description":"Health Medical Clinic","potentialAction":[{"@type":"SearchAction","target":{"@type":"EntryPoint","urlTemplate":"https:\/\/medicinasinc.com\/cs\/?s={search_term_string}"},"query-input":{"@type":"PropertyValueSpecification","valueRequired":true,"valueName":"search_term_string"}}],"inLanguage":"en-US"}]}},"_links":{"self":[{"href":"https:\/\/medicinasinc.com\/cs\/wp-json\/wp\/v2\/product\/4700","targetHints":{"allow":["GET"]}}],"collection":[{"href":"https:\/\/medicinasinc.com\/cs\/wp-json\/wp\/v2\/product"}],"about":[{"href":"https:\/\/medicinasinc.com\/cs\/wp-json\/wp\/v2\/types\/product"}],"replies":[{"embeddable":true,"href":"https:\/\/medicinasinc.com\/cs\/wp-json\/wp\/v2\/comments?post=4700"}],"wp:featuredmedia":[{"embeddable":true,"href":"https:\/\/medicinasinc.com\/cs\/wp-json\/wp\/v2\/media\/4712"}],"wp:attachment":[{"href":"https:\/\/medicinasinc.com\/cs\/wp-json\/wp\/v2\/media?parent=4700"}],"wp:term":[{"taxonomy":"product_brand","embeddable":true,"href":"https:\/\/medicinasinc.com\/cs\/wp-json\/wp\/v2\/product_brand?post=4700"},{"taxonomy":"product_cat","embeddable":true,"href":"https:\/\/medicinasinc.com\/cs\/wp-json\/wp\/v2\/product_cat?post=4700"},{"taxonomy":"product_tag","embeddable":true,"href":"https:\/\/medicinasinc.com\/cs\/wp-json\/wp\/v2\/product_tag?post=4700"}],"curies":[{"name":"wp","href":"https:\/\/api.w.org\/{rel}","templated":true}]}}