{"id":4684,"date":"2022-02-20T14:40:34","date_gmt":"2022-02-20T14:40:34","guid":{"rendered":"https:\/\/medicinasinc.com\/cs\/?post_type=product&#038;p=4684"},"modified":"2022-03-14T12:54:10","modified_gmt":"2022-03-14T12:54:10","slug":"buy-mercedez-libanon-hash","status":"publish","type":"product","link":"https:\/\/medicinasinc.com\/cs\/product\/buy-mercedez-libanon-hash\/","title":{"rendered":"Koupit Mercedez Lebanon Hash"},"content":{"rendered":"<p>Hash se pou\u017e\u00edv\u00e1 po tis\u00edce let, od doby, kdy lid\u00e9 objevili podivn\u00fd lepkav\u00fd vedlej\u0161\u00ed produkt rostliny konop\u00ed. Hash m\u00e1 \u010dasto kolem 40 % THC a lze jej udit nebo pou\u017e\u00edt p\u0159i va\u0159en\u00ed\/po\u017eivatelnosti. Pro n\u011bkter\u00e9 nad\u0161ence konop\u00ed je bohat\u00e1 aromatick\u00e1 v\u016fn\u011b a chu\u0165 ha\u0161i\u0161e jedine\u010dn\u00fdm z\u00e1\u017eitkem. Je vhodn\u00fd pro skladov\u00e1n\u00ed, p\u0159epravu a pou\u017e\u00edv\u00e1n\u00ed. V 80. letech se ha\u0161 vyv\u00e1\u017eel z n\u011bkolika hlavn\u00edch produk\u010dn\u00edch oblast\u00ed (Nep\u00e1l, Indie, P\u00e1kist\u00e1n a Afgh\u00e1nist\u00e1n) s jedine\u010dnou pe\u010det\u00ed vyra\u017eenou na ka\u017ed\u00e9m bloku a p\u0159ed exportem byl \u010dasto zabalen do \u010derven\u00e9ho nebo zlat\u00e9ho obalu.<\/p>\n","protected":false},"excerpt":{"rendered":"<p>Mercedes Lebanese Hash na prodej ve Spojen\u00e9m kr\u00e1lovstv\u00ed a Evrop\u011b je lehce aromatick\u00fd, s ko\u0159enit\u00fdmi t\u00f3ny a zemitou chut\u00ed. M\u00e1 velmi tv\u00e1rnou, m\u011bkkou konzistenci.<\/p>\n<p>\u010cern\u00fd Mercedes je st\u0159edn\u011b t\u011b\u017ek\u00fd hash dovezen\u00fd z Libanonu. M\u00e1 tmav\u011b hn\u011bd\u00fd exteri\u00e9r a sv\u011btlej\u0161\u00ed hn\u011bd\u00fd interi\u00e9r a m\u00edrn\u011b aromatick\u00fd chu\u0165ov\u00fd profil s ko\u0159enit\u00fdmi t\u00f3ny a zemit\u00fdm profilem chuti. M\u00e1 m\u011bkkou, tv\u00e1rnou konzistenci, d\u00edky kter\u00e9 se s n\u00edm extr\u00e9mn\u011b snadno pracuje, a to je\u0161t\u011b v\u00edce p\u0159i zah\u0159\u00e1t\u00ed.<\/p>\n","protected":false},"featured_media":4696,"comment_status":"open","ping_status":"closed","template":"","meta":[],"product_brand":[],"product_cat":[610],"product_tag":[],"class_list":{"0":"post-4684","1":"product","2":"type-product","3":"status-publish","4":"has-post-thumbnail","6":"product_cat-koupit-hash-hashish","8":"first","9":"instock","10":"shipping-taxable","11":"purchasable","12":"product-type-variable","13":"has-default-attributes"},"yoast_head":"<!-- This site is optimized with the Yoast SEO plugin v27.3 - https:\/\/yoast.com\/product\/yoast-seo-wordpress\/ -->\n<title>Kupte si Mercedez Lebanon Hash \u2013 nejlep\u0161\u00ed nejlep\u0161\u00ed glob\u00e1ln\u00ed l\u00e9ky<\/title>\n<meta name=\"description\" content=\"Koupit Mercedes Lebanese Hash Velk\u00e1 Brit\u00e1nie, Evropa je lehce aromatick\u00fd, s ko\u0159enit\u00fdmi t\u00f3ny a zemit\u00fdm profilem chuti. M\u00e1 docela m\u011bkkou, tv\u00e1rnou konzistenci.\" \/>\n<meta name=\"robots\" content=\"index, follow, max-snippet:-1, max-image-preview:large, max-video-preview:-1\" \/>\n<link rel=\"canonical\" href=\"https:\/\/medicinasinc.com\/cs\/product\/buy-mercedez-libanon-hash\/\" \/>\n<meta property=\"og:locale\" content=\"en_US\" \/>\n<meta property=\"og:type\" content=\"article\" \/>\n<meta property=\"og:title\" content=\"Kupte si Mercedez Lebanon Hash \u2013 nejlep\u0161\u00ed nejlep\u0161\u00ed glob\u00e1ln\u00ed l\u00e9ky\" \/>\n<meta property=\"og:description\" content=\"Koupit Mercedes Lebanese Hash Velk\u00e1 Brit\u00e1nie, Evropa je lehce aromatick\u00fd, s ko\u0159enit\u00fdmi t\u00f3ny a zemit\u00fdm profilem chuti. M\u00e1 docela m\u011bkkou, tv\u00e1rnou konzistenci.\" \/>\n<meta property=\"og:url\" content=\"https:\/\/medicinasinc.com\/cs\/product\/buy-mercedez-libanon-hash\/\" \/>\n<meta property=\"og:site_name\" content=\"Medicinas Inc\" \/>\n<meta property=\"article:modified_time\" content=\"2022-03-14T12:54:10+00:00\" \/>\n<meta property=\"og:image\" content=\"https:\/\/medicinasinc.com\/cs\/wp-content\/uploads\/sites\/2\/2022\/02\/Buy-Mercedez-Lebanon-Hash.jpg\" \/>\n\t<meta property=\"og:image:width\" content=\"600\" \/>\n\t<meta property=\"og:image:height\" content=\"600\" \/>\n\t<meta property=\"og:image:type\" content=\"image\/jpeg\" \/>\n<meta name=\"twitter:card\" content=\"summary_large_image\" \/>\n<meta name=\"twitter:label1\" content=\"Est. reading time\" \/>\n\t<meta name=\"twitter:data1\" content=\"1 minute\" \/>\n<script type=\"application\/ld+json\" class=\"yoast-schema-graph\">{\"@context\":\"https:\\\/\\\/schema.org\",\"@graph\":[{\"@type\":\"WebPage\",\"@id\":\"https:\\\/\\\/medicinasinc.com\\\/cs\\\/product\\\/buy-mercedez-libanon-hash\\\/\",\"url\":\"https:\\\/\\\/medicinasinc.com\\\/cs\\\/product\\\/buy-mercedez-libanon-hash\\\/\",\"name\":\"Kupte si Mercedez Lebanon Hash \u2013 nejlep\u0161\u00ed nejlep\u0161\u00ed glob\u00e1ln\u00ed l\u00e9ky\",\"isPartOf\":{\"@id\":\"https:\\\/\\\/medicinasinc.com\\\/cs\\\/#website\"},\"primaryImageOfPage\":{\"@id\":\"https:\\\/\\\/medicinasinc.com\\\/cs\\\/product\\\/buy-mercedez-libanon-hash\\\/#primaryimage\"},\"image\":{\"@id\":\"https:\\\/\\\/medicinasinc.com\\\/cs\\\/product\\\/buy-mercedez-libanon-hash\\\/#primaryimage\"},\"thumbnailUrl\":\"https:\\\/\\\/medicinasinc.com\\\/cs\\\/wp-content\\\/uploads\\\/sites\\\/2\\\/2022\\\/02\\\/Buy-Mercedez-Lebanon-Hash.jpg\",\"datePublished\":\"2022-02-20T14:40:34+00:00\",\"dateModified\":\"2022-03-14T12:54:10+00:00\",\"description\":\"Koupit Mercedes Lebanese Hash Velk\u00e1 Brit\u00e1nie, Evropa je lehce aromatick\u00fd, s ko\u0159enit\u00fdmi t\u00f3ny a zemit\u00fdm profilem chuti. M\u00e1 docela m\u011bkkou, tv\u00e1rnou konzistenci.\",\"breadcrumb\":{\"@id\":\"https:\\\/\\\/medicinasinc.com\\\/cs\\\/product\\\/buy-mercedez-libanon-hash\\\/#breadcrumb\"},\"inLanguage\":\"en-US\",\"potentialAction\":[{\"@type\":\"ReadAction\",\"target\":[\"https:\\\/\\\/medicinasinc.com\\\/cs\\\/product\\\/buy-mercedez-libanon-hash\\\/\"]}]},{\"@type\":\"ImageObject\",\"inLanguage\":\"en-US\",\"@id\":\"https:\\\/\\\/medicinasinc.com\\\/cs\\\/product\\\/buy-mercedez-libanon-hash\\\/#primaryimage\",\"url\":\"https:\\\/\\\/medicinasinc.com\\\/cs\\\/wp-content\\\/uploads\\\/sites\\\/2\\\/2022\\\/02\\\/Buy-Mercedez-Lebanon-Hash.jpg\",\"contentUrl\":\"https:\\\/\\\/medicinasinc.com\\\/cs\\\/wp-content\\\/uploads\\\/sites\\\/2\\\/2022\\\/02\\\/Buy-Mercedez-Lebanon-Hash.jpg\",\"width\":600,\"height\":600},{\"@type\":\"BreadcrumbList\",\"@id\":\"https:\\\/\\\/medicinasinc.com\\\/cs\\\/product\\\/buy-mercedez-libanon-hash\\\/#breadcrumb\",\"itemListElement\":[{\"@type\":\"ListItem\",\"position\":1,\"name\":\"Obchod\",\"item\":\"https:\\\/\\\/medicinasinc.com\\\/cs\\\/obchod\\\/\"},{\"@type\":\"ListItem\",\"position\":2,\"name\":\"Koupit Mercedez Lebanon Hash\"}]},{\"@type\":\"WebSite\",\"@id\":\"https:\\\/\\\/medicinasinc.com\\\/cs\\\/#website\",\"url\":\"https:\\\/\\\/medicinasinc.com\\\/cs\\\/\",\"name\":\"Medicinas Inc\",\"description\":\"Health Medical Clinic\",\"potentialAction\":[{\"@type\":\"SearchAction\",\"target\":{\"@type\":\"EntryPoint\",\"urlTemplate\":\"https:\\\/\\\/medicinasinc.com\\\/cs\\\/?s={search_term_string}\"},\"query-input\":{\"@type\":\"PropertyValueSpecification\",\"valueRequired\":true,\"valueName\":\"search_term_string\"}}],\"inLanguage\":\"en-US\"}]}<\/script>\n<!-- \/ Yoast SEO plugin. -->","yoast_head_json":{"title":"Kupte si Mercedez Lebanon Hash \u2013 nejlep\u0161\u00ed nejlep\u0161\u00ed glob\u00e1ln\u00ed l\u00e9ky","description":"Koupit Mercedes Lebanese Hash Velk\u00e1 Brit\u00e1nie, Evropa je lehce aromatick\u00fd, s ko\u0159enit\u00fdmi t\u00f3ny a zemit\u00fdm profilem chuti. M\u00e1 docela m\u011bkkou, tv\u00e1rnou konzistenci.","robots":{"index":"index","follow":"follow","max-snippet":"max-snippet:-1","max-image-preview":"max-image-preview:large","max-video-preview":"max-video-preview:-1"},"canonical":"https:\/\/medicinasinc.com\/cs\/product\/buy-mercedez-libanon-hash\/","og_locale":"en_US","og_type":"article","og_title":"Kupte si Mercedez Lebanon Hash \u2013 nejlep\u0161\u00ed nejlep\u0161\u00ed glob\u00e1ln\u00ed l\u00e9ky","og_description":"Koupit Mercedes Lebanese Hash Velk\u00e1 Brit\u00e1nie, Evropa je lehce aromatick\u00fd, s ko\u0159enit\u00fdmi t\u00f3ny a zemit\u00fdm profilem chuti. M\u00e1 docela m\u011bkkou, tv\u00e1rnou konzistenci.","og_url":"https:\/\/medicinasinc.com\/cs\/product\/buy-mercedez-libanon-hash\/","og_site_name":"Medicinas Inc","article_modified_time":"2022-03-14T12:54:10+00:00","og_image":[{"width":600,"height":600,"url":"https:\/\/medicinasinc.com\/cs\/wp-content\/uploads\/sites\/2\/2022\/02\/Buy-Mercedez-Lebanon-Hash.jpg","type":"image\/jpeg"}],"twitter_card":"summary_large_image","twitter_misc":{"Est. reading time":"1 minute"},"schema":{"@context":"https:\/\/schema.org","@graph":[{"@type":"WebPage","@id":"https:\/\/medicinasinc.com\/cs\/product\/buy-mercedez-libanon-hash\/","url":"https:\/\/medicinasinc.com\/cs\/product\/buy-mercedez-libanon-hash\/","name":"Kupte si Mercedez Lebanon Hash \u2013 nejlep\u0161\u00ed nejlep\u0161\u00ed glob\u00e1ln\u00ed l\u00e9ky","isPartOf":{"@id":"https:\/\/medicinasinc.com\/cs\/#website"},"primaryImageOfPage":{"@id":"https:\/\/medicinasinc.com\/cs\/product\/buy-mercedez-libanon-hash\/#primaryimage"},"image":{"@id":"https:\/\/medicinasinc.com\/cs\/product\/buy-mercedez-libanon-hash\/#primaryimage"},"thumbnailUrl":"https:\/\/medicinasinc.com\/cs\/wp-content\/uploads\/sites\/2\/2022\/02\/Buy-Mercedez-Lebanon-Hash.jpg","datePublished":"2022-02-20T14:40:34+00:00","dateModified":"2022-03-14T12:54:10+00:00","description":"Koupit Mercedes Lebanese Hash Velk\u00e1 Brit\u00e1nie, Evropa je lehce aromatick\u00fd, s ko\u0159enit\u00fdmi t\u00f3ny a zemit\u00fdm profilem chuti. M\u00e1 docela m\u011bkkou, tv\u00e1rnou konzistenci.","breadcrumb":{"@id":"https:\/\/medicinasinc.com\/cs\/product\/buy-mercedez-libanon-hash\/#breadcrumb"},"inLanguage":"en-US","potentialAction":[{"@type":"ReadAction","target":["https:\/\/medicinasinc.com\/cs\/product\/buy-mercedez-libanon-hash\/"]}]},{"@type":"ImageObject","inLanguage":"en-US","@id":"https:\/\/medicinasinc.com\/cs\/product\/buy-mercedez-libanon-hash\/#primaryimage","url":"https:\/\/medicinasinc.com\/cs\/wp-content\/uploads\/sites\/2\/2022\/02\/Buy-Mercedez-Lebanon-Hash.jpg","contentUrl":"https:\/\/medicinasinc.com\/cs\/wp-content\/uploads\/sites\/2\/2022\/02\/Buy-Mercedez-Lebanon-Hash.jpg","width":600,"height":600},{"@type":"BreadcrumbList","@id":"https:\/\/medicinasinc.com\/cs\/product\/buy-mercedez-libanon-hash\/#breadcrumb","itemListElement":[{"@type":"ListItem","position":1,"name":"Obchod","item":"https:\/\/medicinasinc.com\/cs\/obchod\/"},{"@type":"ListItem","position":2,"name":"Koupit Mercedez Lebanon Hash"}]},{"@type":"WebSite","@id":"https:\/\/medicinasinc.com\/cs\/#website","url":"https:\/\/medicinasinc.com\/cs\/","name":"Medicinas Inc","description":"Health Medical Clinic","potentialAction":[{"@type":"SearchAction","target":{"@type":"EntryPoint","urlTemplate":"https:\/\/medicinasinc.com\/cs\/?s={search_term_string}"},"query-input":{"@type":"PropertyValueSpecification","valueRequired":true,"valueName":"search_term_string"}}],"inLanguage":"en-US"}]}},"_links":{"self":[{"href":"https:\/\/medicinasinc.com\/cs\/wp-json\/wp\/v2\/product\/4684","targetHints":{"allow":["GET"]}}],"collection":[{"href":"https:\/\/medicinasinc.com\/cs\/wp-json\/wp\/v2\/product"}],"about":[{"href":"https:\/\/medicinasinc.com\/cs\/wp-json\/wp\/v2\/types\/product"}],"replies":[{"embeddable":true,"href":"https:\/\/medicinasinc.com\/cs\/wp-json\/wp\/v2\/comments?post=4684"}],"wp:featuredmedia":[{"embeddable":true,"href":"https:\/\/medicinasinc.com\/cs\/wp-json\/wp\/v2\/media\/4696"}],"wp:attachment":[{"href":"https:\/\/medicinasinc.com\/cs\/wp-json\/wp\/v2\/media?parent=4684"}],"wp:term":[{"taxonomy":"product_brand","embeddable":true,"href":"https:\/\/medicinasinc.com\/cs\/wp-json\/wp\/v2\/product_brand?post=4684"},{"taxonomy":"product_cat","embeddable":true,"href":"https:\/\/medicinasinc.com\/cs\/wp-json\/wp\/v2\/product_cat?post=4684"},{"taxonomy":"product_tag","embeddable":true,"href":"https:\/\/medicinasinc.com\/cs\/wp-json\/wp\/v2\/product_tag?post=4684"}],"curies":[{"name":"wp","href":"https:\/\/api.w.org\/{rel}","templated":true}]}}