{"id":4667,"date":"2022-02-20T14:27:35","date_gmt":"2022-02-20T14:27:35","guid":{"rendered":"https:\/\/medicinasinc.com\/cs\/?post_type=product&#038;p=4667"},"modified":"2022-03-14T12:54:20","modified_gmt":"2022-03-14T12:54:20","slug":"buy-india-charas-black-hash","status":"publish","type":"product","link":"https:\/\/medicinasinc.com\/cs\/product\/buy-india-charas-black-hash\/","title":{"rendered":"Koupit India Charas Black Hash"},"content":{"rendered":"<p>Online n\u00e1kup Indie Charas Black Hash| Online n\u00e1kup Indie Charas Black Hash<\/p>\n<p>Online n\u00e1kup Indie Charas Black Hash. Snadno se s n\u00edm pracuje, m\u00e1 ostrou, ko\u0159enitou v\u016fni a u\u017eivatel\u016fm poskytuje siln\u00fd, celot\u011blov\u00fd zvuk. P\u011bstov\u00e1no a vyr\u00e1b\u011bno v \u00fadol\u00ed Parvati, kter\u00e9 je zn\u00e1m\u00e9 d\u00edky jedine\u010dn\u00e9mu kmeni Charas zvan\u00e9ho Malana Cream, kter\u00fd je cen\u011bn\u00fd pro sv\u016fj vysok\u00fd obsah THC. Je to vynikaj\u00edc\u00ed denn\u00ed spole\u010dn\u00edk pro zku\u0161en\u00e9 ku\u0159\u00e1ky, kte\u0159\u00ed zvl\u00e1dnou siln\u00e9 high. Term\u00edn \u201eindick\u00fd Charas Black Hash\u201c ozna\u010duje ha\u0161i\u0161, kter\u00fd byl ru\u010dn\u011b vyroben v Indii, P\u00e1kist\u00e1nu nebo Nep\u00e1lu. Zven\u010d\u00ed m\u00e1 ha\u0161i\u0161 tmav\u011b hn\u011bdou barvu. Po otev\u0159en\u00ed ha\u0161i\u0161e odhal\u00ed tmav\u011b nazelenal\u00fd\/hn\u011bd\u00fd vnit\u0159ek. V\u00fdrazn\u00e9 aroma sah\u00e1 od ko\u0159enit\u00e9 po extr\u00e9mn\u011b ko\u0159enitou. Vytv\u00e1\u0159\u00ed extr\u00e9mn\u011b kamennou a fyzickou v\u00fd\u0161i. India Charas Black Hash je k dispozici ke koupi online.<\/p>\n<p>V\u00fdhody<\/p>\n<p>Pom\u00e1h\u00e1 p\u0159i \u00falev\u011b od n\u00e1sleduj\u00edc\u00edch:<\/p>\n<p>Stres DepreseBolesti hlavy<br \/> Nespavost<br \/> Kde nakoupit v Indii Online Charas Black Hash<\/p>\n<p>Na\u0161\u00edm c\u00edlem je pot\u011b\u0161it na\u0161e z\u00e1kazn\u00edky a poskytnout jim co nejlep\u0161\u00ed z\u00e1\u017eitek z online nakupov\u00e1n\u00ed. Zaji\u0161\u0165ujeme, aby v\u0161echny na\u0161e produkty byly t\u00e9 nejvy\u0161\u0161\u00ed kvality, abychom zajistili, \u017ee na\u0161i klienti obdr\u017e\u00ed jen to nejlep\u0161\u00ed. Nab\u00edz\u00edme autentick\u00fd indick\u00fd Charas Black Hash. Na\u0161e ceny jsou nejni\u017e\u0161\u00ed dostupn\u00e9 online. Nakupujte kvalitu a objevte, o \u010dem v\u0161ichni mluv\u00ed. Objednejte si u n\u00e1s India Charas Black Hash online je\u0161t\u011b dnes a bu\u010fte si jisti bezpe\u010dnost\u00ed a nejlep\u0161\u00edmi doru\u010dovac\u00edmi slu\u017ebami. Od n\u00e1kupu India Charas Black Hash Online v\u00e1s d\u011bl\u00ed jen n\u011bkolik kliknut\u00ed.<\/p>\n","protected":false},"excerpt":{"rendered":"<p>Nakupte Indie Charas Black Hash online. Snadno se s n\u00edm pracuje, m\u00e1 ostrou, ko\u0159en\u011bnou v\u016fni a poskytuje siln\u00e9 t\u011blesn\u00e9 bzu\u010den\u00ed. Objednejte si \u010dern\u00fd hash zde.<\/p>\n<ul>\n<li>Celosv\u011btov\u00e1 doprava<\/li>\n<li><strong>Stupe\u0148: AAAAA<\/strong><\/li>\n<li>Pro v\u011bt\u0161\u00ed objedn\u00e1vky n\u00e1s kontaktujte<\/li>\n<\/ul>\n","protected":false},"featured_media":4681,"comment_status":"open","ping_status":"closed","template":"","meta":[],"product_brand":[],"product_cat":[610],"product_tag":[],"class_list":{"0":"post-4667","1":"product","2":"type-product","3":"status-publish","4":"has-post-thumbnail","6":"product_cat-koupit-hash-hashish","8":"first","9":"instock","10":"shipping-taxable","11":"purchasable","12":"product-type-variable","13":"has-default-attributes"},"yoast_head":"<!-- This site is optimized with the Yoast SEO plugin v27.3 - https:\/\/yoast.com\/product\/yoast-seo-wordpress\/ -->\n<title>Koupit India Charas Black Hash - Nejlep\u0161\u00ed nejlep\u0161\u00ed glob\u00e1ln\u00ed l\u00e9ky<\/title>\n<meta name=\"description\" content=\"Koupit India Charas Black Hash online. Snadno se s n\u00edm pracuje, m\u00e1 ostrou, ko\u0159enitou v\u016fni a poskytuje siln\u00fd t\u011blesn\u00fd bzukot. Objednejte si \u010dern\u00fd hash zde.\" \/>\n<meta name=\"robots\" content=\"index, follow, max-snippet:-1, max-image-preview:large, max-video-preview:-1\" \/>\n<link rel=\"canonical\" href=\"https:\/\/medicinasinc.com\/cs\/product\/buy-india-charas-black-hash\/\" \/>\n<meta property=\"og:locale\" content=\"en_US\" \/>\n<meta property=\"og:type\" content=\"article\" \/>\n<meta property=\"og:title\" content=\"Koupit India Charas Black Hash - Nejlep\u0161\u00ed nejlep\u0161\u00ed glob\u00e1ln\u00ed l\u00e9ky\" \/>\n<meta property=\"og:description\" content=\"Koupit India Charas Black Hash online. Snadno se s n\u00edm pracuje, m\u00e1 ostrou, ko\u0159enitou v\u016fni a poskytuje siln\u00fd t\u011blesn\u00fd bzukot. Objednejte si \u010dern\u00fd hash zde.\" \/>\n<meta property=\"og:url\" content=\"https:\/\/medicinasinc.com\/cs\/product\/buy-india-charas-black-hash\/\" \/>\n<meta property=\"og:site_name\" content=\"Medicinas Inc\" \/>\n<meta property=\"article:modified_time\" content=\"2022-03-14T12:54:20+00:00\" \/>\n<meta property=\"og:image\" content=\"https:\/\/medicinasinc.com\/cs\/wp-content\/uploads\/sites\/2\/2022\/02\/Buy-India-Charas-Black-Hash.jpg\" \/>\n\t<meta property=\"og:image:width\" content=\"600\" \/>\n\t<meta property=\"og:image:height\" content=\"600\" \/>\n\t<meta property=\"og:image:type\" content=\"image\/jpeg\" \/>\n<meta name=\"twitter:card\" content=\"summary_large_image\" \/>\n<meta name=\"twitter:label1\" content=\"Est. reading time\" \/>\n\t<meta name=\"twitter:data1\" content=\"2 minutes\" \/>\n<script type=\"application\/ld+json\" class=\"yoast-schema-graph\">{\"@context\":\"https:\\\/\\\/schema.org\",\"@graph\":[{\"@type\":\"WebPage\",\"@id\":\"https:\\\/\\\/medicinasinc.com\\\/cs\\\/product\\\/buy-india-charas-black-hash\\\/\",\"url\":\"https:\\\/\\\/medicinasinc.com\\\/cs\\\/product\\\/buy-india-charas-black-hash\\\/\",\"name\":\"Koupit India Charas Black Hash - Nejlep\u0161\u00ed nejlep\u0161\u00ed glob\u00e1ln\u00ed l\u00e9ky\",\"isPartOf\":{\"@id\":\"https:\\\/\\\/medicinasinc.com\\\/cs\\\/#website\"},\"primaryImageOfPage\":{\"@id\":\"https:\\\/\\\/medicinasinc.com\\\/cs\\\/product\\\/buy-india-charas-black-hash\\\/#primaryimage\"},\"image\":{\"@id\":\"https:\\\/\\\/medicinasinc.com\\\/cs\\\/product\\\/buy-india-charas-black-hash\\\/#primaryimage\"},\"thumbnailUrl\":\"https:\\\/\\\/medicinasinc.com\\\/cs\\\/wp-content\\\/uploads\\\/sites\\\/2\\\/2022\\\/02\\\/Buy-India-Charas-Black-Hash.jpg\",\"datePublished\":\"2022-02-20T14:27:35+00:00\",\"dateModified\":\"2022-03-14T12:54:20+00:00\",\"description\":\"Koupit India Charas Black Hash online. Snadno se s n\u00edm pracuje, m\u00e1 ostrou, ko\u0159enitou v\u016fni a poskytuje siln\u00fd t\u011blesn\u00fd bzukot. Objednejte si \u010dern\u00fd hash zde.\",\"breadcrumb\":{\"@id\":\"https:\\\/\\\/medicinasinc.com\\\/cs\\\/product\\\/buy-india-charas-black-hash\\\/#breadcrumb\"},\"inLanguage\":\"en-US\",\"potentialAction\":[{\"@type\":\"ReadAction\",\"target\":[\"https:\\\/\\\/medicinasinc.com\\\/cs\\\/product\\\/buy-india-charas-black-hash\\\/\"]}]},{\"@type\":\"ImageObject\",\"inLanguage\":\"en-US\",\"@id\":\"https:\\\/\\\/medicinasinc.com\\\/cs\\\/product\\\/buy-india-charas-black-hash\\\/#primaryimage\",\"url\":\"https:\\\/\\\/medicinasinc.com\\\/cs\\\/wp-content\\\/uploads\\\/sites\\\/2\\\/2022\\\/02\\\/Buy-India-Charas-Black-Hash.jpg\",\"contentUrl\":\"https:\\\/\\\/medicinasinc.com\\\/cs\\\/wp-content\\\/uploads\\\/sites\\\/2\\\/2022\\\/02\\\/Buy-India-Charas-Black-Hash.jpg\",\"width\":600,\"height\":600},{\"@type\":\"BreadcrumbList\",\"@id\":\"https:\\\/\\\/medicinasinc.com\\\/cs\\\/product\\\/buy-india-charas-black-hash\\\/#breadcrumb\",\"itemListElement\":[{\"@type\":\"ListItem\",\"position\":1,\"name\":\"Obchod\",\"item\":\"https:\\\/\\\/medicinasinc.com\\\/cs\\\/obchod\\\/\"},{\"@type\":\"ListItem\",\"position\":2,\"name\":\"Koupit India Charas Black Hash\"}]},{\"@type\":\"WebSite\",\"@id\":\"https:\\\/\\\/medicinasinc.com\\\/cs\\\/#website\",\"url\":\"https:\\\/\\\/medicinasinc.com\\\/cs\\\/\",\"name\":\"Medicinas Inc\",\"description\":\"Health Medical Clinic\",\"potentialAction\":[{\"@type\":\"SearchAction\",\"target\":{\"@type\":\"EntryPoint\",\"urlTemplate\":\"https:\\\/\\\/medicinasinc.com\\\/cs\\\/?s={search_term_string}\"},\"query-input\":{\"@type\":\"PropertyValueSpecification\",\"valueRequired\":true,\"valueName\":\"search_term_string\"}}],\"inLanguage\":\"en-US\"}]}<\/script>\n<!-- \/ Yoast SEO plugin. -->","yoast_head_json":{"title":"Koupit India Charas Black Hash - Nejlep\u0161\u00ed nejlep\u0161\u00ed glob\u00e1ln\u00ed l\u00e9ky","description":"Koupit India Charas Black Hash online. Snadno se s n\u00edm pracuje, m\u00e1 ostrou, ko\u0159enitou v\u016fni a poskytuje siln\u00fd t\u011blesn\u00fd bzukot. Objednejte si \u010dern\u00fd hash zde.","robots":{"index":"index","follow":"follow","max-snippet":"max-snippet:-1","max-image-preview":"max-image-preview:large","max-video-preview":"max-video-preview:-1"},"canonical":"https:\/\/medicinasinc.com\/cs\/product\/buy-india-charas-black-hash\/","og_locale":"en_US","og_type":"article","og_title":"Koupit India Charas Black Hash - Nejlep\u0161\u00ed nejlep\u0161\u00ed glob\u00e1ln\u00ed l\u00e9ky","og_description":"Koupit India Charas Black Hash online. Snadno se s n\u00edm pracuje, m\u00e1 ostrou, ko\u0159enitou v\u016fni a poskytuje siln\u00fd t\u011blesn\u00fd bzukot. Objednejte si \u010dern\u00fd hash zde.","og_url":"https:\/\/medicinasinc.com\/cs\/product\/buy-india-charas-black-hash\/","og_site_name":"Medicinas Inc","article_modified_time":"2022-03-14T12:54:20+00:00","og_image":[{"width":600,"height":600,"url":"https:\/\/medicinasinc.com\/cs\/wp-content\/uploads\/sites\/2\/2022\/02\/Buy-India-Charas-Black-Hash.jpg","type":"image\/jpeg"}],"twitter_card":"summary_large_image","twitter_misc":{"Est. reading time":"2 minutes"},"schema":{"@context":"https:\/\/schema.org","@graph":[{"@type":"WebPage","@id":"https:\/\/medicinasinc.com\/cs\/product\/buy-india-charas-black-hash\/","url":"https:\/\/medicinasinc.com\/cs\/product\/buy-india-charas-black-hash\/","name":"Koupit India Charas Black Hash - Nejlep\u0161\u00ed nejlep\u0161\u00ed glob\u00e1ln\u00ed l\u00e9ky","isPartOf":{"@id":"https:\/\/medicinasinc.com\/cs\/#website"},"primaryImageOfPage":{"@id":"https:\/\/medicinasinc.com\/cs\/product\/buy-india-charas-black-hash\/#primaryimage"},"image":{"@id":"https:\/\/medicinasinc.com\/cs\/product\/buy-india-charas-black-hash\/#primaryimage"},"thumbnailUrl":"https:\/\/medicinasinc.com\/cs\/wp-content\/uploads\/sites\/2\/2022\/02\/Buy-India-Charas-Black-Hash.jpg","datePublished":"2022-02-20T14:27:35+00:00","dateModified":"2022-03-14T12:54:20+00:00","description":"Koupit India Charas Black Hash online. Snadno se s n\u00edm pracuje, m\u00e1 ostrou, ko\u0159enitou v\u016fni a poskytuje siln\u00fd t\u011blesn\u00fd bzukot. Objednejte si \u010dern\u00fd hash zde.","breadcrumb":{"@id":"https:\/\/medicinasinc.com\/cs\/product\/buy-india-charas-black-hash\/#breadcrumb"},"inLanguage":"en-US","potentialAction":[{"@type":"ReadAction","target":["https:\/\/medicinasinc.com\/cs\/product\/buy-india-charas-black-hash\/"]}]},{"@type":"ImageObject","inLanguage":"en-US","@id":"https:\/\/medicinasinc.com\/cs\/product\/buy-india-charas-black-hash\/#primaryimage","url":"https:\/\/medicinasinc.com\/cs\/wp-content\/uploads\/sites\/2\/2022\/02\/Buy-India-Charas-Black-Hash.jpg","contentUrl":"https:\/\/medicinasinc.com\/cs\/wp-content\/uploads\/sites\/2\/2022\/02\/Buy-India-Charas-Black-Hash.jpg","width":600,"height":600},{"@type":"BreadcrumbList","@id":"https:\/\/medicinasinc.com\/cs\/product\/buy-india-charas-black-hash\/#breadcrumb","itemListElement":[{"@type":"ListItem","position":1,"name":"Obchod","item":"https:\/\/medicinasinc.com\/cs\/obchod\/"},{"@type":"ListItem","position":2,"name":"Koupit India Charas Black Hash"}]},{"@type":"WebSite","@id":"https:\/\/medicinasinc.com\/cs\/#website","url":"https:\/\/medicinasinc.com\/cs\/","name":"Medicinas Inc","description":"Health Medical Clinic","potentialAction":[{"@type":"SearchAction","target":{"@type":"EntryPoint","urlTemplate":"https:\/\/medicinasinc.com\/cs\/?s={search_term_string}"},"query-input":{"@type":"PropertyValueSpecification","valueRequired":true,"valueName":"search_term_string"}}],"inLanguage":"en-US"}]}},"_links":{"self":[{"href":"https:\/\/medicinasinc.com\/cs\/wp-json\/wp\/v2\/product\/4667","targetHints":{"allow":["GET"]}}],"collection":[{"href":"https:\/\/medicinasinc.com\/cs\/wp-json\/wp\/v2\/product"}],"about":[{"href":"https:\/\/medicinasinc.com\/cs\/wp-json\/wp\/v2\/types\/product"}],"replies":[{"embeddable":true,"href":"https:\/\/medicinasinc.com\/cs\/wp-json\/wp\/v2\/comments?post=4667"}],"wp:featuredmedia":[{"embeddable":true,"href":"https:\/\/medicinasinc.com\/cs\/wp-json\/wp\/v2\/media\/4681"}],"wp:attachment":[{"href":"https:\/\/medicinasinc.com\/cs\/wp-json\/wp\/v2\/media?parent=4667"}],"wp:term":[{"taxonomy":"product_brand","embeddable":true,"href":"https:\/\/medicinasinc.com\/cs\/wp-json\/wp\/v2\/product_brand?post=4667"},{"taxonomy":"product_cat","embeddable":true,"href":"https:\/\/medicinasinc.com\/cs\/wp-json\/wp\/v2\/product_cat?post=4667"},{"taxonomy":"product_tag","embeddable":true,"href":"https:\/\/medicinasinc.com\/cs\/wp-json\/wp\/v2\/product_tag?post=4667"}],"curies":[{"name":"wp","href":"https:\/\/api.w.org\/{rel}","templated":true}]}}