{"id":4666,"date":"2022-02-20T14:26:53","date_gmt":"2022-02-20T14:26:53","guid":{"rendered":"https:\/\/medicinasinc.com\/cs\/?post_type=product&#038;p=4666"},"modified":"2022-03-14T12:54:31","modified_gmt":"2022-03-14T12:54:31","slug":"koupit-led-hash-sticks","status":"publish","type":"product","link":"https:\/\/medicinasinc.com\/cs\/product\/koupit-led-hash-sticks\/","title":{"rendered":"Kupte si ledov\u00e9 ty\u010dinky"},"content":{"rendered":"<p>Ice Hash rychle z\u00edsk\u00e1v\u00e1 na popularit\u011b jako zp\u016fsob v\u00fdroby vysoce kvalitn\u00edho hashe nen\u00e1ro\u010dn\u00fd na \u00fadr\u017ebu. Marihuana se sm\u00edch\u00e1 s vodou a n\u00e1sledn\u011b se filtruje p\u0159es r\u016fzn\u00e9 druhy l\u00e1tek. V\u00fdsledn\u00e1 prysky\u0159ice je neuv\u011b\u0159iteln\u00e1. Hash Sticks vyroben\u00e9 z ledu. Existuje mnoho zp\u016fsob\u016f, jak vytvo\u0159it Ice Hash. M\u016f\u017eete si zakoupit Ice-o-lators online a vytvo\u0159it Ice Hash. Koupit hash Sticks Made of Ice<\/p>\n<p>Jak je definov\u00e1n hashish (hash)?<\/p>\n<p>&#8220;Hashish je psychoaktivn\u00ed l\u00e1tka z\u00edskan\u00e1 z prysky\u0159i\u010dn\u00fdch \u017el\u00e1z sami\u010d\u00ed rostliny Cannabis (pistil\u00e1t). [\u2026 ] C\u00edlem je izolovat (a tedy koncentrovat) prysky\u0159ici obsahuj\u00edc\u00ed THC za \u00fa\u010delem v\u00fdroby ha\u0161i\u0161e.&#8221; Ha\u0161ovac\u00ed ty\u010dinky vyroben\u00e9 z ledu<\/p>\n<p>Kupte si ledov\u00e9 ty\u010dinky | Koupit Ice Hash Sticks | Koupit Ice Hash Sticks<\/p>\n<p>Jednodu\u0161e \u0159e\u010deno, ha\u0161i\u0161 (kter\u00fd nyn\u00ed budeme ozna\u010dovat jako hash) jsou izolovan\u00e9 prysky\u0159i\u010dn\u00e9 \u017el\u00e1zy rostliny konop\u00ed. Je\u0161t\u011b jednodu\u0161\u0161\u00ed je hash, kdy\u017e se dobr\u00e9 lepkav\u00e9 l\u00e1tky z va\u0161eho konop\u00ed extrahuj\u00ed zcela samostatn\u011b. Hash je v jist\u00e9m smyslu destilovan\u00e9 konop\u00ed! Hash Sticks Made of Ice<\/p>\n<p>V\u00fdroba hashe pomoc\u00ed such\u00e9ho ledu je nejjednodu\u0161\u0161\u00ed, nejrychlej\u0161\u00ed a nej\u00fa\u010dinn\u011bj\u0161\u00ed metoda z\u00edsk\u00e1v\u00e1n\u00ed prysky\u0159ice z konop\u00ed. Stru\u010dn\u011b \u0159e\u010deno, toto je n\u00e1\u0161 spole\u010dn\u00fd n\u00e1zor. Dry Ice Hash je optim\u00e1ln\u00ed zp\u016fsob v\u00fdroby hashe. Hash Sticks Made of Ice<\/p>\n<p>&nbsp;<\/p>\n<p>V \u010dem je Dry Ice Hash jedine\u010dn\u00fd?<\/p>\n<p>I kdy\u017e ne v\u0161echny hashe jsou identick\u00e9, mnoh\u00e9 jsou si dost podobn\u00e9.<\/p>\n<p>Vodn\u00ed hash \u2013 alternativn\u011b ozna\u010dovan\u00fd jako ledov\u00fd hash, bublinkov\u00fd hash, gravita\u010dn\u00ed (Gumby) hash a such\u00fd ledov\u00fd hash \u2013 v\u0161echny produkuj\u00ed izolovan\u00e9 prysky\u0159i\u010dn\u00e9 \u017el\u00e1zy.<\/p>\n<p>Hash Sticks Made of Ice<\/p>\n<p>I kdy\u017e mnoho metod produkuje stejn\u00fd nebo podobn\u00fd produkt, pou\u017eit\u00ed such\u00e9ho ledu m\u00e1 oproti jin\u00fdm metod\u00e1m sb\u011bru prysky\u0159ice \u0159adu v\u00fdhod:<\/p>\n<p>Je to v\u00fdhodn\u011bj\u0161\u00ed ne\u017e alternativn\u00ed metody.<br \/> M\u016f\u017eete dokon\u010dete hash such\u00e9ho ledu asi za 1\/25 \u010dasu, kter\u00fd je zapot\u0159eb\u00ed k dokon\u010den\u00ed gravita\u010dn\u00edho hashu! A\u010dkoli je tento p\u0159\u00edklad extr\u00e9mn\u00ed, v\u00fdroba hash such\u00fdm ledem trv\u00e1 jen n\u011bkolik minut a je v\u00fdrazn\u011b rychlej\u0161\u00ed ne\u017e jin\u00e9 metody. Hash Sticks Made of Ice<br \/> Je to sm\u011b\u0161n\u011b jednoduch\u00e9 a tato jednoduchost se prom\u00edt\u00e1 do okam\u017eit\u00e9ho uspokojen\u00ed. Pr\u00e9miov\u00fd hash z\u00edsk\u00e1te za m\u00e9n\u011b ne\u017e 15 minut prot\u0159ep\u00e1n\u00edm kbel\u00edku a s\u00e1\u010dku.<br \/> Nen\u00ed p\u0159\u00edtomna \u017e\u00e1dn\u00e1 vlhkost!<br \/> To znamen\u00e1, \u017ee prysky\u0159ice je p\u0159ipravena ihned po set\u0159esen\u00ed!<\/p>\n","protected":false},"excerpt":{"rendered":"<div class=\"woocommerce-product-details__short-description\">\n<p>Ice Hash Sticks, tak\u00e9 zn\u00e1m\u00e9 jako Thai Sticks, jsou \u010distou sativou landrace, kter\u00e1 poch\u00e1z\u00ed z Thajska a dostala se do Spojen\u00fdch st\u00e1t\u016f v 70. letech 20. stolet\u00ed.<\/p>\n<p>Ice Hash rychle z\u00edsk\u00e1v\u00e1 na popularit\u011b jako zp\u016fsob v\u00fdroby vysoce kvalitn\u00edho hashe nen\u00e1ro\u010dn\u00fd na \u00fadr\u017ebu. Marihuana se sm\u00edch\u00e1 s vodou a n\u00e1sledn\u011b se filtruje p\u0159es r\u016fzn\u00e9 druhy l\u00e1tek. V\u00fdsledn\u00e1 prysky\u0159ice je neuv\u011b\u0159iteln\u00e1. Hash Sticks vyroben\u00e9 z ledu. Existuje mnoho zp\u016fsob\u016f, jak vytvo\u0159it Ice Hash. M\u016f\u017eete si zakoupit Ice-o-lators online a vytvo\u0159it Ice Hash. Kupte si hash Sticks Made of Ice<\/p>\n<\/p><\/div>\n","protected":false},"featured_media":4679,"comment_status":"open","ping_status":"closed","template":"","meta":[],"product_brand":[],"product_cat":[610],"product_tag":[],"class_list":{"0":"post-4666","1":"product","2":"type-product","3":"status-publish","4":"has-post-thumbnail","6":"product_cat-koupit-hash-hashish","8":"first","9":"instock","10":"shipping-taxable","11":"purchasable","12":"product-type-variable","13":"has-default-attributes"},"yoast_head":"<!-- This site is optimized with the Yoast SEO plugin v27.3 - https:\/\/yoast.com\/product\/yoast-seo-wordpress\/ -->\n<title>Koupit Ice Hash Sticks \u2013 nejlep\u0161\u00ed nejlep\u0161\u00ed glob\u00e1ln\u00ed l\u00e9ky<\/title>\n<meta name=\"description\" content=\"Koupit Ice Hash Sticks na prodej Velk\u00e1 Brit\u00e1nie, Evropa Online tak\u00e9 zn\u00e1m\u00e1 jako Thai Sticks je \u010dist\u00e1 sativa landrace, kter\u00e1 za\u010dala v Thajsku, teprve v 70. letech se dostala do USA.\" \/>\n<meta name=\"robots\" content=\"index, follow, max-snippet:-1, max-image-preview:large, max-video-preview:-1\" \/>\n<link rel=\"canonical\" href=\"https:\/\/medicinasinc.com\/cs\/product\/koupit-led-hash-sticks\/\" \/>\n<meta property=\"og:locale\" content=\"en_US\" \/>\n<meta property=\"og:type\" content=\"article\" \/>\n<meta property=\"og:title\" content=\"Koupit Ice Hash Sticks \u2013 nejlep\u0161\u00ed nejlep\u0161\u00ed glob\u00e1ln\u00ed l\u00e9ky\" \/>\n<meta property=\"og:description\" content=\"Koupit Ice Hash Sticks na prodej Velk\u00e1 Brit\u00e1nie, Evropa Online tak\u00e9 zn\u00e1m\u00e1 jako Thai Sticks je \u010dist\u00e1 sativa landrace, kter\u00e1 za\u010dala v Thajsku, teprve v 70. letech se dostala do USA.\" \/>\n<meta property=\"og:url\" content=\"https:\/\/medicinasinc.com\/cs\/product\/koupit-led-hash-sticks\/\" \/>\n<meta property=\"og:site_name\" content=\"Medicinas Inc\" \/>\n<meta property=\"article:modified_time\" content=\"2022-03-14T12:54:31+00:00\" \/>\n<meta property=\"og:image\" content=\"https:\/\/medicinasinc.com\/cs\/wp-content\/uploads\/sites\/2\/2022\/02\/Buy-Ice-Hash-Sticks.jpg\" \/>\n\t<meta property=\"og:image:width\" content=\"600\" \/>\n\t<meta property=\"og:image:height\" content=\"600\" \/>\n\t<meta property=\"og:image:type\" content=\"image\/jpeg\" \/>\n<meta name=\"twitter:card\" content=\"summary_large_image\" \/>\n<meta name=\"twitter:label1\" content=\"Est. reading time\" \/>\n\t<meta name=\"twitter:data1\" content=\"2 minutes\" \/>\n<script type=\"application\/ld+json\" class=\"yoast-schema-graph\">{\"@context\":\"https:\\\/\\\/schema.org\",\"@graph\":[{\"@type\":\"WebPage\",\"@id\":\"https:\\\/\\\/medicinasinc.com\\\/cs\\\/product\\\/koupit-led-hash-sticks\\\/\",\"url\":\"https:\\\/\\\/medicinasinc.com\\\/cs\\\/product\\\/koupit-led-hash-sticks\\\/\",\"name\":\"Koupit Ice Hash Sticks \u2013 nejlep\u0161\u00ed nejlep\u0161\u00ed glob\u00e1ln\u00ed l\u00e9ky\",\"isPartOf\":{\"@id\":\"https:\\\/\\\/medicinasinc.com\\\/cs\\\/#website\"},\"primaryImageOfPage\":{\"@id\":\"https:\\\/\\\/medicinasinc.com\\\/cs\\\/product\\\/koupit-led-hash-sticks\\\/#primaryimage\"},\"image\":{\"@id\":\"https:\\\/\\\/medicinasinc.com\\\/cs\\\/product\\\/koupit-led-hash-sticks\\\/#primaryimage\"},\"thumbnailUrl\":\"https:\\\/\\\/medicinasinc.com\\\/cs\\\/wp-content\\\/uploads\\\/sites\\\/2\\\/2022\\\/02\\\/Buy-Ice-Hash-Sticks.jpg\",\"datePublished\":\"2022-02-20T14:26:53+00:00\",\"dateModified\":\"2022-03-14T12:54:31+00:00\",\"description\":\"Koupit Ice Hash Sticks na prodej Velk\u00e1 Brit\u00e1nie, Evropa Online tak\u00e9 zn\u00e1m\u00e1 jako Thai Sticks je \u010dist\u00e1 sativa landrace, kter\u00e1 za\u010dala v Thajsku, teprve v 70. letech se dostala do USA.\",\"breadcrumb\":{\"@id\":\"https:\\\/\\\/medicinasinc.com\\\/cs\\\/product\\\/koupit-led-hash-sticks\\\/#breadcrumb\"},\"inLanguage\":\"en-US\",\"potentialAction\":[{\"@type\":\"ReadAction\",\"target\":[\"https:\\\/\\\/medicinasinc.com\\\/cs\\\/product\\\/koupit-led-hash-sticks\\\/\"]}]},{\"@type\":\"ImageObject\",\"inLanguage\":\"en-US\",\"@id\":\"https:\\\/\\\/medicinasinc.com\\\/cs\\\/product\\\/koupit-led-hash-sticks\\\/#primaryimage\",\"url\":\"https:\\\/\\\/medicinasinc.com\\\/cs\\\/wp-content\\\/uploads\\\/sites\\\/2\\\/2022\\\/02\\\/Buy-Ice-Hash-Sticks.jpg\",\"contentUrl\":\"https:\\\/\\\/medicinasinc.com\\\/cs\\\/wp-content\\\/uploads\\\/sites\\\/2\\\/2022\\\/02\\\/Buy-Ice-Hash-Sticks.jpg\",\"width\":600,\"height\":600},{\"@type\":\"BreadcrumbList\",\"@id\":\"https:\\\/\\\/medicinasinc.com\\\/cs\\\/product\\\/koupit-led-hash-sticks\\\/#breadcrumb\",\"itemListElement\":[{\"@type\":\"ListItem\",\"position\":1,\"name\":\"Obchod\",\"item\":\"https:\\\/\\\/medicinasinc.com\\\/cs\\\/obchod\\\/\"},{\"@type\":\"ListItem\",\"position\":2,\"name\":\"Kupte si ledov\u00e9 ty\u010dinky\"}]},{\"@type\":\"WebSite\",\"@id\":\"https:\\\/\\\/medicinasinc.com\\\/cs\\\/#website\",\"url\":\"https:\\\/\\\/medicinasinc.com\\\/cs\\\/\",\"name\":\"Medicinas Inc\",\"description\":\"Health Medical Clinic\",\"potentialAction\":[{\"@type\":\"SearchAction\",\"target\":{\"@type\":\"EntryPoint\",\"urlTemplate\":\"https:\\\/\\\/medicinasinc.com\\\/cs\\\/?s={search_term_string}\"},\"query-input\":{\"@type\":\"PropertyValueSpecification\",\"valueRequired\":true,\"valueName\":\"search_term_string\"}}],\"inLanguage\":\"en-US\"}]}<\/script>\n<!-- \/ Yoast SEO plugin. -->","yoast_head_json":{"title":"Koupit Ice Hash Sticks \u2013 nejlep\u0161\u00ed nejlep\u0161\u00ed glob\u00e1ln\u00ed l\u00e9ky","description":"Koupit Ice Hash Sticks na prodej Velk\u00e1 Brit\u00e1nie, Evropa Online tak\u00e9 zn\u00e1m\u00e1 jako Thai Sticks je \u010dist\u00e1 sativa landrace, kter\u00e1 za\u010dala v Thajsku, teprve v 70. letech se dostala do USA.","robots":{"index":"index","follow":"follow","max-snippet":"max-snippet:-1","max-image-preview":"max-image-preview:large","max-video-preview":"max-video-preview:-1"},"canonical":"https:\/\/medicinasinc.com\/cs\/product\/koupit-led-hash-sticks\/","og_locale":"en_US","og_type":"article","og_title":"Koupit Ice Hash Sticks \u2013 nejlep\u0161\u00ed nejlep\u0161\u00ed glob\u00e1ln\u00ed l\u00e9ky","og_description":"Koupit Ice Hash Sticks na prodej Velk\u00e1 Brit\u00e1nie, Evropa Online tak\u00e9 zn\u00e1m\u00e1 jako Thai Sticks je \u010dist\u00e1 sativa landrace, kter\u00e1 za\u010dala v Thajsku, teprve v 70. letech se dostala do USA.","og_url":"https:\/\/medicinasinc.com\/cs\/product\/koupit-led-hash-sticks\/","og_site_name":"Medicinas Inc","article_modified_time":"2022-03-14T12:54:31+00:00","og_image":[{"width":600,"height":600,"url":"https:\/\/medicinasinc.com\/cs\/wp-content\/uploads\/sites\/2\/2022\/02\/Buy-Ice-Hash-Sticks.jpg","type":"image\/jpeg"}],"twitter_card":"summary_large_image","twitter_misc":{"Est. reading time":"2 minutes"},"schema":{"@context":"https:\/\/schema.org","@graph":[{"@type":"WebPage","@id":"https:\/\/medicinasinc.com\/cs\/product\/koupit-led-hash-sticks\/","url":"https:\/\/medicinasinc.com\/cs\/product\/koupit-led-hash-sticks\/","name":"Koupit Ice Hash Sticks \u2013 nejlep\u0161\u00ed nejlep\u0161\u00ed glob\u00e1ln\u00ed l\u00e9ky","isPartOf":{"@id":"https:\/\/medicinasinc.com\/cs\/#website"},"primaryImageOfPage":{"@id":"https:\/\/medicinasinc.com\/cs\/product\/koupit-led-hash-sticks\/#primaryimage"},"image":{"@id":"https:\/\/medicinasinc.com\/cs\/product\/koupit-led-hash-sticks\/#primaryimage"},"thumbnailUrl":"https:\/\/medicinasinc.com\/cs\/wp-content\/uploads\/sites\/2\/2022\/02\/Buy-Ice-Hash-Sticks.jpg","datePublished":"2022-02-20T14:26:53+00:00","dateModified":"2022-03-14T12:54:31+00:00","description":"Koupit Ice Hash Sticks na prodej Velk\u00e1 Brit\u00e1nie, Evropa Online tak\u00e9 zn\u00e1m\u00e1 jako Thai Sticks je \u010dist\u00e1 sativa landrace, kter\u00e1 za\u010dala v Thajsku, teprve v 70. letech se dostala do USA.","breadcrumb":{"@id":"https:\/\/medicinasinc.com\/cs\/product\/koupit-led-hash-sticks\/#breadcrumb"},"inLanguage":"en-US","potentialAction":[{"@type":"ReadAction","target":["https:\/\/medicinasinc.com\/cs\/product\/koupit-led-hash-sticks\/"]}]},{"@type":"ImageObject","inLanguage":"en-US","@id":"https:\/\/medicinasinc.com\/cs\/product\/koupit-led-hash-sticks\/#primaryimage","url":"https:\/\/medicinasinc.com\/cs\/wp-content\/uploads\/sites\/2\/2022\/02\/Buy-Ice-Hash-Sticks.jpg","contentUrl":"https:\/\/medicinasinc.com\/cs\/wp-content\/uploads\/sites\/2\/2022\/02\/Buy-Ice-Hash-Sticks.jpg","width":600,"height":600},{"@type":"BreadcrumbList","@id":"https:\/\/medicinasinc.com\/cs\/product\/koupit-led-hash-sticks\/#breadcrumb","itemListElement":[{"@type":"ListItem","position":1,"name":"Obchod","item":"https:\/\/medicinasinc.com\/cs\/obchod\/"},{"@type":"ListItem","position":2,"name":"Kupte si ledov\u00e9 ty\u010dinky"}]},{"@type":"WebSite","@id":"https:\/\/medicinasinc.com\/cs\/#website","url":"https:\/\/medicinasinc.com\/cs\/","name":"Medicinas Inc","description":"Health Medical Clinic","potentialAction":[{"@type":"SearchAction","target":{"@type":"EntryPoint","urlTemplate":"https:\/\/medicinasinc.com\/cs\/?s={search_term_string}"},"query-input":{"@type":"PropertyValueSpecification","valueRequired":true,"valueName":"search_term_string"}}],"inLanguage":"en-US"}]}},"_links":{"self":[{"href":"https:\/\/medicinasinc.com\/cs\/wp-json\/wp\/v2\/product\/4666","targetHints":{"allow":["GET"]}}],"collection":[{"href":"https:\/\/medicinasinc.com\/cs\/wp-json\/wp\/v2\/product"}],"about":[{"href":"https:\/\/medicinasinc.com\/cs\/wp-json\/wp\/v2\/types\/product"}],"replies":[{"embeddable":true,"href":"https:\/\/medicinasinc.com\/cs\/wp-json\/wp\/v2\/comments?post=4666"}],"wp:featuredmedia":[{"embeddable":true,"href":"https:\/\/medicinasinc.com\/cs\/wp-json\/wp\/v2\/media\/4679"}],"wp:attachment":[{"href":"https:\/\/medicinasinc.com\/cs\/wp-json\/wp\/v2\/media?parent=4666"}],"wp:term":[{"taxonomy":"product_brand","embeddable":true,"href":"https:\/\/medicinasinc.com\/cs\/wp-json\/wp\/v2\/product_brand?post=4666"},{"taxonomy":"product_cat","embeddable":true,"href":"https:\/\/medicinasinc.com\/cs\/wp-json\/wp\/v2\/product_cat?post=4666"},{"taxonomy":"product_tag","embeddable":true,"href":"https:\/\/medicinasinc.com\/cs\/wp-json\/wp\/v2\/product_tag?post=4666"}],"curies":[{"name":"wp","href":"https:\/\/api.w.org\/{rel}","templated":true}]}}