{"id":4635,"date":"2022-02-20T14:04:42","date_gmt":"2022-02-20T14:04:42","guid":{"rendered":"https:\/\/medicinasinc.com\/cs\/?post_type=product&#038;p=4635"},"modified":"2022-03-14T12:57:21","modified_gmt":"2022-03-14T12:57:21","slug":"koupit-charas-hash","status":"publish","type":"product","link":"https:\/\/medicinasinc.com\/cs\/product\/koupit-charas-hash\/","title":{"rendered":"Koupit Charas Hash"},"content":{"rendered":"<p>Online n\u00e1kup Charas Hash<\/p>\n<p>Online n\u00e1kup Charas Hash. Vytvo\u0159eno pe\u010dliv\u00fdm drhnut\u00edm \u017eensk\u00fdch pupen\u016f mezi prsty. Smola je dod\u00e1v\u00e1na v hash-Balls a je p\u0159ed odesl\u00e1n\u00edm stla\u010dena na standardn\u00ed kousky. Zvenku \u010dern\u00e1, uvnit\u0159 slab\u011b nazelenal\u00e1\/tmav\u00e1. V\u016fn\u011b: Ko\u0159enit\u00e1 a\u017e extr\u00e9mn\u011b pikantn\u00ed. M\u00e1 nezam\u011bniteln\u00e9 aroma. Chu\u0165: Velmi p\u00e1liv\u00e1, pom\u011brn\u011b drsn\u00e1 na krku, ale mnohem m\u00e9n\u011b ne\u017e afgh\u00e1nsk\u00e1. Konzistence: Extr\u00e9mn\u011b jemn\u00e1, podobn\u00e1 afgh\u00e1nsk\u00e9 ve schopnosti \u00fa\u010dinn\u00e9 mas\u00e1\u017ee. Ob\u010das velmi jemn\u00e9, ale trvale hust\u00e9. Dopad: Extr\u00e9mn\u011b kamenit\u00fd a fyzicky stimuluj\u00edc\u00ed vysok\u00fd. Intelektu\u00e1ln\u00ed. Siln\u00fd a\u017e extr\u00e9mn\u011b siln\u00fd. Charas, stejn\u011b jako Nep\u00e1l, \u010dasto produkuje vynikaj\u00edc\u00ed kou\u0159. (10-26% THC) Dostupnost: Extr\u00e9mn\u011b vz\u00e1cn\u00e9; p\u0159\u00edle\u017eitostn\u011b jsou k dispozici extr\u00e9mn\u011b mal\u00e1 mno\u017estv\u00ed. V\u011bt\u0161ina tohoto typu hashe je dov\u00e1\u017eena do Indie soukrom\u00fdmi cestovateli. Na nep\u00e1lsk\u00e9 pom\u011bry jsou samoz\u0159ejm\u011b n\u00e1klady vysok\u00e9. Charas se obvykle prod\u00e1v\u00e1 jako \u201eprst\u201c, co\u017e je hash ve tvaru p\u00e1rku v rohl\u00edku.<\/p>\n","protected":false},"excerpt":{"rendered":"<div class=\"woocommerce-product-details__short-description\">\n<p>Nakupte Charas Hash na prodej Velk\u00e1 Brit\u00e1nie, Evropa online levn\u011b s celosv\u011btovou dopravou. Je to v\u00fdrazn\u00fd a robustn\u00ed koncentr\u00e1t, kter\u00fd je velmi dobr\u00fd p\u0159i bolesti, \u00fazkosti a nevolnosti.<\/p>\n<\/p><\/div>\n","protected":false},"featured_media":4649,"comment_status":"open","ping_status":"closed","template":"","meta":[],"product_brand":[],"product_cat":[610],"product_tag":[],"class_list":{"0":"post-4635","1":"product","2":"type-product","3":"status-publish","4":"has-post-thumbnail","6":"product_cat-koupit-hash-hashish","8":"first","9":"instock","10":"shipping-taxable","11":"purchasable","12":"product-type-variable","13":"has-default-attributes"},"yoast_head":"<!-- This site is optimized with the Yoast SEO plugin v27.3 - https:\/\/yoast.com\/product\/yoast-seo-wordpress\/ -->\n<title>Koupit Charas Hash \u2013 nejlep\u0161\u00ed nejlep\u0161\u00ed glob\u00e1ln\u00ed l\u00e9ky<\/title>\n<meta name=\"description\" content=\"Koupit Charas Hash na prodej Velk\u00e1 Brit\u00e1nie, Evropa Online levn\u011b s celosv\u011btovou dopravou. Je to v\u00fdrazn\u00fd a robustn\u00ed koncentr\u00e1t, kter\u00fd je velmi dobr\u00fd p\u0159i bolesti, \u00fazkosti a nevolnosti.\" \/>\n<meta name=\"robots\" content=\"index, follow, max-snippet:-1, max-image-preview:large, max-video-preview:-1\" \/>\n<link rel=\"canonical\" href=\"https:\/\/medicinasinc.com\/cs\/product\/koupit-charas-hash\/\" \/>\n<meta property=\"og:locale\" content=\"en_US\" \/>\n<meta property=\"og:type\" content=\"article\" \/>\n<meta property=\"og:title\" content=\"Koupit Charas Hash \u2013 nejlep\u0161\u00ed nejlep\u0161\u00ed glob\u00e1ln\u00ed l\u00e9ky\" \/>\n<meta property=\"og:description\" content=\"Koupit Charas Hash na prodej Velk\u00e1 Brit\u00e1nie, Evropa Online levn\u011b s celosv\u011btovou dopravou. Je to v\u00fdrazn\u00fd a robustn\u00ed koncentr\u00e1t, kter\u00fd je velmi dobr\u00fd p\u0159i bolesti, \u00fazkosti a nevolnosti.\" \/>\n<meta property=\"og:url\" content=\"https:\/\/medicinasinc.com\/cs\/product\/koupit-charas-hash\/\" \/>\n<meta property=\"og:site_name\" content=\"Medicinas Inc\" \/>\n<meta property=\"article:modified_time\" content=\"2022-03-14T12:57:21+00:00\" \/>\n<meta property=\"og:image\" content=\"https:\/\/medicinasinc.com\/cs\/wp-content\/uploads\/sites\/2\/2022\/02\/Buy-Charas-Hash-Online.jpg\" \/>\n\t<meta property=\"og:image:width\" content=\"600\" \/>\n\t<meta property=\"og:image:height\" content=\"600\" \/>\n\t<meta property=\"og:image:type\" content=\"image\/jpeg\" \/>\n<meta name=\"twitter:card\" content=\"summary_large_image\" \/>\n<meta name=\"twitter:label1\" content=\"Est. reading time\" \/>\n\t<meta name=\"twitter:data1\" content=\"1 minute\" \/>\n<script type=\"application\/ld+json\" class=\"yoast-schema-graph\">{\"@context\":\"https:\\\/\\\/schema.org\",\"@graph\":[{\"@type\":\"WebPage\",\"@id\":\"https:\\\/\\\/medicinasinc.com\\\/cs\\\/product\\\/koupit-charas-hash\\\/\",\"url\":\"https:\\\/\\\/medicinasinc.com\\\/cs\\\/product\\\/koupit-charas-hash\\\/\",\"name\":\"Koupit Charas Hash \u2013 nejlep\u0161\u00ed nejlep\u0161\u00ed glob\u00e1ln\u00ed l\u00e9ky\",\"isPartOf\":{\"@id\":\"https:\\\/\\\/medicinasinc.com\\\/cs\\\/#website\"},\"primaryImageOfPage\":{\"@id\":\"https:\\\/\\\/medicinasinc.com\\\/cs\\\/product\\\/koupit-charas-hash\\\/#primaryimage\"},\"image\":{\"@id\":\"https:\\\/\\\/medicinasinc.com\\\/cs\\\/product\\\/koupit-charas-hash\\\/#primaryimage\"},\"thumbnailUrl\":\"https:\\\/\\\/medicinasinc.com\\\/cs\\\/wp-content\\\/uploads\\\/sites\\\/2\\\/2022\\\/02\\\/Buy-Charas-Hash-Online.jpg\",\"datePublished\":\"2022-02-20T14:04:42+00:00\",\"dateModified\":\"2022-03-14T12:57:21+00:00\",\"description\":\"Koupit Charas Hash na prodej Velk\u00e1 Brit\u00e1nie, Evropa Online levn\u011b s celosv\u011btovou dopravou. Je to v\u00fdrazn\u00fd a robustn\u00ed koncentr\u00e1t, kter\u00fd je velmi dobr\u00fd p\u0159i bolesti, \u00fazkosti a nevolnosti.\",\"breadcrumb\":{\"@id\":\"https:\\\/\\\/medicinasinc.com\\\/cs\\\/product\\\/koupit-charas-hash\\\/#breadcrumb\"},\"inLanguage\":\"en-US\",\"potentialAction\":[{\"@type\":\"ReadAction\",\"target\":[\"https:\\\/\\\/medicinasinc.com\\\/cs\\\/product\\\/koupit-charas-hash\\\/\"]}]},{\"@type\":\"ImageObject\",\"inLanguage\":\"en-US\",\"@id\":\"https:\\\/\\\/medicinasinc.com\\\/cs\\\/product\\\/koupit-charas-hash\\\/#primaryimage\",\"url\":\"https:\\\/\\\/medicinasinc.com\\\/cs\\\/wp-content\\\/uploads\\\/sites\\\/2\\\/2022\\\/02\\\/Buy-Charas-Hash-Online.jpg\",\"contentUrl\":\"https:\\\/\\\/medicinasinc.com\\\/cs\\\/wp-content\\\/uploads\\\/sites\\\/2\\\/2022\\\/02\\\/Buy-Charas-Hash-Online.jpg\",\"width\":600,\"height\":600},{\"@type\":\"BreadcrumbList\",\"@id\":\"https:\\\/\\\/medicinasinc.com\\\/cs\\\/product\\\/koupit-charas-hash\\\/#breadcrumb\",\"itemListElement\":[{\"@type\":\"ListItem\",\"position\":1,\"name\":\"Obchod\",\"item\":\"https:\\\/\\\/medicinasinc.com\\\/cs\\\/obchod\\\/\"},{\"@type\":\"ListItem\",\"position\":2,\"name\":\"Koupit Charas Hash\"}]},{\"@type\":\"WebSite\",\"@id\":\"https:\\\/\\\/medicinasinc.com\\\/cs\\\/#website\",\"url\":\"https:\\\/\\\/medicinasinc.com\\\/cs\\\/\",\"name\":\"Medicinas Inc\",\"description\":\"Health Medical Clinic\",\"potentialAction\":[{\"@type\":\"SearchAction\",\"target\":{\"@type\":\"EntryPoint\",\"urlTemplate\":\"https:\\\/\\\/medicinasinc.com\\\/cs\\\/?s={search_term_string}\"},\"query-input\":{\"@type\":\"PropertyValueSpecification\",\"valueRequired\":true,\"valueName\":\"search_term_string\"}}],\"inLanguage\":\"en-US\"}]}<\/script>\n<!-- \/ Yoast SEO plugin. -->","yoast_head_json":{"title":"Koupit Charas Hash \u2013 nejlep\u0161\u00ed nejlep\u0161\u00ed glob\u00e1ln\u00ed l\u00e9ky","description":"Koupit Charas Hash na prodej Velk\u00e1 Brit\u00e1nie, Evropa Online levn\u011b s celosv\u011btovou dopravou. Je to v\u00fdrazn\u00fd a robustn\u00ed koncentr\u00e1t, kter\u00fd je velmi dobr\u00fd p\u0159i bolesti, \u00fazkosti a nevolnosti.","robots":{"index":"index","follow":"follow","max-snippet":"max-snippet:-1","max-image-preview":"max-image-preview:large","max-video-preview":"max-video-preview:-1"},"canonical":"https:\/\/medicinasinc.com\/cs\/product\/koupit-charas-hash\/","og_locale":"en_US","og_type":"article","og_title":"Koupit Charas Hash \u2013 nejlep\u0161\u00ed nejlep\u0161\u00ed glob\u00e1ln\u00ed l\u00e9ky","og_description":"Koupit Charas Hash na prodej Velk\u00e1 Brit\u00e1nie, Evropa Online levn\u011b s celosv\u011btovou dopravou. Je to v\u00fdrazn\u00fd a robustn\u00ed koncentr\u00e1t, kter\u00fd je velmi dobr\u00fd p\u0159i bolesti, \u00fazkosti a nevolnosti.","og_url":"https:\/\/medicinasinc.com\/cs\/product\/koupit-charas-hash\/","og_site_name":"Medicinas Inc","article_modified_time":"2022-03-14T12:57:21+00:00","og_image":[{"width":600,"height":600,"url":"https:\/\/medicinasinc.com\/cs\/wp-content\/uploads\/sites\/2\/2022\/02\/Buy-Charas-Hash-Online.jpg","type":"image\/jpeg"}],"twitter_card":"summary_large_image","twitter_misc":{"Est. reading time":"1 minute"},"schema":{"@context":"https:\/\/schema.org","@graph":[{"@type":"WebPage","@id":"https:\/\/medicinasinc.com\/cs\/product\/koupit-charas-hash\/","url":"https:\/\/medicinasinc.com\/cs\/product\/koupit-charas-hash\/","name":"Koupit Charas Hash \u2013 nejlep\u0161\u00ed nejlep\u0161\u00ed glob\u00e1ln\u00ed l\u00e9ky","isPartOf":{"@id":"https:\/\/medicinasinc.com\/cs\/#website"},"primaryImageOfPage":{"@id":"https:\/\/medicinasinc.com\/cs\/product\/koupit-charas-hash\/#primaryimage"},"image":{"@id":"https:\/\/medicinasinc.com\/cs\/product\/koupit-charas-hash\/#primaryimage"},"thumbnailUrl":"https:\/\/medicinasinc.com\/cs\/wp-content\/uploads\/sites\/2\/2022\/02\/Buy-Charas-Hash-Online.jpg","datePublished":"2022-02-20T14:04:42+00:00","dateModified":"2022-03-14T12:57:21+00:00","description":"Koupit Charas Hash na prodej Velk\u00e1 Brit\u00e1nie, Evropa Online levn\u011b s celosv\u011btovou dopravou. Je to v\u00fdrazn\u00fd a robustn\u00ed koncentr\u00e1t, kter\u00fd je velmi dobr\u00fd p\u0159i bolesti, \u00fazkosti a nevolnosti.","breadcrumb":{"@id":"https:\/\/medicinasinc.com\/cs\/product\/koupit-charas-hash\/#breadcrumb"},"inLanguage":"en-US","potentialAction":[{"@type":"ReadAction","target":["https:\/\/medicinasinc.com\/cs\/product\/koupit-charas-hash\/"]}]},{"@type":"ImageObject","inLanguage":"en-US","@id":"https:\/\/medicinasinc.com\/cs\/product\/koupit-charas-hash\/#primaryimage","url":"https:\/\/medicinasinc.com\/cs\/wp-content\/uploads\/sites\/2\/2022\/02\/Buy-Charas-Hash-Online.jpg","contentUrl":"https:\/\/medicinasinc.com\/cs\/wp-content\/uploads\/sites\/2\/2022\/02\/Buy-Charas-Hash-Online.jpg","width":600,"height":600},{"@type":"BreadcrumbList","@id":"https:\/\/medicinasinc.com\/cs\/product\/koupit-charas-hash\/#breadcrumb","itemListElement":[{"@type":"ListItem","position":1,"name":"Obchod","item":"https:\/\/medicinasinc.com\/cs\/obchod\/"},{"@type":"ListItem","position":2,"name":"Koupit Charas Hash"}]},{"@type":"WebSite","@id":"https:\/\/medicinasinc.com\/cs\/#website","url":"https:\/\/medicinasinc.com\/cs\/","name":"Medicinas Inc","description":"Health Medical Clinic","potentialAction":[{"@type":"SearchAction","target":{"@type":"EntryPoint","urlTemplate":"https:\/\/medicinasinc.com\/cs\/?s={search_term_string}"},"query-input":{"@type":"PropertyValueSpecification","valueRequired":true,"valueName":"search_term_string"}}],"inLanguage":"en-US"}]}},"_links":{"self":[{"href":"https:\/\/medicinasinc.com\/cs\/wp-json\/wp\/v2\/product\/4635","targetHints":{"allow":["GET"]}}],"collection":[{"href":"https:\/\/medicinasinc.com\/cs\/wp-json\/wp\/v2\/product"}],"about":[{"href":"https:\/\/medicinasinc.com\/cs\/wp-json\/wp\/v2\/types\/product"}],"replies":[{"embeddable":true,"href":"https:\/\/medicinasinc.com\/cs\/wp-json\/wp\/v2\/comments?post=4635"}],"wp:featuredmedia":[{"embeddable":true,"href":"https:\/\/medicinasinc.com\/cs\/wp-json\/wp\/v2\/media\/4649"}],"wp:attachment":[{"href":"https:\/\/medicinasinc.com\/cs\/wp-json\/wp\/v2\/media?parent=4635"}],"wp:term":[{"taxonomy":"product_brand","embeddable":true,"href":"https:\/\/medicinasinc.com\/cs\/wp-json\/wp\/v2\/product_brand?post=4635"},{"taxonomy":"product_cat","embeddable":true,"href":"https:\/\/medicinasinc.com\/cs\/wp-json\/wp\/v2\/product_cat?post=4635"},{"taxonomy":"product_tag","embeddable":true,"href":"https:\/\/medicinasinc.com\/cs\/wp-json\/wp\/v2\/product_tag?post=4635"}],"curies":[{"name":"wp","href":"https:\/\/api.w.org\/{rel}","templated":true}]}}