{"id":4627,"date":"2022-02-20T13:57:00","date_gmt":"2022-02-20T13:57:00","guid":{"rendered":"https:\/\/medicinasinc.com\/cs\/?post_type=product&#038;p=4627"},"modified":"2022-03-14T12:59:54","modified_gmt":"2022-03-14T12:59:54","slug":"buy-bc-hash","status":"publish","type":"product","link":"https:\/\/medicinasinc.com\/cs\/product\/buy-bc-hash\/","title":{"rendered":"Koupit BC Hash"},"content":{"rendered":"<div class=\"woocommerce-tabs wc-tabs-wrapper\">\n<div id=\"tab-description\" class=\"woocommerce-Tabs-panel woocommerce-Tabs-panel--description panel entry-content wc-tab\" role=\"tabpanel\" aria-labelledby=\"tab-title-description\">\n<p>BC-Hash lze zakoupit online.<\/p>\n<p>Cht\u011bli byste dnes vyzkou\u0161et n\u011bco nov\u00e9ho? Na\u0161\u00edm doporu\u010den\u00edm je vyzkou\u0161et tento vysoce kvalitn\u00ed hash, kter\u00fd je obl\u00edben\u00fd mezi za\u010d\u00e1te\u010dn\u00edky i zku\u0161en\u00fdmi u\u017eivateli marihuany. BC-Hash lze zakoupit online.<\/p>\n<p>BC Hash m\u00e1 v\u00fdrazn\u00e9 borovicov\u00e9 aroma a chu\u0165.<\/p>\n<p>I kdy\u017e mnoho lid\u00ed o\u010dek\u00e1v\u00e1 silnou v\u016fni, ve skute\u010dnosti je to docela m\u00edrn\u00e9, tak\u017ee tento produkt je tak\u00e9 docela praktick\u00fd. Nejlep\u0161\u00ed na tom je, \u017ee high neza\u010d\u00edn\u00e1 okam\u017eit\u011b, tak\u017ee si m\u016f\u017eete d\u00e1t na \u010das a o\u010dek\u00e1vat, \u017ee to bude trvat dlouho. Je to vynikaj\u00edc\u00ed volba pro ty, kte\u0159\u00ed hledaj\u00ed den relaxace, stejn\u011b jako pro ty, kte\u0159\u00ed cht\u011bj\u00ed bojovat s \u00fazkost\u00ed. Zas\u00edl\u00e1me do Spojen\u00fdch st\u00e1t\u016f americk\u00fdch, Spojen\u00e9ho kr\u00e1lovstv\u00ed, Austr\u00e1lie, Kanady a Evropy a tak\u00e9 do zahrani\u010d\u00ed.<\/p>\n<\/p><\/div><\/div>\n","protected":false},"excerpt":{"rendered":"<p>Nakupte BC Hash na prodej ve Velk\u00e9 Brit\u00e1nii online za nejlep\u0161\u00ed glob\u00e1ln\u00ed nepo\u0159\u00e1dek. Objednejte si produkty hash oil a BC hash. Kupte si tr\u00e1vu online zde a z\u00edskejte rychlou dopravu kamkoli v Evrop\u011b, Spojen\u00e9m kr\u00e1lovstv\u00ed.<\/p>\n<p>&nbsp;<\/p>\n<ul>\n<li>Celosv\u011btov\u00e1 doprava<\/li>\n<li><strong>Stupe\u0148: AAAA<\/strong><\/li>\n<li><strong>Kontaktujte n\u00e1s<\/strong>\u00a0pro v\u011bt\u0161\u00ed objedn\u00e1vky<\/li>\n<\/ul>\n","protected":false},"featured_media":4639,"comment_status":"open","ping_status":"closed","template":"","meta":[],"product_brand":[],"product_cat":[610],"product_tag":[611,612,613,617,618,619,620,621,622,626,628,629,630,633,634,459,636,637,638,639,641,644,470,473,651,652,682,655,654,616,625,461,627,631,632,643,646,648,649,647,475,642,615,623,624,455,635,640,645,656,657,658,659,663,664,665,653,454,650,614,672,673,674,676,675,677,679,680,671,662,678,666,667,668,660,670,669,681,661],"class_list":{"0":"post-4627","1":"product","2":"type-product","3":"status-publish","4":"has-post-thumbnail","6":"product_cat-koupit-hash-hashish","7":"product_tag-420-mail-order-marihuana-usa","8":"product_tag-420-mail-order-usa","9":"product_tag-best-marijuana-online-shop-usa","10":"product_tag-buy-cannabis-online-malaysia","11":"product_tag-buy-cheap-weed-online-usa","12":"product_tag-buy-dabs-online","13":"product_tag-buy-dabs-online-mail-order","14":"product_tag-buy-hash-oil-online-australia","15":"product_tag-buy-hash-online-uk","16":"product_tag-buy-legal-weed-online","17":"product_tag-buy-marijuana-online-brazil","18":"product_tag-buy-marijuana-online-ca","19":"product_tag-buy-marijuana-online-discreet-packaging","20":"product_tag-buy-marijuana-online-middle-east","21":"product_tag-buy-marijuana-online-uk","22":"product_tag-buy-marijuana-online-usa","23":"product_tag-buy-marijuana-shatter-wax-online-with-worldwide-shipping","24":"product_tag-buy-marijuana-shatterwax-online-with-worldwide-shipping","25":"product_tag-buy-marijuana-wax-online-australia","26":"product_tag-buy-marijuana-wax-online-uk","27":"product_tag-buy-pre-rolled-joints-online","28":"product_tag-buy-thc-wax-online","29":"product_tag-buy-weed-online","30":"product_tag-buy-weed-online-europe","31":"product_tag-buy-weed-wax-online-with-worldwide-shipping","32":"product_tag-buying-marijuana-online-usa","33":"product_tag-celosvtov-internetov-obchod-s-konopm","34":"product_tag-edibles-worldwide-shipping","35":"product_tag-california-dispensary-shipping-worldwide","36":"product_tag-buy-cannabis-online-kuwait","37":"product_tag-buy-kush-online-usa","38":"product_tag-koupit-lebnou-marihuanu-online","39":"product_tag-koupit-marihuanu-online-austrlie","40":"product_tag-koupit-marihuana-online-latinsko-americk","41":"product_tag-koupit-marihuanu-online-malajsie","42":"product_tag-koupit-thc-olej-online","43":"product_tag-koupit-plevel-jedle-online","44":"product_tag-koupit-plevel-online-austrlie","45":"product_tag-buy-weed-online-usa","46":"product_tag-koupit-plevel-online-asie","47":"product_tag-buy-weed-online-uk","48":"product_tag-koupit-rozbt-vosk-online","49":"product_tag-koupit-konopn-olej-online","50":"product_tag-koupit-high-thc-cannabis-oleje-online","51":"product_tag-koupit-kush-online","52":"product_tag-koupit-marihuanu-online","53":"product_tag-koupit-marihuanu-online-s-celosvtovou-dopravou","54":"product_tag-buy-moon-rocks-online","55":"product_tag-koupit-vosk-online-s-celosvtovou-dopravou","56":"product_tag-legal-marijuana-for-sale-usa","57":"product_tag-legitimn-online-vdejna","58":"product_tag-legitimn-online-vdejna-doprava-usa","59":"product_tag-legit-online-dispensary-shipping-worldwide","60":"product_tag-mail-order-weed-online-with-worldwide-shipping","61":"product_tag-marihuana-na-prodej-usa","62":"product_tag-marihuana-online-usa","63":"product_tag-nkup-trvu-online-usa-recenze","64":"product_tag-koupit-marihuanu-jedle-online","65":"product_tag-koupit-plevel-online-s-celosvtovou-dopravou","66":"product_tag-nejlep-online-vdejna","67":"product_tag-objednat-marihuana-online","68":"product_tag-objednat-marihuana-online-evropa","69":"product_tag-objednat-marihuana-online-francie","70":"product_tag-objednvka-marihuana-online-celosvtov-doprava","71":"product_tag-objednat-marihuana-online-usa","72":"product_tag-order-shatter-online-usa","73":"product_tag-order-weed-online-usa","74":"product_tag-objednvn-trvy-online-v-usa","75":"product_tag-order-kush-online-usa","76":"product_tag-mail-order-marihuana-online-with-worldwide-shipping","77":"product_tag-objednat-plevel-online","78":"product_tag-online-dispensary-shipping","79":"product_tag-online-dispensary-shipping-uk","80":"product_tag-online-dispensary-shipping-usa","81":"product_tag-mail-order-marihuana-online","82":"product_tag-online-vdejna-zsilka-celosvtov-recenze","83":"product_tag-online-v-c3-bddejna-z-c3-a1silka-celosv-c4-9btov-c4-9b","84":"product_tag-trva-na-prodej-online-usa","85":"product_tag-mail-order-marihuana-online-usa","87":"first","88":"instock","89":"shipping-taxable","90":"purchasable","91":"product-type-variable","92":"has-default-attributes"},"yoast_head":"<!-- This site is optimized with the Yoast SEO plugin v27.3 - https:\/\/yoast.com\/product\/yoast-seo-wordpress\/ -->\n<title>Koupit BC Hash online - Nejlep\u0161\u00ed nejlep\u0161\u00ed glob\u00e1ln\u00ed l\u00e9ky<\/title>\n<meta name=\"description\" content=\"Koupit BC Hash na prodej ve Velk\u00e9 Brit\u00e1nii online za nejlep\u0161\u00ed glob\u00e1ln\u00ed nepo\u0159\u00e1dek. Objednejte si produkty hash oil a BC hash. Kupte si tr\u00e1vu online zde a z\u00edskejte rychlou dopravu kamkoli v Evrop\u011b, Velk\u00e9 Brit\u00e1nii.\" \/>\n<meta name=\"robots\" content=\"index, follow, max-snippet:-1, max-image-preview:large, max-video-preview:-1\" \/>\n<link rel=\"canonical\" href=\"https:\/\/medicinasinc.com\/cs\/product\/buy-bc-hash\/\" \/>\n<meta property=\"og:locale\" content=\"en_US\" \/>\n<meta property=\"og:type\" content=\"article\" \/>\n<meta property=\"og:title\" content=\"Koupit BC Hash online - Nejlep\u0161\u00ed nejlep\u0161\u00ed glob\u00e1ln\u00ed l\u00e9ky\" \/>\n<meta property=\"og:description\" content=\"Koupit BC Hash na prodej ve Velk\u00e9 Brit\u00e1nii online za nejlep\u0161\u00ed glob\u00e1ln\u00ed nepo\u0159\u00e1dek. Objednejte si produkty hash oil a BC hash. Kupte si tr\u00e1vu online zde a z\u00edskejte rychlou dopravu kamkoli v Evrop\u011b, Velk\u00e9 Brit\u00e1nii.\" \/>\n<meta property=\"og:url\" content=\"https:\/\/medicinasinc.com\/cs\/product\/buy-bc-hash\/\" \/>\n<meta property=\"og:site_name\" content=\"Medicinas Inc\" \/>\n<meta property=\"article:modified_time\" content=\"2022-03-14T12:59:54+00:00\" \/>\n<meta property=\"og:image\" content=\"https:\/\/medicinasinc.com\/cs\/wp-content\/uploads\/sites\/2\/2022\/02\/Buy-BC-Hash.jpg\" \/>\n\t<meta property=\"og:image:width\" content=\"600\" \/>\n\t<meta property=\"og:image:height\" content=\"600\" \/>\n\t<meta property=\"og:image:type\" content=\"image\/jpeg\" \/>\n<meta name=\"twitter:card\" content=\"summary_large_image\" \/>\n<meta name=\"twitter:label1\" content=\"Est. reading time\" \/>\n\t<meta name=\"twitter:data1\" content=\"1 minute\" \/>\n<script type=\"application\/ld+json\" class=\"yoast-schema-graph\">{\"@context\":\"https:\\\/\\\/schema.org\",\"@graph\":[{\"@type\":\"WebPage\",\"@id\":\"https:\\\/\\\/medicinasinc.com\\\/cs\\\/product\\\/buy-bc-hash\\\/\",\"url\":\"https:\\\/\\\/medicinasinc.com\\\/cs\\\/product\\\/buy-bc-hash\\\/\",\"name\":\"Koupit BC Hash online - Nejlep\u0161\u00ed nejlep\u0161\u00ed glob\u00e1ln\u00ed l\u00e9ky\",\"isPartOf\":{\"@id\":\"https:\\\/\\\/medicinasinc.com\\\/cs\\\/#website\"},\"primaryImageOfPage\":{\"@id\":\"https:\\\/\\\/medicinasinc.com\\\/cs\\\/product\\\/buy-bc-hash\\\/#primaryimage\"},\"image\":{\"@id\":\"https:\\\/\\\/medicinasinc.com\\\/cs\\\/product\\\/buy-bc-hash\\\/#primaryimage\"},\"thumbnailUrl\":\"https:\\\/\\\/medicinasinc.com\\\/cs\\\/wp-content\\\/uploads\\\/sites\\\/2\\\/2022\\\/02\\\/Buy-BC-Hash.jpg\",\"datePublished\":\"2022-02-20T13:57:00+00:00\",\"dateModified\":\"2022-03-14T12:59:54+00:00\",\"description\":\"Koupit BC Hash na prodej ve Velk\u00e9 Brit\u00e1nii online za nejlep\u0161\u00ed glob\u00e1ln\u00ed nepo\u0159\u00e1dek. Objednejte si produkty hash oil a BC hash. Kupte si tr\u00e1vu online zde a z\u00edskejte rychlou dopravu kamkoli v Evrop\u011b, Velk\u00e9 Brit\u00e1nii.\",\"breadcrumb\":{\"@id\":\"https:\\\/\\\/medicinasinc.com\\\/cs\\\/product\\\/buy-bc-hash\\\/#breadcrumb\"},\"inLanguage\":\"en-US\",\"potentialAction\":[{\"@type\":\"ReadAction\",\"target\":[\"https:\\\/\\\/medicinasinc.com\\\/cs\\\/product\\\/buy-bc-hash\\\/\"]}]},{\"@type\":\"ImageObject\",\"inLanguage\":\"en-US\",\"@id\":\"https:\\\/\\\/medicinasinc.com\\\/cs\\\/product\\\/buy-bc-hash\\\/#primaryimage\",\"url\":\"https:\\\/\\\/medicinasinc.com\\\/cs\\\/wp-content\\\/uploads\\\/sites\\\/2\\\/2022\\\/02\\\/Buy-BC-Hash.jpg\",\"contentUrl\":\"https:\\\/\\\/medicinasinc.com\\\/cs\\\/wp-content\\\/uploads\\\/sites\\\/2\\\/2022\\\/02\\\/Buy-BC-Hash.jpg\",\"width\":600,\"height\":600},{\"@type\":\"BreadcrumbList\",\"@id\":\"https:\\\/\\\/medicinasinc.com\\\/cs\\\/product\\\/buy-bc-hash\\\/#breadcrumb\",\"itemListElement\":[{\"@type\":\"ListItem\",\"position\":1,\"name\":\"Obchod\",\"item\":\"https:\\\/\\\/medicinasinc.com\\\/cs\\\/obchod\\\/\"},{\"@type\":\"ListItem\",\"position\":2,\"name\":\"Koupit BC Hash\"}]},{\"@type\":\"WebSite\",\"@id\":\"https:\\\/\\\/medicinasinc.com\\\/cs\\\/#website\",\"url\":\"https:\\\/\\\/medicinasinc.com\\\/cs\\\/\",\"name\":\"Medicinas Inc\",\"description\":\"Health Medical Clinic\",\"potentialAction\":[{\"@type\":\"SearchAction\",\"target\":{\"@type\":\"EntryPoint\",\"urlTemplate\":\"https:\\\/\\\/medicinasinc.com\\\/cs\\\/?s={search_term_string}\"},\"query-input\":{\"@type\":\"PropertyValueSpecification\",\"valueRequired\":true,\"valueName\":\"search_term_string\"}}],\"inLanguage\":\"en-US\"}]}<\/script>\n<!-- \/ Yoast SEO plugin. -->","yoast_head_json":{"title":"Koupit BC Hash online - Nejlep\u0161\u00ed nejlep\u0161\u00ed glob\u00e1ln\u00ed l\u00e9ky","description":"Koupit BC Hash na prodej ve Velk\u00e9 Brit\u00e1nii online za nejlep\u0161\u00ed glob\u00e1ln\u00ed nepo\u0159\u00e1dek. Objednejte si produkty hash oil a BC hash. Kupte si tr\u00e1vu online zde a z\u00edskejte rychlou dopravu kamkoli v Evrop\u011b, Velk\u00e9 Brit\u00e1nii.","robots":{"index":"index","follow":"follow","max-snippet":"max-snippet:-1","max-image-preview":"max-image-preview:large","max-video-preview":"max-video-preview:-1"},"canonical":"https:\/\/medicinasinc.com\/cs\/product\/buy-bc-hash\/","og_locale":"en_US","og_type":"article","og_title":"Koupit BC Hash online - Nejlep\u0161\u00ed nejlep\u0161\u00ed glob\u00e1ln\u00ed l\u00e9ky","og_description":"Koupit BC Hash na prodej ve Velk\u00e9 Brit\u00e1nii online za nejlep\u0161\u00ed glob\u00e1ln\u00ed nepo\u0159\u00e1dek. Objednejte si produkty hash oil a BC hash. Kupte si tr\u00e1vu online zde a z\u00edskejte rychlou dopravu kamkoli v Evrop\u011b, Velk\u00e9 Brit\u00e1nii.","og_url":"https:\/\/medicinasinc.com\/cs\/product\/buy-bc-hash\/","og_site_name":"Medicinas Inc","article_modified_time":"2022-03-14T12:59:54+00:00","og_image":[{"width":600,"height":600,"url":"https:\/\/medicinasinc.com\/cs\/wp-content\/uploads\/sites\/2\/2022\/02\/Buy-BC-Hash.jpg","type":"image\/jpeg"}],"twitter_card":"summary_large_image","twitter_misc":{"Est. reading time":"1 minute"},"schema":{"@context":"https:\/\/schema.org","@graph":[{"@type":"WebPage","@id":"https:\/\/medicinasinc.com\/cs\/product\/buy-bc-hash\/","url":"https:\/\/medicinasinc.com\/cs\/product\/buy-bc-hash\/","name":"Koupit BC Hash online - Nejlep\u0161\u00ed nejlep\u0161\u00ed glob\u00e1ln\u00ed l\u00e9ky","isPartOf":{"@id":"https:\/\/medicinasinc.com\/cs\/#website"},"primaryImageOfPage":{"@id":"https:\/\/medicinasinc.com\/cs\/product\/buy-bc-hash\/#primaryimage"},"image":{"@id":"https:\/\/medicinasinc.com\/cs\/product\/buy-bc-hash\/#primaryimage"},"thumbnailUrl":"https:\/\/medicinasinc.com\/cs\/wp-content\/uploads\/sites\/2\/2022\/02\/Buy-BC-Hash.jpg","datePublished":"2022-02-20T13:57:00+00:00","dateModified":"2022-03-14T12:59:54+00:00","description":"Koupit BC Hash na prodej ve Velk\u00e9 Brit\u00e1nii online za nejlep\u0161\u00ed glob\u00e1ln\u00ed nepo\u0159\u00e1dek. Objednejte si produkty hash oil a BC hash. Kupte si tr\u00e1vu online zde a z\u00edskejte rychlou dopravu kamkoli v Evrop\u011b, Velk\u00e9 Brit\u00e1nii.","breadcrumb":{"@id":"https:\/\/medicinasinc.com\/cs\/product\/buy-bc-hash\/#breadcrumb"},"inLanguage":"en-US","potentialAction":[{"@type":"ReadAction","target":["https:\/\/medicinasinc.com\/cs\/product\/buy-bc-hash\/"]}]},{"@type":"ImageObject","inLanguage":"en-US","@id":"https:\/\/medicinasinc.com\/cs\/product\/buy-bc-hash\/#primaryimage","url":"https:\/\/medicinasinc.com\/cs\/wp-content\/uploads\/sites\/2\/2022\/02\/Buy-BC-Hash.jpg","contentUrl":"https:\/\/medicinasinc.com\/cs\/wp-content\/uploads\/sites\/2\/2022\/02\/Buy-BC-Hash.jpg","width":600,"height":600},{"@type":"BreadcrumbList","@id":"https:\/\/medicinasinc.com\/cs\/product\/buy-bc-hash\/#breadcrumb","itemListElement":[{"@type":"ListItem","position":1,"name":"Obchod","item":"https:\/\/medicinasinc.com\/cs\/obchod\/"},{"@type":"ListItem","position":2,"name":"Koupit BC Hash"}]},{"@type":"WebSite","@id":"https:\/\/medicinasinc.com\/cs\/#website","url":"https:\/\/medicinasinc.com\/cs\/","name":"Medicinas Inc","description":"Health Medical Clinic","potentialAction":[{"@type":"SearchAction","target":{"@type":"EntryPoint","urlTemplate":"https:\/\/medicinasinc.com\/cs\/?s={search_term_string}"},"query-input":{"@type":"PropertyValueSpecification","valueRequired":true,"valueName":"search_term_string"}}],"inLanguage":"en-US"}]}},"_links":{"self":[{"href":"https:\/\/medicinasinc.com\/cs\/wp-json\/wp\/v2\/product\/4627","targetHints":{"allow":["GET"]}}],"collection":[{"href":"https:\/\/medicinasinc.com\/cs\/wp-json\/wp\/v2\/product"}],"about":[{"href":"https:\/\/medicinasinc.com\/cs\/wp-json\/wp\/v2\/types\/product"}],"replies":[{"embeddable":true,"href":"https:\/\/medicinasinc.com\/cs\/wp-json\/wp\/v2\/comments?post=4627"}],"wp:featuredmedia":[{"embeddable":true,"href":"https:\/\/medicinasinc.com\/cs\/wp-json\/wp\/v2\/media\/4639"}],"wp:attachment":[{"href":"https:\/\/medicinasinc.com\/cs\/wp-json\/wp\/v2\/media?parent=4627"}],"wp:term":[{"taxonomy":"product_brand","embeddable":true,"href":"https:\/\/medicinasinc.com\/cs\/wp-json\/wp\/v2\/product_brand?post=4627"},{"taxonomy":"product_cat","embeddable":true,"href":"https:\/\/medicinasinc.com\/cs\/wp-json\/wp\/v2\/product_cat?post=4627"},{"taxonomy":"product_tag","embeddable":true,"href":"https:\/\/medicinasinc.com\/cs\/wp-json\/wp\/v2\/product_tag?post=4627"}],"curies":[{"name":"wp","href":"https:\/\/api.w.org\/{rel}","templated":true}]}}