{"id":4610,"date":"2022-02-20T13:45:31","date_gmt":"2022-02-20T13:45:31","guid":{"rendered":"https:\/\/medicinasinc.com\/cs\/?post_type=product&#038;p=4610"},"modified":"2022-03-14T13:00:11","modified_gmt":"2022-03-14T13:00:11","slug":"objednat-bily-mercedes-extaze-pilulky","status":"publish","type":"product","link":"https:\/\/medicinasinc.com\/cs\/product\/objednat-bily-mercedes-extaze-pilulky\/","title":{"rendered":"Objednejte si pilulky ext\u00e1ze White Mercedes"},"content":{"rendered":"<h1>Objednejte si b\u00edl\u00e9 pilulky ext\u00e1ze Mercedes online 295 mg<\/h1>\n<table style=\"height: 70px\" width=\"686\">\n<tbody>\n<tr>\n<th>Barva:<\/th>\n<td>B\u00edl\u00e1 <\/td>\n<\/tr>\n<tr>\n<th>Velikost:<\/th>\n<td>295 mg<\/td>\n<\/tr>\n<\/tbody>\n<\/table>\n","protected":false},"excerpt":{"rendered":"<div class=\"woocommerce-product-details__short-description\">\n<p>Nakupte b\u00edl\u00e9 pilulky ext\u00e1ze Mercedes na prodej ve Velk\u00e9 Brit\u00e1nii, Evrop\u011b za nejlep\u0161\u00ed ceny, garantujeme diskr\u00e9tn\u00ed a bezpe\u010dn\u00e9 doru\u010den\u00ed po cel\u00e9m sv\u011bt\u011b se sledov\u00e1n\u00edm a dohled\u00e1n\u00edm z\u00e1silky<\/p>\n<p><strong>Minim\u00e1ln\u00ed objedn\u00e1vka<\/strong><strong>je 50 pilulek.<\/strong><\/p>\n<\/p><\/div>\n","protected":false},"featured_media":4623,"comment_status":"open","ping_status":"closed","template":"","meta":[],"product_brand":[],"product_cat":[498],"product_tag":[],"class_list":{"0":"post-4610","1":"product","2":"type-product","3":"status-publish","4":"has-post-thumbnail","6":"product_cat-koupit-pilulky-extaze","8":"first","9":"instock","10":"shipping-taxable","11":"purchasable","12":"product-type-variable","13":"has-default-attributes"},"yoast_head":"<!-- This site is optimized with the Yoast SEO plugin v27.3 - https:\/\/yoast.com\/product\/yoast-seo-wordpress\/ -->\n<title>Koupit pilulky ext\u00e1ze White Mercedes online \u2013 nejlep\u0161\u00ed nejlep\u0161\u00ed glob\u00e1ln\u00ed l\u00e9ky<\/title>\n<meta name=\"description\" content=\"Kupte si pilulky ext\u00e1ze White Mercedes Na prodej Velk\u00e1 Brit\u00e1nie, Evropa za nejlep\u0161\u00ed ceny, garantujeme diskr\u00e9tn\u00ed a bezpe\u010dn\u00e9 doru\u010den\u00ed po cel\u00e9m sv\u011bt\u011b se sledov\u00e1n\u00edm a dohled\u00e1n\u00edm z\u00e1silky\" \/>\n<meta name=\"robots\" content=\"index, follow, max-snippet:-1, max-image-preview:large, max-video-preview:-1\" \/>\n<link rel=\"canonical\" href=\"https:\/\/medicinasinc.com\/cs\/product\/objednat-bily-mercedes-extaze-pilulky\/\" \/>\n<meta property=\"og:locale\" content=\"en_US\" \/>\n<meta property=\"og:type\" content=\"article\" \/>\n<meta property=\"og:title\" content=\"Koupit pilulky ext\u00e1ze White Mercedes online \u2013 nejlep\u0161\u00ed nejlep\u0161\u00ed glob\u00e1ln\u00ed l\u00e9ky\" \/>\n<meta property=\"og:description\" content=\"Kupte si pilulky ext\u00e1ze White Mercedes Na prodej Velk\u00e1 Brit\u00e1nie, Evropa za nejlep\u0161\u00ed ceny, garantujeme diskr\u00e9tn\u00ed a bezpe\u010dn\u00e9 doru\u010den\u00ed po cel\u00e9m sv\u011bt\u011b se sledov\u00e1n\u00edm a dohled\u00e1n\u00edm z\u00e1silky\" \/>\n<meta property=\"og:url\" content=\"https:\/\/medicinasinc.com\/cs\/product\/objednat-bily-mercedes-extaze-pilulky\/\" \/>\n<meta property=\"og:site_name\" content=\"Medicinas Inc\" \/>\n<meta property=\"article:modified_time\" content=\"2022-03-14T13:00:11+00:00\" \/>\n<meta property=\"og:image\" content=\"https:\/\/medicinasinc.com\/cs\/wp-content\/uploads\/sites\/2\/2022\/02\/order-white-mercedes-ecstasy-pills-online.jpg\" \/>\n\t<meta property=\"og:image:width\" content=\"600\" \/>\n\t<meta property=\"og:image:height\" content=\"600\" \/>\n\t<meta property=\"og:image:type\" content=\"image\/jpeg\" \/>\n<meta name=\"twitter:card\" content=\"summary_large_image\" \/>\n<meta name=\"twitter:label1\" content=\"Est. reading time\" \/>\n\t<meta name=\"twitter:data1\" content=\"1 minute\" \/>\n<script type=\"application\/ld+json\" class=\"yoast-schema-graph\">{\"@context\":\"https:\\\/\\\/schema.org\",\"@graph\":[{\"@type\":\"WebPage\",\"@id\":\"https:\\\/\\\/medicinasinc.com\\\/cs\\\/product\\\/objednat-bily-mercedes-extaze-pilulky\\\/\",\"url\":\"https:\\\/\\\/medicinasinc.com\\\/cs\\\/product\\\/objednat-bily-mercedes-extaze-pilulky\\\/\",\"name\":\"Koupit pilulky ext\u00e1ze White Mercedes online \u2013 nejlep\u0161\u00ed nejlep\u0161\u00ed glob\u00e1ln\u00ed l\u00e9ky\",\"isPartOf\":{\"@id\":\"https:\\\/\\\/medicinasinc.com\\\/cs\\\/#website\"},\"primaryImageOfPage\":{\"@id\":\"https:\\\/\\\/medicinasinc.com\\\/cs\\\/product\\\/objednat-bily-mercedes-extaze-pilulky\\\/#primaryimage\"},\"image\":{\"@id\":\"https:\\\/\\\/medicinasinc.com\\\/cs\\\/product\\\/objednat-bily-mercedes-extaze-pilulky\\\/#primaryimage\"},\"thumbnailUrl\":\"https:\\\/\\\/medicinasinc.com\\\/cs\\\/wp-content\\\/uploads\\\/sites\\\/2\\\/2022\\\/02\\\/order-white-mercedes-ecstasy-pills-online.jpg\",\"datePublished\":\"2022-02-20T13:45:31+00:00\",\"dateModified\":\"2022-03-14T13:00:11+00:00\",\"description\":\"Kupte si pilulky ext\u00e1ze White Mercedes Na prodej Velk\u00e1 Brit\u00e1nie, Evropa za nejlep\u0161\u00ed ceny, garantujeme diskr\u00e9tn\u00ed a bezpe\u010dn\u00e9 doru\u010den\u00ed po cel\u00e9m sv\u011bt\u011b se sledov\u00e1n\u00edm a dohled\u00e1n\u00edm z\u00e1silky\",\"breadcrumb\":{\"@id\":\"https:\\\/\\\/medicinasinc.com\\\/cs\\\/product\\\/objednat-bily-mercedes-extaze-pilulky\\\/#breadcrumb\"},\"inLanguage\":\"en-US\",\"potentialAction\":[{\"@type\":\"ReadAction\",\"target\":[\"https:\\\/\\\/medicinasinc.com\\\/cs\\\/product\\\/objednat-bily-mercedes-extaze-pilulky\\\/\"]}]},{\"@type\":\"ImageObject\",\"inLanguage\":\"en-US\",\"@id\":\"https:\\\/\\\/medicinasinc.com\\\/cs\\\/product\\\/objednat-bily-mercedes-extaze-pilulky\\\/#primaryimage\",\"url\":\"https:\\\/\\\/medicinasinc.com\\\/cs\\\/wp-content\\\/uploads\\\/sites\\\/2\\\/2022\\\/02\\\/order-white-mercedes-ecstasy-pills-online.jpg\",\"contentUrl\":\"https:\\\/\\\/medicinasinc.com\\\/cs\\\/wp-content\\\/uploads\\\/sites\\\/2\\\/2022\\\/02\\\/order-white-mercedes-ecstasy-pills-online.jpg\",\"width\":600,\"height\":600},{\"@type\":\"BreadcrumbList\",\"@id\":\"https:\\\/\\\/medicinasinc.com\\\/cs\\\/product\\\/objednat-bily-mercedes-extaze-pilulky\\\/#breadcrumb\",\"itemListElement\":[{\"@type\":\"ListItem\",\"position\":1,\"name\":\"Obchod\",\"item\":\"https:\\\/\\\/medicinasinc.com\\\/cs\\\/obchod\\\/\"},{\"@type\":\"ListItem\",\"position\":2,\"name\":\"Objednejte si pilulky ext\u00e1ze White Mercedes\"}]},{\"@type\":\"WebSite\",\"@id\":\"https:\\\/\\\/medicinasinc.com\\\/cs\\\/#website\",\"url\":\"https:\\\/\\\/medicinasinc.com\\\/cs\\\/\",\"name\":\"Medicinas Inc\",\"description\":\"Health Medical Clinic\",\"potentialAction\":[{\"@type\":\"SearchAction\",\"target\":{\"@type\":\"EntryPoint\",\"urlTemplate\":\"https:\\\/\\\/medicinasinc.com\\\/cs\\\/?s={search_term_string}\"},\"query-input\":{\"@type\":\"PropertyValueSpecification\",\"valueRequired\":true,\"valueName\":\"search_term_string\"}}],\"inLanguage\":\"en-US\"}]}<\/script>\n<!-- \/ Yoast SEO plugin. -->","yoast_head_json":{"title":"Koupit pilulky ext\u00e1ze White Mercedes online \u2013 nejlep\u0161\u00ed nejlep\u0161\u00ed glob\u00e1ln\u00ed l\u00e9ky","description":"Kupte si pilulky ext\u00e1ze White Mercedes Na prodej Velk\u00e1 Brit\u00e1nie, Evropa za nejlep\u0161\u00ed ceny, garantujeme diskr\u00e9tn\u00ed a bezpe\u010dn\u00e9 doru\u010den\u00ed po cel\u00e9m sv\u011bt\u011b se sledov\u00e1n\u00edm a dohled\u00e1n\u00edm z\u00e1silky","robots":{"index":"index","follow":"follow","max-snippet":"max-snippet:-1","max-image-preview":"max-image-preview:large","max-video-preview":"max-video-preview:-1"},"canonical":"https:\/\/medicinasinc.com\/cs\/product\/objednat-bily-mercedes-extaze-pilulky\/","og_locale":"en_US","og_type":"article","og_title":"Koupit pilulky ext\u00e1ze White Mercedes online \u2013 nejlep\u0161\u00ed nejlep\u0161\u00ed glob\u00e1ln\u00ed l\u00e9ky","og_description":"Kupte si pilulky ext\u00e1ze White Mercedes Na prodej Velk\u00e1 Brit\u00e1nie, Evropa za nejlep\u0161\u00ed ceny, garantujeme diskr\u00e9tn\u00ed a bezpe\u010dn\u00e9 doru\u010den\u00ed po cel\u00e9m sv\u011bt\u011b se sledov\u00e1n\u00edm a dohled\u00e1n\u00edm z\u00e1silky","og_url":"https:\/\/medicinasinc.com\/cs\/product\/objednat-bily-mercedes-extaze-pilulky\/","og_site_name":"Medicinas Inc","article_modified_time":"2022-03-14T13:00:11+00:00","og_image":[{"width":600,"height":600,"url":"https:\/\/medicinasinc.com\/cs\/wp-content\/uploads\/sites\/2\/2022\/02\/order-white-mercedes-ecstasy-pills-online.jpg","type":"image\/jpeg"}],"twitter_card":"summary_large_image","twitter_misc":{"Est. reading time":"1 minute"},"schema":{"@context":"https:\/\/schema.org","@graph":[{"@type":"WebPage","@id":"https:\/\/medicinasinc.com\/cs\/product\/objednat-bily-mercedes-extaze-pilulky\/","url":"https:\/\/medicinasinc.com\/cs\/product\/objednat-bily-mercedes-extaze-pilulky\/","name":"Koupit pilulky ext\u00e1ze White Mercedes online \u2013 nejlep\u0161\u00ed nejlep\u0161\u00ed glob\u00e1ln\u00ed l\u00e9ky","isPartOf":{"@id":"https:\/\/medicinasinc.com\/cs\/#website"},"primaryImageOfPage":{"@id":"https:\/\/medicinasinc.com\/cs\/product\/objednat-bily-mercedes-extaze-pilulky\/#primaryimage"},"image":{"@id":"https:\/\/medicinasinc.com\/cs\/product\/objednat-bily-mercedes-extaze-pilulky\/#primaryimage"},"thumbnailUrl":"https:\/\/medicinasinc.com\/cs\/wp-content\/uploads\/sites\/2\/2022\/02\/order-white-mercedes-ecstasy-pills-online.jpg","datePublished":"2022-02-20T13:45:31+00:00","dateModified":"2022-03-14T13:00:11+00:00","description":"Kupte si pilulky ext\u00e1ze White Mercedes Na prodej Velk\u00e1 Brit\u00e1nie, Evropa za nejlep\u0161\u00ed ceny, garantujeme diskr\u00e9tn\u00ed a bezpe\u010dn\u00e9 doru\u010den\u00ed po cel\u00e9m sv\u011bt\u011b se sledov\u00e1n\u00edm a dohled\u00e1n\u00edm z\u00e1silky","breadcrumb":{"@id":"https:\/\/medicinasinc.com\/cs\/product\/objednat-bily-mercedes-extaze-pilulky\/#breadcrumb"},"inLanguage":"en-US","potentialAction":[{"@type":"ReadAction","target":["https:\/\/medicinasinc.com\/cs\/product\/objednat-bily-mercedes-extaze-pilulky\/"]}]},{"@type":"ImageObject","inLanguage":"en-US","@id":"https:\/\/medicinasinc.com\/cs\/product\/objednat-bily-mercedes-extaze-pilulky\/#primaryimage","url":"https:\/\/medicinasinc.com\/cs\/wp-content\/uploads\/sites\/2\/2022\/02\/order-white-mercedes-ecstasy-pills-online.jpg","contentUrl":"https:\/\/medicinasinc.com\/cs\/wp-content\/uploads\/sites\/2\/2022\/02\/order-white-mercedes-ecstasy-pills-online.jpg","width":600,"height":600},{"@type":"BreadcrumbList","@id":"https:\/\/medicinasinc.com\/cs\/product\/objednat-bily-mercedes-extaze-pilulky\/#breadcrumb","itemListElement":[{"@type":"ListItem","position":1,"name":"Obchod","item":"https:\/\/medicinasinc.com\/cs\/obchod\/"},{"@type":"ListItem","position":2,"name":"Objednejte si pilulky ext\u00e1ze White Mercedes"}]},{"@type":"WebSite","@id":"https:\/\/medicinasinc.com\/cs\/#website","url":"https:\/\/medicinasinc.com\/cs\/","name":"Medicinas Inc","description":"Health Medical Clinic","potentialAction":[{"@type":"SearchAction","target":{"@type":"EntryPoint","urlTemplate":"https:\/\/medicinasinc.com\/cs\/?s={search_term_string}"},"query-input":{"@type":"PropertyValueSpecification","valueRequired":true,"valueName":"search_term_string"}}],"inLanguage":"en-US"}]}},"_links":{"self":[{"href":"https:\/\/medicinasinc.com\/cs\/wp-json\/wp\/v2\/product\/4610","targetHints":{"allow":["GET"]}}],"collection":[{"href":"https:\/\/medicinasinc.com\/cs\/wp-json\/wp\/v2\/product"}],"about":[{"href":"https:\/\/medicinasinc.com\/cs\/wp-json\/wp\/v2\/types\/product"}],"replies":[{"embeddable":true,"href":"https:\/\/medicinasinc.com\/cs\/wp-json\/wp\/v2\/comments?post=4610"}],"wp:featuredmedia":[{"embeddable":true,"href":"https:\/\/medicinasinc.com\/cs\/wp-json\/wp\/v2\/media\/4623"}],"wp:attachment":[{"href":"https:\/\/medicinasinc.com\/cs\/wp-json\/wp\/v2\/media?parent=4610"}],"wp:term":[{"taxonomy":"product_brand","embeddable":true,"href":"https:\/\/medicinasinc.com\/cs\/wp-json\/wp\/v2\/product_brand?post=4610"},{"taxonomy":"product_cat","embeddable":true,"href":"https:\/\/medicinasinc.com\/cs\/wp-json\/wp\/v2\/product_cat?post=4610"},{"taxonomy":"product_tag","embeddable":true,"href":"https:\/\/medicinasinc.com\/cs\/wp-json\/wp\/v2\/product_tag?post=4610"}],"curies":[{"name":"wp","href":"https:\/\/api.w.org\/{rel}","templated":true}]}}