{"id":4609,"date":"2022-02-20T13:44:35","date_gmt":"2022-02-20T13:44:35","guid":{"rendered":"https:\/\/medicinasinc.com\/cs\/?post_type=product&#038;p=4609"},"modified":"2022-03-14T13:00:22","modified_gmt":"2022-03-14T13:00:22","slug":"kupte-si-pilulky-skutecne-zelene-jablko-extaze","status":"publish","type":"product","link":"https:\/\/medicinasinc.com\/cs\/product\/kupte-si-pilulky-skutecne-zelene-jablko-extaze\/","title":{"rendered":"Kupte si pilulky ext\u00e1ze ze skute\u010dn\u00e9ho zelen\u00e9ho jablka"},"content":{"rendered":"<p>Nakupte si pravou ext\u00e1zi ze zelen\u00e9ho jablka online.<\/p>\n<p>Jsem si jist\u00fd, \u017ee jste d\u00edky tomuto axiomu dob\u0159e zn\u00e1m\u00ed. &#8220;Jablko denn\u011b odrad\u00ed odborn\u00edka,&#8221; \u0159\u00edk\u00e1 p\u0159\u00edslov\u00ed. Vzhledem k \u010detn\u00fdm zdravotn\u00edm v\u00fdhod\u00e1m spojen\u00fdm s konzumac\u00ed jablek nemus\u00ed b\u00fdt toto dietn\u00ed po\u0159ekadlo p\u0159\u00edli\u0161 vzd\u00e1len\u00e9. Zde je n\u011bkolik zdravotn\u00edch v\u00fdhod spojen\u00fdch s konzumac\u00ed zelen\u00fdch jablek.<\/p>\n<p>Bylo prok\u00e1z\u00e1no, \u017ee konzumace jablek zlep\u0161uje zdrav\u00ed srdce a sni\u017euje riziko rozvoje kardiovaskul\u00e1rn\u00edch onemocn\u011bn\u00ed.<\/p>\n<p>P\u0159esn\u00fd mechanismus d\u00edky kter\u00e1 jablka zlep\u0161uj\u00ed zdrav\u00ed srdce je zmaten\u00e1. Jedn\u00edm z mo\u017en\u00fdch vysv\u011btlen\u00ed je, \u017ee jablka obsahuj\u00ed velk\u00e9 mno\u017estv\u00ed vl\u00e1kniny, kter\u00e1 je spojov\u00e1na se sni\u017eov\u00e1n\u00edm LDL cholesterolu.<\/p>\n<p>Sn\u00ed\u017een\u00ed rizika rozvoje diabetu 2. typu<\/p>\n<p>Konzumace jen n\u011bkolik zelen\u00fdch jablek t\u00fddn\u011b m\u016f\u017ee podle jedn\u00e9 studie sn\u00ed\u017eit riziko vzniku diabetu 2. typu; m\u011bl by v\u0161ak b\u00fdt proveden dal\u0161\u00ed v\u00fdzkum. Z\u016fst\u00e1v\u00e1 nezn\u00e1m\u00e9, zda slou\u010deniny nalezen\u00e9 v zelen\u00fdch jablk\u00e1ch pom\u00e1haj\u00ed jednotlivc\u016fm zvl\u00e1dat p\u0159\u00edznaky diabetu.<\/p>\n<p>Jako zelen\u00e9 jablko m\u00e1 spoustu v\u00fdhod, pilulky ze zelen\u00e9ho jablka maj\u00ed tak\u00e9 spoustu v\u00fdhod. M\u011bli bychom si promluvit o pilulk\u00e1ch ze zelen\u00e9ho jablka.<br \/> Pokud r\u00e1di pijete \u010derstvou jable\u010dnou \u0161\u0165\u00e1vu v hork\u00e9m letn\u00edm dni, pilulky Green and Apple zlep\u0161\u00ed v\u00e1\u0161 z\u00e1\u017eitek a spokojenost o n\u011bkolik stup\u0148\u016f. Vyrobeno ve Washingtonu s pilulkami ze zelen\u00e9ho jablka, skupina naplnila tyto pilulky nejlep\u0161\u00edm konop\u00edm ve st\u00e1t\u011b.<\/p>\n<p>THC m\u016f\u017ee b\u00fdt obt\u00ed\u017en\u00e9 prop\u00e1lit z hlediska d\u00e1vkov\u00e1n\u00ed, zvl\u00e1\u0161t\u011b pokud nejsou dr\u017e\u00e1ky ozna\u010deny v\u00fdjime\u010dn\u011b dob\u0159e. Pilulky ze zelen\u00e9ho jablka to v\u0161e zm\u011bnily, proto\u017ee nyn\u00ed nab\u00edzej\u00ed t\u0159i r\u016fzn\u00e9 druhy sv\u00e9 proslul\u00e9 sm\u011bsi 12 oz v r\u016fzn\u00e9m stupni s\u00edly. V\u00fdznamn\u00ed hite\u0159i ocen\u00ed jejich nejp\u0159\u00edrodn\u011bj\u0161\u00ed sm\u011bs, kter\u00e1 obsahuje 100 mg na 12 unc\u00ed.<\/p>\n<p>Vzhledem k tomu, \u017ee pilulky Green Apple obsahuj\u00ed konop\u00ed pomoc\u00ed nov\u00e9 metody, klienti nez\u016fst\u00e1vaj\u00ed bez detekovateln\u00e9ho pachu nebo chuti plevele, D\u00edky tomu jsou ide\u00e1ln\u00ed pro jednotlivce, kte\u0159\u00ed se cht\u011bj\u00ed dostat vysoko, ale nejsou schopni se posunout za hranice typu jin\u00fdch pilulek. Nav\u00edc u\u017e\u00edv\u00e1n\u00ed konop\u00ed p\u0159isp\u00edv\u00e1 k rozvoji zdrav\u011bj\u0161\u00edho \u017eivotn\u00edho stylu, proto\u017ee kou\u0159 z kv\u011bt\u016f nebo v\u00fdpar\u016f m\u016f\u017ee b\u00fdt po chv\u00edli \u0161kodliv\u00fd. Pilulka ze zelen\u00e9ho jablka je prosp\u011b\u0161n\u00e1 po dobu jednoho roku a obsahuje m\u00e1lo kalori\u00ed, tak\u017ee jedin\u00e9, \u010deho se mus\u00edte ob\u00e1vat, je zdr\u017eet se j\u00eddla po u\u017eit\u00ed l\u00e9k\u016f.<\/p>\n<table style=\"height: 104px\" width=\"508\">\n<tbody>\n<tr>\n<th><span style=\"font-weight: 400\">Barva:<\/span><\/th>\n<td>Zelen\u00e1<\/td>\n<\/tr>\n<tr>\n<th> <span style=\"font-weight: 400\">Velikost:<\/span><\/th>\n<td>279 mg<\/td>\n<\/tr>\n<\/tbody>\n<\/table>\n","protected":false},"excerpt":{"rendered":"<div class=\"woocommerce-product-details__short-description\">\n<p>Kupte si pilulky ext\u00e1ze ze skute\u010dn\u00e9ho zelen\u00e9ho jablka na prodej online ve Spojen\u00e9m kr\u00e1lovstv\u00ed, Evrop\u011b za nejlep\u0161\u00ed ceny od nejlep\u0161\u00edho spolehliv\u00e9ho dodavatele MDMA, Garantujeme diskr\u00e9tn\u00ed a bezpe\u010dn\u00e9 doru\u010den\u00ed po cel\u00e9m sv\u011bt\u011b<\/p>\n<p><strong>Minim\u00e1ln\u00ed objedn\u00e1vka<\/strong><strong> je 50 pilulek.<\/strong><\/p>\n<\/p><\/div>\n","protected":false},"featured_media":4620,"comment_status":"open","ping_status":"closed","template":"","meta":[],"product_brand":[],"product_cat":[498],"product_tag":[593,595,597,598,596,599,604,605,606,607,594,600,609,601,602,608,603],"class_list":{"0":"post-4609","1":"product","2":"type-product","3":"status-publish","4":"has-post-thumbnail","6":"product_cat-koupit-pilulky-extaze","7":"product_tag-apple-drug","8":"product_tag-applepills","9":"product_tag-zelen-jablko-droga","10":"product_tag-zelen-jablko-drogy","11":"product_tag-e-pill-pink","12":"product_tag-zelen-jablko-extze","13":"product_tag-green-pills","14":"product_tag-green-pills-drugs","15":"product_tag-green-rolex-pill","16":"product_tag-green-rolex-pill-report","17":"product_tag-jablkov-extze","18":"product_tag-logo-zelenho-jablka","19":"product_tag-mal-zelen-pilulky","20":"product_tag-zelen-jablko-pilulky","21":"product_tag-zelen-pilulka-extze","22":"product_tag-zelen-tableta-pilulka","23":"product_tag-zelen-extacy-pilulky","25":"first","26":"instock","27":"shipping-taxable","28":"purchasable","29":"product-type-variable","30":"has-default-attributes"},"yoast_head":"<!-- This site is optimized with the Yoast SEO plugin v27.3 - https:\/\/yoast.com\/product\/yoast-seo-wordpress\/ -->\n<title>Kupte si pilulky ext\u00e1ze ze skute\u010dn\u00e9ho zelen\u00e9ho jablka online \u2013 nejlep\u0161\u00ed nejlep\u0161\u00ed glob\u00e1ln\u00ed l\u00e9ky<\/title>\n<meta name=\"description\" content=\"Koupit pilulky ext\u00e1ze ze skute\u010dn\u00e9ho zelen\u00e9ho jablka na prodej online ve Velk\u00e9 Brit\u00e1nii, Evrop\u011b za nejlep\u0161\u00ed ceny od nejlep\u0161\u00edho spolehliv\u00e9ho dodavatele MDMA, Garantujeme diskr\u00e9tn\u00ed a bezpe\u010dn\u00e9 doru\u010den\u00ed po cel\u00e9m sv\u011bt\u011b\" \/>\n<meta name=\"robots\" content=\"index, follow, max-snippet:-1, max-image-preview:large, max-video-preview:-1\" \/>\n<link rel=\"canonical\" href=\"https:\/\/medicinasinc.com\/cs\/product\/kupte-si-pilulky-skutecne-zelene-jablko-extaze\/\" \/>\n<meta property=\"og:locale\" content=\"en_US\" \/>\n<meta property=\"og:type\" content=\"article\" \/>\n<meta property=\"og:title\" content=\"Kupte si pilulky ext\u00e1ze ze skute\u010dn\u00e9ho zelen\u00e9ho jablka online \u2013 nejlep\u0161\u00ed nejlep\u0161\u00ed glob\u00e1ln\u00ed l\u00e9ky\" \/>\n<meta property=\"og:description\" content=\"Koupit pilulky ext\u00e1ze ze skute\u010dn\u00e9ho zelen\u00e9ho jablka na prodej online ve Velk\u00e9 Brit\u00e1nii, Evrop\u011b za nejlep\u0161\u00ed ceny od nejlep\u0161\u00edho spolehliv\u00e9ho dodavatele MDMA, Garantujeme diskr\u00e9tn\u00ed a bezpe\u010dn\u00e9 doru\u010den\u00ed po cel\u00e9m sv\u011bt\u011b\" \/>\n<meta property=\"og:url\" content=\"https:\/\/medicinasinc.com\/cs\/product\/kupte-si-pilulky-skutecne-zelene-jablko-extaze\/\" \/>\n<meta property=\"og:site_name\" content=\"Medicinas Inc\" \/>\n<meta property=\"article:modified_time\" content=\"2022-03-14T13:00:22+00:00\" \/>\n<meta property=\"og:image\" content=\"https:\/\/medicinasinc.com\/cs\/wp-content\/uploads\/sites\/2\/2022\/02\/order-real-green-apple-ecstasy-pills-online.jpg\" \/>\n\t<meta property=\"og:image:width\" content=\"600\" \/>\n\t<meta property=\"og:image:height\" content=\"600\" \/>\n\t<meta property=\"og:image:type\" content=\"image\/jpeg\" \/>\n<meta name=\"twitter:card\" content=\"summary_large_image\" \/>\n<meta name=\"twitter:label1\" content=\"Est. reading time\" \/>\n\t<meta name=\"twitter:data1\" content=\"2 minutes\" \/>\n<script type=\"application\/ld+json\" class=\"yoast-schema-graph\">{\"@context\":\"https:\\\/\\\/schema.org\",\"@graph\":[{\"@type\":\"WebPage\",\"@id\":\"https:\\\/\\\/medicinasinc.com\\\/cs\\\/product\\\/kupte-si-pilulky-skutecne-zelene-jablko-extaze\\\/\",\"url\":\"https:\\\/\\\/medicinasinc.com\\\/cs\\\/product\\\/kupte-si-pilulky-skutecne-zelene-jablko-extaze\\\/\",\"name\":\"Kupte si pilulky ext\u00e1ze ze skute\u010dn\u00e9ho zelen\u00e9ho jablka online \u2013 nejlep\u0161\u00ed nejlep\u0161\u00ed glob\u00e1ln\u00ed l\u00e9ky\",\"isPartOf\":{\"@id\":\"https:\\\/\\\/medicinasinc.com\\\/cs\\\/#website\"},\"primaryImageOfPage\":{\"@id\":\"https:\\\/\\\/medicinasinc.com\\\/cs\\\/product\\\/kupte-si-pilulky-skutecne-zelene-jablko-extaze\\\/#primaryimage\"},\"image\":{\"@id\":\"https:\\\/\\\/medicinasinc.com\\\/cs\\\/product\\\/kupte-si-pilulky-skutecne-zelene-jablko-extaze\\\/#primaryimage\"},\"thumbnailUrl\":\"https:\\\/\\\/medicinasinc.com\\\/cs\\\/wp-content\\\/uploads\\\/sites\\\/2\\\/2022\\\/02\\\/order-real-green-apple-ecstasy-pills-online.jpg\",\"datePublished\":\"2022-02-20T13:44:35+00:00\",\"dateModified\":\"2022-03-14T13:00:22+00:00\",\"description\":\"Koupit pilulky ext\u00e1ze ze skute\u010dn\u00e9ho zelen\u00e9ho jablka na prodej online ve Velk\u00e9 Brit\u00e1nii, Evrop\u011b za nejlep\u0161\u00ed ceny od nejlep\u0161\u00edho spolehliv\u00e9ho dodavatele MDMA, Garantujeme diskr\u00e9tn\u00ed a bezpe\u010dn\u00e9 doru\u010den\u00ed po cel\u00e9m sv\u011bt\u011b\",\"breadcrumb\":{\"@id\":\"https:\\\/\\\/medicinasinc.com\\\/cs\\\/product\\\/kupte-si-pilulky-skutecne-zelene-jablko-extaze\\\/#breadcrumb\"},\"inLanguage\":\"en-US\",\"potentialAction\":[{\"@type\":\"ReadAction\",\"target\":[\"https:\\\/\\\/medicinasinc.com\\\/cs\\\/product\\\/kupte-si-pilulky-skutecne-zelene-jablko-extaze\\\/\"]}]},{\"@type\":\"ImageObject\",\"inLanguage\":\"en-US\",\"@id\":\"https:\\\/\\\/medicinasinc.com\\\/cs\\\/product\\\/kupte-si-pilulky-skutecne-zelene-jablko-extaze\\\/#primaryimage\",\"url\":\"https:\\\/\\\/medicinasinc.com\\\/cs\\\/wp-content\\\/uploads\\\/sites\\\/2\\\/2022\\\/02\\\/order-real-green-apple-ecstasy-pills-online.jpg\",\"contentUrl\":\"https:\\\/\\\/medicinasinc.com\\\/cs\\\/wp-content\\\/uploads\\\/sites\\\/2\\\/2022\\\/02\\\/order-real-green-apple-ecstasy-pills-online.jpg\",\"width\":600,\"height\":600},{\"@type\":\"BreadcrumbList\",\"@id\":\"https:\\\/\\\/medicinasinc.com\\\/cs\\\/product\\\/kupte-si-pilulky-skutecne-zelene-jablko-extaze\\\/#breadcrumb\",\"itemListElement\":[{\"@type\":\"ListItem\",\"position\":1,\"name\":\"Obchod\",\"item\":\"https:\\\/\\\/medicinasinc.com\\\/cs\\\/obchod\\\/\"},{\"@type\":\"ListItem\",\"position\":2,\"name\":\"Kupte si pilulky ext\u00e1ze ze skute\u010dn\u00e9ho zelen\u00e9ho jablka\"}]},{\"@type\":\"WebSite\",\"@id\":\"https:\\\/\\\/medicinasinc.com\\\/cs\\\/#website\",\"url\":\"https:\\\/\\\/medicinasinc.com\\\/cs\\\/\",\"name\":\"Medicinas Inc\",\"description\":\"Health Medical Clinic\",\"potentialAction\":[{\"@type\":\"SearchAction\",\"target\":{\"@type\":\"EntryPoint\",\"urlTemplate\":\"https:\\\/\\\/medicinasinc.com\\\/cs\\\/?s={search_term_string}\"},\"query-input\":{\"@type\":\"PropertyValueSpecification\",\"valueRequired\":true,\"valueName\":\"search_term_string\"}}],\"inLanguage\":\"en-US\"}]}<\/script>\n<!-- \/ Yoast SEO plugin. -->","yoast_head_json":{"title":"Kupte si pilulky ext\u00e1ze ze skute\u010dn\u00e9ho zelen\u00e9ho jablka online \u2013 nejlep\u0161\u00ed nejlep\u0161\u00ed glob\u00e1ln\u00ed l\u00e9ky","description":"Koupit pilulky ext\u00e1ze ze skute\u010dn\u00e9ho zelen\u00e9ho jablka na prodej online ve Velk\u00e9 Brit\u00e1nii, Evrop\u011b za nejlep\u0161\u00ed ceny od nejlep\u0161\u00edho spolehliv\u00e9ho dodavatele MDMA, Garantujeme diskr\u00e9tn\u00ed a bezpe\u010dn\u00e9 doru\u010den\u00ed po cel\u00e9m sv\u011bt\u011b","robots":{"index":"index","follow":"follow","max-snippet":"max-snippet:-1","max-image-preview":"max-image-preview:large","max-video-preview":"max-video-preview:-1"},"canonical":"https:\/\/medicinasinc.com\/cs\/product\/kupte-si-pilulky-skutecne-zelene-jablko-extaze\/","og_locale":"en_US","og_type":"article","og_title":"Kupte si pilulky ext\u00e1ze ze skute\u010dn\u00e9ho zelen\u00e9ho jablka online \u2013 nejlep\u0161\u00ed nejlep\u0161\u00ed glob\u00e1ln\u00ed l\u00e9ky","og_description":"Koupit pilulky ext\u00e1ze ze skute\u010dn\u00e9ho zelen\u00e9ho jablka na prodej online ve Velk\u00e9 Brit\u00e1nii, Evrop\u011b za nejlep\u0161\u00ed ceny od nejlep\u0161\u00edho spolehliv\u00e9ho dodavatele MDMA, Garantujeme diskr\u00e9tn\u00ed a bezpe\u010dn\u00e9 doru\u010den\u00ed po cel\u00e9m sv\u011bt\u011b","og_url":"https:\/\/medicinasinc.com\/cs\/product\/kupte-si-pilulky-skutecne-zelene-jablko-extaze\/","og_site_name":"Medicinas Inc","article_modified_time":"2022-03-14T13:00:22+00:00","og_image":[{"width":600,"height":600,"url":"https:\/\/medicinasinc.com\/cs\/wp-content\/uploads\/sites\/2\/2022\/02\/order-real-green-apple-ecstasy-pills-online.jpg","type":"image\/jpeg"}],"twitter_card":"summary_large_image","twitter_misc":{"Est. reading time":"2 minutes"},"schema":{"@context":"https:\/\/schema.org","@graph":[{"@type":"WebPage","@id":"https:\/\/medicinasinc.com\/cs\/product\/kupte-si-pilulky-skutecne-zelene-jablko-extaze\/","url":"https:\/\/medicinasinc.com\/cs\/product\/kupte-si-pilulky-skutecne-zelene-jablko-extaze\/","name":"Kupte si pilulky ext\u00e1ze ze skute\u010dn\u00e9ho zelen\u00e9ho jablka online \u2013 nejlep\u0161\u00ed nejlep\u0161\u00ed glob\u00e1ln\u00ed l\u00e9ky","isPartOf":{"@id":"https:\/\/medicinasinc.com\/cs\/#website"},"primaryImageOfPage":{"@id":"https:\/\/medicinasinc.com\/cs\/product\/kupte-si-pilulky-skutecne-zelene-jablko-extaze\/#primaryimage"},"image":{"@id":"https:\/\/medicinasinc.com\/cs\/product\/kupte-si-pilulky-skutecne-zelene-jablko-extaze\/#primaryimage"},"thumbnailUrl":"https:\/\/medicinasinc.com\/cs\/wp-content\/uploads\/sites\/2\/2022\/02\/order-real-green-apple-ecstasy-pills-online.jpg","datePublished":"2022-02-20T13:44:35+00:00","dateModified":"2022-03-14T13:00:22+00:00","description":"Koupit pilulky ext\u00e1ze ze skute\u010dn\u00e9ho zelen\u00e9ho jablka na prodej online ve Velk\u00e9 Brit\u00e1nii, Evrop\u011b za nejlep\u0161\u00ed ceny od nejlep\u0161\u00edho spolehliv\u00e9ho dodavatele MDMA, Garantujeme diskr\u00e9tn\u00ed a bezpe\u010dn\u00e9 doru\u010den\u00ed po cel\u00e9m sv\u011bt\u011b","breadcrumb":{"@id":"https:\/\/medicinasinc.com\/cs\/product\/kupte-si-pilulky-skutecne-zelene-jablko-extaze\/#breadcrumb"},"inLanguage":"en-US","potentialAction":[{"@type":"ReadAction","target":["https:\/\/medicinasinc.com\/cs\/product\/kupte-si-pilulky-skutecne-zelene-jablko-extaze\/"]}]},{"@type":"ImageObject","inLanguage":"en-US","@id":"https:\/\/medicinasinc.com\/cs\/product\/kupte-si-pilulky-skutecne-zelene-jablko-extaze\/#primaryimage","url":"https:\/\/medicinasinc.com\/cs\/wp-content\/uploads\/sites\/2\/2022\/02\/order-real-green-apple-ecstasy-pills-online.jpg","contentUrl":"https:\/\/medicinasinc.com\/cs\/wp-content\/uploads\/sites\/2\/2022\/02\/order-real-green-apple-ecstasy-pills-online.jpg","width":600,"height":600},{"@type":"BreadcrumbList","@id":"https:\/\/medicinasinc.com\/cs\/product\/kupte-si-pilulky-skutecne-zelene-jablko-extaze\/#breadcrumb","itemListElement":[{"@type":"ListItem","position":1,"name":"Obchod","item":"https:\/\/medicinasinc.com\/cs\/obchod\/"},{"@type":"ListItem","position":2,"name":"Kupte si pilulky ext\u00e1ze ze skute\u010dn\u00e9ho zelen\u00e9ho jablka"}]},{"@type":"WebSite","@id":"https:\/\/medicinasinc.com\/cs\/#website","url":"https:\/\/medicinasinc.com\/cs\/","name":"Medicinas Inc","description":"Health Medical Clinic","potentialAction":[{"@type":"SearchAction","target":{"@type":"EntryPoint","urlTemplate":"https:\/\/medicinasinc.com\/cs\/?s={search_term_string}"},"query-input":{"@type":"PropertyValueSpecification","valueRequired":true,"valueName":"search_term_string"}}],"inLanguage":"en-US"}]}},"_links":{"self":[{"href":"https:\/\/medicinasinc.com\/cs\/wp-json\/wp\/v2\/product\/4609","targetHints":{"allow":["GET"]}}],"collection":[{"href":"https:\/\/medicinasinc.com\/cs\/wp-json\/wp\/v2\/product"}],"about":[{"href":"https:\/\/medicinasinc.com\/cs\/wp-json\/wp\/v2\/types\/product"}],"replies":[{"embeddable":true,"href":"https:\/\/medicinasinc.com\/cs\/wp-json\/wp\/v2\/comments?post=4609"}],"wp:featuredmedia":[{"embeddable":true,"href":"https:\/\/medicinasinc.com\/cs\/wp-json\/wp\/v2\/media\/4620"}],"wp:attachment":[{"href":"https:\/\/medicinasinc.com\/cs\/wp-json\/wp\/v2\/media?parent=4609"}],"wp:term":[{"taxonomy":"product_brand","embeddable":true,"href":"https:\/\/medicinasinc.com\/cs\/wp-json\/wp\/v2\/product_brand?post=4609"},{"taxonomy":"product_cat","embeddable":true,"href":"https:\/\/medicinasinc.com\/cs\/wp-json\/wp\/v2\/product_cat?post=4609"},{"taxonomy":"product_tag","embeddable":true,"href":"https:\/\/medicinasinc.com\/cs\/wp-json\/wp\/v2\/product_tag?post=4609"}],"curies":[{"name":"wp","href":"https:\/\/api.w.org\/{rel}","templated":true}]}}