{"id":4592,"date":"2022-02-20T13:31:58","date_gmt":"2022-02-20T13:31:58","guid":{"rendered":"https:\/\/medicinasinc.com\/cs\/?post_type=product&#038;p=4592"},"modified":"2022-03-14T13:00:33","modified_gmt":"2022-03-14T13:00:33","slug":"buy-exstasy-philipp-plein-blue-524-mg-mdma-pills","status":"publish","type":"product","link":"https:\/\/medicinasinc.com\/cs\/product\/buy-exstasy-philipp-plein-blue-524-mg-mdma-pills\/","title":{"rendered":"Koupit Ecstasy- Philipp Plein Blue- 524 mg MDMA Pills"},"content":{"rendered":"<div class=\"woocommerce-tabs wc-tabs-wrapper\">\n<div id=\"tab-description\" class=\"woocommerce-Tabs-panel woocommerce-Tabs-panel--description panel entry-content wc-tab\" role=\"tabpanel\" aria-labelledby=\"tab-title-description\">\n<p>Online n\u00e1kup pilulek XTC- Philipp Plein Blue-524 mg MDMA.<\/p>\n<p>\u2013 Philipp Plein 524MG poskytuje v\u00fdjime\u010dn\u00fd z\u00e1\u017eitek. Je to naprosto bezpe\u010dn\u00fd a hygienick\u00fd v\u00fdrobek. V\u00fdborn\u00e1 kvalita za dostupnou cenu. \u2013 \u00da\u010dinky nastupuj\u00ed p\u0159ibli\u017en\u011b o 30 minut pozd\u011bji a trvaj\u00ed p\u0159ibli\u017en\u011b 6 hodin.<br \/> \u2013 U\u017e\u00edvejte polovinu t\u00e9to pilulky najednou. B\u011bhem u\u017e\u00edv\u00e1n\u00ed l\u00e9k\u016f pijte dostate\u010dn\u00e9 mno\u017estv\u00ed vody.<\/p>\n<h1><a style=\"font-size: 16px\" href=\"https:\/\/merrydrug.com\/\">.<\/a><\/h1>\n<\/p><\/div><\/div>\n<div class=\"related products\"><\/div>\n","protected":false},"excerpt":{"rendered":"<div class=\"woocommerce-product-details__short-description\">\n<p>Nakupte Philipp Plein Blue- 524 Mg MDMA ve Spojen\u00e9m kr\u00e1lovstv\u00ed a Evrop\u011b za nejlep\u0161\u00ed tr\u017en\u00ed cenu. V\u0161echny na\u0161e produkty jsou vyrobeny z \u010dist\u011b p\u0159\u00edrodn\u00edch slo\u017eek bez THC. Objednejte si nyn\u00ed online!<\/p>\n<p>Philipp Blue-524 je pilulka na extr\u00e9mn\u00ed p\u00e1rty a droga MDMA, kter\u00e1 je \u0161iroce pou\u017e\u00edv\u00e1na ve Spojen\u00fdch st\u00e1tech americk\u00fdch a v Koreji. Jeho psychoaktivn\u00ed vlastnosti byly objeveny v polovin\u011b 50. let 18. stolet\u00ed. Pokud chce n\u011bkdo za\u017e\u00edt extr\u00e9mn\u00ed \u00farove\u0148 high, po vyzkou\u0161en\u00ed tento produkt neopust\u00ed. Philipp Blue se tak\u00e9 pou\u017e\u00edv\u00e1 p\u0159i n\u00e1bo\u017eensk\u00fdch ob\u0159adech a po l\u00e9ta z\u016fst\u00e1v\u00e1 vysoce kvalitn\u00edm produktem, proto\u017ee si lid\u00e9 uv\u011bdomuj\u00ed jej\u00ed v\u00fdhody a nemohou bez n\u00ed \u017e\u00edt.<\/p>\n<p>Jednotlivci si ji objedn\u00e1vaj\u00ed kv\u016fli jej\u00edm siln\u00fdm \u00fa\u010dink\u016fm a rychl\u00fdm v\u00fdsledk\u016fm. Vzhledem ke sv\u00e9 \u00fa\u010dinnosti nikdy nez\u016fstane na sklad\u011b po del\u0161\u00ed dobu.<\/p>\n<p>Philipp Plein Blue-524 Pills Purchase<\/p>\n<p>Minim\u00e1ln\u00ed mno\u017estv\u00ed pro objedn\u00e1vku je pades\u00e1t pilulek.<\/p>\n<\/p><\/div>\n","protected":false},"featured_media":4605,"comment_status":"open","ping_status":"closed","template":"","meta":[],"product_brand":[],"product_cat":[498],"product_tag":[583,584,585,586,587,589,501,512,591,590,588,592],"class_list":{"0":"post-4592","1":"product","2":"type-product","3":"status-publish","4":"has-post-thumbnail","6":"product_cat-koupit-pilulky-extaze","7":"product_tag-buy-ecstasy-pills-online","8":"product_tag-buy-xtc-pills-online","9":"product_tag-buy-xtc-philipp-plein-blue-524-mg-mdma-pills-online","10":"product_tag-drugs","11":"product_tag-ecstasy","12":"product_tag-ghb","13":"product_tag-koupit-mdma-online","14":"product_tag-mdma","15":"product_tag-mg-mdma","16":"product_tag-lska-drogy","17":"product_tag-tablety-extze","18":"product_tag-xtc-pilulky","20":"first","21":"instock","22":"shipping-taxable","23":"purchasable","24":"product-type-variable","25":"has-default-attributes"},"yoast_head":"<!-- This site is optimized with the Yoast SEO plugin v27.3 - https:\/\/yoast.com\/product\/yoast-seo-wordpress\/ -->\n<title>Koupit Ext\u00e1zi \u2013 Philipp Plein Blue \u2013 524 mg MDMA Pills \u2013 Global Medicina<\/title>\n<meta name=\"description\" content=\"Kupte si Philipp Plein Blue- 524 Mg MDMA UK, Europe za nejlep\u0161\u00ed tr\u017en\u00ed cenu. V\u0161echny na\u0161e produkty jsou vyrobeny z \u010dist\u011b p\u0159\u00edrodn\u00edch surovin bez THC. Objednejte nyn\u00ed online!\" \/>\n<meta name=\"robots\" content=\"index, follow, max-snippet:-1, max-image-preview:large, max-video-preview:-1\" \/>\n<link rel=\"canonical\" href=\"https:\/\/medicinasinc.com\/cs\/product\/buy-exstasy-philipp-plein-blue-524-mg-mdma-pills\/\" \/>\n<meta property=\"og:locale\" content=\"en_US\" \/>\n<meta property=\"og:type\" content=\"article\" \/>\n<meta property=\"og:title\" content=\"Koupit Ext\u00e1zi \u2013 Philipp Plein Blue \u2013 524 mg MDMA Pills \u2013 Global Medicina\" \/>\n<meta property=\"og:description\" content=\"Kupte si Philipp Plein Blue- 524 Mg MDMA UK, Europe za nejlep\u0161\u00ed tr\u017en\u00ed cenu. V\u0161echny na\u0161e produkty jsou vyrobeny z \u010dist\u011b p\u0159\u00edrodn\u00edch surovin bez THC. Objednejte nyn\u00ed online!\" \/>\n<meta property=\"og:url\" content=\"https:\/\/medicinasinc.com\/cs\/product\/buy-exstasy-philipp-plein-blue-524-mg-mdma-pills\/\" \/>\n<meta property=\"og:site_name\" content=\"Medicinas Inc\" \/>\n<meta property=\"article:modified_time\" content=\"2022-03-14T13:00:33+00:00\" \/>\n<meta property=\"og:image\" content=\"https:\/\/medicinasinc.com\/cs\/wp-content\/uploads\/sites\/2\/2022\/02\/buy-xtc-philipp-plein-blue-524-mg-mdma-pills-online.jpg\" \/>\n\t<meta property=\"og:image:width\" content=\"600\" \/>\n\t<meta property=\"og:image:height\" content=\"600\" \/>\n\t<meta property=\"og:image:type\" content=\"image\/jpeg\" \/>\n<meta name=\"twitter:card\" content=\"summary_large_image\" \/>\n<meta name=\"twitter:label1\" content=\"Est. reading time\" \/>\n\t<meta name=\"twitter:data1\" content=\"1 minute\" \/>\n<script type=\"application\/ld+json\" class=\"yoast-schema-graph\">{\"@context\":\"https:\\\/\\\/schema.org\",\"@graph\":[{\"@type\":\"WebPage\",\"@id\":\"https:\\\/\\\/medicinasinc.com\\\/cs\\\/product\\\/buy-exstasy-philipp-plein-blue-524-mg-mdma-pills\\\/\",\"url\":\"https:\\\/\\\/medicinasinc.com\\\/cs\\\/product\\\/buy-exstasy-philipp-plein-blue-524-mg-mdma-pills\\\/\",\"name\":\"Koupit Ext\u00e1zi \u2013 Philipp Plein Blue \u2013 524 mg MDMA Pills \u2013 Global Medicina\",\"isPartOf\":{\"@id\":\"https:\\\/\\\/medicinasinc.com\\\/cs\\\/#website\"},\"primaryImageOfPage\":{\"@id\":\"https:\\\/\\\/medicinasinc.com\\\/cs\\\/product\\\/buy-exstasy-philipp-plein-blue-524-mg-mdma-pills\\\/#primaryimage\"},\"image\":{\"@id\":\"https:\\\/\\\/medicinasinc.com\\\/cs\\\/product\\\/buy-exstasy-philipp-plein-blue-524-mg-mdma-pills\\\/#primaryimage\"},\"thumbnailUrl\":\"https:\\\/\\\/medicinasinc.com\\\/cs\\\/wp-content\\\/uploads\\\/sites\\\/2\\\/2022\\\/02\\\/buy-xtc-philipp-plein-blue-524-mg-mdma-pills-online.jpg\",\"datePublished\":\"2022-02-20T13:31:58+00:00\",\"dateModified\":\"2022-03-14T13:00:33+00:00\",\"description\":\"Kupte si Philipp Plein Blue- 524 Mg MDMA UK, Europe za nejlep\u0161\u00ed tr\u017en\u00ed cenu. V\u0161echny na\u0161e produkty jsou vyrobeny z \u010dist\u011b p\u0159\u00edrodn\u00edch surovin bez THC. Objednejte nyn\u00ed online!\",\"breadcrumb\":{\"@id\":\"https:\\\/\\\/medicinasinc.com\\\/cs\\\/product\\\/buy-exstasy-philipp-plein-blue-524-mg-mdma-pills\\\/#breadcrumb\"},\"inLanguage\":\"en-US\",\"potentialAction\":[{\"@type\":\"ReadAction\",\"target\":[\"https:\\\/\\\/medicinasinc.com\\\/cs\\\/product\\\/buy-exstasy-philipp-plein-blue-524-mg-mdma-pills\\\/\"]}]},{\"@type\":\"ImageObject\",\"inLanguage\":\"en-US\",\"@id\":\"https:\\\/\\\/medicinasinc.com\\\/cs\\\/product\\\/buy-exstasy-philipp-plein-blue-524-mg-mdma-pills\\\/#primaryimage\",\"url\":\"https:\\\/\\\/medicinasinc.com\\\/cs\\\/wp-content\\\/uploads\\\/sites\\\/2\\\/2022\\\/02\\\/buy-xtc-philipp-plein-blue-524-mg-mdma-pills-online.jpg\",\"contentUrl\":\"https:\\\/\\\/medicinasinc.com\\\/cs\\\/wp-content\\\/uploads\\\/sites\\\/2\\\/2022\\\/02\\\/buy-xtc-philipp-plein-blue-524-mg-mdma-pills-online.jpg\",\"width\":600,\"height\":600},{\"@type\":\"BreadcrumbList\",\"@id\":\"https:\\\/\\\/medicinasinc.com\\\/cs\\\/product\\\/buy-exstasy-philipp-plein-blue-524-mg-mdma-pills\\\/#breadcrumb\",\"itemListElement\":[{\"@type\":\"ListItem\",\"position\":1,\"name\":\"Obchod\",\"item\":\"https:\\\/\\\/medicinasinc.com\\\/cs\\\/obchod\\\/\"},{\"@type\":\"ListItem\",\"position\":2,\"name\":\"Koupit Ecstasy- Philipp Plein Blue- 524 mg MDMA Pills\"}]},{\"@type\":\"WebSite\",\"@id\":\"https:\\\/\\\/medicinasinc.com\\\/cs\\\/#website\",\"url\":\"https:\\\/\\\/medicinasinc.com\\\/cs\\\/\",\"name\":\"Medicinas Inc\",\"description\":\"Health Medical Clinic\",\"potentialAction\":[{\"@type\":\"SearchAction\",\"target\":{\"@type\":\"EntryPoint\",\"urlTemplate\":\"https:\\\/\\\/medicinasinc.com\\\/cs\\\/?s={search_term_string}\"},\"query-input\":{\"@type\":\"PropertyValueSpecification\",\"valueRequired\":true,\"valueName\":\"search_term_string\"}}],\"inLanguage\":\"en-US\"}]}<\/script>\n<!-- \/ Yoast SEO plugin. -->","yoast_head_json":{"title":"Koupit Ext\u00e1zi \u2013 Philipp Plein Blue \u2013 524 mg MDMA Pills \u2013 Global Medicina","description":"Kupte si Philipp Plein Blue- 524 Mg MDMA UK, Europe za nejlep\u0161\u00ed tr\u017en\u00ed cenu. V\u0161echny na\u0161e produkty jsou vyrobeny z \u010dist\u011b p\u0159\u00edrodn\u00edch surovin bez THC. Objednejte nyn\u00ed online!","robots":{"index":"index","follow":"follow","max-snippet":"max-snippet:-1","max-image-preview":"max-image-preview:large","max-video-preview":"max-video-preview:-1"},"canonical":"https:\/\/medicinasinc.com\/cs\/product\/buy-exstasy-philipp-plein-blue-524-mg-mdma-pills\/","og_locale":"en_US","og_type":"article","og_title":"Koupit Ext\u00e1zi \u2013 Philipp Plein Blue \u2013 524 mg MDMA Pills \u2013 Global Medicina","og_description":"Kupte si Philipp Plein Blue- 524 Mg MDMA UK, Europe za nejlep\u0161\u00ed tr\u017en\u00ed cenu. V\u0161echny na\u0161e produkty jsou vyrobeny z \u010dist\u011b p\u0159\u00edrodn\u00edch surovin bez THC. Objednejte nyn\u00ed online!","og_url":"https:\/\/medicinasinc.com\/cs\/product\/buy-exstasy-philipp-plein-blue-524-mg-mdma-pills\/","og_site_name":"Medicinas Inc","article_modified_time":"2022-03-14T13:00:33+00:00","og_image":[{"width":600,"height":600,"url":"https:\/\/medicinasinc.com\/cs\/wp-content\/uploads\/sites\/2\/2022\/02\/buy-xtc-philipp-plein-blue-524-mg-mdma-pills-online.jpg","type":"image\/jpeg"}],"twitter_card":"summary_large_image","twitter_misc":{"Est. reading time":"1 minute"},"schema":{"@context":"https:\/\/schema.org","@graph":[{"@type":"WebPage","@id":"https:\/\/medicinasinc.com\/cs\/product\/buy-exstasy-philipp-plein-blue-524-mg-mdma-pills\/","url":"https:\/\/medicinasinc.com\/cs\/product\/buy-exstasy-philipp-plein-blue-524-mg-mdma-pills\/","name":"Koupit Ext\u00e1zi \u2013 Philipp Plein Blue \u2013 524 mg MDMA Pills \u2013 Global Medicina","isPartOf":{"@id":"https:\/\/medicinasinc.com\/cs\/#website"},"primaryImageOfPage":{"@id":"https:\/\/medicinasinc.com\/cs\/product\/buy-exstasy-philipp-plein-blue-524-mg-mdma-pills\/#primaryimage"},"image":{"@id":"https:\/\/medicinasinc.com\/cs\/product\/buy-exstasy-philipp-plein-blue-524-mg-mdma-pills\/#primaryimage"},"thumbnailUrl":"https:\/\/medicinasinc.com\/cs\/wp-content\/uploads\/sites\/2\/2022\/02\/buy-xtc-philipp-plein-blue-524-mg-mdma-pills-online.jpg","datePublished":"2022-02-20T13:31:58+00:00","dateModified":"2022-03-14T13:00:33+00:00","description":"Kupte si Philipp Plein Blue- 524 Mg MDMA UK, Europe za nejlep\u0161\u00ed tr\u017en\u00ed cenu. V\u0161echny na\u0161e produkty jsou vyrobeny z \u010dist\u011b p\u0159\u00edrodn\u00edch surovin bez THC. Objednejte nyn\u00ed online!","breadcrumb":{"@id":"https:\/\/medicinasinc.com\/cs\/product\/buy-exstasy-philipp-plein-blue-524-mg-mdma-pills\/#breadcrumb"},"inLanguage":"en-US","potentialAction":[{"@type":"ReadAction","target":["https:\/\/medicinasinc.com\/cs\/product\/buy-exstasy-philipp-plein-blue-524-mg-mdma-pills\/"]}]},{"@type":"ImageObject","inLanguage":"en-US","@id":"https:\/\/medicinasinc.com\/cs\/product\/buy-exstasy-philipp-plein-blue-524-mg-mdma-pills\/#primaryimage","url":"https:\/\/medicinasinc.com\/cs\/wp-content\/uploads\/sites\/2\/2022\/02\/buy-xtc-philipp-plein-blue-524-mg-mdma-pills-online.jpg","contentUrl":"https:\/\/medicinasinc.com\/cs\/wp-content\/uploads\/sites\/2\/2022\/02\/buy-xtc-philipp-plein-blue-524-mg-mdma-pills-online.jpg","width":600,"height":600},{"@type":"BreadcrumbList","@id":"https:\/\/medicinasinc.com\/cs\/product\/buy-exstasy-philipp-plein-blue-524-mg-mdma-pills\/#breadcrumb","itemListElement":[{"@type":"ListItem","position":1,"name":"Obchod","item":"https:\/\/medicinasinc.com\/cs\/obchod\/"},{"@type":"ListItem","position":2,"name":"Koupit Ecstasy- Philipp Plein Blue- 524 mg MDMA Pills"}]},{"@type":"WebSite","@id":"https:\/\/medicinasinc.com\/cs\/#website","url":"https:\/\/medicinasinc.com\/cs\/","name":"Medicinas Inc","description":"Health Medical Clinic","potentialAction":[{"@type":"SearchAction","target":{"@type":"EntryPoint","urlTemplate":"https:\/\/medicinasinc.com\/cs\/?s={search_term_string}"},"query-input":{"@type":"PropertyValueSpecification","valueRequired":true,"valueName":"search_term_string"}}],"inLanguage":"en-US"}]}},"_links":{"self":[{"href":"https:\/\/medicinasinc.com\/cs\/wp-json\/wp\/v2\/product\/4592","targetHints":{"allow":["GET"]}}],"collection":[{"href":"https:\/\/medicinasinc.com\/cs\/wp-json\/wp\/v2\/product"}],"about":[{"href":"https:\/\/medicinasinc.com\/cs\/wp-json\/wp\/v2\/types\/product"}],"replies":[{"embeddable":true,"href":"https:\/\/medicinasinc.com\/cs\/wp-json\/wp\/v2\/comments?post=4592"}],"wp:featuredmedia":[{"embeddable":true,"href":"https:\/\/medicinasinc.com\/cs\/wp-json\/wp\/v2\/media\/4605"}],"wp:attachment":[{"href":"https:\/\/medicinasinc.com\/cs\/wp-json\/wp\/v2\/media?parent=4592"}],"wp:term":[{"taxonomy":"product_brand","embeddable":true,"href":"https:\/\/medicinasinc.com\/cs\/wp-json\/wp\/v2\/product_brand?post=4592"},{"taxonomy":"product_cat","embeddable":true,"href":"https:\/\/medicinasinc.com\/cs\/wp-json\/wp\/v2\/product_cat?post=4592"},{"taxonomy":"product_tag","embeddable":true,"href":"https:\/\/medicinasinc.com\/cs\/wp-json\/wp\/v2\/product_tag?post=4592"}],"curies":[{"name":"wp","href":"https:\/\/api.w.org\/{rel}","templated":true}]}}