{"id":4591,"date":"2022-02-20T13:30:56","date_gmt":"2022-02-20T13:30:56","guid":{"rendered":"https:\/\/medicinasinc.com\/cs\/?post_type=product&#038;p=4591"},"modified":"2022-03-14T13:00:43","modified_gmt":"2022-03-14T13:00:43","slug":"koupit-bile-rolex-extaze-pilulky","status":"publish","type":"product","link":"https:\/\/medicinasinc.com\/cs\/product\/koupit-bile-rolex-extaze-pilulky\/","title":{"rendered":"Kupte si pilulky ext\u00e1ze White Rolex"},"content":{"rendered":"<h1>Kupte si b\u00edl\u00e9 pilulky ext\u00e1ze Rolex online.<\/h1>\n<table style=\"height: 82px\" width=\"495\">\n<tbody>\n<tr>\n<th>Barva:<\/th>\n<td>B\u00edl\u00e1 nebo vypnut\u00e1 B\u00edl\u00e1<\/td>\n<\/tr>\n<tr>\n<th>Velikost:<\/th>\n<td>195 mg<\/td>\n<\/tr>\n<\/tbody>\n<\/table>\n","protected":false},"excerpt":{"rendered":"<div class=\"woocommerce-product-details__short-description\">\n<p>Nakupte b\u00edl\u00e9 pilulky ext\u00e1ze Rolex online na prodej ve Velk\u00e9 Brit\u00e1nii, Evrop\u011b od nejspolehliv\u011bj\u0161\u00edho dodavatele mdma za nejlep\u0161\u00ed ceny, Garantujeme diskr\u00e9tn\u00ed a bezpe\u010dnou p\u0159epravu po cel\u00e9m sv\u011bt\u011b<\/p>\n<p><strong>Minim\u00e1ln\u00ed objedn\u00e1vka<\/strong><strong>je 50 pilulek.<\/strong><\/p>\n<\/p><\/div>\n","protected":false},"featured_media":4603,"comment_status":"open","ping_status":"closed","template":"","meta":[],"product_brand":[],"product_cat":[498],"product_tag":[576,577,581,582,580,579,578],"class_list":{"0":"post-4591","1":"product","2":"type-product","3":"status-publish","4":"has-post-thumbnail","6":"product_cat-koupit-pilulky-extaze","7":"product_tag-buy-white-rolex-ecstasy-online","8":"product_tag-buy-white-rolex-ecstasy-pills-online","9":"product_tag-kde-koupit-bl-rolex-prky-extze","10":"product_tag-kde-k-objednat-bl-rolex-extze-pilulky","11":"product_tag-objednat-bl-rolex-extze-pilulky","12":"product_tag-poteba-bl-rolex-prky-extze","13":"product_tag-levn-c3-a9-b-c3-adl-c3-a9-rolex-pr-c3-a1-c5-a1ky-ext-c3-a1ze-na-prodej","15":"first","16":"instock","17":"shipping-taxable","18":"purchasable","19":"product-type-variable","20":"has-default-attributes"},"yoast_head":"<!-- This site is optimized with the Yoast SEO plugin v27.3 - https:\/\/yoast.com\/product\/yoast-seo-wordpress\/ -->\n<title>Koupit b\u00edl\u00e9 pilulky ext\u00e1ze Rolex online - nejlep\u0161\u00ed nejlep\u0161\u00ed glob\u00e1ln\u00ed l\u00e9ky<\/title>\n<meta name=\"description\" content=\"Koupit pilulky ext\u00e1ze White Rolex online na prodej ve Velk\u00e9 Brit\u00e1nii, Evrop\u011b od nejspolehliv\u011bj\u0161\u00edho dodavatele mdma za nejlep\u0161\u00ed ceny, Garantujeme diskr\u00e9tn\u00ed a bezpe\u010dnou p\u0159epravu po cel\u00e9m sv\u011bt\u011b\" \/>\n<meta name=\"robots\" content=\"index, follow, max-snippet:-1, max-image-preview:large, max-video-preview:-1\" \/>\n<link rel=\"canonical\" href=\"https:\/\/medicinasinc.com\/cs\/product\/koupit-bile-rolex-extaze-pilulky\/\" \/>\n<meta property=\"og:locale\" content=\"en_US\" \/>\n<meta property=\"og:type\" content=\"article\" \/>\n<meta property=\"og:title\" content=\"Koupit b\u00edl\u00e9 pilulky ext\u00e1ze Rolex online - nejlep\u0161\u00ed nejlep\u0161\u00ed glob\u00e1ln\u00ed l\u00e9ky\" \/>\n<meta property=\"og:description\" content=\"Koupit pilulky ext\u00e1ze White Rolex online na prodej ve Velk\u00e9 Brit\u00e1nii, Evrop\u011b od nejspolehliv\u011bj\u0161\u00edho dodavatele mdma za nejlep\u0161\u00ed ceny, Garantujeme diskr\u00e9tn\u00ed a bezpe\u010dnou p\u0159epravu po cel\u00e9m sv\u011bt\u011b\" \/>\n<meta property=\"og:url\" content=\"https:\/\/medicinasinc.com\/cs\/product\/koupit-bile-rolex-extaze-pilulky\/\" \/>\n<meta property=\"og:site_name\" content=\"Medicinas Inc\" \/>\n<meta property=\"article:modified_time\" content=\"2022-03-14T13:00:43+00:00\" \/>\n<meta property=\"og:image\" content=\"https:\/\/medicinasinc.com\/cs\/wp-content\/uploads\/sites\/2\/2022\/02\/buy-white-rolex-ecstasy-pills-online.jpg\" \/>\n\t<meta property=\"og:image:width\" content=\"600\" \/>\n\t<meta property=\"og:image:height\" content=\"600\" \/>\n\t<meta property=\"og:image:type\" content=\"image\/jpeg\" \/>\n<meta name=\"twitter:card\" content=\"summary_large_image\" \/>\n<meta name=\"twitter:label1\" content=\"Est. reading time\" \/>\n\t<meta name=\"twitter:data1\" content=\"1 minute\" \/>\n<script type=\"application\/ld+json\" class=\"yoast-schema-graph\">{\"@context\":\"https:\\\/\\\/schema.org\",\"@graph\":[{\"@type\":\"WebPage\",\"@id\":\"https:\\\/\\\/medicinasinc.com\\\/cs\\\/product\\\/koupit-bile-rolex-extaze-pilulky\\\/\",\"url\":\"https:\\\/\\\/medicinasinc.com\\\/cs\\\/product\\\/koupit-bile-rolex-extaze-pilulky\\\/\",\"name\":\"Koupit b\u00edl\u00e9 pilulky ext\u00e1ze Rolex online - nejlep\u0161\u00ed nejlep\u0161\u00ed glob\u00e1ln\u00ed l\u00e9ky\",\"isPartOf\":{\"@id\":\"https:\\\/\\\/medicinasinc.com\\\/cs\\\/#website\"},\"primaryImageOfPage\":{\"@id\":\"https:\\\/\\\/medicinasinc.com\\\/cs\\\/product\\\/koupit-bile-rolex-extaze-pilulky\\\/#primaryimage\"},\"image\":{\"@id\":\"https:\\\/\\\/medicinasinc.com\\\/cs\\\/product\\\/koupit-bile-rolex-extaze-pilulky\\\/#primaryimage\"},\"thumbnailUrl\":\"https:\\\/\\\/medicinasinc.com\\\/cs\\\/wp-content\\\/uploads\\\/sites\\\/2\\\/2022\\\/02\\\/buy-white-rolex-ecstasy-pills-online.jpg\",\"datePublished\":\"2022-02-20T13:30:56+00:00\",\"dateModified\":\"2022-03-14T13:00:43+00:00\",\"description\":\"Koupit pilulky ext\u00e1ze White Rolex online na prodej ve Velk\u00e9 Brit\u00e1nii, Evrop\u011b od nejspolehliv\u011bj\u0161\u00edho dodavatele mdma za nejlep\u0161\u00ed ceny, Garantujeme diskr\u00e9tn\u00ed a bezpe\u010dnou p\u0159epravu po cel\u00e9m sv\u011bt\u011b\",\"breadcrumb\":{\"@id\":\"https:\\\/\\\/medicinasinc.com\\\/cs\\\/product\\\/koupit-bile-rolex-extaze-pilulky\\\/#breadcrumb\"},\"inLanguage\":\"en-US\",\"potentialAction\":[{\"@type\":\"ReadAction\",\"target\":[\"https:\\\/\\\/medicinasinc.com\\\/cs\\\/product\\\/koupit-bile-rolex-extaze-pilulky\\\/\"]}]},{\"@type\":\"ImageObject\",\"inLanguage\":\"en-US\",\"@id\":\"https:\\\/\\\/medicinasinc.com\\\/cs\\\/product\\\/koupit-bile-rolex-extaze-pilulky\\\/#primaryimage\",\"url\":\"https:\\\/\\\/medicinasinc.com\\\/cs\\\/wp-content\\\/uploads\\\/sites\\\/2\\\/2022\\\/02\\\/buy-white-rolex-ecstasy-pills-online.jpg\",\"contentUrl\":\"https:\\\/\\\/medicinasinc.com\\\/cs\\\/wp-content\\\/uploads\\\/sites\\\/2\\\/2022\\\/02\\\/buy-white-rolex-ecstasy-pills-online.jpg\",\"width\":600,\"height\":600},{\"@type\":\"BreadcrumbList\",\"@id\":\"https:\\\/\\\/medicinasinc.com\\\/cs\\\/product\\\/koupit-bile-rolex-extaze-pilulky\\\/#breadcrumb\",\"itemListElement\":[{\"@type\":\"ListItem\",\"position\":1,\"name\":\"Obchod\",\"item\":\"https:\\\/\\\/medicinasinc.com\\\/cs\\\/obchod\\\/\"},{\"@type\":\"ListItem\",\"position\":2,\"name\":\"Kupte si pilulky ext\u00e1ze White Rolex\"}]},{\"@type\":\"WebSite\",\"@id\":\"https:\\\/\\\/medicinasinc.com\\\/cs\\\/#website\",\"url\":\"https:\\\/\\\/medicinasinc.com\\\/cs\\\/\",\"name\":\"Medicinas Inc\",\"description\":\"Health Medical Clinic\",\"potentialAction\":[{\"@type\":\"SearchAction\",\"target\":{\"@type\":\"EntryPoint\",\"urlTemplate\":\"https:\\\/\\\/medicinasinc.com\\\/cs\\\/?s={search_term_string}\"},\"query-input\":{\"@type\":\"PropertyValueSpecification\",\"valueRequired\":true,\"valueName\":\"search_term_string\"}}],\"inLanguage\":\"en-US\"}]}<\/script>\n<!-- \/ Yoast SEO plugin. -->","yoast_head_json":{"title":"Koupit b\u00edl\u00e9 pilulky ext\u00e1ze Rolex online - nejlep\u0161\u00ed nejlep\u0161\u00ed glob\u00e1ln\u00ed l\u00e9ky","description":"Koupit pilulky ext\u00e1ze White Rolex online na prodej ve Velk\u00e9 Brit\u00e1nii, Evrop\u011b od nejspolehliv\u011bj\u0161\u00edho dodavatele mdma za nejlep\u0161\u00ed ceny, Garantujeme diskr\u00e9tn\u00ed a bezpe\u010dnou p\u0159epravu po cel\u00e9m sv\u011bt\u011b","robots":{"index":"index","follow":"follow","max-snippet":"max-snippet:-1","max-image-preview":"max-image-preview:large","max-video-preview":"max-video-preview:-1"},"canonical":"https:\/\/medicinasinc.com\/cs\/product\/koupit-bile-rolex-extaze-pilulky\/","og_locale":"en_US","og_type":"article","og_title":"Koupit b\u00edl\u00e9 pilulky ext\u00e1ze Rolex online - nejlep\u0161\u00ed nejlep\u0161\u00ed glob\u00e1ln\u00ed l\u00e9ky","og_description":"Koupit pilulky ext\u00e1ze White Rolex online na prodej ve Velk\u00e9 Brit\u00e1nii, Evrop\u011b od nejspolehliv\u011bj\u0161\u00edho dodavatele mdma za nejlep\u0161\u00ed ceny, Garantujeme diskr\u00e9tn\u00ed a bezpe\u010dnou p\u0159epravu po cel\u00e9m sv\u011bt\u011b","og_url":"https:\/\/medicinasinc.com\/cs\/product\/koupit-bile-rolex-extaze-pilulky\/","og_site_name":"Medicinas Inc","article_modified_time":"2022-03-14T13:00:43+00:00","og_image":[{"width":600,"height":600,"url":"https:\/\/medicinasinc.com\/cs\/wp-content\/uploads\/sites\/2\/2022\/02\/buy-white-rolex-ecstasy-pills-online.jpg","type":"image\/jpeg"}],"twitter_card":"summary_large_image","twitter_misc":{"Est. reading time":"1 minute"},"schema":{"@context":"https:\/\/schema.org","@graph":[{"@type":"WebPage","@id":"https:\/\/medicinasinc.com\/cs\/product\/koupit-bile-rolex-extaze-pilulky\/","url":"https:\/\/medicinasinc.com\/cs\/product\/koupit-bile-rolex-extaze-pilulky\/","name":"Koupit b\u00edl\u00e9 pilulky ext\u00e1ze Rolex online - nejlep\u0161\u00ed nejlep\u0161\u00ed glob\u00e1ln\u00ed l\u00e9ky","isPartOf":{"@id":"https:\/\/medicinasinc.com\/cs\/#website"},"primaryImageOfPage":{"@id":"https:\/\/medicinasinc.com\/cs\/product\/koupit-bile-rolex-extaze-pilulky\/#primaryimage"},"image":{"@id":"https:\/\/medicinasinc.com\/cs\/product\/koupit-bile-rolex-extaze-pilulky\/#primaryimage"},"thumbnailUrl":"https:\/\/medicinasinc.com\/cs\/wp-content\/uploads\/sites\/2\/2022\/02\/buy-white-rolex-ecstasy-pills-online.jpg","datePublished":"2022-02-20T13:30:56+00:00","dateModified":"2022-03-14T13:00:43+00:00","description":"Koupit pilulky ext\u00e1ze White Rolex online na prodej ve Velk\u00e9 Brit\u00e1nii, Evrop\u011b od nejspolehliv\u011bj\u0161\u00edho dodavatele mdma za nejlep\u0161\u00ed ceny, Garantujeme diskr\u00e9tn\u00ed a bezpe\u010dnou p\u0159epravu po cel\u00e9m sv\u011bt\u011b","breadcrumb":{"@id":"https:\/\/medicinasinc.com\/cs\/product\/koupit-bile-rolex-extaze-pilulky\/#breadcrumb"},"inLanguage":"en-US","potentialAction":[{"@type":"ReadAction","target":["https:\/\/medicinasinc.com\/cs\/product\/koupit-bile-rolex-extaze-pilulky\/"]}]},{"@type":"ImageObject","inLanguage":"en-US","@id":"https:\/\/medicinasinc.com\/cs\/product\/koupit-bile-rolex-extaze-pilulky\/#primaryimage","url":"https:\/\/medicinasinc.com\/cs\/wp-content\/uploads\/sites\/2\/2022\/02\/buy-white-rolex-ecstasy-pills-online.jpg","contentUrl":"https:\/\/medicinasinc.com\/cs\/wp-content\/uploads\/sites\/2\/2022\/02\/buy-white-rolex-ecstasy-pills-online.jpg","width":600,"height":600},{"@type":"BreadcrumbList","@id":"https:\/\/medicinasinc.com\/cs\/product\/koupit-bile-rolex-extaze-pilulky\/#breadcrumb","itemListElement":[{"@type":"ListItem","position":1,"name":"Obchod","item":"https:\/\/medicinasinc.com\/cs\/obchod\/"},{"@type":"ListItem","position":2,"name":"Kupte si pilulky ext\u00e1ze White Rolex"}]},{"@type":"WebSite","@id":"https:\/\/medicinasinc.com\/cs\/#website","url":"https:\/\/medicinasinc.com\/cs\/","name":"Medicinas Inc","description":"Health Medical Clinic","potentialAction":[{"@type":"SearchAction","target":{"@type":"EntryPoint","urlTemplate":"https:\/\/medicinasinc.com\/cs\/?s={search_term_string}"},"query-input":{"@type":"PropertyValueSpecification","valueRequired":true,"valueName":"search_term_string"}}],"inLanguage":"en-US"}]}},"_links":{"self":[{"href":"https:\/\/medicinasinc.com\/cs\/wp-json\/wp\/v2\/product\/4591","targetHints":{"allow":["GET"]}}],"collection":[{"href":"https:\/\/medicinasinc.com\/cs\/wp-json\/wp\/v2\/product"}],"about":[{"href":"https:\/\/medicinasinc.com\/cs\/wp-json\/wp\/v2\/types\/product"}],"replies":[{"embeddable":true,"href":"https:\/\/medicinasinc.com\/cs\/wp-json\/wp\/v2\/comments?post=4591"}],"wp:featuredmedia":[{"embeddable":true,"href":"https:\/\/medicinasinc.com\/cs\/wp-json\/wp\/v2\/media\/4603"}],"wp:attachment":[{"href":"https:\/\/medicinasinc.com\/cs\/wp-json\/wp\/v2\/media?parent=4591"}],"wp:term":[{"taxonomy":"product_brand","embeddable":true,"href":"https:\/\/medicinasinc.com\/cs\/wp-json\/wp\/v2\/product_brand?post=4591"},{"taxonomy":"product_cat","embeddable":true,"href":"https:\/\/medicinasinc.com\/cs\/wp-json\/wp\/v2\/product_cat?post=4591"},{"taxonomy":"product_tag","embeddable":true,"href":"https:\/\/medicinasinc.com\/cs\/wp-json\/wp\/v2\/product_tag?post=4591"}],"curies":[{"name":"wp","href":"https:\/\/api.w.org\/{rel}","templated":true}]}}