{"id":4576,"date":"2022-02-20T13:20:42","date_gmt":"2022-02-20T13:20:42","guid":{"rendered":"https:\/\/medicinasinc.com\/cs\/?post_type=product&#038;p=4576"},"modified":"2022-03-14T13:00:57","modified_gmt":"2022-03-14T13:00:57","slug":"koupit-pomerancove-tesla-prasky-extaze","status":"publish","type":"product","link":"https:\/\/medicinasinc.com\/cs\/product\/koupit-pomerancove-tesla-prasky-extaze\/","title":{"rendered":"Kupte si oran\u017eov\u00e9 pilulky ext\u00e1ze Tesla"},"content":{"rendered":"<p>Orange Tesla Ecstasy Pills Koupit<\/p>\n<p>3,4 methylendioxy-metamfetamin je aktivn\u00ed slo\u017ekou v Orange Tesla pilulk\u00e1ch ext\u00e1ze (MDMA). Mal\u00e9 oran\u017eov\u00e9 tablety maj\u00ed tvar \u0161t\u00edtu a nad logem Tesla ve tvaru p\u00edsmene t nesou slovo \u201eTesla\u201c.<\/p>\n<p>Sv\u00edt\u00ed ve tm\u011b a n\u011bkter\u00e9 jsou posypan\u00e9 fialov\u00fdm t\u0159pytem.<\/p>\n<p>Jsou obl\u00edben\u00e9, proto\u017ee jsou siln\u00e9, maj\u00ed z\u00e1bavn\u00fd design a jsou spojeny se zn\u00e1mou zna\u010dkou s pozitivn\u00ed pov\u011bst\u00ed. V\u011bt\u0161ina lid\u00ed si s v\u011bt\u0161\u00ed pravd\u011bpodobnost\u00ed koup\u00ed pilulku ext\u00e1ze s uzn\u00e1van\u00fdm logem ne\u017e oby\u010dejnou b\u00edlou pilulku vyrobenou k\u00fdmkoli.<\/p>\n<p>Oran\u017eov\u00e9 pilulky Tesla v\u0161ak nemaj\u00ed nic spole\u010dn\u00e9ho s Teslou Elona Muska, americkou automobilkou a spole\u010dnost zab\u00fdvaj\u00edc\u00ed se \u010distou energi\u00ed.<\/p>\n<p>Zna\u010dka neznamen\u00e1, \u017ee jsou vysoce kvalitn\u00ed nebo dokonce konzistentn\u00ed. Pomoc\u00ed podobn\u00e9ho lisu a barviva m\u016f\u017ee kdokoli napodobit oran\u017eovou Teslovou pilulku ext\u00e1ze.<\/p>\n","protected":false},"excerpt":{"rendered":"<p>Koupit oran\u017eov\u00e9 tablety ext\u00e1ze Tesla na prodej Evropa, Velk\u00e1 Brit\u00e1nie. Kupte si ext\u00e1zi online, prodejce ext\u00e1ze, objednejte si pilulky ext\u00e1ze online, zab\u00fdv\u00e1me se t\u011bmi nej\u010dist\u0161\u00edmi a nejlep\u0161\u00edmi produkty.<\/p>\n<p>V nejlep\u0161\u00edch sv\u011btov\u00fdch l\u00e9c\u00edch si m\u016f\u017eete zakoupit origin\u00e1ln\u00ed pr\u00e1\u0161ky ext\u00e1ze Tesla za dostupnou cenu. V\u0161echny produkty jsou laboratorn\u011b testov\u00e1ny a maj\u00ed nejvy\u0161\u0161\u00ed kvalitu.<\/p>\n","protected":false},"featured_media":4589,"comment_status":"open","ping_status":"closed","template":"","meta":[],"product_brand":[],"product_cat":[498],"product_tag":[554,555,556,566,557,558,561,560,574,565,562,563,564,559,570,567,569,568,571,573,572,575],"class_list":{"0":"post-4576","1":"product","2":"type-product","3":"status-publish","4":"has-post-thumbnail","6":"product_cat-koupit-pilulky-extaze","7":"product_tag-blue-tesla-ecstasy","8":"product_tag-blue-tesla-pill-mg","9":"product_tag-bluelight-orange-tesla-ecstasy-vs-molly","10":"product_tag-broskev-tvrd-tesla-extze-se-skre-na-zda","11":"product_tag-different-extacy-pills-list","12":"product_tag-ecstasy-pills-tesla-stamp-from-the-netherlands","13":"product_tag-extacy-pill-pictures","14":"product_tag-extze-tesla","15":"product_tag-tesla-pilulky-modr","16":"product_tag-orange-tesla-pill-effects","17":"product_tag-orange-tesla-2021","18":"product_tag-pomeran-tesla-extze-mg","19":"product_tag-orange-tesla-exstasy-pills-los-angeles-2019","20":"product_tag-extze-press-prky-tesla","21":"product_tag-tesla-extze-recenze","22":"product_tag-reddit-exstasy-pill-rating-tesla-vs-punisher-vs","23":"product_tag-tesla-ecstasy-pill","24":"product_tag-tesla-extze","25":"product_tag-tesla-extze-tampa","26":"product_tag-tesla-pill-warning","27":"product_tag-tesla-pill-blue-efekty","28":"product_tag-yellow-tesla-ecstasy-tampa","30":"first","31":"instock","32":"shipping-taxable","33":"purchasable","34":"product-type-variable","35":"has-default-attributes"},"yoast_head":"<!-- This site is optimized with the Yoast SEO plugin v27.3 - https:\/\/yoast.com\/product\/yoast-seo-wordpress\/ -->\n<title>Kupte si oran\u017eov\u00e9 pilulky ext\u00e1ze Tesla \u2013 nejlep\u0161\u00ed nejlep\u0161\u00ed glob\u00e1ln\u00ed l\u00e9ky<\/title>\n<meta name=\"description\" content=\"Koupit Orange Tesla Extase Pills na prodej Evropa, Velk\u00e1 Brit\u00e1nie. Kupte si ext\u00e1zi online, prodejce ext\u00e1ze, objednejte si pilulky ext\u00e1ze online, zab\u00fdv\u00e1me se t\u011bmi nej\u010dist\u0161\u00edmi a nejlep\u0161\u00edmi produkty.\" \/>\n<meta name=\"robots\" content=\"index, follow, max-snippet:-1, max-image-preview:large, max-video-preview:-1\" \/>\n<link rel=\"canonical\" href=\"https:\/\/medicinasinc.com\/cs\/product\/koupit-pomerancove-tesla-prasky-extaze\/\" \/>\n<meta property=\"og:locale\" content=\"en_US\" \/>\n<meta property=\"og:type\" content=\"article\" \/>\n<meta property=\"og:title\" content=\"Kupte si oran\u017eov\u00e9 pilulky ext\u00e1ze Tesla \u2013 nejlep\u0161\u00ed nejlep\u0161\u00ed glob\u00e1ln\u00ed l\u00e9ky\" \/>\n<meta property=\"og:description\" content=\"Koupit Orange Tesla Extase Pills na prodej Evropa, Velk\u00e1 Brit\u00e1nie. Kupte si ext\u00e1zi online, prodejce ext\u00e1ze, objednejte si pilulky ext\u00e1ze online, zab\u00fdv\u00e1me se t\u011bmi nej\u010dist\u0161\u00edmi a nejlep\u0161\u00edmi produkty.\" \/>\n<meta property=\"og:url\" content=\"https:\/\/medicinasinc.com\/cs\/product\/koupit-pomerancove-tesla-prasky-extaze\/\" \/>\n<meta property=\"og:site_name\" content=\"Medicinas Inc\" \/>\n<meta property=\"article:modified_time\" content=\"2022-03-14T13:00:57+00:00\" \/>\n<meta property=\"og:image\" content=\"https:\/\/medicinasinc.com\/cs\/wp-content\/uploads\/sites\/2\/2022\/02\/Buy-Orange-Tesla-Ecstasy-Pills.jpg\" \/>\n\t<meta property=\"og:image:width\" content=\"747\" \/>\n\t<meta property=\"og:image:height\" content=\"560\" \/>\n\t<meta property=\"og:image:type\" content=\"image\/jpeg\" \/>\n<meta name=\"twitter:card\" content=\"summary_large_image\" \/>\n<meta name=\"twitter:label1\" content=\"Est. reading time\" \/>\n\t<meta name=\"twitter:data1\" content=\"1 minute\" \/>\n<script type=\"application\/ld+json\" class=\"yoast-schema-graph\">{\"@context\":\"https:\\\/\\\/schema.org\",\"@graph\":[{\"@type\":\"WebPage\",\"@id\":\"https:\\\/\\\/medicinasinc.com\\\/cs\\\/product\\\/koupit-pomerancove-tesla-prasky-extaze\\\/\",\"url\":\"https:\\\/\\\/medicinasinc.com\\\/cs\\\/product\\\/koupit-pomerancove-tesla-prasky-extaze\\\/\",\"name\":\"Kupte si oran\u017eov\u00e9 pilulky ext\u00e1ze Tesla \u2013 nejlep\u0161\u00ed nejlep\u0161\u00ed glob\u00e1ln\u00ed l\u00e9ky\",\"isPartOf\":{\"@id\":\"https:\\\/\\\/medicinasinc.com\\\/cs\\\/#website\"},\"primaryImageOfPage\":{\"@id\":\"https:\\\/\\\/medicinasinc.com\\\/cs\\\/product\\\/koupit-pomerancove-tesla-prasky-extaze\\\/#primaryimage\"},\"image\":{\"@id\":\"https:\\\/\\\/medicinasinc.com\\\/cs\\\/product\\\/koupit-pomerancove-tesla-prasky-extaze\\\/#primaryimage\"},\"thumbnailUrl\":\"https:\\\/\\\/medicinasinc.com\\\/cs\\\/wp-content\\\/uploads\\\/sites\\\/2\\\/2022\\\/02\\\/Buy-Orange-Tesla-Ecstasy-Pills.jpg\",\"datePublished\":\"2022-02-20T13:20:42+00:00\",\"dateModified\":\"2022-03-14T13:00:57+00:00\",\"description\":\"Koupit Orange Tesla Extase Pills na prodej Evropa, Velk\u00e1 Brit\u00e1nie. Kupte si ext\u00e1zi online, prodejce ext\u00e1ze, objednejte si pilulky ext\u00e1ze online, zab\u00fdv\u00e1me se t\u011bmi nej\u010dist\u0161\u00edmi a nejlep\u0161\u00edmi produkty.\",\"breadcrumb\":{\"@id\":\"https:\\\/\\\/medicinasinc.com\\\/cs\\\/product\\\/koupit-pomerancove-tesla-prasky-extaze\\\/#breadcrumb\"},\"inLanguage\":\"en-US\",\"potentialAction\":[{\"@type\":\"ReadAction\",\"target\":[\"https:\\\/\\\/medicinasinc.com\\\/cs\\\/product\\\/koupit-pomerancove-tesla-prasky-extaze\\\/\"]}]},{\"@type\":\"ImageObject\",\"inLanguage\":\"en-US\",\"@id\":\"https:\\\/\\\/medicinasinc.com\\\/cs\\\/product\\\/koupit-pomerancove-tesla-prasky-extaze\\\/#primaryimage\",\"url\":\"https:\\\/\\\/medicinasinc.com\\\/cs\\\/wp-content\\\/uploads\\\/sites\\\/2\\\/2022\\\/02\\\/Buy-Orange-Tesla-Ecstasy-Pills.jpg\",\"contentUrl\":\"https:\\\/\\\/medicinasinc.com\\\/cs\\\/wp-content\\\/uploads\\\/sites\\\/2\\\/2022\\\/02\\\/Buy-Orange-Tesla-Ecstasy-Pills.jpg\",\"width\":747,\"height\":560},{\"@type\":\"BreadcrumbList\",\"@id\":\"https:\\\/\\\/medicinasinc.com\\\/cs\\\/product\\\/koupit-pomerancove-tesla-prasky-extaze\\\/#breadcrumb\",\"itemListElement\":[{\"@type\":\"ListItem\",\"position\":1,\"name\":\"Obchod\",\"item\":\"https:\\\/\\\/medicinasinc.com\\\/cs\\\/obchod\\\/\"},{\"@type\":\"ListItem\",\"position\":2,\"name\":\"Kupte si oran\u017eov\u00e9 pilulky ext\u00e1ze Tesla\"}]},{\"@type\":\"WebSite\",\"@id\":\"https:\\\/\\\/medicinasinc.com\\\/cs\\\/#website\",\"url\":\"https:\\\/\\\/medicinasinc.com\\\/cs\\\/\",\"name\":\"Medicinas Inc\",\"description\":\"Health Medical Clinic\",\"potentialAction\":[{\"@type\":\"SearchAction\",\"target\":{\"@type\":\"EntryPoint\",\"urlTemplate\":\"https:\\\/\\\/medicinasinc.com\\\/cs\\\/?s={search_term_string}\"},\"query-input\":{\"@type\":\"PropertyValueSpecification\",\"valueRequired\":true,\"valueName\":\"search_term_string\"}}],\"inLanguage\":\"en-US\"}]}<\/script>\n<!-- \/ Yoast SEO plugin. -->","yoast_head_json":{"title":"Kupte si oran\u017eov\u00e9 pilulky ext\u00e1ze Tesla \u2013 nejlep\u0161\u00ed nejlep\u0161\u00ed glob\u00e1ln\u00ed l\u00e9ky","description":"Koupit Orange Tesla Extase Pills na prodej Evropa, Velk\u00e1 Brit\u00e1nie. Kupte si ext\u00e1zi online, prodejce ext\u00e1ze, objednejte si pilulky ext\u00e1ze online, zab\u00fdv\u00e1me se t\u011bmi nej\u010dist\u0161\u00edmi a nejlep\u0161\u00edmi produkty.","robots":{"index":"index","follow":"follow","max-snippet":"max-snippet:-1","max-image-preview":"max-image-preview:large","max-video-preview":"max-video-preview:-1"},"canonical":"https:\/\/medicinasinc.com\/cs\/product\/koupit-pomerancove-tesla-prasky-extaze\/","og_locale":"en_US","og_type":"article","og_title":"Kupte si oran\u017eov\u00e9 pilulky ext\u00e1ze Tesla \u2013 nejlep\u0161\u00ed nejlep\u0161\u00ed glob\u00e1ln\u00ed l\u00e9ky","og_description":"Koupit Orange Tesla Extase Pills na prodej Evropa, Velk\u00e1 Brit\u00e1nie. Kupte si ext\u00e1zi online, prodejce ext\u00e1ze, objednejte si pilulky ext\u00e1ze online, zab\u00fdv\u00e1me se t\u011bmi nej\u010dist\u0161\u00edmi a nejlep\u0161\u00edmi produkty.","og_url":"https:\/\/medicinasinc.com\/cs\/product\/koupit-pomerancove-tesla-prasky-extaze\/","og_site_name":"Medicinas Inc","article_modified_time":"2022-03-14T13:00:57+00:00","og_image":[{"width":747,"height":560,"url":"https:\/\/medicinasinc.com\/cs\/wp-content\/uploads\/sites\/2\/2022\/02\/Buy-Orange-Tesla-Ecstasy-Pills.jpg","type":"image\/jpeg"}],"twitter_card":"summary_large_image","twitter_misc":{"Est. reading time":"1 minute"},"schema":{"@context":"https:\/\/schema.org","@graph":[{"@type":"WebPage","@id":"https:\/\/medicinasinc.com\/cs\/product\/koupit-pomerancove-tesla-prasky-extaze\/","url":"https:\/\/medicinasinc.com\/cs\/product\/koupit-pomerancove-tesla-prasky-extaze\/","name":"Kupte si oran\u017eov\u00e9 pilulky ext\u00e1ze Tesla \u2013 nejlep\u0161\u00ed nejlep\u0161\u00ed glob\u00e1ln\u00ed l\u00e9ky","isPartOf":{"@id":"https:\/\/medicinasinc.com\/cs\/#website"},"primaryImageOfPage":{"@id":"https:\/\/medicinasinc.com\/cs\/product\/koupit-pomerancove-tesla-prasky-extaze\/#primaryimage"},"image":{"@id":"https:\/\/medicinasinc.com\/cs\/product\/koupit-pomerancove-tesla-prasky-extaze\/#primaryimage"},"thumbnailUrl":"https:\/\/medicinasinc.com\/cs\/wp-content\/uploads\/sites\/2\/2022\/02\/Buy-Orange-Tesla-Ecstasy-Pills.jpg","datePublished":"2022-02-20T13:20:42+00:00","dateModified":"2022-03-14T13:00:57+00:00","description":"Koupit Orange Tesla Extase Pills na prodej Evropa, Velk\u00e1 Brit\u00e1nie. Kupte si ext\u00e1zi online, prodejce ext\u00e1ze, objednejte si pilulky ext\u00e1ze online, zab\u00fdv\u00e1me se t\u011bmi nej\u010dist\u0161\u00edmi a nejlep\u0161\u00edmi produkty.","breadcrumb":{"@id":"https:\/\/medicinasinc.com\/cs\/product\/koupit-pomerancove-tesla-prasky-extaze\/#breadcrumb"},"inLanguage":"en-US","potentialAction":[{"@type":"ReadAction","target":["https:\/\/medicinasinc.com\/cs\/product\/koupit-pomerancove-tesla-prasky-extaze\/"]}]},{"@type":"ImageObject","inLanguage":"en-US","@id":"https:\/\/medicinasinc.com\/cs\/product\/koupit-pomerancove-tesla-prasky-extaze\/#primaryimage","url":"https:\/\/medicinasinc.com\/cs\/wp-content\/uploads\/sites\/2\/2022\/02\/Buy-Orange-Tesla-Ecstasy-Pills.jpg","contentUrl":"https:\/\/medicinasinc.com\/cs\/wp-content\/uploads\/sites\/2\/2022\/02\/Buy-Orange-Tesla-Ecstasy-Pills.jpg","width":747,"height":560},{"@type":"BreadcrumbList","@id":"https:\/\/medicinasinc.com\/cs\/product\/koupit-pomerancove-tesla-prasky-extaze\/#breadcrumb","itemListElement":[{"@type":"ListItem","position":1,"name":"Obchod","item":"https:\/\/medicinasinc.com\/cs\/obchod\/"},{"@type":"ListItem","position":2,"name":"Kupte si oran\u017eov\u00e9 pilulky ext\u00e1ze Tesla"}]},{"@type":"WebSite","@id":"https:\/\/medicinasinc.com\/cs\/#website","url":"https:\/\/medicinasinc.com\/cs\/","name":"Medicinas Inc","description":"Health Medical Clinic","potentialAction":[{"@type":"SearchAction","target":{"@type":"EntryPoint","urlTemplate":"https:\/\/medicinasinc.com\/cs\/?s={search_term_string}"},"query-input":{"@type":"PropertyValueSpecification","valueRequired":true,"valueName":"search_term_string"}}],"inLanguage":"en-US"}]}},"_links":{"self":[{"href":"https:\/\/medicinasinc.com\/cs\/wp-json\/wp\/v2\/product\/4576","targetHints":{"allow":["GET"]}}],"collection":[{"href":"https:\/\/medicinasinc.com\/cs\/wp-json\/wp\/v2\/product"}],"about":[{"href":"https:\/\/medicinasinc.com\/cs\/wp-json\/wp\/v2\/types\/product"}],"replies":[{"embeddable":true,"href":"https:\/\/medicinasinc.com\/cs\/wp-json\/wp\/v2\/comments?post=4576"}],"wp:featuredmedia":[{"embeddable":true,"href":"https:\/\/medicinasinc.com\/cs\/wp-json\/wp\/v2\/media\/4589"}],"wp:attachment":[{"href":"https:\/\/medicinasinc.com\/cs\/wp-json\/wp\/v2\/media?parent=4576"}],"wp:term":[{"taxonomy":"product_brand","embeddable":true,"href":"https:\/\/medicinasinc.com\/cs\/wp-json\/wp\/v2\/product_brand?post=4576"},{"taxonomy":"product_cat","embeddable":true,"href":"https:\/\/medicinasinc.com\/cs\/wp-json\/wp\/v2\/product_cat?post=4576"},{"taxonomy":"product_tag","embeddable":true,"href":"https:\/\/medicinasinc.com\/cs\/wp-json\/wp\/v2\/product_tag?post=4576"}],"curies":[{"name":"wp","href":"https:\/\/api.w.org\/{rel}","templated":true}]}}