{"id":4575,"date":"2022-02-20T13:20:33","date_gmt":"2022-02-20T13:20:33","guid":{"rendered":"https:\/\/medicinasinc.com\/cs\/?post_type=product&#038;p=4575"},"modified":"2022-03-14T13:01:06","modified_gmt":"2022-03-14T13:01:06","slug":"koupit-modre-rolex-prasky-extaze","status":"publish","type":"product","link":"https:\/\/medicinasinc.com\/cs\/product\/koupit-modre-rolex-prasky-extaze\/","title":{"rendered":"Kupte si pilulky ext\u00e1ze Blue Rolex"},"content":{"rendered":"<p>Nakupujte pilulky ext\u00e1ze Blue Rolex ve velk\u00e9m online.<\/p>\n<p>Nakupujte pilulky ext\u00e1ze Blue Rolex hromadn\u011b online.<\/p>\n<p>Ext\u00e1ze byla vynalezena v roce 1912 drogovou spole\u010dnost\u00ed Merck. To bylo nazv\u00e1no \u201eMDMA\u201c kv\u016fli sv\u00e9 nov\u00e9 struktu\u0159e. Poprv\u00e9 byl pou\u017eit ozbrojen\u00fdmi silami USA v roce 1953 pro testy du\u0161evn\u00edho zapojen\u00ed a kr\u00e1tce se vr\u00e1til v 60. letech jako psychoterapeutick\u00e9 \u0159e\u0161en\u00ed pro \u201eni\u017e\u0161\u00ed z\u00e1brany\u201c. 1 MDMA se nepou\u017e\u00edvalo jako recept na shrom\u00e1\u017ed\u011bn\u00ed a\u017e do 70. let 20. stolet\u00ed.<\/p>\n<p>V polovin\u011b 80. let bylo MDMA propagov\u00e1no jako \u201enejp\u011bniv\u011bj\u0161\u00ed v\u011bc v technice s posl\u00e1n\u00edm pot\u011b\u0161it lidi prost\u0159ednictv\u00edm v\u011bdy\u201c a \u201ev \u0159e\u0161en\u00ed\u201c pro dlouhotrvaj\u00edc\u00ed ve\u010d\u00edrky. MDMA byl v roce 1984 st\u00e1le \u0161iroce dostupn\u00fd pod zna\u010dkou \u201eJoy\u201c, ale v roce 1985 byl tento l\u00e9k omezen z bezpe\u010dnostn\u00edch d\u016fvod\u016f.<br \/> Modr\u00e1 pilulka Rolex m\u016f\u017ee b\u00fdt zvl\u00e1\u0161t\u011b prosp\u011b\u0161n\u00e1 pro jednotlivce, kte\u0159\u00ed maj\u00ed probl\u00e9my s rozdrcen\u00fdmi sou\u010d\u00e1stmi. (PTSD). Mnoho pacient\u016f nen\u00ed schopno diskutovat o nebezpe\u010dn\u00fdch ud\u00e1lostech, kter\u00e9 urychlily jejich probl\u00e9my. Spekuluje se, \u017ee spln\u011bn\u00ed m\u016f\u017ee jednotlivc\u016fm pomoci tyto r\u00e1ny zv\u011bt\u0161it.<\/p>\n<p>Doblin, 50, skute\u010dn\u011b nen\u00ed p\u0159ipraven\u00fd ani monitor; m\u00e1 v\u0161ak rozs\u00e1hlou odpov\u011bdnost za drogy, proto\u017ee je konzumoval p\u0159i mnoha p\u0159\u00edle\u017eitostech. &#8220;Ud\u011blalo to v m\u00e9m \u017eivot\u011b v\u00fdznamn\u00fd rozd\u00edl,&#8221; vysv\u011btlil. B\u011bhem n\u011bkolika posledn\u00edch let investoval do \u0161\u00ed\u0159en\u00ed poselstv\u00ed, \u017ee Joy a dal\u0161\u00ed energizuj\u00edc\u00ed drogy maj\u00ed za ide\u00e1ln\u00edch podm\u00ednek z\u00e1sadn\u00ed \u00fasp\u011bch.<br \/> Pokud skute\u010dn\u011b hled\u00e1te partnersk\u00fd vztah, kter\u00fd v\u00e1m m\u016f\u017ee poskytnout ty nejkvalitn\u011bj\u0161\u00ed produkty, m\u00e1te p\u0159ij\u00edt na spr\u00e1vn\u00e9 m\u00edsto. V na\u0161\u00ed nadaci si m\u016f\u017eete vybrat ty nejlep\u0161\u00ed polo\u017eky, kter\u00e9 v\u00e1m pomohou vybudovat va\u0161i d\u016fv\u011bru a nav\u00e1zat s n\u00e1mi rozumn\u00fd vztah d\u00edky mo\u017enosti na\u0161ich polo\u017eek. Prove\u010fte sv\u016fj n\u00e1kup nyn\u00ed a do p\u011bti pracovn\u00edch dn\u016f obdr\u017e\u00edte modr\u00e9 modr\u00e9 pilulky Rolex na dosah ruky.<\/p>\n","protected":false},"excerpt":{"rendered":"<div class=\"woocommerce-product-details__short-description\">\n<p>Nakupte si pilulky ext\u00e1ze Blue Rolex UK, Europe online od d\u016fv\u011bryhodn\u00e9ho a spolehliv\u00e9ho dodavatele, nav\u0161tivte n\u00e1\u0161 obchod a z\u00edskejte pilulky nejvy\u0161\u0161\u00ed kvality a v\u00fdzkumn\u00e9 chemik\u00e1lie za bezkonkuren\u010dn\u00ed ceny.<\/p>\n<\/p><\/div>\n","protected":false},"featured_media":4587,"comment_status":"open","ping_status":"closed","template":"","meta":[],"product_brand":[],"product_cat":[498],"product_tag":[],"class_list":{"0":"post-4575","1":"product","2":"type-product","3":"status-publish","4":"has-post-thumbnail","6":"product_cat-koupit-pilulky-extaze","8":"first","9":"instock","10":"shipping-taxable","11":"purchasable","12":"product-type-variable","13":"has-default-attributes"},"yoast_head":"<!-- This site is optimized with the Yoast SEO plugin v27.3 - https:\/\/yoast.com\/product\/yoast-seo-wordpress\/ -->\n<title>Kupte si pilulky ext\u00e1ze Blue Rolex \u2013 nejlep\u0161\u00ed nejlep\u0161\u00ed glob\u00e1ln\u00ed l\u00e9ky<\/title>\n<meta name=\"description\" content=\"Kupte si pilulky ext\u00e1ze Blue Rolex UK, Evropa online od d\u016fv\u011bryhodn\u00e9ho a spolehliv\u00e9ho dodavatele, nav\u0161tivte n\u00e1\u0161 obchod a z\u00edskejte pilulky nejvy\u0161\u0161\u00ed kvality a chemik\u00e1lie pro v\u00fdzkum za bezkonkuren\u010dn\u00ed ceny.\" \/>\n<meta name=\"robots\" content=\"index, follow, max-snippet:-1, max-image-preview:large, max-video-preview:-1\" \/>\n<link rel=\"canonical\" href=\"https:\/\/medicinasinc.com\/cs\/product\/koupit-modre-rolex-prasky-extaze\/\" \/>\n<meta property=\"og:locale\" content=\"en_US\" \/>\n<meta property=\"og:type\" content=\"article\" \/>\n<meta property=\"og:title\" content=\"Kupte si pilulky ext\u00e1ze Blue Rolex \u2013 nejlep\u0161\u00ed nejlep\u0161\u00ed glob\u00e1ln\u00ed l\u00e9ky\" \/>\n<meta property=\"og:description\" content=\"Kupte si pilulky ext\u00e1ze Blue Rolex UK, Evropa online od d\u016fv\u011bryhodn\u00e9ho a spolehliv\u00e9ho dodavatele, nav\u0161tivte n\u00e1\u0161 obchod a z\u00edskejte pilulky nejvy\u0161\u0161\u00ed kvality a chemik\u00e1lie pro v\u00fdzkum za bezkonkuren\u010dn\u00ed ceny.\" \/>\n<meta property=\"og:url\" content=\"https:\/\/medicinasinc.com\/cs\/product\/koupit-modre-rolex-prasky-extaze\/\" \/>\n<meta property=\"og:site_name\" content=\"Medicinas Inc\" \/>\n<meta property=\"article:modified_time\" content=\"2022-03-14T13:01:06+00:00\" \/>\n<meta property=\"og:image\" content=\"https:\/\/medicinasinc.com\/cs\/wp-content\/uploads\/sites\/2\/2022\/02\/buy-quality-blue-rolex-ecstasy-pills-online.jpg\" \/>\n\t<meta property=\"og:image:width\" content=\"600\" \/>\n\t<meta property=\"og:image:height\" content=\"600\" \/>\n\t<meta property=\"og:image:type\" content=\"image\/jpeg\" \/>\n<meta name=\"twitter:card\" content=\"summary_large_image\" \/>\n<script type=\"application\/ld+json\" class=\"yoast-schema-graph\">{\"@context\":\"https:\\\/\\\/schema.org\",\"@graph\":[{\"@type\":\"WebPage\",\"@id\":\"https:\\\/\\\/medicinasinc.com\\\/cs\\\/product\\\/koupit-modre-rolex-prasky-extaze\\\/\",\"url\":\"https:\\\/\\\/medicinasinc.com\\\/cs\\\/product\\\/koupit-modre-rolex-prasky-extaze\\\/\",\"name\":\"Kupte si pilulky ext\u00e1ze Blue Rolex \u2013 nejlep\u0161\u00ed nejlep\u0161\u00ed glob\u00e1ln\u00ed l\u00e9ky\",\"isPartOf\":{\"@id\":\"https:\\\/\\\/medicinasinc.com\\\/cs\\\/#website\"},\"primaryImageOfPage\":{\"@id\":\"https:\\\/\\\/medicinasinc.com\\\/cs\\\/product\\\/koupit-modre-rolex-prasky-extaze\\\/#primaryimage\"},\"image\":{\"@id\":\"https:\\\/\\\/medicinasinc.com\\\/cs\\\/product\\\/koupit-modre-rolex-prasky-extaze\\\/#primaryimage\"},\"thumbnailUrl\":\"https:\\\/\\\/medicinasinc.com\\\/cs\\\/wp-content\\\/uploads\\\/sites\\\/2\\\/2022\\\/02\\\/buy-quality-blue-rolex-ecstasy-pills-online.jpg\",\"datePublished\":\"2022-02-20T13:20:33+00:00\",\"dateModified\":\"2022-03-14T13:01:06+00:00\",\"description\":\"Kupte si pilulky ext\u00e1ze Blue Rolex UK, Evropa online od d\u016fv\u011bryhodn\u00e9ho a spolehliv\u00e9ho dodavatele, nav\u0161tivte n\u00e1\u0161 obchod a z\u00edskejte pilulky nejvy\u0161\u0161\u00ed kvality a chemik\u00e1lie pro v\u00fdzkum za bezkonkuren\u010dn\u00ed ceny.\",\"breadcrumb\":{\"@id\":\"https:\\\/\\\/medicinasinc.com\\\/cs\\\/product\\\/koupit-modre-rolex-prasky-extaze\\\/#breadcrumb\"},\"inLanguage\":\"en-US\",\"potentialAction\":[{\"@type\":\"ReadAction\",\"target\":[\"https:\\\/\\\/medicinasinc.com\\\/cs\\\/product\\\/koupit-modre-rolex-prasky-extaze\\\/\"]}]},{\"@type\":\"ImageObject\",\"inLanguage\":\"en-US\",\"@id\":\"https:\\\/\\\/medicinasinc.com\\\/cs\\\/product\\\/koupit-modre-rolex-prasky-extaze\\\/#primaryimage\",\"url\":\"https:\\\/\\\/medicinasinc.com\\\/cs\\\/wp-content\\\/uploads\\\/sites\\\/2\\\/2022\\\/02\\\/buy-quality-blue-rolex-ecstasy-pills-online.jpg\",\"contentUrl\":\"https:\\\/\\\/medicinasinc.com\\\/cs\\\/wp-content\\\/uploads\\\/sites\\\/2\\\/2022\\\/02\\\/buy-quality-blue-rolex-ecstasy-pills-online.jpg\",\"width\":600,\"height\":600},{\"@type\":\"BreadcrumbList\",\"@id\":\"https:\\\/\\\/medicinasinc.com\\\/cs\\\/product\\\/koupit-modre-rolex-prasky-extaze\\\/#breadcrumb\",\"itemListElement\":[{\"@type\":\"ListItem\",\"position\":1,\"name\":\"Obchod\",\"item\":\"https:\\\/\\\/medicinasinc.com\\\/cs\\\/obchod\\\/\"},{\"@type\":\"ListItem\",\"position\":2,\"name\":\"Kupte si pilulky ext\u00e1ze Blue Rolex\"}]},{\"@type\":\"WebSite\",\"@id\":\"https:\\\/\\\/medicinasinc.com\\\/cs\\\/#website\",\"url\":\"https:\\\/\\\/medicinasinc.com\\\/cs\\\/\",\"name\":\"Medicinas Inc\",\"description\":\"Health Medical Clinic\",\"potentialAction\":[{\"@type\":\"SearchAction\",\"target\":{\"@type\":\"EntryPoint\",\"urlTemplate\":\"https:\\\/\\\/medicinasinc.com\\\/cs\\\/?s={search_term_string}\"},\"query-input\":{\"@type\":\"PropertyValueSpecification\",\"valueRequired\":true,\"valueName\":\"search_term_string\"}}],\"inLanguage\":\"en-US\"}]}<\/script>\n<!-- \/ Yoast SEO plugin. -->","yoast_head_json":{"title":"Kupte si pilulky ext\u00e1ze Blue Rolex \u2013 nejlep\u0161\u00ed nejlep\u0161\u00ed glob\u00e1ln\u00ed l\u00e9ky","description":"Kupte si pilulky ext\u00e1ze Blue Rolex UK, Evropa online od d\u016fv\u011bryhodn\u00e9ho a spolehliv\u00e9ho dodavatele, nav\u0161tivte n\u00e1\u0161 obchod a z\u00edskejte pilulky nejvy\u0161\u0161\u00ed kvality a chemik\u00e1lie pro v\u00fdzkum za bezkonkuren\u010dn\u00ed ceny.","robots":{"index":"index","follow":"follow","max-snippet":"max-snippet:-1","max-image-preview":"max-image-preview:large","max-video-preview":"max-video-preview:-1"},"canonical":"https:\/\/medicinasinc.com\/cs\/product\/koupit-modre-rolex-prasky-extaze\/","og_locale":"en_US","og_type":"article","og_title":"Kupte si pilulky ext\u00e1ze Blue Rolex \u2013 nejlep\u0161\u00ed nejlep\u0161\u00ed glob\u00e1ln\u00ed l\u00e9ky","og_description":"Kupte si pilulky ext\u00e1ze Blue Rolex UK, Evropa online od d\u016fv\u011bryhodn\u00e9ho a spolehliv\u00e9ho dodavatele, nav\u0161tivte n\u00e1\u0161 obchod a z\u00edskejte pilulky nejvy\u0161\u0161\u00ed kvality a chemik\u00e1lie pro v\u00fdzkum za bezkonkuren\u010dn\u00ed ceny.","og_url":"https:\/\/medicinasinc.com\/cs\/product\/koupit-modre-rolex-prasky-extaze\/","og_site_name":"Medicinas Inc","article_modified_time":"2022-03-14T13:01:06+00:00","og_image":[{"width":600,"height":600,"url":"https:\/\/medicinasinc.com\/cs\/wp-content\/uploads\/sites\/2\/2022\/02\/buy-quality-blue-rolex-ecstasy-pills-online.jpg","type":"image\/jpeg"}],"twitter_card":"summary_large_image","schema":{"@context":"https:\/\/schema.org","@graph":[{"@type":"WebPage","@id":"https:\/\/medicinasinc.com\/cs\/product\/koupit-modre-rolex-prasky-extaze\/","url":"https:\/\/medicinasinc.com\/cs\/product\/koupit-modre-rolex-prasky-extaze\/","name":"Kupte si pilulky ext\u00e1ze Blue Rolex \u2013 nejlep\u0161\u00ed nejlep\u0161\u00ed glob\u00e1ln\u00ed l\u00e9ky","isPartOf":{"@id":"https:\/\/medicinasinc.com\/cs\/#website"},"primaryImageOfPage":{"@id":"https:\/\/medicinasinc.com\/cs\/product\/koupit-modre-rolex-prasky-extaze\/#primaryimage"},"image":{"@id":"https:\/\/medicinasinc.com\/cs\/product\/koupit-modre-rolex-prasky-extaze\/#primaryimage"},"thumbnailUrl":"https:\/\/medicinasinc.com\/cs\/wp-content\/uploads\/sites\/2\/2022\/02\/buy-quality-blue-rolex-ecstasy-pills-online.jpg","datePublished":"2022-02-20T13:20:33+00:00","dateModified":"2022-03-14T13:01:06+00:00","description":"Kupte si pilulky ext\u00e1ze Blue Rolex UK, Evropa online od d\u016fv\u011bryhodn\u00e9ho a spolehliv\u00e9ho dodavatele, nav\u0161tivte n\u00e1\u0161 obchod a z\u00edskejte pilulky nejvy\u0161\u0161\u00ed kvality a chemik\u00e1lie pro v\u00fdzkum za bezkonkuren\u010dn\u00ed ceny.","breadcrumb":{"@id":"https:\/\/medicinasinc.com\/cs\/product\/koupit-modre-rolex-prasky-extaze\/#breadcrumb"},"inLanguage":"en-US","potentialAction":[{"@type":"ReadAction","target":["https:\/\/medicinasinc.com\/cs\/product\/koupit-modre-rolex-prasky-extaze\/"]}]},{"@type":"ImageObject","inLanguage":"en-US","@id":"https:\/\/medicinasinc.com\/cs\/product\/koupit-modre-rolex-prasky-extaze\/#primaryimage","url":"https:\/\/medicinasinc.com\/cs\/wp-content\/uploads\/sites\/2\/2022\/02\/buy-quality-blue-rolex-ecstasy-pills-online.jpg","contentUrl":"https:\/\/medicinasinc.com\/cs\/wp-content\/uploads\/sites\/2\/2022\/02\/buy-quality-blue-rolex-ecstasy-pills-online.jpg","width":600,"height":600},{"@type":"BreadcrumbList","@id":"https:\/\/medicinasinc.com\/cs\/product\/koupit-modre-rolex-prasky-extaze\/#breadcrumb","itemListElement":[{"@type":"ListItem","position":1,"name":"Obchod","item":"https:\/\/medicinasinc.com\/cs\/obchod\/"},{"@type":"ListItem","position":2,"name":"Kupte si pilulky ext\u00e1ze Blue Rolex"}]},{"@type":"WebSite","@id":"https:\/\/medicinasinc.com\/cs\/#website","url":"https:\/\/medicinasinc.com\/cs\/","name":"Medicinas Inc","description":"Health Medical Clinic","potentialAction":[{"@type":"SearchAction","target":{"@type":"EntryPoint","urlTemplate":"https:\/\/medicinasinc.com\/cs\/?s={search_term_string}"},"query-input":{"@type":"PropertyValueSpecification","valueRequired":true,"valueName":"search_term_string"}}],"inLanguage":"en-US"}]}},"_links":{"self":[{"href":"https:\/\/medicinasinc.com\/cs\/wp-json\/wp\/v2\/product\/4575","targetHints":{"allow":["GET"]}}],"collection":[{"href":"https:\/\/medicinasinc.com\/cs\/wp-json\/wp\/v2\/product"}],"about":[{"href":"https:\/\/medicinasinc.com\/cs\/wp-json\/wp\/v2\/types\/product"}],"replies":[{"embeddable":true,"href":"https:\/\/medicinasinc.com\/cs\/wp-json\/wp\/v2\/comments?post=4575"}],"wp:featuredmedia":[{"embeddable":true,"href":"https:\/\/medicinasinc.com\/cs\/wp-json\/wp\/v2\/media\/4587"}],"wp:attachment":[{"href":"https:\/\/medicinasinc.com\/cs\/wp-json\/wp\/v2\/media?parent=4575"}],"wp:term":[{"taxonomy":"product_brand","embeddable":true,"href":"https:\/\/medicinasinc.com\/cs\/wp-json\/wp\/v2\/product_brand?post=4575"},{"taxonomy":"product_cat","embeddable":true,"href":"https:\/\/medicinasinc.com\/cs\/wp-json\/wp\/v2\/product_cat?post=4575"},{"taxonomy":"product_tag","embeddable":true,"href":"https:\/\/medicinasinc.com\/cs\/wp-json\/wp\/v2\/product_tag?post=4575"}],"curies":[{"name":"wp","href":"https:\/\/api.w.org\/{rel}","templated":true}]}}