{"id":4553,"date":"2022-02-20T10:45:15","date_gmt":"2022-02-20T10:45:15","guid":{"rendered":"https:\/\/medicinasinc.com\/cs\/?post_type=product&#038;p=4553"},"modified":"2022-03-14T13:01:16","modified_gmt":"2022-03-14T13:01:16","slug":"koupit-ruzove-flugels-250mg-extaze-pilulky","status":"publish","type":"product","link":"https:\/\/medicinasinc.com\/cs\/product\/koupit-ruzove-flugels-250mg-extaze-pilulky\/","title":{"rendered":"Kupte si pilulky ext\u00e1ze pink flugels 250 mg"},"content":{"rendered":"<p>Online n\u00e1kup r\u016f\u017eov\u00fdch flugels 250mg ext\u00e1ze pilulky<\/p>\n<p>r\u016f\u017eov\u00e9 flugels, pink flugels pill report, co jsou r\u016f\u017eov\u00e9 flugels, r\u016f\u017eov\u00e9 flugels pilulky, r\u016f\u017eov\u00e9 flugels ext\u00e1ze a kolik mdma je v r\u016f\u017eov\u00fdch flugels<\/p>\n<div class=\"product-next-previous\">\n<div class=\"product-prev\"><\/div><\/div>\n","protected":false},"excerpt":{"rendered":"<p>Kupte si r\u016f\u017eov\u00e9 flugels 250mg pilulky ext\u00e1ze online.<\/p>\n<p><em>Kupte Pink Flugels 250mg<\/em>\u00a0XTC\u00a0<em>Pills<\/em>\u00a0za nejlep\u0161\u00ed tr\u017en\u00ed cenu. V\u0161echny na\u0161e produkty jsou vyrobeny z \u010dist\u011b p\u0159\u00edrodn\u00edch surovin bez THC. Objednejte nyn\u00ed online!<\/p>\n","protected":false},"featured_media":4571,"comment_status":"open","ping_status":"closed","template":"","meta":[],"product_brand":[],"product_cat":[498],"product_tag":[553,551,548,549,552,550],"class_list":{"0":"post-4553","1":"product","2":"type-product","3":"status-publish","4":"has-post-thumbnail","6":"product_cat-koupit-pilulky-extaze","7":"product_tag-jak-jsou-rov-kdlovky","8":"product_tag-rov-flugels-extze","9":"product_tag-kolik-mdma-jsou-v-rovch-kdlech","10":"product_tag-pill-report-pink-flugels","11":"product_tag-pink-flugels-pills","12":"product_tag-r-c5-af-c5-beov-c3-bdch-k-c5-99-c3-addel","14":"first","15":"instock","16":"shipping-taxable","17":"purchasable","18":"product-type-variable","19":"has-default-attributes"},"yoast_head":"<!-- This site is optimized with the Yoast SEO plugin v27.3 - https:\/\/yoast.com\/product\/yoast-seo-wordpress\/ -->\n<title>Koupit r\u016f\u017eov\u00e9 flugels 250mg pilulky ext\u00e1ze - Nejlep\u0161\u00ed nejlep\u0161\u00ed glob\u00e1ln\u00ed l\u00e9ky<\/title>\n<meta name=\"description\" content=\"Kupte si Pink Flugels 250 mg XTC Pills UK, Europe za nejlep\u0161\u00ed tr\u017en\u00ed cenu. V\u0161echny na\u0161e produkty jsou vyrobeny z \u010dist\u011b p\u0159\u00edrodn\u00edch surovin bez THC. Objednejte nyn\u00ed online!\" \/>\n<meta name=\"robots\" content=\"index, follow, max-snippet:-1, max-image-preview:large, max-video-preview:-1\" \/>\n<link rel=\"canonical\" href=\"https:\/\/medicinasinc.com\/cs\/product\/koupit-ruzove-flugels-250mg-extaze-pilulky\/\" \/>\n<meta property=\"og:locale\" content=\"en_US\" \/>\n<meta property=\"og:type\" content=\"article\" \/>\n<meta property=\"og:title\" content=\"Koupit r\u016f\u017eov\u00e9 flugels 250mg pilulky ext\u00e1ze - Nejlep\u0161\u00ed nejlep\u0161\u00ed glob\u00e1ln\u00ed l\u00e9ky\" \/>\n<meta property=\"og:description\" content=\"Kupte si Pink Flugels 250 mg XTC Pills UK, Europe za nejlep\u0161\u00ed tr\u017en\u00ed cenu. V\u0161echny na\u0161e produkty jsou vyrobeny z \u010dist\u011b p\u0159\u00edrodn\u00edch surovin bez THC. Objednejte nyn\u00ed online!\" \/>\n<meta property=\"og:url\" content=\"https:\/\/medicinasinc.com\/cs\/product\/koupit-ruzove-flugels-250mg-extaze-pilulky\/\" \/>\n<meta property=\"og:site_name\" content=\"Medicinas Inc\" \/>\n<meta property=\"article:modified_time\" content=\"2022-03-14T13:01:16+00:00\" \/>\n<meta property=\"og:image\" content=\"https:\/\/medicinasinc.com\/cs\/wp-content\/uploads\/sites\/2\/2022\/02\/buy-pink-flugels-250mg-ecstasy-pills-online.jpg\" \/>\n\t<meta property=\"og:image:width\" content=\"600\" \/>\n\t<meta property=\"og:image:height\" content=\"600\" \/>\n\t<meta property=\"og:image:type\" content=\"image\/jpeg\" \/>\n<meta name=\"twitter:card\" content=\"summary_large_image\" \/>\n<meta name=\"twitter:label1\" content=\"Est. reading time\" \/>\n\t<meta name=\"twitter:data1\" content=\"1 minute\" \/>\n<script type=\"application\/ld+json\" class=\"yoast-schema-graph\">{\"@context\":\"https:\\\/\\\/schema.org\",\"@graph\":[{\"@type\":\"WebPage\",\"@id\":\"https:\\\/\\\/medicinasinc.com\\\/cs\\\/product\\\/koupit-ruzove-flugels-250mg-extaze-pilulky\\\/\",\"url\":\"https:\\\/\\\/medicinasinc.com\\\/cs\\\/product\\\/koupit-ruzove-flugels-250mg-extaze-pilulky\\\/\",\"name\":\"Koupit r\u016f\u017eov\u00e9 flugels 250mg pilulky ext\u00e1ze - Nejlep\u0161\u00ed nejlep\u0161\u00ed glob\u00e1ln\u00ed l\u00e9ky\",\"isPartOf\":{\"@id\":\"https:\\\/\\\/medicinasinc.com\\\/cs\\\/#website\"},\"primaryImageOfPage\":{\"@id\":\"https:\\\/\\\/medicinasinc.com\\\/cs\\\/product\\\/koupit-ruzove-flugels-250mg-extaze-pilulky\\\/#primaryimage\"},\"image\":{\"@id\":\"https:\\\/\\\/medicinasinc.com\\\/cs\\\/product\\\/koupit-ruzove-flugels-250mg-extaze-pilulky\\\/#primaryimage\"},\"thumbnailUrl\":\"https:\\\/\\\/medicinasinc.com\\\/cs\\\/wp-content\\\/uploads\\\/sites\\\/2\\\/2022\\\/02\\\/buy-pink-flugels-250mg-ecstasy-pills-online.jpg\",\"datePublished\":\"2022-02-20T10:45:15+00:00\",\"dateModified\":\"2022-03-14T13:01:16+00:00\",\"description\":\"Kupte si Pink Flugels 250 mg XTC Pills UK, Europe za nejlep\u0161\u00ed tr\u017en\u00ed cenu. V\u0161echny na\u0161e produkty jsou vyrobeny z \u010dist\u011b p\u0159\u00edrodn\u00edch surovin bez THC. Objednejte nyn\u00ed online!\",\"breadcrumb\":{\"@id\":\"https:\\\/\\\/medicinasinc.com\\\/cs\\\/product\\\/koupit-ruzove-flugels-250mg-extaze-pilulky\\\/#breadcrumb\"},\"inLanguage\":\"en-US\",\"potentialAction\":[{\"@type\":\"ReadAction\",\"target\":[\"https:\\\/\\\/medicinasinc.com\\\/cs\\\/product\\\/koupit-ruzove-flugels-250mg-extaze-pilulky\\\/\"]}]},{\"@type\":\"ImageObject\",\"inLanguage\":\"en-US\",\"@id\":\"https:\\\/\\\/medicinasinc.com\\\/cs\\\/product\\\/koupit-ruzove-flugels-250mg-extaze-pilulky\\\/#primaryimage\",\"url\":\"https:\\\/\\\/medicinasinc.com\\\/cs\\\/wp-content\\\/uploads\\\/sites\\\/2\\\/2022\\\/02\\\/buy-pink-flugels-250mg-ecstasy-pills-online.jpg\",\"contentUrl\":\"https:\\\/\\\/medicinasinc.com\\\/cs\\\/wp-content\\\/uploads\\\/sites\\\/2\\\/2022\\\/02\\\/buy-pink-flugels-250mg-ecstasy-pills-online.jpg\",\"width\":600,\"height\":600},{\"@type\":\"BreadcrumbList\",\"@id\":\"https:\\\/\\\/medicinasinc.com\\\/cs\\\/product\\\/koupit-ruzove-flugels-250mg-extaze-pilulky\\\/#breadcrumb\",\"itemListElement\":[{\"@type\":\"ListItem\",\"position\":1,\"name\":\"Obchod\",\"item\":\"https:\\\/\\\/medicinasinc.com\\\/cs\\\/obchod\\\/\"},{\"@type\":\"ListItem\",\"position\":2,\"name\":\"Kupte si pilulky ext\u00e1ze pink flugels 250 mg\"}]},{\"@type\":\"WebSite\",\"@id\":\"https:\\\/\\\/medicinasinc.com\\\/cs\\\/#website\",\"url\":\"https:\\\/\\\/medicinasinc.com\\\/cs\\\/\",\"name\":\"Medicinas Inc\",\"description\":\"Health Medical Clinic\",\"potentialAction\":[{\"@type\":\"SearchAction\",\"target\":{\"@type\":\"EntryPoint\",\"urlTemplate\":\"https:\\\/\\\/medicinasinc.com\\\/cs\\\/?s={search_term_string}\"},\"query-input\":{\"@type\":\"PropertyValueSpecification\",\"valueRequired\":true,\"valueName\":\"search_term_string\"}}],\"inLanguage\":\"en-US\"}]}<\/script>\n<!-- \/ Yoast SEO plugin. -->","yoast_head_json":{"title":"Koupit r\u016f\u017eov\u00e9 flugels 250mg pilulky ext\u00e1ze - Nejlep\u0161\u00ed nejlep\u0161\u00ed glob\u00e1ln\u00ed l\u00e9ky","description":"Kupte si Pink Flugels 250 mg XTC Pills UK, Europe za nejlep\u0161\u00ed tr\u017en\u00ed cenu. V\u0161echny na\u0161e produkty jsou vyrobeny z \u010dist\u011b p\u0159\u00edrodn\u00edch surovin bez THC. Objednejte nyn\u00ed online!","robots":{"index":"index","follow":"follow","max-snippet":"max-snippet:-1","max-image-preview":"max-image-preview:large","max-video-preview":"max-video-preview:-1"},"canonical":"https:\/\/medicinasinc.com\/cs\/product\/koupit-ruzove-flugels-250mg-extaze-pilulky\/","og_locale":"en_US","og_type":"article","og_title":"Koupit r\u016f\u017eov\u00e9 flugels 250mg pilulky ext\u00e1ze - Nejlep\u0161\u00ed nejlep\u0161\u00ed glob\u00e1ln\u00ed l\u00e9ky","og_description":"Kupte si Pink Flugels 250 mg XTC Pills UK, Europe za nejlep\u0161\u00ed tr\u017en\u00ed cenu. V\u0161echny na\u0161e produkty jsou vyrobeny z \u010dist\u011b p\u0159\u00edrodn\u00edch surovin bez THC. Objednejte nyn\u00ed online!","og_url":"https:\/\/medicinasinc.com\/cs\/product\/koupit-ruzove-flugels-250mg-extaze-pilulky\/","og_site_name":"Medicinas Inc","article_modified_time":"2022-03-14T13:01:16+00:00","og_image":[{"width":600,"height":600,"url":"https:\/\/medicinasinc.com\/cs\/wp-content\/uploads\/sites\/2\/2022\/02\/buy-pink-flugels-250mg-ecstasy-pills-online.jpg","type":"image\/jpeg"}],"twitter_card":"summary_large_image","twitter_misc":{"Est. reading time":"1 minute"},"schema":{"@context":"https:\/\/schema.org","@graph":[{"@type":"WebPage","@id":"https:\/\/medicinasinc.com\/cs\/product\/koupit-ruzove-flugels-250mg-extaze-pilulky\/","url":"https:\/\/medicinasinc.com\/cs\/product\/koupit-ruzove-flugels-250mg-extaze-pilulky\/","name":"Koupit r\u016f\u017eov\u00e9 flugels 250mg pilulky ext\u00e1ze - Nejlep\u0161\u00ed nejlep\u0161\u00ed glob\u00e1ln\u00ed l\u00e9ky","isPartOf":{"@id":"https:\/\/medicinasinc.com\/cs\/#website"},"primaryImageOfPage":{"@id":"https:\/\/medicinasinc.com\/cs\/product\/koupit-ruzove-flugels-250mg-extaze-pilulky\/#primaryimage"},"image":{"@id":"https:\/\/medicinasinc.com\/cs\/product\/koupit-ruzove-flugels-250mg-extaze-pilulky\/#primaryimage"},"thumbnailUrl":"https:\/\/medicinasinc.com\/cs\/wp-content\/uploads\/sites\/2\/2022\/02\/buy-pink-flugels-250mg-ecstasy-pills-online.jpg","datePublished":"2022-02-20T10:45:15+00:00","dateModified":"2022-03-14T13:01:16+00:00","description":"Kupte si Pink Flugels 250 mg XTC Pills UK, Europe za nejlep\u0161\u00ed tr\u017en\u00ed cenu. V\u0161echny na\u0161e produkty jsou vyrobeny z \u010dist\u011b p\u0159\u00edrodn\u00edch surovin bez THC. Objednejte nyn\u00ed online!","breadcrumb":{"@id":"https:\/\/medicinasinc.com\/cs\/product\/koupit-ruzove-flugels-250mg-extaze-pilulky\/#breadcrumb"},"inLanguage":"en-US","potentialAction":[{"@type":"ReadAction","target":["https:\/\/medicinasinc.com\/cs\/product\/koupit-ruzove-flugels-250mg-extaze-pilulky\/"]}]},{"@type":"ImageObject","inLanguage":"en-US","@id":"https:\/\/medicinasinc.com\/cs\/product\/koupit-ruzove-flugels-250mg-extaze-pilulky\/#primaryimage","url":"https:\/\/medicinasinc.com\/cs\/wp-content\/uploads\/sites\/2\/2022\/02\/buy-pink-flugels-250mg-ecstasy-pills-online.jpg","contentUrl":"https:\/\/medicinasinc.com\/cs\/wp-content\/uploads\/sites\/2\/2022\/02\/buy-pink-flugels-250mg-ecstasy-pills-online.jpg","width":600,"height":600},{"@type":"BreadcrumbList","@id":"https:\/\/medicinasinc.com\/cs\/product\/koupit-ruzove-flugels-250mg-extaze-pilulky\/#breadcrumb","itemListElement":[{"@type":"ListItem","position":1,"name":"Obchod","item":"https:\/\/medicinasinc.com\/cs\/obchod\/"},{"@type":"ListItem","position":2,"name":"Kupte si pilulky ext\u00e1ze pink flugels 250 mg"}]},{"@type":"WebSite","@id":"https:\/\/medicinasinc.com\/cs\/#website","url":"https:\/\/medicinasinc.com\/cs\/","name":"Medicinas Inc","description":"Health Medical Clinic","potentialAction":[{"@type":"SearchAction","target":{"@type":"EntryPoint","urlTemplate":"https:\/\/medicinasinc.com\/cs\/?s={search_term_string}"},"query-input":{"@type":"PropertyValueSpecification","valueRequired":true,"valueName":"search_term_string"}}],"inLanguage":"en-US"}]}},"_links":{"self":[{"href":"https:\/\/medicinasinc.com\/cs\/wp-json\/wp\/v2\/product\/4553","targetHints":{"allow":["GET"]}}],"collection":[{"href":"https:\/\/medicinasinc.com\/cs\/wp-json\/wp\/v2\/product"}],"about":[{"href":"https:\/\/medicinasinc.com\/cs\/wp-json\/wp\/v2\/types\/product"}],"replies":[{"embeddable":true,"href":"https:\/\/medicinasinc.com\/cs\/wp-json\/wp\/v2\/comments?post=4553"}],"wp:featuredmedia":[{"embeddable":true,"href":"https:\/\/medicinasinc.com\/cs\/wp-json\/wp\/v2\/media\/4571"}],"wp:attachment":[{"href":"https:\/\/medicinasinc.com\/cs\/wp-json\/wp\/v2\/media?parent=4553"}],"wp:term":[{"taxonomy":"product_brand","embeddable":true,"href":"https:\/\/medicinasinc.com\/cs\/wp-json\/wp\/v2\/product_brand?post=4553"},{"taxonomy":"product_cat","embeddable":true,"href":"https:\/\/medicinasinc.com\/cs\/wp-json\/wp\/v2\/product_cat?post=4553"},{"taxonomy":"product_tag","embeddable":true,"href":"https:\/\/medicinasinc.com\/cs\/wp-json\/wp\/v2\/product_tag?post=4553"}],"curies":[{"name":"wp","href":"https:\/\/api.w.org\/{rel}","templated":true}]}}