{"id":4535,"date":"2022-02-20T10:31:14","date_gmt":"2022-02-20T10:31:14","guid":{"rendered":"https:\/\/medicinasinc.com\/cs\/?post_type=product&#038;p=4535"},"modified":"2022-03-14T13:01:43","modified_gmt":"2022-03-14T13:01:43","slug":"koupit-sede-bugatti-mdma-pilulky","status":"publish","type":"product","link":"https:\/\/medicinasinc.com\/cs\/product\/koupit-sede-bugatti-mdma-pilulky\/","title":{"rendered":"Kupte si pilulky Grey Bugatti MDMA"},"content":{"rendered":"<p>ONLINE KOUPIT \u0160ED\u00c9 BUGATTI MDMA PILLS<\/p>\n<p>MDMA (Methamphetamine-Methylendioxymethamphetamine) je syntetick\u00fd stimulant, kter\u00fd m\u011bn\u00ed vn\u00edm\u00e1n\u00ed a n\u00e1ladu (uv\u011bdom\u011bn\u00ed si okoln\u00edch podm\u00ednek a p\u0159edm\u011bt\u016f). Chemicky je podobn\u00fd halucinogen\u016fm a stimulant\u016fm, vyvol\u00e1v\u00e1 pocity zv\u00fd\u0161en\u00e9ho pot\u011b\u0161en\u00ed, energie, emocion\u00e1ln\u00edho tepla, vn\u00edm\u00e1n\u00ed \u010dasu a zkreslen\u00e9 smyslov\u00e9 vn\u00edm\u00e1n\u00ed. Kupte si \u010distou mdma online.<\/p>\n<p>MDMA byla zpo\u010d\u00e1tku popul\u00e1rn\u00ed na celono\u010dn\u00edch tane\u010dn\u00edch ve\u010d\u00edrc\u00edch a na sc\u00e9n\u011b no\u010dn\u00edch klub\u016f, ale tato droga nyn\u00ed postihuje r\u016fznorodou skupinu lid\u00ed, kte\u0159\u00ed ji naz\u00fdvaj\u00ed Molly nebo Ext\u00e1ze. Online n\u00e1kup pilulek MDMA Grey Bugatti<\/p>\n<p>Ext\u00e1ze je stimula\u010dn\u00ed droga, kter\u00e1 m\u00e1 potenci\u00e1l zp\u016fsobit halucinace. Jednotlivci jsou ozna\u010dov\u00e1ni jako designov\u00e1 droga, proto\u017ee zp\u016fsobuj\u00ed, \u017ee se \u010dlov\u011bk c\u00edt\u00ed uvoln\u011bn\u00fd, nabit\u00fd energi\u00ed a povznesen\u00fd. Droga je obzvl\u00e1\u0161t\u011b popul\u00e1rn\u00ed mezi mlad\u00fdmi dosp\u011bl\u00fdmi a teenagery, kte\u0159\u00ed nav\u0161t\u011bvuj\u00ed koncerty, kluby a \u201erave\u201c party. Koupit mdma online<\/p>\n<p>Ext\u00e1ze je \u010dasto ozna\u010dov\u00e1na jako \u201epilulka l\u00e1sky\u201c, proto\u017ee zlep\u0161uje vn\u00edm\u00e1n\u00ed zvuku a barev a \u00fadajn\u011b zesiluje pocity, kdy\u017e se jeden s druh\u00fdm mazl\u00ed nebo se ho dot\u00fdk\u00e1, zejm\u00e9na p\u0159i sexu. M\u016f\u017eete si tak\u00e9 zakoupit Viagru pro zlep\u0161en\u00ed sexu\u00e1ln\u00ed v\u00fdkonnosti.<\/p>\n<p>U\u017eivatel\u00e9 v\u011b\u0159\u00ed, \u017ee d\u00edky t\u00e9to drog\u011b se budou c\u00edtit uvoln\u011bn\u011b a dob\u0159e a udr\u017e\u00ed je v chodu cel\u00e9 dny bez odpo\u010dinku. Jedinci, kte\u0159\u00ed u\u017e\u00edvaj\u00ed ext\u00e1zi, si neuv\u011bdomuj\u00ed nebezpe\u010d\u00ed spojen\u00e1 s t\u00edmto l\u00e9kem. Kde si mohu koupit \u010distou mdma online?<\/p>\n<p>Ext\u00e1ze se stala jednou z nejroz\u0161\u00ed\u0159en\u011bj\u0161\u00edch pouli\u010dn\u00edch drog. Ext\u00e1ze poslala \u0159adu z n\u00e1s v posledn\u00edch n\u011bkolika letech na pohotovost kv\u016fli sv\u00fdm nebezpe\u010dn\u00fdm vedlej\u0161\u00edm \u00fa\u010dink\u016fm. Objednat MDMA v Evropsk\u00e9 unii, mohu koupit MDMA online, velkoobchodn\u011b MDMA online, \u010dist\u00e9 MDMA na prodej online, skute\u010dn\u00e9 MDMA na prodej online ve Spojen\u00fdch st\u00e1tech americk\u00fdch<\/p>\n","protected":false},"excerpt":{"rendered":"<p>Nakupte \u0161ed\u00e9 pr\u00e1\u0161ky Bugatti MDMA na prodej online za nejlep\u0161\u00ed cenu. Zaru\u010dujeme bezpe\u010dnou a bezpe\u010dnou p\u0159epravu po cel\u00e9m sv\u011bt\u011b. Objednejte si MDMA v EU, mohu si koupit MDMA online, velkoobchodn\u011b MDMA online<\/p>\n<p><em>Kupte si pilulky MDMA Grey Bugatti<\/em>\u00a0Online za nejlep\u0161\u00ed cenu. Zaru\u010dujeme bezpe\u010dnou a bezpe\u010dnou p\u0159epravu po cel\u00e9m sv\u011bt\u011b. WhatsApp n\u00e1m nyn\u00ed<\/p>\n","protected":false},"featured_media":4558,"comment_status":"open","ping_status":"closed","template":"","meta":[],"product_brand":[],"product_cat":[498],"product_tag":[500,504,505,507,542,510,546,547,544,545,501,503,506,499,502,512,513,514,515,516,518,519,520,521,522,523,524,517,527,528,529,530,533,535,508,536,511,540,539,531,537,525,538,526,532,534,541,543,509],"class_list":{"0":"post-4535","1":"product","2":"type-product","3":"status-publish","4":"has-post-thumbnail","6":"product_cat-koupit-pilulky-extaze","7":"product_tag-buy-mdma","8":"product_tag-buy-molly-online","9":"product_tag-buy-mollymdma-online","10":"product_tag-buy-research-chemicals-online","11":"product_tag-ist-mdma-na-prodej-online","12":"product_tag-jak-objednat-mdma","13":"product_tag-kde-koupit-ist-mdma-online","14":"product_tag-kde-koupit-ist-molly-online","15":"product_tag-kde-k-koupit-mdma-pilulky","16":"product_tag-kde-k-koupit-mdma-pilulky-online","17":"product_tag-koupit-mdma-online","18":"product_tag-koupit-mdma-pilulky-online","19":"product_tag-buy-pure-mdma-online","20":"product_tag-koupit-ed-bugatti-mdma-pilulky-online","21":"product_tag-koupit-mdma-pilulky","22":"product_tag-mdma","23":"product_tag-mdma-100-mg","24":"product_tag-mdma-1g","25":"product_tag-mdma-3-4-methylendioxy-n-methylamfetamin","26":"product_tag-mdma-3g","27":"product_tag-mdma-for-sale-online","28":"product_tag-mdma-for-sale-online-usa","29":"product_tag-mdma-for-sale-order-online","30":"product_tag-mdma-molly","31":"product_tag-mdma-molly-crystals","32":"product_tag-mdma-molly-na-prodej","33":"product_tag-mdma-molly-prek","34":"product_tag-mdma-na-prodej","35":"product_tag-mdma-online-sales","36":"product_tag-mdma-online-sales-vendors","37":"product_tag-mdma-online-shop","38":"product_tag-mdma-order-online","39":"product_tag-mdma-pilulky-na-prodej-online","40":"product_tag-mdma-sales","41":"product_tag-can-i-order-mdma-online","42":"product_tag-molly-mdma-prek","43":"product_tag-nelegln-drogy-na-prodej-online-mdma","44":"product_tag-order-pure-mdma-online","45":"product_tag-objednvka-mdma-online","46":"product_tag-mdma-obrzky","47":"product_tag-online","48":"product_tag-mdma-online-objednvka","49":"product_tag-online-mdma-prodej","50":"product_tag-mdma-online-prodej","51":"product_tag-pilulka-mdma","52":"product_tag-mdma-prodej","53":"product_tag-pure-mdma","54":"product_tag-real-mdma-for-sale-online","55":"product_tag-get-mdma-online","57":"first","58":"instock","59":"shipping-taxable","60":"purchasable","61":"product-type-variable","62":"has-default-attributes"},"yoast_head":"<!-- This site is optimized with the Yoast SEO plugin v27.3 - https:\/\/yoast.com\/product\/yoast-seo-wordpress\/ -->\n<title>Koupit Gray Bugatti MDMA pilulky - Nejlep\u0161\u00ed nejlep\u0161\u00ed glob\u00e1ln\u00ed l\u00e9ky<\/title>\n<meta name=\"description\" content=\"Kupte si Gray Bugatti MDMA Pills na prodej online za nejlep\u0161\u00ed cenu. Zaru\u010dujeme bezpe\u010dnou a bezpe\u010dnou p\u0159epravu po cel\u00e9m sv\u011bt\u011b. Objednejte si MDMA v EU, mohu koupit MDMA online, velkoobchodn\u011b MDMA online\" \/>\n<meta name=\"robots\" content=\"index, follow, max-snippet:-1, max-image-preview:large, max-video-preview:-1\" \/>\n<link rel=\"canonical\" href=\"https:\/\/medicinasinc.com\/cs\/product\/koupit-sede-bugatti-mdma-pilulky\/\" \/>\n<meta property=\"og:locale\" content=\"en_US\" \/>\n<meta property=\"og:type\" content=\"article\" \/>\n<meta property=\"og:title\" content=\"Koupit Gray Bugatti MDMA pilulky - Nejlep\u0161\u00ed nejlep\u0161\u00ed glob\u00e1ln\u00ed l\u00e9ky\" \/>\n<meta property=\"og:description\" content=\"Kupte si Gray Bugatti MDMA Pills na prodej online za nejlep\u0161\u00ed cenu. Zaru\u010dujeme bezpe\u010dnou a bezpe\u010dnou p\u0159epravu po cel\u00e9m sv\u011bt\u011b. Objednejte si MDMA v EU, mohu koupit MDMA online, velkoobchodn\u011b MDMA online\" \/>\n<meta property=\"og:url\" content=\"https:\/\/medicinasinc.com\/cs\/product\/koupit-sede-bugatti-mdma-pilulky\/\" \/>\n<meta property=\"og:site_name\" content=\"Medicinas Inc\" \/>\n<meta property=\"article:modified_time\" content=\"2022-03-14T13:01:43+00:00\" \/>\n<meta property=\"og:image\" content=\"https:\/\/medicinasinc.com\/cs\/wp-content\/uploads\/sites\/2\/2022\/02\/buy-gray-bugatti-mdma-pills-online.jpg\" \/>\n\t<meta property=\"og:image:width\" content=\"600\" \/>\n\t<meta property=\"og:image:height\" content=\"600\" \/>\n\t<meta property=\"og:image:type\" content=\"image\/jpeg\" \/>\n<meta name=\"twitter:card\" content=\"summary_large_image\" \/>\n<meta name=\"twitter:label1\" content=\"Est. reading time\" \/>\n\t<meta name=\"twitter:data1\" content=\"2 minutes\" \/>\n<script type=\"application\/ld+json\" class=\"yoast-schema-graph\">{\"@context\":\"https:\\\/\\\/schema.org\",\"@graph\":[{\"@type\":\"WebPage\",\"@id\":\"https:\\\/\\\/medicinasinc.com\\\/cs\\\/product\\\/koupit-sede-bugatti-mdma-pilulky\\\/\",\"url\":\"https:\\\/\\\/medicinasinc.com\\\/cs\\\/product\\\/koupit-sede-bugatti-mdma-pilulky\\\/\",\"name\":\"Koupit Gray Bugatti MDMA pilulky - Nejlep\u0161\u00ed nejlep\u0161\u00ed glob\u00e1ln\u00ed l\u00e9ky\",\"isPartOf\":{\"@id\":\"https:\\\/\\\/medicinasinc.com\\\/cs\\\/#website\"},\"primaryImageOfPage\":{\"@id\":\"https:\\\/\\\/medicinasinc.com\\\/cs\\\/product\\\/koupit-sede-bugatti-mdma-pilulky\\\/#primaryimage\"},\"image\":{\"@id\":\"https:\\\/\\\/medicinasinc.com\\\/cs\\\/product\\\/koupit-sede-bugatti-mdma-pilulky\\\/#primaryimage\"},\"thumbnailUrl\":\"https:\\\/\\\/medicinasinc.com\\\/cs\\\/wp-content\\\/uploads\\\/sites\\\/2\\\/2022\\\/02\\\/buy-gray-bugatti-mdma-pills-online.jpg\",\"datePublished\":\"2022-02-20T10:31:14+00:00\",\"dateModified\":\"2022-03-14T13:01:43+00:00\",\"description\":\"Kupte si Gray Bugatti MDMA Pills na prodej online za nejlep\u0161\u00ed cenu. Zaru\u010dujeme bezpe\u010dnou a bezpe\u010dnou p\u0159epravu po cel\u00e9m sv\u011bt\u011b. Objednejte si MDMA v EU, mohu koupit MDMA online, velkoobchodn\u011b MDMA online\",\"breadcrumb\":{\"@id\":\"https:\\\/\\\/medicinasinc.com\\\/cs\\\/product\\\/koupit-sede-bugatti-mdma-pilulky\\\/#breadcrumb\"},\"inLanguage\":\"en-US\",\"potentialAction\":[{\"@type\":\"ReadAction\",\"target\":[\"https:\\\/\\\/medicinasinc.com\\\/cs\\\/product\\\/koupit-sede-bugatti-mdma-pilulky\\\/\"]}]},{\"@type\":\"ImageObject\",\"inLanguage\":\"en-US\",\"@id\":\"https:\\\/\\\/medicinasinc.com\\\/cs\\\/product\\\/koupit-sede-bugatti-mdma-pilulky\\\/#primaryimage\",\"url\":\"https:\\\/\\\/medicinasinc.com\\\/cs\\\/wp-content\\\/uploads\\\/sites\\\/2\\\/2022\\\/02\\\/buy-gray-bugatti-mdma-pills-online.jpg\",\"contentUrl\":\"https:\\\/\\\/medicinasinc.com\\\/cs\\\/wp-content\\\/uploads\\\/sites\\\/2\\\/2022\\\/02\\\/buy-gray-bugatti-mdma-pills-online.jpg\",\"width\":600,\"height\":600},{\"@type\":\"BreadcrumbList\",\"@id\":\"https:\\\/\\\/medicinasinc.com\\\/cs\\\/product\\\/koupit-sede-bugatti-mdma-pilulky\\\/#breadcrumb\",\"itemListElement\":[{\"@type\":\"ListItem\",\"position\":1,\"name\":\"Obchod\",\"item\":\"https:\\\/\\\/medicinasinc.com\\\/cs\\\/obchod\\\/\"},{\"@type\":\"ListItem\",\"position\":2,\"name\":\"Kupte si pilulky Grey Bugatti MDMA\"}]},{\"@type\":\"WebSite\",\"@id\":\"https:\\\/\\\/medicinasinc.com\\\/cs\\\/#website\",\"url\":\"https:\\\/\\\/medicinasinc.com\\\/cs\\\/\",\"name\":\"Medicinas Inc\",\"description\":\"Health Medical Clinic\",\"potentialAction\":[{\"@type\":\"SearchAction\",\"target\":{\"@type\":\"EntryPoint\",\"urlTemplate\":\"https:\\\/\\\/medicinasinc.com\\\/cs\\\/?s={search_term_string}\"},\"query-input\":{\"@type\":\"PropertyValueSpecification\",\"valueRequired\":true,\"valueName\":\"search_term_string\"}}],\"inLanguage\":\"en-US\"}]}<\/script>\n<!-- \/ Yoast SEO plugin. -->","yoast_head_json":{"title":"Koupit Gray Bugatti MDMA pilulky - Nejlep\u0161\u00ed nejlep\u0161\u00ed glob\u00e1ln\u00ed l\u00e9ky","description":"Kupte si Gray Bugatti MDMA Pills na prodej online za nejlep\u0161\u00ed cenu. Zaru\u010dujeme bezpe\u010dnou a bezpe\u010dnou p\u0159epravu po cel\u00e9m sv\u011bt\u011b. Objednejte si MDMA v EU, mohu koupit MDMA online, velkoobchodn\u011b MDMA online","robots":{"index":"index","follow":"follow","max-snippet":"max-snippet:-1","max-image-preview":"max-image-preview:large","max-video-preview":"max-video-preview:-1"},"canonical":"https:\/\/medicinasinc.com\/cs\/product\/koupit-sede-bugatti-mdma-pilulky\/","og_locale":"en_US","og_type":"article","og_title":"Koupit Gray Bugatti MDMA pilulky - Nejlep\u0161\u00ed nejlep\u0161\u00ed glob\u00e1ln\u00ed l\u00e9ky","og_description":"Kupte si Gray Bugatti MDMA Pills na prodej online za nejlep\u0161\u00ed cenu. Zaru\u010dujeme bezpe\u010dnou a bezpe\u010dnou p\u0159epravu po cel\u00e9m sv\u011bt\u011b. Objednejte si MDMA v EU, mohu koupit MDMA online, velkoobchodn\u011b MDMA online","og_url":"https:\/\/medicinasinc.com\/cs\/product\/koupit-sede-bugatti-mdma-pilulky\/","og_site_name":"Medicinas Inc","article_modified_time":"2022-03-14T13:01:43+00:00","og_image":[{"width":600,"height":600,"url":"https:\/\/medicinasinc.com\/cs\/wp-content\/uploads\/sites\/2\/2022\/02\/buy-gray-bugatti-mdma-pills-online.jpg","type":"image\/jpeg"}],"twitter_card":"summary_large_image","twitter_misc":{"Est. reading time":"2 minutes"},"schema":{"@context":"https:\/\/schema.org","@graph":[{"@type":"WebPage","@id":"https:\/\/medicinasinc.com\/cs\/product\/koupit-sede-bugatti-mdma-pilulky\/","url":"https:\/\/medicinasinc.com\/cs\/product\/koupit-sede-bugatti-mdma-pilulky\/","name":"Koupit Gray Bugatti MDMA pilulky - Nejlep\u0161\u00ed nejlep\u0161\u00ed glob\u00e1ln\u00ed l\u00e9ky","isPartOf":{"@id":"https:\/\/medicinasinc.com\/cs\/#website"},"primaryImageOfPage":{"@id":"https:\/\/medicinasinc.com\/cs\/product\/koupit-sede-bugatti-mdma-pilulky\/#primaryimage"},"image":{"@id":"https:\/\/medicinasinc.com\/cs\/product\/koupit-sede-bugatti-mdma-pilulky\/#primaryimage"},"thumbnailUrl":"https:\/\/medicinasinc.com\/cs\/wp-content\/uploads\/sites\/2\/2022\/02\/buy-gray-bugatti-mdma-pills-online.jpg","datePublished":"2022-02-20T10:31:14+00:00","dateModified":"2022-03-14T13:01:43+00:00","description":"Kupte si Gray Bugatti MDMA Pills na prodej online za nejlep\u0161\u00ed cenu. Zaru\u010dujeme bezpe\u010dnou a bezpe\u010dnou p\u0159epravu po cel\u00e9m sv\u011bt\u011b. Objednejte si MDMA v EU, mohu koupit MDMA online, velkoobchodn\u011b MDMA online","breadcrumb":{"@id":"https:\/\/medicinasinc.com\/cs\/product\/koupit-sede-bugatti-mdma-pilulky\/#breadcrumb"},"inLanguage":"en-US","potentialAction":[{"@type":"ReadAction","target":["https:\/\/medicinasinc.com\/cs\/product\/koupit-sede-bugatti-mdma-pilulky\/"]}]},{"@type":"ImageObject","inLanguage":"en-US","@id":"https:\/\/medicinasinc.com\/cs\/product\/koupit-sede-bugatti-mdma-pilulky\/#primaryimage","url":"https:\/\/medicinasinc.com\/cs\/wp-content\/uploads\/sites\/2\/2022\/02\/buy-gray-bugatti-mdma-pills-online.jpg","contentUrl":"https:\/\/medicinasinc.com\/cs\/wp-content\/uploads\/sites\/2\/2022\/02\/buy-gray-bugatti-mdma-pills-online.jpg","width":600,"height":600},{"@type":"BreadcrumbList","@id":"https:\/\/medicinasinc.com\/cs\/product\/koupit-sede-bugatti-mdma-pilulky\/#breadcrumb","itemListElement":[{"@type":"ListItem","position":1,"name":"Obchod","item":"https:\/\/medicinasinc.com\/cs\/obchod\/"},{"@type":"ListItem","position":2,"name":"Kupte si pilulky Grey Bugatti MDMA"}]},{"@type":"WebSite","@id":"https:\/\/medicinasinc.com\/cs\/#website","url":"https:\/\/medicinasinc.com\/cs\/","name":"Medicinas Inc","description":"Health Medical Clinic","potentialAction":[{"@type":"SearchAction","target":{"@type":"EntryPoint","urlTemplate":"https:\/\/medicinasinc.com\/cs\/?s={search_term_string}"},"query-input":{"@type":"PropertyValueSpecification","valueRequired":true,"valueName":"search_term_string"}}],"inLanguage":"en-US"}]}},"_links":{"self":[{"href":"https:\/\/medicinasinc.com\/cs\/wp-json\/wp\/v2\/product\/4535","targetHints":{"allow":["GET"]}}],"collection":[{"href":"https:\/\/medicinasinc.com\/cs\/wp-json\/wp\/v2\/product"}],"about":[{"href":"https:\/\/medicinasinc.com\/cs\/wp-json\/wp\/v2\/types\/product"}],"replies":[{"embeddable":true,"href":"https:\/\/medicinasinc.com\/cs\/wp-json\/wp\/v2\/comments?post=4535"}],"wp:featuredmedia":[{"embeddable":true,"href":"https:\/\/medicinasinc.com\/cs\/wp-json\/wp\/v2\/media\/4558"}],"wp:attachment":[{"href":"https:\/\/medicinasinc.com\/cs\/wp-json\/wp\/v2\/media?parent=4535"}],"wp:term":[{"taxonomy":"product_brand","embeddable":true,"href":"https:\/\/medicinasinc.com\/cs\/wp-json\/wp\/v2\/product_brand?post=4535"},{"taxonomy":"product_cat","embeddable":true,"href":"https:\/\/medicinasinc.com\/cs\/wp-json\/wp\/v2\/product_cat?post=4535"},{"taxonomy":"product_tag","embeddable":true,"href":"https:\/\/medicinasinc.com\/cs\/wp-json\/wp\/v2\/product_tag?post=4535"}],"curies":[{"name":"wp","href":"https:\/\/api.w.org\/{rel}","templated":true}]}}