{"id":4534,"date":"2022-02-20T10:30:39","date_gmt":"2022-02-20T10:30:39","guid":{"rendered":"https:\/\/medicinasinc.com\/cs\/?post_type=product&#038;p=4534"},"modified":"2022-03-14T13:01:52","modified_gmt":"2022-03-14T13:01:52","slug":"koupit-pilulky-zelene-hvezdy-extaze","status":"publish","type":"product","link":"https:\/\/medicinasinc.com\/cs\/product\/koupit-pilulky-zelene-hvezdy-extaze\/","title":{"rendered":"Kupte si pilulky ext\u00e1ze Green Star"},"content":{"rendered":"<p>Ecstasy Green Star 254 mg Koupit online<\/p>\n<p>Pilulky ext\u00e1ze Green Star na prodej online.<\/p>\n<p>Ext\u00e1ze byla vytvo\u0159ena v roce 1912 jako v\u00fdsledek drogov\u00e9ho vztahu spole\u010dnosti Merck. To bylo nazv\u00e1no \u201eMDMA\u201c kv\u016fli sv\u00e9 nov\u00e9 struktu\u0159e. Poprv\u00e9 byl pou\u017eit ozbrojen\u00fdmi silami USA v roce 1953 k ment\u00e1ln\u00edm bojov\u00fdm test\u016fm a v 60. letech byl kr\u00e1tce obnoven jako psychoterapeutick\u00fd p\u0159edpis pro \u201esn\u00ed\u017een\u00ed z\u00e1bran\u201c. 1 MDMA se a\u017e do 70. let 20. stolet\u00ed nepou\u017e\u00edvalo jako l\u00e9k na soci\u00e1ln\u00ed z\u00e1le\u017eitosti.<\/p>\n<p>V polovin\u011b 80. let bylo MDMA propagov\u00e1no jako \u201enejbublav\u011bj\u0161\u00ed v\u011bc v metod\u011b s c\u00edlem pobavit prost\u0159ednictv\u00edm v\u011bdy\u201c a jako &#8220;v l\u00e9c\u00edch&#8221; pro dlouhotrvaj\u00edc\u00ed ve\u010d\u00edrky. MDMA se v roce 1984 st\u00e1le prod\u00e1valo pod zna\u010dkou \u201eDelight\u201c, ale v roce 1985 bylo u\u017e\u00edv\u00e1n\u00ed l\u00e9k\u016f omezeno z bezpe\u010dnostn\u00edch d\u016fvod\u016f.<br \/> Ecstacy, zelen\u00e1 hv\u011bzda, m\u016f\u017ee b\u00fdt zvl\u00e1\u0161t\u011b prosp\u011b\u0161n\u00e1 pro ty, kte\u0159\u00ed se zab\u00fdvaj\u00ed post-hroziv\u00fdmi probl\u00e9my s nal\u00e9hav\u00fdm faktorem (PTSD). Mnoho pacient\u016f nen\u00ed schopno diskutovat o stresuj\u00edc\u00edch ud\u00e1lostech, kter\u00e9 urychlily jejich probl\u00e9my. Podle t\u00e9to teorie m\u016f\u017ee radost jednotlivc\u016fm pomoci \u010delit t\u011bmto zran\u011bn\u00edm.<\/p>\n<p>Doblin, 50 let, nen\u00ed odborn\u00edkem na danou problematiku ani vy\u0161et\u0159ovatelem, ale m\u00e1 \u0161irok\u00fd vztah k medic\u00edn\u011b, proto\u017ee ji \u010dasto pou\u017e\u00edv\u00e1. . &#8220;Ud\u011blalo to v m\u00e9m \u017eivot\u011b v\u00fdznamn\u00fd rozd\u00edl,&#8221; vysv\u011btlil. V pr\u016fb\u011bhu let p\u0159iznal, \u017ee \u0161\u00ed\u0159il poselstv\u00ed, \u017ee Rapture a r\u016fzn\u00e9 halucinogenn\u00ed l\u00e9ky maj\u00ed z\u00e1sadn\u00ed zdravotn\u00ed d\u016fsledky.<br \/> Pokud skute\u010dn\u011b hled\u00e1te firmu, kter\u00e1 dok\u00e1\u017ee dod\u00e1vat produkty nejvy\u0161\u0161\u00ed kvality, jste na spr\u00e1vn\u00e9m m\u00edst\u011b. m\u00edsto. V na\u0161\u00ed nadaci si m\u016f\u017eete vybrat ty nejlep\u0161\u00ed polo\u017eky, kter\u00e9 v\u00e1m pomohou vybudovat va\u0161i d\u016fv\u011bru a nav\u00e1zat s n\u00e1mi legitimn\u00ed vztah d\u00edky vysok\u00e9 kvalit\u011b na\u0161ich produkt\u016f. Ode\u0161lete svou \u017e\u00e1dost nyn\u00ed a ext\u00e1ze Green star bude doru\u010dena a\u017e k va\u0161im dve\u0159\u00edm do p\u011bti pracovn\u00edch dn\u016f.<\/p>\n","protected":false},"excerpt":{"rendered":"<p>Koupit pilulky ext\u00e1ze Green Star na prodej Velk\u00e1 Brit\u00e1nie, Evropa Online. Kupte si pilulky ext\u00e1ze Green Star online od nejd\u016fv\u011bryhodn\u011bj\u0161\u00edho dodavatele mdma, garantujeme diskr\u00e9tn\u00ed a bezpe\u010dn\u00e9 doru\u010den\u00ed<\/p>\n","protected":false},"featured_media":4557,"comment_status":"open","ping_status":"closed","template":"","meta":[],"product_brand":[],"product_cat":[498],"product_tag":[],"class_list":{"0":"post-4534","1":"product","2":"type-product","3":"status-publish","4":"has-post-thumbnail","6":"product_cat-koupit-pilulky-extaze","8":"first","9":"instock","10":"shipping-taxable","11":"purchasable","12":"product-type-variable","13":"has-default-attributes"},"yoast_head":"<!-- This site is optimized with the Yoast SEO plugin v27.3 - https:\/\/yoast.com\/product\/yoast-seo-wordpress\/ -->\n<title>Kupte si pilulky ext\u00e1ze Green Star \u2013 nejlep\u0161\u00ed nejlep\u0161\u00ed glob\u00e1ln\u00ed l\u00e9ky<\/title>\n<meta name=\"description\" content=\"Koupit pilulky ext\u00e1ze Green Star na prodej Velk\u00e1 Brit\u00e1nie, Evropa Online. Kupte si pilulky ext\u00e1ze Green Star online od nejd\u016fv\u011bryhodn\u011bj\u0161\u00edho dodavatele mdma, garantujeme diskr\u00e9tn\u00ed a bezpe\u010dn\u00e9 doru\u010den\u00ed\" \/>\n<meta name=\"robots\" content=\"index, follow, max-snippet:-1, max-image-preview:large, max-video-preview:-1\" \/>\n<link rel=\"canonical\" href=\"https:\/\/medicinasinc.com\/cs\/product\/koupit-pilulky-zelene-hvezdy-extaze\/\" \/>\n<meta property=\"og:locale\" content=\"en_US\" \/>\n<meta property=\"og:type\" content=\"article\" \/>\n<meta property=\"og:title\" content=\"Kupte si pilulky ext\u00e1ze Green Star \u2013 nejlep\u0161\u00ed nejlep\u0161\u00ed glob\u00e1ln\u00ed l\u00e9ky\" \/>\n<meta property=\"og:description\" content=\"Koupit pilulky ext\u00e1ze Green Star na prodej Velk\u00e1 Brit\u00e1nie, Evropa Online. Kupte si pilulky ext\u00e1ze Green Star online od nejd\u016fv\u011bryhodn\u011bj\u0161\u00edho dodavatele mdma, garantujeme diskr\u00e9tn\u00ed a bezpe\u010dn\u00e9 doru\u010den\u00ed\" \/>\n<meta property=\"og:url\" content=\"https:\/\/medicinasinc.com\/cs\/product\/koupit-pilulky-zelene-hvezdy-extaze\/\" \/>\n<meta property=\"og:site_name\" content=\"Medicinas Inc\" \/>\n<meta property=\"article:modified_time\" content=\"2022-03-14T13:01:52+00:00\" \/>\n<meta property=\"og:image\" content=\"https:\/\/medicinasinc.com\/cs\/wp-content\/uploads\/sites\/2\/2022\/02\/buy-green-star-ecstasy-pills-online.jpg\" \/>\n\t<meta property=\"og:image:width\" content=\"600\" \/>\n\t<meta property=\"og:image:height\" content=\"600\" \/>\n\t<meta property=\"og:image:type\" content=\"image\/jpeg\" \/>\n<meta name=\"twitter:card\" content=\"summary_large_image\" \/>\n<meta name=\"twitter:label1\" content=\"Est. reading time\" \/>\n\t<meta name=\"twitter:data1\" content=\"2 minutes\" \/>\n<script type=\"application\/ld+json\" class=\"yoast-schema-graph\">{\"@context\":\"https:\\\/\\\/schema.org\",\"@graph\":[{\"@type\":\"WebPage\",\"@id\":\"https:\\\/\\\/medicinasinc.com\\\/cs\\\/product\\\/koupit-pilulky-zelene-hvezdy-extaze\\\/\",\"url\":\"https:\\\/\\\/medicinasinc.com\\\/cs\\\/product\\\/koupit-pilulky-zelene-hvezdy-extaze\\\/\",\"name\":\"Kupte si pilulky ext\u00e1ze Green Star \u2013 nejlep\u0161\u00ed nejlep\u0161\u00ed glob\u00e1ln\u00ed l\u00e9ky\",\"isPartOf\":{\"@id\":\"https:\\\/\\\/medicinasinc.com\\\/cs\\\/#website\"},\"primaryImageOfPage\":{\"@id\":\"https:\\\/\\\/medicinasinc.com\\\/cs\\\/product\\\/koupit-pilulky-zelene-hvezdy-extaze\\\/#primaryimage\"},\"image\":{\"@id\":\"https:\\\/\\\/medicinasinc.com\\\/cs\\\/product\\\/koupit-pilulky-zelene-hvezdy-extaze\\\/#primaryimage\"},\"thumbnailUrl\":\"https:\\\/\\\/medicinasinc.com\\\/cs\\\/wp-content\\\/uploads\\\/sites\\\/2\\\/2022\\\/02\\\/buy-green-star-ecstasy-pills-online.jpg\",\"datePublished\":\"2022-02-20T10:30:39+00:00\",\"dateModified\":\"2022-03-14T13:01:52+00:00\",\"description\":\"Koupit pilulky ext\u00e1ze Green Star na prodej Velk\u00e1 Brit\u00e1nie, Evropa Online. Kupte si pilulky ext\u00e1ze Green Star online od nejd\u016fv\u011bryhodn\u011bj\u0161\u00edho dodavatele mdma, garantujeme diskr\u00e9tn\u00ed a bezpe\u010dn\u00e9 doru\u010den\u00ed\",\"breadcrumb\":{\"@id\":\"https:\\\/\\\/medicinasinc.com\\\/cs\\\/product\\\/koupit-pilulky-zelene-hvezdy-extaze\\\/#breadcrumb\"},\"inLanguage\":\"en-US\",\"potentialAction\":[{\"@type\":\"ReadAction\",\"target\":[\"https:\\\/\\\/medicinasinc.com\\\/cs\\\/product\\\/koupit-pilulky-zelene-hvezdy-extaze\\\/\"]}]},{\"@type\":\"ImageObject\",\"inLanguage\":\"en-US\",\"@id\":\"https:\\\/\\\/medicinasinc.com\\\/cs\\\/product\\\/koupit-pilulky-zelene-hvezdy-extaze\\\/#primaryimage\",\"url\":\"https:\\\/\\\/medicinasinc.com\\\/cs\\\/wp-content\\\/uploads\\\/sites\\\/2\\\/2022\\\/02\\\/buy-green-star-ecstasy-pills-online.jpg\",\"contentUrl\":\"https:\\\/\\\/medicinasinc.com\\\/cs\\\/wp-content\\\/uploads\\\/sites\\\/2\\\/2022\\\/02\\\/buy-green-star-ecstasy-pills-online.jpg\",\"width\":600,\"height\":600},{\"@type\":\"BreadcrumbList\",\"@id\":\"https:\\\/\\\/medicinasinc.com\\\/cs\\\/product\\\/koupit-pilulky-zelene-hvezdy-extaze\\\/#breadcrumb\",\"itemListElement\":[{\"@type\":\"ListItem\",\"position\":1,\"name\":\"Obchod\",\"item\":\"https:\\\/\\\/medicinasinc.com\\\/cs\\\/obchod\\\/\"},{\"@type\":\"ListItem\",\"position\":2,\"name\":\"Kupte si pilulky ext\u00e1ze Green Star\"}]},{\"@type\":\"WebSite\",\"@id\":\"https:\\\/\\\/medicinasinc.com\\\/cs\\\/#website\",\"url\":\"https:\\\/\\\/medicinasinc.com\\\/cs\\\/\",\"name\":\"Medicinas Inc\",\"description\":\"Health Medical Clinic\",\"potentialAction\":[{\"@type\":\"SearchAction\",\"target\":{\"@type\":\"EntryPoint\",\"urlTemplate\":\"https:\\\/\\\/medicinasinc.com\\\/cs\\\/?s={search_term_string}\"},\"query-input\":{\"@type\":\"PropertyValueSpecification\",\"valueRequired\":true,\"valueName\":\"search_term_string\"}}],\"inLanguage\":\"en-US\"}]}<\/script>\n<!-- \/ Yoast SEO plugin. -->","yoast_head_json":{"title":"Kupte si pilulky ext\u00e1ze Green Star \u2013 nejlep\u0161\u00ed nejlep\u0161\u00ed glob\u00e1ln\u00ed l\u00e9ky","description":"Koupit pilulky ext\u00e1ze Green Star na prodej Velk\u00e1 Brit\u00e1nie, Evropa Online. Kupte si pilulky ext\u00e1ze Green Star online od nejd\u016fv\u011bryhodn\u011bj\u0161\u00edho dodavatele mdma, garantujeme diskr\u00e9tn\u00ed a bezpe\u010dn\u00e9 doru\u010den\u00ed","robots":{"index":"index","follow":"follow","max-snippet":"max-snippet:-1","max-image-preview":"max-image-preview:large","max-video-preview":"max-video-preview:-1"},"canonical":"https:\/\/medicinasinc.com\/cs\/product\/koupit-pilulky-zelene-hvezdy-extaze\/","og_locale":"en_US","og_type":"article","og_title":"Kupte si pilulky ext\u00e1ze Green Star \u2013 nejlep\u0161\u00ed nejlep\u0161\u00ed glob\u00e1ln\u00ed l\u00e9ky","og_description":"Koupit pilulky ext\u00e1ze Green Star na prodej Velk\u00e1 Brit\u00e1nie, Evropa Online. Kupte si pilulky ext\u00e1ze Green Star online od nejd\u016fv\u011bryhodn\u011bj\u0161\u00edho dodavatele mdma, garantujeme diskr\u00e9tn\u00ed a bezpe\u010dn\u00e9 doru\u010den\u00ed","og_url":"https:\/\/medicinasinc.com\/cs\/product\/koupit-pilulky-zelene-hvezdy-extaze\/","og_site_name":"Medicinas Inc","article_modified_time":"2022-03-14T13:01:52+00:00","og_image":[{"width":600,"height":600,"url":"https:\/\/medicinasinc.com\/cs\/wp-content\/uploads\/sites\/2\/2022\/02\/buy-green-star-ecstasy-pills-online.jpg","type":"image\/jpeg"}],"twitter_card":"summary_large_image","twitter_misc":{"Est. reading time":"2 minutes"},"schema":{"@context":"https:\/\/schema.org","@graph":[{"@type":"WebPage","@id":"https:\/\/medicinasinc.com\/cs\/product\/koupit-pilulky-zelene-hvezdy-extaze\/","url":"https:\/\/medicinasinc.com\/cs\/product\/koupit-pilulky-zelene-hvezdy-extaze\/","name":"Kupte si pilulky ext\u00e1ze Green Star \u2013 nejlep\u0161\u00ed nejlep\u0161\u00ed glob\u00e1ln\u00ed l\u00e9ky","isPartOf":{"@id":"https:\/\/medicinasinc.com\/cs\/#website"},"primaryImageOfPage":{"@id":"https:\/\/medicinasinc.com\/cs\/product\/koupit-pilulky-zelene-hvezdy-extaze\/#primaryimage"},"image":{"@id":"https:\/\/medicinasinc.com\/cs\/product\/koupit-pilulky-zelene-hvezdy-extaze\/#primaryimage"},"thumbnailUrl":"https:\/\/medicinasinc.com\/cs\/wp-content\/uploads\/sites\/2\/2022\/02\/buy-green-star-ecstasy-pills-online.jpg","datePublished":"2022-02-20T10:30:39+00:00","dateModified":"2022-03-14T13:01:52+00:00","description":"Koupit pilulky ext\u00e1ze Green Star na prodej Velk\u00e1 Brit\u00e1nie, Evropa Online. Kupte si pilulky ext\u00e1ze Green Star online od nejd\u016fv\u011bryhodn\u011bj\u0161\u00edho dodavatele mdma, garantujeme diskr\u00e9tn\u00ed a bezpe\u010dn\u00e9 doru\u010den\u00ed","breadcrumb":{"@id":"https:\/\/medicinasinc.com\/cs\/product\/koupit-pilulky-zelene-hvezdy-extaze\/#breadcrumb"},"inLanguage":"en-US","potentialAction":[{"@type":"ReadAction","target":["https:\/\/medicinasinc.com\/cs\/product\/koupit-pilulky-zelene-hvezdy-extaze\/"]}]},{"@type":"ImageObject","inLanguage":"en-US","@id":"https:\/\/medicinasinc.com\/cs\/product\/koupit-pilulky-zelene-hvezdy-extaze\/#primaryimage","url":"https:\/\/medicinasinc.com\/cs\/wp-content\/uploads\/sites\/2\/2022\/02\/buy-green-star-ecstasy-pills-online.jpg","contentUrl":"https:\/\/medicinasinc.com\/cs\/wp-content\/uploads\/sites\/2\/2022\/02\/buy-green-star-ecstasy-pills-online.jpg","width":600,"height":600},{"@type":"BreadcrumbList","@id":"https:\/\/medicinasinc.com\/cs\/product\/koupit-pilulky-zelene-hvezdy-extaze\/#breadcrumb","itemListElement":[{"@type":"ListItem","position":1,"name":"Obchod","item":"https:\/\/medicinasinc.com\/cs\/obchod\/"},{"@type":"ListItem","position":2,"name":"Kupte si pilulky ext\u00e1ze Green Star"}]},{"@type":"WebSite","@id":"https:\/\/medicinasinc.com\/cs\/#website","url":"https:\/\/medicinasinc.com\/cs\/","name":"Medicinas Inc","description":"Health Medical Clinic","potentialAction":[{"@type":"SearchAction","target":{"@type":"EntryPoint","urlTemplate":"https:\/\/medicinasinc.com\/cs\/?s={search_term_string}"},"query-input":{"@type":"PropertyValueSpecification","valueRequired":true,"valueName":"search_term_string"}}],"inLanguage":"en-US"}]}},"_links":{"self":[{"href":"https:\/\/medicinasinc.com\/cs\/wp-json\/wp\/v2\/product\/4534","targetHints":{"allow":["GET"]}}],"collection":[{"href":"https:\/\/medicinasinc.com\/cs\/wp-json\/wp\/v2\/product"}],"about":[{"href":"https:\/\/medicinasinc.com\/cs\/wp-json\/wp\/v2\/types\/product"}],"replies":[{"embeddable":true,"href":"https:\/\/medicinasinc.com\/cs\/wp-json\/wp\/v2\/comments?post=4534"}],"wp:featuredmedia":[{"embeddable":true,"href":"https:\/\/medicinasinc.com\/cs\/wp-json\/wp\/v2\/media\/4557"}],"wp:attachment":[{"href":"https:\/\/medicinasinc.com\/cs\/wp-json\/wp\/v2\/media?parent=4534"}],"wp:term":[{"taxonomy":"product_brand","embeddable":true,"href":"https:\/\/medicinasinc.com\/cs\/wp-json\/wp\/v2\/product_brand?post=4534"},{"taxonomy":"product_cat","embeddable":true,"href":"https:\/\/medicinasinc.com\/cs\/wp-json\/wp\/v2\/product_cat?post=4534"},{"taxonomy":"product_tag","embeddable":true,"href":"https:\/\/medicinasinc.com\/cs\/wp-json\/wp\/v2\/product_tag?post=4534"}],"curies":[{"name":"wp","href":"https:\/\/api.w.org\/{rel}","templated":true}]}}