{"id":4460,"date":"2022-02-20T09:31:07","date_gmt":"2022-02-20T09:31:07","guid":{"rendered":"https:\/\/medicinasinc.com\/cs\/?post_type=product&#038;p=4460"},"modified":"2022-03-14T13:05:45","modified_gmt":"2022-03-14T13:05:45","slug":"koupit-promethazin-sirup","status":"publish","type":"product","link":"https:\/\/medicinasinc.com\/cs\/product\/koupit-promethazin-sirup\/","title":{"rendered":"Kupte si promethazinov\u00fd sirup"},"content":{"rendered":"<h1>Kupte si Promethazine DM Sirup Qualitest.<\/h1>\n<p>Kupte si Promethazin DM Sirup Qualitest. M\u00e1me tak\u00e9 krystalick\u00fd pervitin. V\u011bt\u0161ina na\u0161ich v\u00fdzkumn\u00fdch chemik\u00e1li\u00ed \u00fasp\u011b\u0161n\u011b pro\u0161la postupy kontroly kvality.<\/p>\n","protected":false},"excerpt":{"rendered":"<p>Koupit promethazinov\u00fd sirup na prodej Velk\u00e1 Brit\u00e1nie, Evropa. Garantovan\u00e9 nejni\u017e\u0161\u00ed ceny. diskr\u00e9tn\u00ed doprava! Nejlep\u0161\u00ed glob\u00e1ln\u00ed l\u00e9ky. Levn\u00fd generick\u00fd kodein.<\/p>\n<p>Kupte si sirup Promethazin DM od spole\u010dnosti Qualitest.<\/p>\n<p>Promethazin DM sirup od spole\u010dnosti Qualitest\u2026<\/p>\n<p>Promethazin (Phenergan\u00ae) s kodeinov\u00fdm sirupem 6,25 mg\/10 mg na 5ml, 473ml l\u00e1hev<\/p>\n","protected":false},"featured_media":4495,"comment_status":"open","ping_status":"closed","template":"","meta":[],"product_brand":[],"product_cat":[497],"product_tag":[],"class_list":{"0":"post-4460","1":"product","2":"type-product","3":"status-publish","4":"has-post-thumbnail","6":"product_cat-koupit-sirup-proti-kasli","8":"first","9":"instock","10":"shipping-taxable","11":"purchasable","12":"product-type-variable"},"yoast_head":"<!-- This site is optimized with the Yoast SEO plugin v27.3 - https:\/\/yoast.com\/product\/yoast-seo-wordpress\/ -->\n<title>Kupte si promethazinov\u00fd sirup \u2013 nejlep\u0161\u00ed nejlep\u0161\u00ed glob\u00e1ln\u00ed l\u00e9ky<\/title>\n<meta name=\"description\" content=\"Koupit Promethazinov\u00fd sirup na prodej Velk\u00e1 Brit\u00e1nie, Evropa. Garantovan\u00e9 nejni\u017e\u0161\u00ed ceny. diskr\u00e9tn\u00ed doprava! Nejlep\u0161\u00ed glob\u00e1ln\u00ed l\u00e9ky. Levn\u00fd generick\u00fd kodein.\" \/>\n<meta name=\"robots\" content=\"index, follow, max-snippet:-1, max-image-preview:large, max-video-preview:-1\" \/>\n<link rel=\"canonical\" href=\"https:\/\/medicinasinc.com\/cs\/product\/koupit-promethazin-sirup\/\" \/>\n<meta property=\"og:locale\" content=\"en_US\" \/>\n<meta property=\"og:type\" content=\"article\" \/>\n<meta property=\"og:title\" content=\"Kupte si promethazinov\u00fd sirup \u2013 nejlep\u0161\u00ed nejlep\u0161\u00ed glob\u00e1ln\u00ed l\u00e9ky\" \/>\n<meta property=\"og:description\" content=\"Koupit Promethazinov\u00fd sirup na prodej Velk\u00e1 Brit\u00e1nie, Evropa. Garantovan\u00e9 nejni\u017e\u0161\u00ed ceny. diskr\u00e9tn\u00ed doprava! Nejlep\u0161\u00ed glob\u00e1ln\u00ed l\u00e9ky. Levn\u00fd generick\u00fd kodein.\" \/>\n<meta property=\"og:url\" content=\"https:\/\/medicinasinc.com\/cs\/product\/koupit-promethazin-sirup\/\" \/>\n<meta property=\"og:site_name\" content=\"Medicinas Inc\" \/>\n<meta property=\"article:modified_time\" content=\"2022-03-14T13:05:45+00:00\" \/>\n<meta property=\"og:image\" content=\"https:\/\/medicinasinc.com\/cs\/wp-content\/uploads\/sites\/2\/2022\/02\/buy-promethazine-dm-syrup-qualitest.jpg\" \/>\n\t<meta property=\"og:image:width\" content=\"600\" \/>\n\t<meta property=\"og:image:height\" content=\"600\" \/>\n\t<meta property=\"og:image:type\" content=\"image\/jpeg\" \/>\n<meta name=\"twitter:card\" content=\"summary_large_image\" \/>\n<meta name=\"twitter:label1\" content=\"Est. reading time\" \/>\n\t<meta name=\"twitter:data1\" content=\"1 minute\" \/>\n<script type=\"application\/ld+json\" class=\"yoast-schema-graph\">{\"@context\":\"https:\\\/\\\/schema.org\",\"@graph\":[{\"@type\":\"WebPage\",\"@id\":\"https:\\\/\\\/medicinasinc.com\\\/cs\\\/product\\\/koupit-promethazin-sirup\\\/\",\"url\":\"https:\\\/\\\/medicinasinc.com\\\/cs\\\/product\\\/koupit-promethazin-sirup\\\/\",\"name\":\"Kupte si promethazinov\u00fd sirup \u2013 nejlep\u0161\u00ed nejlep\u0161\u00ed glob\u00e1ln\u00ed l\u00e9ky\",\"isPartOf\":{\"@id\":\"https:\\\/\\\/medicinasinc.com\\\/cs\\\/#website\"},\"primaryImageOfPage\":{\"@id\":\"https:\\\/\\\/medicinasinc.com\\\/cs\\\/product\\\/koupit-promethazin-sirup\\\/#primaryimage\"},\"image\":{\"@id\":\"https:\\\/\\\/medicinasinc.com\\\/cs\\\/product\\\/koupit-promethazin-sirup\\\/#primaryimage\"},\"thumbnailUrl\":\"https:\\\/\\\/medicinasinc.com\\\/cs\\\/wp-content\\\/uploads\\\/sites\\\/2\\\/2022\\\/02\\\/buy-promethazine-dm-syrup-qualitest.jpg\",\"datePublished\":\"2022-02-20T09:31:07+00:00\",\"dateModified\":\"2022-03-14T13:05:45+00:00\",\"description\":\"Koupit Promethazinov\u00fd sirup na prodej Velk\u00e1 Brit\u00e1nie, Evropa. Garantovan\u00e9 nejni\u017e\u0161\u00ed ceny. diskr\u00e9tn\u00ed doprava! Nejlep\u0161\u00ed glob\u00e1ln\u00ed l\u00e9ky. Levn\u00fd generick\u00fd kodein.\",\"breadcrumb\":{\"@id\":\"https:\\\/\\\/medicinasinc.com\\\/cs\\\/product\\\/koupit-promethazin-sirup\\\/#breadcrumb\"},\"inLanguage\":\"en-US\",\"potentialAction\":[{\"@type\":\"ReadAction\",\"target\":[\"https:\\\/\\\/medicinasinc.com\\\/cs\\\/product\\\/koupit-promethazin-sirup\\\/\"]}]},{\"@type\":\"ImageObject\",\"inLanguage\":\"en-US\",\"@id\":\"https:\\\/\\\/medicinasinc.com\\\/cs\\\/product\\\/koupit-promethazin-sirup\\\/#primaryimage\",\"url\":\"https:\\\/\\\/medicinasinc.com\\\/cs\\\/wp-content\\\/uploads\\\/sites\\\/2\\\/2022\\\/02\\\/buy-promethazine-dm-syrup-qualitest.jpg\",\"contentUrl\":\"https:\\\/\\\/medicinasinc.com\\\/cs\\\/wp-content\\\/uploads\\\/sites\\\/2\\\/2022\\\/02\\\/buy-promethazine-dm-syrup-qualitest.jpg\",\"width\":600,\"height\":600},{\"@type\":\"BreadcrumbList\",\"@id\":\"https:\\\/\\\/medicinasinc.com\\\/cs\\\/product\\\/koupit-promethazin-sirup\\\/#breadcrumb\",\"itemListElement\":[{\"@type\":\"ListItem\",\"position\":1,\"name\":\"Obchod\",\"item\":\"https:\\\/\\\/medicinasinc.com\\\/cs\\\/obchod\\\/\"},{\"@type\":\"ListItem\",\"position\":2,\"name\":\"Kupte si promethazinov\u00fd sirup\"}]},{\"@type\":\"WebSite\",\"@id\":\"https:\\\/\\\/medicinasinc.com\\\/cs\\\/#website\",\"url\":\"https:\\\/\\\/medicinasinc.com\\\/cs\\\/\",\"name\":\"Medicinas Inc\",\"description\":\"Health Medical Clinic\",\"potentialAction\":[{\"@type\":\"SearchAction\",\"target\":{\"@type\":\"EntryPoint\",\"urlTemplate\":\"https:\\\/\\\/medicinasinc.com\\\/cs\\\/?s={search_term_string}\"},\"query-input\":{\"@type\":\"PropertyValueSpecification\",\"valueRequired\":true,\"valueName\":\"search_term_string\"}}],\"inLanguage\":\"en-US\"}]}<\/script>\n<!-- \/ Yoast SEO plugin. -->","yoast_head_json":{"title":"Kupte si promethazinov\u00fd sirup \u2013 nejlep\u0161\u00ed nejlep\u0161\u00ed glob\u00e1ln\u00ed l\u00e9ky","description":"Koupit Promethazinov\u00fd sirup na prodej Velk\u00e1 Brit\u00e1nie, Evropa. Garantovan\u00e9 nejni\u017e\u0161\u00ed ceny. diskr\u00e9tn\u00ed doprava! Nejlep\u0161\u00ed glob\u00e1ln\u00ed l\u00e9ky. Levn\u00fd generick\u00fd kodein.","robots":{"index":"index","follow":"follow","max-snippet":"max-snippet:-1","max-image-preview":"max-image-preview:large","max-video-preview":"max-video-preview:-1"},"canonical":"https:\/\/medicinasinc.com\/cs\/product\/koupit-promethazin-sirup\/","og_locale":"en_US","og_type":"article","og_title":"Kupte si promethazinov\u00fd sirup \u2013 nejlep\u0161\u00ed nejlep\u0161\u00ed glob\u00e1ln\u00ed l\u00e9ky","og_description":"Koupit Promethazinov\u00fd sirup na prodej Velk\u00e1 Brit\u00e1nie, Evropa. Garantovan\u00e9 nejni\u017e\u0161\u00ed ceny. diskr\u00e9tn\u00ed doprava! Nejlep\u0161\u00ed glob\u00e1ln\u00ed l\u00e9ky. Levn\u00fd generick\u00fd kodein.","og_url":"https:\/\/medicinasinc.com\/cs\/product\/koupit-promethazin-sirup\/","og_site_name":"Medicinas Inc","article_modified_time":"2022-03-14T13:05:45+00:00","og_image":[{"width":600,"height":600,"url":"https:\/\/medicinasinc.com\/cs\/wp-content\/uploads\/sites\/2\/2022\/02\/buy-promethazine-dm-syrup-qualitest.jpg","type":"image\/jpeg"}],"twitter_card":"summary_large_image","twitter_misc":{"Est. reading time":"1 minute"},"schema":{"@context":"https:\/\/schema.org","@graph":[{"@type":"WebPage","@id":"https:\/\/medicinasinc.com\/cs\/product\/koupit-promethazin-sirup\/","url":"https:\/\/medicinasinc.com\/cs\/product\/koupit-promethazin-sirup\/","name":"Kupte si promethazinov\u00fd sirup \u2013 nejlep\u0161\u00ed nejlep\u0161\u00ed glob\u00e1ln\u00ed l\u00e9ky","isPartOf":{"@id":"https:\/\/medicinasinc.com\/cs\/#website"},"primaryImageOfPage":{"@id":"https:\/\/medicinasinc.com\/cs\/product\/koupit-promethazin-sirup\/#primaryimage"},"image":{"@id":"https:\/\/medicinasinc.com\/cs\/product\/koupit-promethazin-sirup\/#primaryimage"},"thumbnailUrl":"https:\/\/medicinasinc.com\/cs\/wp-content\/uploads\/sites\/2\/2022\/02\/buy-promethazine-dm-syrup-qualitest.jpg","datePublished":"2022-02-20T09:31:07+00:00","dateModified":"2022-03-14T13:05:45+00:00","description":"Koupit Promethazinov\u00fd sirup na prodej Velk\u00e1 Brit\u00e1nie, Evropa. Garantovan\u00e9 nejni\u017e\u0161\u00ed ceny. diskr\u00e9tn\u00ed doprava! Nejlep\u0161\u00ed glob\u00e1ln\u00ed l\u00e9ky. Levn\u00fd generick\u00fd kodein.","breadcrumb":{"@id":"https:\/\/medicinasinc.com\/cs\/product\/koupit-promethazin-sirup\/#breadcrumb"},"inLanguage":"en-US","potentialAction":[{"@type":"ReadAction","target":["https:\/\/medicinasinc.com\/cs\/product\/koupit-promethazin-sirup\/"]}]},{"@type":"ImageObject","inLanguage":"en-US","@id":"https:\/\/medicinasinc.com\/cs\/product\/koupit-promethazin-sirup\/#primaryimage","url":"https:\/\/medicinasinc.com\/cs\/wp-content\/uploads\/sites\/2\/2022\/02\/buy-promethazine-dm-syrup-qualitest.jpg","contentUrl":"https:\/\/medicinasinc.com\/cs\/wp-content\/uploads\/sites\/2\/2022\/02\/buy-promethazine-dm-syrup-qualitest.jpg","width":600,"height":600},{"@type":"BreadcrumbList","@id":"https:\/\/medicinasinc.com\/cs\/product\/koupit-promethazin-sirup\/#breadcrumb","itemListElement":[{"@type":"ListItem","position":1,"name":"Obchod","item":"https:\/\/medicinasinc.com\/cs\/obchod\/"},{"@type":"ListItem","position":2,"name":"Kupte si promethazinov\u00fd sirup"}]},{"@type":"WebSite","@id":"https:\/\/medicinasinc.com\/cs\/#website","url":"https:\/\/medicinasinc.com\/cs\/","name":"Medicinas Inc","description":"Health Medical Clinic","potentialAction":[{"@type":"SearchAction","target":{"@type":"EntryPoint","urlTemplate":"https:\/\/medicinasinc.com\/cs\/?s={search_term_string}"},"query-input":{"@type":"PropertyValueSpecification","valueRequired":true,"valueName":"search_term_string"}}],"inLanguage":"en-US"}]}},"_links":{"self":[{"href":"https:\/\/medicinasinc.com\/cs\/wp-json\/wp\/v2\/product\/4460","targetHints":{"allow":["GET"]}}],"collection":[{"href":"https:\/\/medicinasinc.com\/cs\/wp-json\/wp\/v2\/product"}],"about":[{"href":"https:\/\/medicinasinc.com\/cs\/wp-json\/wp\/v2\/types\/product"}],"replies":[{"embeddable":true,"href":"https:\/\/medicinasinc.com\/cs\/wp-json\/wp\/v2\/comments?post=4460"}],"wp:featuredmedia":[{"embeddable":true,"href":"https:\/\/medicinasinc.com\/cs\/wp-json\/wp\/v2\/media\/4495"}],"wp:attachment":[{"href":"https:\/\/medicinasinc.com\/cs\/wp-json\/wp\/v2\/media?parent=4460"}],"wp:term":[{"taxonomy":"product_brand","embeddable":true,"href":"https:\/\/medicinasinc.com\/cs\/wp-json\/wp\/v2\/product_brand?post=4460"},{"taxonomy":"product_cat","embeddable":true,"href":"https:\/\/medicinasinc.com\/cs\/wp-json\/wp\/v2\/product_cat?post=4460"},{"taxonomy":"product_tag","embeddable":true,"href":"https:\/\/medicinasinc.com\/cs\/wp-json\/wp\/v2\/product_tag?post=4460"}],"curies":[{"name":"wp","href":"https:\/\/api.w.org\/{rel}","templated":true}]}}