{"id":4458,"date":"2022-02-20T09:30:17","date_gmt":"2022-02-20T09:30:17","guid":{"rendered":"https:\/\/medicinasinc.com\/cs\/?post_type=product&#038;p=4458"},"modified":"2022-03-14T13:06:00","modified_gmt":"2022-03-14T13:06:00","slug":"koupit-ketof-sirup-proti-kasli","status":"publish","type":"product","link":"https:\/\/medicinasinc.com\/cs\/product\/koupit-ketof-sirup-proti-kasli\/","title":{"rendered":"Kupte si sirup proti ka\u0161li Ketof"},"content":{"rendered":"<h1>Koupit Keto sirup proti ka\u0161li online<\/h1>\n<p>Nakupovat Keto sirup proti ka\u0161li online. Heroin si tak\u00e9 m\u016f\u017eete koupit online za n\u00edzk\u00e9 ceny. M\u00e1me zde k dispozici \u0161irokou \u0161k\u00e1lu narkotik k prodeji, jako je kokain, pervitin a mnoho dal\u0161\u00edch.<\/p>\n","protected":false},"excerpt":{"rendered":"<p>Koupit Ketof sirup proti ka\u0161li na prodej Spojen\u00e9 kr\u00e1lovstv\u00ed, Evropa online. \u00da\u010dinn\u00e9 l\u00e1tky: Ketotifen. Nab\u00edz\u00edme speci\u00e1ln\u00ed slevy na velkoobchodn\u00ed objedn\u00e1vky. V\u0161imn\u011bte si, \u017ee m\u00e1me tak\u00e9 dopravu zdarma, kdy\u017e m\u00e1te tento produkt a tak\u00e9 Actavis na prodej.<\/p>\n","protected":false},"featured_media":4493,"comment_status":"open","ping_status":"closed","template":"","meta":[],"product_brand":[],"product_cat":[497],"product_tag":[],"class_list":{"0":"post-4458","1":"product","2":"type-product","3":"status-publish","4":"has-post-thumbnail","6":"product_cat-koupit-sirup-proti-kasli","8":"first","9":"instock","10":"shipping-taxable","11":"purchasable","12":"product-type-variable","13":"has-default-attributes"},"yoast_head":"<!-- This site is optimized with the Yoast SEO plugin v27.3 - https:\/\/yoast.com\/product\/yoast-seo-wordpress\/ -->\n<title>Koupit Ketof sirup proti ka\u0161li \u2013 nejlep\u0161\u00ed nejlep\u0161\u00ed glob\u00e1ln\u00ed l\u00e9ky<\/title>\n<meta name=\"description\" content=\"Koupit Ketof sirup proti ka\u0161li na prodej Velk\u00e1 Brit\u00e1nie, Evropa online. \u00da\u010dinn\u00e9 l\u00e1tky: Ketotifen. Nab\u00edz\u00edme speci\u00e1ln\u00ed slevy na velkoobchodn\u00ed objedn\u00e1vky. V\u0161imn\u011bte si, \u017ee m\u00e1me tak\u00e9 dopravu zdarma, kdy\u017e m\u00e1te tento produkt a tak\u00e9 Actavis na prodej.\" \/>\n<meta name=\"robots\" content=\"index, follow, max-snippet:-1, max-image-preview:large, max-video-preview:-1\" \/>\n<link rel=\"canonical\" href=\"https:\/\/medicinasinc.com\/cs\/product\/koupit-ketof-sirup-proti-kasli\/\" \/>\n<meta property=\"og:locale\" content=\"en_US\" \/>\n<meta property=\"og:type\" content=\"article\" \/>\n<meta property=\"og:title\" content=\"Koupit Ketof sirup proti ka\u0161li \u2013 nejlep\u0161\u00ed nejlep\u0161\u00ed glob\u00e1ln\u00ed l\u00e9ky\" \/>\n<meta property=\"og:description\" content=\"Koupit Ketof sirup proti ka\u0161li na prodej Velk\u00e1 Brit\u00e1nie, Evropa online. \u00da\u010dinn\u00e9 l\u00e1tky: Ketotifen. Nab\u00edz\u00edme speci\u00e1ln\u00ed slevy na velkoobchodn\u00ed objedn\u00e1vky. V\u0161imn\u011bte si, \u017ee m\u00e1me tak\u00e9 dopravu zdarma, kdy\u017e m\u00e1te tento produkt a tak\u00e9 Actavis na prodej.\" \/>\n<meta property=\"og:url\" content=\"https:\/\/medicinasinc.com\/cs\/product\/koupit-ketof-sirup-proti-kasli\/\" \/>\n<meta property=\"og:site_name\" content=\"Medicinas Inc\" \/>\n<meta property=\"article:modified_time\" content=\"2022-03-14T13:06:00+00:00\" \/>\n<meta property=\"og:image\" content=\"https:\/\/medicinasinc.com\/cs\/wp-content\/uploads\/sites\/2\/2022\/02\/buy-ketof-cough-syrup-online.jpg\" \/>\n\t<meta property=\"og:image:width\" content=\"600\" \/>\n\t<meta property=\"og:image:height\" content=\"600\" \/>\n\t<meta property=\"og:image:type\" content=\"image\/jpeg\" \/>\n<meta name=\"twitter:card\" content=\"summary_large_image\" \/>\n<meta name=\"twitter:label1\" content=\"Est. reading time\" \/>\n\t<meta name=\"twitter:data1\" content=\"1 minute\" \/>\n<script type=\"application\/ld+json\" class=\"yoast-schema-graph\">{\"@context\":\"https:\\\/\\\/schema.org\",\"@graph\":[{\"@type\":\"WebPage\",\"@id\":\"https:\\\/\\\/medicinasinc.com\\\/cs\\\/product\\\/koupit-ketof-sirup-proti-kasli\\\/\",\"url\":\"https:\\\/\\\/medicinasinc.com\\\/cs\\\/product\\\/koupit-ketof-sirup-proti-kasli\\\/\",\"name\":\"Koupit Ketof sirup proti ka\u0161li \u2013 nejlep\u0161\u00ed nejlep\u0161\u00ed glob\u00e1ln\u00ed l\u00e9ky\",\"isPartOf\":{\"@id\":\"https:\\\/\\\/medicinasinc.com\\\/cs\\\/#website\"},\"primaryImageOfPage\":{\"@id\":\"https:\\\/\\\/medicinasinc.com\\\/cs\\\/product\\\/koupit-ketof-sirup-proti-kasli\\\/#primaryimage\"},\"image\":{\"@id\":\"https:\\\/\\\/medicinasinc.com\\\/cs\\\/product\\\/koupit-ketof-sirup-proti-kasli\\\/#primaryimage\"},\"thumbnailUrl\":\"https:\\\/\\\/medicinasinc.com\\\/cs\\\/wp-content\\\/uploads\\\/sites\\\/2\\\/2022\\\/02\\\/buy-ketof-cough-syrup-online.jpg\",\"datePublished\":\"2022-02-20T09:30:17+00:00\",\"dateModified\":\"2022-03-14T13:06:00+00:00\",\"description\":\"Koupit Ketof sirup proti ka\u0161li na prodej Velk\u00e1 Brit\u00e1nie, Evropa online. \u00da\u010dinn\u00e9 l\u00e1tky: Ketotifen. Nab\u00edz\u00edme speci\u00e1ln\u00ed slevy na velkoobchodn\u00ed objedn\u00e1vky. V\u0161imn\u011bte si, \u017ee m\u00e1me tak\u00e9 dopravu zdarma, kdy\u017e m\u00e1te tento produkt a tak\u00e9 Actavis na prodej.\",\"breadcrumb\":{\"@id\":\"https:\\\/\\\/medicinasinc.com\\\/cs\\\/product\\\/koupit-ketof-sirup-proti-kasli\\\/#breadcrumb\"},\"inLanguage\":\"en-US\",\"potentialAction\":[{\"@type\":\"ReadAction\",\"target\":[\"https:\\\/\\\/medicinasinc.com\\\/cs\\\/product\\\/koupit-ketof-sirup-proti-kasli\\\/\"]}]},{\"@type\":\"ImageObject\",\"inLanguage\":\"en-US\",\"@id\":\"https:\\\/\\\/medicinasinc.com\\\/cs\\\/product\\\/koupit-ketof-sirup-proti-kasli\\\/#primaryimage\",\"url\":\"https:\\\/\\\/medicinasinc.com\\\/cs\\\/wp-content\\\/uploads\\\/sites\\\/2\\\/2022\\\/02\\\/buy-ketof-cough-syrup-online.jpg\",\"contentUrl\":\"https:\\\/\\\/medicinasinc.com\\\/cs\\\/wp-content\\\/uploads\\\/sites\\\/2\\\/2022\\\/02\\\/buy-ketof-cough-syrup-online.jpg\",\"width\":600,\"height\":600},{\"@type\":\"BreadcrumbList\",\"@id\":\"https:\\\/\\\/medicinasinc.com\\\/cs\\\/product\\\/koupit-ketof-sirup-proti-kasli\\\/#breadcrumb\",\"itemListElement\":[{\"@type\":\"ListItem\",\"position\":1,\"name\":\"Obchod\",\"item\":\"https:\\\/\\\/medicinasinc.com\\\/cs\\\/obchod\\\/\"},{\"@type\":\"ListItem\",\"position\":2,\"name\":\"Kupte si sirup proti ka\u0161li Ketof\"}]},{\"@type\":\"WebSite\",\"@id\":\"https:\\\/\\\/medicinasinc.com\\\/cs\\\/#website\",\"url\":\"https:\\\/\\\/medicinasinc.com\\\/cs\\\/\",\"name\":\"Medicinas Inc\",\"description\":\"Health Medical Clinic\",\"potentialAction\":[{\"@type\":\"SearchAction\",\"target\":{\"@type\":\"EntryPoint\",\"urlTemplate\":\"https:\\\/\\\/medicinasinc.com\\\/cs\\\/?s={search_term_string}\"},\"query-input\":{\"@type\":\"PropertyValueSpecification\",\"valueRequired\":true,\"valueName\":\"search_term_string\"}}],\"inLanguage\":\"en-US\"}]}<\/script>\n<!-- \/ Yoast SEO plugin. -->","yoast_head_json":{"title":"Koupit Ketof sirup proti ka\u0161li \u2013 nejlep\u0161\u00ed nejlep\u0161\u00ed glob\u00e1ln\u00ed l\u00e9ky","description":"Koupit Ketof sirup proti ka\u0161li na prodej Velk\u00e1 Brit\u00e1nie, Evropa online. \u00da\u010dinn\u00e9 l\u00e1tky: Ketotifen. Nab\u00edz\u00edme speci\u00e1ln\u00ed slevy na velkoobchodn\u00ed objedn\u00e1vky. V\u0161imn\u011bte si, \u017ee m\u00e1me tak\u00e9 dopravu zdarma, kdy\u017e m\u00e1te tento produkt a tak\u00e9 Actavis na prodej.","robots":{"index":"index","follow":"follow","max-snippet":"max-snippet:-1","max-image-preview":"max-image-preview:large","max-video-preview":"max-video-preview:-1"},"canonical":"https:\/\/medicinasinc.com\/cs\/product\/koupit-ketof-sirup-proti-kasli\/","og_locale":"en_US","og_type":"article","og_title":"Koupit Ketof sirup proti ka\u0161li \u2013 nejlep\u0161\u00ed nejlep\u0161\u00ed glob\u00e1ln\u00ed l\u00e9ky","og_description":"Koupit Ketof sirup proti ka\u0161li na prodej Velk\u00e1 Brit\u00e1nie, Evropa online. \u00da\u010dinn\u00e9 l\u00e1tky: Ketotifen. Nab\u00edz\u00edme speci\u00e1ln\u00ed slevy na velkoobchodn\u00ed objedn\u00e1vky. V\u0161imn\u011bte si, \u017ee m\u00e1me tak\u00e9 dopravu zdarma, kdy\u017e m\u00e1te tento produkt a tak\u00e9 Actavis na prodej.","og_url":"https:\/\/medicinasinc.com\/cs\/product\/koupit-ketof-sirup-proti-kasli\/","og_site_name":"Medicinas Inc","article_modified_time":"2022-03-14T13:06:00+00:00","og_image":[{"width":600,"height":600,"url":"https:\/\/medicinasinc.com\/cs\/wp-content\/uploads\/sites\/2\/2022\/02\/buy-ketof-cough-syrup-online.jpg","type":"image\/jpeg"}],"twitter_card":"summary_large_image","twitter_misc":{"Est. reading time":"1 minute"},"schema":{"@context":"https:\/\/schema.org","@graph":[{"@type":"WebPage","@id":"https:\/\/medicinasinc.com\/cs\/product\/koupit-ketof-sirup-proti-kasli\/","url":"https:\/\/medicinasinc.com\/cs\/product\/koupit-ketof-sirup-proti-kasli\/","name":"Koupit Ketof sirup proti ka\u0161li \u2013 nejlep\u0161\u00ed nejlep\u0161\u00ed glob\u00e1ln\u00ed l\u00e9ky","isPartOf":{"@id":"https:\/\/medicinasinc.com\/cs\/#website"},"primaryImageOfPage":{"@id":"https:\/\/medicinasinc.com\/cs\/product\/koupit-ketof-sirup-proti-kasli\/#primaryimage"},"image":{"@id":"https:\/\/medicinasinc.com\/cs\/product\/koupit-ketof-sirup-proti-kasli\/#primaryimage"},"thumbnailUrl":"https:\/\/medicinasinc.com\/cs\/wp-content\/uploads\/sites\/2\/2022\/02\/buy-ketof-cough-syrup-online.jpg","datePublished":"2022-02-20T09:30:17+00:00","dateModified":"2022-03-14T13:06:00+00:00","description":"Koupit Ketof sirup proti ka\u0161li na prodej Velk\u00e1 Brit\u00e1nie, Evropa online. \u00da\u010dinn\u00e9 l\u00e1tky: Ketotifen. Nab\u00edz\u00edme speci\u00e1ln\u00ed slevy na velkoobchodn\u00ed objedn\u00e1vky. V\u0161imn\u011bte si, \u017ee m\u00e1me tak\u00e9 dopravu zdarma, kdy\u017e m\u00e1te tento produkt a tak\u00e9 Actavis na prodej.","breadcrumb":{"@id":"https:\/\/medicinasinc.com\/cs\/product\/koupit-ketof-sirup-proti-kasli\/#breadcrumb"},"inLanguage":"en-US","potentialAction":[{"@type":"ReadAction","target":["https:\/\/medicinasinc.com\/cs\/product\/koupit-ketof-sirup-proti-kasli\/"]}]},{"@type":"ImageObject","inLanguage":"en-US","@id":"https:\/\/medicinasinc.com\/cs\/product\/koupit-ketof-sirup-proti-kasli\/#primaryimage","url":"https:\/\/medicinasinc.com\/cs\/wp-content\/uploads\/sites\/2\/2022\/02\/buy-ketof-cough-syrup-online.jpg","contentUrl":"https:\/\/medicinasinc.com\/cs\/wp-content\/uploads\/sites\/2\/2022\/02\/buy-ketof-cough-syrup-online.jpg","width":600,"height":600},{"@type":"BreadcrumbList","@id":"https:\/\/medicinasinc.com\/cs\/product\/koupit-ketof-sirup-proti-kasli\/#breadcrumb","itemListElement":[{"@type":"ListItem","position":1,"name":"Obchod","item":"https:\/\/medicinasinc.com\/cs\/obchod\/"},{"@type":"ListItem","position":2,"name":"Kupte si sirup proti ka\u0161li Ketof"}]},{"@type":"WebSite","@id":"https:\/\/medicinasinc.com\/cs\/#website","url":"https:\/\/medicinasinc.com\/cs\/","name":"Medicinas Inc","description":"Health Medical Clinic","potentialAction":[{"@type":"SearchAction","target":{"@type":"EntryPoint","urlTemplate":"https:\/\/medicinasinc.com\/cs\/?s={search_term_string}"},"query-input":{"@type":"PropertyValueSpecification","valueRequired":true,"valueName":"search_term_string"}}],"inLanguage":"en-US"}]}},"_links":{"self":[{"href":"https:\/\/medicinasinc.com\/cs\/wp-json\/wp\/v2\/product\/4458","targetHints":{"allow":["GET"]}}],"collection":[{"href":"https:\/\/medicinasinc.com\/cs\/wp-json\/wp\/v2\/product"}],"about":[{"href":"https:\/\/medicinasinc.com\/cs\/wp-json\/wp\/v2\/types\/product"}],"replies":[{"embeddable":true,"href":"https:\/\/medicinasinc.com\/cs\/wp-json\/wp\/v2\/comments?post=4458"}],"wp:featuredmedia":[{"embeddable":true,"href":"https:\/\/medicinasinc.com\/cs\/wp-json\/wp\/v2\/media\/4493"}],"wp:attachment":[{"href":"https:\/\/medicinasinc.com\/cs\/wp-json\/wp\/v2\/media?parent=4458"}],"wp:term":[{"taxonomy":"product_brand","embeddable":true,"href":"https:\/\/medicinasinc.com\/cs\/wp-json\/wp\/v2\/product_brand?post=4458"},{"taxonomy":"product_cat","embeddable":true,"href":"https:\/\/medicinasinc.com\/cs\/wp-json\/wp\/v2\/product_cat?post=4458"},{"taxonomy":"product_tag","embeddable":true,"href":"https:\/\/medicinasinc.com\/cs\/wp-json\/wp\/v2\/product_tag?post=4458"}],"curies":[{"name":"wp","href":"https:\/\/api.w.org\/{rel}","templated":true}]}}