{"id":4455,"date":"2022-02-20T09:28:05","date_gmt":"2022-02-20T09:28:05","guid":{"rendered":"https:\/\/medicinasinc.com\/cs\/?post_type=product&#038;p=4455"},"modified":"2022-03-14T13:06:13","modified_gmt":"2022-03-14T13:06:13","slug":"koupit-hi-tech-sirup-proti-kasli","status":"publish","type":"product","link":"https:\/\/medicinasinc.com\/cs\/product\/koupit-hi-tech-sirup-proti-kasli\/","title":{"rendered":"Kupte si Hi-Tech sirup proti ka\u0161li"},"content":{"rendered":"<p>Online n\u00e1kup Hi-Tech sirupu proti ka\u0161li.<\/p>\n<p>Nakupujte Hi-Tech sirup proti ka\u0161li online za extr\u00e9mn\u011b n\u00edzk\u00e9 ceny. d\u00e1le nakupovat kokain za \u00fa\u010delem dal\u0161\u00edho prodeje. Prod\u00e1v\u00e1me r\u016fzn\u00e9 stimulanty a narkotika, v\u010detn\u011b GHB.<\/p>\n<p>I kdy\u017e oce\u0148uji slu\u0161nou chu\u0165, v\u011b\u0159\u00edm, \u017ee jejich nakopnut\u00ed trv\u00e1 p\u0159\u00edli\u0161 dlouho. D\u00edky sv\u00e9 s\u00edle a chuti se THC sirup m\u016f\u017ee st\u00e1t va\u0161\u00edm nov\u00fdm go to substance for help.<\/p>\n<p>Konopn\u00fd sirup je fantastick\u00fd pro regenera\u010dn\u00ed i rekrea\u010dn\u00ed klienty. Je siln\u00fd a \u00fa\u010dinn\u00fd \u2013 \u010dasto \u00fa\u010dinkuje b\u011bhem 20 a\u017e 30 minut \u2013 a jeho pou\u017eit\u00ed je rozumn\u00e9. Jednodu\u0161e p\u0159idejte svou porci do jak\u00e9hokoli j\u00eddla nebo n\u00e1poje a m\u00e1te hotovo. Mal\u00e9 mno\u017estv\u00ed v\u0161ak m\u016f\u017eete vyp\u00edt bez incident\u016f. To je v\u0161e!<\/p>\n<p>sirup proti ka\u0161li na prodej, high-tech sirup thc, sirup proti ka\u0161li online, hi-tech \u0161t\u00edhl\u00e1 cena, hi-tech sirup proti ka\u0161li online, hi-tech online. Ti, kte\u0159\u00ed nesnesou pomy\u0161len\u00ed na kou\u0159en\u00ed tr\u00e1vy (nebo jsou mo\u017en\u00e1 p\u0159\u00edli\u0161 neschopn\u00ed na to, aby o tom uva\u017eovali), ale p\u0159esto cht\u011bj\u00ed t\u011b\u017eit z v\u00fdhod t\u00e9to skute\u010dn\u011b \u00fa\u017easn\u00e9 rostliny, jsou povzbuzov\u00e1ni, aby zv\u00e1\u017eili THC sirup jako alternativn\u00ed zp\u016fsob konzumace. P\u0159\u00edsn\u011b terapeutick\u00e9 klienty pot\u011b\u0161\u00ed, \u017ee je dostupn\u00fd i CBD sirup. To je v\u0161ak n\u00e1m\u011bt na jin\u00fd \u010dl\u00e1nek!<\/p>\n<p>VYPRAVTE SIRUP THC: N\u00c1VOD KROK ZA KROKEM<\/p>\n<p>Pokud hled\u00e1te jednoduch\u00fd recept na sirup THC, u\u017e nehledejte. Sypiteln\u00fd THC sirup si nepochybn\u011b m\u016f\u017eete vyrobit doma jen s n\u011bkolika p\u0159\u00edsadami a minim\u00e1ln\u00edm hardwarem. Je to pravd\u011bpodobn\u011b nejjednodu\u0161\u0161\u00ed polo\u017eka, kterou si m\u016f\u017eete vyrobit sami, proto\u017ee se neo\u010dek\u00e1v\u00e1, \u017ee by \u017e\u00e1dn\u00e9 potenci\u00e1ln\u011b nebezpe\u010dn\u00e9 syntetick\u00e9 l\u00e1tky extrahovaly THC z rostlinn\u00e9ho materi\u00e1lu.<\/p>\n<p>K vytvo\u0159en\u00ed vlastn\u00edho sirupu s obsahem THC budete pot\u0159ebovat&#8230;.<\/p>\n<p>Voda. P\u0159ibli\u017en\u011b 200 ml poskytne p\u0159im\u011b\u0159en\u00e9 mno\u017estv\u00ed sirupu. Vzhledem k tomu, \u017ee vzorec je tak jednoduch\u00fd, m\u016f\u017eete si pozd\u011bji vyrobit tolik, kolik chcete.<\/p>\n<p>Cukr. Mno\u017estv\u00ed cukru, kter\u00e9 pou\u017eijete, ovlivn\u00ed dobu, po kterou lze konopn\u00fd sirup skladovat. Sirup vyroben\u00fd ze dvou d\u00edl\u016f cukru a jednoho d\u00edlu vody lze skladovat p\u0159ibli\u017en\u011b \u010dtvrt roku). Podobn\u011b lze vyrobit sirup v pom\u011bru 1:1, i kdy\u017e nevydr\u017e\u00ed tak dlouho.<\/p>\n<p>R\u016fzn\u00e9 formy hrub\u011b dekarboxylovan\u00e9ho THC (kv\u011bt, o\u0159ez, prot\u0159epat, hash, olej, zlom, vosk, v prav\u00e9m slova smyslu lze vyu\u017e\u00edt cokoliv).<\/p>\n<p>D\u00c1VKOV\u00c1N\u00cd SIRUPU THC<\/p>\n<p>Mno\u017estv\u00ed zkonzumovan\u00e9ho sirupu THC se mezi jednotlivci v\u00fdrazn\u011b li\u0161\u00ed. Je d\u016fle\u017eit\u00e9 db\u00e1t opatrnosti a v\u00e1\u017eit svou kapacitu v\u016f\u010di s\u00edle jak\u00e9hokoli p\u0159edm\u011btu obsahuj\u00edc\u00edho THC. sirup proti ka\u0161li online, high-tech thc sirup, hi-tech \u0161t\u00edhl\u00e1 cena, hi-tech sirup proti ka\u0161li online, hi-tech online, sirup proti ka\u0161li na prodej<\/p>\n<p>Probl\u00e9m s dom\u00e1c\u00edmi m\u00edchan\u00fdmi sirupy THC je, \u017ee jejich s\u00edla koncentr\u00e1tu je \u010dasto nezn\u00e1m\u00e1. Pokud v\u00e1s to znepokojuje nebo se prost\u011b nechcete zab\u00fdvat (bezv\u00fdznamn\u00fdmi) pot\u00ed\u017eemi se zakl\u00e1d\u00e1n\u00edm vlastn\u00edho, pod\u00edvejte se n\u00ed\u017ee na na\u0161e nejlep\u0161\u00ed tipy na dne\u0161n\u00edm trhu.<\/p>\n","protected":false},"excerpt":{"rendered":"<p>Nakupte Hi-Tech sirup proti ka\u0161li na prodej ve Velk\u00e9 Brit\u00e1nii, Evrop\u011b online. Hi-Tech promethazin hydrochlorid a kodein fosf\u00e1tov\u00fd sirup\u2026ka\u017ed\u00fdch 5 ml obsahuje: Promethazin hydrochlorid 6,25 mg; kodein fosf\u00e1t 10 mg. Alkohol 7% Indikace: Tlumi\u010d ka\u0161le<\/p>\n","protected":false},"featured_media":4489,"comment_status":"open","ping_status":"closed","template":"","meta":[],"product_brand":[],"product_cat":[497],"product_tag":[],"class_list":{"0":"post-4455","1":"product","2":"type-product","3":"status-publish","4":"has-post-thumbnail","6":"product_cat-koupit-sirup-proti-kasli","8":"first","9":"instock","10":"shipping-taxable","11":"purchasable","12":"product-type-variable","13":"has-default-attributes"},"yoast_head":"<!-- This site is optimized with the Yoast SEO plugin v27.3 - https:\/\/yoast.com\/product\/yoast-seo-wordpress\/ -->\n<title>Kupte si Hi-Tech sirup proti ka\u0161li \u2013 nejlep\u0161\u00ed nejlep\u0161\u00ed glob\u00e1ln\u00ed l\u00e9ky<\/title>\n<meta name=\"description\" content=\"Koupit Hi-Tech sirup proti ka\u0161li na prodej ve Velk\u00e9 Brit\u00e1nii, Evrop\u011b online. Hi-Tech promethazin hydrochlorid a kodein fosf\u00e1tov\u00fd sirup\u2026ka\u017ed\u00fdch 5 ml obsahuje: Promethazin hydrochlorid 6,25 mg; kodein fosf\u00e1t 10 mg. Alkohol 7% Indikace: Tlumi\u010d ka\u0161le\" \/>\n<meta name=\"robots\" content=\"index, follow, max-snippet:-1, max-image-preview:large, max-video-preview:-1\" \/>\n<link rel=\"canonical\" href=\"https:\/\/medicinasinc.com\/cs\/product\/koupit-hi-tech-sirup-proti-kasli\/\" \/>\n<meta property=\"og:locale\" content=\"en_US\" \/>\n<meta property=\"og:type\" content=\"article\" \/>\n<meta property=\"og:title\" content=\"Kupte si Hi-Tech sirup proti ka\u0161li \u2013 nejlep\u0161\u00ed nejlep\u0161\u00ed glob\u00e1ln\u00ed l\u00e9ky\" \/>\n<meta property=\"og:description\" content=\"Koupit Hi-Tech sirup proti ka\u0161li na prodej ve Velk\u00e9 Brit\u00e1nii, Evrop\u011b online. Hi-Tech promethazin hydrochlorid a kodein fosf\u00e1tov\u00fd sirup\u2026ka\u017ed\u00fdch 5 ml obsahuje: Promethazin hydrochlorid 6,25 mg; kodein fosf\u00e1t 10 mg. Alkohol 7% Indikace: Tlumi\u010d ka\u0161le\" \/>\n<meta property=\"og:url\" content=\"https:\/\/medicinasinc.com\/cs\/product\/koupit-hi-tech-sirup-proti-kasli\/\" \/>\n<meta property=\"og:site_name\" content=\"Medicinas Inc\" \/>\n<meta property=\"article:modified_time\" content=\"2022-03-14T13:06:13+00:00\" \/>\n<meta property=\"og:image\" content=\"https:\/\/medicinasinc.com\/cs\/wp-content\/uploads\/sites\/2\/2022\/02\/buy-hi-tech-cough-syrup-online.jpg\" \/>\n\t<meta property=\"og:image:width\" content=\"600\" \/>\n\t<meta property=\"og:image:height\" content=\"600\" \/>\n\t<meta property=\"og:image:type\" content=\"image\/jpeg\" \/>\n<meta name=\"twitter:card\" content=\"summary_large_image\" \/>\n<meta name=\"twitter:label1\" content=\"Est. reading time\" \/>\n\t<meta name=\"twitter:data1\" content=\"3 minutes\" \/>\n<script type=\"application\/ld+json\" class=\"yoast-schema-graph\">{\"@context\":\"https:\\\/\\\/schema.org\",\"@graph\":[{\"@type\":\"WebPage\",\"@id\":\"https:\\\/\\\/medicinasinc.com\\\/cs\\\/product\\\/koupit-hi-tech-sirup-proti-kasli\\\/\",\"url\":\"https:\\\/\\\/medicinasinc.com\\\/cs\\\/product\\\/koupit-hi-tech-sirup-proti-kasli\\\/\",\"name\":\"Kupte si Hi-Tech sirup proti ka\u0161li \u2013 nejlep\u0161\u00ed nejlep\u0161\u00ed glob\u00e1ln\u00ed l\u00e9ky\",\"isPartOf\":{\"@id\":\"https:\\\/\\\/medicinasinc.com\\\/cs\\\/#website\"},\"primaryImageOfPage\":{\"@id\":\"https:\\\/\\\/medicinasinc.com\\\/cs\\\/product\\\/koupit-hi-tech-sirup-proti-kasli\\\/#primaryimage\"},\"image\":{\"@id\":\"https:\\\/\\\/medicinasinc.com\\\/cs\\\/product\\\/koupit-hi-tech-sirup-proti-kasli\\\/#primaryimage\"},\"thumbnailUrl\":\"https:\\\/\\\/medicinasinc.com\\\/cs\\\/wp-content\\\/uploads\\\/sites\\\/2\\\/2022\\\/02\\\/buy-hi-tech-cough-syrup-online.jpg\",\"datePublished\":\"2022-02-20T09:28:05+00:00\",\"dateModified\":\"2022-03-14T13:06:13+00:00\",\"description\":\"Koupit Hi-Tech sirup proti ka\u0161li na prodej ve Velk\u00e9 Brit\u00e1nii, Evrop\u011b online. Hi-Tech promethazin hydrochlorid a kodein fosf\u00e1tov\u00fd sirup\u2026ka\u017ed\u00fdch 5 ml obsahuje: Promethazin hydrochlorid 6,25 mg; kodein fosf\u00e1t 10 mg. Alkohol 7% Indikace: Tlumi\u010d ka\u0161le\",\"breadcrumb\":{\"@id\":\"https:\\\/\\\/medicinasinc.com\\\/cs\\\/product\\\/koupit-hi-tech-sirup-proti-kasli\\\/#breadcrumb\"},\"inLanguage\":\"en-US\",\"potentialAction\":[{\"@type\":\"ReadAction\",\"target\":[\"https:\\\/\\\/medicinasinc.com\\\/cs\\\/product\\\/koupit-hi-tech-sirup-proti-kasli\\\/\"]}]},{\"@type\":\"ImageObject\",\"inLanguage\":\"en-US\",\"@id\":\"https:\\\/\\\/medicinasinc.com\\\/cs\\\/product\\\/koupit-hi-tech-sirup-proti-kasli\\\/#primaryimage\",\"url\":\"https:\\\/\\\/medicinasinc.com\\\/cs\\\/wp-content\\\/uploads\\\/sites\\\/2\\\/2022\\\/02\\\/buy-hi-tech-cough-syrup-online.jpg\",\"contentUrl\":\"https:\\\/\\\/medicinasinc.com\\\/cs\\\/wp-content\\\/uploads\\\/sites\\\/2\\\/2022\\\/02\\\/buy-hi-tech-cough-syrup-online.jpg\",\"width\":600,\"height\":600},{\"@type\":\"BreadcrumbList\",\"@id\":\"https:\\\/\\\/medicinasinc.com\\\/cs\\\/product\\\/koupit-hi-tech-sirup-proti-kasli\\\/#breadcrumb\",\"itemListElement\":[{\"@type\":\"ListItem\",\"position\":1,\"name\":\"Obchod\",\"item\":\"https:\\\/\\\/medicinasinc.com\\\/cs\\\/obchod\\\/\"},{\"@type\":\"ListItem\",\"position\":2,\"name\":\"Kupte si Hi-Tech sirup proti ka\u0161li\"}]},{\"@type\":\"WebSite\",\"@id\":\"https:\\\/\\\/medicinasinc.com\\\/cs\\\/#website\",\"url\":\"https:\\\/\\\/medicinasinc.com\\\/cs\\\/\",\"name\":\"Medicinas Inc\",\"description\":\"Health Medical Clinic\",\"potentialAction\":[{\"@type\":\"SearchAction\",\"target\":{\"@type\":\"EntryPoint\",\"urlTemplate\":\"https:\\\/\\\/medicinasinc.com\\\/cs\\\/?s={search_term_string}\"},\"query-input\":{\"@type\":\"PropertyValueSpecification\",\"valueRequired\":true,\"valueName\":\"search_term_string\"}}],\"inLanguage\":\"en-US\"}]}<\/script>\n<!-- \/ Yoast SEO plugin. -->","yoast_head_json":{"title":"Kupte si Hi-Tech sirup proti ka\u0161li \u2013 nejlep\u0161\u00ed nejlep\u0161\u00ed glob\u00e1ln\u00ed l\u00e9ky","description":"Koupit Hi-Tech sirup proti ka\u0161li na prodej ve Velk\u00e9 Brit\u00e1nii, Evrop\u011b online. Hi-Tech promethazin hydrochlorid a kodein fosf\u00e1tov\u00fd sirup\u2026ka\u017ed\u00fdch 5 ml obsahuje: Promethazin hydrochlorid 6,25 mg; kodein fosf\u00e1t 10 mg. Alkohol 7% Indikace: Tlumi\u010d ka\u0161le","robots":{"index":"index","follow":"follow","max-snippet":"max-snippet:-1","max-image-preview":"max-image-preview:large","max-video-preview":"max-video-preview:-1"},"canonical":"https:\/\/medicinasinc.com\/cs\/product\/koupit-hi-tech-sirup-proti-kasli\/","og_locale":"en_US","og_type":"article","og_title":"Kupte si Hi-Tech sirup proti ka\u0161li \u2013 nejlep\u0161\u00ed nejlep\u0161\u00ed glob\u00e1ln\u00ed l\u00e9ky","og_description":"Koupit Hi-Tech sirup proti ka\u0161li na prodej ve Velk\u00e9 Brit\u00e1nii, Evrop\u011b online. Hi-Tech promethazin hydrochlorid a kodein fosf\u00e1tov\u00fd sirup\u2026ka\u017ed\u00fdch 5 ml obsahuje: Promethazin hydrochlorid 6,25 mg; kodein fosf\u00e1t 10 mg. Alkohol 7% Indikace: Tlumi\u010d ka\u0161le","og_url":"https:\/\/medicinasinc.com\/cs\/product\/koupit-hi-tech-sirup-proti-kasli\/","og_site_name":"Medicinas Inc","article_modified_time":"2022-03-14T13:06:13+00:00","og_image":[{"width":600,"height":600,"url":"https:\/\/medicinasinc.com\/cs\/wp-content\/uploads\/sites\/2\/2022\/02\/buy-hi-tech-cough-syrup-online.jpg","type":"image\/jpeg"}],"twitter_card":"summary_large_image","twitter_misc":{"Est. reading time":"3 minutes"},"schema":{"@context":"https:\/\/schema.org","@graph":[{"@type":"WebPage","@id":"https:\/\/medicinasinc.com\/cs\/product\/koupit-hi-tech-sirup-proti-kasli\/","url":"https:\/\/medicinasinc.com\/cs\/product\/koupit-hi-tech-sirup-proti-kasli\/","name":"Kupte si Hi-Tech sirup proti ka\u0161li \u2013 nejlep\u0161\u00ed nejlep\u0161\u00ed glob\u00e1ln\u00ed l\u00e9ky","isPartOf":{"@id":"https:\/\/medicinasinc.com\/cs\/#website"},"primaryImageOfPage":{"@id":"https:\/\/medicinasinc.com\/cs\/product\/koupit-hi-tech-sirup-proti-kasli\/#primaryimage"},"image":{"@id":"https:\/\/medicinasinc.com\/cs\/product\/koupit-hi-tech-sirup-proti-kasli\/#primaryimage"},"thumbnailUrl":"https:\/\/medicinasinc.com\/cs\/wp-content\/uploads\/sites\/2\/2022\/02\/buy-hi-tech-cough-syrup-online.jpg","datePublished":"2022-02-20T09:28:05+00:00","dateModified":"2022-03-14T13:06:13+00:00","description":"Koupit Hi-Tech sirup proti ka\u0161li na prodej ve Velk\u00e9 Brit\u00e1nii, Evrop\u011b online. Hi-Tech promethazin hydrochlorid a kodein fosf\u00e1tov\u00fd sirup\u2026ka\u017ed\u00fdch 5 ml obsahuje: Promethazin hydrochlorid 6,25 mg; kodein fosf\u00e1t 10 mg. Alkohol 7% Indikace: Tlumi\u010d ka\u0161le","breadcrumb":{"@id":"https:\/\/medicinasinc.com\/cs\/product\/koupit-hi-tech-sirup-proti-kasli\/#breadcrumb"},"inLanguage":"en-US","potentialAction":[{"@type":"ReadAction","target":["https:\/\/medicinasinc.com\/cs\/product\/koupit-hi-tech-sirup-proti-kasli\/"]}]},{"@type":"ImageObject","inLanguage":"en-US","@id":"https:\/\/medicinasinc.com\/cs\/product\/koupit-hi-tech-sirup-proti-kasli\/#primaryimage","url":"https:\/\/medicinasinc.com\/cs\/wp-content\/uploads\/sites\/2\/2022\/02\/buy-hi-tech-cough-syrup-online.jpg","contentUrl":"https:\/\/medicinasinc.com\/cs\/wp-content\/uploads\/sites\/2\/2022\/02\/buy-hi-tech-cough-syrup-online.jpg","width":600,"height":600},{"@type":"BreadcrumbList","@id":"https:\/\/medicinasinc.com\/cs\/product\/koupit-hi-tech-sirup-proti-kasli\/#breadcrumb","itemListElement":[{"@type":"ListItem","position":1,"name":"Obchod","item":"https:\/\/medicinasinc.com\/cs\/obchod\/"},{"@type":"ListItem","position":2,"name":"Kupte si Hi-Tech sirup proti ka\u0161li"}]},{"@type":"WebSite","@id":"https:\/\/medicinasinc.com\/cs\/#website","url":"https:\/\/medicinasinc.com\/cs\/","name":"Medicinas Inc","description":"Health Medical Clinic","potentialAction":[{"@type":"SearchAction","target":{"@type":"EntryPoint","urlTemplate":"https:\/\/medicinasinc.com\/cs\/?s={search_term_string}"},"query-input":{"@type":"PropertyValueSpecification","valueRequired":true,"valueName":"search_term_string"}}],"inLanguage":"en-US"}]}},"_links":{"self":[{"href":"https:\/\/medicinasinc.com\/cs\/wp-json\/wp\/v2\/product\/4455","targetHints":{"allow":["GET"]}}],"collection":[{"href":"https:\/\/medicinasinc.com\/cs\/wp-json\/wp\/v2\/product"}],"about":[{"href":"https:\/\/medicinasinc.com\/cs\/wp-json\/wp\/v2\/types\/product"}],"replies":[{"embeddable":true,"href":"https:\/\/medicinasinc.com\/cs\/wp-json\/wp\/v2\/comments?post=4455"}],"wp:featuredmedia":[{"embeddable":true,"href":"https:\/\/medicinasinc.com\/cs\/wp-json\/wp\/v2\/media\/4489"}],"wp:attachment":[{"href":"https:\/\/medicinasinc.com\/cs\/wp-json\/wp\/v2\/media?parent=4455"}],"wp:term":[{"taxonomy":"product_brand","embeddable":true,"href":"https:\/\/medicinasinc.com\/cs\/wp-json\/wp\/v2\/product_brand?post=4455"},{"taxonomy":"product_cat","embeddable":true,"href":"https:\/\/medicinasinc.com\/cs\/wp-json\/wp\/v2\/product_cat?post=4455"},{"taxonomy":"product_tag","embeddable":true,"href":"https:\/\/medicinasinc.com\/cs\/wp-json\/wp\/v2\/product_tag?post=4455"}],"curies":[{"name":"wp","href":"https:\/\/api.w.org\/{rel}","templated":true}]}}