{"id":4431,"date":"2022-02-20T09:14:34","date_gmt":"2022-02-20T09:14:34","guid":{"rendered":"https:\/\/medicinasinc.com\/cs\/?post_type=product&#038;p=4431"},"modified":"2022-03-14T13:06:41","modified_gmt":"2022-03-14T13:06:41","slug":"buy-thc-destilat-superior-extract","status":"publish","type":"product","link":"https:\/\/medicinasinc.com\/cs\/product\/buy-thc-destilat-superior-extract\/","title":{"rendered":"Kupte si destil\u00e1t THC \u2013 vynikaj\u00edc\u00ed extrakt"},"content":{"rendered":"<p>Kupte si destil\u00e1t THC \u2013 pr\u00e9miov\u00fd extrakt<\/p>\n<p>Pr\u00e9miov\u00fd destil\u00e1t THC je koncentr\u00e1t z konop\u00ed vyroben\u00fd v Kanad\u011b. Tento produkt byl laboratorn\u011b testov\u00e1n a bylo zji\u0161t\u011bno, \u017ee obsahuje vysokou koncentraci THC v rozmez\u00ed od 95 do 98 procent. N\u00e1\u0161 destil\u00e1t THC je extr\u00e9mn\u011b stabiln\u00ed p\u0159i pokojov\u00e9 teplot\u011b a nerozt\u00e9k\u00e1 se. Nav\u00edc je v\u00fdjime\u010dn\u011b kvalitn\u00ed, neobsahuje rozpou\u0161t\u011bdla, je k\u0159i\u0161\u0165\u00e1lov\u011b \u010dist\u00fd a pr\u016fhledn\u00fd. Destil\u00e1t je druh extraktu, kter\u00fd se pou\u017e\u00edv\u00e1 r\u016fzn\u00fdmi zp\u016fsoby. Abychom jmenovali alespo\u0148 n\u011bkter\u00e9, mezi n\u011b pat\u0159\u00ed dopl\u0148ov\u00e1n\u00ed vape cartridge, vytv\u00e1\u0159en\u00ed po\u017eivatin a nat\u00edr\u00e1n\u00ed n\u00e1vazce.<\/p>\n","protected":false},"excerpt":{"rendered":"<ul>\n<li>Celosv\u011btov\u00e1 doprava<\/li>\n<li>Minim\u00e1ln\u00ed mno\u017estv\u00ed objedn\u00e1vky je <strong>2<\/strong><\/li>\n<li><strong>Kontaktujte n\u00e1s<\/strong>\u00a0pro v\u011bt\u0161\u00ed objedn\u00e1vky<\/li>\n<\/ul>\n","protected":false},"featured_media":4465,"comment_status":"open","ping_status":"closed","template":"","meta":[],"product_brand":[],"product_cat":[440],"product_tag":[],"class_list":{"0":"post-4431","1":"product","2":"type-product","3":"status-publish","4":"has-post-thumbnail","6":"product_cat-koupit-konopi-cbd-olej","8":"first","9":"instock","10":"shipping-taxable","11":"purchasable","12":"product-type-variable","13":"has-default-attributes"},"yoast_head":"<!-- This site is optimized with the Yoast SEO plugin v27.3 - https:\/\/yoast.com\/product\/yoast-seo-wordpress\/ -->\n<title>Koupit destil\u00e1t THC \u2013 vynikaj\u00edc\u00ed extrakt \u2013 nejlep\u0161\u00ed glob\u00e1ln\u00ed l\u00e9ky<\/title>\n<meta name=\"description\" content=\"Kupte si extrakt z destil\u00e1tu THC a koncentr\u00e1ty THC na prodej z Velk\u00e9 Brit\u00e1nie, nejlep\u0161\u00ed evropsk\u00e9 online l\u00e9k\u00e1rny. Objednejte nyn\u00ed a z\u00edskejte dopravu zdarma p\u0159i n\u00e1kupu nad 150 $!\" \/>\n<meta name=\"robots\" content=\"index, follow, max-snippet:-1, max-image-preview:large, max-video-preview:-1\" \/>\n<link rel=\"canonical\" href=\"https:\/\/medicinasinc.com\/cs\/product\/buy-thc-destilat-superior-extract\/\" \/>\n<meta property=\"og:locale\" content=\"en_US\" \/>\n<meta property=\"og:type\" content=\"article\" \/>\n<meta property=\"og:title\" content=\"Koupit destil\u00e1t THC \u2013 vynikaj\u00edc\u00ed extrakt \u2013 nejlep\u0161\u00ed glob\u00e1ln\u00ed l\u00e9ky\" \/>\n<meta property=\"og:description\" content=\"Kupte si extrakt z destil\u00e1tu THC a koncentr\u00e1ty THC na prodej z Velk\u00e9 Brit\u00e1nie, nejlep\u0161\u00ed evropsk\u00e9 online l\u00e9k\u00e1rny. Objednejte nyn\u00ed a z\u00edskejte dopravu zdarma p\u0159i n\u00e1kupu nad 150 $!\" \/>\n<meta property=\"og:url\" content=\"https:\/\/medicinasinc.com\/cs\/product\/buy-thc-destilat-superior-extract\/\" \/>\n<meta property=\"og:site_name\" content=\"Medicinas Inc\" \/>\n<meta property=\"article:modified_time\" content=\"2022-03-14T13:06:41+00:00\" \/>\n<meta property=\"og:image\" content=\"https:\/\/medicinasinc.com\/cs\/wp-content\/uploads\/sites\/2\/2022\/02\/Buy-THC-DISTILLATE-1.jpg\" \/>\n\t<meta property=\"og:image:width\" content=\"800\" \/>\n\t<meta property=\"og:image:height\" content=\"800\" \/>\n\t<meta property=\"og:image:type\" content=\"image\/jpeg\" \/>\n<meta name=\"twitter:card\" content=\"summary_large_image\" \/>\n<meta name=\"twitter:label1\" content=\"Est. reading time\" \/>\n\t<meta name=\"twitter:data1\" content=\"1 minute\" \/>\n<script type=\"application\/ld+json\" class=\"yoast-schema-graph\">{\"@context\":\"https:\\\/\\\/schema.org\",\"@graph\":[{\"@type\":\"WebPage\",\"@id\":\"https:\\\/\\\/medicinasinc.com\\\/cs\\\/product\\\/buy-thc-destilat-superior-extract\\\/\",\"url\":\"https:\\\/\\\/medicinasinc.com\\\/cs\\\/product\\\/buy-thc-destilat-superior-extract\\\/\",\"name\":\"Koupit destil\u00e1t THC \u2013 vynikaj\u00edc\u00ed extrakt \u2013 nejlep\u0161\u00ed glob\u00e1ln\u00ed l\u00e9ky\",\"isPartOf\":{\"@id\":\"https:\\\/\\\/medicinasinc.com\\\/cs\\\/#website\"},\"primaryImageOfPage\":{\"@id\":\"https:\\\/\\\/medicinasinc.com\\\/cs\\\/product\\\/buy-thc-destilat-superior-extract\\\/#primaryimage\"},\"image\":{\"@id\":\"https:\\\/\\\/medicinasinc.com\\\/cs\\\/product\\\/buy-thc-destilat-superior-extract\\\/#primaryimage\"},\"thumbnailUrl\":\"https:\\\/\\\/medicinasinc.com\\\/cs\\\/wp-content\\\/uploads\\\/sites\\\/2\\\/2022\\\/02\\\/Buy-THC-DISTILLATE-1.jpg\",\"datePublished\":\"2022-02-20T09:14:34+00:00\",\"dateModified\":\"2022-03-14T13:06:41+00:00\",\"description\":\"Kupte si extrakt z destil\u00e1tu THC a koncentr\u00e1ty THC na prodej z Velk\u00e9 Brit\u00e1nie, nejlep\u0161\u00ed evropsk\u00e9 online l\u00e9k\u00e1rny. Objednejte nyn\u00ed a z\u00edskejte dopravu zdarma p\u0159i n\u00e1kupu nad 150 $!\",\"breadcrumb\":{\"@id\":\"https:\\\/\\\/medicinasinc.com\\\/cs\\\/product\\\/buy-thc-destilat-superior-extract\\\/#breadcrumb\"},\"inLanguage\":\"en-US\",\"potentialAction\":[{\"@type\":\"ReadAction\",\"target\":[\"https:\\\/\\\/medicinasinc.com\\\/cs\\\/product\\\/buy-thc-destilat-superior-extract\\\/\"]}]},{\"@type\":\"ImageObject\",\"inLanguage\":\"en-US\",\"@id\":\"https:\\\/\\\/medicinasinc.com\\\/cs\\\/product\\\/buy-thc-destilat-superior-extract\\\/#primaryimage\",\"url\":\"https:\\\/\\\/medicinasinc.com\\\/cs\\\/wp-content\\\/uploads\\\/sites\\\/2\\\/2022\\\/02\\\/Buy-THC-DISTILLATE-1.jpg\",\"contentUrl\":\"https:\\\/\\\/medicinasinc.com\\\/cs\\\/wp-content\\\/uploads\\\/sites\\\/2\\\/2022\\\/02\\\/Buy-THC-DISTILLATE-1.jpg\",\"width\":800,\"height\":800},{\"@type\":\"BreadcrumbList\",\"@id\":\"https:\\\/\\\/medicinasinc.com\\\/cs\\\/product\\\/buy-thc-destilat-superior-extract\\\/#breadcrumb\",\"itemListElement\":[{\"@type\":\"ListItem\",\"position\":1,\"name\":\"Obchod\",\"item\":\"https:\\\/\\\/medicinasinc.com\\\/cs\\\/obchod\\\/\"},{\"@type\":\"ListItem\",\"position\":2,\"name\":\"Kupte si destil\u00e1t THC \u2013 vynikaj\u00edc\u00ed extrakt\"}]},{\"@type\":\"WebSite\",\"@id\":\"https:\\\/\\\/medicinasinc.com\\\/cs\\\/#website\",\"url\":\"https:\\\/\\\/medicinasinc.com\\\/cs\\\/\",\"name\":\"Medicinas Inc\",\"description\":\"Health Medical Clinic\",\"potentialAction\":[{\"@type\":\"SearchAction\",\"target\":{\"@type\":\"EntryPoint\",\"urlTemplate\":\"https:\\\/\\\/medicinasinc.com\\\/cs\\\/?s={search_term_string}\"},\"query-input\":{\"@type\":\"PropertyValueSpecification\",\"valueRequired\":true,\"valueName\":\"search_term_string\"}}],\"inLanguage\":\"en-US\"}]}<\/script>\n<!-- \/ Yoast SEO plugin. -->","yoast_head_json":{"title":"Koupit destil\u00e1t THC \u2013 vynikaj\u00edc\u00ed extrakt \u2013 nejlep\u0161\u00ed glob\u00e1ln\u00ed l\u00e9ky","description":"Kupte si extrakt z destil\u00e1tu THC a koncentr\u00e1ty THC na prodej z Velk\u00e9 Brit\u00e1nie, nejlep\u0161\u00ed evropsk\u00e9 online l\u00e9k\u00e1rny. Objednejte nyn\u00ed a z\u00edskejte dopravu zdarma p\u0159i n\u00e1kupu nad 150 $!","robots":{"index":"index","follow":"follow","max-snippet":"max-snippet:-1","max-image-preview":"max-image-preview:large","max-video-preview":"max-video-preview:-1"},"canonical":"https:\/\/medicinasinc.com\/cs\/product\/buy-thc-destilat-superior-extract\/","og_locale":"en_US","og_type":"article","og_title":"Koupit destil\u00e1t THC \u2013 vynikaj\u00edc\u00ed extrakt \u2013 nejlep\u0161\u00ed glob\u00e1ln\u00ed l\u00e9ky","og_description":"Kupte si extrakt z destil\u00e1tu THC a koncentr\u00e1ty THC na prodej z Velk\u00e9 Brit\u00e1nie, nejlep\u0161\u00ed evropsk\u00e9 online l\u00e9k\u00e1rny. Objednejte nyn\u00ed a z\u00edskejte dopravu zdarma p\u0159i n\u00e1kupu nad 150 $!","og_url":"https:\/\/medicinasinc.com\/cs\/product\/buy-thc-destilat-superior-extract\/","og_site_name":"Medicinas Inc","article_modified_time":"2022-03-14T13:06:41+00:00","og_image":[{"width":800,"height":800,"url":"https:\/\/medicinasinc.com\/cs\/wp-content\/uploads\/sites\/2\/2022\/02\/Buy-THC-DISTILLATE-1.jpg","type":"image\/jpeg"}],"twitter_card":"summary_large_image","twitter_misc":{"Est. reading time":"1 minute"},"schema":{"@context":"https:\/\/schema.org","@graph":[{"@type":"WebPage","@id":"https:\/\/medicinasinc.com\/cs\/product\/buy-thc-destilat-superior-extract\/","url":"https:\/\/medicinasinc.com\/cs\/product\/buy-thc-destilat-superior-extract\/","name":"Koupit destil\u00e1t THC \u2013 vynikaj\u00edc\u00ed extrakt \u2013 nejlep\u0161\u00ed glob\u00e1ln\u00ed l\u00e9ky","isPartOf":{"@id":"https:\/\/medicinasinc.com\/cs\/#website"},"primaryImageOfPage":{"@id":"https:\/\/medicinasinc.com\/cs\/product\/buy-thc-destilat-superior-extract\/#primaryimage"},"image":{"@id":"https:\/\/medicinasinc.com\/cs\/product\/buy-thc-destilat-superior-extract\/#primaryimage"},"thumbnailUrl":"https:\/\/medicinasinc.com\/cs\/wp-content\/uploads\/sites\/2\/2022\/02\/Buy-THC-DISTILLATE-1.jpg","datePublished":"2022-02-20T09:14:34+00:00","dateModified":"2022-03-14T13:06:41+00:00","description":"Kupte si extrakt z destil\u00e1tu THC a koncentr\u00e1ty THC na prodej z Velk\u00e9 Brit\u00e1nie, nejlep\u0161\u00ed evropsk\u00e9 online l\u00e9k\u00e1rny. Objednejte nyn\u00ed a z\u00edskejte dopravu zdarma p\u0159i n\u00e1kupu nad 150 $!","breadcrumb":{"@id":"https:\/\/medicinasinc.com\/cs\/product\/buy-thc-destilat-superior-extract\/#breadcrumb"},"inLanguage":"en-US","potentialAction":[{"@type":"ReadAction","target":["https:\/\/medicinasinc.com\/cs\/product\/buy-thc-destilat-superior-extract\/"]}]},{"@type":"ImageObject","inLanguage":"en-US","@id":"https:\/\/medicinasinc.com\/cs\/product\/buy-thc-destilat-superior-extract\/#primaryimage","url":"https:\/\/medicinasinc.com\/cs\/wp-content\/uploads\/sites\/2\/2022\/02\/Buy-THC-DISTILLATE-1.jpg","contentUrl":"https:\/\/medicinasinc.com\/cs\/wp-content\/uploads\/sites\/2\/2022\/02\/Buy-THC-DISTILLATE-1.jpg","width":800,"height":800},{"@type":"BreadcrumbList","@id":"https:\/\/medicinasinc.com\/cs\/product\/buy-thc-destilat-superior-extract\/#breadcrumb","itemListElement":[{"@type":"ListItem","position":1,"name":"Obchod","item":"https:\/\/medicinasinc.com\/cs\/obchod\/"},{"@type":"ListItem","position":2,"name":"Kupte si destil\u00e1t THC \u2013 vynikaj\u00edc\u00ed extrakt"}]},{"@type":"WebSite","@id":"https:\/\/medicinasinc.com\/cs\/#website","url":"https:\/\/medicinasinc.com\/cs\/","name":"Medicinas Inc","description":"Health Medical Clinic","potentialAction":[{"@type":"SearchAction","target":{"@type":"EntryPoint","urlTemplate":"https:\/\/medicinasinc.com\/cs\/?s={search_term_string}"},"query-input":{"@type":"PropertyValueSpecification","valueRequired":true,"valueName":"search_term_string"}}],"inLanguage":"en-US"}]}},"_links":{"self":[{"href":"https:\/\/medicinasinc.com\/cs\/wp-json\/wp\/v2\/product\/4431","targetHints":{"allow":["GET"]}}],"collection":[{"href":"https:\/\/medicinasinc.com\/cs\/wp-json\/wp\/v2\/product"}],"about":[{"href":"https:\/\/medicinasinc.com\/cs\/wp-json\/wp\/v2\/types\/product"}],"replies":[{"embeddable":true,"href":"https:\/\/medicinasinc.com\/cs\/wp-json\/wp\/v2\/comments?post=4431"}],"wp:featuredmedia":[{"embeddable":true,"href":"https:\/\/medicinasinc.com\/cs\/wp-json\/wp\/v2\/media\/4465"}],"wp:attachment":[{"href":"https:\/\/medicinasinc.com\/cs\/wp-json\/wp\/v2\/media?parent=4431"}],"wp:term":[{"taxonomy":"product_brand","embeddable":true,"href":"https:\/\/medicinasinc.com\/cs\/wp-json\/wp\/v2\/product_brand?post=4431"},{"taxonomy":"product_cat","embeddable":true,"href":"https:\/\/medicinasinc.com\/cs\/wp-json\/wp\/v2\/product_cat?post=4431"},{"taxonomy":"product_tag","embeddable":true,"href":"https:\/\/medicinasinc.com\/cs\/wp-json\/wp\/v2\/product_tag?post=4431"}],"curies":[{"name":"wp","href":"https:\/\/api.w.org\/{rel}","templated":true}]}}