{"id":4425,"date":"2022-02-20T09:10:27","date_gmt":"2022-02-20T09:10:27","guid":{"rendered":"https:\/\/medicinasinc.com\/cs\/?post_type=product&#038;p=4425"},"modified":"2022-03-14T13:06:54","modified_gmt":"2022-03-14T13:06:54","slug":"buy-skywalker-og-thc-destilat-kosher-extract","status":"publish","type":"product","link":"https:\/\/medicinasinc.com\/cs\/product\/buy-skywalker-og-thc-destilat-kosher-extract\/","title":{"rendered":"Kupte si Skywalker OG THC Destil\u00e1t \u2013 ko\u0161er extrakt"},"content":{"rendered":"<p>Kosher extrakt z destil\u00e1tu THC<\/p>\n<p>Destil\u00e1t THC je jedn\u00edm z nej\u010dist\u0161\u00edch a nej\u00fa\u010dinn\u011bj\u0161\u00edch extrakt\u016f z konop\u00ed na trhu, kter\u00fd poskytuje \u0161irokou \u0161k\u00e1lu l\u00e9\u010div\u00fdch v\u00fdhod a vlastnost\u00ed. Konop\u00ed se \u0161t\u011bp\u00ed pomoc\u00ed molekul\u00e1rn\u00ed kr\u00e1tkocestn\u00e9 destilace, dokud se prakticky ka\u017ed\u00e1 slo\u017eka neodd\u011bl\u00ed od THC (to zahrnuje: terpeny, rostlinn\u00e9 lipidy, pesticidy a dal\u0161\u00ed kontaminanty). Tato metoda produkuje extr\u00e9mn\u011b \u010dist\u00fd extrakt z konop\u00ed bez pou\u017eit\u00ed rozpou\u0161t\u011bdel k extrakci THC. Spolu s touto \u010distotou destilace produkuje produkt, kter\u00fd je v\u00fdrazn\u011b \u00fa\u010dinn\u011bj\u0161\u00ed ne\u017e such\u00e9 bylinn\u00e9 nebo jin\u00e9 extrakty z konop\u00ed. THC destil\u00e1t m\u016f\u017ee obsahovat 85 a\u017e 99 procent THC!<\/p>\n","protected":false},"excerpt":{"rendered":"<p><em>Koupit Skywalker OG Distillate<\/em>\u00a0Injek\u010dn\u00ed st\u0159\u00edka\u010dka je relaxa\u010dn\u00ed olej Indica, kter\u00fd zklid\u0148uje mysl, uvol\u0148uje t\u011blo a uvede v\u00e1s do tot\u00e1ln\u00ed euforie.<\/p>\n<p><em>Koupit Skywalker OG destil\u00e1t THC<\/em>\u00a0&#8211; ko\u0161er extrakt online v Kanad\u011b z nejv\u011bt\u0161\u00ed online v\u00fddejny, Buy My Weed Online.<\/p>\n<ul>\n<li><\/li>\n<li>Celosv\u011btov\u00e1 doprava<\/li>\n<li>Minim\u00e1ln\u00ed mno\u017estv\u00ed objedn\u00e1vky je 5<\/li>\n<li><strong>Kontaktujte n\u00e1s<\/strong>\u00a0pro v\u011bt\u0161\u00ed objedn\u00e1vky<\/li>\n<\/ul>\n","protected":false},"featured_media":4459,"comment_status":"open","ping_status":"closed","template":"","meta":[],"product_brand":[],"product_cat":[440],"product_tag":[],"class_list":{"0":"post-4425","1":"product","2":"type-product","3":"status-publish","4":"has-post-thumbnail","6":"product_cat-koupit-konopi-cbd-olej","8":"first","9":"instock","10":"shipping-taxable","11":"purchasable","12":"product-type-variable","13":"has-default-attributes"},"yoast_head":"<!-- This site is optimized with the Yoast SEO plugin v27.3 - https:\/\/yoast.com\/product\/yoast-seo-wordpress\/ -->\n<title>Koupit Skywalker OG THC Distillate \u2013 ko\u0161er extrakt \u2013 n\u00e1hled popisu Best Global MedsMeta:<\/title>\n<meta name=\"description\" content=\"Prodej destil\u00e1tu Skywalker OG THC - ko\u0161er extrakt online v Evrop\u011b od nejv\u011bt\u0161\u00ed online v\u00fddejny, Buy My Weed Online.\" \/>\n<meta name=\"robots\" content=\"index, follow, max-snippet:-1, max-image-preview:large, max-video-preview:-1\" \/>\n<link rel=\"canonical\" href=\"https:\/\/medicinasinc.com\/cs\/product\/buy-skywalker-og-thc-destilat-kosher-extract\/\" \/>\n<meta property=\"og:locale\" content=\"en_US\" \/>\n<meta property=\"og:type\" content=\"article\" \/>\n<meta property=\"og:title\" content=\"Koupit Skywalker OG THC Distillate \u2013 ko\u0161er extrakt \u2013 n\u00e1hled popisu Best Global MedsMeta:\" \/>\n<meta property=\"og:description\" content=\"Prodej destil\u00e1tu Skywalker OG THC - ko\u0161er extrakt online v Evrop\u011b od nejv\u011bt\u0161\u00ed online v\u00fddejny, Buy My Weed Online.\" \/>\n<meta property=\"og:url\" content=\"https:\/\/medicinasinc.com\/cs\/product\/buy-skywalker-og-thc-destilat-kosher-extract\/\" \/>\n<meta property=\"og:site_name\" content=\"Medicinas Inc\" \/>\n<meta property=\"article:modified_time\" content=\"2022-03-14T13:06:54+00:00\" \/>\n<meta property=\"og:image\" content=\"https:\/\/medicinasinc.com\/cs\/wp-content\/uploads\/sites\/2\/2022\/02\/Buy-Skywalker-OG-THC-Distillate.jpg\" \/>\n\t<meta property=\"og:image:width\" content=\"980\" \/>\n\t<meta property=\"og:image:height\" content=\"980\" \/>\n\t<meta property=\"og:image:type\" content=\"image\/jpeg\" \/>\n<meta name=\"twitter:card\" content=\"summary_large_image\" \/>\n<meta name=\"twitter:label1\" content=\"Est. reading time\" \/>\n\t<meta name=\"twitter:data1\" content=\"1 minute\" \/>\n<script type=\"application\/ld+json\" class=\"yoast-schema-graph\">{\"@context\":\"https:\\\/\\\/schema.org\",\"@graph\":[{\"@type\":\"WebPage\",\"@id\":\"https:\\\/\\\/medicinasinc.com\\\/cs\\\/product\\\/buy-skywalker-og-thc-destilat-kosher-extract\\\/\",\"url\":\"https:\\\/\\\/medicinasinc.com\\\/cs\\\/product\\\/buy-skywalker-og-thc-destilat-kosher-extract\\\/\",\"name\":\"Koupit Skywalker OG THC Distillate \u2013 ko\u0161er extrakt \u2013 n\u00e1hled popisu Best Global MedsMeta:\",\"isPartOf\":{\"@id\":\"https:\\\/\\\/medicinasinc.com\\\/cs\\\/#website\"},\"primaryImageOfPage\":{\"@id\":\"https:\\\/\\\/medicinasinc.com\\\/cs\\\/product\\\/buy-skywalker-og-thc-destilat-kosher-extract\\\/#primaryimage\"},\"image\":{\"@id\":\"https:\\\/\\\/medicinasinc.com\\\/cs\\\/product\\\/buy-skywalker-og-thc-destilat-kosher-extract\\\/#primaryimage\"},\"thumbnailUrl\":\"https:\\\/\\\/medicinasinc.com\\\/cs\\\/wp-content\\\/uploads\\\/sites\\\/2\\\/2022\\\/02\\\/Buy-Skywalker-OG-THC-Distillate.jpg\",\"datePublished\":\"2022-02-20T09:10:27+00:00\",\"dateModified\":\"2022-03-14T13:06:54+00:00\",\"description\":\"Prodej destil\u00e1tu Skywalker OG THC - ko\u0161er extrakt online v Evrop\u011b od nejv\u011bt\u0161\u00ed online v\u00fddejny, Buy My Weed Online.\",\"breadcrumb\":{\"@id\":\"https:\\\/\\\/medicinasinc.com\\\/cs\\\/product\\\/buy-skywalker-og-thc-destilat-kosher-extract\\\/#breadcrumb\"},\"inLanguage\":\"en-US\",\"potentialAction\":[{\"@type\":\"ReadAction\",\"target\":[\"https:\\\/\\\/medicinasinc.com\\\/cs\\\/product\\\/buy-skywalker-og-thc-destilat-kosher-extract\\\/\"]}]},{\"@type\":\"ImageObject\",\"inLanguage\":\"en-US\",\"@id\":\"https:\\\/\\\/medicinasinc.com\\\/cs\\\/product\\\/buy-skywalker-og-thc-destilat-kosher-extract\\\/#primaryimage\",\"url\":\"https:\\\/\\\/medicinasinc.com\\\/cs\\\/wp-content\\\/uploads\\\/sites\\\/2\\\/2022\\\/02\\\/Buy-Skywalker-OG-THC-Distillate.jpg\",\"contentUrl\":\"https:\\\/\\\/medicinasinc.com\\\/cs\\\/wp-content\\\/uploads\\\/sites\\\/2\\\/2022\\\/02\\\/Buy-Skywalker-OG-THC-Distillate.jpg\",\"width\":980,\"height\":980},{\"@type\":\"BreadcrumbList\",\"@id\":\"https:\\\/\\\/medicinasinc.com\\\/cs\\\/product\\\/buy-skywalker-og-thc-destilat-kosher-extract\\\/#breadcrumb\",\"itemListElement\":[{\"@type\":\"ListItem\",\"position\":1,\"name\":\"Obchod\",\"item\":\"https:\\\/\\\/medicinasinc.com\\\/cs\\\/obchod\\\/\"},{\"@type\":\"ListItem\",\"position\":2,\"name\":\"Kupte si Skywalker OG THC Destil\u00e1t \u2013 ko\u0161er extrakt\"}]},{\"@type\":\"WebSite\",\"@id\":\"https:\\\/\\\/medicinasinc.com\\\/cs\\\/#website\",\"url\":\"https:\\\/\\\/medicinasinc.com\\\/cs\\\/\",\"name\":\"Medicinas Inc\",\"description\":\"Health Medical Clinic\",\"potentialAction\":[{\"@type\":\"SearchAction\",\"target\":{\"@type\":\"EntryPoint\",\"urlTemplate\":\"https:\\\/\\\/medicinasinc.com\\\/cs\\\/?s={search_term_string}\"},\"query-input\":{\"@type\":\"PropertyValueSpecification\",\"valueRequired\":true,\"valueName\":\"search_term_string\"}}],\"inLanguage\":\"en-US\"}]}<\/script>\n<!-- \/ Yoast SEO plugin. -->","yoast_head_json":{"title":"Koupit Skywalker OG THC Distillate \u2013 ko\u0161er extrakt \u2013 n\u00e1hled popisu Best Global MedsMeta:","description":"Prodej destil\u00e1tu Skywalker OG THC - ko\u0161er extrakt online v Evrop\u011b od nejv\u011bt\u0161\u00ed online v\u00fddejny, Buy My Weed Online.","robots":{"index":"index","follow":"follow","max-snippet":"max-snippet:-1","max-image-preview":"max-image-preview:large","max-video-preview":"max-video-preview:-1"},"canonical":"https:\/\/medicinasinc.com\/cs\/product\/buy-skywalker-og-thc-destilat-kosher-extract\/","og_locale":"en_US","og_type":"article","og_title":"Koupit Skywalker OG THC Distillate \u2013 ko\u0161er extrakt \u2013 n\u00e1hled popisu Best Global MedsMeta:","og_description":"Prodej destil\u00e1tu Skywalker OG THC - ko\u0161er extrakt online v Evrop\u011b od nejv\u011bt\u0161\u00ed online v\u00fddejny, Buy My Weed Online.","og_url":"https:\/\/medicinasinc.com\/cs\/product\/buy-skywalker-og-thc-destilat-kosher-extract\/","og_site_name":"Medicinas Inc","article_modified_time":"2022-03-14T13:06:54+00:00","og_image":[{"width":980,"height":980,"url":"https:\/\/medicinasinc.com\/cs\/wp-content\/uploads\/sites\/2\/2022\/02\/Buy-Skywalker-OG-THC-Distillate.jpg","type":"image\/jpeg"}],"twitter_card":"summary_large_image","twitter_misc":{"Est. reading time":"1 minute"},"schema":{"@context":"https:\/\/schema.org","@graph":[{"@type":"WebPage","@id":"https:\/\/medicinasinc.com\/cs\/product\/buy-skywalker-og-thc-destilat-kosher-extract\/","url":"https:\/\/medicinasinc.com\/cs\/product\/buy-skywalker-og-thc-destilat-kosher-extract\/","name":"Koupit Skywalker OG THC Distillate \u2013 ko\u0161er extrakt \u2013 n\u00e1hled popisu Best Global MedsMeta:","isPartOf":{"@id":"https:\/\/medicinasinc.com\/cs\/#website"},"primaryImageOfPage":{"@id":"https:\/\/medicinasinc.com\/cs\/product\/buy-skywalker-og-thc-destilat-kosher-extract\/#primaryimage"},"image":{"@id":"https:\/\/medicinasinc.com\/cs\/product\/buy-skywalker-og-thc-destilat-kosher-extract\/#primaryimage"},"thumbnailUrl":"https:\/\/medicinasinc.com\/cs\/wp-content\/uploads\/sites\/2\/2022\/02\/Buy-Skywalker-OG-THC-Distillate.jpg","datePublished":"2022-02-20T09:10:27+00:00","dateModified":"2022-03-14T13:06:54+00:00","description":"Prodej destil\u00e1tu Skywalker OG THC - ko\u0161er extrakt online v Evrop\u011b od nejv\u011bt\u0161\u00ed online v\u00fddejny, Buy My Weed Online.","breadcrumb":{"@id":"https:\/\/medicinasinc.com\/cs\/product\/buy-skywalker-og-thc-destilat-kosher-extract\/#breadcrumb"},"inLanguage":"en-US","potentialAction":[{"@type":"ReadAction","target":["https:\/\/medicinasinc.com\/cs\/product\/buy-skywalker-og-thc-destilat-kosher-extract\/"]}]},{"@type":"ImageObject","inLanguage":"en-US","@id":"https:\/\/medicinasinc.com\/cs\/product\/buy-skywalker-og-thc-destilat-kosher-extract\/#primaryimage","url":"https:\/\/medicinasinc.com\/cs\/wp-content\/uploads\/sites\/2\/2022\/02\/Buy-Skywalker-OG-THC-Distillate.jpg","contentUrl":"https:\/\/medicinasinc.com\/cs\/wp-content\/uploads\/sites\/2\/2022\/02\/Buy-Skywalker-OG-THC-Distillate.jpg","width":980,"height":980},{"@type":"BreadcrumbList","@id":"https:\/\/medicinasinc.com\/cs\/product\/buy-skywalker-og-thc-destilat-kosher-extract\/#breadcrumb","itemListElement":[{"@type":"ListItem","position":1,"name":"Obchod","item":"https:\/\/medicinasinc.com\/cs\/obchod\/"},{"@type":"ListItem","position":2,"name":"Kupte si Skywalker OG THC Destil\u00e1t \u2013 ko\u0161er extrakt"}]},{"@type":"WebSite","@id":"https:\/\/medicinasinc.com\/cs\/#website","url":"https:\/\/medicinasinc.com\/cs\/","name":"Medicinas Inc","description":"Health Medical Clinic","potentialAction":[{"@type":"SearchAction","target":{"@type":"EntryPoint","urlTemplate":"https:\/\/medicinasinc.com\/cs\/?s={search_term_string}"},"query-input":{"@type":"PropertyValueSpecification","valueRequired":true,"valueName":"search_term_string"}}],"inLanguage":"en-US"}]}},"_links":{"self":[{"href":"https:\/\/medicinasinc.com\/cs\/wp-json\/wp\/v2\/product\/4425","targetHints":{"allow":["GET"]}}],"collection":[{"href":"https:\/\/medicinasinc.com\/cs\/wp-json\/wp\/v2\/product"}],"about":[{"href":"https:\/\/medicinasinc.com\/cs\/wp-json\/wp\/v2\/types\/product"}],"replies":[{"embeddable":true,"href":"https:\/\/medicinasinc.com\/cs\/wp-json\/wp\/v2\/comments?post=4425"}],"wp:featuredmedia":[{"embeddable":true,"href":"https:\/\/medicinasinc.com\/cs\/wp-json\/wp\/v2\/media\/4459"}],"wp:attachment":[{"href":"https:\/\/medicinasinc.com\/cs\/wp-json\/wp\/v2\/media?parent=4425"}],"wp:term":[{"taxonomy":"product_brand","embeddable":true,"href":"https:\/\/medicinasinc.com\/cs\/wp-json\/wp\/v2\/product_brand?post=4425"},{"taxonomy":"product_cat","embeddable":true,"href":"https:\/\/medicinasinc.com\/cs\/wp-json\/wp\/v2\/product_cat?post=4425"},{"taxonomy":"product_tag","embeddable":true,"href":"https:\/\/medicinasinc.com\/cs\/wp-json\/wp\/v2\/product_tag?post=4425"}],"curies":[{"name":"wp","href":"https:\/\/api.w.org\/{rel}","templated":true}]}}