{"id":4413,"date":"2022-02-20T09:01:25","date_gmt":"2022-02-20T09:01:25","guid":{"rendered":"https:\/\/medicinasinc.com\/cs\/?post_type=product&#038;p=4413"},"modified":"2022-03-14T13:07:05","modified_gmt":"2022-03-14T13:07:05","slug":"rso-ruzovy-kush-olej-5-ml","status":"publish","type":"product","link":"https:\/\/medicinasinc.com\/cs\/product\/rso-ruzovy-kush-olej-5-ml\/","title":{"rendered":"RSO | Pink Kush Oil \u2013 5 ml"},"content":{"rendered":"<p>Kush Pink (Rick Simpson Oil)<\/p>\n<p>5 ml v d\u00e1vkova\u010di \u201eEos\u201c vyroben\u00e9m z polypropylenu se zelen\u00fdm z\u00e1vitem pro p\u0159esn\u00e9 d\u00e1vkov\u00e1n\u00ed.<\/p>\n<p>Tento olej Ricka Simpsona je odvozen od r\u016f\u017eov\u00e9 Kv\u011btiny Kush p\u011bstovan\u00e9 v bujn\u00e9m vnitrozem\u00ed Britsk\u00e9 Kolumbie!<\/p>\n<p>Pink Kush je pova\u017eov\u00e1n za vzd\u00e1len\u00e9ho p\u0159\u00edbuzn\u00e9ho legend\u00e1rn\u00edho OG Kush (jedna z nejobl\u00edben\u011bj\u0161\u00edch odr\u016fd konop\u00ed v historii). Pink Kush pokra\u010duje v tradici t\u00edm, \u017ee poskytuje siln\u00e9 t\u011blo, co\u017e z n\u011bj d\u011bl\u00e1 jednu z nejv\u00edce dostupn\u00fdch l\u00e9\u010div\u00fdch odr\u016fd. \u00da\u010dinky tohoto kmene jsou t\u00e9m\u011b\u0159 okam\u017eit\u00e9. U\u017eivatel je zaplaven h\u0159ejiv\u00fdm t\u011blesn\u00fdm pocitem, kter\u00fd je doprov\u00e1zen intenzivn\u00edm euforick\u00fdm cerebr\u00e1ln\u00edm bzu\u010den\u00edm. Hybrid s dominanc\u00ed sativy, kter\u00fd p\u0159in\u00e1\u0161\u00ed intenzivn\u00ed v\u00fd\u0161ku zam\u011b\u0159enou na t\u011blo. Pink Kush je proto \u00fa\u010dinnou l\u00e9\u010dbou \u00fazkosti, deprese, z\u00e1n\u011btu, chronick\u00e9 bolesti, bolest\u00ed hlavy, nespavosti a ztr\u00e1ty chuti k j\u00eddlu.<\/p>\n<p>Nez\u00e1visl\u00e9 testov\u00e1n\u00ed v laborato\u0159\u00edch MB odhalilo, \u017ee tento pr\u00e9miov\u00fd RSO obsahuje v\u00edce ne\u017e 73,27 procent kanabinoid\u016f, v\u010detn\u011b 68,80 procenta THC!<\/p>\n<p>Zjistili jsme, \u017ee tento produkt obsahuje 90 % indica.<\/p>\n<p>1) Delta-9 THC = 68,80 %<br \/> 2) CBG = 1,80 %<br \/> 3) CBC = 0,96 %<br \/> 4) CBN = 0,89 %<br \/> 5) CBD = 0,44 %<\/p>\n<div class=\"product-next-previous\">\n<div class=\"product-prev \"><\/div><\/div>\n","protected":false},"excerpt":{"rendered":"<p>Koupit RSO | Pink Kush Oil &#8211; 5 ml na prodej online USA, Evropa z nejv\u011bt\u0161\u00ed online v\u00fddejny, Buy My Weed Online na prodej.<\/p>\n<p><em>Koupit<\/em>\u00a0Viridesco&#8217;s\u00a0<em>RSO Pink Kush 5ml<\/em>\u00a0dnes z pohodl\u00ed va\u0161eho domova. <em>Nakupte RSO<\/em>\u00a0bezpe\u010dn\u011b a diskr\u00e9tn\u011b z jak\u00e9koli provincie v Kanad\u011b. Objednejte online je\u0161t\u011b dnes!<\/p>\n<ul>\n<li><\/li>\n<li>Celosv\u011btov\u00e1 doprava<\/li>\n<li>Minim\u00e1ln\u00ed mno\u017estv\u00ed objedn\u00e1vky je 5<\/li>\n<li><strong>Kontaktujte n\u00e1s<\/li>\n<p> strong&gt;\u00a0pro v\u011bt\u0161\u00ed objedn\u00e1vky<\/li>\n<\/ul>\n","protected":false},"featured_media":4447,"comment_status":"open","ping_status":"closed","template":"","meta":[],"product_brand":[],"product_cat":[440],"product_tag":[],"class_list":{"0":"post-4413","1":"product","2":"type-product","3":"status-publish","4":"has-post-thumbnail","6":"product_cat-koupit-konopi-cbd-olej","8":"first","9":"instock","10":"shipping-taxable","11":"purchasable","12":"product-type-variable","13":"has-default-attributes"},"yoast_head":"<!-- This site is optimized with the Yoast SEO plugin v27.3 - https:\/\/yoast.com\/product\/yoast-seo-wordpress\/ -->\n<title>RSO | Pink Kush Oil - 5 ml - Koupit My Weed online - Global Medicnas<\/title>\n<meta name=\"description\" content=\"Koupit RSO | Pink Kush Oil - 5ml na prodej online USA, Evropa z nejv\u011bt\u0161\u00ed online l\u00e9k\u00e1rny, Buy My Weed Online na prodej.\" \/>\n<meta name=\"robots\" content=\"index, follow, max-snippet:-1, max-image-preview:large, max-video-preview:-1\" \/>\n<link rel=\"canonical\" href=\"https:\/\/medicinasinc.com\/cs\/product\/rso-ruzovy-kush-olej-5-ml\/\" \/>\n<meta property=\"og:locale\" content=\"en_US\" \/>\n<meta property=\"og:type\" content=\"article\" \/>\n<meta property=\"og:title\" content=\"RSO | Pink Kush Oil - 5 ml - Koupit My Weed online - Global Medicnas\" \/>\n<meta property=\"og:description\" content=\"Koupit RSO | Pink Kush Oil - 5ml na prodej online USA, Evropa z nejv\u011bt\u0161\u00ed online l\u00e9k\u00e1rny, Buy My Weed Online na prodej.\" \/>\n<meta property=\"og:url\" content=\"https:\/\/medicinasinc.com\/cs\/product\/rso-ruzovy-kush-olej-5-ml\/\" \/>\n<meta property=\"og:site_name\" content=\"Medicinas Inc\" \/>\n<meta property=\"article:modified_time\" content=\"2022-03-14T13:07:05+00:00\" \/>\n<meta property=\"og:image\" content=\"https:\/\/medicinasinc.com\/cs\/wp-content\/uploads\/sites\/2\/2022\/02\/Buy-RSO-Pink-Kush-Oil-\u2013-5ml.jpg\" \/>\n\t<meta property=\"og:image:width\" content=\"800\" \/>\n\t<meta property=\"og:image:height\" content=\"800\" \/>\n\t<meta property=\"og:image:type\" content=\"image\/jpeg\" \/>\n<meta name=\"twitter:card\" content=\"summary_large_image\" \/>\n<meta name=\"twitter:label1\" content=\"Est. reading time\" \/>\n\t<meta name=\"twitter:data1\" content=\"1 minute\" \/>\n<script type=\"application\/ld+json\" class=\"yoast-schema-graph\">{\"@context\":\"https:\\\/\\\/schema.org\",\"@graph\":[{\"@type\":\"WebPage\",\"@id\":\"https:\\\/\\\/medicinasinc.com\\\/cs\\\/product\\\/rso-ruzovy-kush-olej-5-ml\\\/\",\"url\":\"https:\\\/\\\/medicinasinc.com\\\/cs\\\/product\\\/rso-ruzovy-kush-olej-5-ml\\\/\",\"name\":\"RSO | Pink Kush Oil - 5 ml - Koupit My Weed online - Global Medicnas\",\"isPartOf\":{\"@id\":\"https:\\\/\\\/medicinasinc.com\\\/cs\\\/#website\"},\"primaryImageOfPage\":{\"@id\":\"https:\\\/\\\/medicinasinc.com\\\/cs\\\/product\\\/rso-ruzovy-kush-olej-5-ml\\\/#primaryimage\"},\"image\":{\"@id\":\"https:\\\/\\\/medicinasinc.com\\\/cs\\\/product\\\/rso-ruzovy-kush-olej-5-ml\\\/#primaryimage\"},\"thumbnailUrl\":\"https:\\\/\\\/medicinasinc.com\\\/cs\\\/wp-content\\\/uploads\\\/sites\\\/2\\\/2022\\\/02\\\/Buy-RSO-Pink-Kush-Oil-\u2013-5ml.jpg\",\"datePublished\":\"2022-02-20T09:01:25+00:00\",\"dateModified\":\"2022-03-14T13:07:05+00:00\",\"description\":\"Koupit RSO | Pink Kush Oil - 5ml na prodej online USA, Evropa z nejv\u011bt\u0161\u00ed online l\u00e9k\u00e1rny, Buy My Weed Online na prodej.\",\"breadcrumb\":{\"@id\":\"https:\\\/\\\/medicinasinc.com\\\/cs\\\/product\\\/rso-ruzovy-kush-olej-5-ml\\\/#breadcrumb\"},\"inLanguage\":\"en-US\",\"potentialAction\":[{\"@type\":\"ReadAction\",\"target\":[\"https:\\\/\\\/medicinasinc.com\\\/cs\\\/product\\\/rso-ruzovy-kush-olej-5-ml\\\/\"]}]},{\"@type\":\"ImageObject\",\"inLanguage\":\"en-US\",\"@id\":\"https:\\\/\\\/medicinasinc.com\\\/cs\\\/product\\\/rso-ruzovy-kush-olej-5-ml\\\/#primaryimage\",\"url\":\"https:\\\/\\\/medicinasinc.com\\\/cs\\\/wp-content\\\/uploads\\\/sites\\\/2\\\/2022\\\/02\\\/Buy-RSO-Pink-Kush-Oil-\u2013-5ml.jpg\",\"contentUrl\":\"https:\\\/\\\/medicinasinc.com\\\/cs\\\/wp-content\\\/uploads\\\/sites\\\/2\\\/2022\\\/02\\\/Buy-RSO-Pink-Kush-Oil-\u2013-5ml.jpg\",\"width\":800,\"height\":800},{\"@type\":\"BreadcrumbList\",\"@id\":\"https:\\\/\\\/medicinasinc.com\\\/cs\\\/product\\\/rso-ruzovy-kush-olej-5-ml\\\/#breadcrumb\",\"itemListElement\":[{\"@type\":\"ListItem\",\"position\":1,\"name\":\"Obchod\",\"item\":\"https:\\\/\\\/medicinasinc.com\\\/cs\\\/obchod\\\/\"},{\"@type\":\"ListItem\",\"position\":2,\"name\":\"RSO | Pink Kush Oil \u2013 5 ml\"}]},{\"@type\":\"WebSite\",\"@id\":\"https:\\\/\\\/medicinasinc.com\\\/cs\\\/#website\",\"url\":\"https:\\\/\\\/medicinasinc.com\\\/cs\\\/\",\"name\":\"Medicinas Inc\",\"description\":\"Health Medical Clinic\",\"potentialAction\":[{\"@type\":\"SearchAction\",\"target\":{\"@type\":\"EntryPoint\",\"urlTemplate\":\"https:\\\/\\\/medicinasinc.com\\\/cs\\\/?s={search_term_string}\"},\"query-input\":{\"@type\":\"PropertyValueSpecification\",\"valueRequired\":true,\"valueName\":\"search_term_string\"}}],\"inLanguage\":\"en-US\"}]}<\/script>\n<!-- \/ Yoast SEO plugin. -->","yoast_head_json":{"title":"RSO | Pink Kush Oil - 5 ml - Koupit My Weed online - Global Medicnas","description":"Koupit RSO | Pink Kush Oil - 5ml na prodej online USA, Evropa z nejv\u011bt\u0161\u00ed online l\u00e9k\u00e1rny, Buy My Weed Online na prodej.","robots":{"index":"index","follow":"follow","max-snippet":"max-snippet:-1","max-image-preview":"max-image-preview:large","max-video-preview":"max-video-preview:-1"},"canonical":"https:\/\/medicinasinc.com\/cs\/product\/rso-ruzovy-kush-olej-5-ml\/","og_locale":"en_US","og_type":"article","og_title":"RSO | Pink Kush Oil - 5 ml - Koupit My Weed online - Global Medicnas","og_description":"Koupit RSO | Pink Kush Oil - 5ml na prodej online USA, Evropa z nejv\u011bt\u0161\u00ed online l\u00e9k\u00e1rny, Buy My Weed Online na prodej.","og_url":"https:\/\/medicinasinc.com\/cs\/product\/rso-ruzovy-kush-olej-5-ml\/","og_site_name":"Medicinas Inc","article_modified_time":"2022-03-14T13:07:05+00:00","og_image":[{"width":800,"height":800,"url":"https:\/\/medicinasinc.com\/cs\/wp-content\/uploads\/sites\/2\/2022\/02\/Buy-RSO-Pink-Kush-Oil-\u2013-5ml.jpg","type":"image\/jpeg"}],"twitter_card":"summary_large_image","twitter_misc":{"Est. reading time":"1 minute"},"schema":{"@context":"https:\/\/schema.org","@graph":[{"@type":"WebPage","@id":"https:\/\/medicinasinc.com\/cs\/product\/rso-ruzovy-kush-olej-5-ml\/","url":"https:\/\/medicinasinc.com\/cs\/product\/rso-ruzovy-kush-olej-5-ml\/","name":"RSO | Pink Kush Oil - 5 ml - Koupit My Weed online - Global Medicnas","isPartOf":{"@id":"https:\/\/medicinasinc.com\/cs\/#website"},"primaryImageOfPage":{"@id":"https:\/\/medicinasinc.com\/cs\/product\/rso-ruzovy-kush-olej-5-ml\/#primaryimage"},"image":{"@id":"https:\/\/medicinasinc.com\/cs\/product\/rso-ruzovy-kush-olej-5-ml\/#primaryimage"},"thumbnailUrl":"https:\/\/medicinasinc.com\/cs\/wp-content\/uploads\/sites\/2\/2022\/02\/Buy-RSO-Pink-Kush-Oil-\u2013-5ml.jpg","datePublished":"2022-02-20T09:01:25+00:00","dateModified":"2022-03-14T13:07:05+00:00","description":"Koupit RSO | Pink Kush Oil - 5ml na prodej online USA, Evropa z nejv\u011bt\u0161\u00ed online l\u00e9k\u00e1rny, Buy My Weed Online na prodej.","breadcrumb":{"@id":"https:\/\/medicinasinc.com\/cs\/product\/rso-ruzovy-kush-olej-5-ml\/#breadcrumb"},"inLanguage":"en-US","potentialAction":[{"@type":"ReadAction","target":["https:\/\/medicinasinc.com\/cs\/product\/rso-ruzovy-kush-olej-5-ml\/"]}]},{"@type":"ImageObject","inLanguage":"en-US","@id":"https:\/\/medicinasinc.com\/cs\/product\/rso-ruzovy-kush-olej-5-ml\/#primaryimage","url":"https:\/\/medicinasinc.com\/cs\/wp-content\/uploads\/sites\/2\/2022\/02\/Buy-RSO-Pink-Kush-Oil-\u2013-5ml.jpg","contentUrl":"https:\/\/medicinasinc.com\/cs\/wp-content\/uploads\/sites\/2\/2022\/02\/Buy-RSO-Pink-Kush-Oil-\u2013-5ml.jpg","width":800,"height":800},{"@type":"BreadcrumbList","@id":"https:\/\/medicinasinc.com\/cs\/product\/rso-ruzovy-kush-olej-5-ml\/#breadcrumb","itemListElement":[{"@type":"ListItem","position":1,"name":"Obchod","item":"https:\/\/medicinasinc.com\/cs\/obchod\/"},{"@type":"ListItem","position":2,"name":"RSO | Pink Kush Oil \u2013 5 ml"}]},{"@type":"WebSite","@id":"https:\/\/medicinasinc.com\/cs\/#website","url":"https:\/\/medicinasinc.com\/cs\/","name":"Medicinas Inc","description":"Health Medical Clinic","potentialAction":[{"@type":"SearchAction","target":{"@type":"EntryPoint","urlTemplate":"https:\/\/medicinasinc.com\/cs\/?s={search_term_string}"},"query-input":{"@type":"PropertyValueSpecification","valueRequired":true,"valueName":"search_term_string"}}],"inLanguage":"en-US"}]}},"_links":{"self":[{"href":"https:\/\/medicinasinc.com\/cs\/wp-json\/wp\/v2\/product\/4413","targetHints":{"allow":["GET"]}}],"collection":[{"href":"https:\/\/medicinasinc.com\/cs\/wp-json\/wp\/v2\/product"}],"about":[{"href":"https:\/\/medicinasinc.com\/cs\/wp-json\/wp\/v2\/types\/product"}],"replies":[{"embeddable":true,"href":"https:\/\/medicinasinc.com\/cs\/wp-json\/wp\/v2\/comments?post=4413"}],"wp:featuredmedia":[{"embeddable":true,"href":"https:\/\/medicinasinc.com\/cs\/wp-json\/wp\/v2\/media\/4447"}],"wp:attachment":[{"href":"https:\/\/medicinasinc.com\/cs\/wp-json\/wp\/v2\/media?parent=4413"}],"wp:term":[{"taxonomy":"product_brand","embeddable":true,"href":"https:\/\/medicinasinc.com\/cs\/wp-json\/wp\/v2\/product_brand?post=4413"},{"taxonomy":"product_cat","embeddable":true,"href":"https:\/\/medicinasinc.com\/cs\/wp-json\/wp\/v2\/product_cat?post=4413"},{"taxonomy":"product_tag","embeddable":true,"href":"https:\/\/medicinasinc.com\/cs\/wp-json\/wp\/v2\/product_tag?post=4413"}],"curies":[{"name":"wp","href":"https:\/\/api.w.org\/{rel}","templated":true}]}}