{"id":4404,"date":"2022-02-20T08:55:28","date_gmt":"2022-02-20T08:55:28","guid":{"rendered":"https:\/\/medicinasinc.com\/cs\/?post_type=product&#038;p=4404"},"modified":"2022-03-14T13:09:36","modified_gmt":"2022-03-14T13:09:36","slug":"koupit-ruzovy-kush-thc-destilat-dabeast","status":"publish","type":"product","link":"https:\/\/medicinasinc.com\/cs\/product\/koupit-ruzovy-kush-thc-destilat-dabeast\/","title":{"rendered":"Kupte si Pink Kush THC Destil\u00e1t \u2013 Dabeast"},"content":{"rendered":"<p>R\u016f\u017eov\u00fd Kush THC destil\u00e1t na prodej \u2013 Dabeast<\/p>\n<p>Saber Vape Pen s Pink Kush THC destil\u00e1tem \u2013 Dabeast<\/p>\n<p>1 x elektronick\u00e1 cigareta Sabre<br \/> 1 x Pink Kush pre- napln\u011bn\u00fd modul<br \/> 1 x kabel Micro USB A\/NEBO 1 x p\u0159edpln\u011bn\u00fd modul Pink Kush<\/p>\n<p>Vlo\u017ete modul do pera Sabre Pen a okam\u017eit\u011b za\u010dn\u011bte vapovat. \u00dapln\u00fd \u00fa\u010dinek m\u016f\u017ee trvat a\u017e patn\u00e1ct minut, ne\u017e poc\u00edt\u00edte. Dv\u011b a\u017e \u010dty\u0159i vdechy se doporu\u010duj\u00ed pacient\u016fm, kte\u0159\u00ed n\u011bjakou dobu nekonzumovali, ale a\u017e deset vdech\u016f by m\u011blo sta\u010dit t\u011bm, kte\u0159\u00ed konzumuj\u00ed \u010dast\u011bji.<\/p>\n<p>Kush Pink<br \/> Genetick\u00e1 linie Pink Kush nen\u00ed zn\u00e1ma \u2013 ale v\u0161eobecn\u011b se m\u00e1 za to, \u017ee jde o p\u0159\u00edbuzn\u00e9ho legend\u00e1rn\u00edho OG Kushe. Tento hybrid s dominantn\u00edm indikou produkuje siln\u00e9 fyzick\u00e9 opojen\u00ed, co\u017e z n\u011bj \u010din\u00ed jeden z nejv\u00edce dostupn\u00fdch l\u00e9\u010div\u00fdch kmen\u016f. Pink Kush m\u00e1 sladk\u00e9 aroma p\u0159ipom\u00ednaj\u00edc\u00ed vanilku nebo sladk\u00e9 bonb\u00f3ny s podt\u00f3ny \u010derstv\u00e9 borovice. Pink Kush poskytuje dlouhotrvaj\u00edc\u00ed, na t\u011blo zam\u011b\u0159en\u00fd high, kter\u00fd je doprov\u00e1zen euforick\u00fdmi a povzn\u00e1\u0161ej\u00edc\u00edmi \u00fa\u010dinky. P\u0159i vysok\u00fdch d\u00e1vk\u00e1ch mohou n\u011bkte\u0159\u00ed u\u017eivatel\u00e9 zaznamenat siln\u00e9 \u017ev\u00fdk\u00e1n\u00ed, tak\u017ee Pink Kush je vynikaj\u00edc\u00edm kmenem pro stimulaci ztr\u00e1ty chuti k j\u00eddlu. Pink Kush je v\u0161estrann\u00fd l\u00e9k, kter\u00fd lze pou\u017e\u00edt k l\u00e9\u010db\u011b deprese, \u00fazkosti, z\u00e1n\u011btu, chronick\u00e9 bolesti, migr\u00e9ny, bolesti hlavy, nespavosti a ztr\u00e1ty chuti k j\u00eddlu.<\/p>\n","protected":false},"excerpt":{"rendered":"<p>Kupte si Pink Kush THC Distillate Sabre Vape Pens na prodej ve Spojen\u00e9m kr\u00e1lovstv\u00ed, Evrop\u011b a Spojen\u00fdch st\u00e1tech americk\u00fdch od nejv\u011bt\u0161\u00ed online l\u00e9k\u00e1rny na sv\u011bt\u011b, Buy My Weed Online.<\/p>\n<p>Koupit Pink Kush st\u0159\u00edka\u010dky THC Indica Destillate z nejd\u016fv\u011bryhodn\u011bj\u0161\u00edho z\u00e1silkov\u00e9ho webu pro marihuanu &#8211; Nejlep\u0161\u00ed bylinn\u00e9 l\u00e9ky s dopravou zdarma! V\u00edce ne\u017e 150 USD.<\/p>\n<p>&nbsp;<\/p>\n<ul>\n<li>Celosv\u011btov\u00e1 doprava<\/li>\n<li>Minim\u00e1ln\u00ed mno\u017estv\u00ed pro objedn\u00e1vku je 5 kazet<\/li>\n<li><strong>Kontaktujte n\u00e1s <\/strong>\u00a0pro v\u011bt\u0161\u00ed objedn\u00e1vky<\/li>\n<\/ul>\n","protected":false},"featured_media":4438,"comment_status":"open","ping_status":"closed","template":"","meta":[],"product_brand":[],"product_cat":[440],"product_tag":[],"class_list":{"0":"post-4404","1":"product","2":"type-product","3":"status-publish","4":"has-post-thumbnail","6":"product_cat-koupit-konopi-cbd-olej","8":"first","9":"instock","10":"shipping-taxable","11":"purchasable","12":"product-type-simple"},"yoast_head":"<!-- This site is optimized with the Yoast SEO plugin v27.3 - https:\/\/yoast.com\/product\/yoast-seo-wordpress\/ -->\n<title>Kupte si Pink Kush THC Destilate \u2013 Dabeast \u2013 Best Global Meds<\/title>\n<meta name=\"description\" content=\"Prod\u00e1m Pink Kush THC Distillate Sabre Vape Pen na prodej Velk\u00e1 Brit\u00e1nie, Evropa- Dabeast online USA od nejv\u011bt\u0161\u00ed online v\u00fddejny, Buy My Weed Online.\" \/>\n<meta name=\"robots\" content=\"index, follow, max-snippet:-1, max-image-preview:large, max-video-preview:-1\" \/>\n<link rel=\"canonical\" href=\"https:\/\/medicinasinc.com\/cs\/product\/koupit-ruzovy-kush-thc-destilat-dabeast\/\" \/>\n<meta property=\"og:locale\" content=\"en_US\" \/>\n<meta property=\"og:type\" content=\"article\" \/>\n<meta property=\"og:title\" content=\"Kupte si Pink Kush THC Destilate \u2013 Dabeast \u2013 Best Global Meds\" \/>\n<meta property=\"og:description\" content=\"Prod\u00e1m Pink Kush THC Distillate Sabre Vape Pen na prodej Velk\u00e1 Brit\u00e1nie, Evropa- Dabeast online USA od nejv\u011bt\u0161\u00ed online v\u00fddejny, Buy My Weed Online.\" \/>\n<meta property=\"og:url\" content=\"https:\/\/medicinasinc.com\/cs\/product\/koupit-ruzovy-kush-thc-destilat-dabeast\/\" \/>\n<meta property=\"og:site_name\" content=\"Medicinas Inc\" \/>\n<meta property=\"article:modified_time\" content=\"2022-03-14T13:09:36+00:00\" \/>\n<meta property=\"og:image\" content=\"https:\/\/medicinasinc.com\/cs\/wp-content\/uploads\/sites\/2\/2022\/02\/Buy-Pink-Kush-THC-Distillate-\u2013-Dabeast.jpg\" \/>\n\t<meta property=\"og:image:width\" content=\"600\" \/>\n\t<meta property=\"og:image:height\" content=\"600\" \/>\n\t<meta property=\"og:image:type\" content=\"image\/jpeg\" \/>\n<meta name=\"twitter:card\" content=\"summary_large_image\" \/>\n<meta name=\"twitter:label1\" content=\"Est. reading time\" \/>\n\t<meta name=\"twitter:data1\" content=\"1 minute\" \/>\n<script type=\"application\/ld+json\" class=\"yoast-schema-graph\">{\"@context\":\"https:\\\/\\\/schema.org\",\"@graph\":[{\"@type\":\"WebPage\",\"@id\":\"https:\\\/\\\/medicinasinc.com\\\/cs\\\/product\\\/koupit-ruzovy-kush-thc-destilat-dabeast\\\/\",\"url\":\"https:\\\/\\\/medicinasinc.com\\\/cs\\\/product\\\/koupit-ruzovy-kush-thc-destilat-dabeast\\\/\",\"name\":\"Kupte si Pink Kush THC Destilate \u2013 Dabeast \u2013 Best Global Meds\",\"isPartOf\":{\"@id\":\"https:\\\/\\\/medicinasinc.com\\\/cs\\\/#website\"},\"primaryImageOfPage\":{\"@id\":\"https:\\\/\\\/medicinasinc.com\\\/cs\\\/product\\\/koupit-ruzovy-kush-thc-destilat-dabeast\\\/#primaryimage\"},\"image\":{\"@id\":\"https:\\\/\\\/medicinasinc.com\\\/cs\\\/product\\\/koupit-ruzovy-kush-thc-destilat-dabeast\\\/#primaryimage\"},\"thumbnailUrl\":\"https:\\\/\\\/medicinasinc.com\\\/cs\\\/wp-content\\\/uploads\\\/sites\\\/2\\\/2022\\\/02\\\/Buy-Pink-Kush-THC-Distillate-\u2013-Dabeast.jpg\",\"datePublished\":\"2022-02-20T08:55:28+00:00\",\"dateModified\":\"2022-03-14T13:09:36+00:00\",\"description\":\"Prod\u00e1m Pink Kush THC Distillate Sabre Vape Pen na prodej Velk\u00e1 Brit\u00e1nie, Evropa- Dabeast online USA od nejv\u011bt\u0161\u00ed online v\u00fddejny, Buy My Weed Online.\",\"breadcrumb\":{\"@id\":\"https:\\\/\\\/medicinasinc.com\\\/cs\\\/product\\\/koupit-ruzovy-kush-thc-destilat-dabeast\\\/#breadcrumb\"},\"inLanguage\":\"en-US\",\"potentialAction\":[{\"@type\":\"ReadAction\",\"target\":[\"https:\\\/\\\/medicinasinc.com\\\/cs\\\/product\\\/koupit-ruzovy-kush-thc-destilat-dabeast\\\/\"]}]},{\"@type\":\"ImageObject\",\"inLanguage\":\"en-US\",\"@id\":\"https:\\\/\\\/medicinasinc.com\\\/cs\\\/product\\\/koupit-ruzovy-kush-thc-destilat-dabeast\\\/#primaryimage\",\"url\":\"https:\\\/\\\/medicinasinc.com\\\/cs\\\/wp-content\\\/uploads\\\/sites\\\/2\\\/2022\\\/02\\\/Buy-Pink-Kush-THC-Distillate-\u2013-Dabeast.jpg\",\"contentUrl\":\"https:\\\/\\\/medicinasinc.com\\\/cs\\\/wp-content\\\/uploads\\\/sites\\\/2\\\/2022\\\/02\\\/Buy-Pink-Kush-THC-Distillate-\u2013-Dabeast.jpg\",\"width\":600,\"height\":600},{\"@type\":\"BreadcrumbList\",\"@id\":\"https:\\\/\\\/medicinasinc.com\\\/cs\\\/product\\\/koupit-ruzovy-kush-thc-destilat-dabeast\\\/#breadcrumb\",\"itemListElement\":[{\"@type\":\"ListItem\",\"position\":1,\"name\":\"Obchod\",\"item\":\"https:\\\/\\\/medicinasinc.com\\\/cs\\\/obchod\\\/\"},{\"@type\":\"ListItem\",\"position\":2,\"name\":\"Kupte si Pink Kush THC Destil\u00e1t \u2013 Dabeast\"}]},{\"@type\":\"WebSite\",\"@id\":\"https:\\\/\\\/medicinasinc.com\\\/cs\\\/#website\",\"url\":\"https:\\\/\\\/medicinasinc.com\\\/cs\\\/\",\"name\":\"Medicinas Inc\",\"description\":\"Health Medical Clinic\",\"potentialAction\":[{\"@type\":\"SearchAction\",\"target\":{\"@type\":\"EntryPoint\",\"urlTemplate\":\"https:\\\/\\\/medicinasinc.com\\\/cs\\\/?s={search_term_string}\"},\"query-input\":{\"@type\":\"PropertyValueSpecification\",\"valueRequired\":true,\"valueName\":\"search_term_string\"}}],\"inLanguage\":\"en-US\"}]}<\/script>\n<!-- \/ Yoast SEO plugin. -->","yoast_head_json":{"title":"Kupte si Pink Kush THC Destilate \u2013 Dabeast \u2013 Best Global Meds","description":"Prod\u00e1m Pink Kush THC Distillate Sabre Vape Pen na prodej Velk\u00e1 Brit\u00e1nie, Evropa- Dabeast online USA od nejv\u011bt\u0161\u00ed online v\u00fddejny, Buy My Weed Online.","robots":{"index":"index","follow":"follow","max-snippet":"max-snippet:-1","max-image-preview":"max-image-preview:large","max-video-preview":"max-video-preview:-1"},"canonical":"https:\/\/medicinasinc.com\/cs\/product\/koupit-ruzovy-kush-thc-destilat-dabeast\/","og_locale":"en_US","og_type":"article","og_title":"Kupte si Pink Kush THC Destilate \u2013 Dabeast \u2013 Best Global Meds","og_description":"Prod\u00e1m Pink Kush THC Distillate Sabre Vape Pen na prodej Velk\u00e1 Brit\u00e1nie, Evropa- Dabeast online USA od nejv\u011bt\u0161\u00ed online v\u00fddejny, Buy My Weed Online.","og_url":"https:\/\/medicinasinc.com\/cs\/product\/koupit-ruzovy-kush-thc-destilat-dabeast\/","og_site_name":"Medicinas Inc","article_modified_time":"2022-03-14T13:09:36+00:00","og_image":[{"width":600,"height":600,"url":"https:\/\/medicinasinc.com\/cs\/wp-content\/uploads\/sites\/2\/2022\/02\/Buy-Pink-Kush-THC-Distillate-\u2013-Dabeast.jpg","type":"image\/jpeg"}],"twitter_card":"summary_large_image","twitter_misc":{"Est. reading time":"1 minute"},"schema":{"@context":"https:\/\/schema.org","@graph":[{"@type":"WebPage","@id":"https:\/\/medicinasinc.com\/cs\/product\/koupit-ruzovy-kush-thc-destilat-dabeast\/","url":"https:\/\/medicinasinc.com\/cs\/product\/koupit-ruzovy-kush-thc-destilat-dabeast\/","name":"Kupte si Pink Kush THC Destilate \u2013 Dabeast \u2013 Best Global Meds","isPartOf":{"@id":"https:\/\/medicinasinc.com\/cs\/#website"},"primaryImageOfPage":{"@id":"https:\/\/medicinasinc.com\/cs\/product\/koupit-ruzovy-kush-thc-destilat-dabeast\/#primaryimage"},"image":{"@id":"https:\/\/medicinasinc.com\/cs\/product\/koupit-ruzovy-kush-thc-destilat-dabeast\/#primaryimage"},"thumbnailUrl":"https:\/\/medicinasinc.com\/cs\/wp-content\/uploads\/sites\/2\/2022\/02\/Buy-Pink-Kush-THC-Distillate-\u2013-Dabeast.jpg","datePublished":"2022-02-20T08:55:28+00:00","dateModified":"2022-03-14T13:09:36+00:00","description":"Prod\u00e1m Pink Kush THC Distillate Sabre Vape Pen na prodej Velk\u00e1 Brit\u00e1nie, Evropa- Dabeast online USA od nejv\u011bt\u0161\u00ed online v\u00fddejny, Buy My Weed Online.","breadcrumb":{"@id":"https:\/\/medicinasinc.com\/cs\/product\/koupit-ruzovy-kush-thc-destilat-dabeast\/#breadcrumb"},"inLanguage":"en-US","potentialAction":[{"@type":"ReadAction","target":["https:\/\/medicinasinc.com\/cs\/product\/koupit-ruzovy-kush-thc-destilat-dabeast\/"]}]},{"@type":"ImageObject","inLanguage":"en-US","@id":"https:\/\/medicinasinc.com\/cs\/product\/koupit-ruzovy-kush-thc-destilat-dabeast\/#primaryimage","url":"https:\/\/medicinasinc.com\/cs\/wp-content\/uploads\/sites\/2\/2022\/02\/Buy-Pink-Kush-THC-Distillate-\u2013-Dabeast.jpg","contentUrl":"https:\/\/medicinasinc.com\/cs\/wp-content\/uploads\/sites\/2\/2022\/02\/Buy-Pink-Kush-THC-Distillate-\u2013-Dabeast.jpg","width":600,"height":600},{"@type":"BreadcrumbList","@id":"https:\/\/medicinasinc.com\/cs\/product\/koupit-ruzovy-kush-thc-destilat-dabeast\/#breadcrumb","itemListElement":[{"@type":"ListItem","position":1,"name":"Obchod","item":"https:\/\/medicinasinc.com\/cs\/obchod\/"},{"@type":"ListItem","position":2,"name":"Kupte si Pink Kush THC Destil\u00e1t \u2013 Dabeast"}]},{"@type":"WebSite","@id":"https:\/\/medicinasinc.com\/cs\/#website","url":"https:\/\/medicinasinc.com\/cs\/","name":"Medicinas Inc","description":"Health Medical Clinic","potentialAction":[{"@type":"SearchAction","target":{"@type":"EntryPoint","urlTemplate":"https:\/\/medicinasinc.com\/cs\/?s={search_term_string}"},"query-input":{"@type":"PropertyValueSpecification","valueRequired":true,"valueName":"search_term_string"}}],"inLanguage":"en-US"}]}},"_links":{"self":[{"href":"https:\/\/medicinasinc.com\/cs\/wp-json\/wp\/v2\/product\/4404","targetHints":{"allow":["GET"]}}],"collection":[{"href":"https:\/\/medicinasinc.com\/cs\/wp-json\/wp\/v2\/product"}],"about":[{"href":"https:\/\/medicinasinc.com\/cs\/wp-json\/wp\/v2\/types\/product"}],"replies":[{"embeddable":true,"href":"https:\/\/medicinasinc.com\/cs\/wp-json\/wp\/v2\/comments?post=4404"}],"wp:featuredmedia":[{"embeddable":true,"href":"https:\/\/medicinasinc.com\/cs\/wp-json\/wp\/v2\/media\/4438"}],"wp:attachment":[{"href":"https:\/\/medicinasinc.com\/cs\/wp-json\/wp\/v2\/media?parent=4404"}],"wp:term":[{"taxonomy":"product_brand","embeddable":true,"href":"https:\/\/medicinasinc.com\/cs\/wp-json\/wp\/v2\/product_brand?post=4404"},{"taxonomy":"product_cat","embeddable":true,"href":"https:\/\/medicinasinc.com\/cs\/wp-json\/wp\/v2\/product_cat?post=4404"},{"taxonomy":"product_tag","embeddable":true,"href":"https:\/\/medicinasinc.com\/cs\/wp-json\/wp\/v2\/product_tag?post=4404"}],"curies":[{"name":"wp","href":"https:\/\/api.w.org\/{rel}","templated":true}]}}