{"id":4403,"date":"2022-02-20T08:54:28","date_gmt":"2022-02-20T08:54:28","guid":{"rendered":"https:\/\/medicinasinc.com\/cs\/?post_type=product&#038;p=4403"},"modified":"2022-03-14T13:09:51","modified_gmt":"2022-03-14T13:09:51","slug":"koupit-citron-limeno-thc-destilat-dabeast","status":"publish","type":"product","link":"https:\/\/medicinasinc.com\/cs\/product\/koupit-citron-limeno-thc-destilat-dabeast\/","title":{"rendered":"Koupit Lemon Lime THC Destil\u00e1t \u2013 Dabeast"},"content":{"rendered":"<p>Kde koupit Lemon Lime THC Destilate \u2013 Dabeast<\/p>\n<p>N\u00e1\u0161 ochucen\u00fd destil\u00e1t THC je k dispozici v \u0159ad\u011b r\u016fzn\u00fdch p\u0159\u00edchut\u00ed, kter\u00e9 jist\u011b pot\u011b\u0161\u00ed va\u0161e chu\u0165ov\u00e9 poh\u00e1rky!<br \/> Na\u0161e destil\u00e1ty THC jsou vylep\u0161eny o organick\u00e9 a p\u0159\u00edrodn\u00ed terpeny, d\u00edky nim\u017e se v\u00e1m sb\u00edhaj\u00ed sliny jako u jin\u00fdch.<\/p>\n<ul>\n<li>1 x Sabre Vape Pen<\/li>\n<li>1 x p\u0159edpln\u011bn\u00e9\u00a0<strong>\u00a0<span class=\"hidden- xs\">s p\u0159\u00edchut\u00ed citronu a limetky<\/span>\u00a0THC destil\u00e1t<\/strong>\u00a0pod<\/li>\n<li>1 x kabel micro USB<\/li>\n<\/ul>\n<div class=\"product-next-previous\">\n<div class=\"product-prev\"><\/div><\/div>\n","protected":false},"excerpt":{"rendered":"<p>Prodej pero Lemon Lime THC Destilate Sabre Pen &#8211; Top Shelf online Evropa, Velk\u00e1 Brit\u00e1nie z nejv\u011bt\u0161\u00ed online l\u00e9k\u00e1rny, Buy My Weed Online.<\/p>\n<p><em>Lemon Lime THC Destilate<\/em> Sabre Pen \u2013 Horn\u00ed police za dostupnou cenu za nejlep\u0161\u00ed glob\u00e1ln\u00ed l\u00e9ky! V\u0161echny produkty jsou kvalifikovan\u00e9 pro laborato\u0159 a maj\u00ed pr\u00e9miovou kvalitu.<\/p>\n<ul>\n<li>Celosv\u011btov\u00e1 doprava<\/li>\n<li>Minim\u00e1ln\u00ed mno\u017estv\u00ed objedn\u00e1vky je 5<\/li>\n<li>Pro v\u011bt\u0161\u00ed objedn\u00e1vky n\u00e1s kontaktujte<\/li>\n<\/ul>\n","protected":false},"featured_media":4436,"comment_status":"open","ping_status":"closed","template":"","meta":[],"product_brand":[],"product_cat":[440],"product_tag":[],"class_list":{"0":"post-4403","1":"product","2":"type-product","3":"status-publish","4":"has-post-thumbnail","6":"product_cat-koupit-konopi-cbd-olej","8":"first","9":"instock","10":"shipping-taxable","11":"purchasable","12":"product-type-variable","13":"has-default-attributes"},"yoast_head":"<!-- This site is optimized with the Yoast SEO plugin v27.3 - https:\/\/yoast.com\/product\/yoast-seo-wordpress\/ -->\n<title>Koupit Lemon Lime THC Destilate \u2013 Dabeast \u2013 Best Global Meds<\/title>\n<meta name=\"description\" content=\"Kupte si Lemon Lime THC Distillate Sabre Pen na prodej - Top Shelf online Evropa, Velk\u00e1 Brit\u00e1nie od nejv\u011bt\u0161\u00ed online v\u00fddejny, Buy My Weed Online.\" \/>\n<meta name=\"robots\" content=\"index, follow, max-snippet:-1, max-image-preview:large, max-video-preview:-1\" \/>\n<link rel=\"canonical\" href=\"https:\/\/medicinasinc.com\/cs\/product\/koupit-citron-limeno-thc-destilat-dabeast\/\" \/>\n<meta property=\"og:locale\" content=\"en_US\" \/>\n<meta property=\"og:type\" content=\"article\" \/>\n<meta property=\"og:title\" content=\"Koupit Lemon Lime THC Destilate \u2013 Dabeast \u2013 Best Global Meds\" \/>\n<meta property=\"og:description\" content=\"Kupte si Lemon Lime THC Distillate Sabre Pen na prodej - Top Shelf online Evropa, Velk\u00e1 Brit\u00e1nie od nejv\u011bt\u0161\u00ed online v\u00fddejny, Buy My Weed Online.\" \/>\n<meta property=\"og:url\" content=\"https:\/\/medicinasinc.com\/cs\/product\/koupit-citron-limeno-thc-destilat-dabeast\/\" \/>\n<meta property=\"og:site_name\" content=\"Medicinas Inc\" \/>\n<meta property=\"article:modified_time\" content=\"2022-03-14T13:09:51+00:00\" \/>\n<meta property=\"og:image\" content=\"https:\/\/medicinasinc.com\/cs\/wp-content\/uploads\/sites\/2\/2022\/02\/Buy-Lemon-Lime-THC-Distillate.jpg\" \/>\n\t<meta property=\"og:image:width\" content=\"800\" \/>\n\t<meta property=\"og:image:height\" content=\"800\" \/>\n\t<meta property=\"og:image:type\" content=\"image\/jpeg\" \/>\n<meta name=\"twitter:card\" content=\"summary_large_image\" \/>\n<meta name=\"twitter:label1\" content=\"Est. reading time\" \/>\n\t<meta name=\"twitter:data1\" content=\"1 minute\" \/>\n<script type=\"application\/ld+json\" class=\"yoast-schema-graph\">{\"@context\":\"https:\\\/\\\/schema.org\",\"@graph\":[{\"@type\":\"WebPage\",\"@id\":\"https:\\\/\\\/medicinasinc.com\\\/cs\\\/product\\\/koupit-citron-limeno-thc-destilat-dabeast\\\/\",\"url\":\"https:\\\/\\\/medicinasinc.com\\\/cs\\\/product\\\/koupit-citron-limeno-thc-destilat-dabeast\\\/\",\"name\":\"Koupit Lemon Lime THC Destilate \u2013 Dabeast \u2013 Best Global Meds\",\"isPartOf\":{\"@id\":\"https:\\\/\\\/medicinasinc.com\\\/cs\\\/#website\"},\"primaryImageOfPage\":{\"@id\":\"https:\\\/\\\/medicinasinc.com\\\/cs\\\/product\\\/koupit-citron-limeno-thc-destilat-dabeast\\\/#primaryimage\"},\"image\":{\"@id\":\"https:\\\/\\\/medicinasinc.com\\\/cs\\\/product\\\/koupit-citron-limeno-thc-destilat-dabeast\\\/#primaryimage\"},\"thumbnailUrl\":\"https:\\\/\\\/medicinasinc.com\\\/cs\\\/wp-content\\\/uploads\\\/sites\\\/2\\\/2022\\\/02\\\/Buy-Lemon-Lime-THC-Distillate.jpg\",\"datePublished\":\"2022-02-20T08:54:28+00:00\",\"dateModified\":\"2022-03-14T13:09:51+00:00\",\"description\":\"Kupte si Lemon Lime THC Distillate Sabre Pen na prodej - Top Shelf online Evropa, Velk\u00e1 Brit\u00e1nie od nejv\u011bt\u0161\u00ed online v\u00fddejny, Buy My Weed Online.\",\"breadcrumb\":{\"@id\":\"https:\\\/\\\/medicinasinc.com\\\/cs\\\/product\\\/koupit-citron-limeno-thc-destilat-dabeast\\\/#breadcrumb\"},\"inLanguage\":\"en-US\",\"potentialAction\":[{\"@type\":\"ReadAction\",\"target\":[\"https:\\\/\\\/medicinasinc.com\\\/cs\\\/product\\\/koupit-citron-limeno-thc-destilat-dabeast\\\/\"]}]},{\"@type\":\"ImageObject\",\"inLanguage\":\"en-US\",\"@id\":\"https:\\\/\\\/medicinasinc.com\\\/cs\\\/product\\\/koupit-citron-limeno-thc-destilat-dabeast\\\/#primaryimage\",\"url\":\"https:\\\/\\\/medicinasinc.com\\\/cs\\\/wp-content\\\/uploads\\\/sites\\\/2\\\/2022\\\/02\\\/Buy-Lemon-Lime-THC-Distillate.jpg\",\"contentUrl\":\"https:\\\/\\\/medicinasinc.com\\\/cs\\\/wp-content\\\/uploads\\\/sites\\\/2\\\/2022\\\/02\\\/Buy-Lemon-Lime-THC-Distillate.jpg\",\"width\":800,\"height\":800},{\"@type\":\"BreadcrumbList\",\"@id\":\"https:\\\/\\\/medicinasinc.com\\\/cs\\\/product\\\/koupit-citron-limeno-thc-destilat-dabeast\\\/#breadcrumb\",\"itemListElement\":[{\"@type\":\"ListItem\",\"position\":1,\"name\":\"Obchod\",\"item\":\"https:\\\/\\\/medicinasinc.com\\\/cs\\\/obchod\\\/\"},{\"@type\":\"ListItem\",\"position\":2,\"name\":\"Koupit Lemon Lime THC Destil\u00e1t \u2013 Dabeast\"}]},{\"@type\":\"WebSite\",\"@id\":\"https:\\\/\\\/medicinasinc.com\\\/cs\\\/#website\",\"url\":\"https:\\\/\\\/medicinasinc.com\\\/cs\\\/\",\"name\":\"Medicinas Inc\",\"description\":\"Health Medical Clinic\",\"potentialAction\":[{\"@type\":\"SearchAction\",\"target\":{\"@type\":\"EntryPoint\",\"urlTemplate\":\"https:\\\/\\\/medicinasinc.com\\\/cs\\\/?s={search_term_string}\"},\"query-input\":{\"@type\":\"PropertyValueSpecification\",\"valueRequired\":true,\"valueName\":\"search_term_string\"}}],\"inLanguage\":\"en-US\"}]}<\/script>\n<!-- \/ Yoast SEO plugin. -->","yoast_head_json":{"title":"Koupit Lemon Lime THC Destilate \u2013 Dabeast \u2013 Best Global Meds","description":"Kupte si Lemon Lime THC Distillate Sabre Pen na prodej - Top Shelf online Evropa, Velk\u00e1 Brit\u00e1nie od nejv\u011bt\u0161\u00ed online v\u00fddejny, Buy My Weed Online.","robots":{"index":"index","follow":"follow","max-snippet":"max-snippet:-1","max-image-preview":"max-image-preview:large","max-video-preview":"max-video-preview:-1"},"canonical":"https:\/\/medicinasinc.com\/cs\/product\/koupit-citron-limeno-thc-destilat-dabeast\/","og_locale":"en_US","og_type":"article","og_title":"Koupit Lemon Lime THC Destilate \u2013 Dabeast \u2013 Best Global Meds","og_description":"Kupte si Lemon Lime THC Distillate Sabre Pen na prodej - Top Shelf online Evropa, Velk\u00e1 Brit\u00e1nie od nejv\u011bt\u0161\u00ed online v\u00fddejny, Buy My Weed Online.","og_url":"https:\/\/medicinasinc.com\/cs\/product\/koupit-citron-limeno-thc-destilat-dabeast\/","og_site_name":"Medicinas Inc","article_modified_time":"2022-03-14T13:09:51+00:00","og_image":[{"width":800,"height":800,"url":"https:\/\/medicinasinc.com\/cs\/wp-content\/uploads\/sites\/2\/2022\/02\/Buy-Lemon-Lime-THC-Distillate.jpg","type":"image\/jpeg"}],"twitter_card":"summary_large_image","twitter_misc":{"Est. reading time":"1 minute"},"schema":{"@context":"https:\/\/schema.org","@graph":[{"@type":"WebPage","@id":"https:\/\/medicinasinc.com\/cs\/product\/koupit-citron-limeno-thc-destilat-dabeast\/","url":"https:\/\/medicinasinc.com\/cs\/product\/koupit-citron-limeno-thc-destilat-dabeast\/","name":"Koupit Lemon Lime THC Destilate \u2013 Dabeast \u2013 Best Global Meds","isPartOf":{"@id":"https:\/\/medicinasinc.com\/cs\/#website"},"primaryImageOfPage":{"@id":"https:\/\/medicinasinc.com\/cs\/product\/koupit-citron-limeno-thc-destilat-dabeast\/#primaryimage"},"image":{"@id":"https:\/\/medicinasinc.com\/cs\/product\/koupit-citron-limeno-thc-destilat-dabeast\/#primaryimage"},"thumbnailUrl":"https:\/\/medicinasinc.com\/cs\/wp-content\/uploads\/sites\/2\/2022\/02\/Buy-Lemon-Lime-THC-Distillate.jpg","datePublished":"2022-02-20T08:54:28+00:00","dateModified":"2022-03-14T13:09:51+00:00","description":"Kupte si Lemon Lime THC Distillate Sabre Pen na prodej - Top Shelf online Evropa, Velk\u00e1 Brit\u00e1nie od nejv\u011bt\u0161\u00ed online v\u00fddejny, Buy My Weed Online.","breadcrumb":{"@id":"https:\/\/medicinasinc.com\/cs\/product\/koupit-citron-limeno-thc-destilat-dabeast\/#breadcrumb"},"inLanguage":"en-US","potentialAction":[{"@type":"ReadAction","target":["https:\/\/medicinasinc.com\/cs\/product\/koupit-citron-limeno-thc-destilat-dabeast\/"]}]},{"@type":"ImageObject","inLanguage":"en-US","@id":"https:\/\/medicinasinc.com\/cs\/product\/koupit-citron-limeno-thc-destilat-dabeast\/#primaryimage","url":"https:\/\/medicinasinc.com\/cs\/wp-content\/uploads\/sites\/2\/2022\/02\/Buy-Lemon-Lime-THC-Distillate.jpg","contentUrl":"https:\/\/medicinasinc.com\/cs\/wp-content\/uploads\/sites\/2\/2022\/02\/Buy-Lemon-Lime-THC-Distillate.jpg","width":800,"height":800},{"@type":"BreadcrumbList","@id":"https:\/\/medicinasinc.com\/cs\/product\/koupit-citron-limeno-thc-destilat-dabeast\/#breadcrumb","itemListElement":[{"@type":"ListItem","position":1,"name":"Obchod","item":"https:\/\/medicinasinc.com\/cs\/obchod\/"},{"@type":"ListItem","position":2,"name":"Koupit Lemon Lime THC Destil\u00e1t \u2013 Dabeast"}]},{"@type":"WebSite","@id":"https:\/\/medicinasinc.com\/cs\/#website","url":"https:\/\/medicinasinc.com\/cs\/","name":"Medicinas Inc","description":"Health Medical Clinic","potentialAction":[{"@type":"SearchAction","target":{"@type":"EntryPoint","urlTemplate":"https:\/\/medicinasinc.com\/cs\/?s={search_term_string}"},"query-input":{"@type":"PropertyValueSpecification","valueRequired":true,"valueName":"search_term_string"}}],"inLanguage":"en-US"}]}},"_links":{"self":[{"href":"https:\/\/medicinasinc.com\/cs\/wp-json\/wp\/v2\/product\/4403","targetHints":{"allow":["GET"]}}],"collection":[{"href":"https:\/\/medicinasinc.com\/cs\/wp-json\/wp\/v2\/product"}],"about":[{"href":"https:\/\/medicinasinc.com\/cs\/wp-json\/wp\/v2\/types\/product"}],"replies":[{"embeddable":true,"href":"https:\/\/medicinasinc.com\/cs\/wp-json\/wp\/v2\/comments?post=4403"}],"wp:featuredmedia":[{"embeddable":true,"href":"https:\/\/medicinasinc.com\/cs\/wp-json\/wp\/v2\/media\/4436"}],"wp:attachment":[{"href":"https:\/\/medicinasinc.com\/cs\/wp-json\/wp\/v2\/media?parent=4403"}],"wp:term":[{"taxonomy":"product_brand","embeddable":true,"href":"https:\/\/medicinasinc.com\/cs\/wp-json\/wp\/v2\/product_brand?post=4403"},{"taxonomy":"product_cat","embeddable":true,"href":"https:\/\/medicinasinc.com\/cs\/wp-json\/wp\/v2\/product_cat?post=4403"},{"taxonomy":"product_tag","embeddable":true,"href":"https:\/\/medicinasinc.com\/cs\/wp-json\/wp\/v2\/product_tag?post=4403"}],"curies":[{"name":"wp","href":"https:\/\/api.w.org\/{rel}","templated":true}]}}