{"id":4390,"date":"2022-02-20T08:47:42","date_gmt":"2022-02-20T08:47:42","guid":{"rendered":"https:\/\/medicinasinc.com\/cs\/?post_type=product&#038;p=4390"},"modified":"2022-03-14T13:10:00","modified_gmt":"2022-03-14T13:10:00","slug":"buy-lemon-haze-co2-1g-vape-cartridge","status":"publish","type":"product","link":"https:\/\/medicinasinc.com\/cs\/product\/buy-lemon-haze-co2-1g-vape-cartridge\/","title":{"rendered":"Kupte si patronu Lemon Haze CO2 1g"},"content":{"rendered":"<p>Prodej vape cartridge Lemon Haze CO2 1g.<\/p>\n<p>Prodej vape cartridge Lemon Haze CO2 1g.<\/p>\n<p>Prod\u00e1v\u00e1m patrony Lemon Haze CO2. Od Pure se sna\u017e\u00edme poskytovat nej\u010dist\u0161\u00ed, nejbezpe\u010dn\u011bj\u0161\u00ed a nejkonzistentn\u011bj\u0161\u00ed dostupn\u00fd olej. Na\u0161e p\u0159\u00edchut\u011b jsou vyrobeny v\u00fdhradn\u011b z p\u0159irozen\u011b se vyskytuj\u00edc\u00edch ovocn\u00fdch terpen\u016f. 1 gram nefal\u0161ovan\u00e9ho konopn\u00e9ho oleje<br \/> Lemon Skunk Super Silver Haze od Green House Seeds je hybrid Lemon Skunk a Super Silver Haze s dominantn\u00edm Sativa, kter\u00fd vyhr\u00e1l dva poh\u00e1ry Cannabis Cup. Super Lemon Haze je r\u016fznobarevn\u00fd kief-cakeed z\u00e1zrak. Jak nazna\u010duje n\u00e1zev, tento kmen vykazuje v\u00fdrazn\u00e9 citronov\u00e9 vlastnosti. V\u016fn\u011b je citrusov\u00e1, pikantn\u00ed a lehce nasl\u00e1dl\u00e1. Chu\u0165 je p\u0159esn\u011b takov\u00e1, jakou by \u010dlov\u011bk od jmenovce o\u010dek\u00e1val; nakysl\u00e9 a sladk\u00e9, podobn\u00e9 cukrov\u00ed Lemonheads \u2013 i kdy\u017e ne tak ostr\u00e9, jak by se dalo o\u010dek\u00e1vat.<\/p>\n<p>Obsah THC: 65,22 procenta Obsah CBD: 2,86 procent<\/p>\n","protected":false},"excerpt":{"rendered":"<p>Co2 Vape Cartridge Super Lemon Haze<\/p>\n<p>Nakupte Super Lemon Haze Cannabis Oil Vape Cartridge Strain ve Spojen\u00e9m kr\u00e1lovstv\u00ed a Evrop\u011b. Metoda extrakce SativaOil: Podkritick\u00fd CO2. Vape cartridge pro Super Lemon Haze Cannabis Oil.<\/p>\n<p>Jednou z nejlep\u0161\u00edch Co2 Vape cartridge na trhu je Super Lemon Haze. P\u0159esn\u011bji \u0159e\u010deno, v\u016fn\u011b je pikantn\u00ed, citrusov\u00e1 a lehce nasl\u00e1dl\u00e1. Chu\u0165 je kysel\u00e1 a sladk\u00e1, p\u0159ipom\u00edn\u00e1 bonb\u00f3ny z citronov\u00fdch hlav. X-trates CO2 vape cartridge obsahuj\u00ed pouze \u010dist\u00fd konopn\u00fd olej, kter\u00fd obsahuje \u0161irok\u00e9 spektrum organick\u00fdch kanabinoid\u016f a terpen\u016f. Krom\u011b toho jsou k dispozici 1g a 0,5ml kazety.<\/p>\n<p>Cena produktu je n\u00e1sleduj\u00edc\u00ed: za 1g kazetu<br \/> Je vy\u017eadov\u00e1no minim\u00e1ln\u00ed mno\u017estv\u00ed pro objedn\u00e1vku 5 kazet.<\/p>\n","protected":false},"featured_media":4423,"comment_status":"open","ping_status":"closed","template":"","meta":[],"product_brand":[],"product_cat":[440],"product_tag":[482,481,486,487,484,485,488,483],"class_list":{"0":"post-4390","1":"product","2":"type-product","3":"status-publish","4":"has-post-thumbnail","6":"product_cat-koupit-konopi-cbd-olej","7":"product_tag-super-lemon-haze-cartridge","8":"product_tag-pedplnn-vape-cartridges-europe-tags-super-lemon-hale-allbud","9":"product_tag-super-lemon-haze-price","10":"product_tag-super-citronov-semena","11":"product_tag-super-lemon-haze-kingpen","12":"product_tag-super-lemon-haze-oil-cartridge","13":"product_tag-super-lemon-haze-yield-description-reviews-0","14":"product_tag-super-lemon-haze-co2-vape-cartridge","16":"first","17":"instock","18":"shipping-taxable","19":"purchasable","20":"product-type-variable","21":"has-default-attributes"},"yoast_head":"<!-- This site is optimized with the Yoast SEO plugin v27.3 - https:\/\/yoast.com\/product\/yoast-seo-wordpress\/ -->\n<title>Kupte si patronu Lemon Haze CO2 \u2013 nejlep\u0161\u00ed glob\u00e1ln\u00ed l\u00e9ky<\/title>\n<meta name=\"description\" content=\"Koupit Super Lemon Haze Cannabis Oil Vape Cartridge Strain na prodej Velk\u00e1 Brit\u00e1nie, Evropa. Metoda extrakce SativaOil: Podkritick\u00fd CO2. Z\u00e1sobn\u00edk Super Lemon Haze Cannabis Oil Vape.\" \/>\n<meta name=\"robots\" content=\"index, follow, max-snippet:-1, max-image-preview:large, max-video-preview:-1\" \/>\n<link rel=\"canonical\" href=\"https:\/\/medicinasinc.com\/cs\/product\/buy-lemon-haze-co2-1g-vape-cartridge\/\" \/>\n<meta property=\"og:locale\" content=\"en_US\" \/>\n<meta property=\"og:type\" content=\"article\" \/>\n<meta property=\"og:title\" content=\"Kupte si patronu Lemon Haze CO2 \u2013 nejlep\u0161\u00ed glob\u00e1ln\u00ed l\u00e9ky\" \/>\n<meta property=\"og:description\" content=\"Koupit Super Lemon Haze Cannabis Oil Vape Cartridge Strain na prodej Velk\u00e1 Brit\u00e1nie, Evropa. Metoda extrakce SativaOil: Podkritick\u00fd CO2. Z\u00e1sobn\u00edk Super Lemon Haze Cannabis Oil Vape.\" \/>\n<meta property=\"og:url\" content=\"https:\/\/medicinasinc.com\/cs\/product\/buy-lemon-haze-co2-1g-vape-cartridge\/\" \/>\n<meta property=\"og:site_name\" content=\"Medicinas Inc\" \/>\n<meta property=\"article:modified_time\" content=\"2022-03-14T13:10:00+00:00\" \/>\n<meta property=\"og:image\" content=\"https:\/\/medicinasinc.com\/cs\/wp-content\/uploads\/sites\/2\/2022\/02\/Buy-High-THC-Cannabis-Oil-1g-cartridge-online.jpg\" \/>\n\t<meta property=\"og:image:width\" content=\"600\" \/>\n\t<meta property=\"og:image:height\" content=\"600\" \/>\n\t<meta property=\"og:image:type\" content=\"image\/jpeg\" \/>\n<meta name=\"twitter:card\" content=\"summary_large_image\" \/>\n<meta name=\"twitter:label1\" content=\"Est. reading time\" \/>\n\t<meta name=\"twitter:data1\" content=\"1 minute\" \/>\n<script type=\"application\/ld+json\" class=\"yoast-schema-graph\">{\"@context\":\"https:\\\/\\\/schema.org\",\"@graph\":[{\"@type\":\"WebPage\",\"@id\":\"https:\\\/\\\/medicinasinc.com\\\/cs\\\/product\\\/buy-lemon-haze-co2-1g-vape-cartridge\\\/\",\"url\":\"https:\\\/\\\/medicinasinc.com\\\/cs\\\/product\\\/buy-lemon-haze-co2-1g-vape-cartridge\\\/\",\"name\":\"Kupte si patronu Lemon Haze CO2 \u2013 nejlep\u0161\u00ed glob\u00e1ln\u00ed l\u00e9ky\",\"isPartOf\":{\"@id\":\"https:\\\/\\\/medicinasinc.com\\\/cs\\\/#website\"},\"primaryImageOfPage\":{\"@id\":\"https:\\\/\\\/medicinasinc.com\\\/cs\\\/product\\\/buy-lemon-haze-co2-1g-vape-cartridge\\\/#primaryimage\"},\"image\":{\"@id\":\"https:\\\/\\\/medicinasinc.com\\\/cs\\\/product\\\/buy-lemon-haze-co2-1g-vape-cartridge\\\/#primaryimage\"},\"thumbnailUrl\":\"https:\\\/\\\/medicinasinc.com\\\/cs\\\/wp-content\\\/uploads\\\/sites\\\/2\\\/2022\\\/02\\\/Buy-High-THC-Cannabis-Oil-1g-cartridge-online.jpg\",\"datePublished\":\"2022-02-20T08:47:42+00:00\",\"dateModified\":\"2022-03-14T13:10:00+00:00\",\"description\":\"Koupit Super Lemon Haze Cannabis Oil Vape Cartridge Strain na prodej Velk\u00e1 Brit\u00e1nie, Evropa. Metoda extrakce SativaOil: Podkritick\u00fd CO2. Z\u00e1sobn\u00edk Super Lemon Haze Cannabis Oil Vape.\",\"breadcrumb\":{\"@id\":\"https:\\\/\\\/medicinasinc.com\\\/cs\\\/product\\\/buy-lemon-haze-co2-1g-vape-cartridge\\\/#breadcrumb\"},\"inLanguage\":\"en-US\",\"potentialAction\":[{\"@type\":\"ReadAction\",\"target\":[\"https:\\\/\\\/medicinasinc.com\\\/cs\\\/product\\\/buy-lemon-haze-co2-1g-vape-cartridge\\\/\"]}]},{\"@type\":\"ImageObject\",\"inLanguage\":\"en-US\",\"@id\":\"https:\\\/\\\/medicinasinc.com\\\/cs\\\/product\\\/buy-lemon-haze-co2-1g-vape-cartridge\\\/#primaryimage\",\"url\":\"https:\\\/\\\/medicinasinc.com\\\/cs\\\/wp-content\\\/uploads\\\/sites\\\/2\\\/2022\\\/02\\\/Buy-High-THC-Cannabis-Oil-1g-cartridge-online.jpg\",\"contentUrl\":\"https:\\\/\\\/medicinasinc.com\\\/cs\\\/wp-content\\\/uploads\\\/sites\\\/2\\\/2022\\\/02\\\/Buy-High-THC-Cannabis-Oil-1g-cartridge-online.jpg\",\"width\":600,\"height\":600},{\"@type\":\"BreadcrumbList\",\"@id\":\"https:\\\/\\\/medicinasinc.com\\\/cs\\\/product\\\/buy-lemon-haze-co2-1g-vape-cartridge\\\/#breadcrumb\",\"itemListElement\":[{\"@type\":\"ListItem\",\"position\":1,\"name\":\"Obchod\",\"item\":\"https:\\\/\\\/medicinasinc.com\\\/cs\\\/obchod\\\/\"},{\"@type\":\"ListItem\",\"position\":2,\"name\":\"Kupte si patronu Lemon Haze CO2 1g\"}]},{\"@type\":\"WebSite\",\"@id\":\"https:\\\/\\\/medicinasinc.com\\\/cs\\\/#website\",\"url\":\"https:\\\/\\\/medicinasinc.com\\\/cs\\\/\",\"name\":\"Medicinas Inc\",\"description\":\"Health Medical Clinic\",\"potentialAction\":[{\"@type\":\"SearchAction\",\"target\":{\"@type\":\"EntryPoint\",\"urlTemplate\":\"https:\\\/\\\/medicinasinc.com\\\/cs\\\/?s={search_term_string}\"},\"query-input\":{\"@type\":\"PropertyValueSpecification\",\"valueRequired\":true,\"valueName\":\"search_term_string\"}}],\"inLanguage\":\"en-US\"}]}<\/script>\n<!-- \/ Yoast SEO plugin. -->","yoast_head_json":{"title":"Kupte si patronu Lemon Haze CO2 \u2013 nejlep\u0161\u00ed glob\u00e1ln\u00ed l\u00e9ky","description":"Koupit Super Lemon Haze Cannabis Oil Vape Cartridge Strain na prodej Velk\u00e1 Brit\u00e1nie, Evropa. Metoda extrakce SativaOil: Podkritick\u00fd CO2. Z\u00e1sobn\u00edk Super Lemon Haze Cannabis Oil Vape.","robots":{"index":"index","follow":"follow","max-snippet":"max-snippet:-1","max-image-preview":"max-image-preview:large","max-video-preview":"max-video-preview:-1"},"canonical":"https:\/\/medicinasinc.com\/cs\/product\/buy-lemon-haze-co2-1g-vape-cartridge\/","og_locale":"en_US","og_type":"article","og_title":"Kupte si patronu Lemon Haze CO2 \u2013 nejlep\u0161\u00ed glob\u00e1ln\u00ed l\u00e9ky","og_description":"Koupit Super Lemon Haze Cannabis Oil Vape Cartridge Strain na prodej Velk\u00e1 Brit\u00e1nie, Evropa. Metoda extrakce SativaOil: Podkritick\u00fd CO2. Z\u00e1sobn\u00edk Super Lemon Haze Cannabis Oil Vape.","og_url":"https:\/\/medicinasinc.com\/cs\/product\/buy-lemon-haze-co2-1g-vape-cartridge\/","og_site_name":"Medicinas Inc","article_modified_time":"2022-03-14T13:10:00+00:00","og_image":[{"width":600,"height":600,"url":"https:\/\/medicinasinc.com\/cs\/wp-content\/uploads\/sites\/2\/2022\/02\/Buy-High-THC-Cannabis-Oil-1g-cartridge-online.jpg","type":"image\/jpeg"}],"twitter_card":"summary_large_image","twitter_misc":{"Est. reading time":"1 minute"},"schema":{"@context":"https:\/\/schema.org","@graph":[{"@type":"WebPage","@id":"https:\/\/medicinasinc.com\/cs\/product\/buy-lemon-haze-co2-1g-vape-cartridge\/","url":"https:\/\/medicinasinc.com\/cs\/product\/buy-lemon-haze-co2-1g-vape-cartridge\/","name":"Kupte si patronu Lemon Haze CO2 \u2013 nejlep\u0161\u00ed glob\u00e1ln\u00ed l\u00e9ky","isPartOf":{"@id":"https:\/\/medicinasinc.com\/cs\/#website"},"primaryImageOfPage":{"@id":"https:\/\/medicinasinc.com\/cs\/product\/buy-lemon-haze-co2-1g-vape-cartridge\/#primaryimage"},"image":{"@id":"https:\/\/medicinasinc.com\/cs\/product\/buy-lemon-haze-co2-1g-vape-cartridge\/#primaryimage"},"thumbnailUrl":"https:\/\/medicinasinc.com\/cs\/wp-content\/uploads\/sites\/2\/2022\/02\/Buy-High-THC-Cannabis-Oil-1g-cartridge-online.jpg","datePublished":"2022-02-20T08:47:42+00:00","dateModified":"2022-03-14T13:10:00+00:00","description":"Koupit Super Lemon Haze Cannabis Oil Vape Cartridge Strain na prodej Velk\u00e1 Brit\u00e1nie, Evropa. Metoda extrakce SativaOil: Podkritick\u00fd CO2. Z\u00e1sobn\u00edk Super Lemon Haze Cannabis Oil Vape.","breadcrumb":{"@id":"https:\/\/medicinasinc.com\/cs\/product\/buy-lemon-haze-co2-1g-vape-cartridge\/#breadcrumb"},"inLanguage":"en-US","potentialAction":[{"@type":"ReadAction","target":["https:\/\/medicinasinc.com\/cs\/product\/buy-lemon-haze-co2-1g-vape-cartridge\/"]}]},{"@type":"ImageObject","inLanguage":"en-US","@id":"https:\/\/medicinasinc.com\/cs\/product\/buy-lemon-haze-co2-1g-vape-cartridge\/#primaryimage","url":"https:\/\/medicinasinc.com\/cs\/wp-content\/uploads\/sites\/2\/2022\/02\/Buy-High-THC-Cannabis-Oil-1g-cartridge-online.jpg","contentUrl":"https:\/\/medicinasinc.com\/cs\/wp-content\/uploads\/sites\/2\/2022\/02\/Buy-High-THC-Cannabis-Oil-1g-cartridge-online.jpg","width":600,"height":600},{"@type":"BreadcrumbList","@id":"https:\/\/medicinasinc.com\/cs\/product\/buy-lemon-haze-co2-1g-vape-cartridge\/#breadcrumb","itemListElement":[{"@type":"ListItem","position":1,"name":"Obchod","item":"https:\/\/medicinasinc.com\/cs\/obchod\/"},{"@type":"ListItem","position":2,"name":"Kupte si patronu Lemon Haze CO2 1g"}]},{"@type":"WebSite","@id":"https:\/\/medicinasinc.com\/cs\/#website","url":"https:\/\/medicinasinc.com\/cs\/","name":"Medicinas Inc","description":"Health Medical Clinic","potentialAction":[{"@type":"SearchAction","target":{"@type":"EntryPoint","urlTemplate":"https:\/\/medicinasinc.com\/cs\/?s={search_term_string}"},"query-input":{"@type":"PropertyValueSpecification","valueRequired":true,"valueName":"search_term_string"}}],"inLanguage":"en-US"}]}},"_links":{"self":[{"href":"https:\/\/medicinasinc.com\/cs\/wp-json\/wp\/v2\/product\/4390","targetHints":{"allow":["GET"]}}],"collection":[{"href":"https:\/\/medicinasinc.com\/cs\/wp-json\/wp\/v2\/product"}],"about":[{"href":"https:\/\/medicinasinc.com\/cs\/wp-json\/wp\/v2\/types\/product"}],"replies":[{"embeddable":true,"href":"https:\/\/medicinasinc.com\/cs\/wp-json\/wp\/v2\/comments?post=4390"}],"wp:featuredmedia":[{"embeddable":true,"href":"https:\/\/medicinasinc.com\/cs\/wp-json\/wp\/v2\/media\/4423"}],"wp:attachment":[{"href":"https:\/\/medicinasinc.com\/cs\/wp-json\/wp\/v2\/media?parent=4390"}],"wp:term":[{"taxonomy":"product_brand","embeddable":true,"href":"https:\/\/medicinasinc.com\/cs\/wp-json\/wp\/v2\/product_brand?post=4390"},{"taxonomy":"product_cat","embeddable":true,"href":"https:\/\/medicinasinc.com\/cs\/wp-json\/wp\/v2\/product_cat?post=4390"},{"taxonomy":"product_tag","embeddable":true,"href":"https:\/\/medicinasinc.com\/cs\/wp-json\/wp\/v2\/product_tag?post=4390"}],"curies":[{"name":"wp","href":"https:\/\/api.w.org\/{rel}","templated":true}]}}