{"id":4388,"date":"2022-02-20T08:46:53","date_gmt":"2022-02-20T08:46:53","guid":{"rendered":"https:\/\/medicinasinc.com\/cs\/?post_type=product&#038;p=4388"},"modified":"2022-03-14T13:10:10","modified_gmt":"2022-03-14T13:10:10","slug":"koupit-high-thc-cannabis-oil-1g-cartridge-online","status":"publish","type":"product","link":"https:\/\/medicinasinc.com\/cs\/product\/koupit-high-thc-cannabis-oil-1g-cartridge-online\/","title":{"rendered":"Kupte si online kazetu s vysok\u00fdm obsahem THC Cannabis Oil 1g"},"content":{"rendered":"<p>Kupte si 1g kazetu s vysok\u00fdm obsahem THC Cannabis Oil online.<\/p>\n<p>Nam\u00edsto m\u00edch\u00e1n\u00ed na\u0161eho konop\u00ed nab\u00edz\u00edme kazety v 18 r\u016fzn\u00fdch kmenech. Nepou\u017e\u00edv\u00e1me \u017e\u00e1dn\u00e9 p\u0159\u00edsady. Na\u0161e konop\u00ed se p\u0159irozen\u011b p\u011bstuje v pr\u00e9miov\u00e9 oblasti konop\u00ed v severn\u00ed Kalifornii a pot\u00e9 se \u010dist\u011b extrahuje pomoc\u00ed patentovan\u00e9 superkritick\u00e9 metody CO2.<\/p>\n<p>Konopn\u00fd olej pro l\u00e9ka\u0159sk\u00e9 pou\u017eit\u00ed. Hybrid, Sativa a Indica<\/p>\n<p>L\u00e9ka\u0159sk\u00e9 v\u00fdhody konopn\u00e9ho oleje<br \/> Ochrana imunitn\u00edho syst\u00e9mu V\u00fdrazn\u011b zvy\u0161uje va\u0161e \u0161ance na remisi<br \/> Pom\u00e1h\u00e1 stabilizovat a vym\u00fdtit akutn\u00ed nebo chronickou bolest<br \/> Odstra\u0148uje potenci\u00e1ln\u011b \u0161kodliv\u00e9 farmaceutick\u00e9 protokoly<br \/> Sni\u017euje nebo eliminuje r\u016fst malign\u00edch bun\u011bk. Sni\u017euje nebo odstra\u0148uje nevolnost.<\/p>\n<p>Konop\u00ed historicky obsahovalo koncentrace THC mezi 12 a 21 %.<\/p>\n<p>Koncentrace CBD ve v\u011bt\u0161in\u011b rostlin konop\u00ed se pohybuj\u00ed mezi 0,1 a 0,3 procenta. Nyn\u00ed jsou v\u0161ak k dispozici odr\u016fdy konop\u00ed s vy\u0161\u0161\u00edm obsahem CBD, d\u00edky nim\u017e jsou konopn\u00e9 oleje bohat\u00e9 na CBD dostupn\u011bj\u0161\u00ed. Tyto konopn\u00e9 oleje jsou k dispozici ke koupi a lze je u n\u00e1s bezpe\u010dn\u011b objednat online. hash oil na prodej online, jak koupit hash oil online, high thc oil na prodej, objednat hash oil online, buy hash oil online, hash oil cartridge for sale, kde si mohu koupit thc oil online, thc hash oil na prodej, hash olejov\u00e9 n\u00e1pln\u011b na prodej online, kde koupit thc olej online, koupit n\u00e1pln\u011b s hashov\u00fdm olejem online<\/p>\n<p>Oleje bohat\u00e9 na CBD jsou nav\u00edc preferov\u00e1ny pro stavy, jako je epilepsie, \u00fazkost, stres a nevolnost. CBD oleje v\u00e1m tak\u00e9 pomohou relaxovat a pomohou p\u0159i l\u00e9\u010db\u011b nespavosti, tenzn\u00ed bolesti hlavy, poruch n\u00e1lady a poruchy pozornosti.<\/p>\n<p>Ne\u017e si koup\u00edte hash online, je d\u016fle\u017eit\u00e9 porozum\u011bt \u00fa\u010dinku, jak to souvis\u00ed na konop\u00ed a \u010d\u00edm se odli\u0161uje od jin\u00fdch pleveln\u00fdch produkt\u016f. Hash, jin\u00fd v\u00fdraz pro \u201eha\u0161i\u0161\u201c ve st\u00e1t\u011b, je konopn\u00fd koncentr\u00e1t dopravovan\u00fd p\u0159es sm\u016flu rostliny marihuany. Toho je dosa\u017eeno odd\u011blen\u00edm org\u00e1n\u016f m\u00edzy rostliny konop\u00ed, kter\u00e9 se souhrnn\u011b ozna\u010duj\u00ed jako trichomy, od jej\u00edch kv\u011bt\u016f. Je zn\u00e1mo, \u017ee tyto trichomy obsahuj\u00ed nejvy\u0161\u0161\u00ed koncentrace kanabinoid\u016f a terpen\u016f, co\u017e jsou chemick\u00e9 slou\u010deniny odpov\u011bdn\u00e9 za jedine\u010dn\u00e9 vlastnosti a vlastnosti Maryjane. Vzhledem k vysok\u00e9 koncentraci kanabinoid\u016f a terpen\u016f v ha\u0161i m\u00e1 v\u00fdjime\u010dnou schopnost vytv\u00e1\u0159et ohromuj\u00edc\u00ed psychoaktivn\u00ed a l\u00e9\u010div\u00e1 setk\u00e1n\u00ed pro klienty s konop\u00edm. Ha\u0161ov\u00fd olej je vysoce koncentrovan\u00e1 forma konop\u00ed, kterou lze kou\u0159it, odpa\u0159ovat, konzumovat nebo \u010distit na k\u016f\u017ei. Ob\u010das se o pou\u017eit\u00ed hashov\u00e9ho oleje mluv\u00ed jako o \u201edosahov\u00e1n\u00ed\u201c nebo \u201espot\u0159ebov\u00e1n\u00ed\u201c. Ha\u0161ov\u00fd olej poch\u00e1z\u00ed z rostlin konop\u00ed a obsahuje THC (delta-9-tetrahydrokanabinol), stejnou revolu\u010dn\u00ed slou\u010deninu, kterou najdete v jin\u00fdch produktech Maryjane. Nicm\u00e9n\u011b hashov\u00fd olej je siln\u011bj\u0161\u00ed, obsahuje a\u017e 90 % \u010dist\u00e9ho THC. P\u0159irozen\u011b, v jin\u00fdch \u010d\u00e1stech rostliny konop\u00ed je obsah THC typicky kolem 12 %. D\u016fv\u011bryhodn\u00e1 CO2 extrakce je v sou\u010dasnosti nej\u00fa\u010dinn\u011bj\u0161\u00ed metodou t\u011b\u017eby THC oleje. Krom\u011b toho je to nejb\u011b\u017en\u011bj\u0161\u00ed a nejbezpe\u010dn\u011bj\u0161\u00ed zp\u016fsob v\u00fdroby konopn\u00e9ho oleje, destil\u00e1tu a \u017eiv\u00fdch \u017ev\u00fdka\u010dek. D\u016fvod, pro\u010d je v dne\u0161n\u00ed dob\u011b tak p\u0159evl\u00e1daj\u00edc\u00ed, je ten, \u017ee tento THC olej neobsahuje dal\u0161\u00ed rozpou\u0161t\u011bdla, jako je louh nebo butan. V\u011bt\u0161ina olej\u016f THC obsahuje typ sni\u017euj\u00edc\u00ed se p\u0159ipravenosti. To je nezbytn\u00e9, aby si olej zachoval ide\u00e1ln\u00ed konzistenci pro vapov\u00e1n\u00ed. Nejv\u00fdznamn\u011bj\u0161\u00edmi specialisty na sni\u017eov\u00e1n\u00ed jsou rostlinn\u00fd glycerin a propylenglykol (VG a PG), kter\u00e9 se b\u011b\u017en\u011b vyskytuj\u00ed ve standardn\u00edch e-liquidech. N\u011bkter\u00e9 obsahuj\u00ed r\u016fzn\u00e1 plniva, jako je PEG a v posledn\u00ed dob\u011b TEC Temper, co\u017e je dal\u0161\u00ed podm\u00ednka odvozen\u00e1 z p\u0159\u00edrodn\u00edch terpen\u016f. Hash oil je mo\u017en\u00e9 zakoupit.<\/p>\n","protected":false},"excerpt":{"rendered":"<p>Nakupte marihuanov\u00fd olej s vysok\u00fdm obsahem THC na prodej UK, Evropa online. Koupit 100% \u010dist\u00fd konopn\u00fd olej thc na prodej v USA. Plnospektr\u00e1ln\u00ed konopn\u00fd olej. THC oil rakovina na prodej.Potence: 85% THC &amp; 15% CBD<\/p>\n<p>Cena produktu je jako: za 5 kazet<\/p>\n<p>Minim\u00e1ln\u00ed mno\u017estv\u00ed pro objedn\u00e1vku je: 5 kazet<\/p>\n","protected":false},"featured_media":4423,"comment_status":"open","ping_status":"closed","template":"","meta":[],"product_brand":[],"product_cat":[440],"product_tag":[],"class_list":{"0":"post-4388","1":"product","2":"type-product","3":"status-publish","4":"has-post-thumbnail","6":"product_cat-koupit-konopi-cbd-olej","8":"first","9":"instock","10":"shipping-taxable","11":"purchasable","12":"product-type-variable","13":"has-default-attributes"},"yoast_head":"<!-- This site is optimized with the Yoast SEO plugin v27.3 - https:\/\/yoast.com\/product\/yoast-seo-wordpress\/ -->\n<title>Kupte si online kazetu s vysok\u00fdm obsahem THC Cannabis Oil 1g \u2013 nejlep\u0161\u00ed glob\u00e1ln\u00ed l\u00e9ky<\/title>\n<meta name=\"description\" content=\"Koupit marihuanov\u00fd olej s vysok\u00fdm obsahem THC na prodej Spojen\u00e9 kr\u00e1lovstv\u00ed, Evropa Online. Koupit 100% \u010dist\u00fd konopn\u00fd olej thc na prodej v USA. Plnospektr\u00e1ln\u00ed konopn\u00fd olej. THC oil rakovina na prodej.Potence: 85% THC &amp; 15% CBD\" \/>\n<meta name=\"robots\" content=\"index, follow, max-snippet:-1, max-image-preview:large, max-video-preview:-1\" \/>\n<link rel=\"canonical\" href=\"https:\/\/medicinasinc.com\/cs\/product\/koupit-high-thc-cannabis-oil-1g-cartridge-online\/\" \/>\n<meta property=\"og:locale\" content=\"en_US\" \/>\n<meta property=\"og:type\" content=\"article\" \/>\n<meta property=\"og:title\" content=\"Kupte si online kazetu s vysok\u00fdm obsahem THC Cannabis Oil 1g \u2013 nejlep\u0161\u00ed glob\u00e1ln\u00ed l\u00e9ky\" \/>\n<meta property=\"og:description\" content=\"Koupit marihuanov\u00fd olej s vysok\u00fdm obsahem THC na prodej Spojen\u00e9 kr\u00e1lovstv\u00ed, Evropa Online. Koupit 100% \u010dist\u00fd konopn\u00fd olej thc na prodej v USA. Plnospektr\u00e1ln\u00ed konopn\u00fd olej. THC oil rakovina na prodej.Potence: 85% THC &amp; 15% CBD\" \/>\n<meta property=\"og:url\" content=\"https:\/\/medicinasinc.com\/cs\/product\/koupit-high-thc-cannabis-oil-1g-cartridge-online\/\" \/>\n<meta property=\"og:site_name\" content=\"Medicinas Inc\" \/>\n<meta property=\"article:modified_time\" content=\"2022-03-14T13:10:10+00:00\" \/>\n<meta property=\"og:image\" content=\"https:\/\/medicinasinc.com\/cs\/wp-content\/uploads\/sites\/2\/2022\/02\/Buy-High-THC-Cannabis-Oil-1g-cartridge-online.jpg\" \/>\n\t<meta property=\"og:image:width\" content=\"600\" \/>\n\t<meta property=\"og:image:height\" content=\"600\" \/>\n\t<meta property=\"og:image:type\" content=\"image\/jpeg\" \/>\n<meta name=\"twitter:card\" content=\"summary_large_image\" \/>\n<meta name=\"twitter:label1\" content=\"Est. reading time\" \/>\n\t<meta name=\"twitter:data1\" content=\"3 minutes\" \/>\n<script type=\"application\/ld+json\" class=\"yoast-schema-graph\">{\"@context\":\"https:\\\/\\\/schema.org\",\"@graph\":[{\"@type\":\"WebPage\",\"@id\":\"https:\\\/\\\/medicinasinc.com\\\/cs\\\/product\\\/koupit-high-thc-cannabis-oil-1g-cartridge-online\\\/\",\"url\":\"https:\\\/\\\/medicinasinc.com\\\/cs\\\/product\\\/koupit-high-thc-cannabis-oil-1g-cartridge-online\\\/\",\"name\":\"Kupte si online kazetu s vysok\u00fdm obsahem THC Cannabis Oil 1g \u2013 nejlep\u0161\u00ed glob\u00e1ln\u00ed l\u00e9ky\",\"isPartOf\":{\"@id\":\"https:\\\/\\\/medicinasinc.com\\\/cs\\\/#website\"},\"primaryImageOfPage\":{\"@id\":\"https:\\\/\\\/medicinasinc.com\\\/cs\\\/product\\\/koupit-high-thc-cannabis-oil-1g-cartridge-online\\\/#primaryimage\"},\"image\":{\"@id\":\"https:\\\/\\\/medicinasinc.com\\\/cs\\\/product\\\/koupit-high-thc-cannabis-oil-1g-cartridge-online\\\/#primaryimage\"},\"thumbnailUrl\":\"https:\\\/\\\/medicinasinc.com\\\/cs\\\/wp-content\\\/uploads\\\/sites\\\/2\\\/2022\\\/02\\\/Buy-High-THC-Cannabis-Oil-1g-cartridge-online.jpg\",\"datePublished\":\"2022-02-20T08:46:53+00:00\",\"dateModified\":\"2022-03-14T13:10:10+00:00\",\"description\":\"Koupit marihuanov\u00fd olej s vysok\u00fdm obsahem THC na prodej Spojen\u00e9 kr\u00e1lovstv\u00ed, Evropa Online. Koupit 100% \u010dist\u00fd konopn\u00fd olej thc na prodej v USA. Plnospektr\u00e1ln\u00ed konopn\u00fd olej. THC oil rakovina na prodej.Potence: 85% THC &amp; 15% CBD\",\"breadcrumb\":{\"@id\":\"https:\\\/\\\/medicinasinc.com\\\/cs\\\/product\\\/koupit-high-thc-cannabis-oil-1g-cartridge-online\\\/#breadcrumb\"},\"inLanguage\":\"en-US\",\"potentialAction\":[{\"@type\":\"ReadAction\",\"target\":[\"https:\\\/\\\/medicinasinc.com\\\/cs\\\/product\\\/koupit-high-thc-cannabis-oil-1g-cartridge-online\\\/\"]}]},{\"@type\":\"ImageObject\",\"inLanguage\":\"en-US\",\"@id\":\"https:\\\/\\\/medicinasinc.com\\\/cs\\\/product\\\/koupit-high-thc-cannabis-oil-1g-cartridge-online\\\/#primaryimage\",\"url\":\"https:\\\/\\\/medicinasinc.com\\\/cs\\\/wp-content\\\/uploads\\\/sites\\\/2\\\/2022\\\/02\\\/Buy-High-THC-Cannabis-Oil-1g-cartridge-online.jpg\",\"contentUrl\":\"https:\\\/\\\/medicinasinc.com\\\/cs\\\/wp-content\\\/uploads\\\/sites\\\/2\\\/2022\\\/02\\\/Buy-High-THC-Cannabis-Oil-1g-cartridge-online.jpg\",\"width\":600,\"height\":600},{\"@type\":\"BreadcrumbList\",\"@id\":\"https:\\\/\\\/medicinasinc.com\\\/cs\\\/product\\\/koupit-high-thc-cannabis-oil-1g-cartridge-online\\\/#breadcrumb\",\"itemListElement\":[{\"@type\":\"ListItem\",\"position\":1,\"name\":\"Obchod\",\"item\":\"https:\\\/\\\/medicinasinc.com\\\/cs\\\/obchod\\\/\"},{\"@type\":\"ListItem\",\"position\":2,\"name\":\"Kupte si online kazetu s vysok\u00fdm obsahem THC Cannabis Oil 1g\"}]},{\"@type\":\"WebSite\",\"@id\":\"https:\\\/\\\/medicinasinc.com\\\/cs\\\/#website\",\"url\":\"https:\\\/\\\/medicinasinc.com\\\/cs\\\/\",\"name\":\"Medicinas Inc\",\"description\":\"Health Medical Clinic\",\"potentialAction\":[{\"@type\":\"SearchAction\",\"target\":{\"@type\":\"EntryPoint\",\"urlTemplate\":\"https:\\\/\\\/medicinasinc.com\\\/cs\\\/?s={search_term_string}\"},\"query-input\":{\"@type\":\"PropertyValueSpecification\",\"valueRequired\":true,\"valueName\":\"search_term_string\"}}],\"inLanguage\":\"en-US\"}]}<\/script>\n<!-- \/ Yoast SEO plugin. -->","yoast_head_json":{"title":"Kupte si online kazetu s vysok\u00fdm obsahem THC Cannabis Oil 1g \u2013 nejlep\u0161\u00ed glob\u00e1ln\u00ed l\u00e9ky","description":"Koupit marihuanov\u00fd olej s vysok\u00fdm obsahem THC na prodej Spojen\u00e9 kr\u00e1lovstv\u00ed, Evropa Online. Koupit 100% \u010dist\u00fd konopn\u00fd olej thc na prodej v USA. Plnospektr\u00e1ln\u00ed konopn\u00fd olej. THC oil rakovina na prodej.Potence: 85% THC &amp; 15% CBD","robots":{"index":"index","follow":"follow","max-snippet":"max-snippet:-1","max-image-preview":"max-image-preview:large","max-video-preview":"max-video-preview:-1"},"canonical":"https:\/\/medicinasinc.com\/cs\/product\/koupit-high-thc-cannabis-oil-1g-cartridge-online\/","og_locale":"en_US","og_type":"article","og_title":"Kupte si online kazetu s vysok\u00fdm obsahem THC Cannabis Oil 1g \u2013 nejlep\u0161\u00ed glob\u00e1ln\u00ed l\u00e9ky","og_description":"Koupit marihuanov\u00fd olej s vysok\u00fdm obsahem THC na prodej Spojen\u00e9 kr\u00e1lovstv\u00ed, Evropa Online. Koupit 100% \u010dist\u00fd konopn\u00fd olej thc na prodej v USA. Plnospektr\u00e1ln\u00ed konopn\u00fd olej. THC oil rakovina na prodej.Potence: 85% THC &amp; 15% CBD","og_url":"https:\/\/medicinasinc.com\/cs\/product\/koupit-high-thc-cannabis-oil-1g-cartridge-online\/","og_site_name":"Medicinas Inc","article_modified_time":"2022-03-14T13:10:10+00:00","og_image":[{"width":600,"height":600,"url":"https:\/\/medicinasinc.com\/cs\/wp-content\/uploads\/sites\/2\/2022\/02\/Buy-High-THC-Cannabis-Oil-1g-cartridge-online.jpg","type":"image\/jpeg"}],"twitter_card":"summary_large_image","twitter_misc":{"Est. reading time":"3 minutes"},"schema":{"@context":"https:\/\/schema.org","@graph":[{"@type":"WebPage","@id":"https:\/\/medicinasinc.com\/cs\/product\/koupit-high-thc-cannabis-oil-1g-cartridge-online\/","url":"https:\/\/medicinasinc.com\/cs\/product\/koupit-high-thc-cannabis-oil-1g-cartridge-online\/","name":"Kupte si online kazetu s vysok\u00fdm obsahem THC Cannabis Oil 1g \u2013 nejlep\u0161\u00ed glob\u00e1ln\u00ed l\u00e9ky","isPartOf":{"@id":"https:\/\/medicinasinc.com\/cs\/#website"},"primaryImageOfPage":{"@id":"https:\/\/medicinasinc.com\/cs\/product\/koupit-high-thc-cannabis-oil-1g-cartridge-online\/#primaryimage"},"image":{"@id":"https:\/\/medicinasinc.com\/cs\/product\/koupit-high-thc-cannabis-oil-1g-cartridge-online\/#primaryimage"},"thumbnailUrl":"https:\/\/medicinasinc.com\/cs\/wp-content\/uploads\/sites\/2\/2022\/02\/Buy-High-THC-Cannabis-Oil-1g-cartridge-online.jpg","datePublished":"2022-02-20T08:46:53+00:00","dateModified":"2022-03-14T13:10:10+00:00","description":"Koupit marihuanov\u00fd olej s vysok\u00fdm obsahem THC na prodej Spojen\u00e9 kr\u00e1lovstv\u00ed, Evropa Online. Koupit 100% \u010dist\u00fd konopn\u00fd olej thc na prodej v USA. Plnospektr\u00e1ln\u00ed konopn\u00fd olej. THC oil rakovina na prodej.Potence: 85% THC &amp; 15% CBD","breadcrumb":{"@id":"https:\/\/medicinasinc.com\/cs\/product\/koupit-high-thc-cannabis-oil-1g-cartridge-online\/#breadcrumb"},"inLanguage":"en-US","potentialAction":[{"@type":"ReadAction","target":["https:\/\/medicinasinc.com\/cs\/product\/koupit-high-thc-cannabis-oil-1g-cartridge-online\/"]}]},{"@type":"ImageObject","inLanguage":"en-US","@id":"https:\/\/medicinasinc.com\/cs\/product\/koupit-high-thc-cannabis-oil-1g-cartridge-online\/#primaryimage","url":"https:\/\/medicinasinc.com\/cs\/wp-content\/uploads\/sites\/2\/2022\/02\/Buy-High-THC-Cannabis-Oil-1g-cartridge-online.jpg","contentUrl":"https:\/\/medicinasinc.com\/cs\/wp-content\/uploads\/sites\/2\/2022\/02\/Buy-High-THC-Cannabis-Oil-1g-cartridge-online.jpg","width":600,"height":600},{"@type":"BreadcrumbList","@id":"https:\/\/medicinasinc.com\/cs\/product\/koupit-high-thc-cannabis-oil-1g-cartridge-online\/#breadcrumb","itemListElement":[{"@type":"ListItem","position":1,"name":"Obchod","item":"https:\/\/medicinasinc.com\/cs\/obchod\/"},{"@type":"ListItem","position":2,"name":"Kupte si online kazetu s vysok\u00fdm obsahem THC Cannabis Oil 1g"}]},{"@type":"WebSite","@id":"https:\/\/medicinasinc.com\/cs\/#website","url":"https:\/\/medicinasinc.com\/cs\/","name":"Medicinas Inc","description":"Health Medical Clinic","potentialAction":[{"@type":"SearchAction","target":{"@type":"EntryPoint","urlTemplate":"https:\/\/medicinasinc.com\/cs\/?s={search_term_string}"},"query-input":{"@type":"PropertyValueSpecification","valueRequired":true,"valueName":"search_term_string"}}],"inLanguage":"en-US"}]}},"_links":{"self":[{"href":"https:\/\/medicinasinc.com\/cs\/wp-json\/wp\/v2\/product\/4388","targetHints":{"allow":["GET"]}}],"collection":[{"href":"https:\/\/medicinasinc.com\/cs\/wp-json\/wp\/v2\/product"}],"about":[{"href":"https:\/\/medicinasinc.com\/cs\/wp-json\/wp\/v2\/types\/product"}],"replies":[{"embeddable":true,"href":"https:\/\/medicinasinc.com\/cs\/wp-json\/wp\/v2\/comments?post=4388"}],"wp:featuredmedia":[{"embeddable":true,"href":"https:\/\/medicinasinc.com\/cs\/wp-json\/wp\/v2\/media\/4423"}],"wp:attachment":[{"href":"https:\/\/medicinasinc.com\/cs\/wp-json\/wp\/v2\/media?parent=4388"}],"wp:term":[{"taxonomy":"product_brand","embeddable":true,"href":"https:\/\/medicinasinc.com\/cs\/wp-json\/wp\/v2\/product_brand?post=4388"},{"taxonomy":"product_cat","embeddable":true,"href":"https:\/\/medicinasinc.com\/cs\/wp-json\/wp\/v2\/product_cat?post=4388"},{"taxonomy":"product_tag","embeddable":true,"href":"https:\/\/medicinasinc.com\/cs\/wp-json\/wp\/v2\/product_tag?post=4388"}],"curies":[{"name":"wp","href":"https:\/\/api.w.org\/{rel}","templated":true}]}}