{"id":4375,"date":"2022-02-20T08:40:25","date_gmt":"2022-02-20T08:40:25","guid":{"rendered":"https:\/\/medicinasinc.com\/cs\/?post_type=product&#038;p=4375"},"modified":"2022-03-14T13:10:22","modified_gmt":"2022-03-14T13:10:22","slug":"koupit-vysoko-cbd-premium-co2-extrahovany-olej","status":"publish","type":"product","link":"https:\/\/medicinasinc.com\/cs\/product\/koupit-vysoko-cbd-premium-co2-extrahovany-olej\/","title":{"rendered":"Kupte si extrahovan\u00fd olej s vysok\u00fdm obsahem CBD Premium CO2"},"content":{"rendered":"<p>Nakupte extrahovan\u00fd olej s vysok\u00fdm obsahem CBD Premium CO2 online ve Spojen\u00fdch st\u00e1tech americk\u00fdch.<\/p>\n<p>Nakupte si extrahovan\u00fd olej s vysok\u00fdm obsahem CBD Premium CO2 online ve Spojen\u00fdch st\u00e1tech americk\u00fdch.<\/p>\n<p>Kanabinoidy jsou extrahov\u00e1no pomoc\u00ed CO2. Zd\u00e1 se, \u017ee v\u00fdsledkem je olej, kter\u00fd je mnohem p\u0159\u00edjemn\u011bj\u0161\u00ed na vdechov\u00e1n\u00ed a bez drsnosti.<br \/> Tato \u0161ar\u017ee l\u00e9ku poch\u00e1z\u00ed z ACDC, kmene konop\u00ed zn\u00e1m\u00e9ho pro sv\u016fj vysok\u00fd obsah CBD.<\/p>\n","protected":false},"excerpt":{"rendered":"<p>Nakupte extrahovan\u00fd olej s vysok\u00fdm obsahem CBD Premium CO2 na prodej ve Spojen\u00e9m kr\u00e1lovstv\u00ed, Evrop\u011b online. Celkov\u00fd obsah aktivn\u00edch kanabinoid\u016f 80 % THC: 24 % CBD: 56 % CO2 extrak\u010dn\u00ed patrona s marihuanov\u00fdm olejem.<\/p>\n<h3>Koupit patrony s konopn\u00fdm olejem THC<\/h3>\n<p>Cena produktu je jako: za 5 patron<br \/> <strong>Minim\u00e1ln\u00ed mno\u017estv\u00ed pro objedn\u00e1vku je: 5 kazet<\/strong><\/p>\n","protected":false},"featured_media":4411,"comment_status":"open","ping_status":"closed","template":"","meta":[],"product_brand":[],"product_cat":[440],"product_tag":[],"class_list":{"0":"post-4375","1":"product","2":"type-product","3":"status-publish","4":"has-post-thumbnail","6":"product_cat-koupit-konopi-cbd-olej","8":"first","9":"instock","10":"shipping-taxable","11":"purchasable","12":"product-type-variable","13":"has-default-attributes"},"yoast_head":"<!-- This site is optimized with the Yoast SEO plugin v27.3 - https:\/\/yoast.com\/product\/yoast-seo-wordpress\/ -->\n<title>Kupte si extrahovan\u00fd olej s vysok\u00fdm obsahem CBD Premium CO2 \u2013 nejlep\u0161\u00ed glob\u00e1ln\u00ed l\u00e9ky<\/title>\n<meta name=\"description\" content=\"Kupte si extrahovan\u00fd olej s vysok\u00fdm obsahem CBD Premium CO2 na prodej Spojen\u00e9 kr\u00e1lovstv\u00ed, Evropa online. Celkem aktivn\u00ed kanabinoidy 80 % THC: 24 % CBD: 56 % CO2 extrak\u010dn\u00ed patrona s marihuanov\u00fdm olejem.\" \/>\n<meta name=\"robots\" content=\"index, follow, max-snippet:-1, max-image-preview:large, max-video-preview:-1\" \/>\n<link rel=\"canonical\" href=\"https:\/\/medicinasinc.com\/cs\/product\/koupit-vysoko-cbd-premium-co2-extrahovany-olej\/\" \/>\n<meta property=\"og:locale\" content=\"en_US\" \/>\n<meta property=\"og:type\" content=\"article\" \/>\n<meta property=\"og:title\" content=\"Kupte si extrahovan\u00fd olej s vysok\u00fdm obsahem CBD Premium CO2 \u2013 nejlep\u0161\u00ed glob\u00e1ln\u00ed l\u00e9ky\" \/>\n<meta property=\"og:description\" content=\"Kupte si extrahovan\u00fd olej s vysok\u00fdm obsahem CBD Premium CO2 na prodej Spojen\u00e9 kr\u00e1lovstv\u00ed, Evropa online. Celkem aktivn\u00ed kanabinoidy 80 % THC: 24 % CBD: 56 % CO2 extrak\u010dn\u00ed patrona s marihuanov\u00fdm olejem.\" \/>\n<meta property=\"og:url\" content=\"https:\/\/medicinasinc.com\/cs\/product\/koupit-vysoko-cbd-premium-co2-extrahovany-olej\/\" \/>\n<meta property=\"og:site_name\" content=\"Medicinas Inc\" \/>\n<meta property=\"article:modified_time\" content=\"2022-03-14T13:10:22+00:00\" \/>\n<meta property=\"og:image\" content=\"https:\/\/medicinasinc.com\/cs\/wp-content\/uploads\/sites\/2\/2022\/02\/Buy-High-CBD-Premium-CO2-Extracted-Oil.jpg\" \/>\n\t<meta property=\"og:image:width\" content=\"770\" \/>\n\t<meta property=\"og:image:height\" content=\"686\" \/>\n\t<meta property=\"og:image:type\" content=\"image\/jpeg\" \/>\n<meta name=\"twitter:card\" content=\"summary_large_image\" \/>\n<meta name=\"twitter:label1\" content=\"Est. reading time\" \/>\n\t<meta name=\"twitter:data1\" content=\"1 minute\" \/>\n<script type=\"application\/ld+json\" class=\"yoast-schema-graph\">{\"@context\":\"https:\\\/\\\/schema.org\",\"@graph\":[{\"@type\":\"WebPage\",\"@id\":\"https:\\\/\\\/medicinasinc.com\\\/cs\\\/product\\\/koupit-vysoko-cbd-premium-co2-extrahovany-olej\\\/\",\"url\":\"https:\\\/\\\/medicinasinc.com\\\/cs\\\/product\\\/koupit-vysoko-cbd-premium-co2-extrahovany-olej\\\/\",\"name\":\"Kupte si extrahovan\u00fd olej s vysok\u00fdm obsahem CBD Premium CO2 \u2013 nejlep\u0161\u00ed glob\u00e1ln\u00ed l\u00e9ky\",\"isPartOf\":{\"@id\":\"https:\\\/\\\/medicinasinc.com\\\/cs\\\/#website\"},\"primaryImageOfPage\":{\"@id\":\"https:\\\/\\\/medicinasinc.com\\\/cs\\\/product\\\/koupit-vysoko-cbd-premium-co2-extrahovany-olej\\\/#primaryimage\"},\"image\":{\"@id\":\"https:\\\/\\\/medicinasinc.com\\\/cs\\\/product\\\/koupit-vysoko-cbd-premium-co2-extrahovany-olej\\\/#primaryimage\"},\"thumbnailUrl\":\"https:\\\/\\\/medicinasinc.com\\\/cs\\\/wp-content\\\/uploads\\\/sites\\\/2\\\/2022\\\/02\\\/Buy-High-CBD-Premium-CO2-Extracted-Oil.jpg\",\"datePublished\":\"2022-02-20T08:40:25+00:00\",\"dateModified\":\"2022-03-14T13:10:22+00:00\",\"description\":\"Kupte si extrahovan\u00fd olej s vysok\u00fdm obsahem CBD Premium CO2 na prodej Spojen\u00e9 kr\u00e1lovstv\u00ed, Evropa online. Celkem aktivn\u00ed kanabinoidy 80 % THC: 24 % CBD: 56 % CO2 extrak\u010dn\u00ed patrona s marihuanov\u00fdm olejem.\",\"breadcrumb\":{\"@id\":\"https:\\\/\\\/medicinasinc.com\\\/cs\\\/product\\\/koupit-vysoko-cbd-premium-co2-extrahovany-olej\\\/#breadcrumb\"},\"inLanguage\":\"en-US\",\"potentialAction\":[{\"@type\":\"ReadAction\",\"target\":[\"https:\\\/\\\/medicinasinc.com\\\/cs\\\/product\\\/koupit-vysoko-cbd-premium-co2-extrahovany-olej\\\/\"]}]},{\"@type\":\"ImageObject\",\"inLanguage\":\"en-US\",\"@id\":\"https:\\\/\\\/medicinasinc.com\\\/cs\\\/product\\\/koupit-vysoko-cbd-premium-co2-extrahovany-olej\\\/#primaryimage\",\"url\":\"https:\\\/\\\/medicinasinc.com\\\/cs\\\/wp-content\\\/uploads\\\/sites\\\/2\\\/2022\\\/02\\\/Buy-High-CBD-Premium-CO2-Extracted-Oil.jpg\",\"contentUrl\":\"https:\\\/\\\/medicinasinc.com\\\/cs\\\/wp-content\\\/uploads\\\/sites\\\/2\\\/2022\\\/02\\\/Buy-High-CBD-Premium-CO2-Extracted-Oil.jpg\",\"width\":770,\"height\":686},{\"@type\":\"BreadcrumbList\",\"@id\":\"https:\\\/\\\/medicinasinc.com\\\/cs\\\/product\\\/koupit-vysoko-cbd-premium-co2-extrahovany-olej\\\/#breadcrumb\",\"itemListElement\":[{\"@type\":\"ListItem\",\"position\":1,\"name\":\"Obchod\",\"item\":\"https:\\\/\\\/medicinasinc.com\\\/cs\\\/obchod\\\/\"},{\"@type\":\"ListItem\",\"position\":2,\"name\":\"Kupte si extrahovan\u00fd olej s vysok\u00fdm obsahem CBD Premium CO2\"}]},{\"@type\":\"WebSite\",\"@id\":\"https:\\\/\\\/medicinasinc.com\\\/cs\\\/#website\",\"url\":\"https:\\\/\\\/medicinasinc.com\\\/cs\\\/\",\"name\":\"Medicinas Inc\",\"description\":\"Health Medical Clinic\",\"potentialAction\":[{\"@type\":\"SearchAction\",\"target\":{\"@type\":\"EntryPoint\",\"urlTemplate\":\"https:\\\/\\\/medicinasinc.com\\\/cs\\\/?s={search_term_string}\"},\"query-input\":{\"@type\":\"PropertyValueSpecification\",\"valueRequired\":true,\"valueName\":\"search_term_string\"}}],\"inLanguage\":\"en-US\"}]}<\/script>\n<!-- \/ Yoast SEO plugin. -->","yoast_head_json":{"title":"Kupte si extrahovan\u00fd olej s vysok\u00fdm obsahem CBD Premium CO2 \u2013 nejlep\u0161\u00ed glob\u00e1ln\u00ed l\u00e9ky","description":"Kupte si extrahovan\u00fd olej s vysok\u00fdm obsahem CBD Premium CO2 na prodej Spojen\u00e9 kr\u00e1lovstv\u00ed, Evropa online. Celkem aktivn\u00ed kanabinoidy 80 % THC: 24 % CBD: 56 % CO2 extrak\u010dn\u00ed patrona s marihuanov\u00fdm olejem.","robots":{"index":"index","follow":"follow","max-snippet":"max-snippet:-1","max-image-preview":"max-image-preview:large","max-video-preview":"max-video-preview:-1"},"canonical":"https:\/\/medicinasinc.com\/cs\/product\/koupit-vysoko-cbd-premium-co2-extrahovany-olej\/","og_locale":"en_US","og_type":"article","og_title":"Kupte si extrahovan\u00fd olej s vysok\u00fdm obsahem CBD Premium CO2 \u2013 nejlep\u0161\u00ed glob\u00e1ln\u00ed l\u00e9ky","og_description":"Kupte si extrahovan\u00fd olej s vysok\u00fdm obsahem CBD Premium CO2 na prodej Spojen\u00e9 kr\u00e1lovstv\u00ed, Evropa online. Celkem aktivn\u00ed kanabinoidy 80 % THC: 24 % CBD: 56 % CO2 extrak\u010dn\u00ed patrona s marihuanov\u00fdm olejem.","og_url":"https:\/\/medicinasinc.com\/cs\/product\/koupit-vysoko-cbd-premium-co2-extrahovany-olej\/","og_site_name":"Medicinas Inc","article_modified_time":"2022-03-14T13:10:22+00:00","og_image":[{"width":770,"height":686,"url":"https:\/\/medicinasinc.com\/cs\/wp-content\/uploads\/sites\/2\/2022\/02\/Buy-High-CBD-Premium-CO2-Extracted-Oil.jpg","type":"image\/jpeg"}],"twitter_card":"summary_large_image","twitter_misc":{"Est. reading time":"1 minute"},"schema":{"@context":"https:\/\/schema.org","@graph":[{"@type":"WebPage","@id":"https:\/\/medicinasinc.com\/cs\/product\/koupit-vysoko-cbd-premium-co2-extrahovany-olej\/","url":"https:\/\/medicinasinc.com\/cs\/product\/koupit-vysoko-cbd-premium-co2-extrahovany-olej\/","name":"Kupte si extrahovan\u00fd olej s vysok\u00fdm obsahem CBD Premium CO2 \u2013 nejlep\u0161\u00ed glob\u00e1ln\u00ed l\u00e9ky","isPartOf":{"@id":"https:\/\/medicinasinc.com\/cs\/#website"},"primaryImageOfPage":{"@id":"https:\/\/medicinasinc.com\/cs\/product\/koupit-vysoko-cbd-premium-co2-extrahovany-olej\/#primaryimage"},"image":{"@id":"https:\/\/medicinasinc.com\/cs\/product\/koupit-vysoko-cbd-premium-co2-extrahovany-olej\/#primaryimage"},"thumbnailUrl":"https:\/\/medicinasinc.com\/cs\/wp-content\/uploads\/sites\/2\/2022\/02\/Buy-High-CBD-Premium-CO2-Extracted-Oil.jpg","datePublished":"2022-02-20T08:40:25+00:00","dateModified":"2022-03-14T13:10:22+00:00","description":"Kupte si extrahovan\u00fd olej s vysok\u00fdm obsahem CBD Premium CO2 na prodej Spojen\u00e9 kr\u00e1lovstv\u00ed, Evropa online. Celkem aktivn\u00ed kanabinoidy 80 % THC: 24 % CBD: 56 % CO2 extrak\u010dn\u00ed patrona s marihuanov\u00fdm olejem.","breadcrumb":{"@id":"https:\/\/medicinasinc.com\/cs\/product\/koupit-vysoko-cbd-premium-co2-extrahovany-olej\/#breadcrumb"},"inLanguage":"en-US","potentialAction":[{"@type":"ReadAction","target":["https:\/\/medicinasinc.com\/cs\/product\/koupit-vysoko-cbd-premium-co2-extrahovany-olej\/"]}]},{"@type":"ImageObject","inLanguage":"en-US","@id":"https:\/\/medicinasinc.com\/cs\/product\/koupit-vysoko-cbd-premium-co2-extrahovany-olej\/#primaryimage","url":"https:\/\/medicinasinc.com\/cs\/wp-content\/uploads\/sites\/2\/2022\/02\/Buy-High-CBD-Premium-CO2-Extracted-Oil.jpg","contentUrl":"https:\/\/medicinasinc.com\/cs\/wp-content\/uploads\/sites\/2\/2022\/02\/Buy-High-CBD-Premium-CO2-Extracted-Oil.jpg","width":770,"height":686},{"@type":"BreadcrumbList","@id":"https:\/\/medicinasinc.com\/cs\/product\/koupit-vysoko-cbd-premium-co2-extrahovany-olej\/#breadcrumb","itemListElement":[{"@type":"ListItem","position":1,"name":"Obchod","item":"https:\/\/medicinasinc.com\/cs\/obchod\/"},{"@type":"ListItem","position":2,"name":"Kupte si extrahovan\u00fd olej s vysok\u00fdm obsahem CBD Premium CO2"}]},{"@type":"WebSite","@id":"https:\/\/medicinasinc.com\/cs\/#website","url":"https:\/\/medicinasinc.com\/cs\/","name":"Medicinas Inc","description":"Health Medical Clinic","potentialAction":[{"@type":"SearchAction","target":{"@type":"EntryPoint","urlTemplate":"https:\/\/medicinasinc.com\/cs\/?s={search_term_string}"},"query-input":{"@type":"PropertyValueSpecification","valueRequired":true,"valueName":"search_term_string"}}],"inLanguage":"en-US"}]}},"_links":{"self":[{"href":"https:\/\/medicinasinc.com\/cs\/wp-json\/wp\/v2\/product\/4375","targetHints":{"allow":["GET"]}}],"collection":[{"href":"https:\/\/medicinasinc.com\/cs\/wp-json\/wp\/v2\/product"}],"about":[{"href":"https:\/\/medicinasinc.com\/cs\/wp-json\/wp\/v2\/types\/product"}],"replies":[{"embeddable":true,"href":"https:\/\/medicinasinc.com\/cs\/wp-json\/wp\/v2\/comments?post=4375"}],"wp:featuredmedia":[{"embeddable":true,"href":"https:\/\/medicinasinc.com\/cs\/wp-json\/wp\/v2\/media\/4411"}],"wp:attachment":[{"href":"https:\/\/medicinasinc.com\/cs\/wp-json\/wp\/v2\/media?parent=4375"}],"wp:term":[{"taxonomy":"product_brand","embeddable":true,"href":"https:\/\/medicinasinc.com\/cs\/wp-json\/wp\/v2\/product_brand?post=4375"},{"taxonomy":"product_cat","embeddable":true,"href":"https:\/\/medicinasinc.com\/cs\/wp-json\/wp\/v2\/product_cat?post=4375"},{"taxonomy":"product_tag","embeddable":true,"href":"https:\/\/medicinasinc.com\/cs\/wp-json\/wp\/v2\/product_tag?post=4375"}],"curies":[{"name":"wp","href":"https:\/\/api.w.org\/{rel}","templated":true}]}}