{"id":4374,"date":"2022-02-20T08:40:15","date_gmt":"2022-02-20T08:40:15","guid":{"rendered":"https:\/\/medicinasinc.com\/cs\/?post_type=product&#038;p=4374"},"modified":"2022-03-14T13:10:36","modified_gmt":"2022-03-14T13:10:36","slug":"kupte-si-harlekyn-co2-olej-1g-napln","status":"publish","type":"product","link":"https:\/\/medicinasinc.com\/cs\/product\/kupte-si-harlekyn-co2-olej-1g-napln\/","title":{"rendered":"Koupit Harlequin CO2 Oil 1g Cartridge"},"content":{"rendered":"<p>Online n\u00e1kup n\u00e1pln\u011b Harlequin CO2 Oil 1g.<\/p>\n<p>Online n\u00e1kup n\u00e1pln\u011b Harlequin CO2 Oil 1g.<\/p>\n<p>Online n\u00e1kup n\u00e1pln\u00ed Harlequin CO2 oleje. 13,02 procenta THCA | 6,54 procenta THC | 49,10 procenta CBDA | 5,35 procenta CBD<\/p>\n<p>Harlek\u00fdn je m\u00edrn\u011b psychoaktivn\u00ed odr\u016fda s dominantn\u00ed sativou s pra\u017een\u00fdmi o\u0159echy, \u010dokol\u00e1dou a p\u0159edev\u0161\u00edm kv\u011btinami s v\u016fn\u00ed t\u0159e\u0161n\u00ed. Harlek\u00fdn je kmen s vysok\u00fdm obsahem CBD se zanedbatelnou psychoaktivitou a analgetick\u00fdmi vlastnostmi. Harlek\u00fdn se \u010dasto pou\u017e\u00edv\u00e1 k l\u00e9\u010db\u011b bolesti a je vhodn\u00fd pro denn\u00ed pou\u017eit\u00ed d\u00edky vysok\u00e9mu obsahu CBD a \u00fa\u010dink\u016fm s \u010distou hlavou.<\/p>\n<p>KOLUMBICK\u00c9 ZLATO + NEP\u00c1LSK\u00c9 + THAJSK\u00c9 + \u0160V\u00ddCARSK\u00c9 \u0158ADY LANDRACE<\/p>\n<p>EARTH \u2013 KO\u0158EN\u011aN\u00c9 \u2013 D\u0158EV\u011aN\u00c9 \u2013 P\u0158\u00cdCHUT\u00cd MANGA<\/p>\n<p>BOLEST \u2013 STRES \u2013 Z\u00c1N\u011aT \u2013 DEPRESE \u2013 NEVOLNOST \u2013 L\u00c9KA\u0158SK\u00c1<\/p>\n<p>POZVEDNUT\u00c9 \u2013 UVOLN\u011aN\u00c9 \u2013 JEMN\u00c9 \u2013 ZAM\u011a\u0158EN\u00c9 \u2013 OBECN\u011a \u0160\u0164ASTN\u00c9\/p<\/p>\n","protected":false},"excerpt":{"rendered":"<p>Prodej n\u00e1pln\u011b Harlequin Co2 na prodej, harlek\u00fdn vape cartridge, harlek\u00fdn cbd vape cartridge, &#8230; Kupte si olejov\u00e9 n\u00e1pln\u011b THC Vape Pen, n\u00e1pln\u011b THC na prodej online. Kupte si online n\u00e1pl\u0148 Harlequin CO2 Oil 1g. UK THC cartridge na prodej. Kupte si patrony s co2 Vape olejem.<\/p>\n<h2>Koupit patrony THC Cannabis Oil<\/h2>\n<p>Cena produktu je jako: za 1g patronu<br \/> <strong>Minim\u00e1ln\u00ed objednac\u00ed mno\u017estv\u00ed je: 5 patron<\/p>\n","protected":false},"featured_media":4409,"comment_status":"open","ping_status":"closed","template":"","meta":[],"product_brand":[],"product_cat":[440],"product_tag":[],"class_list":{"0":"post-4374","1":"product","2":"type-product","3":"status-publish","4":"has-post-thumbnail","6":"product_cat-koupit-konopi-cbd-olej","8":"first","9":"instock","10":"shipping-taxable","11":"purchasable","12":"product-type-variable","13":"has-default-attributes"},"yoast_head":"<!-- This site is optimized with the Yoast SEO plugin v27.3 - https:\/\/yoast.com\/product\/yoast-seo-wordpress\/ -->\n<title>Kupte si Harlequin CO2 Oil 1g Cartridge online \u2013 nejlep\u0161\u00ed glob\u00e1ln\u00ed l\u00e9ky<\/title>\n<meta name=\"description\" content=\"Prod\u00e1m n\u00e1pln\u011b Harlequin Co2 na prodej, harlek\u00fdn vape cartridge, harlek\u00fdn cbd vape cartridge, ... Koupit THC Vape Pen Oil cartridge, THC cartridge na prodej online. Kupte si online n\u00e1pl\u0148 Harlequin CO2 Oil 1g. UK THC cartridge na prodej. Kupte si co2 Vape olejov\u00e9 patrony.\" \/>\n<meta name=\"robots\" content=\"index, follow, max-snippet:-1, max-image-preview:large, max-video-preview:-1\" \/>\n<link rel=\"canonical\" href=\"https:\/\/medicinasinc.com\/cs\/product\/kupte-si-harlekyn-co2-olej-1g-napln\/\" \/>\n<meta property=\"og:locale\" content=\"en_US\" \/>\n<meta property=\"og:type\" content=\"article\" \/>\n<meta property=\"og:title\" content=\"Kupte si Harlequin CO2 Oil 1g Cartridge online \u2013 nejlep\u0161\u00ed glob\u00e1ln\u00ed l\u00e9ky\" \/>\n<meta property=\"og:description\" content=\"Prod\u00e1m n\u00e1pln\u011b Harlequin Co2 na prodej, harlek\u00fdn vape cartridge, harlek\u00fdn cbd vape cartridge, ... Koupit THC Vape Pen Oil cartridge, THC cartridge na prodej online. Kupte si online n\u00e1pl\u0148 Harlequin CO2 Oil 1g. UK THC cartridge na prodej. Kupte si co2 Vape olejov\u00e9 patrony.\" \/>\n<meta property=\"og:url\" content=\"https:\/\/medicinasinc.com\/cs\/product\/kupte-si-harlekyn-co2-olej-1g-napln\/\" \/>\n<meta property=\"og:site_name\" content=\"Medicinas Inc\" \/>\n<meta property=\"article:modified_time\" content=\"2022-03-14T13:10:36+00:00\" \/>\n<meta property=\"og:image\" content=\"https:\/\/medicinasinc.com\/cs\/wp-content\/uploads\/sites\/2\/2022\/02\/Buy-Harlequin-CO2-Oil-1g-Cartridge-Online.jpg\" \/>\n\t<meta property=\"og:image:width\" content=\"600\" \/>\n\t<meta property=\"og:image:height\" content=\"600\" \/>\n\t<meta property=\"og:image:type\" content=\"image\/jpeg\" \/>\n<meta name=\"twitter:card\" content=\"summary_large_image\" \/>\n<meta name=\"twitter:label1\" content=\"Est. reading time\" \/>\n\t<meta name=\"twitter:data1\" content=\"1 minute\" \/>\n<script type=\"application\/ld+json\" class=\"yoast-schema-graph\">{\"@context\":\"https:\\\/\\\/schema.org\",\"@graph\":[{\"@type\":\"WebPage\",\"@id\":\"https:\\\/\\\/medicinasinc.com\\\/cs\\\/product\\\/kupte-si-harlekyn-co2-olej-1g-napln\\\/\",\"url\":\"https:\\\/\\\/medicinasinc.com\\\/cs\\\/product\\\/kupte-si-harlekyn-co2-olej-1g-napln\\\/\",\"name\":\"Kupte si Harlequin CO2 Oil 1g Cartridge online \u2013 nejlep\u0161\u00ed glob\u00e1ln\u00ed l\u00e9ky\",\"isPartOf\":{\"@id\":\"https:\\\/\\\/medicinasinc.com\\\/cs\\\/#website\"},\"primaryImageOfPage\":{\"@id\":\"https:\\\/\\\/medicinasinc.com\\\/cs\\\/product\\\/kupte-si-harlekyn-co2-olej-1g-napln\\\/#primaryimage\"},\"image\":{\"@id\":\"https:\\\/\\\/medicinasinc.com\\\/cs\\\/product\\\/kupte-si-harlekyn-co2-olej-1g-napln\\\/#primaryimage\"},\"thumbnailUrl\":\"https:\\\/\\\/medicinasinc.com\\\/cs\\\/wp-content\\\/uploads\\\/sites\\\/2\\\/2022\\\/02\\\/Buy-Harlequin-CO2-Oil-1g-Cartridge-Online.jpg\",\"datePublished\":\"2022-02-20T08:40:15+00:00\",\"dateModified\":\"2022-03-14T13:10:36+00:00\",\"description\":\"Prod\u00e1m n\u00e1pln\u011b Harlequin Co2 na prodej, harlek\u00fdn vape cartridge, harlek\u00fdn cbd vape cartridge, ... Koupit THC Vape Pen Oil cartridge, THC cartridge na prodej online. Kupte si online n\u00e1pl\u0148 Harlequin CO2 Oil 1g. UK THC cartridge na prodej. Kupte si co2 Vape olejov\u00e9 patrony.\",\"breadcrumb\":{\"@id\":\"https:\\\/\\\/medicinasinc.com\\\/cs\\\/product\\\/kupte-si-harlekyn-co2-olej-1g-napln\\\/#breadcrumb\"},\"inLanguage\":\"en-US\",\"potentialAction\":[{\"@type\":\"ReadAction\",\"target\":[\"https:\\\/\\\/medicinasinc.com\\\/cs\\\/product\\\/kupte-si-harlekyn-co2-olej-1g-napln\\\/\"]}]},{\"@type\":\"ImageObject\",\"inLanguage\":\"en-US\",\"@id\":\"https:\\\/\\\/medicinasinc.com\\\/cs\\\/product\\\/kupte-si-harlekyn-co2-olej-1g-napln\\\/#primaryimage\",\"url\":\"https:\\\/\\\/medicinasinc.com\\\/cs\\\/wp-content\\\/uploads\\\/sites\\\/2\\\/2022\\\/02\\\/Buy-Harlequin-CO2-Oil-1g-Cartridge-Online.jpg\",\"contentUrl\":\"https:\\\/\\\/medicinasinc.com\\\/cs\\\/wp-content\\\/uploads\\\/sites\\\/2\\\/2022\\\/02\\\/Buy-Harlequin-CO2-Oil-1g-Cartridge-Online.jpg\",\"width\":600,\"height\":600},{\"@type\":\"BreadcrumbList\",\"@id\":\"https:\\\/\\\/medicinasinc.com\\\/cs\\\/product\\\/kupte-si-harlekyn-co2-olej-1g-napln\\\/#breadcrumb\",\"itemListElement\":[{\"@type\":\"ListItem\",\"position\":1,\"name\":\"Obchod\",\"item\":\"https:\\\/\\\/medicinasinc.com\\\/cs\\\/obchod\\\/\"},{\"@type\":\"ListItem\",\"position\":2,\"name\":\"Koupit Harlequin CO2 Oil 1g Cartridge\"}]},{\"@type\":\"WebSite\",\"@id\":\"https:\\\/\\\/medicinasinc.com\\\/cs\\\/#website\",\"url\":\"https:\\\/\\\/medicinasinc.com\\\/cs\\\/\",\"name\":\"Medicinas Inc\",\"description\":\"Health Medical Clinic\",\"potentialAction\":[{\"@type\":\"SearchAction\",\"target\":{\"@type\":\"EntryPoint\",\"urlTemplate\":\"https:\\\/\\\/medicinasinc.com\\\/cs\\\/?s={search_term_string}\"},\"query-input\":{\"@type\":\"PropertyValueSpecification\",\"valueRequired\":true,\"valueName\":\"search_term_string\"}}],\"inLanguage\":\"en-US\"}]}<\/script>\n<!-- \/ Yoast SEO plugin. -->","yoast_head_json":{"title":"Kupte si Harlequin CO2 Oil 1g Cartridge online \u2013 nejlep\u0161\u00ed glob\u00e1ln\u00ed l\u00e9ky","description":"Prod\u00e1m n\u00e1pln\u011b Harlequin Co2 na prodej, harlek\u00fdn vape cartridge, harlek\u00fdn cbd vape cartridge, ... Koupit THC Vape Pen Oil cartridge, THC cartridge na prodej online. Kupte si online n\u00e1pl\u0148 Harlequin CO2 Oil 1g. UK THC cartridge na prodej. Kupte si co2 Vape olejov\u00e9 patrony.","robots":{"index":"index","follow":"follow","max-snippet":"max-snippet:-1","max-image-preview":"max-image-preview:large","max-video-preview":"max-video-preview:-1"},"canonical":"https:\/\/medicinasinc.com\/cs\/product\/kupte-si-harlekyn-co2-olej-1g-napln\/","og_locale":"en_US","og_type":"article","og_title":"Kupte si Harlequin CO2 Oil 1g Cartridge online \u2013 nejlep\u0161\u00ed glob\u00e1ln\u00ed l\u00e9ky","og_description":"Prod\u00e1m n\u00e1pln\u011b Harlequin Co2 na prodej, harlek\u00fdn vape cartridge, harlek\u00fdn cbd vape cartridge, ... Koupit THC Vape Pen Oil cartridge, THC cartridge na prodej online. Kupte si online n\u00e1pl\u0148 Harlequin CO2 Oil 1g. UK THC cartridge na prodej. Kupte si co2 Vape olejov\u00e9 patrony.","og_url":"https:\/\/medicinasinc.com\/cs\/product\/kupte-si-harlekyn-co2-olej-1g-napln\/","og_site_name":"Medicinas Inc","article_modified_time":"2022-03-14T13:10:36+00:00","og_image":[{"width":600,"height":600,"url":"https:\/\/medicinasinc.com\/cs\/wp-content\/uploads\/sites\/2\/2022\/02\/Buy-Harlequin-CO2-Oil-1g-Cartridge-Online.jpg","type":"image\/jpeg"}],"twitter_card":"summary_large_image","twitter_misc":{"Est. reading time":"1 minute"},"schema":{"@context":"https:\/\/schema.org","@graph":[{"@type":"WebPage","@id":"https:\/\/medicinasinc.com\/cs\/product\/kupte-si-harlekyn-co2-olej-1g-napln\/","url":"https:\/\/medicinasinc.com\/cs\/product\/kupte-si-harlekyn-co2-olej-1g-napln\/","name":"Kupte si Harlequin CO2 Oil 1g Cartridge online \u2013 nejlep\u0161\u00ed glob\u00e1ln\u00ed l\u00e9ky","isPartOf":{"@id":"https:\/\/medicinasinc.com\/cs\/#website"},"primaryImageOfPage":{"@id":"https:\/\/medicinasinc.com\/cs\/product\/kupte-si-harlekyn-co2-olej-1g-napln\/#primaryimage"},"image":{"@id":"https:\/\/medicinasinc.com\/cs\/product\/kupte-si-harlekyn-co2-olej-1g-napln\/#primaryimage"},"thumbnailUrl":"https:\/\/medicinasinc.com\/cs\/wp-content\/uploads\/sites\/2\/2022\/02\/Buy-Harlequin-CO2-Oil-1g-Cartridge-Online.jpg","datePublished":"2022-02-20T08:40:15+00:00","dateModified":"2022-03-14T13:10:36+00:00","description":"Prod\u00e1m n\u00e1pln\u011b Harlequin Co2 na prodej, harlek\u00fdn vape cartridge, harlek\u00fdn cbd vape cartridge, ... Koupit THC Vape Pen Oil cartridge, THC cartridge na prodej online. Kupte si online n\u00e1pl\u0148 Harlequin CO2 Oil 1g. UK THC cartridge na prodej. Kupte si co2 Vape olejov\u00e9 patrony.","breadcrumb":{"@id":"https:\/\/medicinasinc.com\/cs\/product\/kupte-si-harlekyn-co2-olej-1g-napln\/#breadcrumb"},"inLanguage":"en-US","potentialAction":[{"@type":"ReadAction","target":["https:\/\/medicinasinc.com\/cs\/product\/kupte-si-harlekyn-co2-olej-1g-napln\/"]}]},{"@type":"ImageObject","inLanguage":"en-US","@id":"https:\/\/medicinasinc.com\/cs\/product\/kupte-si-harlekyn-co2-olej-1g-napln\/#primaryimage","url":"https:\/\/medicinasinc.com\/cs\/wp-content\/uploads\/sites\/2\/2022\/02\/Buy-Harlequin-CO2-Oil-1g-Cartridge-Online.jpg","contentUrl":"https:\/\/medicinasinc.com\/cs\/wp-content\/uploads\/sites\/2\/2022\/02\/Buy-Harlequin-CO2-Oil-1g-Cartridge-Online.jpg","width":600,"height":600},{"@type":"BreadcrumbList","@id":"https:\/\/medicinasinc.com\/cs\/product\/kupte-si-harlekyn-co2-olej-1g-napln\/#breadcrumb","itemListElement":[{"@type":"ListItem","position":1,"name":"Obchod","item":"https:\/\/medicinasinc.com\/cs\/obchod\/"},{"@type":"ListItem","position":2,"name":"Koupit Harlequin CO2 Oil 1g Cartridge"}]},{"@type":"WebSite","@id":"https:\/\/medicinasinc.com\/cs\/#website","url":"https:\/\/medicinasinc.com\/cs\/","name":"Medicinas Inc","description":"Health Medical Clinic","potentialAction":[{"@type":"SearchAction","target":{"@type":"EntryPoint","urlTemplate":"https:\/\/medicinasinc.com\/cs\/?s={search_term_string}"},"query-input":{"@type":"PropertyValueSpecification","valueRequired":true,"valueName":"search_term_string"}}],"inLanguage":"en-US"}]}},"_links":{"self":[{"href":"https:\/\/medicinasinc.com\/cs\/wp-json\/wp\/v2\/product\/4374","targetHints":{"allow":["GET"]}}],"collection":[{"href":"https:\/\/medicinasinc.com\/cs\/wp-json\/wp\/v2\/product"}],"about":[{"href":"https:\/\/medicinasinc.com\/cs\/wp-json\/wp\/v2\/types\/product"}],"replies":[{"embeddable":true,"href":"https:\/\/medicinasinc.com\/cs\/wp-json\/wp\/v2\/comments?post=4374"}],"wp:featuredmedia":[{"embeddable":true,"href":"https:\/\/medicinasinc.com\/cs\/wp-json\/wp\/v2\/media\/4409"}],"wp:attachment":[{"href":"https:\/\/medicinasinc.com\/cs\/wp-json\/wp\/v2\/media?parent=4374"}],"wp:term":[{"taxonomy":"product_brand","embeddable":true,"href":"https:\/\/medicinasinc.com\/cs\/wp-json\/wp\/v2\/product_brand?post=4374"},{"taxonomy":"product_cat","embeddable":true,"href":"https:\/\/medicinasinc.com\/cs\/wp-json\/wp\/v2\/product_cat?post=4374"},{"taxonomy":"product_tag","embeddable":true,"href":"https:\/\/medicinasinc.com\/cs\/wp-json\/wp\/v2\/product_tag?post=4374"}],"curies":[{"name":"wp","href":"https:\/\/api.w.org\/{rel}","templated":true}]}}