{"id":4367,"date":"2022-02-20T08:35:49","date_gmt":"2022-02-20T08:35:49","guid":{"rendered":"https:\/\/medicinasinc.com\/cs\/?post_type=product&#038;p=4367"},"modified":"2022-03-14T13:10:45","modified_gmt":"2022-03-14T13:10:45","slug":"buy-cannatonic-co2-oil-cartridge","status":"publish","type":"product","link":"https:\/\/medicinasinc.com\/cs\/product\/buy-cannatonic-co2-oil-cartridge\/","title":{"rendered":"Kupte si Cannatonic CO2 Oil Cartridge"},"content":{"rendered":"<p>Nakupte kazety Rick Simpson Cannabis Oil 1g online ve Spojen\u00fdch st\u00e1tech americk\u00fdch.<\/p>\n<p>Nakupte kazety Rick Simpson Cannabis Oil 1g online ve Spojen\u00fdch st\u00e1tech americk\u00fdch.<\/p>\n<p>Po namo\u010den\u00ed. nejjemn\u011bj\u0161\u00ed konop\u00ed v \u010dist\u00e9m naft\u011b nebo isopropylalkoholu jsou z rostliny extrahov\u00e1ny terapeutick\u00e9 slou\u010deniny, kter\u00e9 po \u00fapln\u00e9m odpa\u0159en\u00ed rozpou\u0161t\u011bdla zanech\u00e1vaj\u00ed kapalinu podobnou dehtu. Z\u00edsk\u00e1v\u00e1me vysoce kvalitn\u00ed konopn\u00fd olej Ricka Simpsona. Lze jej u\u017e\u00edvat peror\u00e1ln\u011b nebo jej aplikovat p\u0159\u00edmo na poko\u017eku.<\/p>\n<p>Olej z Washingtonu, DC, Rick Simpson<\/p>\n<p>Olej Ricka Simpsona je odpa\u0159en\u00fd roztok z\u00edskan\u00fd z konop\u00ed. Pro mnoho lid\u00ed to byla cesta z rakoviny. Krom\u011b toho je olej ozna\u010dov\u00e1n jako konopn\u00fd olej Ricka Simpsona a konopn\u00fd olej Ricka Simpsona.<\/p>\n<p>Pokud jste se zab\u00fdvali marihuanou pro l\u00e9\u010debn\u00e9 \u00fa\u010dely, mo\u017en\u00e1 jste narazili na olej Ricka Simpsona. RSO je jedine\u010dn\u00fd extrakt z konop\u00ed, kter\u00fd si sv\u00e9 jm\u00e9no vyslou\u017eil po mu\u017ei jm\u00e9nem, \u200b\u200buhodli jste, Rick Simpson.<\/p>\n<p>Je to extr\u00e9mn\u011b siln\u00fd extrakt z konop\u00ed s vysokou koncentrac\u00ed THC, psychoaktivn\u00ed l\u00e1tky. sou\u010d\u00e1st konop\u00ed. Olej se vyr\u00e1b\u00ed zahu\u0161t\u011bn\u00edm obsahu THC ze su\u0161en\u00fdch indik\u00e1torov\u00fdch kv\u011bt\u016f pomoc\u00ed rozpustn\u00e9 l\u00e1tky. Indica je up\u0159ednost\u0148ov\u00e1na p\u0159ed jin\u00fdmi kmeny kv\u016fli sv\u00fdm sedativn\u00edm \u00fa\u010dink\u016fm. D\u00edky vysok\u00e9 koncentraci rostlinn\u00e9ho materi\u00e1lu a absenci transportn\u00edch olej\u016f je v\u00fdsledn\u00fd olej tmav\u011b zemit\u00e9 barvy a hust\u00fd, na rozd\u00edl od \u010detn\u00fdch koncentr\u00e1t\u016f, na kter\u00e9 jsme zvykl\u00ed.<\/p>\n<p>Olej byl objeven v roce 2003. Rick Simpson byl diagnostikov\u00e1n s typem rakoviny k\u016f\u017ee a za\u010dal se l\u00e9\u010dit konop\u00edm. Ned\u00e1vno se ptal, zda mu konop\u00ed m\u016f\u017ee pomoci s r\u016fzn\u00fdmi neduhy, ale setkal se s nespokojenost\u00ed. Vyhledal rostlinu s\u00e1m a v\u011b\u0159il, \u017ee uklid\u0148uje jeho n\u00e1znaky. Kdy\u017e si uv\u011bdomil, \u017ee m\u00e1 rakovinu, p\u0159ezkoumal vy\u0161et\u0159ov\u00e1n\u00ed, kter\u00e9 zjistilo, \u017ee konop\u00ed dok\u00e1\u017ee zmen\u0161it n\u00e1dory u my\u0161\u00ed, a rozhodl se pokusit se o \u00fa\u010dinn\u00e9 uspo\u0159\u00e1d\u00e1n\u00ed s konop\u00edm.<\/p>\n<p>\u010cty\u0159i dny aplikoval konopn\u00e9 koncentr\u00e1ty na g\u00e1zu a zakryl si n\u00e1dory. Kdy\u017e odstranil \u0159\u00e1dky, n\u00e1dory zmizely. Toto odhalen\u00ed podn\u00edtilo zalo\u017een\u00ed spole\u010dnosti Rick Simpson Oil. O sv\u00e9 poznatky se v ka\u017ed\u00e9m p\u0159\u00edpad\u011b za\u010dal d\u011blit t\u00edm, \u017ee skl\u00edzel konop\u00ed a produkoval olej pro ostatn\u00ed, kte\u0159\u00ed byli zbaveni, ne\u017e se dostali do pr\u00e1vn\u00edch pot\u00ed\u017e\u00ed. V tuto chv\u00edli Rick Simpson povzbuzuje ostatn\u00ed, aby si vyrobili sv\u016fj vlastn\u00ed olej, a poskytuje pokyny.<\/p>\n<p>Pokud hled\u00e1te nejlep\u0161\u00ed olej na sv\u011bt\u011b, nejlep\u0161\u00ed volbou je olej Ricka Simpsona z Washingtonu. Dod\u00e1v\u00e1me Washingtonu \u010dist\u00fd olej Ricka Simpsona. Zadejte svou objedn\u00e1vku a b\u011bhem n\u011bkolika dn\u00ed v\u00e1m bude doru\u010dena a\u017e k va\u0161im dve\u0159\u00edm.<\/p>\n<p>L\u00e9k, kter\u00fd je bezpe\u010dn\u00fd i \u00fa\u010dinn\u00fd<br \/> Konopn\u00fd olej Rick Simpson je t\u0159\u00eddou s\u00e1m o sob\u011b d\u00edky tomu, \u017ee &#8211; toxick\u00e1 povaha. Pokud hled\u00e1te bezpe\u010dn\u00fd zp\u016fsob, jak l\u00e9\u010dit rakovinu nebo \u0159adu dal\u0161\u00edch onemocn\u011bn\u00ed, konopn\u00fd olej Rick Simpson m\u016f\u017ee b\u00fdt odpov\u011bd\u00ed. K pou\u017eit\u00ed tohoto oleje nepot\u0159ebujete ani dohled l\u00e9ka\u0159e.<\/p>\n","protected":false},"excerpt":{"rendered":"<p>Nakupujte Cannatonic CO2 Oil Cartridges bezpe\u010dn\u011b a levn\u011b online. Objevte rozmanit\u00fd v\u00fdb\u011br vysoce kvalitn\u00edch produkt\u016f z marihuany na prodej ve Spojen\u00fdch st\u00e1tech americk\u00fdch, Evrop\u011b a Spojen\u00e9m kr\u00e1lovstv\u00ed!<\/p>\n<p>Kupte si kazety Rick Simpson Cannabis Oil 1g online ve Spojen\u00fdch st\u00e1tech americk\u00fdch.<\/p>\n<p> p&gt; <\/p>\n<p>Rick Simpson Cannabis Oil je dostupn\u00fd v r\u016fzn\u00fdch kmenech. R\u016fzn\u00e9 CBD &amp; Koncentrace THC pro rakovinu &amp; v\u00edce.<\/p>\n<p>Zakoupit 1g kazety s konopn\u00fdm olejem Rick Simpson<\/p>\n<p>Cena produktu je n\u00e1sleduj\u00edc\u00ed: za 1g kazetu<br \/> Je vy\u017eadov\u00e1no minim\u00e1ln\u00ed mno\u017estv\u00ed pro objedn\u00e1n\u00ed 5 kazet. <\/p>\n","protected":false},"featured_media":4402,"comment_status":"open","ping_status":"closed","template":"","meta":[],"product_brand":[],"product_cat":[440],"product_tag":[451,452,459,467,468,469,470,472,473,477,480,461,460,456,457,464,463,474,475,465,466,471,455,458,462,453,478,479,476,454],"class_list":{"0":"post-4367","1":"product","2":"type-product","3":"status-publish","4":"has-post-thumbnail","6":"product_cat-koupit-konopi-cbd-olej","7":"product_tag-buy-cannabis-with-bitcoin","8":"product_tag-buy-cannatonic-co2-oil-cartridge","9":"product_tag-buy-marijuana-online-usa","10":"product_tag-buy-weed-in-ireland","11":"product_tag-buy-weed-in-switzerland","12":"product_tag-buy-weed-in-usa","13":"product_tag-buy-weed-online","14":"product_tag-buy-weed-online-discreetly","15":"product_tag-buy-weed-online-europe","16":"product_tag-buying-weed-online","17":"product_tag-kde-koupit-marihuanu-online","18":"product_tag-koupit-lebnou-marihuanu-online","19":"product_tag-buy-marihuana-wax-online-usa","20":"product_tag-koupit-marihuanu-online-bitcoin","21":"product_tag-buy-marihuana-online-europe","22":"product_tag-koupit-moonrocks-online","23":"product_tag-buy-moonrock-online-uk","24":"product_tag-koupit-trvu-online-legln","25":"product_tag-buy-weed-online-uk","26":"product_tag-koupit-plevel-v-australii","27":"product_tag-koupit-plevel-ve-francii","28":"product_tag-buy-weed-online-bitcoin","29":"product_tag-koupit-marihuanu-online","30":"product_tag-koupit-marihuanu-online-v-usa","31":"product_tag-buy-moonrock-online-bitcoin","32":"product_tag-koupit-cannatonic-co2-olejov-kazeta-online","33":"product_tag-kush-na-prodej","34":"product_tag-marihuana-na-prodej","35":"product_tag-nkup-marihuany-online","36":"product_tag-koupit-marihuanu-jedle-online","38":"first","39":"instock","40":"shipping-taxable","41":"purchasable","42":"product-type-variable","43":"has-default-attributes"},"yoast_head":"<!-- This site is optimized with the Yoast SEO plugin v27.3 - https:\/\/yoast.com\/product\/yoast-seo-wordpress\/ -->\n<title>Kupte si kazetu Cannatonic CO2 Oil 1g online (kopie) \u2013 Nejlep\u0161\u00ed glob\u00e1ln\u00ed l\u00e9ky<\/title>\n<meta name=\"description\" content=\"Kupte si Cannatonic CO2 Oil Cartridge na prodej online bezpe\u010dn\u011b za dostupn\u00e9 ceny. Objevte \u0161irokou \u0161k\u00e1lu kvalitn\u00edch produkt\u016f z plevele na prodej USA, EU, Velk\u00e1 Brit\u00e1nie!\" \/>\n<meta name=\"robots\" content=\"index, follow, max-snippet:-1, max-image-preview:large, max-video-preview:-1\" \/>\n<link rel=\"canonical\" href=\"https:\/\/medicinasinc.com\/cs\/product\/buy-cannatonic-co2-oil-cartridge\/\" \/>\n<meta property=\"og:locale\" content=\"en_US\" \/>\n<meta property=\"og:type\" content=\"article\" \/>\n<meta property=\"og:title\" content=\"Kupte si kazetu Cannatonic CO2 Oil 1g online (kopie) \u2013 Nejlep\u0161\u00ed glob\u00e1ln\u00ed l\u00e9ky\" \/>\n<meta property=\"og:description\" content=\"Kupte si Cannatonic CO2 Oil Cartridge na prodej online bezpe\u010dn\u011b za dostupn\u00e9 ceny. Objevte \u0161irokou \u0161k\u00e1lu kvalitn\u00edch produkt\u016f z plevele na prodej USA, EU, Velk\u00e1 Brit\u00e1nie!\" \/>\n<meta property=\"og:url\" content=\"https:\/\/medicinasinc.com\/cs\/product\/buy-cannatonic-co2-oil-cartridge\/\" \/>\n<meta property=\"og:site_name\" content=\"Medicinas Inc\" \/>\n<meta property=\"article:modified_time\" content=\"2022-03-14T13:10:45+00:00\" \/>\n<meta property=\"og:image\" content=\"https:\/\/medicinasinc.com\/cs\/wp-content\/uploads\/sites\/2\/2022\/02\/Buy-Cannatonic-CO2-Oil-Cartridge.png\" \/>\n\t<meta property=\"og:image:width\" content=\"542\" \/>\n\t<meta property=\"og:image:height\" content=\"420\" \/>\n\t<meta property=\"og:image:type\" content=\"image\/png\" \/>\n<meta name=\"twitter:card\" content=\"summary_large_image\" \/>\n<meta name=\"twitter:label1\" content=\"Est. reading time\" \/>\n\t<meta name=\"twitter:data1\" content=\"3 minutes\" \/>\n<script type=\"application\/ld+json\" class=\"yoast-schema-graph\">{\"@context\":\"https:\\\/\\\/schema.org\",\"@graph\":[{\"@type\":\"WebPage\",\"@id\":\"https:\\\/\\\/medicinasinc.com\\\/cs\\\/product\\\/buy-cannatonic-co2-oil-cartridge\\\/\",\"url\":\"https:\\\/\\\/medicinasinc.com\\\/cs\\\/product\\\/buy-cannatonic-co2-oil-cartridge\\\/\",\"name\":\"Kupte si kazetu Cannatonic CO2 Oil 1g online (kopie) \u2013 Nejlep\u0161\u00ed glob\u00e1ln\u00ed l\u00e9ky\",\"isPartOf\":{\"@id\":\"https:\\\/\\\/medicinasinc.com\\\/cs\\\/#website\"},\"primaryImageOfPage\":{\"@id\":\"https:\\\/\\\/medicinasinc.com\\\/cs\\\/product\\\/buy-cannatonic-co2-oil-cartridge\\\/#primaryimage\"},\"image\":{\"@id\":\"https:\\\/\\\/medicinasinc.com\\\/cs\\\/product\\\/buy-cannatonic-co2-oil-cartridge\\\/#primaryimage\"},\"thumbnailUrl\":\"https:\\\/\\\/medicinasinc.com\\\/cs\\\/wp-content\\\/uploads\\\/sites\\\/2\\\/2022\\\/02\\\/Buy-Cannatonic-CO2-Oil-Cartridge.png\",\"datePublished\":\"2022-02-20T08:35:49+00:00\",\"dateModified\":\"2022-03-14T13:10:45+00:00\",\"description\":\"Kupte si Cannatonic CO2 Oil Cartridge na prodej online bezpe\u010dn\u011b za dostupn\u00e9 ceny. Objevte \u0161irokou \u0161k\u00e1lu kvalitn\u00edch produkt\u016f z plevele na prodej USA, EU, Velk\u00e1 Brit\u00e1nie!\",\"breadcrumb\":{\"@id\":\"https:\\\/\\\/medicinasinc.com\\\/cs\\\/product\\\/buy-cannatonic-co2-oil-cartridge\\\/#breadcrumb\"},\"inLanguage\":\"en-US\",\"potentialAction\":[{\"@type\":\"ReadAction\",\"target\":[\"https:\\\/\\\/medicinasinc.com\\\/cs\\\/product\\\/buy-cannatonic-co2-oil-cartridge\\\/\"]}]},{\"@type\":\"ImageObject\",\"inLanguage\":\"en-US\",\"@id\":\"https:\\\/\\\/medicinasinc.com\\\/cs\\\/product\\\/buy-cannatonic-co2-oil-cartridge\\\/#primaryimage\",\"url\":\"https:\\\/\\\/medicinasinc.com\\\/cs\\\/wp-content\\\/uploads\\\/sites\\\/2\\\/2022\\\/02\\\/Buy-Cannatonic-CO2-Oil-Cartridge.png\",\"contentUrl\":\"https:\\\/\\\/medicinasinc.com\\\/cs\\\/wp-content\\\/uploads\\\/sites\\\/2\\\/2022\\\/02\\\/Buy-Cannatonic-CO2-Oil-Cartridge.png\",\"width\":542,\"height\":420},{\"@type\":\"BreadcrumbList\",\"@id\":\"https:\\\/\\\/medicinasinc.com\\\/cs\\\/product\\\/buy-cannatonic-co2-oil-cartridge\\\/#breadcrumb\",\"itemListElement\":[{\"@type\":\"ListItem\",\"position\":1,\"name\":\"Obchod\",\"item\":\"https:\\\/\\\/medicinasinc.com\\\/cs\\\/obchod\\\/\"},{\"@type\":\"ListItem\",\"position\":2,\"name\":\"Kupte si Cannatonic CO2 Oil Cartridge\"}]},{\"@type\":\"WebSite\",\"@id\":\"https:\\\/\\\/medicinasinc.com\\\/cs\\\/#website\",\"url\":\"https:\\\/\\\/medicinasinc.com\\\/cs\\\/\",\"name\":\"Medicinas Inc\",\"description\":\"Health Medical Clinic\",\"potentialAction\":[{\"@type\":\"SearchAction\",\"target\":{\"@type\":\"EntryPoint\",\"urlTemplate\":\"https:\\\/\\\/medicinasinc.com\\\/cs\\\/?s={search_term_string}\"},\"query-input\":{\"@type\":\"PropertyValueSpecification\",\"valueRequired\":true,\"valueName\":\"search_term_string\"}}],\"inLanguage\":\"en-US\"}]}<\/script>\n<!-- \/ Yoast SEO plugin. -->","yoast_head_json":{"title":"Kupte si kazetu Cannatonic CO2 Oil 1g online (kopie) \u2013 Nejlep\u0161\u00ed glob\u00e1ln\u00ed l\u00e9ky","description":"Kupte si Cannatonic CO2 Oil Cartridge na prodej online bezpe\u010dn\u011b za dostupn\u00e9 ceny. Objevte \u0161irokou \u0161k\u00e1lu kvalitn\u00edch produkt\u016f z plevele na prodej USA, EU, Velk\u00e1 Brit\u00e1nie!","robots":{"index":"index","follow":"follow","max-snippet":"max-snippet:-1","max-image-preview":"max-image-preview:large","max-video-preview":"max-video-preview:-1"},"canonical":"https:\/\/medicinasinc.com\/cs\/product\/buy-cannatonic-co2-oil-cartridge\/","og_locale":"en_US","og_type":"article","og_title":"Kupte si kazetu Cannatonic CO2 Oil 1g online (kopie) \u2013 Nejlep\u0161\u00ed glob\u00e1ln\u00ed l\u00e9ky","og_description":"Kupte si Cannatonic CO2 Oil Cartridge na prodej online bezpe\u010dn\u011b za dostupn\u00e9 ceny. Objevte \u0161irokou \u0161k\u00e1lu kvalitn\u00edch produkt\u016f z plevele na prodej USA, EU, Velk\u00e1 Brit\u00e1nie!","og_url":"https:\/\/medicinasinc.com\/cs\/product\/buy-cannatonic-co2-oil-cartridge\/","og_site_name":"Medicinas Inc","article_modified_time":"2022-03-14T13:10:45+00:00","og_image":[{"width":542,"height":420,"url":"https:\/\/medicinasinc.com\/cs\/wp-content\/uploads\/sites\/2\/2022\/02\/Buy-Cannatonic-CO2-Oil-Cartridge.png","type":"image\/png"}],"twitter_card":"summary_large_image","twitter_misc":{"Est. reading time":"3 minutes"},"schema":{"@context":"https:\/\/schema.org","@graph":[{"@type":"WebPage","@id":"https:\/\/medicinasinc.com\/cs\/product\/buy-cannatonic-co2-oil-cartridge\/","url":"https:\/\/medicinasinc.com\/cs\/product\/buy-cannatonic-co2-oil-cartridge\/","name":"Kupte si kazetu Cannatonic CO2 Oil 1g online (kopie) \u2013 Nejlep\u0161\u00ed glob\u00e1ln\u00ed l\u00e9ky","isPartOf":{"@id":"https:\/\/medicinasinc.com\/cs\/#website"},"primaryImageOfPage":{"@id":"https:\/\/medicinasinc.com\/cs\/product\/buy-cannatonic-co2-oil-cartridge\/#primaryimage"},"image":{"@id":"https:\/\/medicinasinc.com\/cs\/product\/buy-cannatonic-co2-oil-cartridge\/#primaryimage"},"thumbnailUrl":"https:\/\/medicinasinc.com\/cs\/wp-content\/uploads\/sites\/2\/2022\/02\/Buy-Cannatonic-CO2-Oil-Cartridge.png","datePublished":"2022-02-20T08:35:49+00:00","dateModified":"2022-03-14T13:10:45+00:00","description":"Kupte si Cannatonic CO2 Oil Cartridge na prodej online bezpe\u010dn\u011b za dostupn\u00e9 ceny. Objevte \u0161irokou \u0161k\u00e1lu kvalitn\u00edch produkt\u016f z plevele na prodej USA, EU, Velk\u00e1 Brit\u00e1nie!","breadcrumb":{"@id":"https:\/\/medicinasinc.com\/cs\/product\/buy-cannatonic-co2-oil-cartridge\/#breadcrumb"},"inLanguage":"en-US","potentialAction":[{"@type":"ReadAction","target":["https:\/\/medicinasinc.com\/cs\/product\/buy-cannatonic-co2-oil-cartridge\/"]}]},{"@type":"ImageObject","inLanguage":"en-US","@id":"https:\/\/medicinasinc.com\/cs\/product\/buy-cannatonic-co2-oil-cartridge\/#primaryimage","url":"https:\/\/medicinasinc.com\/cs\/wp-content\/uploads\/sites\/2\/2022\/02\/Buy-Cannatonic-CO2-Oil-Cartridge.png","contentUrl":"https:\/\/medicinasinc.com\/cs\/wp-content\/uploads\/sites\/2\/2022\/02\/Buy-Cannatonic-CO2-Oil-Cartridge.png","width":542,"height":420},{"@type":"BreadcrumbList","@id":"https:\/\/medicinasinc.com\/cs\/product\/buy-cannatonic-co2-oil-cartridge\/#breadcrumb","itemListElement":[{"@type":"ListItem","position":1,"name":"Obchod","item":"https:\/\/medicinasinc.com\/cs\/obchod\/"},{"@type":"ListItem","position":2,"name":"Kupte si Cannatonic CO2 Oil Cartridge"}]},{"@type":"WebSite","@id":"https:\/\/medicinasinc.com\/cs\/#website","url":"https:\/\/medicinasinc.com\/cs\/","name":"Medicinas Inc","description":"Health Medical Clinic","potentialAction":[{"@type":"SearchAction","target":{"@type":"EntryPoint","urlTemplate":"https:\/\/medicinasinc.com\/cs\/?s={search_term_string}"},"query-input":{"@type":"PropertyValueSpecification","valueRequired":true,"valueName":"search_term_string"}}],"inLanguage":"en-US"}]}},"_links":{"self":[{"href":"https:\/\/medicinasinc.com\/cs\/wp-json\/wp\/v2\/product\/4367","targetHints":{"allow":["GET"]}}],"collection":[{"href":"https:\/\/medicinasinc.com\/cs\/wp-json\/wp\/v2\/product"}],"about":[{"href":"https:\/\/medicinasinc.com\/cs\/wp-json\/wp\/v2\/types\/product"}],"replies":[{"embeddable":true,"href":"https:\/\/medicinasinc.com\/cs\/wp-json\/wp\/v2\/comments?post=4367"}],"wp:featuredmedia":[{"embeddable":true,"href":"https:\/\/medicinasinc.com\/cs\/wp-json\/wp\/v2\/media\/4402"}],"wp:attachment":[{"href":"https:\/\/medicinasinc.com\/cs\/wp-json\/wp\/v2\/media?parent=4367"}],"wp:term":[{"taxonomy":"product_brand","embeddable":true,"href":"https:\/\/medicinasinc.com\/cs\/wp-json\/wp\/v2\/product_brand?post=4367"},{"taxonomy":"product_cat","embeddable":true,"href":"https:\/\/medicinasinc.com\/cs\/wp-json\/wp\/v2\/product_cat?post=4367"},{"taxonomy":"product_tag","embeddable":true,"href":"https:\/\/medicinasinc.com\/cs\/wp-json\/wp\/v2\/product_tag?post=4367"}],"curies":[{"name":"wp","href":"https:\/\/api.w.org\/{rel}","templated":true}]}}