{"id":4359,"date":"2022-02-20T08:31:50","date_gmt":"2022-02-20T08:31:50","guid":{"rendered":"https:\/\/medicinasinc.com\/cs\/?post_type=product&#038;p=4359"},"modified":"2022-03-14T13:10:56","modified_gmt":"2022-03-14T13:10:56","slug":"buy-fab-cbd-oil-300mg-600mg-1200mg","status":"publish","type":"product","link":"https:\/\/medicinasinc.com\/cs\/product\/buy-fab-cbd-oil-300mg-600mg-1200mg\/","title":{"rendered":"Koupit Fab CBD Oil 300 mg, 600 mg, 1200 mg"},"content":{"rendered":"<p>CBD olejov\u00e9 kapky jsou vynikaj\u00edc\u00edm zp\u016fsobem, jak podpo\u0159it celkovou pohodu a vitalitu. Nab\u00edz\u00edme r\u016fzn\u00e9 p\u0159\u00edchut\u011b CBD konopn\u00e9ho oleje, kter\u00e9 jsou obl\u00edben\u00e9 u na\u0161ich z\u00e1kazn\u00edk\u016f, v\u010detn\u011b citrus\u016f, m\u00e1ty, p\u0159\u00edrodn\u00edho, bobulov\u00e9ho a vanilkov\u00e9ho. FAB CBD Oil aroma je odvozeno z t\u011bch nejlep\u0161\u00edch ingredienc\u00ed. U\u017eijte si lahodnou chu\u0165 a v\u016fni t\u011bchto ochucen\u00fdch CBD olej\u016f nebo tradi\u010dn\u00ed chu\u0165 na\u0161eho p\u0159\u00edrodn\u00edho CBD oleje.<\/p>\n","protected":false},"excerpt":{"rendered":"<p>Koupit Fab CBD Oil 300 mg, Koupit Fab CBD Oil 600 mg, Koupit fab cbd 2400 mg, cbd olej, kter\u00fd v\u00e1s u\u010din\u00ed \u0161\u0165astn\u00fdmi, nejlep\u0161\u00ed cbd izol\u00e1tov\u00fd olej, koupit cbd tinkturu online, gnc cbd olej na \u00fazkost, cbd olej jedl\u00e9 kapky, amazon fab cbd,fab cbd white label,<\/p>\n<p><strong>Minim\u00e1ln\u00ed mno\u017estv\u00ed pro objedn\u00e1vku je: 5 kazet<\/strong><\/p>\n","protected":false},"featured_media":4394,"comment_status":"open","ping_status":"closed","template":"","meta":[],"product_brand":[],"product_cat":[440],"product_tag":[441,442,444,445,446,447,448,449,450,443],"class_list":{"0":"post-4359","1":"product","2":"type-product","3":"status-publish","4":"has-post-thumbnail","6":"product_cat-koupit-konopi-cbd-olej","7":"product_tag-amazon-fab-cbd","8":"product_tag-best-cbd-isolate-oil","9":"product_tag-buy-fab-cbd-2400-mg","10":"product_tag-buy-fab-cbd-oil-300mg","11":"product_tag-buy-fab-cbd-oil-600mg","12":"product_tag-cbd-olej-jedl-kapky","13":"product_tag-cbd-olej-kter-vs-udl-astnmi","14":"product_tag-fab-cbd-white-label","15":"product_tag-gnc-cbd-oil-for-anxiety","16":"product_tag-koupit-cbd-tinkturu-online","18":"first","19":"instock","20":"shipping-taxable","21":"purchasable","22":"product-type-variable","23":"has-default-attributes"},"yoast_head":"<!-- This site is optimized with the Yoast SEO plugin v27.3 - https:\/\/yoast.com\/product\/yoast-seo-wordpress\/ -->\n<title>Koupit Fab CBD Oil 300 mg, 600 mg, 1200 mg \u2013 nejlep\u0161\u00ed glob\u00e1ln\u00ed l\u00e9ky<\/title>\n<meta name=\"description\" content=\"Koupit Fab CBD olej 300 mg, Koupit Fab CBD olej 600 mg, Koupit fab cbd 2400 mg,cbd olej, kter\u00fd v\u00e1m ud\u011bl\u00e1 radost,nejlep\u0161\u00ed cbd izol\u00e1tov\u00fd olej,koupit cbd tinkturu online,gnc cbd olej na \u00fazkost,cbd olej jedl\u00e9 kapky,mazon fab cbd, fab cbd b\u00edl\u00fd \u0161t\u00edtek,\" \/>\n<meta name=\"robots\" content=\"index, follow, max-snippet:-1, max-image-preview:large, max-video-preview:-1\" \/>\n<link rel=\"canonical\" href=\"https:\/\/medicinasinc.com\/cs\/product\/buy-fab-cbd-oil-300mg-600mg-1200mg\/\" \/>\n<meta property=\"og:locale\" content=\"en_US\" \/>\n<meta property=\"og:type\" content=\"article\" \/>\n<meta property=\"og:title\" content=\"Koupit Fab CBD Oil 300 mg, 600 mg, 1200 mg \u2013 nejlep\u0161\u00ed glob\u00e1ln\u00ed l\u00e9ky\" \/>\n<meta property=\"og:description\" content=\"Koupit Fab CBD olej 300 mg, Koupit Fab CBD olej 600 mg, Koupit fab cbd 2400 mg,cbd olej, kter\u00fd v\u00e1m ud\u011bl\u00e1 radost,nejlep\u0161\u00ed cbd izol\u00e1tov\u00fd olej,koupit cbd tinkturu online,gnc cbd olej na \u00fazkost,cbd olej jedl\u00e9 kapky,mazon fab cbd, fab cbd b\u00edl\u00fd \u0161t\u00edtek,\" \/>\n<meta property=\"og:url\" content=\"https:\/\/medicinasinc.com\/cs\/product\/buy-fab-cbd-oil-300mg-600mg-1200mg\/\" \/>\n<meta property=\"og:site_name\" content=\"Medicinas Inc\" \/>\n<meta property=\"article:modified_time\" content=\"2022-03-14T13:10:56+00:00\" \/>\n<meta property=\"og:image\" content=\"https:\/\/medicinasinc.com\/cs\/wp-content\/uploads\/sites\/2\/2022\/02\/Buy-Fab-CBD-Oil.jpg\" \/>\n\t<meta property=\"og:image:width\" content=\"600\" \/>\n\t<meta property=\"og:image:height\" content=\"600\" \/>\n\t<meta property=\"og:image:type\" content=\"image\/jpeg\" \/>\n<meta name=\"twitter:card\" content=\"summary_large_image\" \/>\n<meta name=\"twitter:label1\" content=\"Est. reading time\" \/>\n\t<meta name=\"twitter:data1\" content=\"1 minute\" \/>\n<script type=\"application\/ld+json\" class=\"yoast-schema-graph\">{\"@context\":\"https:\\\/\\\/schema.org\",\"@graph\":[{\"@type\":\"WebPage\",\"@id\":\"https:\\\/\\\/medicinasinc.com\\\/cs\\\/product\\\/buy-fab-cbd-oil-300mg-600mg-1200mg\\\/\",\"url\":\"https:\\\/\\\/medicinasinc.com\\\/cs\\\/product\\\/buy-fab-cbd-oil-300mg-600mg-1200mg\\\/\",\"name\":\"Koupit Fab CBD Oil 300 mg, 600 mg, 1200 mg \u2013 nejlep\u0161\u00ed glob\u00e1ln\u00ed l\u00e9ky\",\"isPartOf\":{\"@id\":\"https:\\\/\\\/medicinasinc.com\\\/cs\\\/#website\"},\"primaryImageOfPage\":{\"@id\":\"https:\\\/\\\/medicinasinc.com\\\/cs\\\/product\\\/buy-fab-cbd-oil-300mg-600mg-1200mg\\\/#primaryimage\"},\"image\":{\"@id\":\"https:\\\/\\\/medicinasinc.com\\\/cs\\\/product\\\/buy-fab-cbd-oil-300mg-600mg-1200mg\\\/#primaryimage\"},\"thumbnailUrl\":\"https:\\\/\\\/medicinasinc.com\\\/cs\\\/wp-content\\\/uploads\\\/sites\\\/2\\\/2022\\\/02\\\/Buy-Fab-CBD-Oil.jpg\",\"datePublished\":\"2022-02-20T08:31:50+00:00\",\"dateModified\":\"2022-03-14T13:10:56+00:00\",\"description\":\"Koupit Fab CBD olej 300 mg, Koupit Fab CBD olej 600 mg, Koupit fab cbd 2400 mg,cbd olej, kter\u00fd v\u00e1m ud\u011bl\u00e1 radost,nejlep\u0161\u00ed cbd izol\u00e1tov\u00fd olej,koupit cbd tinkturu online,gnc cbd olej na \u00fazkost,cbd olej jedl\u00e9 kapky,mazon fab cbd, fab cbd b\u00edl\u00fd \u0161t\u00edtek,\",\"breadcrumb\":{\"@id\":\"https:\\\/\\\/medicinasinc.com\\\/cs\\\/product\\\/buy-fab-cbd-oil-300mg-600mg-1200mg\\\/#breadcrumb\"},\"inLanguage\":\"en-US\",\"potentialAction\":[{\"@type\":\"ReadAction\",\"target\":[\"https:\\\/\\\/medicinasinc.com\\\/cs\\\/product\\\/buy-fab-cbd-oil-300mg-600mg-1200mg\\\/\"]}]},{\"@type\":\"ImageObject\",\"inLanguage\":\"en-US\",\"@id\":\"https:\\\/\\\/medicinasinc.com\\\/cs\\\/product\\\/buy-fab-cbd-oil-300mg-600mg-1200mg\\\/#primaryimage\",\"url\":\"https:\\\/\\\/medicinasinc.com\\\/cs\\\/wp-content\\\/uploads\\\/sites\\\/2\\\/2022\\\/02\\\/Buy-Fab-CBD-Oil.jpg\",\"contentUrl\":\"https:\\\/\\\/medicinasinc.com\\\/cs\\\/wp-content\\\/uploads\\\/sites\\\/2\\\/2022\\\/02\\\/Buy-Fab-CBD-Oil.jpg\",\"width\":600,\"height\":600},{\"@type\":\"BreadcrumbList\",\"@id\":\"https:\\\/\\\/medicinasinc.com\\\/cs\\\/product\\\/buy-fab-cbd-oil-300mg-600mg-1200mg\\\/#breadcrumb\",\"itemListElement\":[{\"@type\":\"ListItem\",\"position\":1,\"name\":\"Obchod\",\"item\":\"https:\\\/\\\/medicinasinc.com\\\/cs\\\/obchod\\\/\"},{\"@type\":\"ListItem\",\"position\":2,\"name\":\"Koupit Fab CBD Oil 300 mg, 600 mg, 1200 mg\"}]},{\"@type\":\"WebSite\",\"@id\":\"https:\\\/\\\/medicinasinc.com\\\/cs\\\/#website\",\"url\":\"https:\\\/\\\/medicinasinc.com\\\/cs\\\/\",\"name\":\"Medicinas Inc\",\"description\":\"Health Medical Clinic\",\"potentialAction\":[{\"@type\":\"SearchAction\",\"target\":{\"@type\":\"EntryPoint\",\"urlTemplate\":\"https:\\\/\\\/medicinasinc.com\\\/cs\\\/?s={search_term_string}\"},\"query-input\":{\"@type\":\"PropertyValueSpecification\",\"valueRequired\":true,\"valueName\":\"search_term_string\"}}],\"inLanguage\":\"en-US\"}]}<\/script>\n<!-- \/ Yoast SEO plugin. -->","yoast_head_json":{"title":"Koupit Fab CBD Oil 300 mg, 600 mg, 1200 mg \u2013 nejlep\u0161\u00ed glob\u00e1ln\u00ed l\u00e9ky","description":"Koupit Fab CBD olej 300 mg, Koupit Fab CBD olej 600 mg, Koupit fab cbd 2400 mg,cbd olej, kter\u00fd v\u00e1m ud\u011bl\u00e1 radost,nejlep\u0161\u00ed cbd izol\u00e1tov\u00fd olej,koupit cbd tinkturu online,gnc cbd olej na \u00fazkost,cbd olej jedl\u00e9 kapky,mazon fab cbd, fab cbd b\u00edl\u00fd \u0161t\u00edtek,","robots":{"index":"index","follow":"follow","max-snippet":"max-snippet:-1","max-image-preview":"max-image-preview:large","max-video-preview":"max-video-preview:-1"},"canonical":"https:\/\/medicinasinc.com\/cs\/product\/buy-fab-cbd-oil-300mg-600mg-1200mg\/","og_locale":"en_US","og_type":"article","og_title":"Koupit Fab CBD Oil 300 mg, 600 mg, 1200 mg \u2013 nejlep\u0161\u00ed glob\u00e1ln\u00ed l\u00e9ky","og_description":"Koupit Fab CBD olej 300 mg, Koupit Fab CBD olej 600 mg, Koupit fab cbd 2400 mg,cbd olej, kter\u00fd v\u00e1m ud\u011bl\u00e1 radost,nejlep\u0161\u00ed cbd izol\u00e1tov\u00fd olej,koupit cbd tinkturu online,gnc cbd olej na \u00fazkost,cbd olej jedl\u00e9 kapky,mazon fab cbd, fab cbd b\u00edl\u00fd \u0161t\u00edtek,","og_url":"https:\/\/medicinasinc.com\/cs\/product\/buy-fab-cbd-oil-300mg-600mg-1200mg\/","og_site_name":"Medicinas Inc","article_modified_time":"2022-03-14T13:10:56+00:00","og_image":[{"width":600,"height":600,"url":"https:\/\/medicinasinc.com\/cs\/wp-content\/uploads\/sites\/2\/2022\/02\/Buy-Fab-CBD-Oil.jpg","type":"image\/jpeg"}],"twitter_card":"summary_large_image","twitter_misc":{"Est. reading time":"1 minute"},"schema":{"@context":"https:\/\/schema.org","@graph":[{"@type":"WebPage","@id":"https:\/\/medicinasinc.com\/cs\/product\/buy-fab-cbd-oil-300mg-600mg-1200mg\/","url":"https:\/\/medicinasinc.com\/cs\/product\/buy-fab-cbd-oil-300mg-600mg-1200mg\/","name":"Koupit Fab CBD Oil 300 mg, 600 mg, 1200 mg \u2013 nejlep\u0161\u00ed glob\u00e1ln\u00ed l\u00e9ky","isPartOf":{"@id":"https:\/\/medicinasinc.com\/cs\/#website"},"primaryImageOfPage":{"@id":"https:\/\/medicinasinc.com\/cs\/product\/buy-fab-cbd-oil-300mg-600mg-1200mg\/#primaryimage"},"image":{"@id":"https:\/\/medicinasinc.com\/cs\/product\/buy-fab-cbd-oil-300mg-600mg-1200mg\/#primaryimage"},"thumbnailUrl":"https:\/\/medicinasinc.com\/cs\/wp-content\/uploads\/sites\/2\/2022\/02\/Buy-Fab-CBD-Oil.jpg","datePublished":"2022-02-20T08:31:50+00:00","dateModified":"2022-03-14T13:10:56+00:00","description":"Koupit Fab CBD olej 300 mg, Koupit Fab CBD olej 600 mg, Koupit fab cbd 2400 mg,cbd olej, kter\u00fd v\u00e1m ud\u011bl\u00e1 radost,nejlep\u0161\u00ed cbd izol\u00e1tov\u00fd olej,koupit cbd tinkturu online,gnc cbd olej na \u00fazkost,cbd olej jedl\u00e9 kapky,mazon fab cbd, fab cbd b\u00edl\u00fd \u0161t\u00edtek,","breadcrumb":{"@id":"https:\/\/medicinasinc.com\/cs\/product\/buy-fab-cbd-oil-300mg-600mg-1200mg\/#breadcrumb"},"inLanguage":"en-US","potentialAction":[{"@type":"ReadAction","target":["https:\/\/medicinasinc.com\/cs\/product\/buy-fab-cbd-oil-300mg-600mg-1200mg\/"]}]},{"@type":"ImageObject","inLanguage":"en-US","@id":"https:\/\/medicinasinc.com\/cs\/product\/buy-fab-cbd-oil-300mg-600mg-1200mg\/#primaryimage","url":"https:\/\/medicinasinc.com\/cs\/wp-content\/uploads\/sites\/2\/2022\/02\/Buy-Fab-CBD-Oil.jpg","contentUrl":"https:\/\/medicinasinc.com\/cs\/wp-content\/uploads\/sites\/2\/2022\/02\/Buy-Fab-CBD-Oil.jpg","width":600,"height":600},{"@type":"BreadcrumbList","@id":"https:\/\/medicinasinc.com\/cs\/product\/buy-fab-cbd-oil-300mg-600mg-1200mg\/#breadcrumb","itemListElement":[{"@type":"ListItem","position":1,"name":"Obchod","item":"https:\/\/medicinasinc.com\/cs\/obchod\/"},{"@type":"ListItem","position":2,"name":"Koupit Fab CBD Oil 300 mg, 600 mg, 1200 mg"}]},{"@type":"WebSite","@id":"https:\/\/medicinasinc.com\/cs\/#website","url":"https:\/\/medicinasinc.com\/cs\/","name":"Medicinas Inc","description":"Health Medical Clinic","potentialAction":[{"@type":"SearchAction","target":{"@type":"EntryPoint","urlTemplate":"https:\/\/medicinasinc.com\/cs\/?s={search_term_string}"},"query-input":{"@type":"PropertyValueSpecification","valueRequired":true,"valueName":"search_term_string"}}],"inLanguage":"en-US"}]}},"_links":{"self":[{"href":"https:\/\/medicinasinc.com\/cs\/wp-json\/wp\/v2\/product\/4359","targetHints":{"allow":["GET"]}}],"collection":[{"href":"https:\/\/medicinasinc.com\/cs\/wp-json\/wp\/v2\/product"}],"about":[{"href":"https:\/\/medicinasinc.com\/cs\/wp-json\/wp\/v2\/types\/product"}],"replies":[{"embeddable":true,"href":"https:\/\/medicinasinc.com\/cs\/wp-json\/wp\/v2\/comments?post=4359"}],"wp:featuredmedia":[{"embeddable":true,"href":"https:\/\/medicinasinc.com\/cs\/wp-json\/wp\/v2\/media\/4394"}],"wp:attachment":[{"href":"https:\/\/medicinasinc.com\/cs\/wp-json\/wp\/v2\/media?parent=4359"}],"wp:term":[{"taxonomy":"product_brand","embeddable":true,"href":"https:\/\/medicinasinc.com\/cs\/wp-json\/wp\/v2\/product_brand?post=4359"},{"taxonomy":"product_cat","embeddable":true,"href":"https:\/\/medicinasinc.com\/cs\/wp-json\/wp\/v2\/product_cat?post=4359"},{"taxonomy":"product_tag","embeddable":true,"href":"https:\/\/medicinasinc.com\/cs\/wp-json\/wp\/v2\/product_tag?post=4359"}],"curies":[{"name":"wp","href":"https:\/\/api.w.org\/{rel}","templated":true}]}}