{"id":4353,"date":"2022-02-20T08:29:33","date_gmt":"2022-02-20T08:29:33","guid":{"rendered":"https:\/\/medicinasinc.com\/cs\/?post_type=product&#038;p=4353"},"modified":"2022-03-14T13:11:08","modified_gmt":"2022-03-14T13:11:08","slug":"buy-500mg-cbd-blackberry-key-flava-blast","status":"publish","type":"product","link":"https:\/\/medicinasinc.com\/cs\/product\/buy-500mg-cbd-blackberry-key-flava-blast\/","title":{"rendered":"Koupit 500 mg CBD Blackberry Key FLAVA BLAST"},"content":{"rendered":"<div class=\"woocommerce-tabs wc-tabs-wrapper\">\n<div id=\"tab-description\" class=\"woocommerce-Tabs-panel woocommerce-Tabs-panel--description panel entry-content wc-tab\" role=\"tabpanel\" aria-labelledby=\"tab-title-description\">\n<p>FLAVA BLAST 500 mg CBD Blackberry Keey<\/p>\n<p>Keey CBD je \u0159e\u0161en\u00edm pro zlep\u0161en\u00ed zdrav\u00ed a kondice. CBD pom\u00e1h\u00e1 p\u0159i ka\u017edodenn\u00edm stresu, udr\u017euje klidn\u00fd a shrom\u00e1\u017ed\u011bn\u00fd stav mysli, sni\u017euje z\u00e1n\u011bt, nevolnost a z\u00e1vrat\u011b a pom\u00e1h\u00e1 p\u0159i zotaven\u00ed z fyzick\u00e9 bolesti nebo bolesti. Nyn\u00ed, s 500 mg CBD FLAVA BLAST, m\u016f\u017eete za\u010dlenit lahodnou CBD tinkturu do sv\u00e9 ka\u017edodenn\u00ed rutiny.<\/p>\n<p>Keey kombinuje organick\u00e9 terpenov\u00e9 n\u00e1levy, p\u0159\u00edrodn\u00ed aroma a extrakty CBD s MCT olejem (KOKOSOV\u00dd OLEJ) pro urychlen\u00ed vst\u0159eb\u00e1v\u00e1n\u00ed pro v\u00e1\u0161 tr\u00e1vic\u00ed p\u0159\u00edjem a palivo pro v\u00e1\u0161 den.<\/p>\n<p>Keey CBD 500 mg FLAVA BLAST nab\u00edz\u00ed \u0159adu p\u0159\u00edchut\u00ed BLASTS! 30ml lahvi\u010dka s kap\u00e1tkem na tinkturu.<\/p>\n<\/p><\/div><\/div>\n<div class=\"related products\"><\/div>\n","protected":false},"excerpt":{"rendered":"<p>Nakupte 500 mg CBD Blackberry Keey FLAVA BLAST online ze Sigma Vape Shopu s rychlou celosv\u011btovou dopravou. M\u016f\u017eete naj\u00edt 500 mg CBD Blackberry Keey FLAVA BLAST na prodej<\/p>\n<ul>\n<li>Celosv\u011btov\u00e1 doprava<\/li>\n<li>Minim\u00e1ln\u00ed mno\u017estv\u00ed objedn\u00e1vky je 5<\/li>\n<li><strong>Kontaktujte n\u00e1s<\/strong>\u00a0pro v\u011bt\u0161\u00ed objedn\u00e1vky<\/li>\n<\/ul>\n","protected":false},"featured_media":4389,"comment_status":"open","ping_status":"closed","template":"","meta":[],"product_brand":[],"product_cat":[440],"product_tag":[],"class_list":{"0":"post-4353","1":"product","2":"type-product","3":"status-publish","4":"has-post-thumbnail","6":"product_cat-koupit-konopi-cbd-olej","8":"first","9":"instock","10":"shipping-taxable","11":"purchasable","12":"product-type-variable","13":"has-default-attributes"},"yoast_head":"<!-- This site is optimized with the Yoast SEO plugin v27.3 - https:\/\/yoast.com\/product\/yoast-seo-wordpress\/ -->\n<title>Koupit 500 mg CBD Blackberry Key FLAVA BLAST - Nejlep\u0161\u00ed glob\u00e1ln\u00ed l\u00e9ky<\/title>\n<meta name=\"description\" content=\"Kupte si 500 mg CBD Blackberry Key FLAVA BLAST online ze Sigma Vape Shopu s rychlou celosv\u011btovou dopravou. M\u016f\u017eete naj\u00edt 500 mg CBD Blackberry Key FLAVA BLAST na prodej\" \/>\n<meta name=\"robots\" content=\"index, follow, max-snippet:-1, max-image-preview:large, max-video-preview:-1\" \/>\n<link rel=\"canonical\" href=\"https:\/\/medicinasinc.com\/cs\/product\/buy-500mg-cbd-blackberry-key-flava-blast\/\" \/>\n<meta property=\"og:locale\" content=\"en_US\" \/>\n<meta property=\"og:type\" content=\"article\" \/>\n<meta property=\"og:title\" content=\"Koupit 500 mg CBD Blackberry Key FLAVA BLAST - Nejlep\u0161\u00ed glob\u00e1ln\u00ed l\u00e9ky\" \/>\n<meta property=\"og:description\" content=\"Kupte si 500 mg CBD Blackberry Key FLAVA BLAST online ze Sigma Vape Shopu s rychlou celosv\u011btovou dopravou. M\u016f\u017eete naj\u00edt 500 mg CBD Blackberry Key FLAVA BLAST na prodej\" \/>\n<meta property=\"og:url\" content=\"https:\/\/medicinasinc.com\/cs\/product\/buy-500mg-cbd-blackberry-key-flava-blast\/\" \/>\n<meta property=\"og:site_name\" content=\"Medicinas Inc\" \/>\n<meta property=\"article:modified_time\" content=\"2022-03-14T13:11:08+00:00\" \/>\n<meta property=\"og:image\" content=\"https:\/\/medicinasinc.com\/cs\/wp-content\/uploads\/sites\/2\/2022\/02\/Buy-500mg-CBD-Blackberry-Keey-FLAVA-BLAST.jpg\" \/>\n\t<meta property=\"og:image:width\" content=\"800\" \/>\n\t<meta property=\"og:image:height\" content=\"800\" \/>\n\t<meta property=\"og:image:type\" content=\"image\/jpeg\" \/>\n<meta name=\"twitter:card\" content=\"summary_large_image\" \/>\n<meta name=\"twitter:label1\" content=\"Est. reading time\" \/>\n\t<meta name=\"twitter:data1\" content=\"1 minute\" \/>\n<script type=\"application\/ld+json\" class=\"yoast-schema-graph\">{\"@context\":\"https:\\\/\\\/schema.org\",\"@graph\":[{\"@type\":\"WebPage\",\"@id\":\"https:\\\/\\\/medicinasinc.com\\\/cs\\\/product\\\/buy-500mg-cbd-blackberry-key-flava-blast\\\/\",\"url\":\"https:\\\/\\\/medicinasinc.com\\\/cs\\\/product\\\/buy-500mg-cbd-blackberry-key-flava-blast\\\/\",\"name\":\"Koupit 500 mg CBD Blackberry Key FLAVA BLAST - Nejlep\u0161\u00ed glob\u00e1ln\u00ed l\u00e9ky\",\"isPartOf\":{\"@id\":\"https:\\\/\\\/medicinasinc.com\\\/cs\\\/#website\"},\"primaryImageOfPage\":{\"@id\":\"https:\\\/\\\/medicinasinc.com\\\/cs\\\/product\\\/buy-500mg-cbd-blackberry-key-flava-blast\\\/#primaryimage\"},\"image\":{\"@id\":\"https:\\\/\\\/medicinasinc.com\\\/cs\\\/product\\\/buy-500mg-cbd-blackberry-key-flava-blast\\\/#primaryimage\"},\"thumbnailUrl\":\"https:\\\/\\\/medicinasinc.com\\\/cs\\\/wp-content\\\/uploads\\\/sites\\\/2\\\/2022\\\/02\\\/Buy-500mg-CBD-Blackberry-Keey-FLAVA-BLAST.jpg\",\"datePublished\":\"2022-02-20T08:29:33+00:00\",\"dateModified\":\"2022-03-14T13:11:08+00:00\",\"description\":\"Kupte si 500 mg CBD Blackberry Key FLAVA BLAST online ze Sigma Vape Shopu s rychlou celosv\u011btovou dopravou. M\u016f\u017eete naj\u00edt 500 mg CBD Blackberry Key FLAVA BLAST na prodej\",\"breadcrumb\":{\"@id\":\"https:\\\/\\\/medicinasinc.com\\\/cs\\\/product\\\/buy-500mg-cbd-blackberry-key-flava-blast\\\/#breadcrumb\"},\"inLanguage\":\"en-US\",\"potentialAction\":[{\"@type\":\"ReadAction\",\"target\":[\"https:\\\/\\\/medicinasinc.com\\\/cs\\\/product\\\/buy-500mg-cbd-blackberry-key-flava-blast\\\/\"]}]},{\"@type\":\"ImageObject\",\"inLanguage\":\"en-US\",\"@id\":\"https:\\\/\\\/medicinasinc.com\\\/cs\\\/product\\\/buy-500mg-cbd-blackberry-key-flava-blast\\\/#primaryimage\",\"url\":\"https:\\\/\\\/medicinasinc.com\\\/cs\\\/wp-content\\\/uploads\\\/sites\\\/2\\\/2022\\\/02\\\/Buy-500mg-CBD-Blackberry-Keey-FLAVA-BLAST.jpg\",\"contentUrl\":\"https:\\\/\\\/medicinasinc.com\\\/cs\\\/wp-content\\\/uploads\\\/sites\\\/2\\\/2022\\\/02\\\/Buy-500mg-CBD-Blackberry-Keey-FLAVA-BLAST.jpg\",\"width\":800,\"height\":800},{\"@type\":\"BreadcrumbList\",\"@id\":\"https:\\\/\\\/medicinasinc.com\\\/cs\\\/product\\\/buy-500mg-cbd-blackberry-key-flava-blast\\\/#breadcrumb\",\"itemListElement\":[{\"@type\":\"ListItem\",\"position\":1,\"name\":\"Obchod\",\"item\":\"https:\\\/\\\/medicinasinc.com\\\/cs\\\/obchod\\\/\"},{\"@type\":\"ListItem\",\"position\":2,\"name\":\"Koupit 500 mg CBD Blackberry Key FLAVA BLAST\"}]},{\"@type\":\"WebSite\",\"@id\":\"https:\\\/\\\/medicinasinc.com\\\/cs\\\/#website\",\"url\":\"https:\\\/\\\/medicinasinc.com\\\/cs\\\/\",\"name\":\"Medicinas Inc\",\"description\":\"Health Medical Clinic\",\"potentialAction\":[{\"@type\":\"SearchAction\",\"target\":{\"@type\":\"EntryPoint\",\"urlTemplate\":\"https:\\\/\\\/medicinasinc.com\\\/cs\\\/?s={search_term_string}\"},\"query-input\":{\"@type\":\"PropertyValueSpecification\",\"valueRequired\":true,\"valueName\":\"search_term_string\"}}],\"inLanguage\":\"en-US\"}]}<\/script>\n<!-- \/ Yoast SEO plugin. -->","yoast_head_json":{"title":"Koupit 500 mg CBD Blackberry Key FLAVA BLAST - Nejlep\u0161\u00ed glob\u00e1ln\u00ed l\u00e9ky","description":"Kupte si 500 mg CBD Blackberry Key FLAVA BLAST online ze Sigma Vape Shopu s rychlou celosv\u011btovou dopravou. M\u016f\u017eete naj\u00edt 500 mg CBD Blackberry Key FLAVA BLAST na prodej","robots":{"index":"index","follow":"follow","max-snippet":"max-snippet:-1","max-image-preview":"max-image-preview:large","max-video-preview":"max-video-preview:-1"},"canonical":"https:\/\/medicinasinc.com\/cs\/product\/buy-500mg-cbd-blackberry-key-flava-blast\/","og_locale":"en_US","og_type":"article","og_title":"Koupit 500 mg CBD Blackberry Key FLAVA BLAST - Nejlep\u0161\u00ed glob\u00e1ln\u00ed l\u00e9ky","og_description":"Kupte si 500 mg CBD Blackberry Key FLAVA BLAST online ze Sigma Vape Shopu s rychlou celosv\u011btovou dopravou. M\u016f\u017eete naj\u00edt 500 mg CBD Blackberry Key FLAVA BLAST na prodej","og_url":"https:\/\/medicinasinc.com\/cs\/product\/buy-500mg-cbd-blackberry-key-flava-blast\/","og_site_name":"Medicinas Inc","article_modified_time":"2022-03-14T13:11:08+00:00","og_image":[{"width":800,"height":800,"url":"https:\/\/medicinasinc.com\/cs\/wp-content\/uploads\/sites\/2\/2022\/02\/Buy-500mg-CBD-Blackberry-Keey-FLAVA-BLAST.jpg","type":"image\/jpeg"}],"twitter_card":"summary_large_image","twitter_misc":{"Est. reading time":"1 minute"},"schema":{"@context":"https:\/\/schema.org","@graph":[{"@type":"WebPage","@id":"https:\/\/medicinasinc.com\/cs\/product\/buy-500mg-cbd-blackberry-key-flava-blast\/","url":"https:\/\/medicinasinc.com\/cs\/product\/buy-500mg-cbd-blackberry-key-flava-blast\/","name":"Koupit 500 mg CBD Blackberry Key FLAVA BLAST - Nejlep\u0161\u00ed glob\u00e1ln\u00ed l\u00e9ky","isPartOf":{"@id":"https:\/\/medicinasinc.com\/cs\/#website"},"primaryImageOfPage":{"@id":"https:\/\/medicinasinc.com\/cs\/product\/buy-500mg-cbd-blackberry-key-flava-blast\/#primaryimage"},"image":{"@id":"https:\/\/medicinasinc.com\/cs\/product\/buy-500mg-cbd-blackberry-key-flava-blast\/#primaryimage"},"thumbnailUrl":"https:\/\/medicinasinc.com\/cs\/wp-content\/uploads\/sites\/2\/2022\/02\/Buy-500mg-CBD-Blackberry-Keey-FLAVA-BLAST.jpg","datePublished":"2022-02-20T08:29:33+00:00","dateModified":"2022-03-14T13:11:08+00:00","description":"Kupte si 500 mg CBD Blackberry Key FLAVA BLAST online ze Sigma Vape Shopu s rychlou celosv\u011btovou dopravou. M\u016f\u017eete naj\u00edt 500 mg CBD Blackberry Key FLAVA BLAST na prodej","breadcrumb":{"@id":"https:\/\/medicinasinc.com\/cs\/product\/buy-500mg-cbd-blackberry-key-flava-blast\/#breadcrumb"},"inLanguage":"en-US","potentialAction":[{"@type":"ReadAction","target":["https:\/\/medicinasinc.com\/cs\/product\/buy-500mg-cbd-blackberry-key-flava-blast\/"]}]},{"@type":"ImageObject","inLanguage":"en-US","@id":"https:\/\/medicinasinc.com\/cs\/product\/buy-500mg-cbd-blackberry-key-flava-blast\/#primaryimage","url":"https:\/\/medicinasinc.com\/cs\/wp-content\/uploads\/sites\/2\/2022\/02\/Buy-500mg-CBD-Blackberry-Keey-FLAVA-BLAST.jpg","contentUrl":"https:\/\/medicinasinc.com\/cs\/wp-content\/uploads\/sites\/2\/2022\/02\/Buy-500mg-CBD-Blackberry-Keey-FLAVA-BLAST.jpg","width":800,"height":800},{"@type":"BreadcrumbList","@id":"https:\/\/medicinasinc.com\/cs\/product\/buy-500mg-cbd-blackberry-key-flava-blast\/#breadcrumb","itemListElement":[{"@type":"ListItem","position":1,"name":"Obchod","item":"https:\/\/medicinasinc.com\/cs\/obchod\/"},{"@type":"ListItem","position":2,"name":"Koupit 500 mg CBD Blackberry Key FLAVA BLAST"}]},{"@type":"WebSite","@id":"https:\/\/medicinasinc.com\/cs\/#website","url":"https:\/\/medicinasinc.com\/cs\/","name":"Medicinas Inc","description":"Health Medical Clinic","potentialAction":[{"@type":"SearchAction","target":{"@type":"EntryPoint","urlTemplate":"https:\/\/medicinasinc.com\/cs\/?s={search_term_string}"},"query-input":{"@type":"PropertyValueSpecification","valueRequired":true,"valueName":"search_term_string"}}],"inLanguage":"en-US"}]}},"_links":{"self":[{"href":"https:\/\/medicinasinc.com\/cs\/wp-json\/wp\/v2\/product\/4353","targetHints":{"allow":["GET"]}}],"collection":[{"href":"https:\/\/medicinasinc.com\/cs\/wp-json\/wp\/v2\/product"}],"about":[{"href":"https:\/\/medicinasinc.com\/cs\/wp-json\/wp\/v2\/types\/product"}],"replies":[{"embeddable":true,"href":"https:\/\/medicinasinc.com\/cs\/wp-json\/wp\/v2\/comments?post=4353"}],"wp:featuredmedia":[{"embeddable":true,"href":"https:\/\/medicinasinc.com\/cs\/wp-json\/wp\/v2\/media\/4389"}],"wp:attachment":[{"href":"https:\/\/medicinasinc.com\/cs\/wp-json\/wp\/v2\/media?parent=4353"}],"wp:term":[{"taxonomy":"product_brand","embeddable":true,"href":"https:\/\/medicinasinc.com\/cs\/wp-json\/wp\/v2\/product_brand?post=4353"},{"taxonomy":"product_cat","embeddable":true,"href":"https:\/\/medicinasinc.com\/cs\/wp-json\/wp\/v2\/product_cat?post=4353"},{"taxonomy":"product_tag","embeddable":true,"href":"https:\/\/medicinasinc.com\/cs\/wp-json\/wp\/v2\/product_tag?post=4353"}],"curies":[{"name":"wp","href":"https:\/\/api.w.org\/{rel}","templated":true}]}}