{"id":4348,"date":"2022-02-20T08:28:43","date_gmt":"2022-02-20T08:28:43","guid":{"rendered":"https:\/\/medicinasinc.com\/cs\/?post_type=product&#038;p=4348"},"modified":"2022-03-14T13:11:23","modified_gmt":"2022-03-14T13:11:23","slug":"koupit-41-tinktura-30ml-spearmint-prichut-zelena-bohyne","status":"publish","type":"product","link":"https:\/\/medicinasinc.com\/cs\/product\/koupit-41-tinktura-30ml-spearmint-prichut-zelena-bohyne\/","title":{"rendered":"Koupit tinkturu 4:1 (30 ml) M\u00e1tovou p\u0159\u00edchu\u0165 Green Goddess"},"content":{"rendered":"<p>Koupit Green, Goddess 4:1 Tinkture (30 ml) Spearmint Flavour<\/p>\n<p>Tinkturn\u00ed kapky maj\u00ed v\u00fdznamn\u00e9 v\u00fdhody oproti jin\u00fdm metod\u00e1m pod\u00e1v\u00e1n\u00ed l\u00e9\u010debn\u00fdch kanabinoid\u016f: 30ml n\u00e1doba se snadno pou\u017eitelnou aplikac\u00ed kapek umo\u017e\u0148uje p\u0159esn\u00e1 d\u00e1vka, kter\u00e1 m\u00e1 b\u00fdt pod\u00e1na sublingv\u00e1ln\u011b do \u00fast. Absorpce do krevn\u00edho \u0159e\u010di\u0161t\u011b p\u0159es sliznici dutiny \u00fastn\u00ed je rychl\u00e1 a konzistentn\u00ed. Tinktura nen\u00ed p\u0159em\u011bn\u011bna na metabolit tr\u00e1vic\u00edm syst\u00e9mem nebo j\u00e1try, jako je tomu u or\u00e1ln\u011b podan\u00fdch kanabinoid\u016f v po\u017eivatin\u00e1ch.<\/p>\n<p>P\u0159ipraveno s pou\u017eit\u00edm extraktu z cel\u00e9 rostliny konop\u00ed. P\u0159idali jsme zcela p\u0159\u00edrodn\u00ed olej C8+C10, kter\u00fd poch\u00e1z\u00ed v\u00fdhradn\u011b z kokosov\u00fdch o\u0159ech\u016f a je vynikaj\u00edc\u00edm zdrojem siln\u00fdch mastn\u00fdch kyselin se st\u0159edn\u011b dlouh\u00fdm \u0159et\u011bzcem, kter\u00e9 pom\u00e1haj\u00ed udr\u017eovat t\u011blo a mysl funguj\u00edc\u00ed optim\u00e1ln\u011b.<\/p>\n<p>13 miligram\u016f na kap\u00e1tko 400 miligram\u016f CBD 100 miligram\u016f THC<\/p>\n<p>Slo\u017een\u00ed:<\/p>\n<p>MCT olej s p\u0159\u00edchut\u00ed m\u00e1ty klasnat\u00e9 Cel\u00fd extrakt z rostlin konop\u00ed (CBD)<\/p>\n","protected":false},"excerpt":{"rendered":"<p>Kupte tinkturu 4:1 (30 ml) Spearmint Flavour Green Goddess na prodej Spojen\u00e9 kr\u00e1lovstv\u00ed, Evropa online USA od nejv\u011bt\u0161\u00ed online l\u00e9k\u00e1rny, Buy My Weed Online.<\/p>\n<ul>\n<li>Celosv\u011btov\u00e1 doprava<\/li>\n<li>30 ml indikovan\u00e9 kap\u00e1tko<\/li>\n<li>400 mg CBD : 100 mg THC Tinktura<\/li>\n<li>P\u0159\u00edchu\u0165 m\u00e1ty<\/li>\n<li>Minim\u00e1ln\u00ed mno\u017estv\u00ed pro objedn\u00e1vku je 5<\/li>\n<\/ul>\n","protected":false},"featured_media":4383,"comment_status":"open","ping_status":"closed","template":"","meta":[],"product_brand":[],"product_cat":[440],"product_tag":[],"class_list":{"0":"post-4348","1":"product","2":"type-product","3":"status-publish","4":"has-post-thumbnail","6":"product_cat-koupit-konopi-cbd-olej","8":"first","9":"instock","10":"shipping-taxable","11":"purchasable","12":"product-type-variable","13":"has-default-attributes"},"yoast_head":"<!-- This site is optimized with the Yoast SEO plugin v27.3 - https:\/\/yoast.com\/product\/yoast-seo-wordpress\/ -->\n<title>Koupit tinkturu 4:1 (30 ml) M\u00e1tovou p\u0159\u00edchu\u0165 Zelen\u00e1 bohyn\u011b \u2013 nejlep\u0161\u00ed glob\u00e1ln\u00ed l\u00e9ky<\/title>\n<meta name=\"description\" content=\"Koupit tinkturu 4:1 (30 ml) M\u00e1tovou p\u0159\u00edchu\u0165 Green Goddess na prodej Spojen\u00e9 kr\u00e1lovstv\u00ed, Evropa online USA od nejv\u011bt\u0161\u00ed online l\u00e9k\u00e1rny, Buy My Weed Online.\" \/>\n<meta name=\"robots\" content=\"index, follow, max-snippet:-1, max-image-preview:large, max-video-preview:-1\" \/>\n<link rel=\"canonical\" href=\"https:\/\/medicinasinc.com\/cs\/product\/koupit-41-tinktura-30ml-spearmint-prichut-zelena-bohyne\/\" \/>\n<meta property=\"og:locale\" content=\"en_US\" \/>\n<meta property=\"og:type\" content=\"article\" \/>\n<meta property=\"og:title\" content=\"Koupit tinkturu 4:1 (30 ml) M\u00e1tovou p\u0159\u00edchu\u0165 Zelen\u00e1 bohyn\u011b \u2013 nejlep\u0161\u00ed glob\u00e1ln\u00ed l\u00e9ky\" \/>\n<meta property=\"og:description\" content=\"Koupit tinkturu 4:1 (30 ml) M\u00e1tovou p\u0159\u00edchu\u0165 Green Goddess na prodej Spojen\u00e9 kr\u00e1lovstv\u00ed, Evropa online USA od nejv\u011bt\u0161\u00ed online l\u00e9k\u00e1rny, Buy My Weed Online.\" \/>\n<meta property=\"og:url\" content=\"https:\/\/medicinasinc.com\/cs\/product\/koupit-41-tinktura-30ml-spearmint-prichut-zelena-bohyne\/\" \/>\n<meta property=\"og:site_name\" content=\"Medicinas Inc\" \/>\n<meta property=\"article:modified_time\" content=\"2022-03-14T13:11:23+00:00\" \/>\n<meta property=\"og:image\" content=\"https:\/\/medicinasinc.com\/cs\/wp-content\/uploads\/sites\/2\/2022\/02\/Spearmint-Flavour-Green-Goddess.jpg\" \/>\n\t<meta property=\"og:image:width\" content=\"483\" \/>\n\t<meta property=\"og:image:height\" content=\"483\" \/>\n\t<meta property=\"og:image:type\" content=\"image\/jpeg\" \/>\n<meta name=\"twitter:card\" content=\"summary_large_image\" \/>\n<meta name=\"twitter:label1\" content=\"Est. reading time\" \/>\n\t<meta name=\"twitter:data1\" content=\"1 minute\" \/>\n<script type=\"application\/ld+json\" class=\"yoast-schema-graph\">{\"@context\":\"https:\\\/\\\/schema.org\",\"@graph\":[{\"@type\":\"WebPage\",\"@id\":\"https:\\\/\\\/medicinasinc.com\\\/cs\\\/product\\\/koupit-41-tinktura-30ml-spearmint-prichut-zelena-bohyne\\\/\",\"url\":\"https:\\\/\\\/medicinasinc.com\\\/cs\\\/product\\\/koupit-41-tinktura-30ml-spearmint-prichut-zelena-bohyne\\\/\",\"name\":\"Koupit tinkturu 4:1 (30 ml) M\u00e1tovou p\u0159\u00edchu\u0165 Zelen\u00e1 bohyn\u011b \u2013 nejlep\u0161\u00ed glob\u00e1ln\u00ed l\u00e9ky\",\"isPartOf\":{\"@id\":\"https:\\\/\\\/medicinasinc.com\\\/cs\\\/#website\"},\"primaryImageOfPage\":{\"@id\":\"https:\\\/\\\/medicinasinc.com\\\/cs\\\/product\\\/koupit-41-tinktura-30ml-spearmint-prichut-zelena-bohyne\\\/#primaryimage\"},\"image\":{\"@id\":\"https:\\\/\\\/medicinasinc.com\\\/cs\\\/product\\\/koupit-41-tinktura-30ml-spearmint-prichut-zelena-bohyne\\\/#primaryimage\"},\"thumbnailUrl\":\"https:\\\/\\\/medicinasinc.com\\\/cs\\\/wp-content\\\/uploads\\\/sites\\\/2\\\/2022\\\/02\\\/Spearmint-Flavour-Green-Goddess.jpg\",\"datePublished\":\"2022-02-20T08:28:43+00:00\",\"dateModified\":\"2022-03-14T13:11:23+00:00\",\"description\":\"Koupit tinkturu 4:1 (30 ml) M\u00e1tovou p\u0159\u00edchu\u0165 Green Goddess na prodej Spojen\u00e9 kr\u00e1lovstv\u00ed, Evropa online USA od nejv\u011bt\u0161\u00ed online l\u00e9k\u00e1rny, Buy My Weed Online.\",\"breadcrumb\":{\"@id\":\"https:\\\/\\\/medicinasinc.com\\\/cs\\\/product\\\/koupit-41-tinktura-30ml-spearmint-prichut-zelena-bohyne\\\/#breadcrumb\"},\"inLanguage\":\"en-US\",\"potentialAction\":[{\"@type\":\"ReadAction\",\"target\":[\"https:\\\/\\\/medicinasinc.com\\\/cs\\\/product\\\/koupit-41-tinktura-30ml-spearmint-prichut-zelena-bohyne\\\/\"]}]},{\"@type\":\"ImageObject\",\"inLanguage\":\"en-US\",\"@id\":\"https:\\\/\\\/medicinasinc.com\\\/cs\\\/product\\\/koupit-41-tinktura-30ml-spearmint-prichut-zelena-bohyne\\\/#primaryimage\",\"url\":\"https:\\\/\\\/medicinasinc.com\\\/cs\\\/wp-content\\\/uploads\\\/sites\\\/2\\\/2022\\\/02\\\/Spearmint-Flavour-Green-Goddess.jpg\",\"contentUrl\":\"https:\\\/\\\/medicinasinc.com\\\/cs\\\/wp-content\\\/uploads\\\/sites\\\/2\\\/2022\\\/02\\\/Spearmint-Flavour-Green-Goddess.jpg\",\"width\":483,\"height\":483},{\"@type\":\"BreadcrumbList\",\"@id\":\"https:\\\/\\\/medicinasinc.com\\\/cs\\\/product\\\/koupit-41-tinktura-30ml-spearmint-prichut-zelena-bohyne\\\/#breadcrumb\",\"itemListElement\":[{\"@type\":\"ListItem\",\"position\":1,\"name\":\"Obchod\",\"item\":\"https:\\\/\\\/medicinasinc.com\\\/cs\\\/obchod\\\/\"},{\"@type\":\"ListItem\",\"position\":2,\"name\":\"Koupit tinkturu 4:1 (30 ml) M\u00e1tovou p\u0159\u00edchu\u0165 Green Goddess\"}]},{\"@type\":\"WebSite\",\"@id\":\"https:\\\/\\\/medicinasinc.com\\\/cs\\\/#website\",\"url\":\"https:\\\/\\\/medicinasinc.com\\\/cs\\\/\",\"name\":\"Medicinas Inc\",\"description\":\"Health Medical Clinic\",\"potentialAction\":[{\"@type\":\"SearchAction\",\"target\":{\"@type\":\"EntryPoint\",\"urlTemplate\":\"https:\\\/\\\/medicinasinc.com\\\/cs\\\/?s={search_term_string}\"},\"query-input\":{\"@type\":\"PropertyValueSpecification\",\"valueRequired\":true,\"valueName\":\"search_term_string\"}}],\"inLanguage\":\"en-US\"}]}<\/script>\n<!-- \/ Yoast SEO plugin. -->","yoast_head_json":{"title":"Koupit tinkturu 4:1 (30 ml) M\u00e1tovou p\u0159\u00edchu\u0165 Zelen\u00e1 bohyn\u011b \u2013 nejlep\u0161\u00ed glob\u00e1ln\u00ed l\u00e9ky","description":"Koupit tinkturu 4:1 (30 ml) M\u00e1tovou p\u0159\u00edchu\u0165 Green Goddess na prodej Spojen\u00e9 kr\u00e1lovstv\u00ed, Evropa online USA od nejv\u011bt\u0161\u00ed online l\u00e9k\u00e1rny, Buy My Weed Online.","robots":{"index":"index","follow":"follow","max-snippet":"max-snippet:-1","max-image-preview":"max-image-preview:large","max-video-preview":"max-video-preview:-1"},"canonical":"https:\/\/medicinasinc.com\/cs\/product\/koupit-41-tinktura-30ml-spearmint-prichut-zelena-bohyne\/","og_locale":"en_US","og_type":"article","og_title":"Koupit tinkturu 4:1 (30 ml) M\u00e1tovou p\u0159\u00edchu\u0165 Zelen\u00e1 bohyn\u011b \u2013 nejlep\u0161\u00ed glob\u00e1ln\u00ed l\u00e9ky","og_description":"Koupit tinkturu 4:1 (30 ml) M\u00e1tovou p\u0159\u00edchu\u0165 Green Goddess na prodej Spojen\u00e9 kr\u00e1lovstv\u00ed, Evropa online USA od nejv\u011bt\u0161\u00ed online l\u00e9k\u00e1rny, Buy My Weed Online.","og_url":"https:\/\/medicinasinc.com\/cs\/product\/koupit-41-tinktura-30ml-spearmint-prichut-zelena-bohyne\/","og_site_name":"Medicinas Inc","article_modified_time":"2022-03-14T13:11:23+00:00","og_image":[{"width":483,"height":483,"url":"https:\/\/medicinasinc.com\/cs\/wp-content\/uploads\/sites\/2\/2022\/02\/Spearmint-Flavour-Green-Goddess.jpg","type":"image\/jpeg"}],"twitter_card":"summary_large_image","twitter_misc":{"Est. reading time":"1 minute"},"schema":{"@context":"https:\/\/schema.org","@graph":[{"@type":"WebPage","@id":"https:\/\/medicinasinc.com\/cs\/product\/koupit-41-tinktura-30ml-spearmint-prichut-zelena-bohyne\/","url":"https:\/\/medicinasinc.com\/cs\/product\/koupit-41-tinktura-30ml-spearmint-prichut-zelena-bohyne\/","name":"Koupit tinkturu 4:1 (30 ml) M\u00e1tovou p\u0159\u00edchu\u0165 Zelen\u00e1 bohyn\u011b \u2013 nejlep\u0161\u00ed glob\u00e1ln\u00ed l\u00e9ky","isPartOf":{"@id":"https:\/\/medicinasinc.com\/cs\/#website"},"primaryImageOfPage":{"@id":"https:\/\/medicinasinc.com\/cs\/product\/koupit-41-tinktura-30ml-spearmint-prichut-zelena-bohyne\/#primaryimage"},"image":{"@id":"https:\/\/medicinasinc.com\/cs\/product\/koupit-41-tinktura-30ml-spearmint-prichut-zelena-bohyne\/#primaryimage"},"thumbnailUrl":"https:\/\/medicinasinc.com\/cs\/wp-content\/uploads\/sites\/2\/2022\/02\/Spearmint-Flavour-Green-Goddess.jpg","datePublished":"2022-02-20T08:28:43+00:00","dateModified":"2022-03-14T13:11:23+00:00","description":"Koupit tinkturu 4:1 (30 ml) M\u00e1tovou p\u0159\u00edchu\u0165 Green Goddess na prodej Spojen\u00e9 kr\u00e1lovstv\u00ed, Evropa online USA od nejv\u011bt\u0161\u00ed online l\u00e9k\u00e1rny, Buy My Weed Online.","breadcrumb":{"@id":"https:\/\/medicinasinc.com\/cs\/product\/koupit-41-tinktura-30ml-spearmint-prichut-zelena-bohyne\/#breadcrumb"},"inLanguage":"en-US","potentialAction":[{"@type":"ReadAction","target":["https:\/\/medicinasinc.com\/cs\/product\/koupit-41-tinktura-30ml-spearmint-prichut-zelena-bohyne\/"]}]},{"@type":"ImageObject","inLanguage":"en-US","@id":"https:\/\/medicinasinc.com\/cs\/product\/koupit-41-tinktura-30ml-spearmint-prichut-zelena-bohyne\/#primaryimage","url":"https:\/\/medicinasinc.com\/cs\/wp-content\/uploads\/sites\/2\/2022\/02\/Spearmint-Flavour-Green-Goddess.jpg","contentUrl":"https:\/\/medicinasinc.com\/cs\/wp-content\/uploads\/sites\/2\/2022\/02\/Spearmint-Flavour-Green-Goddess.jpg","width":483,"height":483},{"@type":"BreadcrumbList","@id":"https:\/\/medicinasinc.com\/cs\/product\/koupit-41-tinktura-30ml-spearmint-prichut-zelena-bohyne\/#breadcrumb","itemListElement":[{"@type":"ListItem","position":1,"name":"Obchod","item":"https:\/\/medicinasinc.com\/cs\/obchod\/"},{"@type":"ListItem","position":2,"name":"Koupit tinkturu 4:1 (30 ml) M\u00e1tovou p\u0159\u00edchu\u0165 Green Goddess"}]},{"@type":"WebSite","@id":"https:\/\/medicinasinc.com\/cs\/#website","url":"https:\/\/medicinasinc.com\/cs\/","name":"Medicinas Inc","description":"Health Medical Clinic","potentialAction":[{"@type":"SearchAction","target":{"@type":"EntryPoint","urlTemplate":"https:\/\/medicinasinc.com\/cs\/?s={search_term_string}"},"query-input":{"@type":"PropertyValueSpecification","valueRequired":true,"valueName":"search_term_string"}}],"inLanguage":"en-US"}]}},"_links":{"self":[{"href":"https:\/\/medicinasinc.com\/cs\/wp-json\/wp\/v2\/product\/4348","targetHints":{"allow":["GET"]}}],"collection":[{"href":"https:\/\/medicinasinc.com\/cs\/wp-json\/wp\/v2\/product"}],"about":[{"href":"https:\/\/medicinasinc.com\/cs\/wp-json\/wp\/v2\/types\/product"}],"replies":[{"embeddable":true,"href":"https:\/\/medicinasinc.com\/cs\/wp-json\/wp\/v2\/comments?post=4348"}],"wp:featuredmedia":[{"embeddable":true,"href":"https:\/\/medicinasinc.com\/cs\/wp-json\/wp\/v2\/media\/4383"}],"wp:attachment":[{"href":"https:\/\/medicinasinc.com\/cs\/wp-json\/wp\/v2\/media?parent=4348"}],"wp:term":[{"taxonomy":"product_brand","embeddable":true,"href":"https:\/\/medicinasinc.com\/cs\/wp-json\/wp\/v2\/product_brand?post=4348"},{"taxonomy":"product_cat","embeddable":true,"href":"https:\/\/medicinasinc.com\/cs\/wp-json\/wp\/v2\/product_cat?post=4348"},{"taxonomy":"product_tag","embeddable":true,"href":"https:\/\/medicinasinc.com\/cs\/wp-json\/wp\/v2\/product_tag?post=4348"}],"curies":[{"name":"wp","href":"https:\/\/api.w.org\/{rel}","templated":true}]}}