{"id":4338,"date":"2022-02-20T08:27:22","date_gmt":"2022-02-20T08:27:22","guid":{"rendered":"https:\/\/medicinasinc.com\/cs\/?post_type=product&#038;p=4338"},"modified":"2022-03-14T13:11:43","modified_gmt":"2022-03-14T13:11:43","slug":"koupit-250mg-thc-mist-sprey-10ml-snadno","status":"publish","type":"product","link":"https:\/\/medicinasinc.com\/cs\/product\/koupit-250mg-thc-mist-sprey-10ml-snadno\/","title":{"rendered":"Koupit 250mg THC Mist Spray 10ml \u2013 Snadn\u00e9"},"content":{"rendered":"<p>Koupit 10ml 250mg THC Mist Spray \u2013 Ease<\/p>\n<p>S na\u0161\u00edm lahodn\u00fdm dechov\u00fdm sprejem s infuz\u00ed konop\u00ed, Ease sublingv\u00e1ln\u00ed sprej povy\u0161uje tradi\u010dn\u00ed koncept tinktury na zcela novou \u00farove\u0148. Ease Spray v\u00e1m umo\u017e\u0148uje d\u00e1vkovat podle pot\u0159eby, bez ohledu na m\u00edsto, bez obav ze stigmatu tradi\u010dn\u011b spojovan\u00e9ho s v\u011bt\u0161inou produkt\u016f z konop\u00ed. Ease Spray obsahuje neuv\u011b\u0159iteln\u00fdch 5 mg l\u00e9\u010diva na jeden sprej, co\u017e v\u00e1m umo\u017e\u0148uje p\u0159esn\u011b pod\u00e1vat l\u00e9ky na \u00farove\u0148, kter\u00e1 odpov\u00edd\u00e1 va\u0161im pot\u0159eb\u00e1m. Spreje Ease neobsahuj\u00ed \u017e\u00e1dn\u00fd alkohol, rozpou\u0161t\u011bdla ani petrochemick\u00e9 l\u00e1tky ve sv\u00e9m zcela p\u0159\u00edrodn\u00edm slo\u017een\u00ed kokosov\u00fdch v\u00fdta\u017ek\u016f, terpen\u016f a v\u00fdta\u017ek\u016f z konop\u00ed.<\/p>\n<p>Tento produkt zjednodu\u0161uje l\u00e9\u010dbu na cest\u00e1ch! Se zbrusu nov\u00fdm Easy Shake n Spray Extra Strength!<\/p>\n<p>D\u00c1VKOV\u00c1N\u00cd PRO SUBJAZYKOV\u00c9 LAHVI\u010cKY S SPREJEM<\/p>\n<p>250 \u200b\u200bmg THC v 10ml sklen\u011bn\u00e9 lahvi\u010dce<\/p>\n<p>Ka\u017ed\u00e1 lahvi\u010dka obsahuje 50 -60 st\u0159\u00edknut\u00ed.<\/p>\n","protected":false},"excerpt":{"rendered":"<p>Koupit 250mg THC Mist Spray UK 10ml na prodej Europe Online. Ease Spray v\u00e1m d\u00e1v\u00e1 svobodu d\u00e1vkovat podle pot\u0159eby, kdekoli jste, bez obav ze stigmatu jako tradi\u010dn\u011b<\/p>\n<ul>\n<li>Celosv\u011btov\u00e1 doprava<\/li>\n<li>EXTRA S\u00cdLN\u00dd THC MIST SPRAY<\/li>\n<li>10ml sklen\u011bn\u00e1 lahvi\u010dka 250mg THC<\/li>\n<li>Minim\u00e1ln\u00ed mno\u017estv\u00ed objedn\u00e1vky je 5<\/li>\n<li><strong>Pro v\u011bt\u0161\u00ed objedn\u00e1vky n\u00e1s kontaktujte<\/strong>\u00a0<\/li>\n<\/ul>\n","protected":false},"featured_media":4371,"comment_status":"open","ping_status":"closed","template":"","meta":[],"product_brand":[],"product_cat":[440],"product_tag":[],"class_list":{"0":"post-4338","1":"product","2":"type-product","3":"status-publish","4":"has-post-thumbnail","6":"product_cat-koupit-konopi-cbd-olej","8":"first","9":"instock","10":"shipping-taxable","11":"purchasable","12":"product-type-variable","13":"has-default-attributes"},"yoast_head":"<!-- This site is optimized with the Yoast SEO plugin v27.3 - https:\/\/yoast.com\/product\/yoast-seo-wordpress\/ -->\n<title>Koupit 250mg THC Mist Spray 10ml \u2013 Snadnost \u2013 Nejlep\u0161\u00ed glob\u00e1ln\u00ed l\u00e9ky<\/title>\n<meta name=\"description\" content=\"Koupit 250mg THC Mist Spray UK 10ml na prodej Europe Online. Ease Spray v\u00e1m d\u00e1v\u00e1 svobodu d\u00e1vkovat podle pot\u0159eby, a\u0165 jste kdekoli, bez obav ze stigmatu\" \/>\n<meta name=\"robots\" content=\"index, follow, max-snippet:-1, max-image-preview:large, max-video-preview:-1\" \/>\n<link rel=\"canonical\" href=\"https:\/\/medicinasinc.com\/cs\/product\/koupit-250mg-thc-mist-sprey-10ml-snadno\/\" \/>\n<meta property=\"og:locale\" content=\"en_US\" \/>\n<meta property=\"og:type\" content=\"article\" \/>\n<meta property=\"og:title\" content=\"Koupit 250mg THC Mist Spray 10ml \u2013 Snadnost \u2013 Nejlep\u0161\u00ed glob\u00e1ln\u00ed l\u00e9ky\" \/>\n<meta property=\"og:description\" content=\"Koupit 250mg THC Mist Spray UK 10ml na prodej Europe Online. Ease Spray v\u00e1m d\u00e1v\u00e1 svobodu d\u00e1vkovat podle pot\u0159eby, a\u0165 jste kdekoli, bez obav ze stigmatu\" \/>\n<meta property=\"og:url\" content=\"https:\/\/medicinasinc.com\/cs\/product\/koupit-250mg-thc-mist-sprey-10ml-snadno\/\" \/>\n<meta property=\"og:site_name\" content=\"Medicinas Inc\" \/>\n<meta property=\"article:modified_time\" content=\"2022-03-14T13:11:43+00:00\" \/>\n<meta property=\"og:image\" content=\"https:\/\/medicinasinc.com\/cs\/wp-content\/uploads\/sites\/2\/2022\/02\/Buy-250mg-THC-Mist-Spray-10ml.jpg\" \/>\n\t<meta property=\"og:image:width\" content=\"1500\" \/>\n\t<meta property=\"og:image:height\" content=\"1500\" \/>\n\t<meta property=\"og:image:type\" content=\"image\/jpeg\" \/>\n<meta name=\"twitter:card\" content=\"summary_large_image\" \/>\n<meta name=\"twitter:label1\" content=\"Est. reading time\" \/>\n\t<meta name=\"twitter:data1\" content=\"1 minute\" \/>\n<script type=\"application\/ld+json\" class=\"yoast-schema-graph\">{\"@context\":\"https:\\\/\\\/schema.org\",\"@graph\":[{\"@type\":\"WebPage\",\"@id\":\"https:\\\/\\\/medicinasinc.com\\\/cs\\\/product\\\/koupit-250mg-thc-mist-sprey-10ml-snadno\\\/\",\"url\":\"https:\\\/\\\/medicinasinc.com\\\/cs\\\/product\\\/koupit-250mg-thc-mist-sprey-10ml-snadno\\\/\",\"name\":\"Koupit 250mg THC Mist Spray 10ml \u2013 Snadnost \u2013 Nejlep\u0161\u00ed glob\u00e1ln\u00ed l\u00e9ky\",\"isPartOf\":{\"@id\":\"https:\\\/\\\/medicinasinc.com\\\/cs\\\/#website\"},\"primaryImageOfPage\":{\"@id\":\"https:\\\/\\\/medicinasinc.com\\\/cs\\\/product\\\/koupit-250mg-thc-mist-sprey-10ml-snadno\\\/#primaryimage\"},\"image\":{\"@id\":\"https:\\\/\\\/medicinasinc.com\\\/cs\\\/product\\\/koupit-250mg-thc-mist-sprey-10ml-snadno\\\/#primaryimage\"},\"thumbnailUrl\":\"https:\\\/\\\/medicinasinc.com\\\/cs\\\/wp-content\\\/uploads\\\/sites\\\/2\\\/2022\\\/02\\\/Buy-250mg-THC-Mist-Spray-10ml.jpg\",\"datePublished\":\"2022-02-20T08:27:22+00:00\",\"dateModified\":\"2022-03-14T13:11:43+00:00\",\"description\":\"Koupit 250mg THC Mist Spray UK 10ml na prodej Europe Online. Ease Spray v\u00e1m d\u00e1v\u00e1 svobodu d\u00e1vkovat podle pot\u0159eby, a\u0165 jste kdekoli, bez obav ze stigmatu\",\"breadcrumb\":{\"@id\":\"https:\\\/\\\/medicinasinc.com\\\/cs\\\/product\\\/koupit-250mg-thc-mist-sprey-10ml-snadno\\\/#breadcrumb\"},\"inLanguage\":\"en-US\",\"potentialAction\":[{\"@type\":\"ReadAction\",\"target\":[\"https:\\\/\\\/medicinasinc.com\\\/cs\\\/product\\\/koupit-250mg-thc-mist-sprey-10ml-snadno\\\/\"]}]},{\"@type\":\"ImageObject\",\"inLanguage\":\"en-US\",\"@id\":\"https:\\\/\\\/medicinasinc.com\\\/cs\\\/product\\\/koupit-250mg-thc-mist-sprey-10ml-snadno\\\/#primaryimage\",\"url\":\"https:\\\/\\\/medicinasinc.com\\\/cs\\\/wp-content\\\/uploads\\\/sites\\\/2\\\/2022\\\/02\\\/Buy-250mg-THC-Mist-Spray-10ml.jpg\",\"contentUrl\":\"https:\\\/\\\/medicinasinc.com\\\/cs\\\/wp-content\\\/uploads\\\/sites\\\/2\\\/2022\\\/02\\\/Buy-250mg-THC-Mist-Spray-10ml.jpg\",\"width\":1500,\"height\":1500},{\"@type\":\"BreadcrumbList\",\"@id\":\"https:\\\/\\\/medicinasinc.com\\\/cs\\\/product\\\/koupit-250mg-thc-mist-sprey-10ml-snadno\\\/#breadcrumb\",\"itemListElement\":[{\"@type\":\"ListItem\",\"position\":1,\"name\":\"Obchod\",\"item\":\"https:\\\/\\\/medicinasinc.com\\\/cs\\\/obchod\\\/\"},{\"@type\":\"ListItem\",\"position\":2,\"name\":\"Koupit 250mg THC Mist Spray 10ml \u2013 Snadn\u00e9\"}]},{\"@type\":\"WebSite\",\"@id\":\"https:\\\/\\\/medicinasinc.com\\\/cs\\\/#website\",\"url\":\"https:\\\/\\\/medicinasinc.com\\\/cs\\\/\",\"name\":\"Medicinas Inc\",\"description\":\"Health Medical Clinic\",\"potentialAction\":[{\"@type\":\"SearchAction\",\"target\":{\"@type\":\"EntryPoint\",\"urlTemplate\":\"https:\\\/\\\/medicinasinc.com\\\/cs\\\/?s={search_term_string}\"},\"query-input\":{\"@type\":\"PropertyValueSpecification\",\"valueRequired\":true,\"valueName\":\"search_term_string\"}}],\"inLanguage\":\"en-US\"}]}<\/script>\n<!-- \/ Yoast SEO plugin. -->","yoast_head_json":{"title":"Koupit 250mg THC Mist Spray 10ml \u2013 Snadnost \u2013 Nejlep\u0161\u00ed glob\u00e1ln\u00ed l\u00e9ky","description":"Koupit 250mg THC Mist Spray UK 10ml na prodej Europe Online. Ease Spray v\u00e1m d\u00e1v\u00e1 svobodu d\u00e1vkovat podle pot\u0159eby, a\u0165 jste kdekoli, bez obav ze stigmatu","robots":{"index":"index","follow":"follow","max-snippet":"max-snippet:-1","max-image-preview":"max-image-preview:large","max-video-preview":"max-video-preview:-1"},"canonical":"https:\/\/medicinasinc.com\/cs\/product\/koupit-250mg-thc-mist-sprey-10ml-snadno\/","og_locale":"en_US","og_type":"article","og_title":"Koupit 250mg THC Mist Spray 10ml \u2013 Snadnost \u2013 Nejlep\u0161\u00ed glob\u00e1ln\u00ed l\u00e9ky","og_description":"Koupit 250mg THC Mist Spray UK 10ml na prodej Europe Online. Ease Spray v\u00e1m d\u00e1v\u00e1 svobodu d\u00e1vkovat podle pot\u0159eby, a\u0165 jste kdekoli, bez obav ze stigmatu","og_url":"https:\/\/medicinasinc.com\/cs\/product\/koupit-250mg-thc-mist-sprey-10ml-snadno\/","og_site_name":"Medicinas Inc","article_modified_time":"2022-03-14T13:11:43+00:00","og_image":[{"width":1500,"height":1500,"url":"https:\/\/medicinasinc.com\/cs\/wp-content\/uploads\/sites\/2\/2022\/02\/Buy-250mg-THC-Mist-Spray-10ml.jpg","type":"image\/jpeg"}],"twitter_card":"summary_large_image","twitter_misc":{"Est. reading time":"1 minute"},"schema":{"@context":"https:\/\/schema.org","@graph":[{"@type":"WebPage","@id":"https:\/\/medicinasinc.com\/cs\/product\/koupit-250mg-thc-mist-sprey-10ml-snadno\/","url":"https:\/\/medicinasinc.com\/cs\/product\/koupit-250mg-thc-mist-sprey-10ml-snadno\/","name":"Koupit 250mg THC Mist Spray 10ml \u2013 Snadnost \u2013 Nejlep\u0161\u00ed glob\u00e1ln\u00ed l\u00e9ky","isPartOf":{"@id":"https:\/\/medicinasinc.com\/cs\/#website"},"primaryImageOfPage":{"@id":"https:\/\/medicinasinc.com\/cs\/product\/koupit-250mg-thc-mist-sprey-10ml-snadno\/#primaryimage"},"image":{"@id":"https:\/\/medicinasinc.com\/cs\/product\/koupit-250mg-thc-mist-sprey-10ml-snadno\/#primaryimage"},"thumbnailUrl":"https:\/\/medicinasinc.com\/cs\/wp-content\/uploads\/sites\/2\/2022\/02\/Buy-250mg-THC-Mist-Spray-10ml.jpg","datePublished":"2022-02-20T08:27:22+00:00","dateModified":"2022-03-14T13:11:43+00:00","description":"Koupit 250mg THC Mist Spray UK 10ml na prodej Europe Online. Ease Spray v\u00e1m d\u00e1v\u00e1 svobodu d\u00e1vkovat podle pot\u0159eby, a\u0165 jste kdekoli, bez obav ze stigmatu","breadcrumb":{"@id":"https:\/\/medicinasinc.com\/cs\/product\/koupit-250mg-thc-mist-sprey-10ml-snadno\/#breadcrumb"},"inLanguage":"en-US","potentialAction":[{"@type":"ReadAction","target":["https:\/\/medicinasinc.com\/cs\/product\/koupit-250mg-thc-mist-sprey-10ml-snadno\/"]}]},{"@type":"ImageObject","inLanguage":"en-US","@id":"https:\/\/medicinasinc.com\/cs\/product\/koupit-250mg-thc-mist-sprey-10ml-snadno\/#primaryimage","url":"https:\/\/medicinasinc.com\/cs\/wp-content\/uploads\/sites\/2\/2022\/02\/Buy-250mg-THC-Mist-Spray-10ml.jpg","contentUrl":"https:\/\/medicinasinc.com\/cs\/wp-content\/uploads\/sites\/2\/2022\/02\/Buy-250mg-THC-Mist-Spray-10ml.jpg","width":1500,"height":1500},{"@type":"BreadcrumbList","@id":"https:\/\/medicinasinc.com\/cs\/product\/koupit-250mg-thc-mist-sprey-10ml-snadno\/#breadcrumb","itemListElement":[{"@type":"ListItem","position":1,"name":"Obchod","item":"https:\/\/medicinasinc.com\/cs\/obchod\/"},{"@type":"ListItem","position":2,"name":"Koupit 250mg THC Mist Spray 10ml \u2013 Snadn\u00e9"}]},{"@type":"WebSite","@id":"https:\/\/medicinasinc.com\/cs\/#website","url":"https:\/\/medicinasinc.com\/cs\/","name":"Medicinas Inc","description":"Health Medical Clinic","potentialAction":[{"@type":"SearchAction","target":{"@type":"EntryPoint","urlTemplate":"https:\/\/medicinasinc.com\/cs\/?s={search_term_string}"},"query-input":{"@type":"PropertyValueSpecification","valueRequired":true,"valueName":"search_term_string"}}],"inLanguage":"en-US"}]}},"_links":{"self":[{"href":"https:\/\/medicinasinc.com\/cs\/wp-json\/wp\/v2\/product\/4338","targetHints":{"allow":["GET"]}}],"collection":[{"href":"https:\/\/medicinasinc.com\/cs\/wp-json\/wp\/v2\/product"}],"about":[{"href":"https:\/\/medicinasinc.com\/cs\/wp-json\/wp\/v2\/types\/product"}],"replies":[{"embeddable":true,"href":"https:\/\/medicinasinc.com\/cs\/wp-json\/wp\/v2\/comments?post=4338"}],"wp:featuredmedia":[{"embeddable":true,"href":"https:\/\/medicinasinc.com\/cs\/wp-json\/wp\/v2\/media\/4371"}],"wp:attachment":[{"href":"https:\/\/medicinasinc.com\/cs\/wp-json\/wp\/v2\/media?parent=4338"}],"wp:term":[{"taxonomy":"product_brand","embeddable":true,"href":"https:\/\/medicinasinc.com\/cs\/wp-json\/wp\/v2\/product_brand?post=4338"},{"taxonomy":"product_cat","embeddable":true,"href":"https:\/\/medicinasinc.com\/cs\/wp-json\/wp\/v2\/product_cat?post=4338"},{"taxonomy":"product_tag","embeddable":true,"href":"https:\/\/medicinasinc.com\/cs\/wp-json\/wp\/v2\/product_tag?post=4338"}],"curies":[{"name":"wp","href":"https:\/\/api.w.org\/{rel}","templated":true}]}}