{"id":4333,"date":"2022-02-20T08:26:46","date_gmt":"2022-02-20T08:26:46","guid":{"rendered":"https:\/\/medicinasinc.com\/cs\/?post_type=product&#038;p=4333"},"modified":"2022-03-14T13:11:55","modified_gmt":"2022-03-14T13:11:55","slug":"koupit-100mg-thc-konopny-olej-kapsle","status":"publish","type":"product","link":"https:\/\/medicinasinc.com\/cs\/product\/koupit-100mg-thc-konopny-olej-kapsle\/","title":{"rendered":"Kupte si kapsle 100mg THC konopn\u00e9ho oleje"},"content":{"rendered":"<p>Kupte si kapsle s konopn\u00fdm olejem 100 mg THC<\/p>\n<p>Aby se tyto kapsle odli\u0161ily od \u0161iroce dostupn\u00fdch, ale m\u00e9n\u011b kvalitn\u00edch kapsl\u00ed s THC pr\u00e1\u0161kem, ka\u017ed\u00e1 kapsle obsahuje 100 mg THC oleje z konopn\u00fdch semen.<\/p>\n<p>Prod\u00e1no ve t\u0159ech balen\u00edch<\/p>\n<p>Na\u0161e olejov\u00e9 kapsle THC poch\u00e1zej\u00ed z cel\u00e9 rostliny Cannabis a maj\u00ed v\u00fdjime\u010dn\u011b vysok\u00fd obsah terpen\u016f. Tyto kapsle obsahuj\u00ed nej\u010dist\u0161\u00ed dostupn\u00fd THC a konopn\u00fd olej. Konopn\u00fd olej obsahuje omega 6 a omega 3 mastn\u00e9 kyseliny v pom\u011bru 3:1, co\u017e spl\u0148uje optim\u00e1ln\u00ed po\u017eadavky pro dlouhodob\u00e9 zdrav\u00ed. Ka\u017ed\u00e1 \u0161ar\u017ee oleje THC je laboratorn\u011b testov\u00e1na, aby byla zaji\u0161t\u011bna jej\u00ed \u010distota a bezpe\u010dnost.<\/p>\n","protected":false},"excerpt":{"rendered":"<p>Koupit 100mg THC Konopn\u00e9 olejov\u00e9 kapsle na prodej jsou vyrobeny z cel\u00e9 rostliny Cannabis a jsou bohat\u00e9 na terpeny. Tyto kapsle obsahuj\u00ed nejkvalitn\u011bj\u0161\u00ed THC a konopn\u00fd olej.<\/p>\n<ul>\n<li>Celosv\u011btov\u00e1 doprava<\/li>\n<li>Ka\u017ed\u00e1 kapsle obsahuje 100 mg THC.<\/li>\n<li>Ka\u017ed\u00e1 lahvi\u010dka obsahuje 3 kapsl\u00ed.<\/li>\n<li>Minim\u00e1ln\u00ed mno\u017estv\u00ed pro objedn\u00e1vku je 5<strong><em>\u00a0lahv\u00ed<\/em><\/strong><\/li>\n<li>Pro v\u011bt\u0161\u00ed objedn\u00e1vky n\u00e1s kontaktujte<\/li>\n<\/ul>\n","protected":false},"featured_media":4365,"comment_status":"open","ping_status":"closed","template":"","meta":[],"product_brand":[],"product_cat":[440],"product_tag":[],"class_list":{"0":"post-4333","1":"product","2":"type-product","3":"status-publish","4":"has-post-thumbnail","6":"product_cat-koupit-konopi-cbd-olej","8":"first","9":"instock","10":"shipping-taxable","11":"purchasable","12":"product-type-variable","13":"has-default-attributes"},"yoast_head":"<!-- This site is optimized with the Yoast SEO plugin v27.3 - https:\/\/yoast.com\/product\/yoast-seo-wordpress\/ -->\n<title>Kupte si 100mg THC Konopn\u00fd olej v kapsl\u00edch \u2013 nejlep\u0161\u00ed glob\u00e1ln\u00ed l\u00e9ky<\/title>\n<meta name=\"description\" content=\"Koupit 100mg THC Konopn\u00e9 olejov\u00e9 kapsle na prodej jsou vyrobeny z cel\u00e9 rostliny Cannabis a jsou bohat\u00e9 na terpeny. Tyto kapsle obsahuj\u00ed nejkvalitn\u011bj\u0161\u00ed THC a konopn\u00fd olej.\" \/>\n<meta name=\"robots\" content=\"index, follow, max-snippet:-1, max-image-preview:large, max-video-preview:-1\" \/>\n<link rel=\"canonical\" href=\"https:\/\/medicinasinc.com\/cs\/product\/koupit-100mg-thc-konopny-olej-kapsle\/\" \/>\n<meta property=\"og:locale\" content=\"en_US\" \/>\n<meta property=\"og:type\" content=\"article\" \/>\n<meta property=\"og:title\" content=\"Kupte si 100mg THC Konopn\u00fd olej v kapsl\u00edch \u2013 nejlep\u0161\u00ed glob\u00e1ln\u00ed l\u00e9ky\" \/>\n<meta property=\"og:description\" content=\"Koupit 100mg THC Konopn\u00e9 olejov\u00e9 kapsle na prodej jsou vyrobeny z cel\u00e9 rostliny Cannabis a jsou bohat\u00e9 na terpeny. Tyto kapsle obsahuj\u00ed nejkvalitn\u011bj\u0161\u00ed THC a konopn\u00fd olej.\" \/>\n<meta property=\"og:url\" content=\"https:\/\/medicinasinc.com\/cs\/product\/koupit-100mg-thc-konopny-olej-kapsle\/\" \/>\n<meta property=\"og:site_name\" content=\"Medicinas Inc\" \/>\n<meta property=\"article:modified_time\" content=\"2022-03-14T13:11:55+00:00\" \/>\n<meta property=\"og:image\" content=\"https:\/\/medicinasinc.com\/cs\/wp-content\/uploads\/sites\/2\/2022\/02\/Buy-100mg-THC-Hemp-Seed-Oil-Capsules-2.jpg\" \/>\n\t<meta property=\"og:image:width\" content=\"344\" \/>\n\t<meta property=\"og:image:height\" content=\"400\" \/>\n\t<meta property=\"og:image:type\" content=\"image\/jpeg\" \/>\n<meta name=\"twitter:card\" content=\"summary_large_image\" \/>\n<meta name=\"twitter:label1\" content=\"Est. reading time\" \/>\n\t<meta name=\"twitter:data1\" content=\"1 minute\" \/>\n<script type=\"application\/ld+json\" class=\"yoast-schema-graph\">{\"@context\":\"https:\\\/\\\/schema.org\",\"@graph\":[{\"@type\":\"WebPage\",\"@id\":\"https:\\\/\\\/medicinasinc.com\\\/cs\\\/product\\\/koupit-100mg-thc-konopny-olej-kapsle\\\/\",\"url\":\"https:\\\/\\\/medicinasinc.com\\\/cs\\\/product\\\/koupit-100mg-thc-konopny-olej-kapsle\\\/\",\"name\":\"Kupte si 100mg THC Konopn\u00fd olej v kapsl\u00edch \u2013 nejlep\u0161\u00ed glob\u00e1ln\u00ed l\u00e9ky\",\"isPartOf\":{\"@id\":\"https:\\\/\\\/medicinasinc.com\\\/cs\\\/#website\"},\"primaryImageOfPage\":{\"@id\":\"https:\\\/\\\/medicinasinc.com\\\/cs\\\/product\\\/koupit-100mg-thc-konopny-olej-kapsle\\\/#primaryimage\"},\"image\":{\"@id\":\"https:\\\/\\\/medicinasinc.com\\\/cs\\\/product\\\/koupit-100mg-thc-konopny-olej-kapsle\\\/#primaryimage\"},\"thumbnailUrl\":\"https:\\\/\\\/medicinasinc.com\\\/cs\\\/wp-content\\\/uploads\\\/sites\\\/2\\\/2022\\\/02\\\/Buy-100mg-THC-Hemp-Seed-Oil-Capsules-2.jpg\",\"datePublished\":\"2022-02-20T08:26:46+00:00\",\"dateModified\":\"2022-03-14T13:11:55+00:00\",\"description\":\"Koupit 100mg THC Konopn\u00e9 olejov\u00e9 kapsle na prodej jsou vyrobeny z cel\u00e9 rostliny Cannabis a jsou bohat\u00e9 na terpeny. Tyto kapsle obsahuj\u00ed nejkvalitn\u011bj\u0161\u00ed THC a konopn\u00fd olej.\",\"breadcrumb\":{\"@id\":\"https:\\\/\\\/medicinasinc.com\\\/cs\\\/product\\\/koupit-100mg-thc-konopny-olej-kapsle\\\/#breadcrumb\"},\"inLanguage\":\"en-US\",\"potentialAction\":[{\"@type\":\"ReadAction\",\"target\":[\"https:\\\/\\\/medicinasinc.com\\\/cs\\\/product\\\/koupit-100mg-thc-konopny-olej-kapsle\\\/\"]}]},{\"@type\":\"ImageObject\",\"inLanguage\":\"en-US\",\"@id\":\"https:\\\/\\\/medicinasinc.com\\\/cs\\\/product\\\/koupit-100mg-thc-konopny-olej-kapsle\\\/#primaryimage\",\"url\":\"https:\\\/\\\/medicinasinc.com\\\/cs\\\/wp-content\\\/uploads\\\/sites\\\/2\\\/2022\\\/02\\\/Buy-100mg-THC-Hemp-Seed-Oil-Capsules-2.jpg\",\"contentUrl\":\"https:\\\/\\\/medicinasinc.com\\\/cs\\\/wp-content\\\/uploads\\\/sites\\\/2\\\/2022\\\/02\\\/Buy-100mg-THC-Hemp-Seed-Oil-Capsules-2.jpg\",\"width\":344,\"height\":400},{\"@type\":\"BreadcrumbList\",\"@id\":\"https:\\\/\\\/medicinasinc.com\\\/cs\\\/product\\\/koupit-100mg-thc-konopny-olej-kapsle\\\/#breadcrumb\",\"itemListElement\":[{\"@type\":\"ListItem\",\"position\":1,\"name\":\"Obchod\",\"item\":\"https:\\\/\\\/medicinasinc.com\\\/cs\\\/obchod\\\/\"},{\"@type\":\"ListItem\",\"position\":2,\"name\":\"Kupte si kapsle 100mg THC konopn\u00e9ho oleje\"}]},{\"@type\":\"WebSite\",\"@id\":\"https:\\\/\\\/medicinasinc.com\\\/cs\\\/#website\",\"url\":\"https:\\\/\\\/medicinasinc.com\\\/cs\\\/\",\"name\":\"Medicinas Inc\",\"description\":\"Health Medical Clinic\",\"potentialAction\":[{\"@type\":\"SearchAction\",\"target\":{\"@type\":\"EntryPoint\",\"urlTemplate\":\"https:\\\/\\\/medicinasinc.com\\\/cs\\\/?s={search_term_string}\"},\"query-input\":{\"@type\":\"PropertyValueSpecification\",\"valueRequired\":true,\"valueName\":\"search_term_string\"}}],\"inLanguage\":\"en-US\"}]}<\/script>\n<!-- \/ Yoast SEO plugin. -->","yoast_head_json":{"title":"Kupte si 100mg THC Konopn\u00fd olej v kapsl\u00edch \u2013 nejlep\u0161\u00ed glob\u00e1ln\u00ed l\u00e9ky","description":"Koupit 100mg THC Konopn\u00e9 olejov\u00e9 kapsle na prodej jsou vyrobeny z cel\u00e9 rostliny Cannabis a jsou bohat\u00e9 na terpeny. Tyto kapsle obsahuj\u00ed nejkvalitn\u011bj\u0161\u00ed THC a konopn\u00fd olej.","robots":{"index":"index","follow":"follow","max-snippet":"max-snippet:-1","max-image-preview":"max-image-preview:large","max-video-preview":"max-video-preview:-1"},"canonical":"https:\/\/medicinasinc.com\/cs\/product\/koupit-100mg-thc-konopny-olej-kapsle\/","og_locale":"en_US","og_type":"article","og_title":"Kupte si 100mg THC Konopn\u00fd olej v kapsl\u00edch \u2013 nejlep\u0161\u00ed glob\u00e1ln\u00ed l\u00e9ky","og_description":"Koupit 100mg THC Konopn\u00e9 olejov\u00e9 kapsle na prodej jsou vyrobeny z cel\u00e9 rostliny Cannabis a jsou bohat\u00e9 na terpeny. Tyto kapsle obsahuj\u00ed nejkvalitn\u011bj\u0161\u00ed THC a konopn\u00fd olej.","og_url":"https:\/\/medicinasinc.com\/cs\/product\/koupit-100mg-thc-konopny-olej-kapsle\/","og_site_name":"Medicinas Inc","article_modified_time":"2022-03-14T13:11:55+00:00","og_image":[{"width":344,"height":400,"url":"https:\/\/medicinasinc.com\/cs\/wp-content\/uploads\/sites\/2\/2022\/02\/Buy-100mg-THC-Hemp-Seed-Oil-Capsules-2.jpg","type":"image\/jpeg"}],"twitter_card":"summary_large_image","twitter_misc":{"Est. reading time":"1 minute"},"schema":{"@context":"https:\/\/schema.org","@graph":[{"@type":"WebPage","@id":"https:\/\/medicinasinc.com\/cs\/product\/koupit-100mg-thc-konopny-olej-kapsle\/","url":"https:\/\/medicinasinc.com\/cs\/product\/koupit-100mg-thc-konopny-olej-kapsle\/","name":"Kupte si 100mg THC Konopn\u00fd olej v kapsl\u00edch \u2013 nejlep\u0161\u00ed glob\u00e1ln\u00ed l\u00e9ky","isPartOf":{"@id":"https:\/\/medicinasinc.com\/cs\/#website"},"primaryImageOfPage":{"@id":"https:\/\/medicinasinc.com\/cs\/product\/koupit-100mg-thc-konopny-olej-kapsle\/#primaryimage"},"image":{"@id":"https:\/\/medicinasinc.com\/cs\/product\/koupit-100mg-thc-konopny-olej-kapsle\/#primaryimage"},"thumbnailUrl":"https:\/\/medicinasinc.com\/cs\/wp-content\/uploads\/sites\/2\/2022\/02\/Buy-100mg-THC-Hemp-Seed-Oil-Capsules-2.jpg","datePublished":"2022-02-20T08:26:46+00:00","dateModified":"2022-03-14T13:11:55+00:00","description":"Koupit 100mg THC Konopn\u00e9 olejov\u00e9 kapsle na prodej jsou vyrobeny z cel\u00e9 rostliny Cannabis a jsou bohat\u00e9 na terpeny. Tyto kapsle obsahuj\u00ed nejkvalitn\u011bj\u0161\u00ed THC a konopn\u00fd olej.","breadcrumb":{"@id":"https:\/\/medicinasinc.com\/cs\/product\/koupit-100mg-thc-konopny-olej-kapsle\/#breadcrumb"},"inLanguage":"en-US","potentialAction":[{"@type":"ReadAction","target":["https:\/\/medicinasinc.com\/cs\/product\/koupit-100mg-thc-konopny-olej-kapsle\/"]}]},{"@type":"ImageObject","inLanguage":"en-US","@id":"https:\/\/medicinasinc.com\/cs\/product\/koupit-100mg-thc-konopny-olej-kapsle\/#primaryimage","url":"https:\/\/medicinasinc.com\/cs\/wp-content\/uploads\/sites\/2\/2022\/02\/Buy-100mg-THC-Hemp-Seed-Oil-Capsules-2.jpg","contentUrl":"https:\/\/medicinasinc.com\/cs\/wp-content\/uploads\/sites\/2\/2022\/02\/Buy-100mg-THC-Hemp-Seed-Oil-Capsules-2.jpg","width":344,"height":400},{"@type":"BreadcrumbList","@id":"https:\/\/medicinasinc.com\/cs\/product\/koupit-100mg-thc-konopny-olej-kapsle\/#breadcrumb","itemListElement":[{"@type":"ListItem","position":1,"name":"Obchod","item":"https:\/\/medicinasinc.com\/cs\/obchod\/"},{"@type":"ListItem","position":2,"name":"Kupte si kapsle 100mg THC konopn\u00e9ho oleje"}]},{"@type":"WebSite","@id":"https:\/\/medicinasinc.com\/cs\/#website","url":"https:\/\/medicinasinc.com\/cs\/","name":"Medicinas Inc","description":"Health Medical Clinic","potentialAction":[{"@type":"SearchAction","target":{"@type":"EntryPoint","urlTemplate":"https:\/\/medicinasinc.com\/cs\/?s={search_term_string}"},"query-input":{"@type":"PropertyValueSpecification","valueRequired":true,"valueName":"search_term_string"}}],"inLanguage":"en-US"}]}},"_links":{"self":[{"href":"https:\/\/medicinasinc.com\/cs\/wp-json\/wp\/v2\/product\/4333","targetHints":{"allow":["GET"]}}],"collection":[{"href":"https:\/\/medicinasinc.com\/cs\/wp-json\/wp\/v2\/product"}],"about":[{"href":"https:\/\/medicinasinc.com\/cs\/wp-json\/wp\/v2\/types\/product"}],"replies":[{"embeddable":true,"href":"https:\/\/medicinasinc.com\/cs\/wp-json\/wp\/v2\/comments?post=4333"}],"wp:featuredmedia":[{"embeddable":true,"href":"https:\/\/medicinasinc.com\/cs\/wp-json\/wp\/v2\/media\/4365"}],"wp:attachment":[{"href":"https:\/\/medicinasinc.com\/cs\/wp-json\/wp\/v2\/media?parent=4333"}],"wp:term":[{"taxonomy":"product_brand","embeddable":true,"href":"https:\/\/medicinasinc.com\/cs\/wp-json\/wp\/v2\/product_brand?post=4333"},{"taxonomy":"product_cat","embeddable":true,"href":"https:\/\/medicinasinc.com\/cs\/wp-json\/wp\/v2\/product_cat?post=4333"},{"taxonomy":"product_tag","embeddable":true,"href":"https:\/\/medicinasinc.com\/cs\/wp-json\/wp\/v2\/product_tag?post=4333"}],"curies":[{"name":"wp","href":"https:\/\/api.w.org\/{rel}","templated":true}]}}