{"id":4327,"date":"2022-02-20T08:26:03","date_gmt":"2022-02-20T08:26:03","guid":{"rendered":"https:\/\/medicinasinc.com\/cs\/?post_type=product&#038;p=4327"},"modified":"2022-03-14T13:12:15","modified_gmt":"2022-03-14T13:12:15","slug":"destilat-tinktura-1000mg-thc-zelena-bohyne","status":"publish","type":"product","link":"https:\/\/medicinasinc.com\/cs\/product\/destilat-tinktura-1000mg-thc-zelena-bohyne\/","title":{"rendered":"Tinktura destil\u00e1tu &#8211; 1000 mg THC \u2013 Zelen\u00e1 bohyn\u011b"},"content":{"rendered":"<p>Green Goddess \u2013 1000mg THC Tinktura<\/p>\n<p>Kapky Green Goddess Tinkture maj\u00ed oproti jin\u00fdm metod\u00e1m pod\u00e1v\u00e1n\u00ed l\u00e9\u010debn\u00fdch kanabinoid\u016f n\u011bkolik v\u00fdhod: 30ml n\u00e1dobka se snadno pou\u017eitelnou aplikac\u00ed kapek umo\u017e\u0148uje p\u0159esn\u00e9 a spolehliv\u00e9 sublingv\u00e1ln\u00ed d\u00e1vkov\u00e1n\u00ed. Sliznice dutiny \u00fastn\u00ed usnad\u0148uje rychl\u00e9 a konzistentn\u00ed vst\u0159eb\u00e1v\u00e1n\u00ed do krevn\u00edho \u0159e\u010di\u0161t\u011b. Tr\u00e1vic\u00ed syst\u00e9m a j\u00e1tra se nepod\u00edlej\u00ed na zpracov\u00e1n\u00ed t\u011bchto tinktur, jako je tomu u or\u00e1ln\u011b po\u017eit\u00fdch kanabinoid\u016f nalezen\u00fdch v po\u017eivatin\u00e1ch. Diskr\u00e9tn\u00ed a ide\u00e1ln\u00ed pro neku\u0159\u00e1ky, kte\u0159\u00ed hledaj\u00ed v\u00fdhody THC, ale postr\u00e1daj\u00ed d\u00fdchac\u00ed kapacitu pot\u0159ebnou ke kou\u0159en\u00ed.<\/p>\n<p>Vyr\u00e1b\u00ed se za pou\u017eit\u00ed extraktu z cel\u00e9 rostliny konop\u00ed. P\u0159idali jsme zcela p\u0159\u00edrodn\u00ed olej C8+C10, 100% organick\u00fd kokosov\u00fd zdroj siln\u00fdch mastn\u00fdch kyselin se st\u0159edn\u011b dlouh\u00fdm \u0159et\u011bzcem, kter\u00e9 pom\u00e1haj\u00ed t\u011blu a mysli pod\u00e1vat nejlep\u0161\u00ed v\u00fdkony. Bylo p\u0159id\u00e1no p\u0159\u00edrodn\u00ed aroma.<\/p>\n<p>Slo\u017een\u00ed:<\/p>\n<p>MCT olej s extraktem z cel\u00e9 rostliny konop\u00ed (THC)<\/p>\n<p>Doporu\u010den\u00ed k pou\u017eit\u00ed<\/p>\n<p>1 -2 kap\u00e1tka ka\u017ed\u00e9 t\u0159i a\u017e \u010dty\u0159i hodiny, k\u00e1pn\u011bte pod jazyk a dr\u017ete po dobu 30 sekund pro maxim\u00e1ln\u00ed \u00falevu. Pro stanoven\u00ed spr\u00e1vn\u00e9ho d\u00e1vkov\u00e1n\u00ed se pora\u010fte se sv\u00fdm l\u00e9ka\u0159em. U\u017e\u00edv\u00e1n\u00ed na la\u010dn\u00fd \u017ealudek se nedoporu\u010duje.<\/p>\n","protected":false},"excerpt":{"rendered":"<p>N\u00e1\u0161 pr\u00e9miov\u00fd konopn\u00fd olej CBD destil\u00e1t 1000 mg THC Tinktura obsahuje 1000 mg CBD extrahovan\u00e9ho z organick\u00e9ho konop\u00ed p\u011bstovan\u00e9ho v Coloradu. U\u017e\u00edvejte tuto tinkturu denn\u011b pro wellness poh\u00e1n\u011bn\u00e9 rostlinami!<\/p>\n<ul>\n<li>Celosv\u011btov\u00e1 doprava<\/li>\n<li>1000 mg THC na 30 ml<\/li>\n<li>Minim\u00e1ln\u00ed mno\u017estv\u00ed pro objedn\u00e1vku je 5<\/li>\n<li>Pro v\u011bt\u0161\u00ed objedn\u00e1vky n\u00e1s kontaktujte<\/li>\n<\/ul>\n","protected":false},"featured_media":4357,"comment_status":"open","ping_status":"closed","template":"","meta":[],"product_brand":[],"product_cat":[440],"product_tag":[],"class_list":{"0":"post-4327","1":"product","2":"type-product","3":"status-publish","4":"has-post-thumbnail","6":"product_cat-koupit-konopi-cbd-olej","8":"first","9":"instock","10":"shipping-taxable","11":"purchasable","12":"product-type-variable","13":"has-default-attributes"},"yoast_head":"<!-- This site is optimized with the Yoast SEO plugin v27.3 - https:\/\/yoast.com\/product\/yoast-seo-wordpress\/ -->\n<title>Destil\u00e1t 1000mg THC Tinktura \u2013 Zelen\u00e1 bohyn\u011b \u2013 Nejlep\u0161\u00ed glob\u00e1ln\u00ed med<\/title>\n<meta name=\"description\" content=\"N\u00e1\u0161 pr\u00e9miov\u00fd konopn\u00fd olej CBD Destilate 1000 mg THC Tinktura obsahuje 1000 mg CBD extrahovan\u00e9ho z organick\u00e9ho konop\u00ed p\u011bstovan\u00e9ho v Coloradu. U\u017e\u00edvejte tuto tinkturu denn\u011b pro wellness poh\u00e1n\u011bn\u00e9 rostlinami!\" \/>\n<meta name=\"robots\" content=\"index, follow, max-snippet:-1, max-image-preview:large, max-video-preview:-1\" \/>\n<link rel=\"canonical\" href=\"https:\/\/medicinasinc.com\/cs\/product\/destilat-tinktura-1000mg-thc-zelena-bohyne\/\" \/>\n<meta property=\"og:locale\" content=\"en_US\" \/>\n<meta property=\"og:type\" content=\"article\" \/>\n<meta property=\"og:title\" content=\"Destil\u00e1t 1000mg THC Tinktura \u2013 Zelen\u00e1 bohyn\u011b \u2013 Nejlep\u0161\u00ed glob\u00e1ln\u00ed med\" \/>\n<meta property=\"og:description\" content=\"N\u00e1\u0161 pr\u00e9miov\u00fd konopn\u00fd olej CBD Destilate 1000 mg THC Tinktura obsahuje 1000 mg CBD extrahovan\u00e9ho z organick\u00e9ho konop\u00ed p\u011bstovan\u00e9ho v Coloradu. U\u017e\u00edvejte tuto tinkturu denn\u011b pro wellness poh\u00e1n\u011bn\u00e9 rostlinami!\" \/>\n<meta property=\"og:url\" content=\"https:\/\/medicinasinc.com\/cs\/product\/destilat-tinktura-1000mg-thc-zelena-bohyne\/\" \/>\n<meta property=\"og:site_name\" content=\"Medicinas Inc\" \/>\n<meta property=\"article:modified_time\" content=\"2022-03-14T13:12:15+00:00\" \/>\n<meta property=\"og:image\" content=\"https:\/\/medicinasinc.com\/cs\/wp-content\/uploads\/sites\/2\/2022\/02\/1000mg-THC-Tincture.jpg\" \/>\n\t<meta property=\"og:image:width\" content=\"600\" \/>\n\t<meta property=\"og:image:height\" content=\"600\" \/>\n\t<meta property=\"og:image:type\" content=\"image\/jpeg\" \/>\n<meta name=\"twitter:card\" content=\"summary_large_image\" \/>\n<meta name=\"twitter:label1\" content=\"Est. reading time\" \/>\n\t<meta name=\"twitter:data1\" content=\"1 minute\" \/>\n<script type=\"application\/ld+json\" class=\"yoast-schema-graph\">{\"@context\":\"https:\\\/\\\/schema.org\",\"@graph\":[{\"@type\":\"WebPage\",\"@id\":\"https:\\\/\\\/medicinasinc.com\\\/cs\\\/product\\\/destilat-tinktura-1000mg-thc-zelena-bohyne\\\/\",\"url\":\"https:\\\/\\\/medicinasinc.com\\\/cs\\\/product\\\/destilat-tinktura-1000mg-thc-zelena-bohyne\\\/\",\"name\":\"Destil\u00e1t 1000mg THC Tinktura \u2013 Zelen\u00e1 bohyn\u011b \u2013 Nejlep\u0161\u00ed glob\u00e1ln\u00ed med\",\"isPartOf\":{\"@id\":\"https:\\\/\\\/medicinasinc.com\\\/cs\\\/#website\"},\"primaryImageOfPage\":{\"@id\":\"https:\\\/\\\/medicinasinc.com\\\/cs\\\/product\\\/destilat-tinktura-1000mg-thc-zelena-bohyne\\\/#primaryimage\"},\"image\":{\"@id\":\"https:\\\/\\\/medicinasinc.com\\\/cs\\\/product\\\/destilat-tinktura-1000mg-thc-zelena-bohyne\\\/#primaryimage\"},\"thumbnailUrl\":\"https:\\\/\\\/medicinasinc.com\\\/cs\\\/wp-content\\\/uploads\\\/sites\\\/2\\\/2022\\\/02\\\/1000mg-THC-Tincture.jpg\",\"datePublished\":\"2022-02-20T08:26:03+00:00\",\"dateModified\":\"2022-03-14T13:12:15+00:00\",\"description\":\"N\u00e1\u0161 pr\u00e9miov\u00fd konopn\u00fd olej CBD Destilate 1000 mg THC Tinktura obsahuje 1000 mg CBD extrahovan\u00e9ho z organick\u00e9ho konop\u00ed p\u011bstovan\u00e9ho v Coloradu. U\u017e\u00edvejte tuto tinkturu denn\u011b pro wellness poh\u00e1n\u011bn\u00e9 rostlinami!\",\"breadcrumb\":{\"@id\":\"https:\\\/\\\/medicinasinc.com\\\/cs\\\/product\\\/destilat-tinktura-1000mg-thc-zelena-bohyne\\\/#breadcrumb\"},\"inLanguage\":\"en-US\",\"potentialAction\":[{\"@type\":\"ReadAction\",\"target\":[\"https:\\\/\\\/medicinasinc.com\\\/cs\\\/product\\\/destilat-tinktura-1000mg-thc-zelena-bohyne\\\/\"]}]},{\"@type\":\"ImageObject\",\"inLanguage\":\"en-US\",\"@id\":\"https:\\\/\\\/medicinasinc.com\\\/cs\\\/product\\\/destilat-tinktura-1000mg-thc-zelena-bohyne\\\/#primaryimage\",\"url\":\"https:\\\/\\\/medicinasinc.com\\\/cs\\\/wp-content\\\/uploads\\\/sites\\\/2\\\/2022\\\/02\\\/1000mg-THC-Tincture.jpg\",\"contentUrl\":\"https:\\\/\\\/medicinasinc.com\\\/cs\\\/wp-content\\\/uploads\\\/sites\\\/2\\\/2022\\\/02\\\/1000mg-THC-Tincture.jpg\",\"width\":600,\"height\":600},{\"@type\":\"BreadcrumbList\",\"@id\":\"https:\\\/\\\/medicinasinc.com\\\/cs\\\/product\\\/destilat-tinktura-1000mg-thc-zelena-bohyne\\\/#breadcrumb\",\"itemListElement\":[{\"@type\":\"ListItem\",\"position\":1,\"name\":\"Obchod\",\"item\":\"https:\\\/\\\/medicinasinc.com\\\/cs\\\/obchod\\\/\"},{\"@type\":\"ListItem\",\"position\":2,\"name\":\"Tinktura destil\u00e1tu &#8211; 1000 mg THC \u2013 Zelen\u00e1 bohyn\u011b\"}]},{\"@type\":\"WebSite\",\"@id\":\"https:\\\/\\\/medicinasinc.com\\\/cs\\\/#website\",\"url\":\"https:\\\/\\\/medicinasinc.com\\\/cs\\\/\",\"name\":\"Medicinas Inc\",\"description\":\"Health Medical Clinic\",\"potentialAction\":[{\"@type\":\"SearchAction\",\"target\":{\"@type\":\"EntryPoint\",\"urlTemplate\":\"https:\\\/\\\/medicinasinc.com\\\/cs\\\/?s={search_term_string}\"},\"query-input\":{\"@type\":\"PropertyValueSpecification\",\"valueRequired\":true,\"valueName\":\"search_term_string\"}}],\"inLanguage\":\"en-US\"}]}<\/script>\n<!-- \/ Yoast SEO plugin. -->","yoast_head_json":{"title":"Destil\u00e1t 1000mg THC Tinktura \u2013 Zelen\u00e1 bohyn\u011b \u2013 Nejlep\u0161\u00ed glob\u00e1ln\u00ed med","description":"N\u00e1\u0161 pr\u00e9miov\u00fd konopn\u00fd olej CBD Destilate 1000 mg THC Tinktura obsahuje 1000 mg CBD extrahovan\u00e9ho z organick\u00e9ho konop\u00ed p\u011bstovan\u00e9ho v Coloradu. U\u017e\u00edvejte tuto tinkturu denn\u011b pro wellness poh\u00e1n\u011bn\u00e9 rostlinami!","robots":{"index":"index","follow":"follow","max-snippet":"max-snippet:-1","max-image-preview":"max-image-preview:large","max-video-preview":"max-video-preview:-1"},"canonical":"https:\/\/medicinasinc.com\/cs\/product\/destilat-tinktura-1000mg-thc-zelena-bohyne\/","og_locale":"en_US","og_type":"article","og_title":"Destil\u00e1t 1000mg THC Tinktura \u2013 Zelen\u00e1 bohyn\u011b \u2013 Nejlep\u0161\u00ed glob\u00e1ln\u00ed med","og_description":"N\u00e1\u0161 pr\u00e9miov\u00fd konopn\u00fd olej CBD Destilate 1000 mg THC Tinktura obsahuje 1000 mg CBD extrahovan\u00e9ho z organick\u00e9ho konop\u00ed p\u011bstovan\u00e9ho v Coloradu. U\u017e\u00edvejte tuto tinkturu denn\u011b pro wellness poh\u00e1n\u011bn\u00e9 rostlinami!","og_url":"https:\/\/medicinasinc.com\/cs\/product\/destilat-tinktura-1000mg-thc-zelena-bohyne\/","og_site_name":"Medicinas Inc","article_modified_time":"2022-03-14T13:12:15+00:00","og_image":[{"width":600,"height":600,"url":"https:\/\/medicinasinc.com\/cs\/wp-content\/uploads\/sites\/2\/2022\/02\/1000mg-THC-Tincture.jpg","type":"image\/jpeg"}],"twitter_card":"summary_large_image","twitter_misc":{"Est. reading time":"1 minute"},"schema":{"@context":"https:\/\/schema.org","@graph":[{"@type":"WebPage","@id":"https:\/\/medicinasinc.com\/cs\/product\/destilat-tinktura-1000mg-thc-zelena-bohyne\/","url":"https:\/\/medicinasinc.com\/cs\/product\/destilat-tinktura-1000mg-thc-zelena-bohyne\/","name":"Destil\u00e1t 1000mg THC Tinktura \u2013 Zelen\u00e1 bohyn\u011b \u2013 Nejlep\u0161\u00ed glob\u00e1ln\u00ed med","isPartOf":{"@id":"https:\/\/medicinasinc.com\/cs\/#website"},"primaryImageOfPage":{"@id":"https:\/\/medicinasinc.com\/cs\/product\/destilat-tinktura-1000mg-thc-zelena-bohyne\/#primaryimage"},"image":{"@id":"https:\/\/medicinasinc.com\/cs\/product\/destilat-tinktura-1000mg-thc-zelena-bohyne\/#primaryimage"},"thumbnailUrl":"https:\/\/medicinasinc.com\/cs\/wp-content\/uploads\/sites\/2\/2022\/02\/1000mg-THC-Tincture.jpg","datePublished":"2022-02-20T08:26:03+00:00","dateModified":"2022-03-14T13:12:15+00:00","description":"N\u00e1\u0161 pr\u00e9miov\u00fd konopn\u00fd olej CBD Destilate 1000 mg THC Tinktura obsahuje 1000 mg CBD extrahovan\u00e9ho z organick\u00e9ho konop\u00ed p\u011bstovan\u00e9ho v Coloradu. U\u017e\u00edvejte tuto tinkturu denn\u011b pro wellness poh\u00e1n\u011bn\u00e9 rostlinami!","breadcrumb":{"@id":"https:\/\/medicinasinc.com\/cs\/product\/destilat-tinktura-1000mg-thc-zelena-bohyne\/#breadcrumb"},"inLanguage":"en-US","potentialAction":[{"@type":"ReadAction","target":["https:\/\/medicinasinc.com\/cs\/product\/destilat-tinktura-1000mg-thc-zelena-bohyne\/"]}]},{"@type":"ImageObject","inLanguage":"en-US","@id":"https:\/\/medicinasinc.com\/cs\/product\/destilat-tinktura-1000mg-thc-zelena-bohyne\/#primaryimage","url":"https:\/\/medicinasinc.com\/cs\/wp-content\/uploads\/sites\/2\/2022\/02\/1000mg-THC-Tincture.jpg","contentUrl":"https:\/\/medicinasinc.com\/cs\/wp-content\/uploads\/sites\/2\/2022\/02\/1000mg-THC-Tincture.jpg","width":600,"height":600},{"@type":"BreadcrumbList","@id":"https:\/\/medicinasinc.com\/cs\/product\/destilat-tinktura-1000mg-thc-zelena-bohyne\/#breadcrumb","itemListElement":[{"@type":"ListItem","position":1,"name":"Obchod","item":"https:\/\/medicinasinc.com\/cs\/obchod\/"},{"@type":"ListItem","position":2,"name":"Tinktura destil\u00e1tu &#8211; 1000 mg THC \u2013 Zelen\u00e1 bohyn\u011b"}]},{"@type":"WebSite","@id":"https:\/\/medicinasinc.com\/cs\/#website","url":"https:\/\/medicinasinc.com\/cs\/","name":"Medicinas Inc","description":"Health Medical Clinic","potentialAction":[{"@type":"SearchAction","target":{"@type":"EntryPoint","urlTemplate":"https:\/\/medicinasinc.com\/cs\/?s={search_term_string}"},"query-input":{"@type":"PropertyValueSpecification","valueRequired":true,"valueName":"search_term_string"}}],"inLanguage":"en-US"}]}},"_links":{"self":[{"href":"https:\/\/medicinasinc.com\/cs\/wp-json\/wp\/v2\/product\/4327","targetHints":{"allow":["GET"]}}],"collection":[{"href":"https:\/\/medicinasinc.com\/cs\/wp-json\/wp\/v2\/product"}],"about":[{"href":"https:\/\/medicinasinc.com\/cs\/wp-json\/wp\/v2\/types\/product"}],"replies":[{"embeddable":true,"href":"https:\/\/medicinasinc.com\/cs\/wp-json\/wp\/v2\/comments?post=4327"}],"wp:featuredmedia":[{"embeddable":true,"href":"https:\/\/medicinasinc.com\/cs\/wp-json\/wp\/v2\/media\/4357"}],"wp:attachment":[{"href":"https:\/\/medicinasinc.com\/cs\/wp-json\/wp\/v2\/media?parent=4327"}],"wp:term":[{"taxonomy":"product_brand","embeddable":true,"href":"https:\/\/medicinasinc.com\/cs\/wp-json\/wp\/v2\/product_brand?post=4327"},{"taxonomy":"product_cat","embeddable":true,"href":"https:\/\/medicinasinc.com\/cs\/wp-json\/wp\/v2\/product_cat?post=4327"},{"taxonomy":"product_tag","embeddable":true,"href":"https:\/\/medicinasinc.com\/cs\/wp-json\/wp\/v2\/product_tag?post=4327"}],"curies":[{"name":"wp","href":"https:\/\/api.w.org\/{rel}","templated":true}]}}